{"id":5884,"date":"2023-06-08T08:52:33","date_gmt":"2023-06-08T08:52:33","guid":{"rendered":"https:\/\/etnoart.eu\/toode\/rongas-sahtlile\/"},"modified":"2025-04-05T13:34:34","modified_gmt":"2025-04-05T13:34:34","slug":"rengasvedin","status":"publish","type":"product","link":"https:\/\/etnoart.eu\/fi\/toode\/rengasvedin\/","title":{"rendered":"Rengasvedin laatikkoon"},"content":{"rendered":"<p>T\u00e4m\u00e4 k\u00e4sity\u00f6n\u00e4 taottu rengasvedin on perinteist\u00e4 sep\u00e4nty\u00f6t\u00e4 parhaimmillaan. Se on valmistettu seoster\u00e4ksest\u00e4, kuumennettu ja viimeistelty pellava\u00f6ljyll\u00e4 \u2013 menetelm\u00e4, jota kutsutaan mustaukseksi. \u00d6ljy palaa metallin pintaan j\u00e4tt\u00e4en siihen suojaavan kerroksen ja korostaen k\u00e4sintaotun pinnan el\u00e4vyytt\u00e4.<\/p>\n<p>Rengasvedin painaa 30 grammaa ja sen ulkohalkaisija on 3,5 cm. Se kiinnitet\u00e4\u00e4n oveen tai laatikkoon kahdella ruuvilla (ei sis\u00e4lly pakkaukseen). Asennuslevy on timantinmuotoinen ja se voidaan asentaa joko pystysuoraan tai vaakasuoraan \u2013 kuten parhaiten sopii kalusteen muotoiluun.<\/p>\n<p>Rengas liikkuu vapaasti alustassaan ja roikkuvassa asennossa sen korkein kohta on vain noin 1 cm pinnasta, joten se on erinomainen ratkaisu silloin, kun halutaan matalaprofiilinen vedin, joka ei ulotu liikaa ulos kalusteen pinnasta.<\/p>\n<p>Sopii erinomaisesti rustiikkiseen sisustukseen, vanhoihin rakennuksiin tai k\u00e4sity\u00f6kalusteiden valmistajille. Jokainen vedin on yksil\u00f6llinen \u2013 k\u00e4sity\u00f6 ei koskaan toistu t\u00e4ysin samanlaisena.<\/p>\n","protected":false},"excerpt":{"rendered":"<p>K\u00e4sity\u00f6n\u00e4 taottu mustattu rengasvedin oviin ja laatikoihin. Laadukas ja uniikki ratkaisu rustiikkiseen sisustukseen.<br \/>\n<strong>Tuotteen paino:<\/strong> 30g<br \/>\n<strong>Ulkohalkaisija:<\/strong> 3,5cm<br \/>\n<strong>Tuotteen viimeistely:<\/strong> \u00f6ljy\u00e4m\u00e4ll\u00e4 mustaus<\/p>\n","protected":false},"featured_media":5875,"template":"","meta":[],"product_brand":[],"product_cat":[388],"product_tag":[],"class_list":{"0":"post-5884","1":"product","2":"type-product","3":"status-publish","4":"has-post-thumbnail","6":"product_cat-ovenkahvat-ja-ovenkolkuttimet","7":"has-post-title","8":"has-post-date","9":"has-post-category","10":"has-post-tag","11":"has-post-comment","12":"has-post-author","13":"","15":"first","16":"instock","17":"taxable","18":"shipping-taxable","19":"purchasable","20":"product-type-simple"},"yoast_head":"<!-- This site is optimized with the Yoast SEO plugin v27.4 - https:\/\/yoast.com\/product\/yoast-seo-wordpress\/ -->\n<title>Rengasvedin laatikkoon |EtnoArt| Ovenkahvat ja ovenkolkuttimet<\/title>\n<meta name=\"description\" content=\"K\u00e4sity\u00f6n\u00e4 taottu mustattu rengasvedin oviin ja laatikoihin. Laadukas ja uniikki ratkaisu rustiikkiseen sisustukseen. \u00d6ljy\u00e4m\u00e4ll\u00e4 mustaus\" \/>\n<meta name=\"robots\" content=\"index, follow, max-snippet:-1, max-image-preview:large, max-video-preview:-1\" \/>\n<link rel=\"canonical\" href=\"https:\/\/etnoart.eu\/fi\/toode\/rengasvedin\/\" \/>\n<meta property=\"og:locale\" content=\"fi_FI\" \/>\n<meta property=\"og:type\" content=\"article\" \/>\n<meta property=\"og:title\" content=\"Rengasvedin laatikkoon |EtnoArt| Ovenkahvat ja ovenkolkuttimet\" \/>\n<meta property=\"og:description\" content=\"K\u00e4sity\u00f6n\u00e4 taottu mustattu rengasvedin oviin ja laatikoihin. Laadukas ja uniikki ratkaisu rustiikkiseen sisustukseen. \u00d6ljy\u00e4m\u00e4ll\u00e4 mustaus\" \/>\n<meta property=\"og:url\" content=\"https:\/\/etnoart.eu\/fi\/toode\/rengasvedin\/\" \/>\n<meta property=\"og:site_name\" content=\"Etnoart\" \/>\n<meta property=\"article:publisher\" content=\"https:\/\/www.facebook.com\/etnoart.handicraft.shop\" \/>\n<meta property=\"article:modified_time\" content=\"2025-04-05T13:34:34+00:00\" \/>\n<meta property=\"og:image\" content=\"https:\/\/etnoart.eu\/wp-content\/uploads\/2023\/06\/Rongas-sahtlile.png\" \/>\n\t<meta property=\"og:image:width\" content=\"1200\" \/>\n\t<meta property=\"og:image:height\" content=\"1200\" \/>\n\t<meta property=\"og:image:type\" content=\"image\/png\" \/>\n<meta name=\"twitter:card\" content=\"summary_large_image\" \/>\n<meta name=\"twitter:label1\" content=\"Arvioitu lukuaika\" \/>\n\t<meta name=\"twitter:data1\" content=\"1 minuutti\" \/>\n<script type=\"application\/ld+json\" class=\"yoast-schema-graph\">{\"@context\":\"https:\\\/\\\/schema.org\",\"@graph\":[{\"@type\":\"WebPage\",\"@id\":\"https:\\\/\\\/etnoart.eu\\\/fi\\\/toode\\\/rengasvedin\\\/\",\"url\":\"https:\\\/\\\/etnoart.eu\\\/fi\\\/toode\\\/rengasvedin\\\/\",\"name\":\"Rengasvedin laatikkoon |EtnoArt| Ovenkahvat ja ovenkolkuttimet\",\"isPartOf\":{\"@id\":\"https:\\\/\\\/etnoart.eu\\\/#website\"},\"primaryImageOfPage\":{\"@id\":\"https:\\\/\\\/etnoart.eu\\\/fi\\\/toode\\\/rengasvedin\\\/#primaryimage\"},\"image\":{\"@id\":\"https:\\\/\\\/etnoart.eu\\\/fi\\\/toode\\\/rengasvedin\\\/#primaryimage\"},\"thumbnailUrl\":\"https:\\\/\\\/etnoart.eu\\\/wp-content\\\/uploads\\\/2023\\\/06\\\/Rongas-sahtlile.png\",\"datePublished\":\"2023-06-08T08:52:33+00:00\",\"dateModified\":\"2025-04-05T13:34:34+00:00\",\"description\":\"K\u00e4sity\u00f6n\u00e4 taottu mustattu rengasvedin oviin ja laatikoihin. Laadukas ja uniikki ratkaisu rustiikkiseen sisustukseen. \u00d6ljy\u00e4m\u00e4ll\u00e4 mustaus\",\"breadcrumb\":{\"@id\":\"https:\\\/\\\/etnoart.eu\\\/fi\\\/toode\\\/rengasvedin\\\/#breadcrumb\"},\"inLanguage\":\"fi\",\"potentialAction\":[{\"@type\":\"ReadAction\",\"target\":[\"https:\\\/\\\/etnoart.eu\\\/fi\\\/toode\\\/rengasvedin\\\/\"]}]},{\"@type\":\"ImageObject\",\"inLanguage\":\"fi\",\"@id\":\"https:\\\/\\\/etnoart.eu\\\/fi\\\/toode\\\/rengasvedin\\\/#primaryimage\",\"url\":\"https:\\\/\\\/etnoart.eu\\\/wp-content\\\/uploads\\\/2023\\\/06\\\/Rongas-sahtlile.png\",\"contentUrl\":\"https:\\\/\\\/etnoart.eu\\\/wp-content\\\/uploads\\\/2023\\\/06\\\/Rongas-sahtlile.png\",\"width\":1200,\"height\":1200,\"caption\":\"Rengasvedin laatikkoon\"},{\"@type\":\"BreadcrumbList\",\"@id\":\"https:\\\/\\\/etnoart.eu\\\/fi\\\/toode\\\/rengasvedin\\\/#breadcrumb\",\"itemListElement\":[{\"@type\":\"ListItem\",\"position\":1,\"name\":\"Home\",\"item\":\"https:\\\/\\\/etnoart.eu\\\/fi\\\/\"},{\"@type\":\"ListItem\",\"position\":2,\"name\":\"Shop\",\"item\":\"https:\\\/\\\/etnoart.eu\\\/pood\\\/\"},{\"@type\":\"ListItem\",\"position\":3,\"name\":\"Rengasvedin laatikkoon\"}]},{\"@type\":\"WebSite\",\"@id\":\"https:\\\/\\\/etnoart.eu\\\/#website\",\"url\":\"https:\\\/\\\/etnoart.eu\\\/\",\"name\":\"Etnoart\",\"description\":\"K&auml;sit&ouml;&ouml;pood\",\"publisher\":{\"@id\":\"https:\\\/\\\/etnoart.eu\\\/#organization\"},\"potentialAction\":[{\"@type\":\"SearchAction\",\"target\":{\"@type\":\"EntryPoint\",\"urlTemplate\":\"https:\\\/\\\/etnoart.eu\\\/?s={search_term_string}\"},\"query-input\":{\"@type\":\"PropertyValueSpecification\",\"valueRequired\":true,\"valueName\":\"search_term_string\"}}],\"inLanguage\":\"fi\"},{\"@type\":\"Organization\",\"@id\":\"https:\\\/\\\/etnoart.eu\\\/#organization\",\"name\":\"Etnoart O\u00dc\",\"url\":\"https:\\\/\\\/etnoart.eu\\\/\",\"logo\":{\"@type\":\"ImageObject\",\"inLanguage\":\"fi\",\"@id\":\"https:\\\/\\\/etnoart.eu\\\/#\\\/schema\\\/logo\\\/image\\\/\",\"url\":\"https:\\\/\\\/etnoart.eu\\\/wp-content\\\/uploads\\\/2023\\\/06\\\/etnoart-logo.png\",\"contentUrl\":\"https:\\\/\\\/etnoart.eu\\\/wp-content\\\/uploads\\\/2023\\\/06\\\/etnoart-logo.png\",\"width\":491,\"height\":184,\"caption\":\"Etnoart O\u00dc\"},\"image\":{\"@id\":\"https:\\\/\\\/etnoart.eu\\\/#\\\/schema\\\/logo\\\/image\\\/\"},\"sameAs\":[\"https:\\\/\\\/www.facebook.com\\\/etnoart.handicraft.shop\"]}]}<\/script>\n<!-- \/ Yoast SEO plugin. -->","yoast_head_json":{"title":"Rengasvedin laatikkoon |EtnoArt| Ovenkahvat ja ovenkolkuttimet","description":"K\u00e4sity\u00f6n\u00e4 taottu mustattu rengasvedin oviin ja laatikoihin. Laadukas ja uniikki ratkaisu rustiikkiseen sisustukseen. \u00d6ljy\u00e4m\u00e4ll\u00e4 mustaus","robots":{"index":"index","follow":"follow","max-snippet":"max-snippet:-1","max-image-preview":"max-image-preview:large","max-video-preview":"max-video-preview:-1"},"canonical":"https:\/\/etnoart.eu\/fi\/toode\/rengasvedin\/","og_locale":"fi_FI","og_type":"article","og_title":"Rengasvedin laatikkoon |EtnoArt| Ovenkahvat ja ovenkolkuttimet","og_description":"K\u00e4sity\u00f6n\u00e4 taottu mustattu rengasvedin oviin ja laatikoihin. Laadukas ja uniikki ratkaisu rustiikkiseen sisustukseen. \u00d6ljy\u00e4m\u00e4ll\u00e4 mustaus","og_url":"https:\/\/etnoart.eu\/fi\/toode\/rengasvedin\/","og_site_name":"Etnoart","article_publisher":"https:\/\/www.facebook.com\/etnoart.handicraft.shop","article_modified_time":"2025-04-05T13:34:34+00:00","og_image":[{"width":1200,"height":1200,"url":"https:\/\/etnoart.eu\/wp-content\/uploads\/2023\/06\/Rongas-sahtlile.png","type":"image\/png"}],"twitter_card":"summary_large_image","twitter_misc":{"Arvioitu lukuaika":"1 minuutti"},"schema":{"@context":"https:\/\/schema.org","@graph":[{"@type":"WebPage","@id":"https:\/\/etnoart.eu\/fi\/toode\/rengasvedin\/","url":"https:\/\/etnoart.eu\/fi\/toode\/rengasvedin\/","name":"Rengasvedin laatikkoon |EtnoArt| Ovenkahvat ja ovenkolkuttimet","isPartOf":{"@id":"https:\/\/etnoart.eu\/#website"},"primaryImageOfPage":{"@id":"https:\/\/etnoart.eu\/fi\/toode\/rengasvedin\/#primaryimage"},"image":{"@id":"https:\/\/etnoart.eu\/fi\/toode\/rengasvedin\/#primaryimage"},"thumbnailUrl":"https:\/\/etnoart.eu\/wp-content\/uploads\/2023\/06\/Rongas-sahtlile.png","datePublished":"2023-06-08T08:52:33+00:00","dateModified":"2025-04-05T13:34:34+00:00","description":"K\u00e4sity\u00f6n\u00e4 taottu mustattu rengasvedin oviin ja laatikoihin. Laadukas ja uniikki ratkaisu rustiikkiseen sisustukseen. \u00d6ljy\u00e4m\u00e4ll\u00e4 mustaus","breadcrumb":{"@id":"https:\/\/etnoart.eu\/fi\/toode\/rengasvedin\/#breadcrumb"},"inLanguage":"fi","potentialAction":[{"@type":"ReadAction","target":["https:\/\/etnoart.eu\/fi\/toode\/rengasvedin\/"]}]},{"@type":"ImageObject","inLanguage":"fi","@id":"https:\/\/etnoart.eu\/fi\/toode\/rengasvedin\/#primaryimage","url":"https:\/\/etnoart.eu\/wp-content\/uploads\/2023\/06\/Rongas-sahtlile.png","contentUrl":"https:\/\/etnoart.eu\/wp-content\/uploads\/2023\/06\/Rongas-sahtlile.png","width":1200,"height":1200,"caption":"Rengasvedin laatikkoon"},{"@type":"BreadcrumbList","@id":"https:\/\/etnoart.eu\/fi\/toode\/rengasvedin\/#breadcrumb","itemListElement":[{"@type":"ListItem","position":1,"name":"Home","item":"https:\/\/etnoart.eu\/fi\/"},{"@type":"ListItem","position":2,"name":"Shop","item":"https:\/\/etnoart.eu\/pood\/"},{"@type":"ListItem","position":3,"name":"Rengasvedin laatikkoon"}]},{"@type":"WebSite","@id":"https:\/\/etnoart.eu\/#website","url":"https:\/\/etnoart.eu\/","name":"Etnoart","description":"K&auml;sit&ouml;&ouml;pood","publisher":{"@id":"https:\/\/etnoart.eu\/#organization"},"potentialAction":[{"@type":"SearchAction","target":{"@type":"EntryPoint","urlTemplate":"https:\/\/etnoart.eu\/?s={search_term_string}"},"query-input":{"@type":"PropertyValueSpecification","valueRequired":true,"valueName":"search_term_string"}}],"inLanguage":"fi"},{"@type":"Organization","@id":"https:\/\/etnoart.eu\/#organization","name":"Etnoart O\u00dc","url":"https:\/\/etnoart.eu\/","logo":{"@type":"ImageObject","inLanguage":"fi","@id":"https:\/\/etnoart.eu\/#\/schema\/logo\/image\/","url":"https:\/\/etnoart.eu\/wp-content\/uploads\/2023\/06\/etnoart-logo.png","contentUrl":"https:\/\/etnoart.eu\/wp-content\/uploads\/2023\/06\/etnoart-logo.png","width":491,"height":184,"caption":"Etnoart O\u00dc"},"image":{"@id":"https:\/\/etnoart.eu\/#\/schema\/logo\/image\/"},"sameAs":["https:\/\/www.facebook.com\/etnoart.handicraft.shop"]}]}},"builder_content":"","_links":{"self":[{"href":"https:\/\/etnoart.eu\/fi\/wp-json\/wp\/v2\/product\/5884","targetHints":{"allow":["GET"]}}],"collection":[{"href":"https:\/\/etnoart.eu\/fi\/wp-json\/wp\/v2\/product"}],"about":[{"href":"https:\/\/etnoart.eu\/fi\/wp-json\/wp\/v2\/types\/product"}],"wp:featuredmedia":[{"embeddable":true,"href":"https:\/\/etnoart.eu\/fi\/wp-json\/wp\/v2\/media\/5875"}],"wp:attachment":[{"href":"https:\/\/etnoart.eu\/fi\/wp-json\/wp\/v2\/media?parent=5884"}],"wp:term":[{"taxonomy":"product_brand","embeddable":true,"href":"https:\/\/etnoart.eu\/fi\/wp-json\/wp\/v2\/product_brand?post=5884"},{"taxonomy":"product_cat","embeddable":true,"href":"https:\/\/etnoart.eu\/fi\/wp-json\/wp\/v2\/product_cat?post=5884"},{"taxonomy":"product_tag","embeddable":true,"href":"https:\/\/etnoart.eu\/fi\/wp-json\/wp\/v2\/product_tag?post=5884"}],"curies":[{"name":"wp","href":"https:\/\/api.w.org\/{rel}","templated":true}]}}