{"id":5868,"date":"2023-06-08T08:52:33","date_gmt":"2023-06-08T08:52:33","guid":{"rendered":"https:\/\/etnoart.eu\/toode\/kapi-kaepide-2\/"},"modified":"2025-04-05T12:07:55","modified_gmt":"2025-04-05T12:07:55","slug":"taottu-kaapinvedin-3","status":"publish","type":"product","link":"https:\/\/etnoart.eu\/fi\/toode\/taottu-kaapinvedin-3\/","title":{"rendered":"Taottu kaapinvedin"},"content":{"rendered":"<p><strong>Taottu kaapinvedin<\/strong> on perinteisin k\u00e4sity\u00f6menetelmin valmistettu ainutlaatuinen vetokahva, joka sopii t\u00e4ydellisesti kaappeihin, pieniin oviin ja rustiikkisiin sisustuskohteisiin. Kahva on taottu kuumasta rautatangosta, johon on v\u00e4\u00e4nnetty koristeellinen kierrekuvio. P\u00e4\u00e4dyt on k\u00e4sin muotoiltu ja niihin on tehty munanmuotoiset p\u00e4\u00e4t, joissa on koristeelliset kuulan j\u00e4ljet ruuvinrei\u2019iss\u00e4 \u2013 yksityiskohdat, jotka tekev\u00e4t t\u00e4st\u00e4 tuotteesta aidosti erikoisen.<\/p>\n<p>Viimeistelyss\u00e4 k\u00e4ytet\u00e4\u00e4n perinteist\u00e4 mustaamista: kahva kuumennetaan ja kastetaan pellava\u00f6ljyyn, joka palaa raudan pinnalle j\u00e4tt\u00e4en siihen suojaavan, tumman kerroksen. T\u00e4m\u00e4 korostaa sepp\u00e4ty\u00f6n j\u00e4lke\u00e4, mutta ei tarjoa t\u00e4ydellist\u00e4 suojaa sateelta. Puhdistus onnistuu helposti \u00f6ljytyll\u00e4 liinalla.<\/p>\n<p>Kahva painaa 250 g, on 10 cm pitk\u00e4 ja ulottuu 4 cm sein\u00e4st\u00e4. Asennus tapahtuu kahdella ruuvilla (ruuvit eiv\u00e4t sis\u00e4lly toimitukseen).<\/p>\n<p>Miksi valita t\u00e4m\u00e4 Taottu kaapinvedin?<br \/>\nJokainen kahva on yksil\u00f6llinen ja t\u00e4ynn\u00e4 k\u00e4sity\u00f6n henke\u00e4. Sopii t\u00e4ydellisesti m\u00f6keille, maatiloille, k\u00e4sity\u00f6kalusteisiin ja muihin rustiikkisiin tiloihin, joissa arvostetaan aitoutta ja laatua.<\/p>\n<p>\ud83d\udd27 Tuotetiedot:<br \/>\nMateriaali: Taottu rauta, pellava\u00f6ljyviimeistely (mustaus)<\/p>\n<p>Mitat: 10 cm pitk\u00e4, 4 cm syv\u00e4, paino 250 g<\/p>\n<p>Asennus: 2 ruuvilla (ei sis\u00e4lly)<\/p>\n<p>K\u00e4ytt\u00f6alueet: Kaapit, pienet ovet, rustiikkiset huonekalut<\/p>\n<p>Edut: K\u00e4sin taottu, koristeellinen muotoilu, jokainen kappale on ainutlaatuinen<\/p>\n","protected":false},"excerpt":{"rendered":"<p>K\u00e4sintaottu kaapinvedin koristeellisella viimeistelyll\u00e4. Uniikki rustiikkinen kahva kaappeihin ja pieniin oviin \u2013 aitoa k\u00e4sity\u00f6t\u00e4.<br \/>\n<strong>Tuotteen korkeus:<\/strong> 4cm<br \/>\n<strong>Leveys:<\/strong> 10cm<br \/>\n<strong>Tuotteen paino:<\/strong> 25g<br \/>\n<strong>Tuotteen viimeistely:<\/strong> \u00f6ljy\u00e4m\u00e4ll\u00e4 mustaus<\/p>\n","protected":false},"featured_media":5864,"template":"","meta":[],"product_brand":[],"product_cat":[388],"product_tag":[],"class_list":{"0":"post-5868","1":"product","2":"type-product","3":"status-publish","4":"has-post-thumbnail","6":"product_cat-ovenkahvat-ja-ovenkolkuttimet","7":"has-post-title","8":"has-post-date","9":"has-post-category","10":"has-post-tag","11":"has-post-comment","12":"has-post-author","13":"","15":"first","16":"instock","17":"taxable","18":"shipping-taxable","19":"purchasable","20":"product-type-simple"},"yoast_head":"<!-- This site is optimized with the Yoast SEO plugin v27.4 - https:\/\/yoast.com\/product\/yoast-seo-wordpress\/ -->\n<title>Taottu kaapinvedin |EtnoArt| Ovenkahvat ja ovenkolkuttimet<\/title>\n<meta name=\"description\" content=\"Taottu kaapinvedin koristeellisella viimeistelyll\u00e4. Uniikki rustiikkinen kahva kaappeihin ja pieniin oviin \u2013 aitoa k\u00e4sity\u00f6t\u00e4.\" \/>\n<meta name=\"robots\" content=\"index, follow, max-snippet:-1, max-image-preview:large, max-video-preview:-1\" \/>\n<link rel=\"canonical\" href=\"https:\/\/etnoart.eu\/fi\/toode\/taottu-kaapinvedin-3\/\" \/>\n<meta property=\"og:locale\" content=\"fi_FI\" \/>\n<meta property=\"og:type\" content=\"article\" \/>\n<meta property=\"og:title\" content=\"Taottu kaapinvedin |EtnoArt| Ovenkahvat ja ovenkolkuttimet\" \/>\n<meta property=\"og:description\" content=\"Taottu kaapinvedin koristeellisella viimeistelyll\u00e4. Uniikki rustiikkinen kahva kaappeihin ja pieniin oviin \u2013 aitoa k\u00e4sity\u00f6t\u00e4.\" \/>\n<meta property=\"og:url\" content=\"https:\/\/etnoart.eu\/fi\/toode\/taottu-kaapinvedin-3\/\" \/>\n<meta property=\"og:site_name\" content=\"Etnoart\" \/>\n<meta property=\"article:publisher\" content=\"https:\/\/www.facebook.com\/etnoart.handicraft.shop\" \/>\n<meta property=\"article:modified_time\" content=\"2025-04-05T12:07:55+00:00\" \/>\n<meta property=\"og:image\" content=\"https:\/\/etnoart.eu\/wp-content\/uploads\/2023\/06\/Kapikaepide.png\" \/>\n\t<meta property=\"og:image:width\" content=\"1201\" \/>\n\t<meta property=\"og:image:height\" content=\"1201\" \/>\n\t<meta property=\"og:image:type\" content=\"image\/png\" \/>\n<meta name=\"twitter:card\" content=\"summary_large_image\" \/>\n<meta name=\"twitter:label1\" content=\"Arvioitu lukuaika\" \/>\n\t<meta name=\"twitter:data1\" content=\"2 minuuttia\" \/>\n<script type=\"application\/ld+json\" class=\"yoast-schema-graph\">{\"@context\":\"https:\\\/\\\/schema.org\",\"@graph\":[{\"@type\":\"WebPage\",\"@id\":\"https:\\\/\\\/etnoart.eu\\\/fi\\\/toode\\\/taottu-kaapinvedin-3\\\/\",\"url\":\"https:\\\/\\\/etnoart.eu\\\/fi\\\/toode\\\/taottu-kaapinvedin-3\\\/\",\"name\":\"Taottu kaapinvedin |EtnoArt| Ovenkahvat ja ovenkolkuttimet\",\"isPartOf\":{\"@id\":\"https:\\\/\\\/etnoart.eu\\\/#website\"},\"primaryImageOfPage\":{\"@id\":\"https:\\\/\\\/etnoart.eu\\\/fi\\\/toode\\\/taottu-kaapinvedin-3\\\/#primaryimage\"},\"image\":{\"@id\":\"https:\\\/\\\/etnoart.eu\\\/fi\\\/toode\\\/taottu-kaapinvedin-3\\\/#primaryimage\"},\"thumbnailUrl\":\"https:\\\/\\\/etnoart.eu\\\/wp-content\\\/uploads\\\/2023\\\/06\\\/Kapikaepide.png\",\"datePublished\":\"2023-06-08T08:52:33+00:00\",\"dateModified\":\"2025-04-05T12:07:55+00:00\",\"description\":\"Taottu kaapinvedin koristeellisella viimeistelyll\u00e4. Uniikki rustiikkinen kahva kaappeihin ja pieniin oviin \u2013 aitoa k\u00e4sity\u00f6t\u00e4.\",\"breadcrumb\":{\"@id\":\"https:\\\/\\\/etnoart.eu\\\/fi\\\/toode\\\/taottu-kaapinvedin-3\\\/#breadcrumb\"},\"inLanguage\":\"fi\",\"potentialAction\":[{\"@type\":\"ReadAction\",\"target\":[\"https:\\\/\\\/etnoart.eu\\\/fi\\\/toode\\\/taottu-kaapinvedin-3\\\/\"]}]},{\"@type\":\"ImageObject\",\"inLanguage\":\"fi\",\"@id\":\"https:\\\/\\\/etnoart.eu\\\/fi\\\/toode\\\/taottu-kaapinvedin-3\\\/#primaryimage\",\"url\":\"https:\\\/\\\/etnoart.eu\\\/wp-content\\\/uploads\\\/2023\\\/06\\\/Kapikaepide.png\",\"contentUrl\":\"https:\\\/\\\/etnoart.eu\\\/wp-content\\\/uploads\\\/2023\\\/06\\\/Kapikaepide.png\",\"width\":1201,\"height\":1201,\"caption\":\"Taottu kaapinvedin\"},{\"@type\":\"BreadcrumbList\",\"@id\":\"https:\\\/\\\/etnoart.eu\\\/fi\\\/toode\\\/taottu-kaapinvedin-3\\\/#breadcrumb\",\"itemListElement\":[{\"@type\":\"ListItem\",\"position\":1,\"name\":\"Home\",\"item\":\"https:\\\/\\\/etnoart.eu\\\/fi\\\/\"},{\"@type\":\"ListItem\",\"position\":2,\"name\":\"Shop\",\"item\":\"https:\\\/\\\/etnoart.eu\\\/pood\\\/\"},{\"@type\":\"ListItem\",\"position\":3,\"name\":\"Taottu kaapinvedin\"}]},{\"@type\":\"WebSite\",\"@id\":\"https:\\\/\\\/etnoart.eu\\\/#website\",\"url\":\"https:\\\/\\\/etnoart.eu\\\/\",\"name\":\"Etnoart\",\"description\":\"K&auml;sit&ouml;&ouml;pood\",\"publisher\":{\"@id\":\"https:\\\/\\\/etnoart.eu\\\/#organization\"},\"potentialAction\":[{\"@type\":\"SearchAction\",\"target\":{\"@type\":\"EntryPoint\",\"urlTemplate\":\"https:\\\/\\\/etnoart.eu\\\/?s={search_term_string}\"},\"query-input\":{\"@type\":\"PropertyValueSpecification\",\"valueRequired\":true,\"valueName\":\"search_term_string\"}}],\"inLanguage\":\"fi\"},{\"@type\":\"Organization\",\"@id\":\"https:\\\/\\\/etnoart.eu\\\/#organization\",\"name\":\"Etnoart O\u00dc\",\"url\":\"https:\\\/\\\/etnoart.eu\\\/\",\"logo\":{\"@type\":\"ImageObject\",\"inLanguage\":\"fi\",\"@id\":\"https:\\\/\\\/etnoart.eu\\\/#\\\/schema\\\/logo\\\/image\\\/\",\"url\":\"https:\\\/\\\/etnoart.eu\\\/wp-content\\\/uploads\\\/2023\\\/06\\\/etnoart-logo.png\",\"contentUrl\":\"https:\\\/\\\/etnoart.eu\\\/wp-content\\\/uploads\\\/2023\\\/06\\\/etnoart-logo.png\",\"width\":491,\"height\":184,\"caption\":\"Etnoart O\u00dc\"},\"image\":{\"@id\":\"https:\\\/\\\/etnoart.eu\\\/#\\\/schema\\\/logo\\\/image\\\/\"},\"sameAs\":[\"https:\\\/\\\/www.facebook.com\\\/etnoart.handicraft.shop\"]}]}<\/script>\n<!-- \/ Yoast SEO plugin. -->","yoast_head_json":{"title":"Taottu kaapinvedin |EtnoArt| Ovenkahvat ja ovenkolkuttimet","description":"Taottu kaapinvedin koristeellisella viimeistelyll\u00e4. Uniikki rustiikkinen kahva kaappeihin ja pieniin oviin \u2013 aitoa k\u00e4sity\u00f6t\u00e4.","robots":{"index":"index","follow":"follow","max-snippet":"max-snippet:-1","max-image-preview":"max-image-preview:large","max-video-preview":"max-video-preview:-1"},"canonical":"https:\/\/etnoart.eu\/fi\/toode\/taottu-kaapinvedin-3\/","og_locale":"fi_FI","og_type":"article","og_title":"Taottu kaapinvedin |EtnoArt| Ovenkahvat ja ovenkolkuttimet","og_description":"Taottu kaapinvedin koristeellisella viimeistelyll\u00e4. Uniikki rustiikkinen kahva kaappeihin ja pieniin oviin \u2013 aitoa k\u00e4sity\u00f6t\u00e4.","og_url":"https:\/\/etnoart.eu\/fi\/toode\/taottu-kaapinvedin-3\/","og_site_name":"Etnoart","article_publisher":"https:\/\/www.facebook.com\/etnoart.handicraft.shop","article_modified_time":"2025-04-05T12:07:55+00:00","og_image":[{"width":1201,"height":1201,"url":"https:\/\/etnoart.eu\/wp-content\/uploads\/2023\/06\/Kapikaepide.png","type":"image\/png"}],"twitter_card":"summary_large_image","twitter_misc":{"Arvioitu lukuaika":"2 minuuttia"},"schema":{"@context":"https:\/\/schema.org","@graph":[{"@type":"WebPage","@id":"https:\/\/etnoart.eu\/fi\/toode\/taottu-kaapinvedin-3\/","url":"https:\/\/etnoart.eu\/fi\/toode\/taottu-kaapinvedin-3\/","name":"Taottu kaapinvedin |EtnoArt| Ovenkahvat ja ovenkolkuttimet","isPartOf":{"@id":"https:\/\/etnoart.eu\/#website"},"primaryImageOfPage":{"@id":"https:\/\/etnoart.eu\/fi\/toode\/taottu-kaapinvedin-3\/#primaryimage"},"image":{"@id":"https:\/\/etnoart.eu\/fi\/toode\/taottu-kaapinvedin-3\/#primaryimage"},"thumbnailUrl":"https:\/\/etnoart.eu\/wp-content\/uploads\/2023\/06\/Kapikaepide.png","datePublished":"2023-06-08T08:52:33+00:00","dateModified":"2025-04-05T12:07:55+00:00","description":"Taottu kaapinvedin koristeellisella viimeistelyll\u00e4. Uniikki rustiikkinen kahva kaappeihin ja pieniin oviin \u2013 aitoa k\u00e4sity\u00f6t\u00e4.","breadcrumb":{"@id":"https:\/\/etnoart.eu\/fi\/toode\/taottu-kaapinvedin-3\/#breadcrumb"},"inLanguage":"fi","potentialAction":[{"@type":"ReadAction","target":["https:\/\/etnoart.eu\/fi\/toode\/taottu-kaapinvedin-3\/"]}]},{"@type":"ImageObject","inLanguage":"fi","@id":"https:\/\/etnoart.eu\/fi\/toode\/taottu-kaapinvedin-3\/#primaryimage","url":"https:\/\/etnoart.eu\/wp-content\/uploads\/2023\/06\/Kapikaepide.png","contentUrl":"https:\/\/etnoart.eu\/wp-content\/uploads\/2023\/06\/Kapikaepide.png","width":1201,"height":1201,"caption":"Taottu kaapinvedin"},{"@type":"BreadcrumbList","@id":"https:\/\/etnoart.eu\/fi\/toode\/taottu-kaapinvedin-3\/#breadcrumb","itemListElement":[{"@type":"ListItem","position":1,"name":"Home","item":"https:\/\/etnoart.eu\/fi\/"},{"@type":"ListItem","position":2,"name":"Shop","item":"https:\/\/etnoart.eu\/pood\/"},{"@type":"ListItem","position":3,"name":"Taottu kaapinvedin"}]},{"@type":"WebSite","@id":"https:\/\/etnoart.eu\/#website","url":"https:\/\/etnoart.eu\/","name":"Etnoart","description":"K&auml;sit&ouml;&ouml;pood","publisher":{"@id":"https:\/\/etnoart.eu\/#organization"},"potentialAction":[{"@type":"SearchAction","target":{"@type":"EntryPoint","urlTemplate":"https:\/\/etnoart.eu\/?s={search_term_string}"},"query-input":{"@type":"PropertyValueSpecification","valueRequired":true,"valueName":"search_term_string"}}],"inLanguage":"fi"},{"@type":"Organization","@id":"https:\/\/etnoart.eu\/#organization","name":"Etnoart O\u00dc","url":"https:\/\/etnoart.eu\/","logo":{"@type":"ImageObject","inLanguage":"fi","@id":"https:\/\/etnoart.eu\/#\/schema\/logo\/image\/","url":"https:\/\/etnoart.eu\/wp-content\/uploads\/2023\/06\/etnoart-logo.png","contentUrl":"https:\/\/etnoart.eu\/wp-content\/uploads\/2023\/06\/etnoart-logo.png","width":491,"height":184,"caption":"Etnoart O\u00dc"},"image":{"@id":"https:\/\/etnoart.eu\/#\/schema\/logo\/image\/"},"sameAs":["https:\/\/www.facebook.com\/etnoart.handicraft.shop"]}]}},"builder_content":"","_links":{"self":[{"href":"https:\/\/etnoart.eu\/fi\/wp-json\/wp\/v2\/product\/5868","targetHints":{"allow":["GET"]}}],"collection":[{"href":"https:\/\/etnoart.eu\/fi\/wp-json\/wp\/v2\/product"}],"about":[{"href":"https:\/\/etnoart.eu\/fi\/wp-json\/wp\/v2\/types\/product"}],"wp:featuredmedia":[{"embeddable":true,"href":"https:\/\/etnoart.eu\/fi\/wp-json\/wp\/v2\/media\/5864"}],"wp:attachment":[{"href":"https:\/\/etnoart.eu\/fi\/wp-json\/wp\/v2\/media?parent=5868"}],"wp:term":[{"taxonomy":"product_brand","embeddable":true,"href":"https:\/\/etnoart.eu\/fi\/wp-json\/wp\/v2\/product_brand?post=5868"},{"taxonomy":"product_cat","embeddable":true,"href":"https:\/\/etnoart.eu\/fi\/wp-json\/wp\/v2\/product_cat?post=5868"},{"taxonomy":"product_tag","embeddable":true,"href":"https:\/\/etnoart.eu\/fi\/wp-json\/wp\/v2\/product_tag?post=5868"}],"curies":[{"name":"wp","href":"https:\/\/api.w.org\/{rel}","templated":true}]}}