{"id":5736,"date":"2023-06-08T08:50:59","date_gmt":"2023-06-08T08:50:59","guid":{"rendered":"https:\/\/etnoart.eu\/toode\/kaepide-uksele-vint\/"},"modified":"2025-03-25T20:17:29","modified_gmt":"2025-03-25T20:17:29","slug":"taottu-ovenvedin-vint","status":"publish","type":"product","link":"https:\/\/etnoart.eu\/fi\/toode\/taottu-ovenvedin-vint\/","title":{"rendered":"Taottu ovenvedin \u201cVint\u201d"},"content":{"rendered":"<p><strong>Taottu ovenvedin \u201cVint\u201d<\/strong><\/p>\n<p>\u201cVint\u201d on k\u00e4sintaottu ovenvedin, joka tuo ovellesi vahvan k\u00e4sity\u00f6n ja rustiikkisen tunnelman. Se on valmistettu perinteisin menetelmin ammattitaitoisten seppien toimesta ja viimeistelty suojaavalla lakkapinnalla kest\u00e4vyyden takaamiseksi.<\/p>\n<p>Vedinkahva on 21 cm pitk\u00e4 ja painaa noin puoli kiloa, joten se sopii erinomaisesti suurempiin ja raskaampiin oviin \u2013 kuten saunan, aitan tai maalaistalon oviin. Kolmella ruuvilla (ei sis\u00e4lly toimitukseen) kiinnitett\u00e4v\u00e4 vedin pysyy tukevasti paikallaan ja kest\u00e4\u00e4 voimakastakin k\u00e4ytt\u00f6\u00e4.<\/p>\n<p>Kierretty rakenne ja taotut ruuvinpes\u00e4t tekev\u00e4t \u201cVintist\u00e4\u201d n\u00e4ytt\u00e4v\u00e4n ja yksil\u00f6llisen. T\u00e4ydellinen valinta niille, jotka arvostavat perinteist\u00e4 k\u00e4sity\u00f6t\u00e4 ja autenttista, laadukasta ilmett\u00e4.<\/p>\n","protected":false},"excerpt":{"rendered":"<p>Taottu ovenvedin \u201cVint\u201d \u2013 K\u00e4sintaottu ja lakattu ovenkahva, t\u00e4ydellinen saunaan, aittaan tai maalaistalon oveen.<br \/>\n<strong>Paino:<\/strong> 0,54 kg<br \/>\n<strong>Tuotteen korkeus:<\/strong> 9cm<br \/>\n<strong>Leveys:<\/strong> 21cm<br \/>\n<strong>Tuotteen viimeistely:<\/strong>Tuote on lakattu.<\/p>\n","protected":false},"featured_media":5743,"template":"","meta":[],"product_brand":[],"product_cat":[388],"product_tag":[],"class_list":{"0":"post-5736","1":"product","2":"type-product","3":"status-publish","4":"has-post-thumbnail","6":"product_cat-ovenkahvat-ja-ovenkolkuttimet","7":"has-post-title","8":"has-post-date","9":"has-post-category","10":"has-post-tag","11":"has-post-comment","12":"has-post-author","13":"","15":"first","16":"instock","17":"taxable","18":"shipping-taxable","19":"purchasable","20":"product-type-simple"},"yoast_head":"<!-- This site is optimized with the Yoast SEO plugin v27.4 - https:\/\/yoast.com\/product\/yoast-seo-wordpress\/ -->\n<title>Taottu ovenvedin \u201cVint\u201d |EtnoArt| Ovenkahvat ja ovenkolkuttimet<\/title>\n<meta name=\"description\" content=\"Taottu ovenvedin \u201cVint\u201d \u2013 K\u00e4sintaottu ja lakattu ovenkahva, t\u00e4ydellinen saunaan, aittaan tai maalaistalon oveen. Tuote on lakattu.\" \/>\n<meta name=\"robots\" content=\"index, follow, max-snippet:-1, max-image-preview:large, max-video-preview:-1\" \/>\n<link rel=\"canonical\" href=\"https:\/\/etnoart.eu\/fi\/toode\/taottu-ovenvedin-vint\/\" \/>\n<meta property=\"og:locale\" content=\"fi_FI\" \/>\n<meta property=\"og:type\" content=\"article\" \/>\n<meta property=\"og:title\" content=\"Taottu ovenvedin \u201cVint\u201d |EtnoArt| Ovenkahvat ja ovenkolkuttimet\" \/>\n<meta property=\"og:description\" content=\"Taottu ovenvedin \u201cVint\u201d \u2013 K\u00e4sintaottu ja lakattu ovenkahva, t\u00e4ydellinen saunaan, aittaan tai maalaistalon oveen. Tuote on lakattu.\" \/>\n<meta property=\"og:url\" content=\"https:\/\/etnoart.eu\/fi\/toode\/taottu-ovenvedin-vint\/\" \/>\n<meta property=\"og:site_name\" content=\"Etnoart\" \/>\n<meta property=\"article:publisher\" content=\"https:\/\/www.facebook.com\/etnoart.handicraft.shop\" \/>\n<meta property=\"article:modified_time\" content=\"2025-03-25T20:17:29+00:00\" \/>\n<meta property=\"og:image\" content=\"https:\/\/etnoart.eu\/wp-content\/uploads\/2023\/06\/Kaepide-uksele-Vint-Wrought-Iron-Door-Pull-Handle-Vint-Handgeschmiedeter-Turgriff-Taottu-ovenvedin.png\" \/>\n\t<meta property=\"og:image:width\" content=\"1097\" \/>\n\t<meta property=\"og:image:height\" content=\"1097\" \/>\n\t<meta property=\"og:image:type\" content=\"image\/png\" \/>\n<meta name=\"twitter:card\" content=\"summary_large_image\" \/>\n<meta name=\"twitter:label1\" content=\"Arvioitu lukuaika\" \/>\n\t<meta name=\"twitter:data1\" content=\"1 minuutti\" \/>\n<script type=\"application\/ld+json\" class=\"yoast-schema-graph\">{\"@context\":\"https:\\\/\\\/schema.org\",\"@graph\":[{\"@type\":\"WebPage\",\"@id\":\"https:\\\/\\\/etnoart.eu\\\/fi\\\/toode\\\/taottu-ovenvedin-vint\\\/\",\"url\":\"https:\\\/\\\/etnoart.eu\\\/fi\\\/toode\\\/taottu-ovenvedin-vint\\\/\",\"name\":\"Taottu ovenvedin \u201cVint\u201d |EtnoArt| Ovenkahvat ja ovenkolkuttimet\",\"isPartOf\":{\"@id\":\"https:\\\/\\\/etnoart.eu\\\/#website\"},\"primaryImageOfPage\":{\"@id\":\"https:\\\/\\\/etnoart.eu\\\/fi\\\/toode\\\/taottu-ovenvedin-vint\\\/#primaryimage\"},\"image\":{\"@id\":\"https:\\\/\\\/etnoart.eu\\\/fi\\\/toode\\\/taottu-ovenvedin-vint\\\/#primaryimage\"},\"thumbnailUrl\":\"https:\\\/\\\/etnoart.eu\\\/wp-content\\\/uploads\\\/2023\\\/06\\\/Kaepide-uksele-Vint-Wrought-Iron-Door-Pull-Handle-Vint-Handgeschmiedeter-Turgriff-Taottu-ovenvedin.png\",\"datePublished\":\"2023-06-08T08:50:59+00:00\",\"dateModified\":\"2025-03-25T20:17:29+00:00\",\"description\":\"Taottu ovenvedin \u201cVint\u201d \u2013 K\u00e4sintaottu ja lakattu ovenkahva, t\u00e4ydellinen saunaan, aittaan tai maalaistalon oveen. Tuote on lakattu.\",\"breadcrumb\":{\"@id\":\"https:\\\/\\\/etnoart.eu\\\/fi\\\/toode\\\/taottu-ovenvedin-vint\\\/#breadcrumb\"},\"inLanguage\":\"fi\",\"potentialAction\":[{\"@type\":\"ReadAction\",\"target\":[\"https:\\\/\\\/etnoart.eu\\\/fi\\\/toode\\\/taottu-ovenvedin-vint\\\/\"]}]},{\"@type\":\"ImageObject\",\"inLanguage\":\"fi\",\"@id\":\"https:\\\/\\\/etnoart.eu\\\/fi\\\/toode\\\/taottu-ovenvedin-vint\\\/#primaryimage\",\"url\":\"https:\\\/\\\/etnoart.eu\\\/wp-content\\\/uploads\\\/2023\\\/06\\\/Kaepide-uksele-Vint-Wrought-Iron-Door-Pull-Handle-Vint-Handgeschmiedeter-Turgriff-Taottu-ovenvedin.png\",\"contentUrl\":\"https:\\\/\\\/etnoart.eu\\\/wp-content\\\/uploads\\\/2023\\\/06\\\/Kaepide-uksele-Vint-Wrought-Iron-Door-Pull-Handle-Vint-Handgeschmiedeter-Turgriff-Taottu-ovenvedin.png\",\"width\":1097,\"height\":1097,\"caption\":\"Taottu ovenvedin \u201cVint\u201d\"},{\"@type\":\"BreadcrumbList\",\"@id\":\"https:\\\/\\\/etnoart.eu\\\/fi\\\/toode\\\/taottu-ovenvedin-vint\\\/#breadcrumb\",\"itemListElement\":[{\"@type\":\"ListItem\",\"position\":1,\"name\":\"Home\",\"item\":\"https:\\\/\\\/etnoart.eu\\\/fi\\\/\"},{\"@type\":\"ListItem\",\"position\":2,\"name\":\"Shop\",\"item\":\"https:\\\/\\\/etnoart.eu\\\/pood\\\/\"},{\"@type\":\"ListItem\",\"position\":3,\"name\":\"Taottu ovenvedin \u201cVint\u201d\"}]},{\"@type\":\"WebSite\",\"@id\":\"https:\\\/\\\/etnoart.eu\\\/#website\",\"url\":\"https:\\\/\\\/etnoart.eu\\\/\",\"name\":\"Etnoart\",\"description\":\"K&auml;sit&ouml;&ouml;pood\",\"publisher\":{\"@id\":\"https:\\\/\\\/etnoart.eu\\\/#organization\"},\"potentialAction\":[{\"@type\":\"SearchAction\",\"target\":{\"@type\":\"EntryPoint\",\"urlTemplate\":\"https:\\\/\\\/etnoart.eu\\\/?s={search_term_string}\"},\"query-input\":{\"@type\":\"PropertyValueSpecification\",\"valueRequired\":true,\"valueName\":\"search_term_string\"}}],\"inLanguage\":\"fi\"},{\"@type\":\"Organization\",\"@id\":\"https:\\\/\\\/etnoart.eu\\\/#organization\",\"name\":\"Etnoart O\u00dc\",\"url\":\"https:\\\/\\\/etnoart.eu\\\/\",\"logo\":{\"@type\":\"ImageObject\",\"inLanguage\":\"fi\",\"@id\":\"https:\\\/\\\/etnoart.eu\\\/#\\\/schema\\\/logo\\\/image\\\/\",\"url\":\"https:\\\/\\\/etnoart.eu\\\/wp-content\\\/uploads\\\/2023\\\/06\\\/etnoart-logo.png\",\"contentUrl\":\"https:\\\/\\\/etnoart.eu\\\/wp-content\\\/uploads\\\/2023\\\/06\\\/etnoart-logo.png\",\"width\":491,\"height\":184,\"caption\":\"Etnoart O\u00dc\"},\"image\":{\"@id\":\"https:\\\/\\\/etnoart.eu\\\/#\\\/schema\\\/logo\\\/image\\\/\"},\"sameAs\":[\"https:\\\/\\\/www.facebook.com\\\/etnoart.handicraft.shop\"]}]}<\/script>\n<!-- \/ Yoast SEO plugin. -->","yoast_head_json":{"title":"Taottu ovenvedin \u201cVint\u201d |EtnoArt| Ovenkahvat ja ovenkolkuttimet","description":"Taottu ovenvedin \u201cVint\u201d \u2013 K\u00e4sintaottu ja lakattu ovenkahva, t\u00e4ydellinen saunaan, aittaan tai maalaistalon oveen. Tuote on lakattu.","robots":{"index":"index","follow":"follow","max-snippet":"max-snippet:-1","max-image-preview":"max-image-preview:large","max-video-preview":"max-video-preview:-1"},"canonical":"https:\/\/etnoart.eu\/fi\/toode\/taottu-ovenvedin-vint\/","og_locale":"fi_FI","og_type":"article","og_title":"Taottu ovenvedin \u201cVint\u201d |EtnoArt| Ovenkahvat ja ovenkolkuttimet","og_description":"Taottu ovenvedin \u201cVint\u201d \u2013 K\u00e4sintaottu ja lakattu ovenkahva, t\u00e4ydellinen saunaan, aittaan tai maalaistalon oveen. Tuote on lakattu.","og_url":"https:\/\/etnoart.eu\/fi\/toode\/taottu-ovenvedin-vint\/","og_site_name":"Etnoart","article_publisher":"https:\/\/www.facebook.com\/etnoart.handicraft.shop","article_modified_time":"2025-03-25T20:17:29+00:00","og_image":[{"width":1097,"height":1097,"url":"https:\/\/etnoart.eu\/wp-content\/uploads\/2023\/06\/Kaepide-uksele-Vint-Wrought-Iron-Door-Pull-Handle-Vint-Handgeschmiedeter-Turgriff-Taottu-ovenvedin.png","type":"image\/png"}],"twitter_card":"summary_large_image","twitter_misc":{"Arvioitu lukuaika":"1 minuutti"},"schema":{"@context":"https:\/\/schema.org","@graph":[{"@type":"WebPage","@id":"https:\/\/etnoart.eu\/fi\/toode\/taottu-ovenvedin-vint\/","url":"https:\/\/etnoart.eu\/fi\/toode\/taottu-ovenvedin-vint\/","name":"Taottu ovenvedin \u201cVint\u201d |EtnoArt| Ovenkahvat ja ovenkolkuttimet","isPartOf":{"@id":"https:\/\/etnoart.eu\/#website"},"primaryImageOfPage":{"@id":"https:\/\/etnoart.eu\/fi\/toode\/taottu-ovenvedin-vint\/#primaryimage"},"image":{"@id":"https:\/\/etnoart.eu\/fi\/toode\/taottu-ovenvedin-vint\/#primaryimage"},"thumbnailUrl":"https:\/\/etnoart.eu\/wp-content\/uploads\/2023\/06\/Kaepide-uksele-Vint-Wrought-Iron-Door-Pull-Handle-Vint-Handgeschmiedeter-Turgriff-Taottu-ovenvedin.png","datePublished":"2023-06-08T08:50:59+00:00","dateModified":"2025-03-25T20:17:29+00:00","description":"Taottu ovenvedin \u201cVint\u201d \u2013 K\u00e4sintaottu ja lakattu ovenkahva, t\u00e4ydellinen saunaan, aittaan tai maalaistalon oveen. Tuote on lakattu.","breadcrumb":{"@id":"https:\/\/etnoart.eu\/fi\/toode\/taottu-ovenvedin-vint\/#breadcrumb"},"inLanguage":"fi","potentialAction":[{"@type":"ReadAction","target":["https:\/\/etnoart.eu\/fi\/toode\/taottu-ovenvedin-vint\/"]}]},{"@type":"ImageObject","inLanguage":"fi","@id":"https:\/\/etnoart.eu\/fi\/toode\/taottu-ovenvedin-vint\/#primaryimage","url":"https:\/\/etnoart.eu\/wp-content\/uploads\/2023\/06\/Kaepide-uksele-Vint-Wrought-Iron-Door-Pull-Handle-Vint-Handgeschmiedeter-Turgriff-Taottu-ovenvedin.png","contentUrl":"https:\/\/etnoart.eu\/wp-content\/uploads\/2023\/06\/Kaepide-uksele-Vint-Wrought-Iron-Door-Pull-Handle-Vint-Handgeschmiedeter-Turgriff-Taottu-ovenvedin.png","width":1097,"height":1097,"caption":"Taottu ovenvedin \u201cVint\u201d"},{"@type":"BreadcrumbList","@id":"https:\/\/etnoart.eu\/fi\/toode\/taottu-ovenvedin-vint\/#breadcrumb","itemListElement":[{"@type":"ListItem","position":1,"name":"Home","item":"https:\/\/etnoart.eu\/fi\/"},{"@type":"ListItem","position":2,"name":"Shop","item":"https:\/\/etnoart.eu\/pood\/"},{"@type":"ListItem","position":3,"name":"Taottu ovenvedin \u201cVint\u201d"}]},{"@type":"WebSite","@id":"https:\/\/etnoart.eu\/#website","url":"https:\/\/etnoart.eu\/","name":"Etnoart","description":"K&auml;sit&ouml;&ouml;pood","publisher":{"@id":"https:\/\/etnoart.eu\/#organization"},"potentialAction":[{"@type":"SearchAction","target":{"@type":"EntryPoint","urlTemplate":"https:\/\/etnoart.eu\/?s={search_term_string}"},"query-input":{"@type":"PropertyValueSpecification","valueRequired":true,"valueName":"search_term_string"}}],"inLanguage":"fi"},{"@type":"Organization","@id":"https:\/\/etnoart.eu\/#organization","name":"Etnoart O\u00dc","url":"https:\/\/etnoart.eu\/","logo":{"@type":"ImageObject","inLanguage":"fi","@id":"https:\/\/etnoart.eu\/#\/schema\/logo\/image\/","url":"https:\/\/etnoart.eu\/wp-content\/uploads\/2023\/06\/etnoart-logo.png","contentUrl":"https:\/\/etnoart.eu\/wp-content\/uploads\/2023\/06\/etnoart-logo.png","width":491,"height":184,"caption":"Etnoart O\u00dc"},"image":{"@id":"https:\/\/etnoart.eu\/#\/schema\/logo\/image\/"},"sameAs":["https:\/\/www.facebook.com\/etnoart.handicraft.shop"]}]}},"builder_content":"","_links":{"self":[{"href":"https:\/\/etnoart.eu\/fi\/wp-json\/wp\/v2\/product\/5736","targetHints":{"allow":["GET"]}}],"collection":[{"href":"https:\/\/etnoart.eu\/fi\/wp-json\/wp\/v2\/product"}],"about":[{"href":"https:\/\/etnoart.eu\/fi\/wp-json\/wp\/v2\/types\/product"}],"wp:featuredmedia":[{"embeddable":true,"href":"https:\/\/etnoart.eu\/fi\/wp-json\/wp\/v2\/media\/5743"}],"wp:attachment":[{"href":"https:\/\/etnoart.eu\/fi\/wp-json\/wp\/v2\/media?parent=5736"}],"wp:term":[{"taxonomy":"product_brand","embeddable":true,"href":"https:\/\/etnoart.eu\/fi\/wp-json\/wp\/v2\/product_brand?post=5736"},{"taxonomy":"product_cat","embeddable":true,"href":"https:\/\/etnoart.eu\/fi\/wp-json\/wp\/v2\/product_cat?post=5736"},{"taxonomy":"product_tag","embeddable":true,"href":"https:\/\/etnoart.eu\/fi\/wp-json\/wp\/v2\/product_tag?post=5736"}],"curies":[{"name":"wp","href":"https:\/\/api.w.org\/{rel}","templated":true}]}}