{"id":5671,"date":"2023-06-08T08:54:56","date_gmt":"2023-06-08T08:54:56","guid":{"rendered":"https:\/\/etnoart.eu\/toode\/nagi-kihvad\/"},"modified":"2025-03-19T10:19:18","modified_gmt":"2025-03-19T10:19:18","slug":"koukku-torahampaat","status":"publish","type":"product","link":"https:\/\/etnoart.eu\/fi\/toode\/koukku-torahampaat\/","title":{"rendered":"Koukku &#8221;Torahampaat&#8221;"},"content":{"rendered":"<p><strong>Koukku &#8221;Torahampaat&#8221;<\/strong> on saanut nimens\u00e4 kahdesta l\u00e4hekk\u00e4in olevasta koukusta, jotka muistuttavat torahampaita. T\u00e4m\u00e4 ainutlaatuisesti muotoiltu sein\u00e4koukku lis\u00e4\u00e4 tilaan sek\u00e4 persoonallisuutta ett\u00e4 k\u00e4yt\u00e4nn\u00f6llisyytt\u00e4. Koukkujen v\u00e4li on 10 cm, mik\u00e4 mahdollistaa kahden suuremman vaatteen tai asusteen helpon ripustamisen.<\/p>\n<p>T\u00e4m\u00e4 koukku on valmistettu laadukkaana sep\u00e4nty\u00f6n\u00e4, mik\u00e4 korostaa k\u00e4sity\u00f6n ja yksityiskohtien t\u00e4rkeytt\u00e4. Perinteinen taontatekniikka tekee koukusta kest\u00e4v\u00e4n ja vahvan samalla s\u00e4ilytt\u00e4en sen uniikin, k\u00e4sintehdyn ulkon\u00e4\u00f6n.<\/p>\n<p>Pinnalle on k\u00e4ytetty perinteist\u00e4 hapetusk\u00e4sittely\u00e4, joka antaa metallille syv\u00e4n, tumman s\u00e4vyn ja vintage-henkisen ilmeen. Hapetus my\u00f6s parantaa metallin kulutuskest\u00e4vyytt\u00e4 ja pident\u00e4\u00e4 koukun k\u00e4ytt\u00f6ik\u00e4\u00e4.<\/p>\n<p>&#8221;Torahampaat&#8221;-koukku toimii katseenvangitsijana yksitt\u00e4in sein\u00e4ll\u00e4 tai useampana yhdess\u00e4 luoden mielenkiintoisen ja dynaamisen sisustuselementin. Useamman koukun ryhmittely antaa mahdollisuuden monenlaisiin sisustusratkaisuihin ja luovuuden ilment\u00e4miseen.<\/p>\n<p>Sopii erinomaisesti eteiseen, makuuhuoneeseen, kylpyhuoneeseen tai vaatehuoneeseen. Tuplakoukku on t\u00e4ydellinen ratkaisu takkien, pyyhkeiden, avainten ja muiden esineiden j\u00e4rjestettyyn s\u00e4ilytykseen. Sen k\u00e4yt\u00e4nn\u00f6llisyyden lis\u00e4ksi se tuo tilaan tyyli\u00e4 ja persoonallisuutta, t\u00e4ydent\u00e4en sisustuksen kokonaisuutta.<\/p>\n<p>Yhteenvetona voidaan todeta, ett\u00e4 &#8221;Torahampaat&#8221;-koukku on silmiinpist\u00e4v\u00e4, k\u00e4yt\u00e4nn\u00f6llinen ja k\u00e4sity\u00f6n\u00e4 valmistettu sisustuselementti, joka tuo tilaan ainutlaatuisuutta ja eleganssia. Koukun harkittu muotoilu, sep\u00e4nty\u00f6n\u00e4 tehty valmistus ja hapetettu pinta tekev\u00e4t siit\u00e4 laadukkaan ja tyylikk\u00e4\u00e4n valinnan \u2013 sek\u00e4 yksitt\u00e4in ett\u00e4 ryhmiteltyn\u00e4.<\/p>\n","protected":false},"excerpt":{"rendered":"<p>K\u00e4sintaottu tuplakoukku vintage-hapetuksella. Kest\u00e4v\u00e4, tyylik\u00e4s ja t\u00e4ydellinen takeille, pyyhkeille tai avaimille. Sopii eteiseen, makuuhuoneeseen ja muihin tiloihin.<br \/>\n<strong>Paino:<\/strong> 0,1 kg<br \/>\n<strong>Leveys:<\/strong> 10cm<br \/>\n<strong>Tuotteen viimeistely:<\/strong> Tuote on vahattu. Viimeistelyss\u00e4 k\u00e4ytet\u00e4\u00e4n mehil\u00e4isvahaa tai parafiinia.<\/p>\n","protected":false},"featured_media":5672,"template":"","meta":[],"product_brand":[],"product_cat":[423],"product_tag":[],"class_list":{"0":"post-5671","1":"product","2":"type-product","3":"status-publish","4":"has-post-thumbnail","6":"product_cat-vaatetelineet-vaatetangot-koukut","7":"has-post-title","8":"has-post-date","9":"has-post-category","10":"has-post-tag","11":"has-post-comment","12":"has-post-author","13":"","15":"first","16":"instock","17":"taxable","18":"shipping-taxable","19":"purchasable","20":"product-type-simple"},"yoast_head":"<!-- This site is optimized with the Yoast SEO plugin v27.4 - https:\/\/yoast.com\/product\/yoast-seo-wordpress\/ -->\n<title>Koukku &quot;Torahampaat&quot; |EtnoArt| Erilaiset Vaatetelineet<\/title>\n<meta name=\"description\" content=\"K\u00e4sintaottu Koukku &quot;Torahampaat&quot; vintage-hapetuksella. Kest\u00e4v\u00e4, tyylik\u00e4s ja t\u00e4ydellinen takeille, pyyhkeille tai avaimille. Sopii eteiseen, makuuhuoneeseen\" \/>\n<meta name=\"robots\" content=\"index, follow, max-snippet:-1, max-image-preview:large, max-video-preview:-1\" \/>\n<link rel=\"canonical\" href=\"https:\/\/etnoart.eu\/fi\/toode\/koukku-torahampaat\/\" \/>\n<meta property=\"og:locale\" content=\"fi_FI\" \/>\n<meta property=\"og:type\" content=\"article\" \/>\n<meta property=\"og:title\" content=\"Koukku &quot;Torahampaat&quot; |EtnoArt| Erilaiset Vaatetelineet\" \/>\n<meta property=\"og:description\" content=\"K\u00e4sintaottu Koukku &quot;Torahampaat&quot; vintage-hapetuksella. Kest\u00e4v\u00e4, tyylik\u00e4s ja t\u00e4ydellinen takeille, pyyhkeille tai avaimille. Sopii eteiseen, makuuhuoneeseen\" \/>\n<meta property=\"og:url\" content=\"https:\/\/etnoart.eu\/fi\/toode\/koukku-torahampaat\/\" \/>\n<meta property=\"og:site_name\" content=\"Etnoart\" \/>\n<meta property=\"article:publisher\" content=\"https:\/\/www.facebook.com\/etnoart.handicraft.shop\" \/>\n<meta property=\"article:modified_time\" content=\"2025-03-19T10:19:18+00:00\" \/>\n<meta property=\"og:image\" content=\"https:\/\/etnoart.eu\/wp-content\/uploads\/2023\/06\/Nagi-Kihvad-Nagid-ja-lattnagid.png\" \/>\n\t<meta property=\"og:image:width\" content=\"700\" \/>\n\t<meta property=\"og:image:height\" content=\"700\" \/>\n\t<meta property=\"og:image:type\" content=\"image\/png\" \/>\n<meta name=\"twitter:card\" content=\"summary_large_image\" \/>\n<meta name=\"twitter:label1\" content=\"Arvioitu lukuaika\" \/>\n\t<meta name=\"twitter:data1\" content=\"2 minuuttia\" \/>\n<script type=\"application\/ld+json\" class=\"yoast-schema-graph\">{\"@context\":\"https:\\\/\\\/schema.org\",\"@graph\":[{\"@type\":\"WebPage\",\"@id\":\"https:\\\/\\\/etnoart.eu\\\/fi\\\/toode\\\/koukku-torahampaat\\\/\",\"url\":\"https:\\\/\\\/etnoart.eu\\\/fi\\\/toode\\\/koukku-torahampaat\\\/\",\"name\":\"Koukku \\\"Torahampaat\\\" |EtnoArt| Erilaiset Vaatetelineet\",\"isPartOf\":{\"@id\":\"https:\\\/\\\/etnoart.eu\\\/#website\"},\"primaryImageOfPage\":{\"@id\":\"https:\\\/\\\/etnoart.eu\\\/fi\\\/toode\\\/koukku-torahampaat\\\/#primaryimage\"},\"image\":{\"@id\":\"https:\\\/\\\/etnoart.eu\\\/fi\\\/toode\\\/koukku-torahampaat\\\/#primaryimage\"},\"thumbnailUrl\":\"https:\\\/\\\/etnoart.eu\\\/wp-content\\\/uploads\\\/2023\\\/06\\\/Nagi-Kihvad-Nagid-ja-lattnagid.png\",\"datePublished\":\"2023-06-08T08:54:56+00:00\",\"dateModified\":\"2025-03-19T10:19:18+00:00\",\"description\":\"K\u00e4sintaottu Koukku \\\"Torahampaat\\\" vintage-hapetuksella. Kest\u00e4v\u00e4, tyylik\u00e4s ja t\u00e4ydellinen takeille, pyyhkeille tai avaimille. Sopii eteiseen, makuuhuoneeseen\",\"breadcrumb\":{\"@id\":\"https:\\\/\\\/etnoart.eu\\\/fi\\\/toode\\\/koukku-torahampaat\\\/#breadcrumb\"},\"inLanguage\":\"fi\",\"potentialAction\":[{\"@type\":\"ReadAction\",\"target\":[\"https:\\\/\\\/etnoart.eu\\\/fi\\\/toode\\\/koukku-torahampaat\\\/\"]}]},{\"@type\":\"ImageObject\",\"inLanguage\":\"fi\",\"@id\":\"https:\\\/\\\/etnoart.eu\\\/fi\\\/toode\\\/koukku-torahampaat\\\/#primaryimage\",\"url\":\"https:\\\/\\\/etnoart.eu\\\/wp-content\\\/uploads\\\/2023\\\/06\\\/Nagi-Kihvad-Nagid-ja-lattnagid.png\",\"contentUrl\":\"https:\\\/\\\/etnoart.eu\\\/wp-content\\\/uploads\\\/2023\\\/06\\\/Nagi-Kihvad-Nagid-ja-lattnagid.png\",\"width\":700,\"height\":700,\"caption\":\"Koukku \\\"Torahampaat\\\"\"},{\"@type\":\"BreadcrumbList\",\"@id\":\"https:\\\/\\\/etnoart.eu\\\/fi\\\/toode\\\/koukku-torahampaat\\\/#breadcrumb\",\"itemListElement\":[{\"@type\":\"ListItem\",\"position\":1,\"name\":\"Home\",\"item\":\"https:\\\/\\\/etnoart.eu\\\/fi\\\/\"},{\"@type\":\"ListItem\",\"position\":2,\"name\":\"Shop\",\"item\":\"https:\\\/\\\/etnoart.eu\\\/pood\\\/\"},{\"@type\":\"ListItem\",\"position\":3,\"name\":\"Koukku &#8220;Torahampaat&#8221;\"}]},{\"@type\":\"WebSite\",\"@id\":\"https:\\\/\\\/etnoart.eu\\\/#website\",\"url\":\"https:\\\/\\\/etnoart.eu\\\/\",\"name\":\"Etnoart\",\"description\":\"K&auml;sit&ouml;&ouml;pood\",\"publisher\":{\"@id\":\"https:\\\/\\\/etnoart.eu\\\/#organization\"},\"potentialAction\":[{\"@type\":\"SearchAction\",\"target\":{\"@type\":\"EntryPoint\",\"urlTemplate\":\"https:\\\/\\\/etnoart.eu\\\/?s={search_term_string}\"},\"query-input\":{\"@type\":\"PropertyValueSpecification\",\"valueRequired\":true,\"valueName\":\"search_term_string\"}}],\"inLanguage\":\"fi\"},{\"@type\":\"Organization\",\"@id\":\"https:\\\/\\\/etnoart.eu\\\/#organization\",\"name\":\"Etnoart O\u00dc\",\"url\":\"https:\\\/\\\/etnoart.eu\\\/\",\"logo\":{\"@type\":\"ImageObject\",\"inLanguage\":\"fi\",\"@id\":\"https:\\\/\\\/etnoart.eu\\\/#\\\/schema\\\/logo\\\/image\\\/\",\"url\":\"https:\\\/\\\/etnoart.eu\\\/wp-content\\\/uploads\\\/2023\\\/06\\\/etnoart-logo.png\",\"contentUrl\":\"https:\\\/\\\/etnoart.eu\\\/wp-content\\\/uploads\\\/2023\\\/06\\\/etnoart-logo.png\",\"width\":491,\"height\":184,\"caption\":\"Etnoart O\u00dc\"},\"image\":{\"@id\":\"https:\\\/\\\/etnoart.eu\\\/#\\\/schema\\\/logo\\\/image\\\/\"},\"sameAs\":[\"https:\\\/\\\/www.facebook.com\\\/etnoart.handicraft.shop\"]}]}<\/script>\n<!-- \/ Yoast SEO plugin. -->","yoast_head_json":{"title":"Koukku \"Torahampaat\" |EtnoArt| Erilaiset Vaatetelineet","description":"K\u00e4sintaottu Koukku \"Torahampaat\" vintage-hapetuksella. Kest\u00e4v\u00e4, tyylik\u00e4s ja t\u00e4ydellinen takeille, pyyhkeille tai avaimille. Sopii eteiseen, makuuhuoneeseen","robots":{"index":"index","follow":"follow","max-snippet":"max-snippet:-1","max-image-preview":"max-image-preview:large","max-video-preview":"max-video-preview:-1"},"canonical":"https:\/\/etnoart.eu\/fi\/toode\/koukku-torahampaat\/","og_locale":"fi_FI","og_type":"article","og_title":"Koukku \"Torahampaat\" |EtnoArt| Erilaiset Vaatetelineet","og_description":"K\u00e4sintaottu Koukku \"Torahampaat\" vintage-hapetuksella. Kest\u00e4v\u00e4, tyylik\u00e4s ja t\u00e4ydellinen takeille, pyyhkeille tai avaimille. Sopii eteiseen, makuuhuoneeseen","og_url":"https:\/\/etnoart.eu\/fi\/toode\/koukku-torahampaat\/","og_site_name":"Etnoart","article_publisher":"https:\/\/www.facebook.com\/etnoart.handicraft.shop","article_modified_time":"2025-03-19T10:19:18+00:00","og_image":[{"width":700,"height":700,"url":"https:\/\/etnoart.eu\/wp-content\/uploads\/2023\/06\/Nagi-Kihvad-Nagid-ja-lattnagid.png","type":"image\/png"}],"twitter_card":"summary_large_image","twitter_misc":{"Arvioitu lukuaika":"2 minuuttia"},"schema":{"@context":"https:\/\/schema.org","@graph":[{"@type":"WebPage","@id":"https:\/\/etnoart.eu\/fi\/toode\/koukku-torahampaat\/","url":"https:\/\/etnoart.eu\/fi\/toode\/koukku-torahampaat\/","name":"Koukku \"Torahampaat\" |EtnoArt| Erilaiset Vaatetelineet","isPartOf":{"@id":"https:\/\/etnoart.eu\/#website"},"primaryImageOfPage":{"@id":"https:\/\/etnoart.eu\/fi\/toode\/koukku-torahampaat\/#primaryimage"},"image":{"@id":"https:\/\/etnoart.eu\/fi\/toode\/koukku-torahampaat\/#primaryimage"},"thumbnailUrl":"https:\/\/etnoart.eu\/wp-content\/uploads\/2023\/06\/Nagi-Kihvad-Nagid-ja-lattnagid.png","datePublished":"2023-06-08T08:54:56+00:00","dateModified":"2025-03-19T10:19:18+00:00","description":"K\u00e4sintaottu Koukku \"Torahampaat\" vintage-hapetuksella. Kest\u00e4v\u00e4, tyylik\u00e4s ja t\u00e4ydellinen takeille, pyyhkeille tai avaimille. Sopii eteiseen, makuuhuoneeseen","breadcrumb":{"@id":"https:\/\/etnoart.eu\/fi\/toode\/koukku-torahampaat\/#breadcrumb"},"inLanguage":"fi","potentialAction":[{"@type":"ReadAction","target":["https:\/\/etnoart.eu\/fi\/toode\/koukku-torahampaat\/"]}]},{"@type":"ImageObject","inLanguage":"fi","@id":"https:\/\/etnoart.eu\/fi\/toode\/koukku-torahampaat\/#primaryimage","url":"https:\/\/etnoart.eu\/wp-content\/uploads\/2023\/06\/Nagi-Kihvad-Nagid-ja-lattnagid.png","contentUrl":"https:\/\/etnoart.eu\/wp-content\/uploads\/2023\/06\/Nagi-Kihvad-Nagid-ja-lattnagid.png","width":700,"height":700,"caption":"Koukku \"Torahampaat\""},{"@type":"BreadcrumbList","@id":"https:\/\/etnoart.eu\/fi\/toode\/koukku-torahampaat\/#breadcrumb","itemListElement":[{"@type":"ListItem","position":1,"name":"Home","item":"https:\/\/etnoart.eu\/fi\/"},{"@type":"ListItem","position":2,"name":"Shop","item":"https:\/\/etnoart.eu\/pood\/"},{"@type":"ListItem","position":3,"name":"Koukku &#8220;Torahampaat&#8221;"}]},{"@type":"WebSite","@id":"https:\/\/etnoart.eu\/#website","url":"https:\/\/etnoart.eu\/","name":"Etnoart","description":"K&auml;sit&ouml;&ouml;pood","publisher":{"@id":"https:\/\/etnoart.eu\/#organization"},"potentialAction":[{"@type":"SearchAction","target":{"@type":"EntryPoint","urlTemplate":"https:\/\/etnoart.eu\/?s={search_term_string}"},"query-input":{"@type":"PropertyValueSpecification","valueRequired":true,"valueName":"search_term_string"}}],"inLanguage":"fi"},{"@type":"Organization","@id":"https:\/\/etnoart.eu\/#organization","name":"Etnoart O\u00dc","url":"https:\/\/etnoart.eu\/","logo":{"@type":"ImageObject","inLanguage":"fi","@id":"https:\/\/etnoart.eu\/#\/schema\/logo\/image\/","url":"https:\/\/etnoart.eu\/wp-content\/uploads\/2023\/06\/etnoart-logo.png","contentUrl":"https:\/\/etnoart.eu\/wp-content\/uploads\/2023\/06\/etnoart-logo.png","width":491,"height":184,"caption":"Etnoart O\u00dc"},"image":{"@id":"https:\/\/etnoart.eu\/#\/schema\/logo\/image\/"},"sameAs":["https:\/\/www.facebook.com\/etnoart.handicraft.shop"]}]}},"builder_content":"","_links":{"self":[{"href":"https:\/\/etnoart.eu\/fi\/wp-json\/wp\/v2\/product\/5671","targetHints":{"allow":["GET"]}}],"collection":[{"href":"https:\/\/etnoart.eu\/fi\/wp-json\/wp\/v2\/product"}],"about":[{"href":"https:\/\/etnoart.eu\/fi\/wp-json\/wp\/v2\/types\/product"}],"wp:featuredmedia":[{"embeddable":true,"href":"https:\/\/etnoart.eu\/fi\/wp-json\/wp\/v2\/media\/5672"}],"wp:attachment":[{"href":"https:\/\/etnoart.eu\/fi\/wp-json\/wp\/v2\/media?parent=5671"}],"wp:term":[{"taxonomy":"product_brand","embeddable":true,"href":"https:\/\/etnoart.eu\/fi\/wp-json\/wp\/v2\/product_brand?post=5671"},{"taxonomy":"product_cat","embeddable":true,"href":"https:\/\/etnoart.eu\/fi\/wp-json\/wp\/v2\/product_cat?post=5671"},{"taxonomy":"product_tag","embeddable":true,"href":"https:\/\/etnoart.eu\/fi\/wp-json\/wp\/v2\/product_tag?post=5671"}],"curies":[{"name":"wp","href":"https:\/\/api.w.org\/{rel}","templated":true}]}}