{"id":5625,"date":"2023-06-08T08:54:31","date_gmt":"2023-06-08T08:54:31","guid":{"rendered":"https:\/\/etnoart.eu\/toode\/riidenagi-seinale\/"},"modified":"2025-03-18T17:25:54","modified_gmt":"2025-03-18T17:25:54","slug":"seinaan-kiinnitettava-kasintaottu-naulakko","status":"publish","type":"product","link":"https:\/\/etnoart.eu\/fi\/toode\/seinaan-kiinnitettava-kasintaottu-naulakko\/","title":{"rendered":"Sein\u00e4\u00e4n kiinnitett\u00e4v\u00e4 k\u00e4sintaottu naulakko"},"content":{"rendered":"<p>Sein\u00e4\u00e4n kiinnitett\u00e4v\u00e4 k\u00e4sintaottu naulakko \u2013 Rustiikkinen ja k\u00e4yt\u00e4nn\u00f6llinen<br \/>\nLaatuty\u00f6t\u00e4 &#038; kest\u00e4vi\u00e4 materiaaleja<br \/>\nT\u00e4m\u00e4 sein\u00e4\u00e4n kiinnitett\u00e4v\u00e4 k\u00e4sity\u00f6n\u00e4 valmistettu naulakko yhdist\u00e4\u00e4 perinteisen sep\u00e4nty\u00f6n ja huolellisesti k\u00e4sitellyn puun. Kuusi k\u00e4sintaottua metallikoukkua on kiinnitetty \u00f6ljyttyyn puiseen taustalevyyn, luoden ainutlaatuisen ja tyylikk\u00e4\u00e4n kokonaisuuden.<\/p>\n<p>Sopii mihin tahansa sisustukseen<br \/>\nSen rouhea ja luonnollinen muotoilu tekee siit\u00e4 t\u00e4ydellisen lis\u00e4n eteisiin, saunoihin, keitti\u00f6ihin ja m\u00f6kkeihin. Se tuo tilaan maalaismaisen mutta ajattoman tunnelman.<\/p>\n<p>Tukeva ja pitk\u00e4ik\u00e4inen<br \/>\nTukeva sep\u00e4nty\u00f6n\u00e4 taottu rakenne kest\u00e4\u00e4 hyvin painavampia takkeja ja laukkuja. \u00d6ljytty puupinta takaa kest\u00e4vyyden ja s\u00e4ilytt\u00e4\u00e4 kauniin ilmeens\u00e4 pitk\u00e4\u00e4n.<\/p>\n<p>Helppo kiinnitys<br \/>\nKiinnitet\u00e4\u00e4n sein\u00e4ruuveilla (eiv\u00e4t sis\u00e4lly pakkaukseen), varmistaen turvallisen ja vakaan asennuksen.<\/p>\n<p>Miksi valita t\u00e4m\u00e4 Sein\u00e4\u00e4n kiinnitett\u00e4v\u00e4 k\u00e4sintaottu naulakko?<br \/>\n\u2714 K\u00e4sintaottu \u2013 jokainen kappale on yksil\u00f6llinen<br \/>\n\u2714 Vahva ja kest\u00e4v\u00e4 \u2013 t\u00e4ydellinen takeille ja asusteille<br \/>\n\u2714 Sopii moniin sisustustyyleihin \u2013 maalaishenkinen tai moderni<br \/>\n\u2714 Helppo asentaa kahdella ruuvilla<\/p>\n<p>Tuotetiedot:<br \/>\nMateriaali: \u00d6ljytty puu, lakattu metalli<br \/>\nLeveys: 65 cm<br \/>\nPaino: 3 kg<br \/>\nAsennus: Sein\u00e4\u00e4n kiinnitett\u00e4v\u00e4 (ruuvit eiv\u00e4t sis\u00e4lly)<br \/>\nV\u00e4ri: Tummanruskea puu, mustat koukut<\/p>\n","protected":false},"excerpt":{"rendered":"<p>Rustiikkinen sein\u00e4naulakko k\u00e4sintaotuilla koukuilla. T\u00e4ydellinen eteiseen, saunaan tai m\u00f6kille. Kest\u00e4v\u00e4, tyylik\u00e4s ja helppo asentaa<br \/>\n<strong>Paino:<\/strong> 3 kg<br \/>\n<strong>Leveys:<\/strong> 65cm<br \/>\n<strong>Tuotteen korkeus:<\/strong> 15cm<\/p>\n","protected":false},"featured_media":5626,"template":"","meta":[],"product_brand":[],"product_cat":[423],"product_tag":[807,796,797],"class_list":{"0":"post-5625","1":"product","2":"type-product","3":"status-publish","4":"has-post-thumbnail","6":"product_cat-vaatetelineet-vaatetangot-koukut","7":"product_tag-nagi-seinale-fi","8":"product_tag-riidenagi-seinale-fi","9":"product_tag-sepistatud-nagi-fi","10":"has-post-title","11":"has-post-date","12":"has-post-category","13":"has-post-tag","14":"has-post-comment","15":"has-post-author","16":"","18":"first","19":"instock","20":"taxable","21":"shipping-taxable","22":"purchasable","23":"product-type-simple"},"yoast_head":"<!-- This site is optimized with the Yoast SEO plugin v27.3 - https:\/\/yoast.com\/product\/yoast-seo-wordpress\/ -->\n<title>Sein\u00e4\u00e4n kiinnitett\u00e4v\u00e4 k\u00e4sintaottu naulakko |EtnoArt| Vaatetangot<\/title>\n<meta name=\"description\" content=\"Rustiikkinen Sein\u00e4\u00e4n kiinnitett\u00e4v\u00e4 k\u00e4sintaottu naulakko. T\u00e4ydellinen eteiseen, saunaan tai m\u00f6kille. Kest\u00e4v\u00e4, tyylik\u00e4s ja helppo asentaa\" \/>\n<meta name=\"robots\" content=\"index, follow, max-snippet:-1, max-image-preview:large, max-video-preview:-1\" \/>\n<link rel=\"canonical\" href=\"https:\/\/etnoart.eu\/fi\/toode\/seinaan-kiinnitettava-kasintaottu-naulakko\/\" \/>\n<meta property=\"og:locale\" content=\"fi_FI\" \/>\n<meta property=\"og:type\" content=\"article\" \/>\n<meta property=\"og:title\" content=\"Sein\u00e4\u00e4n kiinnitett\u00e4v\u00e4 k\u00e4sintaottu naulakko |EtnoArt| Vaatetangot\" \/>\n<meta property=\"og:description\" content=\"Rustiikkinen Sein\u00e4\u00e4n kiinnitett\u00e4v\u00e4 k\u00e4sintaottu naulakko. T\u00e4ydellinen eteiseen, saunaan tai m\u00f6kille. Kest\u00e4v\u00e4, tyylik\u00e4s ja helppo asentaa\" \/>\n<meta property=\"og:url\" content=\"https:\/\/etnoart.eu\/fi\/toode\/seinaan-kiinnitettava-kasintaottu-naulakko\/\" \/>\n<meta property=\"og:site_name\" content=\"Etnoart\" \/>\n<meta property=\"article:publisher\" content=\"https:\/\/www.facebook.com\/etnoart.handicraft.shop\" \/>\n<meta property=\"article:modified_time\" content=\"2025-03-18T17:25:54+00:00\" \/>\n<meta property=\"og:image\" content=\"https:\/\/etnoart.eu\/wp-content\/uploads\/2023\/06\/Riidenagi-seinale-Coat-Rack-with-6-hooks.png\" \/>\n\t<meta property=\"og:image:width\" content=\"999\" \/>\n\t<meta property=\"og:image:height\" content=\"999\" \/>\n\t<meta property=\"og:image:type\" content=\"image\/png\" \/>\n<meta name=\"twitter:card\" content=\"summary_large_image\" \/>\n<meta name=\"twitter:label1\" content=\"Arvioitu lukuaika\" \/>\n\t<meta name=\"twitter:data1\" content=\"2 minuuttia\" \/>\n<script type=\"application\/ld+json\" class=\"yoast-schema-graph\">{\"@context\":\"https:\\\/\\\/schema.org\",\"@graph\":[{\"@type\":\"WebPage\",\"@id\":\"https:\\\/\\\/etnoart.eu\\\/fi\\\/toode\\\/seinaan-kiinnitettava-kasintaottu-naulakko\\\/\",\"url\":\"https:\\\/\\\/etnoart.eu\\\/fi\\\/toode\\\/seinaan-kiinnitettava-kasintaottu-naulakko\\\/\",\"name\":\"Sein\u00e4\u00e4n kiinnitett\u00e4v\u00e4 k\u00e4sintaottu naulakko |EtnoArt| Vaatetangot\",\"isPartOf\":{\"@id\":\"https:\\\/\\\/etnoart.eu\\\/#website\"},\"primaryImageOfPage\":{\"@id\":\"https:\\\/\\\/etnoart.eu\\\/fi\\\/toode\\\/seinaan-kiinnitettava-kasintaottu-naulakko\\\/#primaryimage\"},\"image\":{\"@id\":\"https:\\\/\\\/etnoart.eu\\\/fi\\\/toode\\\/seinaan-kiinnitettava-kasintaottu-naulakko\\\/#primaryimage\"},\"thumbnailUrl\":\"https:\\\/\\\/etnoart.eu\\\/wp-content\\\/uploads\\\/2023\\\/06\\\/Riidenagi-seinale-Coat-Rack-with-6-hooks.png\",\"datePublished\":\"2023-06-08T08:54:31+00:00\",\"dateModified\":\"2025-03-18T17:25:54+00:00\",\"description\":\"Rustiikkinen Sein\u00e4\u00e4n kiinnitett\u00e4v\u00e4 k\u00e4sintaottu naulakko. T\u00e4ydellinen eteiseen, saunaan tai m\u00f6kille. Kest\u00e4v\u00e4, tyylik\u00e4s ja helppo asentaa\",\"breadcrumb\":{\"@id\":\"https:\\\/\\\/etnoart.eu\\\/fi\\\/toode\\\/seinaan-kiinnitettava-kasintaottu-naulakko\\\/#breadcrumb\"},\"inLanguage\":\"fi\",\"potentialAction\":[{\"@type\":\"ReadAction\",\"target\":[\"https:\\\/\\\/etnoart.eu\\\/fi\\\/toode\\\/seinaan-kiinnitettava-kasintaottu-naulakko\\\/\"]}]},{\"@type\":\"ImageObject\",\"inLanguage\":\"fi\",\"@id\":\"https:\\\/\\\/etnoart.eu\\\/fi\\\/toode\\\/seinaan-kiinnitettava-kasintaottu-naulakko\\\/#primaryimage\",\"url\":\"https:\\\/\\\/etnoart.eu\\\/wp-content\\\/uploads\\\/2023\\\/06\\\/Riidenagi-seinale-Coat-Rack-with-6-hooks.png\",\"contentUrl\":\"https:\\\/\\\/etnoart.eu\\\/wp-content\\\/uploads\\\/2023\\\/06\\\/Riidenagi-seinale-Coat-Rack-with-6-hooks.png\",\"width\":999,\"height\":999,\"caption\":\"Sein\u00e4\u00e4n kiinnitett\u00e4v\u00e4 k\u00e4sintaottu naulakko\"},{\"@type\":\"BreadcrumbList\",\"@id\":\"https:\\\/\\\/etnoart.eu\\\/fi\\\/toode\\\/seinaan-kiinnitettava-kasintaottu-naulakko\\\/#breadcrumb\",\"itemListElement\":[{\"@type\":\"ListItem\",\"position\":1,\"name\":\"Home\",\"item\":\"https:\\\/\\\/etnoart.eu\\\/fi\\\/\"},{\"@type\":\"ListItem\",\"position\":2,\"name\":\"Shop\",\"item\":\"https:\\\/\\\/etnoart.eu\\\/pood\\\/\"},{\"@type\":\"ListItem\",\"position\":3,\"name\":\"Sein\u00e4\u00e4n kiinnitett\u00e4v\u00e4 k\u00e4sintaottu naulakko\"}]},{\"@type\":\"WebSite\",\"@id\":\"https:\\\/\\\/etnoart.eu\\\/#website\",\"url\":\"https:\\\/\\\/etnoart.eu\\\/\",\"name\":\"Etnoart\",\"description\":\"K&auml;sit&ouml;&ouml;pood\",\"publisher\":{\"@id\":\"https:\\\/\\\/etnoart.eu\\\/#organization\"},\"potentialAction\":[{\"@type\":\"SearchAction\",\"target\":{\"@type\":\"EntryPoint\",\"urlTemplate\":\"https:\\\/\\\/etnoart.eu\\\/?s={search_term_string}\"},\"query-input\":{\"@type\":\"PropertyValueSpecification\",\"valueRequired\":true,\"valueName\":\"search_term_string\"}}],\"inLanguage\":\"fi\"},{\"@type\":\"Organization\",\"@id\":\"https:\\\/\\\/etnoart.eu\\\/#organization\",\"name\":\"Etnoart O\u00dc\",\"url\":\"https:\\\/\\\/etnoart.eu\\\/\",\"logo\":{\"@type\":\"ImageObject\",\"inLanguage\":\"fi\",\"@id\":\"https:\\\/\\\/etnoart.eu\\\/#\\\/schema\\\/logo\\\/image\\\/\",\"url\":\"https:\\\/\\\/etnoart.eu\\\/wp-content\\\/uploads\\\/2023\\\/06\\\/etnoart-logo.png\",\"contentUrl\":\"https:\\\/\\\/etnoart.eu\\\/wp-content\\\/uploads\\\/2023\\\/06\\\/etnoart-logo.png\",\"width\":491,\"height\":184,\"caption\":\"Etnoart O\u00dc\"},\"image\":{\"@id\":\"https:\\\/\\\/etnoart.eu\\\/#\\\/schema\\\/logo\\\/image\\\/\"},\"sameAs\":[\"https:\\\/\\\/www.facebook.com\\\/etnoart.handicraft.shop\"]}]}<\/script>\n<!-- \/ Yoast SEO plugin. -->","yoast_head_json":{"title":"Sein\u00e4\u00e4n kiinnitett\u00e4v\u00e4 k\u00e4sintaottu naulakko |EtnoArt| Vaatetangot","description":"Rustiikkinen Sein\u00e4\u00e4n kiinnitett\u00e4v\u00e4 k\u00e4sintaottu naulakko. T\u00e4ydellinen eteiseen, saunaan tai m\u00f6kille. Kest\u00e4v\u00e4, tyylik\u00e4s ja helppo asentaa","robots":{"index":"index","follow":"follow","max-snippet":"max-snippet:-1","max-image-preview":"max-image-preview:large","max-video-preview":"max-video-preview:-1"},"canonical":"https:\/\/etnoart.eu\/fi\/toode\/seinaan-kiinnitettava-kasintaottu-naulakko\/","og_locale":"fi_FI","og_type":"article","og_title":"Sein\u00e4\u00e4n kiinnitett\u00e4v\u00e4 k\u00e4sintaottu naulakko |EtnoArt| Vaatetangot","og_description":"Rustiikkinen Sein\u00e4\u00e4n kiinnitett\u00e4v\u00e4 k\u00e4sintaottu naulakko. T\u00e4ydellinen eteiseen, saunaan tai m\u00f6kille. Kest\u00e4v\u00e4, tyylik\u00e4s ja helppo asentaa","og_url":"https:\/\/etnoart.eu\/fi\/toode\/seinaan-kiinnitettava-kasintaottu-naulakko\/","og_site_name":"Etnoart","article_publisher":"https:\/\/www.facebook.com\/etnoart.handicraft.shop","article_modified_time":"2025-03-18T17:25:54+00:00","og_image":[{"width":999,"height":999,"url":"https:\/\/etnoart.eu\/wp-content\/uploads\/2023\/06\/Riidenagi-seinale-Coat-Rack-with-6-hooks.png","type":"image\/png"}],"twitter_card":"summary_large_image","twitter_misc":{"Arvioitu lukuaika":"2 minuuttia"},"schema":{"@context":"https:\/\/schema.org","@graph":[{"@type":"WebPage","@id":"https:\/\/etnoart.eu\/fi\/toode\/seinaan-kiinnitettava-kasintaottu-naulakko\/","url":"https:\/\/etnoart.eu\/fi\/toode\/seinaan-kiinnitettava-kasintaottu-naulakko\/","name":"Sein\u00e4\u00e4n kiinnitett\u00e4v\u00e4 k\u00e4sintaottu naulakko |EtnoArt| Vaatetangot","isPartOf":{"@id":"https:\/\/etnoart.eu\/#website"},"primaryImageOfPage":{"@id":"https:\/\/etnoart.eu\/fi\/toode\/seinaan-kiinnitettava-kasintaottu-naulakko\/#primaryimage"},"image":{"@id":"https:\/\/etnoart.eu\/fi\/toode\/seinaan-kiinnitettava-kasintaottu-naulakko\/#primaryimage"},"thumbnailUrl":"https:\/\/etnoart.eu\/wp-content\/uploads\/2023\/06\/Riidenagi-seinale-Coat-Rack-with-6-hooks.png","datePublished":"2023-06-08T08:54:31+00:00","dateModified":"2025-03-18T17:25:54+00:00","description":"Rustiikkinen Sein\u00e4\u00e4n kiinnitett\u00e4v\u00e4 k\u00e4sintaottu naulakko. T\u00e4ydellinen eteiseen, saunaan tai m\u00f6kille. Kest\u00e4v\u00e4, tyylik\u00e4s ja helppo asentaa","breadcrumb":{"@id":"https:\/\/etnoart.eu\/fi\/toode\/seinaan-kiinnitettava-kasintaottu-naulakko\/#breadcrumb"},"inLanguage":"fi","potentialAction":[{"@type":"ReadAction","target":["https:\/\/etnoart.eu\/fi\/toode\/seinaan-kiinnitettava-kasintaottu-naulakko\/"]}]},{"@type":"ImageObject","inLanguage":"fi","@id":"https:\/\/etnoart.eu\/fi\/toode\/seinaan-kiinnitettava-kasintaottu-naulakko\/#primaryimage","url":"https:\/\/etnoart.eu\/wp-content\/uploads\/2023\/06\/Riidenagi-seinale-Coat-Rack-with-6-hooks.png","contentUrl":"https:\/\/etnoart.eu\/wp-content\/uploads\/2023\/06\/Riidenagi-seinale-Coat-Rack-with-6-hooks.png","width":999,"height":999,"caption":"Sein\u00e4\u00e4n kiinnitett\u00e4v\u00e4 k\u00e4sintaottu naulakko"},{"@type":"BreadcrumbList","@id":"https:\/\/etnoart.eu\/fi\/toode\/seinaan-kiinnitettava-kasintaottu-naulakko\/#breadcrumb","itemListElement":[{"@type":"ListItem","position":1,"name":"Home","item":"https:\/\/etnoart.eu\/fi\/"},{"@type":"ListItem","position":2,"name":"Shop","item":"https:\/\/etnoart.eu\/pood\/"},{"@type":"ListItem","position":3,"name":"Sein\u00e4\u00e4n kiinnitett\u00e4v\u00e4 k\u00e4sintaottu naulakko"}]},{"@type":"WebSite","@id":"https:\/\/etnoart.eu\/#website","url":"https:\/\/etnoart.eu\/","name":"Etnoart","description":"K&auml;sit&ouml;&ouml;pood","publisher":{"@id":"https:\/\/etnoart.eu\/#organization"},"potentialAction":[{"@type":"SearchAction","target":{"@type":"EntryPoint","urlTemplate":"https:\/\/etnoart.eu\/?s={search_term_string}"},"query-input":{"@type":"PropertyValueSpecification","valueRequired":true,"valueName":"search_term_string"}}],"inLanguage":"fi"},{"@type":"Organization","@id":"https:\/\/etnoart.eu\/#organization","name":"Etnoart O\u00dc","url":"https:\/\/etnoart.eu\/","logo":{"@type":"ImageObject","inLanguage":"fi","@id":"https:\/\/etnoart.eu\/#\/schema\/logo\/image\/","url":"https:\/\/etnoart.eu\/wp-content\/uploads\/2023\/06\/etnoart-logo.png","contentUrl":"https:\/\/etnoart.eu\/wp-content\/uploads\/2023\/06\/etnoart-logo.png","width":491,"height":184,"caption":"Etnoart O\u00dc"},"image":{"@id":"https:\/\/etnoart.eu\/#\/schema\/logo\/image\/"},"sameAs":["https:\/\/www.facebook.com\/etnoart.handicraft.shop"]}]}},"builder_content":"","_links":{"self":[{"href":"https:\/\/etnoart.eu\/fi\/wp-json\/wp\/v2\/product\/5625","targetHints":{"allow":["GET"]}}],"collection":[{"href":"https:\/\/etnoart.eu\/fi\/wp-json\/wp\/v2\/product"}],"about":[{"href":"https:\/\/etnoart.eu\/fi\/wp-json\/wp\/v2\/types\/product"}],"wp:featuredmedia":[{"embeddable":true,"href":"https:\/\/etnoart.eu\/fi\/wp-json\/wp\/v2\/media\/5626"}],"wp:attachment":[{"href":"https:\/\/etnoart.eu\/fi\/wp-json\/wp\/v2\/media?parent=5625"}],"wp:term":[{"taxonomy":"product_brand","embeddable":true,"href":"https:\/\/etnoart.eu\/fi\/wp-json\/wp\/v2\/product_brand?post=5625"},{"taxonomy":"product_cat","embeddable":true,"href":"https:\/\/etnoart.eu\/fi\/wp-json\/wp\/v2\/product_cat?post=5625"},{"taxonomy":"product_tag","embeddable":true,"href":"https:\/\/etnoart.eu\/fi\/wp-json\/wp\/v2\/product_tag?post=5625"}],"curies":[{"name":"wp","href":"https:\/\/api.w.org\/{rel}","templated":true}]}}