{"id":5525,"date":"2023-06-08T08:51:46","date_gmt":"2023-06-08T08:51:46","guid":{"rendered":"https:\/\/etnoart.eu\/toode\/riidevarn-2-nagiga\/"},"modified":"2025-03-17T13:36:38","modified_gmt":"2025-03-17T13:36:38","slug":"seinaan-kiinnitettava-takorautainen-naulakko-2-koukulla","status":"publish","type":"product","link":"https:\/\/etnoart.eu\/fi\/toode\/seinaan-kiinnitettava-takorautainen-naulakko-2-koukulla\/","title":{"rendered":"Sein\u00e4\u00e4n kiinnitett\u00e4v\u00e4 takorautainen naulakko 2 koukulla"},"content":{"rendered":"<p>T\u00e4m\u00e4 <strong>sein\u00e4\u00e4n kiinnitett\u00e4v\u00e4 takorautainen naulakko 2 koukulla<\/strong> on kest\u00e4v\u00e4 ja tilaa s\u00e4\u00e4st\u00e4v\u00e4 ratkaisu kodin eri tiloihin. Kaareva muotoilu siirt\u00e4\u00e4 koukut irti sein\u00e4st\u00e4, mik\u00e4 antaa lis\u00e4\u00e4 tilaa vaatteiden ja asusteiden ripustamiseen.<\/p>\n<p>Naulakossa on kaksi kaksiosaista koukkua. Alempi koukku sopii takeille, laukkuille ja huiveille, ylempi hatuille ja muille p\u00e4\u00e4hineille. Kompakti leveys vain 30 cm, mutta tarjoaa silti eritt\u00e4in k\u00e4yt\u00e4nn\u00f6llisen s\u00e4ilytysratkaisun.<\/p>\n<p>Pinnalla on kirkas pulverilakka, joka s\u00e4ilytt\u00e4\u00e4 metallin luonnollisen tekstuurin ja suojaa kosteudelta. T\u00e4m\u00e4 takorautainen naulakko sopii eteiseen, vaatehuoneeseen tai saunan pukuhuoneeseen.<\/p>\n<p>K\u00e4sity\u00f6n\u00e4 valmistettu ajaton ja kest\u00e4v\u00e4 lis\u00e4 kodin sisustukseen.<\/p>\n","protected":false},"excerpt":{"rendered":"<p>Sein\u00e4\u00e4n kiinnitett\u00e4v\u00e4 takorautainen naulakko 2 koukulla \u2013 kest\u00e4v\u00e4, ruostesuojattu ja ajaton. Sopii eteiseen, vaatehuoneeseen tai saunan pukuhuoneeseen.<br \/>\n<strong>Paino:<\/strong> 0,45 kg (kilogramma)<br \/>\n<strong>Tuotteen korkeus:<\/strong> 15cm<br \/>\n<strong>Leveys:<\/strong> 30cm<br \/>\n<strong>Tuotteen paino:<\/strong> 450g<br \/>\n<strong>Tuotteen viimeistely:<\/strong> Mattapintainen pulverilakkaus<\/p>\n","protected":false},"featured_media":5532,"template":"","meta":[],"product_brand":[],"product_cat":[423],"product_tag":[],"class_list":{"0":"post-5525","1":"product","2":"type-product","3":"status-publish","4":"has-post-thumbnail","6":"product_cat-vaatetelineet-vaatetangot-koukut","7":"has-post-title","8":"has-post-date","9":"has-post-category","10":"has-post-tag","11":"has-post-comment","12":"has-post-author","13":"","15":"first","16":"instock","17":"taxable","18":"shipping-taxable","19":"purchasable","20":"product-type-simple"},"yoast_head":"<!-- This site is optimized with the Yoast SEO plugin v27.4 - https:\/\/yoast.com\/product\/yoast-seo-wordpress\/ -->\n<title>Sein\u00e4\u00e4n kiinnitett\u00e4v\u00e4 takorautainen naulakko 2 koukulla |EtnoArt|<\/title>\n<meta name=\"description\" content=\"Sein\u00e4\u00e4n kiinnitett\u00e4v\u00e4 takorautainen naulakko 2 koukulla \u2013 kest\u00e4v\u00e4, ruostesuojattu ja ajaton. Sopii eteiseen, vaatehuoneeseen tai saunan pukuhuoneeseen.\" \/>\n<meta name=\"robots\" content=\"index, follow, max-snippet:-1, max-image-preview:large, max-video-preview:-1\" \/>\n<link rel=\"canonical\" href=\"https:\/\/etnoart.eu\/fi\/toode\/seinaan-kiinnitettava-takorautainen-naulakko-2-koukulla\/\" \/>\n<meta property=\"og:locale\" content=\"fi_FI\" \/>\n<meta property=\"og:type\" content=\"article\" \/>\n<meta property=\"og:title\" content=\"Sein\u00e4\u00e4n kiinnitett\u00e4v\u00e4 takorautainen naulakko 2 koukulla |EtnoArt|\" \/>\n<meta property=\"og:description\" content=\"Sein\u00e4\u00e4n kiinnitett\u00e4v\u00e4 takorautainen naulakko 2 koukulla \u2013 kest\u00e4v\u00e4, ruostesuojattu ja ajaton. Sopii eteiseen, vaatehuoneeseen tai saunan pukuhuoneeseen.\" \/>\n<meta property=\"og:url\" content=\"https:\/\/etnoart.eu\/fi\/toode\/seinaan-kiinnitettava-takorautainen-naulakko-2-koukulla\/\" \/>\n<meta property=\"og:site_name\" content=\"Etnoart\" \/>\n<meta property=\"article:publisher\" content=\"https:\/\/www.facebook.com\/etnoart.handicraft.shop\" \/>\n<meta property=\"article:modified_time\" content=\"2025-03-17T13:36:38+00:00\" \/>\n<meta property=\"og:image\" content=\"https:\/\/etnoart.eu\/wp-content\/uploads\/2023\/06\/Seinaan-kiinnitettava-takorautainen-naulakko-2-koukulla-Riidevarn-2-nagiga-Wandgarderobe-aus-Schmiedeeisen-mit-2-Haken-Hand-Forged-Wall-Hook-Rack-with-2-Hooks.png\" \/>\n\t<meta property=\"og:image:width\" content=\"1200\" \/>\n\t<meta property=\"og:image:height\" content=\"1200\" \/>\n\t<meta property=\"og:image:type\" content=\"image\/png\" \/>\n<meta name=\"twitter:card\" content=\"summary_large_image\" \/>\n<meta name=\"twitter:label1\" content=\"Arvioitu lukuaika\" \/>\n\t<meta name=\"twitter:data1\" content=\"1 minuutti\" \/>\n<script type=\"application\/ld+json\" class=\"yoast-schema-graph\">{\"@context\":\"https:\\\/\\\/schema.org\",\"@graph\":[{\"@type\":\"WebPage\",\"@id\":\"https:\\\/\\\/etnoart.eu\\\/fi\\\/toode\\\/seinaan-kiinnitettava-takorautainen-naulakko-2-koukulla\\\/\",\"url\":\"https:\\\/\\\/etnoart.eu\\\/fi\\\/toode\\\/seinaan-kiinnitettava-takorautainen-naulakko-2-koukulla\\\/\",\"name\":\"Sein\u00e4\u00e4n kiinnitett\u00e4v\u00e4 takorautainen naulakko 2 koukulla |EtnoArt|\",\"isPartOf\":{\"@id\":\"https:\\\/\\\/etnoart.eu\\\/#website\"},\"primaryImageOfPage\":{\"@id\":\"https:\\\/\\\/etnoart.eu\\\/fi\\\/toode\\\/seinaan-kiinnitettava-takorautainen-naulakko-2-koukulla\\\/#primaryimage\"},\"image\":{\"@id\":\"https:\\\/\\\/etnoart.eu\\\/fi\\\/toode\\\/seinaan-kiinnitettava-takorautainen-naulakko-2-koukulla\\\/#primaryimage\"},\"thumbnailUrl\":\"https:\\\/\\\/etnoart.eu\\\/wp-content\\\/uploads\\\/2023\\\/06\\\/Seinaan-kiinnitettava-takorautainen-naulakko-2-koukulla-Riidevarn-2-nagiga-Wandgarderobe-aus-Schmiedeeisen-mit-2-Haken-Hand-Forged-Wall-Hook-Rack-with-2-Hooks.png\",\"datePublished\":\"2023-06-08T08:51:46+00:00\",\"dateModified\":\"2025-03-17T13:36:38+00:00\",\"description\":\"Sein\u00e4\u00e4n kiinnitett\u00e4v\u00e4 takorautainen naulakko 2 koukulla \u2013 kest\u00e4v\u00e4, ruostesuojattu ja ajaton. Sopii eteiseen, vaatehuoneeseen tai saunan pukuhuoneeseen.\",\"breadcrumb\":{\"@id\":\"https:\\\/\\\/etnoart.eu\\\/fi\\\/toode\\\/seinaan-kiinnitettava-takorautainen-naulakko-2-koukulla\\\/#breadcrumb\"},\"inLanguage\":\"fi\",\"potentialAction\":[{\"@type\":\"ReadAction\",\"target\":[\"https:\\\/\\\/etnoart.eu\\\/fi\\\/toode\\\/seinaan-kiinnitettava-takorautainen-naulakko-2-koukulla\\\/\"]}]},{\"@type\":\"ImageObject\",\"inLanguage\":\"fi\",\"@id\":\"https:\\\/\\\/etnoart.eu\\\/fi\\\/toode\\\/seinaan-kiinnitettava-takorautainen-naulakko-2-koukulla\\\/#primaryimage\",\"url\":\"https:\\\/\\\/etnoart.eu\\\/wp-content\\\/uploads\\\/2023\\\/06\\\/Seinaan-kiinnitettava-takorautainen-naulakko-2-koukulla-Riidevarn-2-nagiga-Wandgarderobe-aus-Schmiedeeisen-mit-2-Haken-Hand-Forged-Wall-Hook-Rack-with-2-Hooks.png\",\"contentUrl\":\"https:\\\/\\\/etnoart.eu\\\/wp-content\\\/uploads\\\/2023\\\/06\\\/Seinaan-kiinnitettava-takorautainen-naulakko-2-koukulla-Riidevarn-2-nagiga-Wandgarderobe-aus-Schmiedeeisen-mit-2-Haken-Hand-Forged-Wall-Hook-Rack-with-2-Hooks.png\",\"width\":1200,\"height\":1200,\"caption\":\"Sein\u00e4\u00e4n kiinnitett\u00e4v\u00e4 takorautainen naulakko 2 koukulla\"},{\"@type\":\"BreadcrumbList\",\"@id\":\"https:\\\/\\\/etnoart.eu\\\/fi\\\/toode\\\/seinaan-kiinnitettava-takorautainen-naulakko-2-koukulla\\\/#breadcrumb\",\"itemListElement\":[{\"@type\":\"ListItem\",\"position\":1,\"name\":\"Home\",\"item\":\"https:\\\/\\\/etnoart.eu\\\/fi\\\/\"},{\"@type\":\"ListItem\",\"position\":2,\"name\":\"Shop\",\"item\":\"https:\\\/\\\/etnoart.eu\\\/pood\\\/\"},{\"@type\":\"ListItem\",\"position\":3,\"name\":\"Sein\u00e4\u00e4n kiinnitett\u00e4v\u00e4 takorautainen naulakko 2 koukulla\"}]},{\"@type\":\"WebSite\",\"@id\":\"https:\\\/\\\/etnoart.eu\\\/#website\",\"url\":\"https:\\\/\\\/etnoart.eu\\\/\",\"name\":\"Etnoart\",\"description\":\"K&auml;sit&ouml;&ouml;pood\",\"publisher\":{\"@id\":\"https:\\\/\\\/etnoart.eu\\\/#organization\"},\"potentialAction\":[{\"@type\":\"SearchAction\",\"target\":{\"@type\":\"EntryPoint\",\"urlTemplate\":\"https:\\\/\\\/etnoart.eu\\\/?s={search_term_string}\"},\"query-input\":{\"@type\":\"PropertyValueSpecification\",\"valueRequired\":true,\"valueName\":\"search_term_string\"}}],\"inLanguage\":\"fi\"},{\"@type\":\"Organization\",\"@id\":\"https:\\\/\\\/etnoart.eu\\\/#organization\",\"name\":\"Etnoart O\u00dc\",\"url\":\"https:\\\/\\\/etnoart.eu\\\/\",\"logo\":{\"@type\":\"ImageObject\",\"inLanguage\":\"fi\",\"@id\":\"https:\\\/\\\/etnoart.eu\\\/#\\\/schema\\\/logo\\\/image\\\/\",\"url\":\"https:\\\/\\\/etnoart.eu\\\/wp-content\\\/uploads\\\/2023\\\/06\\\/etnoart-logo.png\",\"contentUrl\":\"https:\\\/\\\/etnoart.eu\\\/wp-content\\\/uploads\\\/2023\\\/06\\\/etnoart-logo.png\",\"width\":491,\"height\":184,\"caption\":\"Etnoart O\u00dc\"},\"image\":{\"@id\":\"https:\\\/\\\/etnoart.eu\\\/#\\\/schema\\\/logo\\\/image\\\/\"},\"sameAs\":[\"https:\\\/\\\/www.facebook.com\\\/etnoart.handicraft.shop\"]}]}<\/script>\n<!-- \/ Yoast SEO plugin. -->","yoast_head_json":{"title":"Sein\u00e4\u00e4n kiinnitett\u00e4v\u00e4 takorautainen naulakko 2 koukulla |EtnoArt|","description":"Sein\u00e4\u00e4n kiinnitett\u00e4v\u00e4 takorautainen naulakko 2 koukulla \u2013 kest\u00e4v\u00e4, ruostesuojattu ja ajaton. Sopii eteiseen, vaatehuoneeseen tai saunan pukuhuoneeseen.","robots":{"index":"index","follow":"follow","max-snippet":"max-snippet:-1","max-image-preview":"max-image-preview:large","max-video-preview":"max-video-preview:-1"},"canonical":"https:\/\/etnoart.eu\/fi\/toode\/seinaan-kiinnitettava-takorautainen-naulakko-2-koukulla\/","og_locale":"fi_FI","og_type":"article","og_title":"Sein\u00e4\u00e4n kiinnitett\u00e4v\u00e4 takorautainen naulakko 2 koukulla |EtnoArt|","og_description":"Sein\u00e4\u00e4n kiinnitett\u00e4v\u00e4 takorautainen naulakko 2 koukulla \u2013 kest\u00e4v\u00e4, ruostesuojattu ja ajaton. Sopii eteiseen, vaatehuoneeseen tai saunan pukuhuoneeseen.","og_url":"https:\/\/etnoart.eu\/fi\/toode\/seinaan-kiinnitettava-takorautainen-naulakko-2-koukulla\/","og_site_name":"Etnoart","article_publisher":"https:\/\/www.facebook.com\/etnoart.handicraft.shop","article_modified_time":"2025-03-17T13:36:38+00:00","og_image":[{"width":1200,"height":1200,"url":"https:\/\/etnoart.eu\/wp-content\/uploads\/2023\/06\/Seinaan-kiinnitettava-takorautainen-naulakko-2-koukulla-Riidevarn-2-nagiga-Wandgarderobe-aus-Schmiedeeisen-mit-2-Haken-Hand-Forged-Wall-Hook-Rack-with-2-Hooks.png","type":"image\/png"}],"twitter_card":"summary_large_image","twitter_misc":{"Arvioitu lukuaika":"1 minuutti"},"schema":{"@context":"https:\/\/schema.org","@graph":[{"@type":"WebPage","@id":"https:\/\/etnoart.eu\/fi\/toode\/seinaan-kiinnitettava-takorautainen-naulakko-2-koukulla\/","url":"https:\/\/etnoart.eu\/fi\/toode\/seinaan-kiinnitettava-takorautainen-naulakko-2-koukulla\/","name":"Sein\u00e4\u00e4n kiinnitett\u00e4v\u00e4 takorautainen naulakko 2 koukulla |EtnoArt|","isPartOf":{"@id":"https:\/\/etnoart.eu\/#website"},"primaryImageOfPage":{"@id":"https:\/\/etnoart.eu\/fi\/toode\/seinaan-kiinnitettava-takorautainen-naulakko-2-koukulla\/#primaryimage"},"image":{"@id":"https:\/\/etnoart.eu\/fi\/toode\/seinaan-kiinnitettava-takorautainen-naulakko-2-koukulla\/#primaryimage"},"thumbnailUrl":"https:\/\/etnoart.eu\/wp-content\/uploads\/2023\/06\/Seinaan-kiinnitettava-takorautainen-naulakko-2-koukulla-Riidevarn-2-nagiga-Wandgarderobe-aus-Schmiedeeisen-mit-2-Haken-Hand-Forged-Wall-Hook-Rack-with-2-Hooks.png","datePublished":"2023-06-08T08:51:46+00:00","dateModified":"2025-03-17T13:36:38+00:00","description":"Sein\u00e4\u00e4n kiinnitett\u00e4v\u00e4 takorautainen naulakko 2 koukulla \u2013 kest\u00e4v\u00e4, ruostesuojattu ja ajaton. Sopii eteiseen, vaatehuoneeseen tai saunan pukuhuoneeseen.","breadcrumb":{"@id":"https:\/\/etnoart.eu\/fi\/toode\/seinaan-kiinnitettava-takorautainen-naulakko-2-koukulla\/#breadcrumb"},"inLanguage":"fi","potentialAction":[{"@type":"ReadAction","target":["https:\/\/etnoart.eu\/fi\/toode\/seinaan-kiinnitettava-takorautainen-naulakko-2-koukulla\/"]}]},{"@type":"ImageObject","inLanguage":"fi","@id":"https:\/\/etnoart.eu\/fi\/toode\/seinaan-kiinnitettava-takorautainen-naulakko-2-koukulla\/#primaryimage","url":"https:\/\/etnoart.eu\/wp-content\/uploads\/2023\/06\/Seinaan-kiinnitettava-takorautainen-naulakko-2-koukulla-Riidevarn-2-nagiga-Wandgarderobe-aus-Schmiedeeisen-mit-2-Haken-Hand-Forged-Wall-Hook-Rack-with-2-Hooks.png","contentUrl":"https:\/\/etnoart.eu\/wp-content\/uploads\/2023\/06\/Seinaan-kiinnitettava-takorautainen-naulakko-2-koukulla-Riidevarn-2-nagiga-Wandgarderobe-aus-Schmiedeeisen-mit-2-Haken-Hand-Forged-Wall-Hook-Rack-with-2-Hooks.png","width":1200,"height":1200,"caption":"Sein\u00e4\u00e4n kiinnitett\u00e4v\u00e4 takorautainen naulakko 2 koukulla"},{"@type":"BreadcrumbList","@id":"https:\/\/etnoart.eu\/fi\/toode\/seinaan-kiinnitettava-takorautainen-naulakko-2-koukulla\/#breadcrumb","itemListElement":[{"@type":"ListItem","position":1,"name":"Home","item":"https:\/\/etnoart.eu\/fi\/"},{"@type":"ListItem","position":2,"name":"Shop","item":"https:\/\/etnoart.eu\/pood\/"},{"@type":"ListItem","position":3,"name":"Sein\u00e4\u00e4n kiinnitett\u00e4v\u00e4 takorautainen naulakko 2 koukulla"}]},{"@type":"WebSite","@id":"https:\/\/etnoart.eu\/#website","url":"https:\/\/etnoart.eu\/","name":"Etnoart","description":"K&auml;sit&ouml;&ouml;pood","publisher":{"@id":"https:\/\/etnoart.eu\/#organization"},"potentialAction":[{"@type":"SearchAction","target":{"@type":"EntryPoint","urlTemplate":"https:\/\/etnoart.eu\/?s={search_term_string}"},"query-input":{"@type":"PropertyValueSpecification","valueRequired":true,"valueName":"search_term_string"}}],"inLanguage":"fi"},{"@type":"Organization","@id":"https:\/\/etnoart.eu\/#organization","name":"Etnoart O\u00dc","url":"https:\/\/etnoart.eu\/","logo":{"@type":"ImageObject","inLanguage":"fi","@id":"https:\/\/etnoart.eu\/#\/schema\/logo\/image\/","url":"https:\/\/etnoart.eu\/wp-content\/uploads\/2023\/06\/etnoart-logo.png","contentUrl":"https:\/\/etnoart.eu\/wp-content\/uploads\/2023\/06\/etnoart-logo.png","width":491,"height":184,"caption":"Etnoart O\u00dc"},"image":{"@id":"https:\/\/etnoart.eu\/#\/schema\/logo\/image\/"},"sameAs":["https:\/\/www.facebook.com\/etnoart.handicraft.shop"]}]}},"builder_content":"","_links":{"self":[{"href":"https:\/\/etnoart.eu\/fi\/wp-json\/wp\/v2\/product\/5525","targetHints":{"allow":["GET"]}}],"collection":[{"href":"https:\/\/etnoart.eu\/fi\/wp-json\/wp\/v2\/product"}],"about":[{"href":"https:\/\/etnoart.eu\/fi\/wp-json\/wp\/v2\/types\/product"}],"wp:featuredmedia":[{"embeddable":true,"href":"https:\/\/etnoart.eu\/fi\/wp-json\/wp\/v2\/media\/5532"}],"wp:attachment":[{"href":"https:\/\/etnoart.eu\/fi\/wp-json\/wp\/v2\/media?parent=5525"}],"wp:term":[{"taxonomy":"product_brand","embeddable":true,"href":"https:\/\/etnoart.eu\/fi\/wp-json\/wp\/v2\/product_brand?post=5525"},{"taxonomy":"product_cat","embeddable":true,"href":"https:\/\/etnoart.eu\/fi\/wp-json\/wp\/v2\/product_cat?post=5525"},{"taxonomy":"product_tag","embeddable":true,"href":"https:\/\/etnoart.eu\/fi\/wp-json\/wp\/v2\/product_tag?post=5525"}],"curies":[{"name":"wp","href":"https:\/\/api.w.org\/{rel}","templated":true}]}}