{"id":5510,"date":"2023-06-08T08:51:46","date_gmt":"2023-06-08T08:51:46","guid":{"rendered":"https:\/\/etnoart.eu\/toode\/sepistatud-riidevarn\/"},"modified":"2025-03-17T11:22:07","modified_gmt":"2025-03-17T11:22:07","slug":"seinaan-kiinnitettava-takkinaulakko","status":"publish","type":"product","link":"https:\/\/etnoart.eu\/fi\/toode\/seinaan-kiinnitettava-takkinaulakko\/","title":{"rendered":"Sein\u00e4\u00e4n kiinnitett\u00e4v\u00e4 takkinaulakko"},"content":{"rendered":"<p><strong>Sein\u00e4\u00e4n kiinnitett\u00e4v\u00e4 takkinaulakko<\/strong>, jossa on nelj\u00e4 kaksiosaista koukkua. Kaareva lista tuo lis\u00e4\u00e4 tilaa vaatteiden ripustamiseen. Alempi koukku sopii takeille, ylempi p\u00e4\u00e4hineille. K\u00e4sintaottu naulakko on niitattu tukevalle metallilistalle, mik\u00e4 takaa kest\u00e4vyyden. L\u00e4pin\u00e4kyv\u00e4 pulverilakka suojaa kosteudelta ja korroosiolta. T\u00e4m\u00e4 pintak\u00e4sittely s\u00e4ilytt\u00e4\u00e4 metallin luonnollisen kiillon ja antaa sille pitk\u00e4n k\u00e4ytt\u00f6i\u00e4n. Sopii hyvin l\u00e4mmitt\u00e4m\u00e4tt\u00f6miin eteisiin ja kosteisiin saunatiloihin.<\/p>\n","protected":false},"excerpt":{"rendered":"<p>K\u00e4sintaottu sein\u00e4\u00e4n kiinnitett\u00e4v\u00e4 takkinaulakko nelj\u00e4ll\u00e4 koukulla. Kaareva muotoilu tarjoaa lis\u00e4\u00e4 tilaa. Pulverilakka suojaa kosteudelta ja kulumiselta.<br \/>\n<strong>Paino:<\/strong> 0,9 kg (kilogramma)<br \/>\n<strong>Tuotteen korkeus:<\/strong> 15cm<br \/>\n<strong>Leveys: <\/strong>53cm<br \/>\n<strong>Tuotteen paino: <\/strong>850g<br \/>\n<strong>Tuotteen viimeistely:<\/strong> Mattapintainen pulverilakkaus<\/p>\n","protected":false},"featured_media":5517,"template":"","meta":[],"product_brand":[],"product_cat":[423],"product_tag":[],"class_list":{"0":"post-5510","1":"product","2":"type-product","3":"status-publish","4":"has-post-thumbnail","6":"product_cat-vaatetelineet-vaatetangot-koukut","7":"has-post-title","8":"has-post-date","9":"has-post-category","10":"has-post-tag","11":"has-post-comment","12":"has-post-author","13":"","15":"first","16":"instock","17":"taxable","18":"shipping-taxable","19":"purchasable","20":"product-type-simple"},"yoast_head":"<!-- This site is optimized with the Yoast SEO plugin v27.4 - https:\/\/yoast.com\/product\/yoast-seo-wordpress\/ -->\n<title>Sein\u00e4\u00e4n kiinnitett\u00e4v\u00e4 takkinaulakko |EtnoArt| Vaatetangot, Koukut<\/title>\n<meta name=\"description\" content=\"K\u00e4sintaottu sein\u00e4\u00e4n kiinnitett\u00e4v\u00e4 takkinaulakko nelj\u00e4ll\u00e4 koukulla. Kaareva muotoilu tarjoaa lis\u00e4\u00e4 tilaa. Pulverilakka suojaa kosteudelta ja kulumiselta.\" \/>\n<meta name=\"robots\" content=\"index, follow, max-snippet:-1, max-image-preview:large, max-video-preview:-1\" \/>\n<link rel=\"canonical\" href=\"https:\/\/etnoart.eu\/fi\/toode\/seinaan-kiinnitettava-takkinaulakko\/\" \/>\n<meta property=\"og:locale\" content=\"fi_FI\" \/>\n<meta property=\"og:type\" content=\"article\" \/>\n<meta property=\"og:title\" content=\"Sein\u00e4\u00e4n kiinnitett\u00e4v\u00e4 takkinaulakko |EtnoArt| Vaatetangot, Koukut\" \/>\n<meta property=\"og:description\" content=\"K\u00e4sintaottu sein\u00e4\u00e4n kiinnitett\u00e4v\u00e4 takkinaulakko nelj\u00e4ll\u00e4 koukulla. Kaareva muotoilu tarjoaa lis\u00e4\u00e4 tilaa. Pulverilakka suojaa kosteudelta ja kulumiselta.\" \/>\n<meta property=\"og:url\" content=\"https:\/\/etnoart.eu\/fi\/toode\/seinaan-kiinnitettava-takkinaulakko\/\" \/>\n<meta property=\"og:site_name\" content=\"Etnoart\" \/>\n<meta property=\"article:publisher\" content=\"https:\/\/www.facebook.com\/etnoart.handicraft.shop\" \/>\n<meta property=\"article:modified_time\" content=\"2025-03-17T11:22:07+00:00\" \/>\n<meta property=\"og:image\" content=\"https:\/\/etnoart.eu\/wp-content\/uploads\/2023\/06\/Seinaan-kiinnitettava-takkinaulakko-Sepistatud-riidevarn-4-konksu-Wandgarderobe-aus-Schmiedeeisen-mit-4-Haken-Hand-Forged-Wall-Coat-Rack-with-4-Hooks.png\" \/>\n\t<meta property=\"og:image:width\" content=\"1517\" \/>\n\t<meta property=\"og:image:height\" content=\"1517\" \/>\n\t<meta property=\"og:image:type\" content=\"image\/png\" \/>\n<meta name=\"twitter:card\" content=\"summary_large_image\" \/>\n<meta name=\"twitter:label1\" content=\"Arvioitu lukuaika\" \/>\n\t<meta name=\"twitter:data1\" content=\"1 minuutti\" \/>\n<script type=\"application\/ld+json\" class=\"yoast-schema-graph\">{\"@context\":\"https:\\\/\\\/schema.org\",\"@graph\":[{\"@type\":\"WebPage\",\"@id\":\"https:\\\/\\\/etnoart.eu\\\/fi\\\/toode\\\/seinaan-kiinnitettava-takkinaulakko\\\/\",\"url\":\"https:\\\/\\\/etnoart.eu\\\/fi\\\/toode\\\/seinaan-kiinnitettava-takkinaulakko\\\/\",\"name\":\"Sein\u00e4\u00e4n kiinnitett\u00e4v\u00e4 takkinaulakko |EtnoArt| Vaatetangot, Koukut\",\"isPartOf\":{\"@id\":\"https:\\\/\\\/etnoart.eu\\\/#website\"},\"primaryImageOfPage\":{\"@id\":\"https:\\\/\\\/etnoart.eu\\\/fi\\\/toode\\\/seinaan-kiinnitettava-takkinaulakko\\\/#primaryimage\"},\"image\":{\"@id\":\"https:\\\/\\\/etnoart.eu\\\/fi\\\/toode\\\/seinaan-kiinnitettava-takkinaulakko\\\/#primaryimage\"},\"thumbnailUrl\":\"https:\\\/\\\/etnoart.eu\\\/wp-content\\\/uploads\\\/2023\\\/06\\\/Seinaan-kiinnitettava-takkinaulakko-Sepistatud-riidevarn-4-konksu-Wandgarderobe-aus-Schmiedeeisen-mit-4-Haken-Hand-Forged-Wall-Coat-Rack-with-4-Hooks.png\",\"datePublished\":\"2023-06-08T08:51:46+00:00\",\"dateModified\":\"2025-03-17T11:22:07+00:00\",\"description\":\"K\u00e4sintaottu sein\u00e4\u00e4n kiinnitett\u00e4v\u00e4 takkinaulakko nelj\u00e4ll\u00e4 koukulla. Kaareva muotoilu tarjoaa lis\u00e4\u00e4 tilaa. Pulverilakka suojaa kosteudelta ja kulumiselta.\",\"breadcrumb\":{\"@id\":\"https:\\\/\\\/etnoart.eu\\\/fi\\\/toode\\\/seinaan-kiinnitettava-takkinaulakko\\\/#breadcrumb\"},\"inLanguage\":\"fi\",\"potentialAction\":[{\"@type\":\"ReadAction\",\"target\":[\"https:\\\/\\\/etnoart.eu\\\/fi\\\/toode\\\/seinaan-kiinnitettava-takkinaulakko\\\/\"]}]},{\"@type\":\"ImageObject\",\"inLanguage\":\"fi\",\"@id\":\"https:\\\/\\\/etnoart.eu\\\/fi\\\/toode\\\/seinaan-kiinnitettava-takkinaulakko\\\/#primaryimage\",\"url\":\"https:\\\/\\\/etnoart.eu\\\/wp-content\\\/uploads\\\/2023\\\/06\\\/Seinaan-kiinnitettava-takkinaulakko-Sepistatud-riidevarn-4-konksu-Wandgarderobe-aus-Schmiedeeisen-mit-4-Haken-Hand-Forged-Wall-Coat-Rack-with-4-Hooks.png\",\"contentUrl\":\"https:\\\/\\\/etnoart.eu\\\/wp-content\\\/uploads\\\/2023\\\/06\\\/Seinaan-kiinnitettava-takkinaulakko-Sepistatud-riidevarn-4-konksu-Wandgarderobe-aus-Schmiedeeisen-mit-4-Haken-Hand-Forged-Wall-Coat-Rack-with-4-Hooks.png\",\"width\":1517,\"height\":1517,\"caption\":\"Sein\u00e4\u00e4n kiinnitett\u00e4v\u00e4 takkinaulakko\"},{\"@type\":\"BreadcrumbList\",\"@id\":\"https:\\\/\\\/etnoart.eu\\\/fi\\\/toode\\\/seinaan-kiinnitettava-takkinaulakko\\\/#breadcrumb\",\"itemListElement\":[{\"@type\":\"ListItem\",\"position\":1,\"name\":\"Home\",\"item\":\"https:\\\/\\\/etnoart.eu\\\/fi\\\/\"},{\"@type\":\"ListItem\",\"position\":2,\"name\":\"Shop\",\"item\":\"https:\\\/\\\/etnoart.eu\\\/pood\\\/\"},{\"@type\":\"ListItem\",\"position\":3,\"name\":\"Sein\u00e4\u00e4n kiinnitett\u00e4v\u00e4 takkinaulakko\"}]},{\"@type\":\"WebSite\",\"@id\":\"https:\\\/\\\/etnoart.eu\\\/#website\",\"url\":\"https:\\\/\\\/etnoart.eu\\\/\",\"name\":\"Etnoart\",\"description\":\"K&auml;sit&ouml;&ouml;pood\",\"publisher\":{\"@id\":\"https:\\\/\\\/etnoart.eu\\\/#organization\"},\"potentialAction\":[{\"@type\":\"SearchAction\",\"target\":{\"@type\":\"EntryPoint\",\"urlTemplate\":\"https:\\\/\\\/etnoart.eu\\\/?s={search_term_string}\"},\"query-input\":{\"@type\":\"PropertyValueSpecification\",\"valueRequired\":true,\"valueName\":\"search_term_string\"}}],\"inLanguage\":\"fi\"},{\"@type\":\"Organization\",\"@id\":\"https:\\\/\\\/etnoart.eu\\\/#organization\",\"name\":\"Etnoart O\u00dc\",\"url\":\"https:\\\/\\\/etnoart.eu\\\/\",\"logo\":{\"@type\":\"ImageObject\",\"inLanguage\":\"fi\",\"@id\":\"https:\\\/\\\/etnoart.eu\\\/#\\\/schema\\\/logo\\\/image\\\/\",\"url\":\"https:\\\/\\\/etnoart.eu\\\/wp-content\\\/uploads\\\/2023\\\/06\\\/etnoart-logo.png\",\"contentUrl\":\"https:\\\/\\\/etnoart.eu\\\/wp-content\\\/uploads\\\/2023\\\/06\\\/etnoart-logo.png\",\"width\":491,\"height\":184,\"caption\":\"Etnoart O\u00dc\"},\"image\":{\"@id\":\"https:\\\/\\\/etnoart.eu\\\/#\\\/schema\\\/logo\\\/image\\\/\"},\"sameAs\":[\"https:\\\/\\\/www.facebook.com\\\/etnoart.handicraft.shop\"]}]}<\/script>\n<!-- \/ Yoast SEO plugin. -->","yoast_head_json":{"title":"Sein\u00e4\u00e4n kiinnitett\u00e4v\u00e4 takkinaulakko |EtnoArt| Vaatetangot, Koukut","description":"K\u00e4sintaottu sein\u00e4\u00e4n kiinnitett\u00e4v\u00e4 takkinaulakko nelj\u00e4ll\u00e4 koukulla. Kaareva muotoilu tarjoaa lis\u00e4\u00e4 tilaa. Pulverilakka suojaa kosteudelta ja kulumiselta.","robots":{"index":"index","follow":"follow","max-snippet":"max-snippet:-1","max-image-preview":"max-image-preview:large","max-video-preview":"max-video-preview:-1"},"canonical":"https:\/\/etnoart.eu\/fi\/toode\/seinaan-kiinnitettava-takkinaulakko\/","og_locale":"fi_FI","og_type":"article","og_title":"Sein\u00e4\u00e4n kiinnitett\u00e4v\u00e4 takkinaulakko |EtnoArt| Vaatetangot, Koukut","og_description":"K\u00e4sintaottu sein\u00e4\u00e4n kiinnitett\u00e4v\u00e4 takkinaulakko nelj\u00e4ll\u00e4 koukulla. Kaareva muotoilu tarjoaa lis\u00e4\u00e4 tilaa. Pulverilakka suojaa kosteudelta ja kulumiselta.","og_url":"https:\/\/etnoart.eu\/fi\/toode\/seinaan-kiinnitettava-takkinaulakko\/","og_site_name":"Etnoart","article_publisher":"https:\/\/www.facebook.com\/etnoart.handicraft.shop","article_modified_time":"2025-03-17T11:22:07+00:00","og_image":[{"width":1517,"height":1517,"url":"https:\/\/etnoart.eu\/wp-content\/uploads\/2023\/06\/Seinaan-kiinnitettava-takkinaulakko-Sepistatud-riidevarn-4-konksu-Wandgarderobe-aus-Schmiedeeisen-mit-4-Haken-Hand-Forged-Wall-Coat-Rack-with-4-Hooks.png","type":"image\/png"}],"twitter_card":"summary_large_image","twitter_misc":{"Arvioitu lukuaika":"1 minuutti"},"schema":{"@context":"https:\/\/schema.org","@graph":[{"@type":"WebPage","@id":"https:\/\/etnoart.eu\/fi\/toode\/seinaan-kiinnitettava-takkinaulakko\/","url":"https:\/\/etnoart.eu\/fi\/toode\/seinaan-kiinnitettava-takkinaulakko\/","name":"Sein\u00e4\u00e4n kiinnitett\u00e4v\u00e4 takkinaulakko |EtnoArt| Vaatetangot, Koukut","isPartOf":{"@id":"https:\/\/etnoart.eu\/#website"},"primaryImageOfPage":{"@id":"https:\/\/etnoart.eu\/fi\/toode\/seinaan-kiinnitettava-takkinaulakko\/#primaryimage"},"image":{"@id":"https:\/\/etnoart.eu\/fi\/toode\/seinaan-kiinnitettava-takkinaulakko\/#primaryimage"},"thumbnailUrl":"https:\/\/etnoart.eu\/wp-content\/uploads\/2023\/06\/Seinaan-kiinnitettava-takkinaulakko-Sepistatud-riidevarn-4-konksu-Wandgarderobe-aus-Schmiedeeisen-mit-4-Haken-Hand-Forged-Wall-Coat-Rack-with-4-Hooks.png","datePublished":"2023-06-08T08:51:46+00:00","dateModified":"2025-03-17T11:22:07+00:00","description":"K\u00e4sintaottu sein\u00e4\u00e4n kiinnitett\u00e4v\u00e4 takkinaulakko nelj\u00e4ll\u00e4 koukulla. Kaareva muotoilu tarjoaa lis\u00e4\u00e4 tilaa. Pulverilakka suojaa kosteudelta ja kulumiselta.","breadcrumb":{"@id":"https:\/\/etnoart.eu\/fi\/toode\/seinaan-kiinnitettava-takkinaulakko\/#breadcrumb"},"inLanguage":"fi","potentialAction":[{"@type":"ReadAction","target":["https:\/\/etnoart.eu\/fi\/toode\/seinaan-kiinnitettava-takkinaulakko\/"]}]},{"@type":"ImageObject","inLanguage":"fi","@id":"https:\/\/etnoart.eu\/fi\/toode\/seinaan-kiinnitettava-takkinaulakko\/#primaryimage","url":"https:\/\/etnoart.eu\/wp-content\/uploads\/2023\/06\/Seinaan-kiinnitettava-takkinaulakko-Sepistatud-riidevarn-4-konksu-Wandgarderobe-aus-Schmiedeeisen-mit-4-Haken-Hand-Forged-Wall-Coat-Rack-with-4-Hooks.png","contentUrl":"https:\/\/etnoart.eu\/wp-content\/uploads\/2023\/06\/Seinaan-kiinnitettava-takkinaulakko-Sepistatud-riidevarn-4-konksu-Wandgarderobe-aus-Schmiedeeisen-mit-4-Haken-Hand-Forged-Wall-Coat-Rack-with-4-Hooks.png","width":1517,"height":1517,"caption":"Sein\u00e4\u00e4n kiinnitett\u00e4v\u00e4 takkinaulakko"},{"@type":"BreadcrumbList","@id":"https:\/\/etnoart.eu\/fi\/toode\/seinaan-kiinnitettava-takkinaulakko\/#breadcrumb","itemListElement":[{"@type":"ListItem","position":1,"name":"Home","item":"https:\/\/etnoart.eu\/fi\/"},{"@type":"ListItem","position":2,"name":"Shop","item":"https:\/\/etnoart.eu\/pood\/"},{"@type":"ListItem","position":3,"name":"Sein\u00e4\u00e4n kiinnitett\u00e4v\u00e4 takkinaulakko"}]},{"@type":"WebSite","@id":"https:\/\/etnoart.eu\/#website","url":"https:\/\/etnoart.eu\/","name":"Etnoart","description":"K&auml;sit&ouml;&ouml;pood","publisher":{"@id":"https:\/\/etnoart.eu\/#organization"},"potentialAction":[{"@type":"SearchAction","target":{"@type":"EntryPoint","urlTemplate":"https:\/\/etnoart.eu\/?s={search_term_string}"},"query-input":{"@type":"PropertyValueSpecification","valueRequired":true,"valueName":"search_term_string"}}],"inLanguage":"fi"},{"@type":"Organization","@id":"https:\/\/etnoart.eu\/#organization","name":"Etnoart O\u00dc","url":"https:\/\/etnoart.eu\/","logo":{"@type":"ImageObject","inLanguage":"fi","@id":"https:\/\/etnoart.eu\/#\/schema\/logo\/image\/","url":"https:\/\/etnoart.eu\/wp-content\/uploads\/2023\/06\/etnoart-logo.png","contentUrl":"https:\/\/etnoart.eu\/wp-content\/uploads\/2023\/06\/etnoart-logo.png","width":491,"height":184,"caption":"Etnoart O\u00dc"},"image":{"@id":"https:\/\/etnoart.eu\/#\/schema\/logo\/image\/"},"sameAs":["https:\/\/www.facebook.com\/etnoart.handicraft.shop"]}]}},"builder_content":"","_links":{"self":[{"href":"https:\/\/etnoart.eu\/fi\/wp-json\/wp\/v2\/product\/5510","targetHints":{"allow":["GET"]}}],"collection":[{"href":"https:\/\/etnoart.eu\/fi\/wp-json\/wp\/v2\/product"}],"about":[{"href":"https:\/\/etnoart.eu\/fi\/wp-json\/wp\/v2\/types\/product"}],"wp:featuredmedia":[{"embeddable":true,"href":"https:\/\/etnoart.eu\/fi\/wp-json\/wp\/v2\/media\/5517"}],"wp:attachment":[{"href":"https:\/\/etnoart.eu\/fi\/wp-json\/wp\/v2\/media?parent=5510"}],"wp:term":[{"taxonomy":"product_brand","embeddable":true,"href":"https:\/\/etnoart.eu\/fi\/wp-json\/wp\/v2\/product_brand?post=5510"},{"taxonomy":"product_cat","embeddable":true,"href":"https:\/\/etnoart.eu\/fi\/wp-json\/wp\/v2\/product_cat?post=5510"},{"taxonomy":"product_tag","embeddable":true,"href":"https:\/\/etnoart.eu\/fi\/wp-json\/wp\/v2\/product_tag?post=5510"}],"curies":[{"name":"wp","href":"https:\/\/api.w.org\/{rel}","templated":true}]}}