{"id":5475,"date":"2023-06-08T08:51:44","date_gmt":"2023-06-08T08:51:44","guid":{"rendered":"https:\/\/etnoart.eu\/toode\/riidevarn-3-nagiga\/"},"modified":"2025-03-16T18:37:54","modified_gmt":"2025-03-16T18:37:54","slug":"seinaan-kiinnitettava-kasintaottu-naulakko-3-koukulla","status":"publish","type":"product","link":"https:\/\/etnoart.eu\/fi\/toode\/seinaan-kiinnitettava-kasintaottu-naulakko-3-koukulla\/","title":{"rendered":"Sein\u00e4\u00e4n kiinnitett\u00e4v\u00e4 k\u00e4sintaottu naulakko 3 koukulla"},"content":{"rendered":"<p><strong>Sein\u00e4\u00e4n kiinnitett\u00e4v\u00e4 k\u00e4sintaottu naulakko 3 koukulla<\/strong>, valmistettu perinteisin sep\u00e4ntaidoin. Taottu kaareva metallilista antaa lis\u00e4tilaa ripustukseen ja tuo esteettisen ilmeen. Vaikka leveys on vain 41 cm, sen muotoilu maksimoi k\u00e4ytett\u00e4vyyden. Naulakossa on kolme tukevasti niitattua koukkua. Jokaisella koukulla on kaksi osaa: alempi koukku takeille ja ylempi p\u00e4\u00e4hineille. Sopii hyvin eteiseen, makuuhuoneeseen tai keitti\u00f6\u00f6n. Viimeistelty l\u00e4pin\u00e4kyv\u00e4ll\u00e4 jauhemaalilla, joka suojaa kosteudelta ja s\u00e4ilytt\u00e4\u00e4 metallin luonnollisen pinnan.<\/p>\n","protected":false},"excerpt":{"rendered":"<p>Sein\u00e4\u00e4n kiinnitett\u00e4v\u00e4 k\u00e4sintaottu naulakko 3 koukulla. Kest\u00e4v\u00e4 ja jauhemaalattu ripustusteline eteiseen, makuuhuoneeseen tai keitti\u00f6\u00f6n.<br \/>\n<strong>Paino:<\/strong> 0,6 kg<br \/>\n<strong>Tuotteen korkeus:<\/strong> 15cm<br \/>\n<strong>Leveys:<\/strong> 41cm<br \/>\n<strong>Sein\u00e4n ulkonema:<\/strong> 14cm<br \/>\n<strong>Tuotteen viimeistely:<\/strong> Mattapintainen pulverilakkaus<\/p>\n","protected":false},"featured_media":5485,"template":"","meta":[],"product_brand":[],"product_cat":[423],"product_tag":[],"class_list":{"0":"post-5475","1":"product","2":"type-product","3":"status-publish","4":"has-post-thumbnail","6":"product_cat-vaatetelineet-vaatetangot-koukut","7":"has-post-title","8":"has-post-date","9":"has-post-category","10":"has-post-tag","11":"has-post-comment","12":"has-post-author","13":"","15":"first","16":"instock","17":"taxable","18":"shipping-taxable","19":"purchasable","20":"product-type-simple"},"yoast_head":"<!-- This site is optimized with the Yoast SEO plugin v27.3 - https:\/\/yoast.com\/product\/yoast-seo-wordpress\/ -->\n<title>Sein\u00e4\u00e4n kiinnitett\u00e4v\u00e4 k\u00e4sintaottu naulakko 3 koukulla |EtnoArt|<\/title>\n<meta name=\"description\" content=\"Sein\u00e4\u00e4n kiinnitett\u00e4v\u00e4 k\u00e4sintaottu naulakko 3 koukulla. Kest\u00e4v\u00e4 ja jauhemaalattu ripustusteline eteiseen, makuuhuoneeseen tai keitti\u00f6\u00f6n.\" \/>\n<meta name=\"robots\" content=\"index, follow, max-snippet:-1, max-image-preview:large, max-video-preview:-1\" \/>\n<link rel=\"canonical\" href=\"https:\/\/etnoart.eu\/fi\/toode\/seinaan-kiinnitettava-kasintaottu-naulakko-3-koukulla\/\" \/>\n<meta property=\"og:locale\" content=\"fi_FI\" \/>\n<meta property=\"og:type\" content=\"article\" \/>\n<meta property=\"og:title\" content=\"Sein\u00e4\u00e4n kiinnitett\u00e4v\u00e4 k\u00e4sintaottu naulakko 3 koukulla |EtnoArt|\" \/>\n<meta property=\"og:description\" content=\"Sein\u00e4\u00e4n kiinnitett\u00e4v\u00e4 k\u00e4sintaottu naulakko 3 koukulla. Kest\u00e4v\u00e4 ja jauhemaalattu ripustusteline eteiseen, makuuhuoneeseen tai keitti\u00f6\u00f6n.\" \/>\n<meta property=\"og:url\" content=\"https:\/\/etnoart.eu\/fi\/toode\/seinaan-kiinnitettava-kasintaottu-naulakko-3-koukulla\/\" \/>\n<meta property=\"og:site_name\" content=\"Etnoart\" \/>\n<meta property=\"article:publisher\" content=\"https:\/\/www.facebook.com\/etnoart.handicraft.shop\" \/>\n<meta property=\"article:modified_time\" content=\"2025-03-16T18:37:54+00:00\" \/>\n<meta property=\"og:image\" content=\"https:\/\/etnoart.eu\/wp-content\/uploads\/2023\/06\/Schmiedeeiserne-Garderobenleiste-3-Haken-Riidevarn-3-nagiga-Hand-forged-wall-mounted-coat-rack-3-hooks-Seinaan-kiinnitettava-kasintaottu-naulakko-3-koukulla-1.png\" \/>\n\t<meta property=\"og:image:width\" content=\"1000\" \/>\n\t<meta property=\"og:image:height\" content=\"1000\" \/>\n\t<meta property=\"og:image:type\" content=\"image\/png\" \/>\n<meta name=\"twitter:card\" content=\"summary_large_image\" \/>\n<meta name=\"twitter:label1\" content=\"Arvioitu lukuaika\" \/>\n\t<meta name=\"twitter:data1\" content=\"1 minuutti\" \/>\n<script type=\"application\/ld+json\" class=\"yoast-schema-graph\">{\"@context\":\"https:\\\/\\\/schema.org\",\"@graph\":[{\"@type\":\"WebPage\",\"@id\":\"https:\\\/\\\/etnoart.eu\\\/fi\\\/toode\\\/seinaan-kiinnitettava-kasintaottu-naulakko-3-koukulla\\\/\",\"url\":\"https:\\\/\\\/etnoart.eu\\\/fi\\\/toode\\\/seinaan-kiinnitettava-kasintaottu-naulakko-3-koukulla\\\/\",\"name\":\"Sein\u00e4\u00e4n kiinnitett\u00e4v\u00e4 k\u00e4sintaottu naulakko 3 koukulla |EtnoArt|\",\"isPartOf\":{\"@id\":\"https:\\\/\\\/etnoart.eu\\\/#website\"},\"primaryImageOfPage\":{\"@id\":\"https:\\\/\\\/etnoart.eu\\\/fi\\\/toode\\\/seinaan-kiinnitettava-kasintaottu-naulakko-3-koukulla\\\/#primaryimage\"},\"image\":{\"@id\":\"https:\\\/\\\/etnoart.eu\\\/fi\\\/toode\\\/seinaan-kiinnitettava-kasintaottu-naulakko-3-koukulla\\\/#primaryimage\"},\"thumbnailUrl\":\"https:\\\/\\\/etnoart.eu\\\/wp-content\\\/uploads\\\/2023\\\/06\\\/Schmiedeeiserne-Garderobenleiste-3-Haken-Riidevarn-3-nagiga-Hand-forged-wall-mounted-coat-rack-3-hooks-Seinaan-kiinnitettava-kasintaottu-naulakko-3-koukulla-1.png\",\"datePublished\":\"2023-06-08T08:51:44+00:00\",\"dateModified\":\"2025-03-16T18:37:54+00:00\",\"description\":\"Sein\u00e4\u00e4n kiinnitett\u00e4v\u00e4 k\u00e4sintaottu naulakko 3 koukulla. Kest\u00e4v\u00e4 ja jauhemaalattu ripustusteline eteiseen, makuuhuoneeseen tai keitti\u00f6\u00f6n.\",\"breadcrumb\":{\"@id\":\"https:\\\/\\\/etnoart.eu\\\/fi\\\/toode\\\/seinaan-kiinnitettava-kasintaottu-naulakko-3-koukulla\\\/#breadcrumb\"},\"inLanguage\":\"fi\",\"potentialAction\":[{\"@type\":\"ReadAction\",\"target\":[\"https:\\\/\\\/etnoart.eu\\\/fi\\\/toode\\\/seinaan-kiinnitettava-kasintaottu-naulakko-3-koukulla\\\/\"]}]},{\"@type\":\"ImageObject\",\"inLanguage\":\"fi\",\"@id\":\"https:\\\/\\\/etnoart.eu\\\/fi\\\/toode\\\/seinaan-kiinnitettava-kasintaottu-naulakko-3-koukulla\\\/#primaryimage\",\"url\":\"https:\\\/\\\/etnoart.eu\\\/wp-content\\\/uploads\\\/2023\\\/06\\\/Schmiedeeiserne-Garderobenleiste-3-Haken-Riidevarn-3-nagiga-Hand-forged-wall-mounted-coat-rack-3-hooks-Seinaan-kiinnitettava-kasintaottu-naulakko-3-koukulla-1.png\",\"contentUrl\":\"https:\\\/\\\/etnoart.eu\\\/wp-content\\\/uploads\\\/2023\\\/06\\\/Schmiedeeiserne-Garderobenleiste-3-Haken-Riidevarn-3-nagiga-Hand-forged-wall-mounted-coat-rack-3-hooks-Seinaan-kiinnitettava-kasintaottu-naulakko-3-koukulla-1.png\",\"width\":1000,\"height\":1000,\"caption\":\"Sein\u00e4\u00e4n kiinnitett\u00e4v\u00e4 k\u00e4sintaottu naulakko 3 koukulla\"},{\"@type\":\"BreadcrumbList\",\"@id\":\"https:\\\/\\\/etnoart.eu\\\/fi\\\/toode\\\/seinaan-kiinnitettava-kasintaottu-naulakko-3-koukulla\\\/#breadcrumb\",\"itemListElement\":[{\"@type\":\"ListItem\",\"position\":1,\"name\":\"Home\",\"item\":\"https:\\\/\\\/etnoart.eu\\\/fi\\\/\"},{\"@type\":\"ListItem\",\"position\":2,\"name\":\"Shop\",\"item\":\"https:\\\/\\\/etnoart.eu\\\/pood\\\/\"},{\"@type\":\"ListItem\",\"position\":3,\"name\":\"Sein\u00e4\u00e4n kiinnitett\u00e4v\u00e4 k\u00e4sintaottu naulakko 3 koukulla\"}]},{\"@type\":\"WebSite\",\"@id\":\"https:\\\/\\\/etnoart.eu\\\/#website\",\"url\":\"https:\\\/\\\/etnoart.eu\\\/\",\"name\":\"Etnoart\",\"description\":\"K&auml;sit&ouml;&ouml;pood\",\"publisher\":{\"@id\":\"https:\\\/\\\/etnoart.eu\\\/#organization\"},\"potentialAction\":[{\"@type\":\"SearchAction\",\"target\":{\"@type\":\"EntryPoint\",\"urlTemplate\":\"https:\\\/\\\/etnoart.eu\\\/?s={search_term_string}\"},\"query-input\":{\"@type\":\"PropertyValueSpecification\",\"valueRequired\":true,\"valueName\":\"search_term_string\"}}],\"inLanguage\":\"fi\"},{\"@type\":\"Organization\",\"@id\":\"https:\\\/\\\/etnoart.eu\\\/#organization\",\"name\":\"Etnoart O\u00dc\",\"url\":\"https:\\\/\\\/etnoart.eu\\\/\",\"logo\":{\"@type\":\"ImageObject\",\"inLanguage\":\"fi\",\"@id\":\"https:\\\/\\\/etnoart.eu\\\/#\\\/schema\\\/logo\\\/image\\\/\",\"url\":\"https:\\\/\\\/etnoart.eu\\\/wp-content\\\/uploads\\\/2023\\\/06\\\/etnoart-logo.png\",\"contentUrl\":\"https:\\\/\\\/etnoart.eu\\\/wp-content\\\/uploads\\\/2023\\\/06\\\/etnoart-logo.png\",\"width\":491,\"height\":184,\"caption\":\"Etnoart O\u00dc\"},\"image\":{\"@id\":\"https:\\\/\\\/etnoart.eu\\\/#\\\/schema\\\/logo\\\/image\\\/\"},\"sameAs\":[\"https:\\\/\\\/www.facebook.com\\\/etnoart.handicraft.shop\"]}]}<\/script>\n<!-- \/ Yoast SEO plugin. -->","yoast_head_json":{"title":"Sein\u00e4\u00e4n kiinnitett\u00e4v\u00e4 k\u00e4sintaottu naulakko 3 koukulla |EtnoArt|","description":"Sein\u00e4\u00e4n kiinnitett\u00e4v\u00e4 k\u00e4sintaottu naulakko 3 koukulla. Kest\u00e4v\u00e4 ja jauhemaalattu ripustusteline eteiseen, makuuhuoneeseen tai keitti\u00f6\u00f6n.","robots":{"index":"index","follow":"follow","max-snippet":"max-snippet:-1","max-image-preview":"max-image-preview:large","max-video-preview":"max-video-preview:-1"},"canonical":"https:\/\/etnoart.eu\/fi\/toode\/seinaan-kiinnitettava-kasintaottu-naulakko-3-koukulla\/","og_locale":"fi_FI","og_type":"article","og_title":"Sein\u00e4\u00e4n kiinnitett\u00e4v\u00e4 k\u00e4sintaottu naulakko 3 koukulla |EtnoArt|","og_description":"Sein\u00e4\u00e4n kiinnitett\u00e4v\u00e4 k\u00e4sintaottu naulakko 3 koukulla. Kest\u00e4v\u00e4 ja jauhemaalattu ripustusteline eteiseen, makuuhuoneeseen tai keitti\u00f6\u00f6n.","og_url":"https:\/\/etnoart.eu\/fi\/toode\/seinaan-kiinnitettava-kasintaottu-naulakko-3-koukulla\/","og_site_name":"Etnoart","article_publisher":"https:\/\/www.facebook.com\/etnoart.handicraft.shop","article_modified_time":"2025-03-16T18:37:54+00:00","og_image":[{"width":1000,"height":1000,"url":"https:\/\/etnoart.eu\/wp-content\/uploads\/2023\/06\/Schmiedeeiserne-Garderobenleiste-3-Haken-Riidevarn-3-nagiga-Hand-forged-wall-mounted-coat-rack-3-hooks-Seinaan-kiinnitettava-kasintaottu-naulakko-3-koukulla-1.png","type":"image\/png"}],"twitter_card":"summary_large_image","twitter_misc":{"Arvioitu lukuaika":"1 minuutti"},"schema":{"@context":"https:\/\/schema.org","@graph":[{"@type":"WebPage","@id":"https:\/\/etnoart.eu\/fi\/toode\/seinaan-kiinnitettava-kasintaottu-naulakko-3-koukulla\/","url":"https:\/\/etnoart.eu\/fi\/toode\/seinaan-kiinnitettava-kasintaottu-naulakko-3-koukulla\/","name":"Sein\u00e4\u00e4n kiinnitett\u00e4v\u00e4 k\u00e4sintaottu naulakko 3 koukulla |EtnoArt|","isPartOf":{"@id":"https:\/\/etnoart.eu\/#website"},"primaryImageOfPage":{"@id":"https:\/\/etnoart.eu\/fi\/toode\/seinaan-kiinnitettava-kasintaottu-naulakko-3-koukulla\/#primaryimage"},"image":{"@id":"https:\/\/etnoart.eu\/fi\/toode\/seinaan-kiinnitettava-kasintaottu-naulakko-3-koukulla\/#primaryimage"},"thumbnailUrl":"https:\/\/etnoart.eu\/wp-content\/uploads\/2023\/06\/Schmiedeeiserne-Garderobenleiste-3-Haken-Riidevarn-3-nagiga-Hand-forged-wall-mounted-coat-rack-3-hooks-Seinaan-kiinnitettava-kasintaottu-naulakko-3-koukulla-1.png","datePublished":"2023-06-08T08:51:44+00:00","dateModified":"2025-03-16T18:37:54+00:00","description":"Sein\u00e4\u00e4n kiinnitett\u00e4v\u00e4 k\u00e4sintaottu naulakko 3 koukulla. Kest\u00e4v\u00e4 ja jauhemaalattu ripustusteline eteiseen, makuuhuoneeseen tai keitti\u00f6\u00f6n.","breadcrumb":{"@id":"https:\/\/etnoart.eu\/fi\/toode\/seinaan-kiinnitettava-kasintaottu-naulakko-3-koukulla\/#breadcrumb"},"inLanguage":"fi","potentialAction":[{"@type":"ReadAction","target":["https:\/\/etnoart.eu\/fi\/toode\/seinaan-kiinnitettava-kasintaottu-naulakko-3-koukulla\/"]}]},{"@type":"ImageObject","inLanguage":"fi","@id":"https:\/\/etnoart.eu\/fi\/toode\/seinaan-kiinnitettava-kasintaottu-naulakko-3-koukulla\/#primaryimage","url":"https:\/\/etnoart.eu\/wp-content\/uploads\/2023\/06\/Schmiedeeiserne-Garderobenleiste-3-Haken-Riidevarn-3-nagiga-Hand-forged-wall-mounted-coat-rack-3-hooks-Seinaan-kiinnitettava-kasintaottu-naulakko-3-koukulla-1.png","contentUrl":"https:\/\/etnoart.eu\/wp-content\/uploads\/2023\/06\/Schmiedeeiserne-Garderobenleiste-3-Haken-Riidevarn-3-nagiga-Hand-forged-wall-mounted-coat-rack-3-hooks-Seinaan-kiinnitettava-kasintaottu-naulakko-3-koukulla-1.png","width":1000,"height":1000,"caption":"Sein\u00e4\u00e4n kiinnitett\u00e4v\u00e4 k\u00e4sintaottu naulakko 3 koukulla"},{"@type":"BreadcrumbList","@id":"https:\/\/etnoart.eu\/fi\/toode\/seinaan-kiinnitettava-kasintaottu-naulakko-3-koukulla\/#breadcrumb","itemListElement":[{"@type":"ListItem","position":1,"name":"Home","item":"https:\/\/etnoart.eu\/fi\/"},{"@type":"ListItem","position":2,"name":"Shop","item":"https:\/\/etnoart.eu\/pood\/"},{"@type":"ListItem","position":3,"name":"Sein\u00e4\u00e4n kiinnitett\u00e4v\u00e4 k\u00e4sintaottu naulakko 3 koukulla"}]},{"@type":"WebSite","@id":"https:\/\/etnoart.eu\/#website","url":"https:\/\/etnoart.eu\/","name":"Etnoart","description":"K&auml;sit&ouml;&ouml;pood","publisher":{"@id":"https:\/\/etnoart.eu\/#organization"},"potentialAction":[{"@type":"SearchAction","target":{"@type":"EntryPoint","urlTemplate":"https:\/\/etnoart.eu\/?s={search_term_string}"},"query-input":{"@type":"PropertyValueSpecification","valueRequired":true,"valueName":"search_term_string"}}],"inLanguage":"fi"},{"@type":"Organization","@id":"https:\/\/etnoart.eu\/#organization","name":"Etnoart O\u00dc","url":"https:\/\/etnoart.eu\/","logo":{"@type":"ImageObject","inLanguage":"fi","@id":"https:\/\/etnoart.eu\/#\/schema\/logo\/image\/","url":"https:\/\/etnoart.eu\/wp-content\/uploads\/2023\/06\/etnoart-logo.png","contentUrl":"https:\/\/etnoart.eu\/wp-content\/uploads\/2023\/06\/etnoart-logo.png","width":491,"height":184,"caption":"Etnoart O\u00dc"},"image":{"@id":"https:\/\/etnoart.eu\/#\/schema\/logo\/image\/"},"sameAs":["https:\/\/www.facebook.com\/etnoart.handicraft.shop"]}]}},"builder_content":"","_links":{"self":[{"href":"https:\/\/etnoart.eu\/fi\/wp-json\/wp\/v2\/product\/5475","targetHints":{"allow":["GET"]}}],"collection":[{"href":"https:\/\/etnoart.eu\/fi\/wp-json\/wp\/v2\/product"}],"about":[{"href":"https:\/\/etnoart.eu\/fi\/wp-json\/wp\/v2\/types\/product"}],"wp:featuredmedia":[{"embeddable":true,"href":"https:\/\/etnoart.eu\/fi\/wp-json\/wp\/v2\/media\/5485"}],"wp:attachment":[{"href":"https:\/\/etnoart.eu\/fi\/wp-json\/wp\/v2\/media?parent=5475"}],"wp:term":[{"taxonomy":"product_brand","embeddable":true,"href":"https:\/\/etnoart.eu\/fi\/wp-json\/wp\/v2\/product_brand?post=5475"},{"taxonomy":"product_cat","embeddable":true,"href":"https:\/\/etnoart.eu\/fi\/wp-json\/wp\/v2\/product_cat?post=5475"},{"taxonomy":"product_tag","embeddable":true,"href":"https:\/\/etnoart.eu\/fi\/wp-json\/wp\/v2\/product_tag?post=5475"}],"curies":[{"name":"wp","href":"https:\/\/api.w.org\/{rel}","templated":true}]}}