{"id":5460,"date":"2023-06-08T08:50:59","date_gmt":"2023-06-08T08:50:59","guid":{"rendered":"https:\/\/etnoart.eu\/toode\/nagi-sarvega-3-ne\/"},"modified":"2025-03-16T17:32:09","modified_gmt":"2025-03-16T17:32:09","slug":"seinaan-kiinnitettava-naulakko-3-koukulla","status":"publish","type":"product","link":"https:\/\/etnoart.eu\/fi\/toode\/seinaan-kiinnitettava-naulakko-3-koukulla\/","title":{"rendered":"Sein\u00e4\u00e4n kiinnitett\u00e4v\u00e4 naulakko 3 koukulla"},"content":{"rendered":"<p><strong>Sein\u00e4\u00e4n kiinnitett\u00e4v\u00e4 naulakko 3 koukulla<\/strong> on sep\u00e4n k\u00e4sity\u00f6n\u00e4 valmistettu kest\u00e4v\u00e4 ja tyylik\u00e4s vaatenaulakko. Se on muotoiltu hieman kaarevaksi, mik\u00e4 tekee siit\u00e4 k\u00e4yt\u00e4nn\u00f6llisen ja tilaa s\u00e4\u00e4st\u00e4v\u00e4n. Rautatangossa on kolme vankkaa koukkua, jotka soveltuvat sek\u00e4 vaatteiden ett\u00e4 p\u00e4\u00e4hineiden ripustamiseen. Naulakon koukut ovat kaksiosaiset \u2013 alempi koukku sopii takkien ripustamiseen, ylempi p\u00e4\u00e4hineille. Sopii eteiseen, makuuhuoneeseen tai keitti\u00f6\u00f6n pyyhkeiden ja patalappujen ripustamiseen. Naulakko on viimeistelty lakalla, joten sit\u00e4 suositellaan k\u00e4ytett\u00e4v\u00e4ksi sis\u00e4tiloissa. Leveys 39 cm.<\/p>\n","protected":false},"excerpt":{"rendered":"<p>Sein\u00e4\u00e4n kiinnitett\u00e4v\u00e4 naulakko 3 koukulla. K\u00e4sin taottu, kest\u00e4v\u00e4 ja tyylik\u00e4s ripustusteline vaatteille ja asusteille. Sopii sis\u00e4tiloihin.<br \/>\n<strong>Paino:<\/strong> 0,9 kg<br \/>\n<strong>Tuotteen korkeus:<\/strong> 15cm<br \/>\n<strong>Leveys:<\/strong> 39cm<br \/>\n<strong>Tuotteen viimeistely:<\/strong> Tuote on lakattu.<\/p>\n","protected":false},"featured_media":5468,"template":"","meta":[],"product_brand":[],"product_cat":[423],"product_tag":[],"class_list":{"0":"post-5460","1":"product","2":"type-product","3":"status-publish","4":"has-post-thumbnail","6":"product_cat-vaatetelineet-vaatetangot-koukut","7":"has-post-title","8":"has-post-date","9":"has-post-category","10":"has-post-tag","11":"has-post-comment","12":"has-post-author","13":"","15":"first","16":"instock","17":"taxable","18":"shipping-taxable","19":"purchasable","20":"product-type-simple"},"yoast_head":"<!-- This site is optimized with the Yoast SEO plugin v27.4 - https:\/\/yoast.com\/product\/yoast-seo-wordpress\/ -->\n<title>Sein\u00e4\u00e4n kiinnitett\u00e4v\u00e4 naulakko 3 koukulla |EtnoArt| Koukut<\/title>\n<meta name=\"description\" content=\"Sein\u00e4\u00e4n kiinnitett\u00e4v\u00e4 naulakko 3 koukulla. K\u00e4sin taottu, kest\u00e4v\u00e4 ja tyylik\u00e4s ripustusteline vaatteille ja asusteille. Sopii sis\u00e4tiloihin.\" \/>\n<meta name=\"robots\" content=\"index, follow, max-snippet:-1, max-image-preview:large, max-video-preview:-1\" \/>\n<link rel=\"canonical\" href=\"https:\/\/etnoart.eu\/fi\/toode\/seinaan-kiinnitettava-naulakko-3-koukulla\/\" \/>\n<meta property=\"og:locale\" content=\"fi_FI\" \/>\n<meta property=\"og:type\" content=\"article\" \/>\n<meta property=\"og:title\" content=\"Sein\u00e4\u00e4n kiinnitett\u00e4v\u00e4 naulakko 3 koukulla |EtnoArt| Koukut\" \/>\n<meta property=\"og:description\" content=\"Sein\u00e4\u00e4n kiinnitett\u00e4v\u00e4 naulakko 3 koukulla. K\u00e4sin taottu, kest\u00e4v\u00e4 ja tyylik\u00e4s ripustusteline vaatteille ja asusteille. Sopii sis\u00e4tiloihin.\" \/>\n<meta property=\"og:url\" content=\"https:\/\/etnoart.eu\/fi\/toode\/seinaan-kiinnitettava-naulakko-3-koukulla\/\" \/>\n<meta property=\"og:site_name\" content=\"Etnoart\" \/>\n<meta property=\"article:publisher\" content=\"https:\/\/www.facebook.com\/etnoart.handicraft.shop\" \/>\n<meta property=\"article:modified_time\" content=\"2025-03-16T17:32:09+00:00\" \/>\n<meta property=\"og:image\" content=\"https:\/\/etnoart.eu\/wp-content\/uploads\/2023\/06\/Seinaan-kiinnitettava-naulakko-3-koukulla-Hand-Forged-Wall-Hook-Rack-Nagi-Sarvega-3-ne-Schmiedeeiserne-Garderobenhakenleiste-3-Haken.png\" \/>\n\t<meta property=\"og:image:width\" content=\"998\" \/>\n\t<meta property=\"og:image:height\" content=\"998\" \/>\n\t<meta property=\"og:image:type\" content=\"image\/png\" \/>\n<meta name=\"twitter:card\" content=\"summary_large_image\" \/>\n<meta name=\"twitter:label1\" content=\"Arvioitu lukuaika\" \/>\n\t<meta name=\"twitter:data1\" content=\"1 minuutti\" \/>\n<script type=\"application\/ld+json\" class=\"yoast-schema-graph\">{\"@context\":\"https:\\\/\\\/schema.org\",\"@graph\":[{\"@type\":\"WebPage\",\"@id\":\"https:\\\/\\\/etnoart.eu\\\/fi\\\/toode\\\/seinaan-kiinnitettava-naulakko-3-koukulla\\\/\",\"url\":\"https:\\\/\\\/etnoart.eu\\\/fi\\\/toode\\\/seinaan-kiinnitettava-naulakko-3-koukulla\\\/\",\"name\":\"Sein\u00e4\u00e4n kiinnitett\u00e4v\u00e4 naulakko 3 koukulla |EtnoArt| Koukut\",\"isPartOf\":{\"@id\":\"https:\\\/\\\/etnoart.eu\\\/#website\"},\"primaryImageOfPage\":{\"@id\":\"https:\\\/\\\/etnoart.eu\\\/fi\\\/toode\\\/seinaan-kiinnitettava-naulakko-3-koukulla\\\/#primaryimage\"},\"image\":{\"@id\":\"https:\\\/\\\/etnoart.eu\\\/fi\\\/toode\\\/seinaan-kiinnitettava-naulakko-3-koukulla\\\/#primaryimage\"},\"thumbnailUrl\":\"https:\\\/\\\/etnoart.eu\\\/wp-content\\\/uploads\\\/2023\\\/06\\\/Seinaan-kiinnitettava-naulakko-3-koukulla-Hand-Forged-Wall-Hook-Rack-Nagi-Sarvega-3-ne-Schmiedeeiserne-Garderobenhakenleiste-3-Haken.png\",\"datePublished\":\"2023-06-08T08:50:59+00:00\",\"dateModified\":\"2025-03-16T17:32:09+00:00\",\"description\":\"Sein\u00e4\u00e4n kiinnitett\u00e4v\u00e4 naulakko 3 koukulla. K\u00e4sin taottu, kest\u00e4v\u00e4 ja tyylik\u00e4s ripustusteline vaatteille ja asusteille. Sopii sis\u00e4tiloihin.\",\"breadcrumb\":{\"@id\":\"https:\\\/\\\/etnoart.eu\\\/fi\\\/toode\\\/seinaan-kiinnitettava-naulakko-3-koukulla\\\/#breadcrumb\"},\"inLanguage\":\"fi\",\"potentialAction\":[{\"@type\":\"ReadAction\",\"target\":[\"https:\\\/\\\/etnoart.eu\\\/fi\\\/toode\\\/seinaan-kiinnitettava-naulakko-3-koukulla\\\/\"]}]},{\"@type\":\"ImageObject\",\"inLanguage\":\"fi\",\"@id\":\"https:\\\/\\\/etnoart.eu\\\/fi\\\/toode\\\/seinaan-kiinnitettava-naulakko-3-koukulla\\\/#primaryimage\",\"url\":\"https:\\\/\\\/etnoart.eu\\\/wp-content\\\/uploads\\\/2023\\\/06\\\/Seinaan-kiinnitettava-naulakko-3-koukulla-Hand-Forged-Wall-Hook-Rack-Nagi-Sarvega-3-ne-Schmiedeeiserne-Garderobenhakenleiste-3-Haken.png\",\"contentUrl\":\"https:\\\/\\\/etnoart.eu\\\/wp-content\\\/uploads\\\/2023\\\/06\\\/Seinaan-kiinnitettava-naulakko-3-koukulla-Hand-Forged-Wall-Hook-Rack-Nagi-Sarvega-3-ne-Schmiedeeiserne-Garderobenhakenleiste-3-Haken.png\",\"width\":998,\"height\":998,\"caption\":\"Sein\u00e4\u00e4n kiinnitett\u00e4v\u00e4 naulakko 3 koukulla\"},{\"@type\":\"BreadcrumbList\",\"@id\":\"https:\\\/\\\/etnoart.eu\\\/fi\\\/toode\\\/seinaan-kiinnitettava-naulakko-3-koukulla\\\/#breadcrumb\",\"itemListElement\":[{\"@type\":\"ListItem\",\"position\":1,\"name\":\"Home\",\"item\":\"https:\\\/\\\/etnoart.eu\\\/fi\\\/\"},{\"@type\":\"ListItem\",\"position\":2,\"name\":\"Shop\",\"item\":\"https:\\\/\\\/etnoart.eu\\\/pood\\\/\"},{\"@type\":\"ListItem\",\"position\":3,\"name\":\"Sein\u00e4\u00e4n kiinnitett\u00e4v\u00e4 naulakko 3 koukulla\"}]},{\"@type\":\"WebSite\",\"@id\":\"https:\\\/\\\/etnoart.eu\\\/#website\",\"url\":\"https:\\\/\\\/etnoart.eu\\\/\",\"name\":\"Etnoart\",\"description\":\"K&auml;sit&ouml;&ouml;pood\",\"publisher\":{\"@id\":\"https:\\\/\\\/etnoart.eu\\\/#organization\"},\"potentialAction\":[{\"@type\":\"SearchAction\",\"target\":{\"@type\":\"EntryPoint\",\"urlTemplate\":\"https:\\\/\\\/etnoart.eu\\\/?s={search_term_string}\"},\"query-input\":{\"@type\":\"PropertyValueSpecification\",\"valueRequired\":true,\"valueName\":\"search_term_string\"}}],\"inLanguage\":\"fi\"},{\"@type\":\"Organization\",\"@id\":\"https:\\\/\\\/etnoart.eu\\\/#organization\",\"name\":\"Etnoart O\u00dc\",\"url\":\"https:\\\/\\\/etnoart.eu\\\/\",\"logo\":{\"@type\":\"ImageObject\",\"inLanguage\":\"fi\",\"@id\":\"https:\\\/\\\/etnoart.eu\\\/#\\\/schema\\\/logo\\\/image\\\/\",\"url\":\"https:\\\/\\\/etnoart.eu\\\/wp-content\\\/uploads\\\/2023\\\/06\\\/etnoart-logo.png\",\"contentUrl\":\"https:\\\/\\\/etnoart.eu\\\/wp-content\\\/uploads\\\/2023\\\/06\\\/etnoart-logo.png\",\"width\":491,\"height\":184,\"caption\":\"Etnoart O\u00dc\"},\"image\":{\"@id\":\"https:\\\/\\\/etnoart.eu\\\/#\\\/schema\\\/logo\\\/image\\\/\"},\"sameAs\":[\"https:\\\/\\\/www.facebook.com\\\/etnoart.handicraft.shop\"]}]}<\/script>\n<!-- \/ Yoast SEO plugin. -->","yoast_head_json":{"title":"Sein\u00e4\u00e4n kiinnitett\u00e4v\u00e4 naulakko 3 koukulla |EtnoArt| Koukut","description":"Sein\u00e4\u00e4n kiinnitett\u00e4v\u00e4 naulakko 3 koukulla. K\u00e4sin taottu, kest\u00e4v\u00e4 ja tyylik\u00e4s ripustusteline vaatteille ja asusteille. Sopii sis\u00e4tiloihin.","robots":{"index":"index","follow":"follow","max-snippet":"max-snippet:-1","max-image-preview":"max-image-preview:large","max-video-preview":"max-video-preview:-1"},"canonical":"https:\/\/etnoart.eu\/fi\/toode\/seinaan-kiinnitettava-naulakko-3-koukulla\/","og_locale":"fi_FI","og_type":"article","og_title":"Sein\u00e4\u00e4n kiinnitett\u00e4v\u00e4 naulakko 3 koukulla |EtnoArt| Koukut","og_description":"Sein\u00e4\u00e4n kiinnitett\u00e4v\u00e4 naulakko 3 koukulla. K\u00e4sin taottu, kest\u00e4v\u00e4 ja tyylik\u00e4s ripustusteline vaatteille ja asusteille. Sopii sis\u00e4tiloihin.","og_url":"https:\/\/etnoart.eu\/fi\/toode\/seinaan-kiinnitettava-naulakko-3-koukulla\/","og_site_name":"Etnoart","article_publisher":"https:\/\/www.facebook.com\/etnoart.handicraft.shop","article_modified_time":"2025-03-16T17:32:09+00:00","og_image":[{"width":998,"height":998,"url":"https:\/\/etnoart.eu\/wp-content\/uploads\/2023\/06\/Seinaan-kiinnitettava-naulakko-3-koukulla-Hand-Forged-Wall-Hook-Rack-Nagi-Sarvega-3-ne-Schmiedeeiserne-Garderobenhakenleiste-3-Haken.png","type":"image\/png"}],"twitter_card":"summary_large_image","twitter_misc":{"Arvioitu lukuaika":"1 minuutti"},"schema":{"@context":"https:\/\/schema.org","@graph":[{"@type":"WebPage","@id":"https:\/\/etnoart.eu\/fi\/toode\/seinaan-kiinnitettava-naulakko-3-koukulla\/","url":"https:\/\/etnoart.eu\/fi\/toode\/seinaan-kiinnitettava-naulakko-3-koukulla\/","name":"Sein\u00e4\u00e4n kiinnitett\u00e4v\u00e4 naulakko 3 koukulla |EtnoArt| Koukut","isPartOf":{"@id":"https:\/\/etnoart.eu\/#website"},"primaryImageOfPage":{"@id":"https:\/\/etnoart.eu\/fi\/toode\/seinaan-kiinnitettava-naulakko-3-koukulla\/#primaryimage"},"image":{"@id":"https:\/\/etnoart.eu\/fi\/toode\/seinaan-kiinnitettava-naulakko-3-koukulla\/#primaryimage"},"thumbnailUrl":"https:\/\/etnoart.eu\/wp-content\/uploads\/2023\/06\/Seinaan-kiinnitettava-naulakko-3-koukulla-Hand-Forged-Wall-Hook-Rack-Nagi-Sarvega-3-ne-Schmiedeeiserne-Garderobenhakenleiste-3-Haken.png","datePublished":"2023-06-08T08:50:59+00:00","dateModified":"2025-03-16T17:32:09+00:00","description":"Sein\u00e4\u00e4n kiinnitett\u00e4v\u00e4 naulakko 3 koukulla. K\u00e4sin taottu, kest\u00e4v\u00e4 ja tyylik\u00e4s ripustusteline vaatteille ja asusteille. Sopii sis\u00e4tiloihin.","breadcrumb":{"@id":"https:\/\/etnoart.eu\/fi\/toode\/seinaan-kiinnitettava-naulakko-3-koukulla\/#breadcrumb"},"inLanguage":"fi","potentialAction":[{"@type":"ReadAction","target":["https:\/\/etnoart.eu\/fi\/toode\/seinaan-kiinnitettava-naulakko-3-koukulla\/"]}]},{"@type":"ImageObject","inLanguage":"fi","@id":"https:\/\/etnoart.eu\/fi\/toode\/seinaan-kiinnitettava-naulakko-3-koukulla\/#primaryimage","url":"https:\/\/etnoart.eu\/wp-content\/uploads\/2023\/06\/Seinaan-kiinnitettava-naulakko-3-koukulla-Hand-Forged-Wall-Hook-Rack-Nagi-Sarvega-3-ne-Schmiedeeiserne-Garderobenhakenleiste-3-Haken.png","contentUrl":"https:\/\/etnoart.eu\/wp-content\/uploads\/2023\/06\/Seinaan-kiinnitettava-naulakko-3-koukulla-Hand-Forged-Wall-Hook-Rack-Nagi-Sarvega-3-ne-Schmiedeeiserne-Garderobenhakenleiste-3-Haken.png","width":998,"height":998,"caption":"Sein\u00e4\u00e4n kiinnitett\u00e4v\u00e4 naulakko 3 koukulla"},{"@type":"BreadcrumbList","@id":"https:\/\/etnoart.eu\/fi\/toode\/seinaan-kiinnitettava-naulakko-3-koukulla\/#breadcrumb","itemListElement":[{"@type":"ListItem","position":1,"name":"Home","item":"https:\/\/etnoart.eu\/fi\/"},{"@type":"ListItem","position":2,"name":"Shop","item":"https:\/\/etnoart.eu\/pood\/"},{"@type":"ListItem","position":3,"name":"Sein\u00e4\u00e4n kiinnitett\u00e4v\u00e4 naulakko 3 koukulla"}]},{"@type":"WebSite","@id":"https:\/\/etnoart.eu\/#website","url":"https:\/\/etnoart.eu\/","name":"Etnoart","description":"K&auml;sit&ouml;&ouml;pood","publisher":{"@id":"https:\/\/etnoart.eu\/#organization"},"potentialAction":[{"@type":"SearchAction","target":{"@type":"EntryPoint","urlTemplate":"https:\/\/etnoart.eu\/?s={search_term_string}"},"query-input":{"@type":"PropertyValueSpecification","valueRequired":true,"valueName":"search_term_string"}}],"inLanguage":"fi"},{"@type":"Organization","@id":"https:\/\/etnoart.eu\/#organization","name":"Etnoart O\u00dc","url":"https:\/\/etnoart.eu\/","logo":{"@type":"ImageObject","inLanguage":"fi","@id":"https:\/\/etnoart.eu\/#\/schema\/logo\/image\/","url":"https:\/\/etnoart.eu\/wp-content\/uploads\/2023\/06\/etnoart-logo.png","contentUrl":"https:\/\/etnoart.eu\/wp-content\/uploads\/2023\/06\/etnoart-logo.png","width":491,"height":184,"caption":"Etnoart O\u00dc"},"image":{"@id":"https:\/\/etnoart.eu\/#\/schema\/logo\/image\/"},"sameAs":["https:\/\/www.facebook.com\/etnoart.handicraft.shop"]}]}},"builder_content":"","_links":{"self":[{"href":"https:\/\/etnoart.eu\/fi\/wp-json\/wp\/v2\/product\/5460","targetHints":{"allow":["GET"]}}],"collection":[{"href":"https:\/\/etnoart.eu\/fi\/wp-json\/wp\/v2\/product"}],"about":[{"href":"https:\/\/etnoart.eu\/fi\/wp-json\/wp\/v2\/types\/product"}],"wp:featuredmedia":[{"embeddable":true,"href":"https:\/\/etnoart.eu\/fi\/wp-json\/wp\/v2\/media\/5468"}],"wp:attachment":[{"href":"https:\/\/etnoart.eu\/fi\/wp-json\/wp\/v2\/media?parent=5460"}],"wp:term":[{"taxonomy":"product_brand","embeddable":true,"href":"https:\/\/etnoart.eu\/fi\/wp-json\/wp\/v2\/product_brand?post=5460"},{"taxonomy":"product_cat","embeddable":true,"href":"https:\/\/etnoart.eu\/fi\/wp-json\/wp\/v2\/product_cat?post=5460"},{"taxonomy":"product_tag","embeddable":true,"href":"https:\/\/etnoart.eu\/fi\/wp-json\/wp\/v2\/product_tag?post=5460"}],"curies":[{"name":"wp","href":"https:\/\/api.w.org\/{rel}","templated":true}]}}