{"id":5417,"date":"2023-06-08T08:50:59","date_gmt":"2023-06-08T08:50:59","guid":{"rendered":"https:\/\/etnoart.eu\/toode\/riputusnagi-3-ne\/"},"modified":"2025-03-16T11:53:39","modified_gmt":"2025-03-16T11:53:39","slug":"seinanaulakko-3","status":"publish","type":"product","link":"https:\/\/etnoart.eu\/fi\/toode\/seinanaulakko-3\/","title":{"rendered":"Sein\u00e4naulakko 3"},"content":{"rendered":"<p><strong>Sein\u00e4naulakko 3<\/strong> \u2013 K\u00e4sintaottu metallinaulakko kolmella koukulla<\/p>\n<p>T\u00e4m\u00e4 sein\u00e4naulakko on t\u00e4ydellinen takkien, pyyhkeiden, patakintaiden tai muiden asusteiden ripustamiseen.<\/p>\n<p>K\u00e4sintaottu metallitanko on koristeellisella kohokuviolla ja kaareutuu hieman sein\u00e4st\u00e4 ulosp\u00e4in.<\/p>\n<p>Kolme kest\u00e4v\u00e4\u00e4 koukkua on tukevasti kiinnitetty tankoon monipuoliseen k\u00e4ytt\u00f6\u00f6n.<\/p>\n<p>Lakkaviimeistely suojaa pintaa, mutta tuote soveltuu vain sis\u00e4k\u00e4ytt\u00f6\u00f6n.<\/p>\n<p>T\u00e4ydellinen eteiseen, keitti\u00f6\u00f6n tai muihin tiloihin k\u00e4yt\u00e4nn\u00f6lliseksi ja tyylikk\u00e4\u00e4ksi s\u00e4ilytysratkaisuksi.<\/p>\n","protected":false},"excerpt":{"rendered":"<p>Sein\u00e4naulakko 3 \u2013 k\u00e4sintaottu metallinaulakko kolmella koukulla. Kest\u00e4v\u00e4 ja tyylik\u00e4s eteiseen, keitti\u00f6\u00f6n tai k\u00e4yt\u00e4ville. Vain sis\u00e4k\u00e4ytt\u00f6\u00f6n.<br \/>\n<strong>Paino:<\/strong> 0,65 kg<br \/>\n<strong>Tuotteen korkeus:<\/strong> 10cm<br \/>\n<strong>Leveys:<\/strong> 39cm<br \/>\n<strong>Tuotteen viimeistely:<\/strong> Tuote on lakattu.<\/p>\n","protected":false},"featured_media":5424,"template":"","meta":[],"product_brand":[],"product_cat":[423],"product_tag":[],"class_list":{"0":"post-5417","1":"product","2":"type-product","3":"status-publish","4":"has-post-thumbnail","6":"product_cat-vaatetelineet-vaatetangot-koukut","7":"has-post-title","8":"has-post-date","9":"has-post-category","10":"has-post-tag","11":"has-post-comment","12":"has-post-author","13":"","15":"first","16":"instock","17":"taxable","18":"shipping-taxable","19":"purchasable","20":"product-type-simple"},"yoast_head":"<!-- This site is optimized with the Yoast SEO plugin v27.4 - https:\/\/yoast.com\/product\/yoast-seo-wordpress\/ -->\n<title>Sein\u00e4naulakko 3 |EtnoArt| Vaatetangot, Koukut<\/title>\n<meta name=\"description\" content=\"Sein\u00e4naulakko 3 \u2013 k\u00e4sintaottu metallinaulakko kolmella koukulla. Kest\u00e4v\u00e4 ja tyylik\u00e4s eteiseen, keitti\u00f6\u00f6n tai k\u00e4yt\u00e4ville. Vain sis\u00e4k\u00e4ytt\u00f6\u00f6n.\" \/>\n<meta name=\"robots\" content=\"index, follow, max-snippet:-1, max-image-preview:large, max-video-preview:-1\" \/>\n<link rel=\"canonical\" href=\"https:\/\/etnoart.eu\/fi\/toode\/seinanaulakko-3\/\" \/>\n<meta property=\"og:locale\" content=\"fi_FI\" \/>\n<meta property=\"og:type\" content=\"article\" \/>\n<meta property=\"og:title\" content=\"Sein\u00e4naulakko 3 |EtnoArt| Vaatetangot, Koukut\" \/>\n<meta property=\"og:description\" content=\"Sein\u00e4naulakko 3 \u2013 k\u00e4sintaottu metallinaulakko kolmella koukulla. Kest\u00e4v\u00e4 ja tyylik\u00e4s eteiseen, keitti\u00f6\u00f6n tai k\u00e4yt\u00e4ville. Vain sis\u00e4k\u00e4ytt\u00f6\u00f6n.\" \/>\n<meta property=\"og:url\" content=\"https:\/\/etnoart.eu\/fi\/toode\/seinanaulakko-3\/\" \/>\n<meta property=\"og:site_name\" content=\"Etnoart\" \/>\n<meta property=\"article:publisher\" content=\"https:\/\/www.facebook.com\/etnoart.handicraft.shop\" \/>\n<meta property=\"article:modified_time\" content=\"2025-03-16T11:53:39+00:00\" \/>\n<meta property=\"og:image\" content=\"https:\/\/etnoart.eu\/wp-content\/uploads\/2023\/06\/Riputusnagi-3-ne-Wall-mounted-coat-rack-3-Garderobenhakenleiste-3-Seinanaulakko-3.png\" \/>\n\t<meta property=\"og:image:width\" content=\"607\" \/>\n\t<meta property=\"og:image:height\" content=\"607\" \/>\n\t<meta property=\"og:image:type\" content=\"image\/png\" \/>\n<meta name=\"twitter:card\" content=\"summary_large_image\" \/>\n<meta name=\"twitter:label1\" content=\"Arvioitu lukuaika\" \/>\n\t<meta name=\"twitter:data1\" content=\"1 minuutti\" \/>\n<script type=\"application\/ld+json\" class=\"yoast-schema-graph\">{\"@context\":\"https:\\\/\\\/schema.org\",\"@graph\":[{\"@type\":\"WebPage\",\"@id\":\"https:\\\/\\\/etnoart.eu\\\/fi\\\/toode\\\/seinanaulakko-3\\\/\",\"url\":\"https:\\\/\\\/etnoart.eu\\\/fi\\\/toode\\\/seinanaulakko-3\\\/\",\"name\":\"Sein\u00e4naulakko 3 |EtnoArt| Vaatetangot, Koukut\",\"isPartOf\":{\"@id\":\"https:\\\/\\\/etnoart.eu\\\/#website\"},\"primaryImageOfPage\":{\"@id\":\"https:\\\/\\\/etnoart.eu\\\/fi\\\/toode\\\/seinanaulakko-3\\\/#primaryimage\"},\"image\":{\"@id\":\"https:\\\/\\\/etnoart.eu\\\/fi\\\/toode\\\/seinanaulakko-3\\\/#primaryimage\"},\"thumbnailUrl\":\"https:\\\/\\\/etnoart.eu\\\/wp-content\\\/uploads\\\/2023\\\/06\\\/Riputusnagi-3-ne-Wall-mounted-coat-rack-3-Garderobenhakenleiste-3-Seinanaulakko-3.png\",\"datePublished\":\"2023-06-08T08:50:59+00:00\",\"dateModified\":\"2025-03-16T11:53:39+00:00\",\"description\":\"Sein\u00e4naulakko 3 \u2013 k\u00e4sintaottu metallinaulakko kolmella koukulla. Kest\u00e4v\u00e4 ja tyylik\u00e4s eteiseen, keitti\u00f6\u00f6n tai k\u00e4yt\u00e4ville. Vain sis\u00e4k\u00e4ytt\u00f6\u00f6n.\",\"breadcrumb\":{\"@id\":\"https:\\\/\\\/etnoart.eu\\\/fi\\\/toode\\\/seinanaulakko-3\\\/#breadcrumb\"},\"inLanguage\":\"fi\",\"potentialAction\":[{\"@type\":\"ReadAction\",\"target\":[\"https:\\\/\\\/etnoart.eu\\\/fi\\\/toode\\\/seinanaulakko-3\\\/\"]}]},{\"@type\":\"ImageObject\",\"inLanguage\":\"fi\",\"@id\":\"https:\\\/\\\/etnoart.eu\\\/fi\\\/toode\\\/seinanaulakko-3\\\/#primaryimage\",\"url\":\"https:\\\/\\\/etnoart.eu\\\/wp-content\\\/uploads\\\/2023\\\/06\\\/Riputusnagi-3-ne-Wall-mounted-coat-rack-3-Garderobenhakenleiste-3-Seinanaulakko-3.png\",\"contentUrl\":\"https:\\\/\\\/etnoart.eu\\\/wp-content\\\/uploads\\\/2023\\\/06\\\/Riputusnagi-3-ne-Wall-mounted-coat-rack-3-Garderobenhakenleiste-3-Seinanaulakko-3.png\",\"width\":607,\"height\":607,\"caption\":\"Sein\u00e4naulakko 3\"},{\"@type\":\"BreadcrumbList\",\"@id\":\"https:\\\/\\\/etnoart.eu\\\/fi\\\/toode\\\/seinanaulakko-3\\\/#breadcrumb\",\"itemListElement\":[{\"@type\":\"ListItem\",\"position\":1,\"name\":\"Home\",\"item\":\"https:\\\/\\\/etnoart.eu\\\/fi\\\/\"},{\"@type\":\"ListItem\",\"position\":2,\"name\":\"Shop\",\"item\":\"https:\\\/\\\/etnoart.eu\\\/pood\\\/\"},{\"@type\":\"ListItem\",\"position\":3,\"name\":\"Sein\u00e4naulakko 3\"}]},{\"@type\":\"WebSite\",\"@id\":\"https:\\\/\\\/etnoart.eu\\\/#website\",\"url\":\"https:\\\/\\\/etnoart.eu\\\/\",\"name\":\"Etnoart\",\"description\":\"K&auml;sit&ouml;&ouml;pood\",\"publisher\":{\"@id\":\"https:\\\/\\\/etnoart.eu\\\/#organization\"},\"potentialAction\":[{\"@type\":\"SearchAction\",\"target\":{\"@type\":\"EntryPoint\",\"urlTemplate\":\"https:\\\/\\\/etnoart.eu\\\/?s={search_term_string}\"},\"query-input\":{\"@type\":\"PropertyValueSpecification\",\"valueRequired\":true,\"valueName\":\"search_term_string\"}}],\"inLanguage\":\"fi\"},{\"@type\":\"Organization\",\"@id\":\"https:\\\/\\\/etnoart.eu\\\/#organization\",\"name\":\"Etnoart O\u00dc\",\"url\":\"https:\\\/\\\/etnoart.eu\\\/\",\"logo\":{\"@type\":\"ImageObject\",\"inLanguage\":\"fi\",\"@id\":\"https:\\\/\\\/etnoart.eu\\\/#\\\/schema\\\/logo\\\/image\\\/\",\"url\":\"https:\\\/\\\/etnoart.eu\\\/wp-content\\\/uploads\\\/2023\\\/06\\\/etnoart-logo.png\",\"contentUrl\":\"https:\\\/\\\/etnoart.eu\\\/wp-content\\\/uploads\\\/2023\\\/06\\\/etnoart-logo.png\",\"width\":491,\"height\":184,\"caption\":\"Etnoart O\u00dc\"},\"image\":{\"@id\":\"https:\\\/\\\/etnoart.eu\\\/#\\\/schema\\\/logo\\\/image\\\/\"},\"sameAs\":[\"https:\\\/\\\/www.facebook.com\\\/etnoart.handicraft.shop\"]}]}<\/script>\n<!-- \/ Yoast SEO plugin. -->","yoast_head_json":{"title":"Sein\u00e4naulakko 3 |EtnoArt| Vaatetangot, Koukut","description":"Sein\u00e4naulakko 3 \u2013 k\u00e4sintaottu metallinaulakko kolmella koukulla. Kest\u00e4v\u00e4 ja tyylik\u00e4s eteiseen, keitti\u00f6\u00f6n tai k\u00e4yt\u00e4ville. Vain sis\u00e4k\u00e4ytt\u00f6\u00f6n.","robots":{"index":"index","follow":"follow","max-snippet":"max-snippet:-1","max-image-preview":"max-image-preview:large","max-video-preview":"max-video-preview:-1"},"canonical":"https:\/\/etnoart.eu\/fi\/toode\/seinanaulakko-3\/","og_locale":"fi_FI","og_type":"article","og_title":"Sein\u00e4naulakko 3 |EtnoArt| Vaatetangot, Koukut","og_description":"Sein\u00e4naulakko 3 \u2013 k\u00e4sintaottu metallinaulakko kolmella koukulla. Kest\u00e4v\u00e4 ja tyylik\u00e4s eteiseen, keitti\u00f6\u00f6n tai k\u00e4yt\u00e4ville. Vain sis\u00e4k\u00e4ytt\u00f6\u00f6n.","og_url":"https:\/\/etnoart.eu\/fi\/toode\/seinanaulakko-3\/","og_site_name":"Etnoart","article_publisher":"https:\/\/www.facebook.com\/etnoart.handicraft.shop","article_modified_time":"2025-03-16T11:53:39+00:00","og_image":[{"width":607,"height":607,"url":"https:\/\/etnoart.eu\/wp-content\/uploads\/2023\/06\/Riputusnagi-3-ne-Wall-mounted-coat-rack-3-Garderobenhakenleiste-3-Seinanaulakko-3.png","type":"image\/png"}],"twitter_card":"summary_large_image","twitter_misc":{"Arvioitu lukuaika":"1 minuutti"},"schema":{"@context":"https:\/\/schema.org","@graph":[{"@type":"WebPage","@id":"https:\/\/etnoart.eu\/fi\/toode\/seinanaulakko-3\/","url":"https:\/\/etnoart.eu\/fi\/toode\/seinanaulakko-3\/","name":"Sein\u00e4naulakko 3 |EtnoArt| Vaatetangot, Koukut","isPartOf":{"@id":"https:\/\/etnoart.eu\/#website"},"primaryImageOfPage":{"@id":"https:\/\/etnoart.eu\/fi\/toode\/seinanaulakko-3\/#primaryimage"},"image":{"@id":"https:\/\/etnoart.eu\/fi\/toode\/seinanaulakko-3\/#primaryimage"},"thumbnailUrl":"https:\/\/etnoart.eu\/wp-content\/uploads\/2023\/06\/Riputusnagi-3-ne-Wall-mounted-coat-rack-3-Garderobenhakenleiste-3-Seinanaulakko-3.png","datePublished":"2023-06-08T08:50:59+00:00","dateModified":"2025-03-16T11:53:39+00:00","description":"Sein\u00e4naulakko 3 \u2013 k\u00e4sintaottu metallinaulakko kolmella koukulla. Kest\u00e4v\u00e4 ja tyylik\u00e4s eteiseen, keitti\u00f6\u00f6n tai k\u00e4yt\u00e4ville. Vain sis\u00e4k\u00e4ytt\u00f6\u00f6n.","breadcrumb":{"@id":"https:\/\/etnoart.eu\/fi\/toode\/seinanaulakko-3\/#breadcrumb"},"inLanguage":"fi","potentialAction":[{"@type":"ReadAction","target":["https:\/\/etnoart.eu\/fi\/toode\/seinanaulakko-3\/"]}]},{"@type":"ImageObject","inLanguage":"fi","@id":"https:\/\/etnoart.eu\/fi\/toode\/seinanaulakko-3\/#primaryimage","url":"https:\/\/etnoart.eu\/wp-content\/uploads\/2023\/06\/Riputusnagi-3-ne-Wall-mounted-coat-rack-3-Garderobenhakenleiste-3-Seinanaulakko-3.png","contentUrl":"https:\/\/etnoart.eu\/wp-content\/uploads\/2023\/06\/Riputusnagi-3-ne-Wall-mounted-coat-rack-3-Garderobenhakenleiste-3-Seinanaulakko-3.png","width":607,"height":607,"caption":"Sein\u00e4naulakko 3"},{"@type":"BreadcrumbList","@id":"https:\/\/etnoart.eu\/fi\/toode\/seinanaulakko-3\/#breadcrumb","itemListElement":[{"@type":"ListItem","position":1,"name":"Home","item":"https:\/\/etnoart.eu\/fi\/"},{"@type":"ListItem","position":2,"name":"Shop","item":"https:\/\/etnoart.eu\/pood\/"},{"@type":"ListItem","position":3,"name":"Sein\u00e4naulakko 3"}]},{"@type":"WebSite","@id":"https:\/\/etnoart.eu\/#website","url":"https:\/\/etnoart.eu\/","name":"Etnoart","description":"K&auml;sit&ouml;&ouml;pood","publisher":{"@id":"https:\/\/etnoart.eu\/#organization"},"potentialAction":[{"@type":"SearchAction","target":{"@type":"EntryPoint","urlTemplate":"https:\/\/etnoart.eu\/?s={search_term_string}"},"query-input":{"@type":"PropertyValueSpecification","valueRequired":true,"valueName":"search_term_string"}}],"inLanguage":"fi"},{"@type":"Organization","@id":"https:\/\/etnoart.eu\/#organization","name":"Etnoart O\u00dc","url":"https:\/\/etnoart.eu\/","logo":{"@type":"ImageObject","inLanguage":"fi","@id":"https:\/\/etnoart.eu\/#\/schema\/logo\/image\/","url":"https:\/\/etnoart.eu\/wp-content\/uploads\/2023\/06\/etnoart-logo.png","contentUrl":"https:\/\/etnoart.eu\/wp-content\/uploads\/2023\/06\/etnoart-logo.png","width":491,"height":184,"caption":"Etnoart O\u00dc"},"image":{"@id":"https:\/\/etnoart.eu\/#\/schema\/logo\/image\/"},"sameAs":["https:\/\/www.facebook.com\/etnoart.handicraft.shop"]}]}},"builder_content":"","_links":{"self":[{"href":"https:\/\/etnoart.eu\/fi\/wp-json\/wp\/v2\/product\/5417","targetHints":{"allow":["GET"]}}],"collection":[{"href":"https:\/\/etnoart.eu\/fi\/wp-json\/wp\/v2\/product"}],"about":[{"href":"https:\/\/etnoart.eu\/fi\/wp-json\/wp\/v2\/types\/product"}],"wp:featuredmedia":[{"embeddable":true,"href":"https:\/\/etnoart.eu\/fi\/wp-json\/wp\/v2\/media\/5424"}],"wp:attachment":[{"href":"https:\/\/etnoart.eu\/fi\/wp-json\/wp\/v2\/media?parent=5417"}],"wp:term":[{"taxonomy":"product_brand","embeddable":true,"href":"https:\/\/etnoart.eu\/fi\/wp-json\/wp\/v2\/product_brand?post=5417"},{"taxonomy":"product_cat","embeddable":true,"href":"https:\/\/etnoart.eu\/fi\/wp-json\/wp\/v2\/product_cat?post=5417"},{"taxonomy":"product_tag","embeddable":true,"href":"https:\/\/etnoart.eu\/fi\/wp-json\/wp\/v2\/product_tag?post=5417"}],"curies":[{"name":"wp","href":"https:\/\/api.w.org\/{rel}","templated":true}]}}