{"id":5401,"date":"2023-06-08T08:50:35","date_gmt":"2023-06-08T08:50:35","guid":{"rendered":"https:\/\/etnoart.eu\/toode\/kaheosaline-riidenagi\/"},"modified":"2025-03-16T10:22:54","modified_gmt":"2025-03-16T10:22:54","slug":"kaksoisnaulakko","status":"publish","type":"product","link":"https:\/\/etnoart.eu\/fi\/toode\/kaksoisnaulakko\/","title":{"rendered":"Kaksoisnaulakko"},"content":{"rendered":"<p><strong>Kaksoisnaulakko <\/strong>\u2013 K\u00e4sintaottu ja kest\u00e4v\u00e4 sein\u00e4koukku vaatteille ja asusteille<\/p>\n<p>T\u00e4m\u00e4 kaksoisnaulakko sopii t\u00e4ydellisesti takkien, hattujen ja asusteiden ripustamiseen sis\u00e4tiloissa.<\/p>\n<p>K\u00e4sintaottu metallirakenne takaa kest\u00e4vyyden ja tyylikk\u00e4\u00e4n rustiikkisen ulkon\u00e4\u00f6n.<\/p>\n<p>Helppo kiinnitt\u00e4\u00e4 sein\u00e4\u00e4n tai puulevyyn kahden koristeellisen ruuvin avulla.<\/p>\n<p>Alemman koukun voi k\u00e4ytt\u00e4\u00e4 takkien ripustamiseen, ylempi sopii hatuille ja huiveille.<\/p>\n<p>Lakkaviimeistely suojaa pintaa, mutta ei sovellu ulkok\u00e4ytt\u00f6\u00f6n.<\/p>\n<p>T\u00e4ydellinen eteiseen, vaatehuoneeseen tai toimistoon tyylikk\u00e4\u00e4n\u00e4 ja k\u00e4yt\u00e4nn\u00f6llisen\u00e4 ratkaisuna.<\/p>\n","protected":false},"excerpt":{"rendered":"<p>Kaksoisnaulakko \u2013 k\u00e4sintaottu metallikoukku takeille ja hatuille. Tukeva ruuvikiinnitys, kest\u00e4v\u00e4 muotoilu, ihanteellinen sis\u00e4tiloihin.<br \/>\n<strong>Paino:<\/strong> 0,1 kg<br \/>\n<strong>Tuotteen korkeus:<\/strong> 16cm<br \/>\n<strong>Leveys:<\/strong> 5cm<br \/>\n<strong>Tuotteen viimeistely:<\/strong> Tuote on lakattu.<\/p>\n","protected":false},"featured_media":5412,"template":"","meta":[],"product_brand":[],"product_cat":[423],"product_tag":[],"class_list":{"0":"post-5401","1":"product","2":"type-product","3":"status-publish","4":"has-post-thumbnail","6":"product_cat-vaatetelineet-vaatetangot-koukut","7":"has-post-title","8":"has-post-date","9":"has-post-category","10":"has-post-tag","11":"has-post-comment","12":"has-post-author","13":"","15":"first","16":"instock","17":"taxable","18":"shipping-taxable","19":"purchasable","20":"product-type-simple"},"yoast_head":"<!-- This site is optimized with the Yoast SEO plugin v27.3 - https:\/\/yoast.com\/product\/yoast-seo-wordpress\/ -->\n<title>Kaksoisnaulakko |EtnoArt| Erilaiset Vaatetangot, Koukut<\/title>\n<meta name=\"description\" content=\"Kaksoisnaulakko \u2013 k\u00e4sintaottu metallikoukku takeille ja hatuille. Tukeva ruuvikiinnitys, kest\u00e4v\u00e4 muotoilu, ihanteellinen sis\u00e4tiloihin.\" \/>\n<meta name=\"robots\" content=\"index, follow, max-snippet:-1, max-image-preview:large, max-video-preview:-1\" \/>\n<link rel=\"canonical\" href=\"https:\/\/etnoart.eu\/fi\/toode\/kaksoisnaulakko\/\" \/>\n<meta property=\"og:locale\" content=\"fi_FI\" \/>\n<meta property=\"og:type\" content=\"article\" \/>\n<meta property=\"og:title\" content=\"Kaksoisnaulakko |EtnoArt| Erilaiset Vaatetangot, Koukut\" \/>\n<meta property=\"og:description\" content=\"Kaksoisnaulakko \u2013 k\u00e4sintaottu metallikoukku takeille ja hatuille. Tukeva ruuvikiinnitys, kest\u00e4v\u00e4 muotoilu, ihanteellinen sis\u00e4tiloihin.\" \/>\n<meta property=\"og:url\" content=\"https:\/\/etnoart.eu\/fi\/toode\/kaksoisnaulakko\/\" \/>\n<meta property=\"og:site_name\" content=\"Etnoart\" \/>\n<meta property=\"article:publisher\" content=\"https:\/\/www.facebook.com\/etnoart.handicraft.shop\" \/>\n<meta property=\"article:modified_time\" content=\"2025-03-16T10:22:54+00:00\" \/>\n<meta property=\"og:image\" content=\"https:\/\/etnoart.eu\/wp-content\/uploads\/2023\/06\/116-Nagi-Nagid-ja-lattnagid.jpg\" \/>\n\t<meta property=\"og:image:width\" content=\"683\" \/>\n\t<meta property=\"og:image:height\" content=\"1024\" \/>\n\t<meta property=\"og:image:type\" content=\"image\/jpeg\" \/>\n<meta name=\"twitter:card\" content=\"summary_large_image\" \/>\n<meta name=\"twitter:label1\" content=\"Arvioitu lukuaika\" \/>\n\t<meta name=\"twitter:data1\" content=\"1 minuutti\" \/>\n<script type=\"application\/ld+json\" class=\"yoast-schema-graph\">{\"@context\":\"https:\\\/\\\/schema.org\",\"@graph\":[{\"@type\":\"WebPage\",\"@id\":\"https:\\\/\\\/etnoart.eu\\\/fi\\\/toode\\\/kaksoisnaulakko\\\/\",\"url\":\"https:\\\/\\\/etnoart.eu\\\/fi\\\/toode\\\/kaksoisnaulakko\\\/\",\"name\":\"Kaksoisnaulakko |EtnoArt| Erilaiset Vaatetangot, Koukut\",\"isPartOf\":{\"@id\":\"https:\\\/\\\/etnoart.eu\\\/#website\"},\"primaryImageOfPage\":{\"@id\":\"https:\\\/\\\/etnoart.eu\\\/fi\\\/toode\\\/kaksoisnaulakko\\\/#primaryimage\"},\"image\":{\"@id\":\"https:\\\/\\\/etnoart.eu\\\/fi\\\/toode\\\/kaksoisnaulakko\\\/#primaryimage\"},\"thumbnailUrl\":\"https:\\\/\\\/etnoart.eu\\\/wp-content\\\/uploads\\\/2023\\\/06\\\/Kaheosaline-riidenagi-Double-Coat-Hook-Doppelhaken-Kaksoisnaulakko-1.png\",\"datePublished\":\"2023-06-08T08:50:35+00:00\",\"dateModified\":\"2025-03-16T10:22:54+00:00\",\"description\":\"Kaksoisnaulakko \u2013 k\u00e4sintaottu metallikoukku takeille ja hatuille. Tukeva ruuvikiinnitys, kest\u00e4v\u00e4 muotoilu, ihanteellinen sis\u00e4tiloihin.\",\"breadcrumb\":{\"@id\":\"https:\\\/\\\/etnoart.eu\\\/fi\\\/toode\\\/kaksoisnaulakko\\\/#breadcrumb\"},\"inLanguage\":\"fi\",\"potentialAction\":[{\"@type\":\"ReadAction\",\"target\":[\"https:\\\/\\\/etnoart.eu\\\/fi\\\/toode\\\/kaksoisnaulakko\\\/\"]}]},{\"@type\":\"ImageObject\",\"inLanguage\":\"fi\",\"@id\":\"https:\\\/\\\/etnoart.eu\\\/fi\\\/toode\\\/kaksoisnaulakko\\\/#primaryimage\",\"url\":\"https:\\\/\\\/etnoart.eu\\\/wp-content\\\/uploads\\\/2023\\\/06\\\/Kaheosaline-riidenagi-Double-Coat-Hook-Doppelhaken-Kaksoisnaulakko-1.png\",\"contentUrl\":\"https:\\\/\\\/etnoart.eu\\\/wp-content\\\/uploads\\\/2023\\\/06\\\/Kaheosaline-riidenagi-Double-Coat-Hook-Doppelhaken-Kaksoisnaulakko-1.png\",\"width\":1000,\"height\":1000,\"caption\":\"Kaksoisnaulakko\"},{\"@type\":\"BreadcrumbList\",\"@id\":\"https:\\\/\\\/etnoart.eu\\\/fi\\\/toode\\\/kaksoisnaulakko\\\/#breadcrumb\",\"itemListElement\":[{\"@type\":\"ListItem\",\"position\":1,\"name\":\"Home\",\"item\":\"https:\\\/\\\/etnoart.eu\\\/fi\\\/\"},{\"@type\":\"ListItem\",\"position\":2,\"name\":\"Shop\",\"item\":\"https:\\\/\\\/etnoart.eu\\\/pood\\\/\"},{\"@type\":\"ListItem\",\"position\":3,\"name\":\"Kaksoisnaulakko\"}]},{\"@type\":\"WebSite\",\"@id\":\"https:\\\/\\\/etnoart.eu\\\/#website\",\"url\":\"https:\\\/\\\/etnoart.eu\\\/\",\"name\":\"Etnoart\",\"description\":\"K&auml;sit&ouml;&ouml;pood\",\"publisher\":{\"@id\":\"https:\\\/\\\/etnoart.eu\\\/#organization\"},\"potentialAction\":[{\"@type\":\"SearchAction\",\"target\":{\"@type\":\"EntryPoint\",\"urlTemplate\":\"https:\\\/\\\/etnoart.eu\\\/?s={search_term_string}\"},\"query-input\":{\"@type\":\"PropertyValueSpecification\",\"valueRequired\":true,\"valueName\":\"search_term_string\"}}],\"inLanguage\":\"fi\"},{\"@type\":\"Organization\",\"@id\":\"https:\\\/\\\/etnoart.eu\\\/#organization\",\"name\":\"Etnoart O\u00dc\",\"url\":\"https:\\\/\\\/etnoart.eu\\\/\",\"logo\":{\"@type\":\"ImageObject\",\"inLanguage\":\"fi\",\"@id\":\"https:\\\/\\\/etnoart.eu\\\/#\\\/schema\\\/logo\\\/image\\\/\",\"url\":\"https:\\\/\\\/etnoart.eu\\\/wp-content\\\/uploads\\\/2023\\\/06\\\/etnoart-logo.png\",\"contentUrl\":\"https:\\\/\\\/etnoart.eu\\\/wp-content\\\/uploads\\\/2023\\\/06\\\/etnoart-logo.png\",\"width\":491,\"height\":184,\"caption\":\"Etnoart O\u00dc\"},\"image\":{\"@id\":\"https:\\\/\\\/etnoart.eu\\\/#\\\/schema\\\/logo\\\/image\\\/\"},\"sameAs\":[\"https:\\\/\\\/www.facebook.com\\\/etnoart.handicraft.shop\"]}]}<\/script>\n<!-- \/ Yoast SEO plugin. -->","yoast_head_json":{"title":"Kaksoisnaulakko |EtnoArt| Erilaiset Vaatetangot, Koukut","description":"Kaksoisnaulakko \u2013 k\u00e4sintaottu metallikoukku takeille ja hatuille. Tukeva ruuvikiinnitys, kest\u00e4v\u00e4 muotoilu, ihanteellinen sis\u00e4tiloihin.","robots":{"index":"index","follow":"follow","max-snippet":"max-snippet:-1","max-image-preview":"max-image-preview:large","max-video-preview":"max-video-preview:-1"},"canonical":"https:\/\/etnoart.eu\/fi\/toode\/kaksoisnaulakko\/","og_locale":"fi_FI","og_type":"article","og_title":"Kaksoisnaulakko |EtnoArt| Erilaiset Vaatetangot, Koukut","og_description":"Kaksoisnaulakko \u2013 k\u00e4sintaottu metallikoukku takeille ja hatuille. Tukeva ruuvikiinnitys, kest\u00e4v\u00e4 muotoilu, ihanteellinen sis\u00e4tiloihin.","og_url":"https:\/\/etnoart.eu\/fi\/toode\/kaksoisnaulakko\/","og_site_name":"Etnoart","article_publisher":"https:\/\/www.facebook.com\/etnoart.handicraft.shop","article_modified_time":"2025-03-16T10:22:54+00:00","og_image":[{"width":683,"height":1024,"url":"https:\/\/etnoart.eu\/wp-content\/uploads\/2023\/06\/116-Nagi-Nagid-ja-lattnagid.jpg","type":"image\/jpeg"}],"twitter_card":"summary_large_image","twitter_misc":{"Arvioitu lukuaika":"1 minuutti"},"schema":{"@context":"https:\/\/schema.org","@graph":[{"@type":"WebPage","@id":"https:\/\/etnoart.eu\/fi\/toode\/kaksoisnaulakko\/","url":"https:\/\/etnoart.eu\/fi\/toode\/kaksoisnaulakko\/","name":"Kaksoisnaulakko |EtnoArt| Erilaiset Vaatetangot, Koukut","isPartOf":{"@id":"https:\/\/etnoart.eu\/#website"},"primaryImageOfPage":{"@id":"https:\/\/etnoart.eu\/fi\/toode\/kaksoisnaulakko\/#primaryimage"},"image":{"@id":"https:\/\/etnoart.eu\/fi\/toode\/kaksoisnaulakko\/#primaryimage"},"thumbnailUrl":"https:\/\/etnoart.eu\/wp-content\/uploads\/2023\/06\/Kaheosaline-riidenagi-Double-Coat-Hook-Doppelhaken-Kaksoisnaulakko-1.png","datePublished":"2023-06-08T08:50:35+00:00","dateModified":"2025-03-16T10:22:54+00:00","description":"Kaksoisnaulakko \u2013 k\u00e4sintaottu metallikoukku takeille ja hatuille. Tukeva ruuvikiinnitys, kest\u00e4v\u00e4 muotoilu, ihanteellinen sis\u00e4tiloihin.","breadcrumb":{"@id":"https:\/\/etnoart.eu\/fi\/toode\/kaksoisnaulakko\/#breadcrumb"},"inLanguage":"fi","potentialAction":[{"@type":"ReadAction","target":["https:\/\/etnoart.eu\/fi\/toode\/kaksoisnaulakko\/"]}]},{"@type":"ImageObject","inLanguage":"fi","@id":"https:\/\/etnoart.eu\/fi\/toode\/kaksoisnaulakko\/#primaryimage","url":"https:\/\/etnoart.eu\/wp-content\/uploads\/2023\/06\/Kaheosaline-riidenagi-Double-Coat-Hook-Doppelhaken-Kaksoisnaulakko-1.png","contentUrl":"https:\/\/etnoart.eu\/wp-content\/uploads\/2023\/06\/Kaheosaline-riidenagi-Double-Coat-Hook-Doppelhaken-Kaksoisnaulakko-1.png","width":1000,"height":1000,"caption":"Kaksoisnaulakko"},{"@type":"BreadcrumbList","@id":"https:\/\/etnoart.eu\/fi\/toode\/kaksoisnaulakko\/#breadcrumb","itemListElement":[{"@type":"ListItem","position":1,"name":"Home","item":"https:\/\/etnoart.eu\/fi\/"},{"@type":"ListItem","position":2,"name":"Shop","item":"https:\/\/etnoart.eu\/pood\/"},{"@type":"ListItem","position":3,"name":"Kaksoisnaulakko"}]},{"@type":"WebSite","@id":"https:\/\/etnoart.eu\/#website","url":"https:\/\/etnoart.eu\/","name":"Etnoart","description":"K&auml;sit&ouml;&ouml;pood","publisher":{"@id":"https:\/\/etnoart.eu\/#organization"},"potentialAction":[{"@type":"SearchAction","target":{"@type":"EntryPoint","urlTemplate":"https:\/\/etnoart.eu\/?s={search_term_string}"},"query-input":{"@type":"PropertyValueSpecification","valueRequired":true,"valueName":"search_term_string"}}],"inLanguage":"fi"},{"@type":"Organization","@id":"https:\/\/etnoart.eu\/#organization","name":"Etnoart O\u00dc","url":"https:\/\/etnoart.eu\/","logo":{"@type":"ImageObject","inLanguage":"fi","@id":"https:\/\/etnoart.eu\/#\/schema\/logo\/image\/","url":"https:\/\/etnoart.eu\/wp-content\/uploads\/2023\/06\/etnoart-logo.png","contentUrl":"https:\/\/etnoart.eu\/wp-content\/uploads\/2023\/06\/etnoart-logo.png","width":491,"height":184,"caption":"Etnoart O\u00dc"},"image":{"@id":"https:\/\/etnoart.eu\/#\/schema\/logo\/image\/"},"sameAs":["https:\/\/www.facebook.com\/etnoart.handicraft.shop"]}]}},"builder_content":"","_links":{"self":[{"href":"https:\/\/etnoart.eu\/fi\/wp-json\/wp\/v2\/product\/5401","targetHints":{"allow":["GET"]}}],"collection":[{"href":"https:\/\/etnoart.eu\/fi\/wp-json\/wp\/v2\/product"}],"about":[{"href":"https:\/\/etnoart.eu\/fi\/wp-json\/wp\/v2\/types\/product"}],"wp:featuredmedia":[{"embeddable":true,"href":"https:\/\/etnoart.eu\/fi\/wp-json\/wp\/v2\/media\/5412"}],"wp:attachment":[{"href":"https:\/\/etnoart.eu\/fi\/wp-json\/wp\/v2\/media?parent=5401"}],"wp:term":[{"taxonomy":"product_brand","embeddable":true,"href":"https:\/\/etnoart.eu\/fi\/wp-json\/wp\/v2\/product_brand?post=5401"},{"taxonomy":"product_cat","embeddable":true,"href":"https:\/\/etnoart.eu\/fi\/wp-json\/wp\/v2\/product_cat?post=5401"},{"taxonomy":"product_tag","embeddable":true,"href":"https:\/\/etnoart.eu\/fi\/wp-json\/wp\/v2\/product_tag?post=5401"}],"curies":[{"name":"wp","href":"https:\/\/api.w.org\/{rel}","templated":true}]}}