{"id":5367,"date":"2023-06-08T08:54:10","date_gmt":"2023-06-08T08:54:10","guid":{"rendered":"https:\/\/etnoart.eu\/toode\/lilleampli-hoidja\/"},"modified":"2025-03-15T14:46:30","modified_gmt":"2025-03-15T14:46:30","slug":"ripustuskoukku-kukka-amppelille","status":"publish","type":"product","link":"https:\/\/etnoart.eu\/fi\/toode\/ripustuskoukku-kukka-amppelille\/","title":{"rendered":"Ripustuskoukku kukka-amppelille"},"content":{"rendered":"<p>T\u00e4m\u00e4 ripustuskoukku kukka-amppelille on kest\u00e4v\u00e4 ja tyylik\u00e4s ratkaisu riippuvien kukkaruukkujen ja koriste-esineiden kiinnitt\u00e4miseen. Metallirakenne takaa tukevuuden ja pitk\u00e4n k\u00e4ytt\u00f6i\u00e4n niin sis\u00e4ll\u00e4 kuin ulkona. Koristeellinen koukkumalli sopii hyvin parvekkeelle, terassille, puutarhaan tai kodin sisustukseen. Helppo asentaa sein\u00e4\u00e4n tai muille sopiville pinnoille. T\u00e4m\u00e4 ripustuskoukku kukka-amppelille on k\u00e4yt\u00e4nn\u00f6llinen ja esteettinen valinta kasvien ripustamiseen.<\/p>\n","protected":false},"excerpt":{"rendered":"<p>Metallinen ripustuskoukku kukka-amppelille. Sopii parvekkeelle, terassille ja puutarhaan. Kest\u00e4v\u00e4 ja koristeellinen sein\u00e4kiinnitys sis\u00e4- ja ulkok\u00e4ytt\u00f6\u00f6n.<br \/>\n<strong>Tuotteen korkeus:<\/strong> 24cm<\/p>\n<p><strong>Tuotteen paino:<\/strong> 800g<\/p>\n<p><strong>Tuotteen viimeistely:<\/strong> Maalattu. Tuote on maalattu s\u00e4\u00e4nkest\u00e4v\u00e4ll\u00e4 maalilla.<\/p>\n<p><strong>Sein\u00e4n ulkonema:<\/strong> 35cm<\/p>\n","protected":false},"featured_media":2507,"template":"","meta":[],"product_brand":[],"product_cat":[382],"product_tag":[612,613,614],"class_list":{"0":"post-5367","1":"product","2":"type-product","3":"status-publish","4":"has-post-thumbnail","6":"product_cat-kasvitelineet-amppelikoukut-kukkatelineet","7":"product_tag-amplikandur-fi","8":"product_tag-konsool-lillepotile-fi","9":"product_tag-lilleampli-hoidja-fi","10":"has-post-title","11":"has-post-date","12":"has-post-category","13":"has-post-tag","14":"has-post-comment","15":"has-post-author","16":"","18":"first","19":"instock","20":"taxable","21":"shipping-taxable","22":"purchasable","23":"product-type-simple"},"yoast_head":"<!-- This site is optimized with the Yoast SEO plugin v27.4 - https:\/\/yoast.com\/product\/yoast-seo-wordpress\/ -->\n<title>Ripustuskoukku kukka-amppelille |EtnoArt| Amppelikoukut<\/title>\n<meta name=\"description\" content=\"Metallinen ripustuskoukku kukka-amppelille. Sopii parvekkeelle, terassille ja puutarhaan. Kest\u00e4v\u00e4 ja koristeellinen sein\u00e4kiinnitys sis\u00e4- ja ulkok\u00e4ytt\u00f6\u00f6n.\" \/>\n<meta name=\"robots\" content=\"index, follow, max-snippet:-1, max-image-preview:large, max-video-preview:-1\" \/>\n<link rel=\"canonical\" href=\"https:\/\/etnoart.eu\/fi\/toode\/ripustuskoukku-kukka-amppelille\/\" \/>\n<meta property=\"og:locale\" content=\"fi_FI\" \/>\n<meta property=\"og:type\" content=\"article\" \/>\n<meta property=\"og:title\" content=\"Ripustuskoukku kukka-amppelille |EtnoArt| Amppelikoukut\" \/>\n<meta property=\"og:description\" content=\"Metallinen ripustuskoukku kukka-amppelille. Sopii parvekkeelle, terassille ja puutarhaan. Kest\u00e4v\u00e4 ja koristeellinen sein\u00e4kiinnitys sis\u00e4- ja ulkok\u00e4ytt\u00f6\u00f6n.\" \/>\n<meta property=\"og:url\" content=\"https:\/\/etnoart.eu\/fi\/toode\/ripustuskoukku-kukka-amppelille\/\" \/>\n<meta property=\"og:site_name\" content=\"Etnoart\" \/>\n<meta property=\"article:publisher\" content=\"https:\/\/www.facebook.com\/etnoart.handicraft.shop\" \/>\n<meta property=\"article:modified_time\" content=\"2025-03-15T14:46:30+00:00\" \/>\n<meta property=\"og:image\" content=\"https:\/\/etnoart.eu\/wp-content\/uploads\/2023\/06\/945-Lilleampli-hoidja-Konsoolid-ja-alused-lilledele.jpg\" \/>\n\t<meta property=\"og:image:width\" content=\"750\" \/>\n\t<meta property=\"og:image:height\" content=\"750\" \/>\n\t<meta property=\"og:image:type\" content=\"image\/jpeg\" \/>\n<meta name=\"twitter:card\" content=\"summary_large_image\" \/>\n<meta name=\"twitter:label1\" content=\"Arvioitu lukuaika\" \/>\n\t<meta name=\"twitter:data1\" content=\"1 minuutti\" \/>\n<script type=\"application\/ld+json\" class=\"yoast-schema-graph\">{\"@context\":\"https:\\\/\\\/schema.org\",\"@graph\":[{\"@type\":\"WebPage\",\"@id\":\"https:\\\/\\\/etnoart.eu\\\/fi\\\/toode\\\/ripustuskoukku-kukka-amppelille\\\/\",\"url\":\"https:\\\/\\\/etnoart.eu\\\/fi\\\/toode\\\/ripustuskoukku-kukka-amppelille\\\/\",\"name\":\"Ripustuskoukku kukka-amppelille |EtnoArt| Amppelikoukut\",\"isPartOf\":{\"@id\":\"https:\\\/\\\/etnoart.eu\\\/#website\"},\"primaryImageOfPage\":{\"@id\":\"https:\\\/\\\/etnoart.eu\\\/fi\\\/toode\\\/ripustuskoukku-kukka-amppelille\\\/#primaryimage\"},\"image\":{\"@id\":\"https:\\\/\\\/etnoart.eu\\\/fi\\\/toode\\\/ripustuskoukku-kukka-amppelille\\\/#primaryimage\"},\"thumbnailUrl\":\"https:\\\/\\\/etnoart.eu\\\/wp-content\\\/uploads\\\/2023\\\/06\\\/945-Lilleampli-hoidja-Konsoolid-ja-alused-lilledele.jpg\",\"datePublished\":\"2023-06-08T08:54:10+00:00\",\"dateModified\":\"2025-03-15T14:46:30+00:00\",\"description\":\"Metallinen ripustuskoukku kukka-amppelille. Sopii parvekkeelle, terassille ja puutarhaan. Kest\u00e4v\u00e4 ja koristeellinen sein\u00e4kiinnitys sis\u00e4- ja ulkok\u00e4ytt\u00f6\u00f6n.\",\"breadcrumb\":{\"@id\":\"https:\\\/\\\/etnoart.eu\\\/fi\\\/toode\\\/ripustuskoukku-kukka-amppelille\\\/#breadcrumb\"},\"inLanguage\":\"fi\",\"potentialAction\":[{\"@type\":\"ReadAction\",\"target\":[\"https:\\\/\\\/etnoart.eu\\\/fi\\\/toode\\\/ripustuskoukku-kukka-amppelille\\\/\"]}]},{\"@type\":\"ImageObject\",\"inLanguage\":\"fi\",\"@id\":\"https:\\\/\\\/etnoart.eu\\\/fi\\\/toode\\\/ripustuskoukku-kukka-amppelille\\\/#primaryimage\",\"url\":\"https:\\\/\\\/etnoart.eu\\\/wp-content\\\/uploads\\\/2023\\\/06\\\/945-Lilleampli-hoidja-Konsoolid-ja-alused-lilledele.jpg\",\"contentUrl\":\"https:\\\/\\\/etnoart.eu\\\/wp-content\\\/uploads\\\/2023\\\/06\\\/945-Lilleampli-hoidja-Konsoolid-ja-alused-lilledele.jpg\",\"width\":750,\"height\":750,\"caption\":\"Ripustuskoukku kukka-amppelille\"},{\"@type\":\"BreadcrumbList\",\"@id\":\"https:\\\/\\\/etnoart.eu\\\/fi\\\/toode\\\/ripustuskoukku-kukka-amppelille\\\/#breadcrumb\",\"itemListElement\":[{\"@type\":\"ListItem\",\"position\":1,\"name\":\"Home\",\"item\":\"https:\\\/\\\/etnoart.eu\\\/fi\\\/\"},{\"@type\":\"ListItem\",\"position\":2,\"name\":\"Shop\",\"item\":\"https:\\\/\\\/etnoart.eu\\\/pood\\\/\"},{\"@type\":\"ListItem\",\"position\":3,\"name\":\"Ripustuskoukku kukka-amppelille\"}]},{\"@type\":\"WebSite\",\"@id\":\"https:\\\/\\\/etnoart.eu\\\/#website\",\"url\":\"https:\\\/\\\/etnoart.eu\\\/\",\"name\":\"Etnoart\",\"description\":\"K&auml;sit&ouml;&ouml;pood\",\"publisher\":{\"@id\":\"https:\\\/\\\/etnoart.eu\\\/#organization\"},\"potentialAction\":[{\"@type\":\"SearchAction\",\"target\":{\"@type\":\"EntryPoint\",\"urlTemplate\":\"https:\\\/\\\/etnoart.eu\\\/?s={search_term_string}\"},\"query-input\":{\"@type\":\"PropertyValueSpecification\",\"valueRequired\":true,\"valueName\":\"search_term_string\"}}],\"inLanguage\":\"fi\"},{\"@type\":\"Organization\",\"@id\":\"https:\\\/\\\/etnoart.eu\\\/#organization\",\"name\":\"Etnoart O\u00dc\",\"url\":\"https:\\\/\\\/etnoart.eu\\\/\",\"logo\":{\"@type\":\"ImageObject\",\"inLanguage\":\"fi\",\"@id\":\"https:\\\/\\\/etnoart.eu\\\/#\\\/schema\\\/logo\\\/image\\\/\",\"url\":\"https:\\\/\\\/etnoart.eu\\\/wp-content\\\/uploads\\\/2023\\\/06\\\/etnoart-logo.png\",\"contentUrl\":\"https:\\\/\\\/etnoart.eu\\\/wp-content\\\/uploads\\\/2023\\\/06\\\/etnoart-logo.png\",\"width\":491,\"height\":184,\"caption\":\"Etnoart O\u00dc\"},\"image\":{\"@id\":\"https:\\\/\\\/etnoart.eu\\\/#\\\/schema\\\/logo\\\/image\\\/\"},\"sameAs\":[\"https:\\\/\\\/www.facebook.com\\\/etnoart.handicraft.shop\"]}]}<\/script>\n<!-- \/ Yoast SEO plugin. -->","yoast_head_json":{"title":"Ripustuskoukku kukka-amppelille |EtnoArt| Amppelikoukut","description":"Metallinen ripustuskoukku kukka-amppelille. Sopii parvekkeelle, terassille ja puutarhaan. Kest\u00e4v\u00e4 ja koristeellinen sein\u00e4kiinnitys sis\u00e4- ja ulkok\u00e4ytt\u00f6\u00f6n.","robots":{"index":"index","follow":"follow","max-snippet":"max-snippet:-1","max-image-preview":"max-image-preview:large","max-video-preview":"max-video-preview:-1"},"canonical":"https:\/\/etnoart.eu\/fi\/toode\/ripustuskoukku-kukka-amppelille\/","og_locale":"fi_FI","og_type":"article","og_title":"Ripustuskoukku kukka-amppelille |EtnoArt| Amppelikoukut","og_description":"Metallinen ripustuskoukku kukka-amppelille. Sopii parvekkeelle, terassille ja puutarhaan. Kest\u00e4v\u00e4 ja koristeellinen sein\u00e4kiinnitys sis\u00e4- ja ulkok\u00e4ytt\u00f6\u00f6n.","og_url":"https:\/\/etnoart.eu\/fi\/toode\/ripustuskoukku-kukka-amppelille\/","og_site_name":"Etnoart","article_publisher":"https:\/\/www.facebook.com\/etnoart.handicraft.shop","article_modified_time":"2025-03-15T14:46:30+00:00","og_image":[{"width":750,"height":750,"url":"https:\/\/etnoart.eu\/wp-content\/uploads\/2023\/06\/945-Lilleampli-hoidja-Konsoolid-ja-alused-lilledele.jpg","type":"image\/jpeg"}],"twitter_card":"summary_large_image","twitter_misc":{"Arvioitu lukuaika":"1 minuutti"},"schema":{"@context":"https:\/\/schema.org","@graph":[{"@type":"WebPage","@id":"https:\/\/etnoart.eu\/fi\/toode\/ripustuskoukku-kukka-amppelille\/","url":"https:\/\/etnoart.eu\/fi\/toode\/ripustuskoukku-kukka-amppelille\/","name":"Ripustuskoukku kukka-amppelille |EtnoArt| Amppelikoukut","isPartOf":{"@id":"https:\/\/etnoart.eu\/#website"},"primaryImageOfPage":{"@id":"https:\/\/etnoart.eu\/fi\/toode\/ripustuskoukku-kukka-amppelille\/#primaryimage"},"image":{"@id":"https:\/\/etnoart.eu\/fi\/toode\/ripustuskoukku-kukka-amppelille\/#primaryimage"},"thumbnailUrl":"https:\/\/etnoart.eu\/wp-content\/uploads\/2023\/06\/945-Lilleampli-hoidja-Konsoolid-ja-alused-lilledele.jpg","datePublished":"2023-06-08T08:54:10+00:00","dateModified":"2025-03-15T14:46:30+00:00","description":"Metallinen ripustuskoukku kukka-amppelille. Sopii parvekkeelle, terassille ja puutarhaan. Kest\u00e4v\u00e4 ja koristeellinen sein\u00e4kiinnitys sis\u00e4- ja ulkok\u00e4ytt\u00f6\u00f6n.","breadcrumb":{"@id":"https:\/\/etnoart.eu\/fi\/toode\/ripustuskoukku-kukka-amppelille\/#breadcrumb"},"inLanguage":"fi","potentialAction":[{"@type":"ReadAction","target":["https:\/\/etnoart.eu\/fi\/toode\/ripustuskoukku-kukka-amppelille\/"]}]},{"@type":"ImageObject","inLanguage":"fi","@id":"https:\/\/etnoart.eu\/fi\/toode\/ripustuskoukku-kukka-amppelille\/#primaryimage","url":"https:\/\/etnoart.eu\/wp-content\/uploads\/2023\/06\/945-Lilleampli-hoidja-Konsoolid-ja-alused-lilledele.jpg","contentUrl":"https:\/\/etnoart.eu\/wp-content\/uploads\/2023\/06\/945-Lilleampli-hoidja-Konsoolid-ja-alused-lilledele.jpg","width":750,"height":750,"caption":"Ripustuskoukku kukka-amppelille"},{"@type":"BreadcrumbList","@id":"https:\/\/etnoart.eu\/fi\/toode\/ripustuskoukku-kukka-amppelille\/#breadcrumb","itemListElement":[{"@type":"ListItem","position":1,"name":"Home","item":"https:\/\/etnoart.eu\/fi\/"},{"@type":"ListItem","position":2,"name":"Shop","item":"https:\/\/etnoart.eu\/pood\/"},{"@type":"ListItem","position":3,"name":"Ripustuskoukku kukka-amppelille"}]},{"@type":"WebSite","@id":"https:\/\/etnoart.eu\/#website","url":"https:\/\/etnoart.eu\/","name":"Etnoart","description":"K&auml;sit&ouml;&ouml;pood","publisher":{"@id":"https:\/\/etnoart.eu\/#organization"},"potentialAction":[{"@type":"SearchAction","target":{"@type":"EntryPoint","urlTemplate":"https:\/\/etnoart.eu\/?s={search_term_string}"},"query-input":{"@type":"PropertyValueSpecification","valueRequired":true,"valueName":"search_term_string"}}],"inLanguage":"fi"},{"@type":"Organization","@id":"https:\/\/etnoart.eu\/#organization","name":"Etnoart O\u00dc","url":"https:\/\/etnoart.eu\/","logo":{"@type":"ImageObject","inLanguage":"fi","@id":"https:\/\/etnoart.eu\/#\/schema\/logo\/image\/","url":"https:\/\/etnoart.eu\/wp-content\/uploads\/2023\/06\/etnoart-logo.png","contentUrl":"https:\/\/etnoart.eu\/wp-content\/uploads\/2023\/06\/etnoart-logo.png","width":491,"height":184,"caption":"Etnoart O\u00dc"},"image":{"@id":"https:\/\/etnoart.eu\/#\/schema\/logo\/image\/"},"sameAs":["https:\/\/www.facebook.com\/etnoart.handicraft.shop"]}]}},"builder_content":"","_links":{"self":[{"href":"https:\/\/etnoart.eu\/fi\/wp-json\/wp\/v2\/product\/5367","targetHints":{"allow":["GET"]}}],"collection":[{"href":"https:\/\/etnoart.eu\/fi\/wp-json\/wp\/v2\/product"}],"about":[{"href":"https:\/\/etnoart.eu\/fi\/wp-json\/wp\/v2\/types\/product"}],"wp:featuredmedia":[{"embeddable":true,"href":"https:\/\/etnoart.eu\/fi\/wp-json\/wp\/v2\/media\/2507"}],"wp:attachment":[{"href":"https:\/\/etnoart.eu\/fi\/wp-json\/wp\/v2\/media?parent=5367"}],"wp:term":[{"taxonomy":"product_brand","embeddable":true,"href":"https:\/\/etnoart.eu\/fi\/wp-json\/wp\/v2\/product_brand?post=5367"},{"taxonomy":"product_cat","embeddable":true,"href":"https:\/\/etnoart.eu\/fi\/wp-json\/wp\/v2\/product_cat?post=5367"},{"taxonomy":"product_tag","embeddable":true,"href":"https:\/\/etnoart.eu\/fi\/wp-json\/wp\/v2\/product_tag?post=5367"}],"curies":[{"name":"wp","href":"https:\/\/api.w.org\/{rel}","templated":true}]}}