{"id":5361,"date":"2023-06-08T08:54:10","date_gmt":"2023-06-08T08:54:10","guid":{"rendered":"https:\/\/etnoart.eu\/toode\/lilleampel-ketiga\/"},"modified":"2025-03-15T06:10:36","modified_gmt":"2025-03-15T06:10:36","slug":"riippuva-kukkateline","status":"publish","type":"product","link":"https:\/\/etnoart.eu\/fi\/toode\/riippuva-kukkateline\/","title":{"rendered":"Riippuva kukkateline"},"content":{"rendered":"<p>T\u00e4m\u00e4 riippuva kukkateline on tarkoitettu kukkaruukkujen ripustamiseen sis\u00e4- ja ulkotiloissa. Metallirakenne takaa kest\u00e4vyyden ja vakaan tuen kasveille. Ketjujen avulla telineen voi kiinnitt\u00e4\u00e4 helposti esimerkiksi parvekkeelle, terassille tai puutarhaan. Musta v\u00e4ri sopii erilaisiin ymp\u00e4rist\u00f6ihin, ja avoin kehys mahdollistaa hyv\u00e4n ilmanvaihdon kasveille. Riippuva kukkateline on yhteensopiva erikokoisten ruukkujen kanssa ja soveltuu monenlaiseen k\u00e4ytt\u00f6\u00f6n.<\/p>\n","protected":false},"excerpt":{"rendered":"<p>Metallinen riippuva kukkateline ketjuilla. Sopii parvekkeelle, terassille ja puutarhaan. Kest\u00e4v\u00e4 ja tyylik\u00e4s ripustettava kukkateline sis\u00e4- ja ulkok\u00e4ytt\u00f6\u00f6n<\/p>\n","protected":false},"featured_media":2497,"template":"","meta":[],"product_brand":[],"product_cat":[382],"product_tag":[],"class_list":{"0":"post-5361","1":"product","2":"type-product","3":"status-publish","4":"has-post-thumbnail","6":"product_cat-kasvitelineet-amppelikoukut-kukkatelineet","7":"has-post-title","8":"has-post-date","9":"has-post-category","10":"has-post-tag","11":"has-post-comment","12":"has-post-author","13":"","15":"first","16":"instock","17":"taxable","18":"shipping-taxable","19":"purchasable","20":"product-type-simple"},"yoast_head":"<!-- This site is optimized with the Yoast SEO plugin v27.4 - https:\/\/yoast.com\/product\/yoast-seo-wordpress\/ -->\n<title>Riippuva kukkateline |EtnoArt| Amppelikoukut, Kukkatelineet<\/title>\n<meta name=\"description\" content=\"Metallinen riippuva kukkateline ketjuilla. Sopii parvekkeelle, terassille ja puutarhaan. Kest\u00e4v\u00e4 ja tyylik\u00e4s ripustettava kukkateline sis\u00e4- ja ulkok\u00e4ytt\u00f6\u00f6n\" \/>\n<meta name=\"robots\" content=\"index, follow, max-snippet:-1, max-image-preview:large, max-video-preview:-1\" \/>\n<link rel=\"canonical\" href=\"https:\/\/etnoart.eu\/fi\/toode\/riippuva-kukkateline\/\" \/>\n<meta property=\"og:locale\" content=\"fi_FI\" \/>\n<meta property=\"og:type\" content=\"article\" \/>\n<meta property=\"og:title\" content=\"Riippuva kukkateline |EtnoArt| Amppelikoukut, Kukkatelineet\" \/>\n<meta property=\"og:description\" content=\"Metallinen riippuva kukkateline ketjuilla. Sopii parvekkeelle, terassille ja puutarhaan. Kest\u00e4v\u00e4 ja tyylik\u00e4s ripustettava kukkateline sis\u00e4- ja ulkok\u00e4ytt\u00f6\u00f6n\" \/>\n<meta property=\"og:url\" content=\"https:\/\/etnoart.eu\/fi\/toode\/riippuva-kukkateline\/\" \/>\n<meta property=\"og:site_name\" content=\"Etnoart\" \/>\n<meta property=\"article:publisher\" content=\"https:\/\/www.facebook.com\/etnoart.handicraft.shop\" \/>\n<meta property=\"article:modified_time\" content=\"2025-03-15T06:10:36+00:00\" \/>\n<meta property=\"og:image\" content=\"https:\/\/etnoart.eu\/wp-content\/uploads\/2023\/06\/960-Lilleampel-ketiga-Konsoolid-ja-alused-lilledele.jpg\" \/>\n\t<meta property=\"og:image:width\" content=\"750\" \/>\n\t<meta property=\"og:image:height\" content=\"750\" \/>\n\t<meta property=\"og:image:type\" content=\"image\/jpeg\" \/>\n<meta name=\"twitter:card\" content=\"summary_large_image\" \/>\n<meta name=\"twitter:label1\" content=\"Arvioitu lukuaika\" \/>\n\t<meta name=\"twitter:data1\" content=\"1 minuutti\" \/>\n<script type=\"application\/ld+json\" class=\"yoast-schema-graph\">{\"@context\":\"https:\\\/\\\/schema.org\",\"@graph\":[{\"@type\":\"WebPage\",\"@id\":\"https:\\\/\\\/etnoart.eu\\\/fi\\\/toode\\\/riippuva-kukkateline\\\/\",\"url\":\"https:\\\/\\\/etnoart.eu\\\/fi\\\/toode\\\/riippuva-kukkateline\\\/\",\"name\":\"Riippuva kukkateline |EtnoArt| Amppelikoukut, Kukkatelineet\",\"isPartOf\":{\"@id\":\"https:\\\/\\\/etnoart.eu\\\/#website\"},\"primaryImageOfPage\":{\"@id\":\"https:\\\/\\\/etnoart.eu\\\/fi\\\/toode\\\/riippuva-kukkateline\\\/#primaryimage\"},\"image\":{\"@id\":\"https:\\\/\\\/etnoart.eu\\\/fi\\\/toode\\\/riippuva-kukkateline\\\/#primaryimage\"},\"thumbnailUrl\":\"https:\\\/\\\/etnoart.eu\\\/wp-content\\\/uploads\\\/2023\\\/06\\\/960-Lilleampel-ketiga-Konsoolid-ja-alused-lilledele.jpg\",\"datePublished\":\"2023-06-08T08:54:10+00:00\",\"dateModified\":\"2025-03-15T06:10:36+00:00\",\"description\":\"Metallinen riippuva kukkateline ketjuilla. Sopii parvekkeelle, terassille ja puutarhaan. Kest\u00e4v\u00e4 ja tyylik\u00e4s ripustettava kukkateline sis\u00e4- ja ulkok\u00e4ytt\u00f6\u00f6n\",\"breadcrumb\":{\"@id\":\"https:\\\/\\\/etnoart.eu\\\/fi\\\/toode\\\/riippuva-kukkateline\\\/#breadcrumb\"},\"inLanguage\":\"fi\",\"potentialAction\":[{\"@type\":\"ReadAction\",\"target\":[\"https:\\\/\\\/etnoart.eu\\\/fi\\\/toode\\\/riippuva-kukkateline\\\/\"]}]},{\"@type\":\"ImageObject\",\"inLanguage\":\"fi\",\"@id\":\"https:\\\/\\\/etnoart.eu\\\/fi\\\/toode\\\/riippuva-kukkateline\\\/#primaryimage\",\"url\":\"https:\\\/\\\/etnoart.eu\\\/wp-content\\\/uploads\\\/2023\\\/06\\\/960-Lilleampel-ketiga-Konsoolid-ja-alused-lilledele.jpg\",\"contentUrl\":\"https:\\\/\\\/etnoart.eu\\\/wp-content\\\/uploads\\\/2023\\\/06\\\/960-Lilleampel-ketiga-Konsoolid-ja-alused-lilledele.jpg\",\"width\":750,\"height\":750,\"caption\":\"Riippuva kukkateline\"},{\"@type\":\"BreadcrumbList\",\"@id\":\"https:\\\/\\\/etnoart.eu\\\/fi\\\/toode\\\/riippuva-kukkateline\\\/#breadcrumb\",\"itemListElement\":[{\"@type\":\"ListItem\",\"position\":1,\"name\":\"Home\",\"item\":\"https:\\\/\\\/etnoart.eu\\\/fi\\\/\"},{\"@type\":\"ListItem\",\"position\":2,\"name\":\"Shop\",\"item\":\"https:\\\/\\\/etnoart.eu\\\/pood\\\/\"},{\"@type\":\"ListItem\",\"position\":3,\"name\":\"Riippuva kukkateline\"}]},{\"@type\":\"WebSite\",\"@id\":\"https:\\\/\\\/etnoart.eu\\\/#website\",\"url\":\"https:\\\/\\\/etnoart.eu\\\/\",\"name\":\"Etnoart\",\"description\":\"K&auml;sit&ouml;&ouml;pood\",\"publisher\":{\"@id\":\"https:\\\/\\\/etnoart.eu\\\/#organization\"},\"potentialAction\":[{\"@type\":\"SearchAction\",\"target\":{\"@type\":\"EntryPoint\",\"urlTemplate\":\"https:\\\/\\\/etnoart.eu\\\/?s={search_term_string}\"},\"query-input\":{\"@type\":\"PropertyValueSpecification\",\"valueRequired\":true,\"valueName\":\"search_term_string\"}}],\"inLanguage\":\"fi\"},{\"@type\":\"Organization\",\"@id\":\"https:\\\/\\\/etnoart.eu\\\/#organization\",\"name\":\"Etnoart O\u00dc\",\"url\":\"https:\\\/\\\/etnoart.eu\\\/\",\"logo\":{\"@type\":\"ImageObject\",\"inLanguage\":\"fi\",\"@id\":\"https:\\\/\\\/etnoart.eu\\\/#\\\/schema\\\/logo\\\/image\\\/\",\"url\":\"https:\\\/\\\/etnoart.eu\\\/wp-content\\\/uploads\\\/2023\\\/06\\\/etnoart-logo.png\",\"contentUrl\":\"https:\\\/\\\/etnoart.eu\\\/wp-content\\\/uploads\\\/2023\\\/06\\\/etnoart-logo.png\",\"width\":491,\"height\":184,\"caption\":\"Etnoart O\u00dc\"},\"image\":{\"@id\":\"https:\\\/\\\/etnoart.eu\\\/#\\\/schema\\\/logo\\\/image\\\/\"},\"sameAs\":[\"https:\\\/\\\/www.facebook.com\\\/etnoart.handicraft.shop\"]}]}<\/script>\n<!-- \/ Yoast SEO plugin. -->","yoast_head_json":{"title":"Riippuva kukkateline |EtnoArt| Amppelikoukut, Kukkatelineet","description":"Metallinen riippuva kukkateline ketjuilla. Sopii parvekkeelle, terassille ja puutarhaan. Kest\u00e4v\u00e4 ja tyylik\u00e4s ripustettava kukkateline sis\u00e4- ja ulkok\u00e4ytt\u00f6\u00f6n","robots":{"index":"index","follow":"follow","max-snippet":"max-snippet:-1","max-image-preview":"max-image-preview:large","max-video-preview":"max-video-preview:-1"},"canonical":"https:\/\/etnoart.eu\/fi\/toode\/riippuva-kukkateline\/","og_locale":"fi_FI","og_type":"article","og_title":"Riippuva kukkateline |EtnoArt| Amppelikoukut, Kukkatelineet","og_description":"Metallinen riippuva kukkateline ketjuilla. Sopii parvekkeelle, terassille ja puutarhaan. Kest\u00e4v\u00e4 ja tyylik\u00e4s ripustettava kukkateline sis\u00e4- ja ulkok\u00e4ytt\u00f6\u00f6n","og_url":"https:\/\/etnoart.eu\/fi\/toode\/riippuva-kukkateline\/","og_site_name":"Etnoart","article_publisher":"https:\/\/www.facebook.com\/etnoart.handicraft.shop","article_modified_time":"2025-03-15T06:10:36+00:00","og_image":[{"width":750,"height":750,"url":"https:\/\/etnoart.eu\/wp-content\/uploads\/2023\/06\/960-Lilleampel-ketiga-Konsoolid-ja-alused-lilledele.jpg","type":"image\/jpeg"}],"twitter_card":"summary_large_image","twitter_misc":{"Arvioitu lukuaika":"1 minuutti"},"schema":{"@context":"https:\/\/schema.org","@graph":[{"@type":"WebPage","@id":"https:\/\/etnoart.eu\/fi\/toode\/riippuva-kukkateline\/","url":"https:\/\/etnoart.eu\/fi\/toode\/riippuva-kukkateline\/","name":"Riippuva kukkateline |EtnoArt| Amppelikoukut, Kukkatelineet","isPartOf":{"@id":"https:\/\/etnoart.eu\/#website"},"primaryImageOfPage":{"@id":"https:\/\/etnoart.eu\/fi\/toode\/riippuva-kukkateline\/#primaryimage"},"image":{"@id":"https:\/\/etnoart.eu\/fi\/toode\/riippuva-kukkateline\/#primaryimage"},"thumbnailUrl":"https:\/\/etnoart.eu\/wp-content\/uploads\/2023\/06\/960-Lilleampel-ketiga-Konsoolid-ja-alused-lilledele.jpg","datePublished":"2023-06-08T08:54:10+00:00","dateModified":"2025-03-15T06:10:36+00:00","description":"Metallinen riippuva kukkateline ketjuilla. Sopii parvekkeelle, terassille ja puutarhaan. Kest\u00e4v\u00e4 ja tyylik\u00e4s ripustettava kukkateline sis\u00e4- ja ulkok\u00e4ytt\u00f6\u00f6n","breadcrumb":{"@id":"https:\/\/etnoart.eu\/fi\/toode\/riippuva-kukkateline\/#breadcrumb"},"inLanguage":"fi","potentialAction":[{"@type":"ReadAction","target":["https:\/\/etnoart.eu\/fi\/toode\/riippuva-kukkateline\/"]}]},{"@type":"ImageObject","inLanguage":"fi","@id":"https:\/\/etnoart.eu\/fi\/toode\/riippuva-kukkateline\/#primaryimage","url":"https:\/\/etnoart.eu\/wp-content\/uploads\/2023\/06\/960-Lilleampel-ketiga-Konsoolid-ja-alused-lilledele.jpg","contentUrl":"https:\/\/etnoart.eu\/wp-content\/uploads\/2023\/06\/960-Lilleampel-ketiga-Konsoolid-ja-alused-lilledele.jpg","width":750,"height":750,"caption":"Riippuva kukkateline"},{"@type":"BreadcrumbList","@id":"https:\/\/etnoart.eu\/fi\/toode\/riippuva-kukkateline\/#breadcrumb","itemListElement":[{"@type":"ListItem","position":1,"name":"Home","item":"https:\/\/etnoart.eu\/fi\/"},{"@type":"ListItem","position":2,"name":"Shop","item":"https:\/\/etnoart.eu\/pood\/"},{"@type":"ListItem","position":3,"name":"Riippuva kukkateline"}]},{"@type":"WebSite","@id":"https:\/\/etnoart.eu\/#website","url":"https:\/\/etnoart.eu\/","name":"Etnoart","description":"K&auml;sit&ouml;&ouml;pood","publisher":{"@id":"https:\/\/etnoart.eu\/#organization"},"potentialAction":[{"@type":"SearchAction","target":{"@type":"EntryPoint","urlTemplate":"https:\/\/etnoart.eu\/?s={search_term_string}"},"query-input":{"@type":"PropertyValueSpecification","valueRequired":true,"valueName":"search_term_string"}}],"inLanguage":"fi"},{"@type":"Organization","@id":"https:\/\/etnoart.eu\/#organization","name":"Etnoart O\u00dc","url":"https:\/\/etnoart.eu\/","logo":{"@type":"ImageObject","inLanguage":"fi","@id":"https:\/\/etnoart.eu\/#\/schema\/logo\/image\/","url":"https:\/\/etnoart.eu\/wp-content\/uploads\/2023\/06\/etnoart-logo.png","contentUrl":"https:\/\/etnoart.eu\/wp-content\/uploads\/2023\/06\/etnoart-logo.png","width":491,"height":184,"caption":"Etnoart O\u00dc"},"image":{"@id":"https:\/\/etnoart.eu\/#\/schema\/logo\/image\/"},"sameAs":["https:\/\/www.facebook.com\/etnoart.handicraft.shop"]}]}},"builder_content":"","_links":{"self":[{"href":"https:\/\/etnoart.eu\/fi\/wp-json\/wp\/v2\/product\/5361","targetHints":{"allow":["GET"]}}],"collection":[{"href":"https:\/\/etnoart.eu\/fi\/wp-json\/wp\/v2\/product"}],"about":[{"href":"https:\/\/etnoart.eu\/fi\/wp-json\/wp\/v2\/types\/product"}],"wp:featuredmedia":[{"embeddable":true,"href":"https:\/\/etnoart.eu\/fi\/wp-json\/wp\/v2\/media\/2497"}],"wp:attachment":[{"href":"https:\/\/etnoart.eu\/fi\/wp-json\/wp\/v2\/media?parent=5361"}],"wp:term":[{"taxonomy":"product_brand","embeddable":true,"href":"https:\/\/etnoart.eu\/fi\/wp-json\/wp\/v2\/product_brand?post=5361"},{"taxonomy":"product_cat","embeddable":true,"href":"https:\/\/etnoart.eu\/fi\/wp-json\/wp\/v2\/product_cat?post=5361"},{"taxonomy":"product_tag","embeddable":true,"href":"https:\/\/etnoart.eu\/fi\/wp-json\/wp\/v2\/product_tag?post=5361"}],"curies":[{"name":"wp","href":"https:\/\/api.w.org\/{rel}","templated":true}]}}