{"id":5333,"date":"2023-06-08T08:51:44","date_gmt":"2023-06-08T08:51:44","guid":{"rendered":"https:\/\/etnoart.eu\/toode\/laternakandur\/"},"modified":"2025-02-11T15:30:45","modified_gmt":"2025-02-11T15:30:45","slug":"lyhtypidike","status":"publish","type":"product","link":"https:\/\/etnoart.eu\/fi\/toode\/lyhtypidike\/","title":{"rendered":"Lyhtypidike"},"content":{"rendered":"<p>Sein\u00e4lle kiinnitett\u00e4v\u00e4 lyhtypidike \u2013 yksinkertainen ja k\u00e4yt\u00e4nn\u00f6llinen ratkaisu lyhtiin tai kukkaruukuun<br \/>\nEtsitk\u00f6 yksinkertaista ja toimivaa ratkaisua lyhdyn tai pienempien kukkaruukkujen ripustamiseen? Sein\u00e4lle kiinnitett\u00e4v\u00e4 lyhtyteline on yksinkertainen, k\u00e4yt\u00e4nn\u00f6llinen ja virolaisten seppien valmistama. Se ei ole huippumoderni tai monimutkainen, mutta t\u00e4ytt\u00e4\u00e4 teht\u00e4v\u00e4ns\u00e4 kunnolla \u2013 se tarjoaa k\u00e4yt\u00e4nn\u00f6llisen ratkaisun lyhdyn tai kukkaruukkujen ripustamiseen.<\/p>\n<p>Miksi valita t\u00e4m\u00e4 lyhtypidike?<br \/>\nYksinkertainen ja k\u00e4yt\u00e4nn\u00f6llinen: T\u00e4m\u00e4 on yksinkertainen laite, joka ei vaadi monimutkaista asennusta tai huoltoa.<\/p>\n<p>Laadukas materiaali: Valmistettu ter\u00e4ksest\u00e4 ja viimeistelty mattajauhemaalilla, joka antaa sille siistin ulkon\u00e4\u00f6n.<\/p>\n<p>Monipuolisuus: Soveltuu sek\u00e4 lyhdyn ett\u00e4 pienempien kukkaruukkujen ripustamiseen.<\/p>\n<p>Mitat: Haas ulottuu 25 cm sein\u00e4st\u00e4, mik\u00e4 on tarpeeksi tilaa sek\u00e4 lyhdille ett\u00e4 pienemmille kukkaruukuille.<\/p>\n<p>Lyhtytelineen t\u00e4rkeimm\u00e4t ominaisuudet:<br \/>\nMateriaali: Vahva ter\u00e4s matta jauhemaalauksella.<\/p>\n<p>K\u00e4ytt\u00f6: Soveltuu lyhtyjen ja pienempien kukkaruukkujen ripustamiseen.<\/p>\n<p>Asennus: Helppo sein\u00e4kiinnitys kahdella ruuvilla. Ruuvit eiv\u00e4t sis\u00e4lly toimitukseen.<\/p>\n<p>Miss\u00e4 sit\u00e4 k\u00e4ytet\u00e4\u00e4n?<br \/>\nSis\u00e4tiloissa: Esimerkiksi keitti\u00f6ss\u00e4, olohuoneessa tai k\u00e4yt\u00e4v\u00e4ss\u00e4, johon haluat ripustaa lyhdyn tai pieni\u00e4 kukkaruukkuja.<\/p>\n<p>Kuivilla terasseilla tai verannoilla: Jos lyhtypidike on suojattu sateelta ja tuulelta, sit\u00e4 voidaan k\u00e4ytt\u00e4\u00e4 my\u00f6s ulkona.<\/p>\n<p>Huomio!<br \/>\nUlkok\u00e4ytt\u00f6: Lyhtytelinett\u00e4 ei ole tarkoitettu jatkuvaan ulkok\u00e4ytt\u00f6\u00f6n. Ajan my\u00f6t\u00e4 jauhemaalaus voi menett\u00e4\u00e4 ruostetta vastaan \u200b\u200bsuojaavia ominaisuuksiaan. Siksi sit\u00e4 suositellaan k\u00e4ytett\u00e4v\u00e4ksi sis\u00e4tiloissa tai kuivilla terasseilla.<\/p>\n<p>Huolto: K\u00e4yt\u00e4 puhdistukseen kuivaa tai hieman kosteaa liinaa.<\/p>\n","protected":false},"excerpt":{"rendered":"<p>Korkeus 41 cm, sein\u00e4st\u00e4 26 cm, matta pulverilakka<\/p>\n","protected":false},"featured_media":5330,"template":"","meta":[],"product_brand":[],"product_cat":[382],"product_tag":[],"class_list":{"0":"post-5333","1":"product","2":"type-product","3":"status-publish","4":"has-post-thumbnail","6":"product_cat-kasvitelineet-amppelikoukut-kukkatelineet","7":"has-post-title","8":"has-post-date","9":"has-post-category","10":"has-post-tag","11":"has-post-comment","12":"has-post-author","13":"","15":"first","16":"instock","17":"taxable","18":"shipping-taxable","19":"purchasable","20":"product-type-simple"},"yoast_head":"<!-- This site is optimized with the Yoast SEO plugin v27.4 - https:\/\/yoast.com\/product\/yoast-seo-wordpress\/ -->\n<title>lyhtypidike |EtnoArt|Kasvitelineet, Amppelikoukut, Kukkatelineet<\/title>\n<meta name=\"description\" content=\"Taottu ter\u00e4s lyhtypidike. Sopii my\u00f6s pienempien kukkaruukkujen ripustamiseen. peitetty mattalakalla. Korkeus ~41 cm, et\u00e4isyys sein\u00e4st\u00e4 ~26 cm\" \/>\n<meta name=\"robots\" content=\"index, follow, max-snippet:-1, max-image-preview:large, max-video-preview:-1\" \/>\n<link rel=\"canonical\" href=\"https:\/\/etnoart.eu\/fi\/toode\/lyhtypidike\/\" \/>\n<meta property=\"og:locale\" content=\"fi_FI\" \/>\n<meta property=\"og:type\" content=\"article\" \/>\n<meta property=\"og:title\" content=\"lyhtypidike |EtnoArt|Kasvitelineet, Amppelikoukut, Kukkatelineet\" \/>\n<meta property=\"og:description\" content=\"Taottu ter\u00e4s lyhtypidike. Sopii my\u00f6s pienempien kukkaruukkujen ripustamiseen. peitetty mattalakalla. Korkeus ~41 cm, et\u00e4isyys sein\u00e4st\u00e4 ~26 cm\" \/>\n<meta property=\"og:url\" content=\"https:\/\/etnoart.eu\/fi\/toode\/lyhtypidike\/\" \/>\n<meta property=\"og:site_name\" content=\"Etnoart\" \/>\n<meta property=\"article:publisher\" content=\"https:\/\/www.facebook.com\/etnoart.handicraft.shop\" \/>\n<meta property=\"article:modified_time\" content=\"2025-02-11T15:30:45+00:00\" \/>\n<meta property=\"og:image\" content=\"https:\/\/etnoart.eu\/wp-content\/uploads\/2023\/06\/Laternakandur-Bell-holder-Kellon-kannatin-Glockenhalter.png\" \/>\n\t<meta property=\"og:image:width\" content=\"1000\" \/>\n\t<meta property=\"og:image:height\" content=\"1000\" \/>\n\t<meta property=\"og:image:type\" content=\"image\/png\" \/>\n<meta name=\"twitter:card\" content=\"summary_large_image\" \/>\n<meta name=\"twitter:label1\" content=\"Arvioitu lukuaika\" \/>\n\t<meta name=\"twitter:data1\" content=\"2 minuuttia\" \/>\n<script type=\"application\/ld+json\" class=\"yoast-schema-graph\">{\"@context\":\"https:\\\/\\\/schema.org\",\"@graph\":[{\"@type\":\"WebPage\",\"@id\":\"https:\\\/\\\/etnoart.eu\\\/fi\\\/toode\\\/lyhtypidike\\\/\",\"url\":\"https:\\\/\\\/etnoart.eu\\\/fi\\\/toode\\\/lyhtypidike\\\/\",\"name\":\"lyhtypidike |EtnoArt|Kasvitelineet, Amppelikoukut, Kukkatelineet\",\"isPartOf\":{\"@id\":\"https:\\\/\\\/etnoart.eu\\\/#website\"},\"primaryImageOfPage\":{\"@id\":\"https:\\\/\\\/etnoart.eu\\\/fi\\\/toode\\\/lyhtypidike\\\/#primaryimage\"},\"image\":{\"@id\":\"https:\\\/\\\/etnoart.eu\\\/fi\\\/toode\\\/lyhtypidike\\\/#primaryimage\"},\"thumbnailUrl\":\"https:\\\/\\\/etnoart.eu\\\/wp-content\\\/uploads\\\/2023\\\/06\\\/Laternakandur-Bell-holder-Kellon-kannatin-Glockenhalter.png\",\"datePublished\":\"2023-06-08T08:51:44+00:00\",\"dateModified\":\"2025-02-11T15:30:45+00:00\",\"description\":\"Taottu ter\u00e4s lyhtypidike. Sopii my\u00f6s pienempien kukkaruukkujen ripustamiseen. peitetty mattalakalla. Korkeus ~41 cm, et\u00e4isyys sein\u00e4st\u00e4 ~26 cm\",\"breadcrumb\":{\"@id\":\"https:\\\/\\\/etnoart.eu\\\/fi\\\/toode\\\/lyhtypidike\\\/#breadcrumb\"},\"inLanguage\":\"fi\",\"potentialAction\":[{\"@type\":\"ReadAction\",\"target\":[\"https:\\\/\\\/etnoart.eu\\\/fi\\\/toode\\\/lyhtypidike\\\/\"]}]},{\"@type\":\"ImageObject\",\"inLanguage\":\"fi\",\"@id\":\"https:\\\/\\\/etnoart.eu\\\/fi\\\/toode\\\/lyhtypidike\\\/#primaryimage\",\"url\":\"https:\\\/\\\/etnoart.eu\\\/wp-content\\\/uploads\\\/2023\\\/06\\\/Laternakandur-Bell-holder-Kellon-kannatin-Glockenhalter.png\",\"contentUrl\":\"https:\\\/\\\/etnoart.eu\\\/wp-content\\\/uploads\\\/2023\\\/06\\\/Laternakandur-Bell-holder-Kellon-kannatin-Glockenhalter.png\",\"width\":1000,\"height\":1000,\"caption\":\"lyhtypidike\"},{\"@type\":\"BreadcrumbList\",\"@id\":\"https:\\\/\\\/etnoart.eu\\\/fi\\\/toode\\\/lyhtypidike\\\/#breadcrumb\",\"itemListElement\":[{\"@type\":\"ListItem\",\"position\":1,\"name\":\"Home\",\"item\":\"https:\\\/\\\/etnoart.eu\\\/fi\\\/\"},{\"@type\":\"ListItem\",\"position\":2,\"name\":\"Shop\",\"item\":\"https:\\\/\\\/etnoart.eu\\\/pood\\\/\"},{\"@type\":\"ListItem\",\"position\":3,\"name\":\"Lyhtypidike\"}]},{\"@type\":\"WebSite\",\"@id\":\"https:\\\/\\\/etnoart.eu\\\/#website\",\"url\":\"https:\\\/\\\/etnoart.eu\\\/\",\"name\":\"Etnoart\",\"description\":\"K&auml;sit&ouml;&ouml;pood\",\"publisher\":{\"@id\":\"https:\\\/\\\/etnoart.eu\\\/#organization\"},\"potentialAction\":[{\"@type\":\"SearchAction\",\"target\":{\"@type\":\"EntryPoint\",\"urlTemplate\":\"https:\\\/\\\/etnoart.eu\\\/?s={search_term_string}\"},\"query-input\":{\"@type\":\"PropertyValueSpecification\",\"valueRequired\":true,\"valueName\":\"search_term_string\"}}],\"inLanguage\":\"fi\"},{\"@type\":\"Organization\",\"@id\":\"https:\\\/\\\/etnoart.eu\\\/#organization\",\"name\":\"Etnoart O\u00dc\",\"url\":\"https:\\\/\\\/etnoart.eu\\\/\",\"logo\":{\"@type\":\"ImageObject\",\"inLanguage\":\"fi\",\"@id\":\"https:\\\/\\\/etnoart.eu\\\/#\\\/schema\\\/logo\\\/image\\\/\",\"url\":\"https:\\\/\\\/etnoart.eu\\\/wp-content\\\/uploads\\\/2023\\\/06\\\/etnoart-logo.png\",\"contentUrl\":\"https:\\\/\\\/etnoart.eu\\\/wp-content\\\/uploads\\\/2023\\\/06\\\/etnoart-logo.png\",\"width\":491,\"height\":184,\"caption\":\"Etnoart O\u00dc\"},\"image\":{\"@id\":\"https:\\\/\\\/etnoart.eu\\\/#\\\/schema\\\/logo\\\/image\\\/\"},\"sameAs\":[\"https:\\\/\\\/www.facebook.com\\\/etnoart.handicraft.shop\"]}]}<\/script>\n<!-- \/ Yoast SEO plugin. -->","yoast_head_json":{"title":"lyhtypidike |EtnoArt|Kasvitelineet, Amppelikoukut, Kukkatelineet","description":"Taottu ter\u00e4s lyhtypidike. Sopii my\u00f6s pienempien kukkaruukkujen ripustamiseen. peitetty mattalakalla. Korkeus ~41 cm, et\u00e4isyys sein\u00e4st\u00e4 ~26 cm","robots":{"index":"index","follow":"follow","max-snippet":"max-snippet:-1","max-image-preview":"max-image-preview:large","max-video-preview":"max-video-preview:-1"},"canonical":"https:\/\/etnoart.eu\/fi\/toode\/lyhtypidike\/","og_locale":"fi_FI","og_type":"article","og_title":"lyhtypidike |EtnoArt|Kasvitelineet, Amppelikoukut, Kukkatelineet","og_description":"Taottu ter\u00e4s lyhtypidike. Sopii my\u00f6s pienempien kukkaruukkujen ripustamiseen. peitetty mattalakalla. Korkeus ~41 cm, et\u00e4isyys sein\u00e4st\u00e4 ~26 cm","og_url":"https:\/\/etnoart.eu\/fi\/toode\/lyhtypidike\/","og_site_name":"Etnoart","article_publisher":"https:\/\/www.facebook.com\/etnoart.handicraft.shop","article_modified_time":"2025-02-11T15:30:45+00:00","og_image":[{"width":1000,"height":1000,"url":"https:\/\/etnoart.eu\/wp-content\/uploads\/2023\/06\/Laternakandur-Bell-holder-Kellon-kannatin-Glockenhalter.png","type":"image\/png"}],"twitter_card":"summary_large_image","twitter_misc":{"Arvioitu lukuaika":"2 minuuttia"},"schema":{"@context":"https:\/\/schema.org","@graph":[{"@type":"WebPage","@id":"https:\/\/etnoart.eu\/fi\/toode\/lyhtypidike\/","url":"https:\/\/etnoart.eu\/fi\/toode\/lyhtypidike\/","name":"lyhtypidike |EtnoArt|Kasvitelineet, Amppelikoukut, Kukkatelineet","isPartOf":{"@id":"https:\/\/etnoart.eu\/#website"},"primaryImageOfPage":{"@id":"https:\/\/etnoart.eu\/fi\/toode\/lyhtypidike\/#primaryimage"},"image":{"@id":"https:\/\/etnoart.eu\/fi\/toode\/lyhtypidike\/#primaryimage"},"thumbnailUrl":"https:\/\/etnoart.eu\/wp-content\/uploads\/2023\/06\/Laternakandur-Bell-holder-Kellon-kannatin-Glockenhalter.png","datePublished":"2023-06-08T08:51:44+00:00","dateModified":"2025-02-11T15:30:45+00:00","description":"Taottu ter\u00e4s lyhtypidike. Sopii my\u00f6s pienempien kukkaruukkujen ripustamiseen. peitetty mattalakalla. Korkeus ~41 cm, et\u00e4isyys sein\u00e4st\u00e4 ~26 cm","breadcrumb":{"@id":"https:\/\/etnoart.eu\/fi\/toode\/lyhtypidike\/#breadcrumb"},"inLanguage":"fi","potentialAction":[{"@type":"ReadAction","target":["https:\/\/etnoart.eu\/fi\/toode\/lyhtypidike\/"]}]},{"@type":"ImageObject","inLanguage":"fi","@id":"https:\/\/etnoart.eu\/fi\/toode\/lyhtypidike\/#primaryimage","url":"https:\/\/etnoart.eu\/wp-content\/uploads\/2023\/06\/Laternakandur-Bell-holder-Kellon-kannatin-Glockenhalter.png","contentUrl":"https:\/\/etnoart.eu\/wp-content\/uploads\/2023\/06\/Laternakandur-Bell-holder-Kellon-kannatin-Glockenhalter.png","width":1000,"height":1000,"caption":"lyhtypidike"},{"@type":"BreadcrumbList","@id":"https:\/\/etnoart.eu\/fi\/toode\/lyhtypidike\/#breadcrumb","itemListElement":[{"@type":"ListItem","position":1,"name":"Home","item":"https:\/\/etnoart.eu\/fi\/"},{"@type":"ListItem","position":2,"name":"Shop","item":"https:\/\/etnoart.eu\/pood\/"},{"@type":"ListItem","position":3,"name":"Lyhtypidike"}]},{"@type":"WebSite","@id":"https:\/\/etnoart.eu\/#website","url":"https:\/\/etnoart.eu\/","name":"Etnoart","description":"K&auml;sit&ouml;&ouml;pood","publisher":{"@id":"https:\/\/etnoart.eu\/#organization"},"potentialAction":[{"@type":"SearchAction","target":{"@type":"EntryPoint","urlTemplate":"https:\/\/etnoart.eu\/?s={search_term_string}"},"query-input":{"@type":"PropertyValueSpecification","valueRequired":true,"valueName":"search_term_string"}}],"inLanguage":"fi"},{"@type":"Organization","@id":"https:\/\/etnoart.eu\/#organization","name":"Etnoart O\u00dc","url":"https:\/\/etnoart.eu\/","logo":{"@type":"ImageObject","inLanguage":"fi","@id":"https:\/\/etnoart.eu\/#\/schema\/logo\/image\/","url":"https:\/\/etnoart.eu\/wp-content\/uploads\/2023\/06\/etnoart-logo.png","contentUrl":"https:\/\/etnoart.eu\/wp-content\/uploads\/2023\/06\/etnoart-logo.png","width":491,"height":184,"caption":"Etnoart O\u00dc"},"image":{"@id":"https:\/\/etnoart.eu\/#\/schema\/logo\/image\/"},"sameAs":["https:\/\/www.facebook.com\/etnoart.handicraft.shop"]}]}},"builder_content":"","_links":{"self":[{"href":"https:\/\/etnoart.eu\/fi\/wp-json\/wp\/v2\/product\/5333","targetHints":{"allow":["GET"]}}],"collection":[{"href":"https:\/\/etnoart.eu\/fi\/wp-json\/wp\/v2\/product"}],"about":[{"href":"https:\/\/etnoart.eu\/fi\/wp-json\/wp\/v2\/types\/product"}],"wp:featuredmedia":[{"embeddable":true,"href":"https:\/\/etnoart.eu\/fi\/wp-json\/wp\/v2\/media\/5330"}],"wp:attachment":[{"href":"https:\/\/etnoart.eu\/fi\/wp-json\/wp\/v2\/media?parent=5333"}],"wp:term":[{"taxonomy":"product_brand","embeddable":true,"href":"https:\/\/etnoart.eu\/fi\/wp-json\/wp\/v2\/product_brand?post=5333"},{"taxonomy":"product_cat","embeddable":true,"href":"https:\/\/etnoart.eu\/fi\/wp-json\/wp\/v2\/product_cat?post=5333"},{"taxonomy":"product_tag","embeddable":true,"href":"https:\/\/etnoart.eu\/fi\/wp-json\/wp\/v2\/product_tag?post=5333"}],"curies":[{"name":"wp","href":"https:\/\/api.w.org\/{rel}","templated":true}]}}