{"id":5316,"date":"2023-06-08T08:54:31","date_gmt":"2023-06-08T08:54:31","guid":{"rendered":"https:\/\/etnoart.eu\/toode\/riiulikandur-29cm\/"},"modified":"2025-02-02T19:29:29","modified_gmt":"2025-02-02T19:29:29","slug":"hyllynkannatin-29-cm","status":"publish","type":"product","link":"https:\/\/etnoart.eu\/fi\/toode\/hyllynkannatin-29-cm\/","title":{"rendered":"Hyllynkannatin 29 cm"},"content":{"rendered":"<p>Hyllynkannatin 29 cm on minimalistinen mutta eritt\u00e4in k\u00e4yt\u00e4nn\u00f6llinen metallituote, joka on suunniteltu ensisijaisesti hyllyjen turvalliseen ja tukevaan asennukseen sein\u00e4lle. T\u00e4m\u00e4n tuotteen luomisessa korostetaan toiminnallisuutta ja yksinkertaisuutta tarjoten samalla korkealaatuisen ratkaisun kaikenlaisten hyllyjen asentamiseen.<\/p>\n<p>Hyllynkannattimien muotoilu on elegantti yksinkertaisuudessaan. Ne on valmistettu vahvasta metallista, mik\u00e4 takaa niille kest\u00e4vyyden ja pitk\u00e4ik\u00e4isyyden. Kannattimet on erityisesti muotoiltu taivutetusta metallilevyst\u00e4 tarjotakseen maksimaalisen lujuuden ja vakauden hyllyille. T\u00e4m\u00e4n ansiosta hyllyt kiinnitet\u00e4\u00e4n turvallisesti sein\u00e4lle ja ne kest\u00e4v\u00e4t erilaisia esineit\u00e4, olipa kyse sitten kirjoista, koriste-esineist\u00e4 tai keitti\u00f6v\u00e4lineist\u00e4.<\/p>\n<p>Hyllynkannattimet on viimeistelty kest\u00e4v\u00e4ll\u00e4 jauhepinnoitteella, joka ei ainoastaan suojaa metallia korroosiolta vaan antaa my\u00f6s kannattimille siistin ja tyylikk\u00e4\u00e4n ulkon\u00e4\u00f6n. V\u00e4rimaailma mahdollistaa n\u00e4iden kannattimien yhdist\u00e4misen nykyiseen sisustukseen, tehden niist\u00e4 sek\u00e4 k\u00e4yt\u00e4nn\u00f6llisi\u00e4 ett\u00e4 esteettisesti miellytt\u00e4vi\u00e4.<\/p>\n<p>T\u00e4m\u00e4n tuotteen asennus on helppoa ja sujuvaa, ja hyllynkannattimet tulevat kaikkine tarvittavine kiinnitystarvikkeineen, mik\u00e4 tekee asennusprosessista entist\u00e4kin k\u00e4tev\u00e4mm\u00e4n. T\u00e4m\u00e4 tarkoittaa, ett\u00e4 voit nopeasti ja vaivattomasti luoda hyllyratkaisun kotiin tai toimistoon, joka t\u00e4ytt\u00e4\u00e4 tarkalleen tarpeesi.<\/p>\n<p>Hyllynkannatin 29 cm  on erinomainen esimerkki siit\u00e4, kuinka yksinkertaisuus ja toiminnallisuus voivat kulkea k\u00e4si k\u00e4dess\u00e4, tuottaen yht\u00e4 suurta iloa sek\u00e4 k\u00e4yt\u00e4nn\u00f6llisten ett\u00e4 tyylik\u00e4sten sisustusten luomisessa. Olipa tavoitteenasi luoda s\u00e4ilytystilaa tai lis\u00e4t\u00e4 koristeellista elementti\u00e4, n\u00e4m\u00e4 hyllynkannattimet t\u00e4ytt\u00e4v\u00e4t teht\u00e4v\u00e4ns\u00e4 erinomaisesti ja tarjoavat luotettavan laadun.<\/p>\n","protected":false},"excerpt":{"rendered":"<p>Hyllynkannatin on valmistettu ter\u00e4ksest\u00e4 ja viimeistelty jauhepinnoitteella. Se soveltuu k\u00e4ytt\u00f6\u00f6n my\u00f6s ulko-olosuhteissa. Minimalistinen ja kest\u00e4v\u00e4.<\/p>\n","protected":false},"featured_media":2711,"template":"","meta":[],"product_brand":[],"product_cat":[426],"product_tag":[588,558,561],"class_list":{"0":"post-5316","1":"product","2":"type-product","3":"status-publish","4":"has-post-thumbnail","6":"product_cat-hyllyt-hyllynkannattimet","7":"product_tag-konsool-fi","8":"product_tag-konsool-riiulile-fi","9":"product_tag-riiulikandur-fi","10":"has-post-title","11":"has-post-date","12":"has-post-category","13":"has-post-tag","14":"has-post-comment","15":"has-post-author","16":"","18":"first","19":"instock","20":"taxable","21":"shipping-taxable","22":"purchasable","23":"product-type-simple"},"yoast_head":"<!-- This site is optimized with the Yoast SEO plugin v27.4 - https:\/\/yoast.com\/product\/yoast-seo-wordpress\/ -->\n<title>Hyllynkannatin 29 cm |EtnoArt| Hyllyt, Hyllynkannattimet<\/title>\n<meta name=\"description\" content=\"Hyllynkannatin 29 cm on valmistettu ter\u00e4ksest\u00e4 ja viimeistelty jauhepinnoitteella. Se soveltuu k\u00e4ytt\u00f6\u00f6n my\u00f6s ulko-olosuhteissa. Minimalistinen ja kest\u00e4v\u00e4.\" \/>\n<meta name=\"robots\" content=\"index, follow, max-snippet:-1, max-image-preview:large, max-video-preview:-1\" \/>\n<link rel=\"canonical\" href=\"https:\/\/etnoart.eu\/fi\/toode\/hyllynkannatin-29-cm\/\" \/>\n<meta property=\"og:locale\" content=\"fi_FI\" \/>\n<meta property=\"og:type\" content=\"article\" \/>\n<meta property=\"og:title\" content=\"Hyllynkannatin 29 cm |EtnoArt| Hyllyt, Hyllynkannattimet\" \/>\n<meta property=\"og:description\" content=\"Hyllynkannatin 29 cm on valmistettu ter\u00e4ksest\u00e4 ja viimeistelty jauhepinnoitteella. Se soveltuu k\u00e4ytt\u00f6\u00f6n my\u00f6s ulko-olosuhteissa. Minimalistinen ja kest\u00e4v\u00e4.\" \/>\n<meta property=\"og:url\" content=\"https:\/\/etnoart.eu\/fi\/toode\/hyllynkannatin-29-cm\/\" \/>\n<meta property=\"og:site_name\" content=\"Etnoart\" \/>\n<meta property=\"article:publisher\" content=\"https:\/\/www.facebook.com\/etnoart.handicraft.shop\" \/>\n<meta property=\"article:modified_time\" content=\"2025-02-02T19:29:29+00:00\" \/>\n<meta property=\"og:image\" content=\"https:\/\/etnoart.eu\/wp-content\/uploads\/2023\/06\/942-RIIULIKANDUR-29cm-Riiulid-riiulikandurid.jpg\" \/>\n\t<meta property=\"og:image:width\" content=\"750\" \/>\n\t<meta property=\"og:image:height\" content=\"750\" \/>\n\t<meta property=\"og:image:type\" content=\"image\/jpeg\" \/>\n<meta name=\"twitter:card\" content=\"summary_large_image\" \/>\n<meta name=\"twitter:label1\" content=\"Arvioitu lukuaika\" \/>\n\t<meta name=\"twitter:data1\" content=\"2 minuuttia\" \/>\n<script type=\"application\/ld+json\" class=\"yoast-schema-graph\">{\"@context\":\"https:\\\/\\\/schema.org\",\"@graph\":[{\"@type\":\"WebPage\",\"@id\":\"https:\\\/\\\/etnoart.eu\\\/fi\\\/toode\\\/hyllynkannatin-29-cm\\\/\",\"url\":\"https:\\\/\\\/etnoart.eu\\\/fi\\\/toode\\\/hyllynkannatin-29-cm\\\/\",\"name\":\"Hyllynkannatin 29 cm |EtnoArt| Hyllyt, Hyllynkannattimet\",\"isPartOf\":{\"@id\":\"https:\\\/\\\/etnoart.eu\\\/#website\"},\"primaryImageOfPage\":{\"@id\":\"https:\\\/\\\/etnoart.eu\\\/fi\\\/toode\\\/hyllynkannatin-29-cm\\\/#primaryimage\"},\"image\":{\"@id\":\"https:\\\/\\\/etnoart.eu\\\/fi\\\/toode\\\/hyllynkannatin-29-cm\\\/#primaryimage\"},\"thumbnailUrl\":\"https:\\\/\\\/etnoart.eu\\\/wp-content\\\/uploads\\\/2023\\\/06\\\/942-RIIULIKANDUR-29cm-Riiulid-riiulikandurid.jpg\",\"datePublished\":\"2023-06-08T08:54:31+00:00\",\"dateModified\":\"2025-02-02T19:29:29+00:00\",\"description\":\"Hyllynkannatin 29 cm on valmistettu ter\u00e4ksest\u00e4 ja viimeistelty jauhepinnoitteella. Se soveltuu k\u00e4ytt\u00f6\u00f6n my\u00f6s ulko-olosuhteissa. Minimalistinen ja kest\u00e4v\u00e4.\",\"breadcrumb\":{\"@id\":\"https:\\\/\\\/etnoart.eu\\\/fi\\\/toode\\\/hyllynkannatin-29-cm\\\/#breadcrumb\"},\"inLanguage\":\"fi\",\"potentialAction\":[{\"@type\":\"ReadAction\",\"target\":[\"https:\\\/\\\/etnoart.eu\\\/fi\\\/toode\\\/hyllynkannatin-29-cm\\\/\"]}]},{\"@type\":\"ImageObject\",\"inLanguage\":\"fi\",\"@id\":\"https:\\\/\\\/etnoart.eu\\\/fi\\\/toode\\\/hyllynkannatin-29-cm\\\/#primaryimage\",\"url\":\"https:\\\/\\\/etnoart.eu\\\/wp-content\\\/uploads\\\/2023\\\/06\\\/942-RIIULIKANDUR-29cm-Riiulid-riiulikandurid.jpg\",\"contentUrl\":\"https:\\\/\\\/etnoart.eu\\\/wp-content\\\/uploads\\\/2023\\\/06\\\/942-RIIULIKANDUR-29cm-Riiulid-riiulikandurid.jpg\",\"width\":750,\"height\":750,\"caption\":\"Hyllynkannatin 29 cm\"},{\"@type\":\"BreadcrumbList\",\"@id\":\"https:\\\/\\\/etnoart.eu\\\/fi\\\/toode\\\/hyllynkannatin-29-cm\\\/#breadcrumb\",\"itemListElement\":[{\"@type\":\"ListItem\",\"position\":1,\"name\":\"Home\",\"item\":\"https:\\\/\\\/etnoart.eu\\\/fi\\\/\"},{\"@type\":\"ListItem\",\"position\":2,\"name\":\"Shop\",\"item\":\"https:\\\/\\\/etnoart.eu\\\/pood\\\/\"},{\"@type\":\"ListItem\",\"position\":3,\"name\":\"Hyllynkannatin 29 cm\"}]},{\"@type\":\"WebSite\",\"@id\":\"https:\\\/\\\/etnoart.eu\\\/#website\",\"url\":\"https:\\\/\\\/etnoart.eu\\\/\",\"name\":\"Etnoart\",\"description\":\"K&auml;sit&ouml;&ouml;pood\",\"publisher\":{\"@id\":\"https:\\\/\\\/etnoart.eu\\\/#organization\"},\"potentialAction\":[{\"@type\":\"SearchAction\",\"target\":{\"@type\":\"EntryPoint\",\"urlTemplate\":\"https:\\\/\\\/etnoart.eu\\\/?s={search_term_string}\"},\"query-input\":{\"@type\":\"PropertyValueSpecification\",\"valueRequired\":true,\"valueName\":\"search_term_string\"}}],\"inLanguage\":\"fi\"},{\"@type\":\"Organization\",\"@id\":\"https:\\\/\\\/etnoart.eu\\\/#organization\",\"name\":\"Etnoart O\u00dc\",\"url\":\"https:\\\/\\\/etnoart.eu\\\/\",\"logo\":{\"@type\":\"ImageObject\",\"inLanguage\":\"fi\",\"@id\":\"https:\\\/\\\/etnoart.eu\\\/#\\\/schema\\\/logo\\\/image\\\/\",\"url\":\"https:\\\/\\\/etnoart.eu\\\/wp-content\\\/uploads\\\/2023\\\/06\\\/etnoart-logo.png\",\"contentUrl\":\"https:\\\/\\\/etnoart.eu\\\/wp-content\\\/uploads\\\/2023\\\/06\\\/etnoart-logo.png\",\"width\":491,\"height\":184,\"caption\":\"Etnoart O\u00dc\"},\"image\":{\"@id\":\"https:\\\/\\\/etnoart.eu\\\/#\\\/schema\\\/logo\\\/image\\\/\"},\"sameAs\":[\"https:\\\/\\\/www.facebook.com\\\/etnoart.handicraft.shop\"]}]}<\/script>\n<!-- \/ Yoast SEO plugin. -->","yoast_head_json":{"title":"Hyllynkannatin 29 cm |EtnoArt| Hyllyt, Hyllynkannattimet","description":"Hyllynkannatin 29 cm on valmistettu ter\u00e4ksest\u00e4 ja viimeistelty jauhepinnoitteella. Se soveltuu k\u00e4ytt\u00f6\u00f6n my\u00f6s ulko-olosuhteissa. Minimalistinen ja kest\u00e4v\u00e4.","robots":{"index":"index","follow":"follow","max-snippet":"max-snippet:-1","max-image-preview":"max-image-preview:large","max-video-preview":"max-video-preview:-1"},"canonical":"https:\/\/etnoart.eu\/fi\/toode\/hyllynkannatin-29-cm\/","og_locale":"fi_FI","og_type":"article","og_title":"Hyllynkannatin 29 cm |EtnoArt| Hyllyt, Hyllynkannattimet","og_description":"Hyllynkannatin 29 cm on valmistettu ter\u00e4ksest\u00e4 ja viimeistelty jauhepinnoitteella. Se soveltuu k\u00e4ytt\u00f6\u00f6n my\u00f6s ulko-olosuhteissa. Minimalistinen ja kest\u00e4v\u00e4.","og_url":"https:\/\/etnoart.eu\/fi\/toode\/hyllynkannatin-29-cm\/","og_site_name":"Etnoart","article_publisher":"https:\/\/www.facebook.com\/etnoart.handicraft.shop","article_modified_time":"2025-02-02T19:29:29+00:00","og_image":[{"width":750,"height":750,"url":"https:\/\/etnoart.eu\/wp-content\/uploads\/2023\/06\/942-RIIULIKANDUR-29cm-Riiulid-riiulikandurid.jpg","type":"image\/jpeg"}],"twitter_card":"summary_large_image","twitter_misc":{"Arvioitu lukuaika":"2 minuuttia"},"schema":{"@context":"https:\/\/schema.org","@graph":[{"@type":"WebPage","@id":"https:\/\/etnoart.eu\/fi\/toode\/hyllynkannatin-29-cm\/","url":"https:\/\/etnoart.eu\/fi\/toode\/hyllynkannatin-29-cm\/","name":"Hyllynkannatin 29 cm |EtnoArt| Hyllyt, Hyllynkannattimet","isPartOf":{"@id":"https:\/\/etnoart.eu\/#website"},"primaryImageOfPage":{"@id":"https:\/\/etnoart.eu\/fi\/toode\/hyllynkannatin-29-cm\/#primaryimage"},"image":{"@id":"https:\/\/etnoart.eu\/fi\/toode\/hyllynkannatin-29-cm\/#primaryimage"},"thumbnailUrl":"https:\/\/etnoart.eu\/wp-content\/uploads\/2023\/06\/942-RIIULIKANDUR-29cm-Riiulid-riiulikandurid.jpg","datePublished":"2023-06-08T08:54:31+00:00","dateModified":"2025-02-02T19:29:29+00:00","description":"Hyllynkannatin 29 cm on valmistettu ter\u00e4ksest\u00e4 ja viimeistelty jauhepinnoitteella. Se soveltuu k\u00e4ytt\u00f6\u00f6n my\u00f6s ulko-olosuhteissa. Minimalistinen ja kest\u00e4v\u00e4.","breadcrumb":{"@id":"https:\/\/etnoart.eu\/fi\/toode\/hyllynkannatin-29-cm\/#breadcrumb"},"inLanguage":"fi","potentialAction":[{"@type":"ReadAction","target":["https:\/\/etnoart.eu\/fi\/toode\/hyllynkannatin-29-cm\/"]}]},{"@type":"ImageObject","inLanguage":"fi","@id":"https:\/\/etnoart.eu\/fi\/toode\/hyllynkannatin-29-cm\/#primaryimage","url":"https:\/\/etnoart.eu\/wp-content\/uploads\/2023\/06\/942-RIIULIKANDUR-29cm-Riiulid-riiulikandurid.jpg","contentUrl":"https:\/\/etnoart.eu\/wp-content\/uploads\/2023\/06\/942-RIIULIKANDUR-29cm-Riiulid-riiulikandurid.jpg","width":750,"height":750,"caption":"Hyllynkannatin 29 cm"},{"@type":"BreadcrumbList","@id":"https:\/\/etnoart.eu\/fi\/toode\/hyllynkannatin-29-cm\/#breadcrumb","itemListElement":[{"@type":"ListItem","position":1,"name":"Home","item":"https:\/\/etnoart.eu\/fi\/"},{"@type":"ListItem","position":2,"name":"Shop","item":"https:\/\/etnoart.eu\/pood\/"},{"@type":"ListItem","position":3,"name":"Hyllynkannatin 29 cm"}]},{"@type":"WebSite","@id":"https:\/\/etnoart.eu\/#website","url":"https:\/\/etnoart.eu\/","name":"Etnoart","description":"K&auml;sit&ouml;&ouml;pood","publisher":{"@id":"https:\/\/etnoart.eu\/#organization"},"potentialAction":[{"@type":"SearchAction","target":{"@type":"EntryPoint","urlTemplate":"https:\/\/etnoart.eu\/?s={search_term_string}"},"query-input":{"@type":"PropertyValueSpecification","valueRequired":true,"valueName":"search_term_string"}}],"inLanguage":"fi"},{"@type":"Organization","@id":"https:\/\/etnoart.eu\/#organization","name":"Etnoart O\u00dc","url":"https:\/\/etnoart.eu\/","logo":{"@type":"ImageObject","inLanguage":"fi","@id":"https:\/\/etnoart.eu\/#\/schema\/logo\/image\/","url":"https:\/\/etnoart.eu\/wp-content\/uploads\/2023\/06\/etnoart-logo.png","contentUrl":"https:\/\/etnoart.eu\/wp-content\/uploads\/2023\/06\/etnoart-logo.png","width":491,"height":184,"caption":"Etnoart O\u00dc"},"image":{"@id":"https:\/\/etnoart.eu\/#\/schema\/logo\/image\/"},"sameAs":["https:\/\/www.facebook.com\/etnoart.handicraft.shop"]}]}},"builder_content":"","_links":{"self":[{"href":"https:\/\/etnoart.eu\/fi\/wp-json\/wp\/v2\/product\/5316","targetHints":{"allow":["GET"]}}],"collection":[{"href":"https:\/\/etnoart.eu\/fi\/wp-json\/wp\/v2\/product"}],"about":[{"href":"https:\/\/etnoart.eu\/fi\/wp-json\/wp\/v2\/types\/product"}],"wp:featuredmedia":[{"embeddable":true,"href":"https:\/\/etnoart.eu\/fi\/wp-json\/wp\/v2\/media\/2711"}],"wp:attachment":[{"href":"https:\/\/etnoart.eu\/fi\/wp-json\/wp\/v2\/media?parent=5316"}],"wp:term":[{"taxonomy":"product_brand","embeddable":true,"href":"https:\/\/etnoart.eu\/fi\/wp-json\/wp\/v2\/product_brand?post=5316"},{"taxonomy":"product_cat","embeddable":true,"href":"https:\/\/etnoart.eu\/fi\/wp-json\/wp\/v2\/product_cat?post=5316"},{"taxonomy":"product_tag","embeddable":true,"href":"https:\/\/etnoart.eu\/fi\/wp-json\/wp\/v2\/product_tag?post=5316"}],"curies":[{"name":"wp","href":"https:\/\/api.w.org\/{rel}","templated":true}]}}