{"id":5299,"date":"2023-06-08T08:54:57","date_gmt":"2023-06-08T08:54:57","guid":{"rendered":"https:\/\/etnoart.eu\/toode\/riiulikandur-20x20-cm\/"},"modified":"2025-02-02T18:16:39","modified_gmt":"2025-02-02T18:16:39","slug":"hyllynkannatin-20x20-cm","status":"publish","type":"product","link":"https:\/\/etnoart.eu\/fi\/toode\/hyllynkannatin-20x20-cm\/","title":{"rendered":"Hyllynkannatin 20\u00d720 cm"},"content":{"rendered":"<p>Hyllynkannatin 20\u00d720 cm on vahva ja korkealaatuinen tuote, valmistettu kest\u00e4v\u00e4st\u00e4 ter\u00e4ksest\u00e4, ja sen on valmistanut virolainen sep\u00e4npaja \u2013 t\u00e4m\u00e4 takaa laadun ja luotettavuuden. T\u00e4m\u00e4n hyllynkannattimen mitat ovat 20 cm x 20 cm, mik\u00e4 tekee siit\u00e4 erinomaisen valinnan suurempien hyllyjen asentamiseen erilaisiin tiloihin, kuten koteihin, toimistoihin tai k\u00e4yt\u00e4viin.<\/p>\n<p>Yksi osa kannatinta nojaa sein\u00e4\u00e4n, luoden vankan perustan, kun taas toinen osa ulottuu hyllyn alle, tarjoten tukea ja kantavuutta hyllylle. Molemmat kannattimen osat ovat 20 cm pitki\u00e4, tarjoten riitt\u00e4v\u00e4sti tilaa hyllyn painolle ja kuormalle.<\/p>\n<p>T\u00e4m\u00e4n hyllynkannattimen asennus on helppoa ja k\u00e4tev\u00e4\u00e4, koska se kiinnitet\u00e4\u00e4n sein\u00e4\u00e4n kahdella ruuvilla. Lis\u00e4ksi on kaksi ruuvireik\u00e4\u00e4, joiden avulla hylly voidaan turvallisesti kiinnitt\u00e4\u00e4 kannattimeen, olipa se konsoli tai jokin muu tukipinta. T\u00e4llainen asennus takaa vankan ja vakaan hyllyn, joka kest\u00e4\u00e4 my\u00f6s raskaampia kuormia.<\/p>\n<p>Jauhepinnoite on t\u00e4rke\u00e4 lis\u00e4arvo, joka suojaa hyllynkannatinta kosteudelta, korroosiolta ja kulumiselta. T\u00e4m\u00e4 tekee hyllynkannattimesta erinomaisen valinnan kukkaruukkujen s\u00e4ilytt\u00e4miseen, luoden tyylikk\u00e4\u00e4n ja k\u00e4yt\u00e4nn\u00f6llisen hyllyn kasveille. Lis\u00e4ksi sen luja rakenne mahdollistaa kirjahyllyjen tai pienempien k\u00e4yt\u00e4v\u00e4hyllyjen rakentamisen, joille voi asettaa esineit\u00e4, kuten k\u00e4silaukkuja tai auton avaimia.<\/p>\n<p>Yhteenvetona Hyllynkannatin 20\u00d720 cm on monipuolinen ja kest\u00e4v\u00e4 tuote, joka sopii erinomaisesti erilaisiin koti- ja toimistoprojekteihin. Sen toiminnallisuus, kest\u00e4vyys ja viimeistely tekev\u00e4t siit\u00e4 erinomaisen valinnan moniin eri k\u00e4ytt\u00f6tarkoituksiin.<\/p>\n","protected":false},"excerpt":{"rendered":"<p>Yksinkertainen taottu konsoli hyllylle. Viimeistelty jauhemaalilla.<\/p>\n","protected":false},"featured_media":5300,"template":"","meta":[],"product_brand":[],"product_cat":[426],"product_tag":[],"class_list":{"0":"post-5299","1":"product","2":"type-product","3":"status-publish","4":"has-post-thumbnail","6":"product_cat-hyllyt-hyllynkannattimet","7":"has-post-title","8":"has-post-date","9":"has-post-category","10":"has-post-tag","11":"has-post-comment","12":"has-post-author","13":"","15":"first","16":"instock","17":"taxable","18":"shipping-taxable","19":"purchasable","20":"product-type-simple"},"yoast_head":"<!-- This site is optimized with the Yoast SEO plugin v27.4 - https:\/\/yoast.com\/product\/yoast-seo-wordpress\/ -->\n<title>Hyllynkannatin 20\u00d720 cm |EtnoArt| Riiulid, riiulikandurid<\/title>\n<meta name=\"description\" content=\"Hyllynkannatin 20x20 cm on vahva ja k\u00e4yt\u00e4nn\u00f6llinen ratkaisu pienempien hyllyjen asentamiseen, valmistettu kest\u00e4v\u00e4st\u00e4 ter\u00e4ksest\u00e4.\" \/>\n<meta name=\"robots\" content=\"index, follow, max-snippet:-1, max-image-preview:large, max-video-preview:-1\" \/>\n<link rel=\"canonical\" href=\"https:\/\/etnoart.eu\/fi\/toode\/hyllynkannatin-20x20-cm\/\" \/>\n<meta property=\"og:locale\" content=\"fi_FI\" \/>\n<meta property=\"og:type\" content=\"article\" \/>\n<meta property=\"og:title\" content=\"Hyllynkannatin 20\u00d720 cm |EtnoArt| Riiulid, riiulikandurid\" \/>\n<meta property=\"og:description\" content=\"Hyllynkannatin 20x20 cm on vahva ja k\u00e4yt\u00e4nn\u00f6llinen ratkaisu pienempien hyllyjen asentamiseen, valmistettu kest\u00e4v\u00e4st\u00e4 ter\u00e4ksest\u00e4.\" \/>\n<meta property=\"og:url\" content=\"https:\/\/etnoart.eu\/fi\/toode\/hyllynkannatin-20x20-cm\/\" \/>\n<meta property=\"og:site_name\" content=\"Etnoart\" \/>\n<meta property=\"article:publisher\" content=\"https:\/\/www.facebook.com\/etnoart.handicraft.shop\" \/>\n<meta property=\"article:modified_time\" content=\"2025-02-02T18:16:39+00:00\" \/>\n<meta property=\"og:image\" content=\"https:\/\/etnoart.eu\/wp-content\/uploads\/2023\/06\/Riiulikandur-20\u00d720-cm.png\" \/>\n\t<meta property=\"og:image:width\" content=\"823\" \/>\n\t<meta property=\"og:image:height\" content=\"823\" \/>\n\t<meta property=\"og:image:type\" content=\"image\/png\" \/>\n<meta name=\"twitter:card\" content=\"summary_large_image\" \/>\n<meta name=\"twitter:label1\" content=\"Arvioitu lukuaika\" \/>\n\t<meta name=\"twitter:data1\" content=\"2 minuuttia\" \/>\n<script type=\"application\/ld+json\" class=\"yoast-schema-graph\">{\"@context\":\"https:\\\/\\\/schema.org\",\"@graph\":[{\"@type\":\"WebPage\",\"@id\":\"https:\\\/\\\/etnoart.eu\\\/fi\\\/toode\\\/hyllynkannatin-20x20-cm\\\/\",\"url\":\"https:\\\/\\\/etnoart.eu\\\/fi\\\/toode\\\/hyllynkannatin-20x20-cm\\\/\",\"name\":\"Hyllynkannatin 20\u00d720 cm |EtnoArt| Riiulid, riiulikandurid\",\"isPartOf\":{\"@id\":\"https:\\\/\\\/etnoart.eu\\\/#website\"},\"primaryImageOfPage\":{\"@id\":\"https:\\\/\\\/etnoart.eu\\\/fi\\\/toode\\\/hyllynkannatin-20x20-cm\\\/#primaryimage\"},\"image\":{\"@id\":\"https:\\\/\\\/etnoart.eu\\\/fi\\\/toode\\\/hyllynkannatin-20x20-cm\\\/#primaryimage\"},\"thumbnailUrl\":\"https:\\\/\\\/etnoart.eu\\\/wp-content\\\/uploads\\\/2023\\\/06\\\/Riiulikandur-20\u00d720-cm.png\",\"datePublished\":\"2023-06-08T08:54:57+00:00\",\"dateModified\":\"2025-02-02T18:16:39+00:00\",\"description\":\"Hyllynkannatin 20x20 cm on vahva ja k\u00e4yt\u00e4nn\u00f6llinen ratkaisu pienempien hyllyjen asentamiseen, valmistettu kest\u00e4v\u00e4st\u00e4 ter\u00e4ksest\u00e4.\",\"breadcrumb\":{\"@id\":\"https:\\\/\\\/etnoart.eu\\\/fi\\\/toode\\\/hyllynkannatin-20x20-cm\\\/#breadcrumb\"},\"inLanguage\":\"fi\",\"potentialAction\":[{\"@type\":\"ReadAction\",\"target\":[\"https:\\\/\\\/etnoart.eu\\\/fi\\\/toode\\\/hyllynkannatin-20x20-cm\\\/\"]}]},{\"@type\":\"ImageObject\",\"inLanguage\":\"fi\",\"@id\":\"https:\\\/\\\/etnoart.eu\\\/fi\\\/toode\\\/hyllynkannatin-20x20-cm\\\/#primaryimage\",\"url\":\"https:\\\/\\\/etnoart.eu\\\/wp-content\\\/uploads\\\/2023\\\/06\\\/Riiulikandur-20\u00d720-cm.png\",\"contentUrl\":\"https:\\\/\\\/etnoart.eu\\\/wp-content\\\/uploads\\\/2023\\\/06\\\/Riiulikandur-20\u00d720-cm.png\",\"width\":823,\"height\":823,\"caption\":\"Hyllynkannatin 20\u00d720 cm\"},{\"@type\":\"BreadcrumbList\",\"@id\":\"https:\\\/\\\/etnoart.eu\\\/fi\\\/toode\\\/hyllynkannatin-20x20-cm\\\/#breadcrumb\",\"itemListElement\":[{\"@type\":\"ListItem\",\"position\":1,\"name\":\"Home\",\"item\":\"https:\\\/\\\/etnoart.eu\\\/fi\\\/\"},{\"@type\":\"ListItem\",\"position\":2,\"name\":\"Shop\",\"item\":\"https:\\\/\\\/etnoart.eu\\\/pood\\\/\"},{\"@type\":\"ListItem\",\"position\":3,\"name\":\"Hyllynkannatin 20\u00d720 cm\"}]},{\"@type\":\"WebSite\",\"@id\":\"https:\\\/\\\/etnoart.eu\\\/#website\",\"url\":\"https:\\\/\\\/etnoart.eu\\\/\",\"name\":\"Etnoart\",\"description\":\"K&auml;sit&ouml;&ouml;pood\",\"publisher\":{\"@id\":\"https:\\\/\\\/etnoart.eu\\\/#organization\"},\"potentialAction\":[{\"@type\":\"SearchAction\",\"target\":{\"@type\":\"EntryPoint\",\"urlTemplate\":\"https:\\\/\\\/etnoart.eu\\\/?s={search_term_string}\"},\"query-input\":{\"@type\":\"PropertyValueSpecification\",\"valueRequired\":true,\"valueName\":\"search_term_string\"}}],\"inLanguage\":\"fi\"},{\"@type\":\"Organization\",\"@id\":\"https:\\\/\\\/etnoart.eu\\\/#organization\",\"name\":\"Etnoart O\u00dc\",\"url\":\"https:\\\/\\\/etnoart.eu\\\/\",\"logo\":{\"@type\":\"ImageObject\",\"inLanguage\":\"fi\",\"@id\":\"https:\\\/\\\/etnoart.eu\\\/#\\\/schema\\\/logo\\\/image\\\/\",\"url\":\"https:\\\/\\\/etnoart.eu\\\/wp-content\\\/uploads\\\/2023\\\/06\\\/etnoart-logo.png\",\"contentUrl\":\"https:\\\/\\\/etnoart.eu\\\/wp-content\\\/uploads\\\/2023\\\/06\\\/etnoart-logo.png\",\"width\":491,\"height\":184,\"caption\":\"Etnoart O\u00dc\"},\"image\":{\"@id\":\"https:\\\/\\\/etnoart.eu\\\/#\\\/schema\\\/logo\\\/image\\\/\"},\"sameAs\":[\"https:\\\/\\\/www.facebook.com\\\/etnoart.handicraft.shop\"]}]}<\/script>\n<!-- \/ Yoast SEO plugin. -->","yoast_head_json":{"title":"Hyllynkannatin 20\u00d720 cm |EtnoArt| Riiulid, riiulikandurid","description":"Hyllynkannatin 20x20 cm on vahva ja k\u00e4yt\u00e4nn\u00f6llinen ratkaisu pienempien hyllyjen asentamiseen, valmistettu kest\u00e4v\u00e4st\u00e4 ter\u00e4ksest\u00e4.","robots":{"index":"index","follow":"follow","max-snippet":"max-snippet:-1","max-image-preview":"max-image-preview:large","max-video-preview":"max-video-preview:-1"},"canonical":"https:\/\/etnoart.eu\/fi\/toode\/hyllynkannatin-20x20-cm\/","og_locale":"fi_FI","og_type":"article","og_title":"Hyllynkannatin 20\u00d720 cm |EtnoArt| Riiulid, riiulikandurid","og_description":"Hyllynkannatin 20x20 cm on vahva ja k\u00e4yt\u00e4nn\u00f6llinen ratkaisu pienempien hyllyjen asentamiseen, valmistettu kest\u00e4v\u00e4st\u00e4 ter\u00e4ksest\u00e4.","og_url":"https:\/\/etnoart.eu\/fi\/toode\/hyllynkannatin-20x20-cm\/","og_site_name":"Etnoart","article_publisher":"https:\/\/www.facebook.com\/etnoart.handicraft.shop","article_modified_time":"2025-02-02T18:16:39+00:00","og_image":[{"width":823,"height":823,"url":"https:\/\/etnoart.eu\/wp-content\/uploads\/2023\/06\/Riiulikandur-20\u00d720-cm.png","type":"image\/png"}],"twitter_card":"summary_large_image","twitter_misc":{"Arvioitu lukuaika":"2 minuuttia"},"schema":{"@context":"https:\/\/schema.org","@graph":[{"@type":"WebPage","@id":"https:\/\/etnoart.eu\/fi\/toode\/hyllynkannatin-20x20-cm\/","url":"https:\/\/etnoart.eu\/fi\/toode\/hyllynkannatin-20x20-cm\/","name":"Hyllynkannatin 20\u00d720 cm |EtnoArt| Riiulid, riiulikandurid","isPartOf":{"@id":"https:\/\/etnoart.eu\/#website"},"primaryImageOfPage":{"@id":"https:\/\/etnoart.eu\/fi\/toode\/hyllynkannatin-20x20-cm\/#primaryimage"},"image":{"@id":"https:\/\/etnoart.eu\/fi\/toode\/hyllynkannatin-20x20-cm\/#primaryimage"},"thumbnailUrl":"https:\/\/etnoart.eu\/wp-content\/uploads\/2023\/06\/Riiulikandur-20\u00d720-cm.png","datePublished":"2023-06-08T08:54:57+00:00","dateModified":"2025-02-02T18:16:39+00:00","description":"Hyllynkannatin 20x20 cm on vahva ja k\u00e4yt\u00e4nn\u00f6llinen ratkaisu pienempien hyllyjen asentamiseen, valmistettu kest\u00e4v\u00e4st\u00e4 ter\u00e4ksest\u00e4.","breadcrumb":{"@id":"https:\/\/etnoart.eu\/fi\/toode\/hyllynkannatin-20x20-cm\/#breadcrumb"},"inLanguage":"fi","potentialAction":[{"@type":"ReadAction","target":["https:\/\/etnoart.eu\/fi\/toode\/hyllynkannatin-20x20-cm\/"]}]},{"@type":"ImageObject","inLanguage":"fi","@id":"https:\/\/etnoart.eu\/fi\/toode\/hyllynkannatin-20x20-cm\/#primaryimage","url":"https:\/\/etnoart.eu\/wp-content\/uploads\/2023\/06\/Riiulikandur-20\u00d720-cm.png","contentUrl":"https:\/\/etnoart.eu\/wp-content\/uploads\/2023\/06\/Riiulikandur-20\u00d720-cm.png","width":823,"height":823,"caption":"Hyllynkannatin 20\u00d720 cm"},{"@type":"BreadcrumbList","@id":"https:\/\/etnoart.eu\/fi\/toode\/hyllynkannatin-20x20-cm\/#breadcrumb","itemListElement":[{"@type":"ListItem","position":1,"name":"Home","item":"https:\/\/etnoart.eu\/fi\/"},{"@type":"ListItem","position":2,"name":"Shop","item":"https:\/\/etnoart.eu\/pood\/"},{"@type":"ListItem","position":3,"name":"Hyllynkannatin 20\u00d720 cm"}]},{"@type":"WebSite","@id":"https:\/\/etnoart.eu\/#website","url":"https:\/\/etnoart.eu\/","name":"Etnoart","description":"K&auml;sit&ouml;&ouml;pood","publisher":{"@id":"https:\/\/etnoart.eu\/#organization"},"potentialAction":[{"@type":"SearchAction","target":{"@type":"EntryPoint","urlTemplate":"https:\/\/etnoart.eu\/?s={search_term_string}"},"query-input":{"@type":"PropertyValueSpecification","valueRequired":true,"valueName":"search_term_string"}}],"inLanguage":"fi"},{"@type":"Organization","@id":"https:\/\/etnoart.eu\/#organization","name":"Etnoart O\u00dc","url":"https:\/\/etnoart.eu\/","logo":{"@type":"ImageObject","inLanguage":"fi","@id":"https:\/\/etnoart.eu\/#\/schema\/logo\/image\/","url":"https:\/\/etnoart.eu\/wp-content\/uploads\/2023\/06\/etnoart-logo.png","contentUrl":"https:\/\/etnoart.eu\/wp-content\/uploads\/2023\/06\/etnoart-logo.png","width":491,"height":184,"caption":"Etnoart O\u00dc"},"image":{"@id":"https:\/\/etnoart.eu\/#\/schema\/logo\/image\/"},"sameAs":["https:\/\/www.facebook.com\/etnoart.handicraft.shop"]}]}},"builder_content":"","_links":{"self":[{"href":"https:\/\/etnoart.eu\/fi\/wp-json\/wp\/v2\/product\/5299","targetHints":{"allow":["GET"]}}],"collection":[{"href":"https:\/\/etnoart.eu\/fi\/wp-json\/wp\/v2\/product"}],"about":[{"href":"https:\/\/etnoart.eu\/fi\/wp-json\/wp\/v2\/types\/product"}],"wp:featuredmedia":[{"embeddable":true,"href":"https:\/\/etnoart.eu\/fi\/wp-json\/wp\/v2\/media\/5300"}],"wp:attachment":[{"href":"https:\/\/etnoart.eu\/fi\/wp-json\/wp\/v2\/media?parent=5299"}],"wp:term":[{"taxonomy":"product_brand","embeddable":true,"href":"https:\/\/etnoart.eu\/fi\/wp-json\/wp\/v2\/product_brand?post=5299"},{"taxonomy":"product_cat","embeddable":true,"href":"https:\/\/etnoart.eu\/fi\/wp-json\/wp\/v2\/product_cat?post=5299"},{"taxonomy":"product_tag","embeddable":true,"href":"https:\/\/etnoart.eu\/fi\/wp-json\/wp\/v2\/product_tag?post=5299"}],"curies":[{"name":"wp","href":"https:\/\/api.w.org\/{rel}","templated":true}]}}