{"id":5291,"date":"2023-06-08T08:55:19","date_gmt":"2023-06-08T08:55:19","guid":{"rendered":"https:\/\/etnoart.eu\/toode\/riiulikandur-15x15-cm\/"},"modified":"2025-02-02T17:44:03","modified_gmt":"2025-02-02T17:44:03","slug":"hyllynkannatin-15x15-cm","status":"publish","type":"product","link":"https:\/\/etnoart.eu\/fi\/toode\/hyllynkannatin-15x15-cm\/","title":{"rendered":"Hyllynkannatin 15\u00d715 cm"},"content":{"rendered":"<p>Hyllynkannatin 15\u00d715 cm on vahva ja k\u00e4yt\u00e4nn\u00f6llinen ratkaisu pienempien hyllyjen asentamiseen, valmistettu kest\u00e4v\u00e4st\u00e4 ter\u00e4ksest\u00e4. Tuote on valmistettu virolaisessa sep\u00e4npajassa, mik\u00e4 takaa laadun ja luotettavuuden. T\u00e4m\u00e4n hyllynkannattimen mitat ovat 15 cm x 15 cm, mik\u00e4 tekee siit\u00e4 ihanteellisen valinnan pienempi\u00e4 hyllyj\u00e4 varten, olipa kyseess\u00e4 sitten keitti\u00f6, kylpyhuone tai muu tila.<\/p>\n<p>Hyllynkannatin 15\u00d715 cm voidaan asentaa usealla eri tavalla, riippuen siit\u00e4, kuinka haluat k\u00e4ytt\u00e4\u00e4 hylly\u00e4. Yksi osa kannatinta nojaa sein\u00e4\u00e4n, tarjoten vakautta, kun taas toinen osa ulottuu hyllyn alle, tarjoten tukea hyllylle itselleen. Molemmat kannattimen osat ovat 15 cm pitki\u00e4, mik\u00e4 varmistaa tasaisen tuen ja jakaa kuorman tasaisesti.<\/p>\n<p>Hyllynkannattimen asennus on helppoa, koska se kiinnitet\u00e4\u00e4n sein\u00e4\u00e4n kahdella ruuvilla. Lis\u00e4ksi on kaksi ruuvireik\u00e4\u00e4, joiden avulla hylly voidaan kiinnitt\u00e4\u00e4 turvallisesti kannattimeen. T\u00e4m\u00e4 suunnittelu takaa vakautta ja luotettavan tuen, vaikka hyllylle asetettaisiinkin raskaampia esineit\u00e4.<\/p>\n<p>Tuote on p\u00e4\u00e4llystetty jauhemaalia, joka suojaa hyllynkannatinta kosteudelta ja kulumiselta. T\u00e4m\u00e4 ominaisuus tekee siit\u00e4 erityisen sopivan k\u00e4ytett\u00e4v\u00e4ksi keitti\u00f6ss\u00e4, erityisesti liedon l\u00e4hell\u00e4, miss\u00e4 voi olla enemm\u00e4n kosteutta ja l\u00e4mp\u00f6\u00e4. Esimerkiksi sit\u00e4 voidaan k\u00e4tev\u00e4sti k\u00e4ytt\u00e4\u00e4 maustehyllyn asentamiseen liedon viereen, pit\u00e4en tarvittavat mausteet helposti saatavilla ja samalla suojaten kannatinta haitallisilta vaikutuksilta.<\/p>\n<p>Yhteenvetona 15\u00d715 cm hyllynkannatin on k\u00e4yt\u00e4nn\u00f6llinen, kest\u00e4v\u00e4 ja huolellisesti suunniteltu tuote, joka auttaa sinua hy\u00f6dynt\u00e4m\u00e4\u00e4n pienempi\u00e4 tiloja tehokkaasti ja pit\u00e4m\u00e4\u00e4n esineesi j\u00e4rjestyksess\u00e4 ja helposti saatavilla.<br \/>\nTarjoamme my\u00f6s samankaltaisia kannattimia 20 cm ja 25 cm hyllyj\u00e4 varten.<\/p>\n","protected":false},"excerpt":{"rendered":"<p>Yksinkertainen taottu konsoli hyllylle. Viimeistelty jauhemaalilla.<\/p>\n","protected":false},"featured_media":5292,"template":"","meta":[],"product_brand":[],"product_cat":[426],"product_tag":[],"class_list":{"0":"post-5291","1":"product","2":"type-product","3":"status-publish","4":"has-post-thumbnail","6":"product_cat-hyllyt-hyllynkannattimet","7":"has-post-title","8":"has-post-date","9":"has-post-category","10":"has-post-tag","11":"has-post-comment","12":"has-post-author","13":"","15":"first","16":"instock","17":"taxable","18":"shipping-taxable","19":"purchasable","20":"product-type-simple"},"yoast_head":"<!-- This site is optimized with the Yoast SEO plugin v27.4 - https:\/\/yoast.com\/product\/yoast-seo-wordpress\/ -->\n<title>Hyllynkannatin 15\u00d715 cm |EtnoArt| Hyllyt, Hyllynkannattimet<\/title>\n<meta name=\"description\" content=\"Hyllynkannatin 15\u00d715 cm on vahva ja k\u00e4yt\u00e4nn\u00f6llinen ratkaisu pienempien hyllyjen asentamiseen, valmistettu kest\u00e4v\u00e4st\u00e4 ter\u00e4ksest\u00e4.\" \/>\n<meta name=\"robots\" content=\"index, follow, max-snippet:-1, max-image-preview:large, max-video-preview:-1\" \/>\n<link rel=\"canonical\" href=\"https:\/\/etnoart.eu\/fi\/toode\/hyllynkannatin-15x15-cm\/\" \/>\n<meta property=\"og:locale\" content=\"fi_FI\" \/>\n<meta property=\"og:type\" content=\"article\" \/>\n<meta property=\"og:title\" content=\"Hyllynkannatin 15\u00d715 cm |EtnoArt| Hyllyt, Hyllynkannattimet\" \/>\n<meta property=\"og:description\" content=\"Hyllynkannatin 15\u00d715 cm on vahva ja k\u00e4yt\u00e4nn\u00f6llinen ratkaisu pienempien hyllyjen asentamiseen, valmistettu kest\u00e4v\u00e4st\u00e4 ter\u00e4ksest\u00e4.\" \/>\n<meta property=\"og:url\" content=\"https:\/\/etnoart.eu\/fi\/toode\/hyllynkannatin-15x15-cm\/\" \/>\n<meta property=\"og:site_name\" content=\"Etnoart\" \/>\n<meta property=\"article:publisher\" content=\"https:\/\/www.facebook.com\/etnoart.handicraft.shop\" \/>\n<meta property=\"article:modified_time\" content=\"2025-02-02T17:44:03+00:00\" \/>\n<meta property=\"og:image\" content=\"https:\/\/etnoart.eu\/wp-content\/uploads\/2023\/06\/Riiulikandur-15\u00d715-cm.png\" \/>\n\t<meta property=\"og:image:width\" content=\"1759\" \/>\n\t<meta property=\"og:image:height\" content=\"1759\" \/>\n\t<meta property=\"og:image:type\" content=\"image\/png\" \/>\n<meta name=\"twitter:card\" content=\"summary_large_image\" \/>\n<meta name=\"twitter:label1\" content=\"Arvioitu lukuaika\" \/>\n\t<meta name=\"twitter:data1\" content=\"2 minuuttia\" \/>\n<script type=\"application\/ld+json\" class=\"yoast-schema-graph\">{\"@context\":\"https:\\\/\\\/schema.org\",\"@graph\":[{\"@type\":\"WebPage\",\"@id\":\"https:\\\/\\\/etnoart.eu\\\/fi\\\/toode\\\/hyllynkannatin-15x15-cm\\\/\",\"url\":\"https:\\\/\\\/etnoart.eu\\\/fi\\\/toode\\\/hyllynkannatin-15x15-cm\\\/\",\"name\":\"Hyllynkannatin 15\u00d715 cm |EtnoArt| Hyllyt, Hyllynkannattimet\",\"isPartOf\":{\"@id\":\"https:\\\/\\\/etnoart.eu\\\/#website\"},\"primaryImageOfPage\":{\"@id\":\"https:\\\/\\\/etnoart.eu\\\/fi\\\/toode\\\/hyllynkannatin-15x15-cm\\\/#primaryimage\"},\"image\":{\"@id\":\"https:\\\/\\\/etnoart.eu\\\/fi\\\/toode\\\/hyllynkannatin-15x15-cm\\\/#primaryimage\"},\"thumbnailUrl\":\"https:\\\/\\\/etnoart.eu\\\/wp-content\\\/uploads\\\/2023\\\/06\\\/Riiulikandur-15\u00d715-cm.png\",\"datePublished\":\"2023-06-08T08:55:19+00:00\",\"dateModified\":\"2025-02-02T17:44:03+00:00\",\"description\":\"Hyllynkannatin 15\u00d715 cm on vahva ja k\u00e4yt\u00e4nn\u00f6llinen ratkaisu pienempien hyllyjen asentamiseen, valmistettu kest\u00e4v\u00e4st\u00e4 ter\u00e4ksest\u00e4.\",\"breadcrumb\":{\"@id\":\"https:\\\/\\\/etnoart.eu\\\/fi\\\/toode\\\/hyllynkannatin-15x15-cm\\\/#breadcrumb\"},\"inLanguage\":\"fi\",\"potentialAction\":[{\"@type\":\"ReadAction\",\"target\":[\"https:\\\/\\\/etnoart.eu\\\/fi\\\/toode\\\/hyllynkannatin-15x15-cm\\\/\"]}]},{\"@type\":\"ImageObject\",\"inLanguage\":\"fi\",\"@id\":\"https:\\\/\\\/etnoart.eu\\\/fi\\\/toode\\\/hyllynkannatin-15x15-cm\\\/#primaryimage\",\"url\":\"https:\\\/\\\/etnoart.eu\\\/wp-content\\\/uploads\\\/2023\\\/06\\\/Riiulikandur-15\u00d715-cm.png\",\"contentUrl\":\"https:\\\/\\\/etnoart.eu\\\/wp-content\\\/uploads\\\/2023\\\/06\\\/Riiulikandur-15\u00d715-cm.png\",\"width\":1759,\"height\":1759,\"caption\":\"Riiulikandur 15\u00d715 cm\"},{\"@type\":\"BreadcrumbList\",\"@id\":\"https:\\\/\\\/etnoart.eu\\\/fi\\\/toode\\\/hyllynkannatin-15x15-cm\\\/#breadcrumb\",\"itemListElement\":[{\"@type\":\"ListItem\",\"position\":1,\"name\":\"Home\",\"item\":\"https:\\\/\\\/etnoart.eu\\\/fi\\\/\"},{\"@type\":\"ListItem\",\"position\":2,\"name\":\"Shop\",\"item\":\"https:\\\/\\\/etnoart.eu\\\/pood\\\/\"},{\"@type\":\"ListItem\",\"position\":3,\"name\":\"Hyllynkannatin 15\u00d715 cm\"}]},{\"@type\":\"WebSite\",\"@id\":\"https:\\\/\\\/etnoart.eu\\\/#website\",\"url\":\"https:\\\/\\\/etnoart.eu\\\/\",\"name\":\"Etnoart\",\"description\":\"K&auml;sit&ouml;&ouml;pood\",\"publisher\":{\"@id\":\"https:\\\/\\\/etnoart.eu\\\/#organization\"},\"potentialAction\":[{\"@type\":\"SearchAction\",\"target\":{\"@type\":\"EntryPoint\",\"urlTemplate\":\"https:\\\/\\\/etnoart.eu\\\/?s={search_term_string}\"},\"query-input\":{\"@type\":\"PropertyValueSpecification\",\"valueRequired\":true,\"valueName\":\"search_term_string\"}}],\"inLanguage\":\"fi\"},{\"@type\":\"Organization\",\"@id\":\"https:\\\/\\\/etnoart.eu\\\/#organization\",\"name\":\"Etnoart O\u00dc\",\"url\":\"https:\\\/\\\/etnoart.eu\\\/\",\"logo\":{\"@type\":\"ImageObject\",\"inLanguage\":\"fi\",\"@id\":\"https:\\\/\\\/etnoart.eu\\\/#\\\/schema\\\/logo\\\/image\\\/\",\"url\":\"https:\\\/\\\/etnoart.eu\\\/wp-content\\\/uploads\\\/2023\\\/06\\\/etnoart-logo.png\",\"contentUrl\":\"https:\\\/\\\/etnoart.eu\\\/wp-content\\\/uploads\\\/2023\\\/06\\\/etnoart-logo.png\",\"width\":491,\"height\":184,\"caption\":\"Etnoart O\u00dc\"},\"image\":{\"@id\":\"https:\\\/\\\/etnoart.eu\\\/#\\\/schema\\\/logo\\\/image\\\/\"},\"sameAs\":[\"https:\\\/\\\/www.facebook.com\\\/etnoart.handicraft.shop\"]}]}<\/script>\n<!-- \/ Yoast SEO plugin. -->","yoast_head_json":{"title":"Hyllynkannatin 15\u00d715 cm |EtnoArt| Hyllyt, Hyllynkannattimet","description":"Hyllynkannatin 15\u00d715 cm on vahva ja k\u00e4yt\u00e4nn\u00f6llinen ratkaisu pienempien hyllyjen asentamiseen, valmistettu kest\u00e4v\u00e4st\u00e4 ter\u00e4ksest\u00e4.","robots":{"index":"index","follow":"follow","max-snippet":"max-snippet:-1","max-image-preview":"max-image-preview:large","max-video-preview":"max-video-preview:-1"},"canonical":"https:\/\/etnoart.eu\/fi\/toode\/hyllynkannatin-15x15-cm\/","og_locale":"fi_FI","og_type":"article","og_title":"Hyllynkannatin 15\u00d715 cm |EtnoArt| Hyllyt, Hyllynkannattimet","og_description":"Hyllynkannatin 15\u00d715 cm on vahva ja k\u00e4yt\u00e4nn\u00f6llinen ratkaisu pienempien hyllyjen asentamiseen, valmistettu kest\u00e4v\u00e4st\u00e4 ter\u00e4ksest\u00e4.","og_url":"https:\/\/etnoart.eu\/fi\/toode\/hyllynkannatin-15x15-cm\/","og_site_name":"Etnoart","article_publisher":"https:\/\/www.facebook.com\/etnoart.handicraft.shop","article_modified_time":"2025-02-02T17:44:03+00:00","og_image":[{"width":1759,"height":1759,"url":"https:\/\/etnoart.eu\/wp-content\/uploads\/2023\/06\/Riiulikandur-15\u00d715-cm.png","type":"image\/png"}],"twitter_card":"summary_large_image","twitter_misc":{"Arvioitu lukuaika":"2 minuuttia"},"schema":{"@context":"https:\/\/schema.org","@graph":[{"@type":"WebPage","@id":"https:\/\/etnoart.eu\/fi\/toode\/hyllynkannatin-15x15-cm\/","url":"https:\/\/etnoart.eu\/fi\/toode\/hyllynkannatin-15x15-cm\/","name":"Hyllynkannatin 15\u00d715 cm |EtnoArt| Hyllyt, Hyllynkannattimet","isPartOf":{"@id":"https:\/\/etnoart.eu\/#website"},"primaryImageOfPage":{"@id":"https:\/\/etnoart.eu\/fi\/toode\/hyllynkannatin-15x15-cm\/#primaryimage"},"image":{"@id":"https:\/\/etnoart.eu\/fi\/toode\/hyllynkannatin-15x15-cm\/#primaryimage"},"thumbnailUrl":"https:\/\/etnoart.eu\/wp-content\/uploads\/2023\/06\/Riiulikandur-15\u00d715-cm.png","datePublished":"2023-06-08T08:55:19+00:00","dateModified":"2025-02-02T17:44:03+00:00","description":"Hyllynkannatin 15\u00d715 cm on vahva ja k\u00e4yt\u00e4nn\u00f6llinen ratkaisu pienempien hyllyjen asentamiseen, valmistettu kest\u00e4v\u00e4st\u00e4 ter\u00e4ksest\u00e4.","breadcrumb":{"@id":"https:\/\/etnoart.eu\/fi\/toode\/hyllynkannatin-15x15-cm\/#breadcrumb"},"inLanguage":"fi","potentialAction":[{"@type":"ReadAction","target":["https:\/\/etnoart.eu\/fi\/toode\/hyllynkannatin-15x15-cm\/"]}]},{"@type":"ImageObject","inLanguage":"fi","@id":"https:\/\/etnoart.eu\/fi\/toode\/hyllynkannatin-15x15-cm\/#primaryimage","url":"https:\/\/etnoart.eu\/wp-content\/uploads\/2023\/06\/Riiulikandur-15\u00d715-cm.png","contentUrl":"https:\/\/etnoart.eu\/wp-content\/uploads\/2023\/06\/Riiulikandur-15\u00d715-cm.png","width":1759,"height":1759,"caption":"Riiulikandur 15\u00d715 cm"},{"@type":"BreadcrumbList","@id":"https:\/\/etnoart.eu\/fi\/toode\/hyllynkannatin-15x15-cm\/#breadcrumb","itemListElement":[{"@type":"ListItem","position":1,"name":"Home","item":"https:\/\/etnoart.eu\/fi\/"},{"@type":"ListItem","position":2,"name":"Shop","item":"https:\/\/etnoart.eu\/pood\/"},{"@type":"ListItem","position":3,"name":"Hyllynkannatin 15\u00d715 cm"}]},{"@type":"WebSite","@id":"https:\/\/etnoart.eu\/#website","url":"https:\/\/etnoart.eu\/","name":"Etnoart","description":"K&auml;sit&ouml;&ouml;pood","publisher":{"@id":"https:\/\/etnoart.eu\/#organization"},"potentialAction":[{"@type":"SearchAction","target":{"@type":"EntryPoint","urlTemplate":"https:\/\/etnoart.eu\/?s={search_term_string}"},"query-input":{"@type":"PropertyValueSpecification","valueRequired":true,"valueName":"search_term_string"}}],"inLanguage":"fi"},{"@type":"Organization","@id":"https:\/\/etnoart.eu\/#organization","name":"Etnoart O\u00dc","url":"https:\/\/etnoart.eu\/","logo":{"@type":"ImageObject","inLanguage":"fi","@id":"https:\/\/etnoart.eu\/#\/schema\/logo\/image\/","url":"https:\/\/etnoart.eu\/wp-content\/uploads\/2023\/06\/etnoart-logo.png","contentUrl":"https:\/\/etnoart.eu\/wp-content\/uploads\/2023\/06\/etnoart-logo.png","width":491,"height":184,"caption":"Etnoart O\u00dc"},"image":{"@id":"https:\/\/etnoart.eu\/#\/schema\/logo\/image\/"},"sameAs":["https:\/\/www.facebook.com\/etnoart.handicraft.shop"]}]}},"builder_content":"","_links":{"self":[{"href":"https:\/\/etnoart.eu\/fi\/wp-json\/wp\/v2\/product\/5291","targetHints":{"allow":["GET"]}}],"collection":[{"href":"https:\/\/etnoart.eu\/fi\/wp-json\/wp\/v2\/product"}],"about":[{"href":"https:\/\/etnoart.eu\/fi\/wp-json\/wp\/v2\/types\/product"}],"wp:featuredmedia":[{"embeddable":true,"href":"https:\/\/etnoart.eu\/fi\/wp-json\/wp\/v2\/media\/5292"}],"wp:attachment":[{"href":"https:\/\/etnoart.eu\/fi\/wp-json\/wp\/v2\/media?parent=5291"}],"wp:term":[{"taxonomy":"product_brand","embeddable":true,"href":"https:\/\/etnoart.eu\/fi\/wp-json\/wp\/v2\/product_brand?post=5291"},{"taxonomy":"product_cat","embeddable":true,"href":"https:\/\/etnoart.eu\/fi\/wp-json\/wp\/v2\/product_cat?post=5291"},{"taxonomy":"product_tag","embeddable":true,"href":"https:\/\/etnoart.eu\/fi\/wp-json\/wp\/v2\/product_tag?post=5291"}],"curies":[{"name":"wp","href":"https:\/\/api.w.org\/{rel}","templated":true}]}}