{"id":5258,"date":"2023-06-08T08:51:44","date_gmt":"2023-06-08T08:51:44","guid":{"rendered":"https:\/\/etnoart.eu\/toode\/riiulikandur-20cm-2\/"},"modified":"2025-02-02T14:57:37","modified_gmt":"2025-02-02T14:57:37","slug":"hyllynkannatin-20cm","status":"publish","type":"product","link":"https:\/\/etnoart.eu\/fi\/toode\/hyllynkannatin-20cm\/","title":{"rendered":"Hyllynkannatin 20cm"},"content":{"rendered":"<p>Hyllynkannatin 20cm \u2013 Yhdistetty vahvuus ja tyyli.<\/p>\n<p>Hyllyteline on valmistettu korkealaatuisesta rakenneter\u00e4ksest\u00e4. Varmistetaan pitk\u00e4ik\u00e4inen k\u00e4ytt\u00f6 ja korkea kantavuus. Tukipinnat on valmistettu 20\u00d74 mm litte\u00e4st\u00e4 tangosta. Vahvistettu 10\u00d710 mm:n neli\u00f6m\u00e4isell\u00e4 putkella, jossa on koristeelliset taotut p\u00e4\u00e4t, jotka tuovat tuotteeseen tyylikk\u00e4\u00e4n ilmeen.<\/p>\n<p>Hyllynkannatin 20cm kiinnitet\u00e4\u00e4n sein\u00e4\u00e4n kolmella ruuvilla. Yksi alhaalta ja kaksi ylh\u00e4\u00e4lt\u00e4, jotka on kiinnitetty koristeellisella \u201dhuulella\u201d, mik\u00e4 takaa vakauden my\u00f6s raskaammissa kuormissa. Hyllylevyn kiinnityst\u00e4 varten on kaksi ylim\u00e4\u00e4r\u00e4ist\u00e4 ruuvinreik\u00e4\u00e4. Kaikki rei\u00e4t ovat halkaisijaltaan 6 mm, mik\u00e4 varmistaa helpon ja turvallisen asennuksen.<\/p>\n<p>Tuote puhdistetaan ter\u00e4sharjalla ja pinnoitetaan korkealaatuisella jauhemaalilla, joka tarjoaa sek\u00e4 esteettisen viimeistelyn ett\u00e4 korroosionkest\u00e4vyyden.<\/p>\n<p>Tekniset tiedot:<\/p>\n<p>Materiaali: Rakenneter\u00e4s<\/p>\n<p>Tukipinnat: 20\u00d74 mm litte\u00e4 tanko<\/p>\n<p>Vahvike: 10\u00d710 mm neli\u00f6m\u00e4inen ter\u00e4s koristeellisilla p\u00e4ill\u00e4<\/p>\n<p>Kiinnitys: 3 ruuvia (1 alhaalla, 2 ylh\u00e4\u00e4ll\u00e4 koristeellisella \u201dhuulella\u201d)<\/p>\n<p>Hyllyn kiinnitys: 2 ruuvinreik\u00e4\u00e4<\/p>\n<p>Rei\u00e4t: 6 mm<\/p>\n<p>Pintak\u00e4sittely: Ter\u00e4sharjattu ja pulverimaalattu<\/p>\n<p>T\u00e4ydellinen valinta, kun tarvitset vahvan, tyylikk\u00e4\u00e4n ja luotettavan hyllytelineen!<\/p>\n<p>Lis\u00e4ksi tarjoamme saman mallin hyllykannattimia, joiden koko on <a href=\"https:\/\/etnoart.eu\/fi\/toode\/hyllynkannatin-15-cm\/\" target=\"_blank\">15cm<\/a> ja 25cm.<\/p>\n","protected":false},"excerpt":{"rendered":"<p>Et\u00e4isyys sein\u00e4st\u00e4 20 cm, korkeus ~26 cm, sein\u00e4kiinnityksen leveys ~13 cm, katsastettu 40 kg:n kuormalla, pinnoitettu matalla jauhelakalla.<\/p>\n","protected":false},"featured_media":5254,"template":"","meta":[],"product_brand":[],"product_cat":[426],"product_tag":[],"class_list":{"0":"post-5258","1":"product","2":"type-product","3":"status-publish","4":"has-post-thumbnail","6":"product_cat-hyllyt-hyllynkannattimet","7":"has-post-title","8":"has-post-date","9":"has-post-category","10":"has-post-tag","11":"has-post-comment","12":"has-post-author","13":"","15":"first","16":"instock","17":"taxable","18":"shipping-taxable","19":"purchasable","20":"product-type-simple"},"yoast_head":"<!-- This site is optimized with the Yoast SEO plugin v27.3 - https:\/\/yoast.com\/product\/yoast-seo-wordpress\/ -->\n<title>Hyllynkannatin 20cm |EtnoArt| Riiulid, riiulikandurid<\/title>\n<meta name=\"description\" content=\"Hyllynkannatin 20cm. Et\u00e4isyys sein\u00e4st\u00e4 20 cm, korkeus ~26 cm, sein\u00e4kiinnityksen leveys ~13 cm, Pinnoitettu matalla jauhelakalla.\" \/>\n<meta name=\"robots\" content=\"index, follow, max-snippet:-1, max-image-preview:large, max-video-preview:-1\" \/>\n<link rel=\"canonical\" href=\"https:\/\/etnoart.eu\/fi\/toode\/hyllynkannatin-20cm\/\" \/>\n<meta property=\"og:locale\" content=\"fi_FI\" \/>\n<meta property=\"og:type\" content=\"article\" \/>\n<meta property=\"og:title\" content=\"Hyllynkannatin 20cm |EtnoArt| Riiulid, riiulikandurid\" \/>\n<meta property=\"og:description\" content=\"Hyllynkannatin 20cm. Et\u00e4isyys sein\u00e4st\u00e4 20 cm, korkeus ~26 cm, sein\u00e4kiinnityksen leveys ~13 cm, Pinnoitettu matalla jauhelakalla.\" \/>\n<meta property=\"og:url\" content=\"https:\/\/etnoart.eu\/fi\/toode\/hyllynkannatin-20cm\/\" \/>\n<meta property=\"og:site_name\" content=\"Etnoart\" \/>\n<meta property=\"article:publisher\" content=\"https:\/\/www.facebook.com\/etnoart.handicraft.shop\" \/>\n<meta property=\"article:modified_time\" content=\"2025-02-02T14:57:37+00:00\" \/>\n<meta property=\"og:image\" content=\"https:\/\/etnoart.eu\/wp-content\/uploads\/2023\/06\/Riiulikandur-20cm-Shelf-carrier-20cm-Hyllynkannatin-20cm.png\" \/>\n\t<meta property=\"og:image:width\" content=\"1000\" \/>\n\t<meta property=\"og:image:height\" content=\"1002\" \/>\n\t<meta property=\"og:image:type\" content=\"image\/png\" \/>\n<meta name=\"twitter:card\" content=\"summary_large_image\" \/>\n<meta name=\"twitter:label1\" content=\"Arvioitu lukuaika\" \/>\n\t<meta name=\"twitter:data1\" content=\"2 minuuttia\" \/>\n<script type=\"application\/ld+json\" class=\"yoast-schema-graph\">{\"@context\":\"https:\\\/\\\/schema.org\",\"@graph\":[{\"@type\":\"WebPage\",\"@id\":\"https:\\\/\\\/etnoart.eu\\\/fi\\\/toode\\\/hyllynkannatin-20cm\\\/\",\"url\":\"https:\\\/\\\/etnoart.eu\\\/fi\\\/toode\\\/hyllynkannatin-20cm\\\/\",\"name\":\"Hyllynkannatin 20cm |EtnoArt| Riiulid, riiulikandurid\",\"isPartOf\":{\"@id\":\"https:\\\/\\\/etnoart.eu\\\/#website\"},\"primaryImageOfPage\":{\"@id\":\"https:\\\/\\\/etnoart.eu\\\/fi\\\/toode\\\/hyllynkannatin-20cm\\\/#primaryimage\"},\"image\":{\"@id\":\"https:\\\/\\\/etnoart.eu\\\/fi\\\/toode\\\/hyllynkannatin-20cm\\\/#primaryimage\"},\"thumbnailUrl\":\"https:\\\/\\\/etnoart.eu\\\/wp-content\\\/uploads\\\/2023\\\/06\\\/Riiulikandur-20cm-Shelf-carrier-20cm-Hyllynkannatin-20cm.png\",\"datePublished\":\"2023-06-08T08:51:44+00:00\",\"dateModified\":\"2025-02-02T14:57:37+00:00\",\"description\":\"Hyllynkannatin 20cm. Et\u00e4isyys sein\u00e4st\u00e4 20 cm, korkeus ~26 cm, sein\u00e4kiinnityksen leveys ~13 cm, Pinnoitettu matalla jauhelakalla.\",\"breadcrumb\":{\"@id\":\"https:\\\/\\\/etnoart.eu\\\/fi\\\/toode\\\/hyllynkannatin-20cm\\\/#breadcrumb\"},\"inLanguage\":\"fi\",\"potentialAction\":[{\"@type\":\"ReadAction\",\"target\":[\"https:\\\/\\\/etnoart.eu\\\/fi\\\/toode\\\/hyllynkannatin-20cm\\\/\"]}]},{\"@type\":\"ImageObject\",\"inLanguage\":\"fi\",\"@id\":\"https:\\\/\\\/etnoart.eu\\\/fi\\\/toode\\\/hyllynkannatin-20cm\\\/#primaryimage\",\"url\":\"https:\\\/\\\/etnoart.eu\\\/wp-content\\\/uploads\\\/2023\\\/06\\\/Riiulikandur-20cm-Shelf-carrier-20cm-Hyllynkannatin-20cm.png\",\"contentUrl\":\"https:\\\/\\\/etnoart.eu\\\/wp-content\\\/uploads\\\/2023\\\/06\\\/Riiulikandur-20cm-Shelf-carrier-20cm-Hyllynkannatin-20cm.png\",\"width\":1000,\"height\":1002,\"caption\":\"Riiulikandur 20cm, Shelf carrier 20cm, Hyllynkannatin 20cm\"},{\"@type\":\"BreadcrumbList\",\"@id\":\"https:\\\/\\\/etnoart.eu\\\/fi\\\/toode\\\/hyllynkannatin-20cm\\\/#breadcrumb\",\"itemListElement\":[{\"@type\":\"ListItem\",\"position\":1,\"name\":\"Home\",\"item\":\"https:\\\/\\\/etnoart.eu\\\/fi\\\/\"},{\"@type\":\"ListItem\",\"position\":2,\"name\":\"Shop\",\"item\":\"https:\\\/\\\/etnoart.eu\\\/pood\\\/\"},{\"@type\":\"ListItem\",\"position\":3,\"name\":\"Hyllynkannatin 20cm\"}]},{\"@type\":\"WebSite\",\"@id\":\"https:\\\/\\\/etnoart.eu\\\/#website\",\"url\":\"https:\\\/\\\/etnoart.eu\\\/\",\"name\":\"Etnoart\",\"description\":\"K&auml;sit&ouml;&ouml;pood\",\"publisher\":{\"@id\":\"https:\\\/\\\/etnoart.eu\\\/#organization\"},\"potentialAction\":[{\"@type\":\"SearchAction\",\"target\":{\"@type\":\"EntryPoint\",\"urlTemplate\":\"https:\\\/\\\/etnoart.eu\\\/?s={search_term_string}\"},\"query-input\":{\"@type\":\"PropertyValueSpecification\",\"valueRequired\":true,\"valueName\":\"search_term_string\"}}],\"inLanguage\":\"fi\"},{\"@type\":\"Organization\",\"@id\":\"https:\\\/\\\/etnoart.eu\\\/#organization\",\"name\":\"Etnoart O\u00dc\",\"url\":\"https:\\\/\\\/etnoart.eu\\\/\",\"logo\":{\"@type\":\"ImageObject\",\"inLanguage\":\"fi\",\"@id\":\"https:\\\/\\\/etnoart.eu\\\/#\\\/schema\\\/logo\\\/image\\\/\",\"url\":\"https:\\\/\\\/etnoart.eu\\\/wp-content\\\/uploads\\\/2023\\\/06\\\/etnoart-logo.png\",\"contentUrl\":\"https:\\\/\\\/etnoart.eu\\\/wp-content\\\/uploads\\\/2023\\\/06\\\/etnoart-logo.png\",\"width\":491,\"height\":184,\"caption\":\"Etnoart O\u00dc\"},\"image\":{\"@id\":\"https:\\\/\\\/etnoart.eu\\\/#\\\/schema\\\/logo\\\/image\\\/\"},\"sameAs\":[\"https:\\\/\\\/www.facebook.com\\\/etnoart.handicraft.shop\"]}]}<\/script>\n<!-- \/ Yoast SEO plugin. -->","yoast_head_json":{"title":"Hyllynkannatin 20cm |EtnoArt| Riiulid, riiulikandurid","description":"Hyllynkannatin 20cm. Et\u00e4isyys sein\u00e4st\u00e4 20 cm, korkeus ~26 cm, sein\u00e4kiinnityksen leveys ~13 cm, Pinnoitettu matalla jauhelakalla.","robots":{"index":"index","follow":"follow","max-snippet":"max-snippet:-1","max-image-preview":"max-image-preview:large","max-video-preview":"max-video-preview:-1"},"canonical":"https:\/\/etnoart.eu\/fi\/toode\/hyllynkannatin-20cm\/","og_locale":"fi_FI","og_type":"article","og_title":"Hyllynkannatin 20cm |EtnoArt| Riiulid, riiulikandurid","og_description":"Hyllynkannatin 20cm. Et\u00e4isyys sein\u00e4st\u00e4 20 cm, korkeus ~26 cm, sein\u00e4kiinnityksen leveys ~13 cm, Pinnoitettu matalla jauhelakalla.","og_url":"https:\/\/etnoart.eu\/fi\/toode\/hyllynkannatin-20cm\/","og_site_name":"Etnoart","article_publisher":"https:\/\/www.facebook.com\/etnoart.handicraft.shop","article_modified_time":"2025-02-02T14:57:37+00:00","og_image":[{"width":1000,"height":1002,"url":"https:\/\/etnoart.eu\/wp-content\/uploads\/2023\/06\/Riiulikandur-20cm-Shelf-carrier-20cm-Hyllynkannatin-20cm.png","type":"image\/png"}],"twitter_card":"summary_large_image","twitter_misc":{"Arvioitu lukuaika":"2 minuuttia"},"schema":{"@context":"https:\/\/schema.org","@graph":[{"@type":"WebPage","@id":"https:\/\/etnoart.eu\/fi\/toode\/hyllynkannatin-20cm\/","url":"https:\/\/etnoart.eu\/fi\/toode\/hyllynkannatin-20cm\/","name":"Hyllynkannatin 20cm |EtnoArt| Riiulid, riiulikandurid","isPartOf":{"@id":"https:\/\/etnoart.eu\/#website"},"primaryImageOfPage":{"@id":"https:\/\/etnoart.eu\/fi\/toode\/hyllynkannatin-20cm\/#primaryimage"},"image":{"@id":"https:\/\/etnoart.eu\/fi\/toode\/hyllynkannatin-20cm\/#primaryimage"},"thumbnailUrl":"https:\/\/etnoart.eu\/wp-content\/uploads\/2023\/06\/Riiulikandur-20cm-Shelf-carrier-20cm-Hyllynkannatin-20cm.png","datePublished":"2023-06-08T08:51:44+00:00","dateModified":"2025-02-02T14:57:37+00:00","description":"Hyllynkannatin 20cm. Et\u00e4isyys sein\u00e4st\u00e4 20 cm, korkeus ~26 cm, sein\u00e4kiinnityksen leveys ~13 cm, Pinnoitettu matalla jauhelakalla.","breadcrumb":{"@id":"https:\/\/etnoart.eu\/fi\/toode\/hyllynkannatin-20cm\/#breadcrumb"},"inLanguage":"fi","potentialAction":[{"@type":"ReadAction","target":["https:\/\/etnoart.eu\/fi\/toode\/hyllynkannatin-20cm\/"]}]},{"@type":"ImageObject","inLanguage":"fi","@id":"https:\/\/etnoart.eu\/fi\/toode\/hyllynkannatin-20cm\/#primaryimage","url":"https:\/\/etnoart.eu\/wp-content\/uploads\/2023\/06\/Riiulikandur-20cm-Shelf-carrier-20cm-Hyllynkannatin-20cm.png","contentUrl":"https:\/\/etnoart.eu\/wp-content\/uploads\/2023\/06\/Riiulikandur-20cm-Shelf-carrier-20cm-Hyllynkannatin-20cm.png","width":1000,"height":1002,"caption":"Riiulikandur 20cm, Shelf carrier 20cm, Hyllynkannatin 20cm"},{"@type":"BreadcrumbList","@id":"https:\/\/etnoart.eu\/fi\/toode\/hyllynkannatin-20cm\/#breadcrumb","itemListElement":[{"@type":"ListItem","position":1,"name":"Home","item":"https:\/\/etnoart.eu\/fi\/"},{"@type":"ListItem","position":2,"name":"Shop","item":"https:\/\/etnoart.eu\/pood\/"},{"@type":"ListItem","position":3,"name":"Hyllynkannatin 20cm"}]},{"@type":"WebSite","@id":"https:\/\/etnoart.eu\/#website","url":"https:\/\/etnoart.eu\/","name":"Etnoart","description":"K&auml;sit&ouml;&ouml;pood","publisher":{"@id":"https:\/\/etnoart.eu\/#organization"},"potentialAction":[{"@type":"SearchAction","target":{"@type":"EntryPoint","urlTemplate":"https:\/\/etnoart.eu\/?s={search_term_string}"},"query-input":{"@type":"PropertyValueSpecification","valueRequired":true,"valueName":"search_term_string"}}],"inLanguage":"fi"},{"@type":"Organization","@id":"https:\/\/etnoart.eu\/#organization","name":"Etnoart O\u00dc","url":"https:\/\/etnoart.eu\/","logo":{"@type":"ImageObject","inLanguage":"fi","@id":"https:\/\/etnoart.eu\/#\/schema\/logo\/image\/","url":"https:\/\/etnoart.eu\/wp-content\/uploads\/2023\/06\/etnoart-logo.png","contentUrl":"https:\/\/etnoart.eu\/wp-content\/uploads\/2023\/06\/etnoart-logo.png","width":491,"height":184,"caption":"Etnoart O\u00dc"},"image":{"@id":"https:\/\/etnoart.eu\/#\/schema\/logo\/image\/"},"sameAs":["https:\/\/www.facebook.com\/etnoart.handicraft.shop"]}]}},"builder_content":"","_links":{"self":[{"href":"https:\/\/etnoart.eu\/fi\/wp-json\/wp\/v2\/product\/5258","targetHints":{"allow":["GET"]}}],"collection":[{"href":"https:\/\/etnoart.eu\/fi\/wp-json\/wp\/v2\/product"}],"about":[{"href":"https:\/\/etnoart.eu\/fi\/wp-json\/wp\/v2\/types\/product"}],"wp:featuredmedia":[{"embeddable":true,"href":"https:\/\/etnoart.eu\/fi\/wp-json\/wp\/v2\/media\/5254"}],"wp:attachment":[{"href":"https:\/\/etnoart.eu\/fi\/wp-json\/wp\/v2\/media?parent=5258"}],"wp:term":[{"taxonomy":"product_brand","embeddable":true,"href":"https:\/\/etnoart.eu\/fi\/wp-json\/wp\/v2\/product_brand?post=5258"},{"taxonomy":"product_cat","embeddable":true,"href":"https:\/\/etnoart.eu\/fi\/wp-json\/wp\/v2\/product_cat?post=5258"},{"taxonomy":"product_tag","embeddable":true,"href":"https:\/\/etnoart.eu\/fi\/wp-json\/wp\/v2\/product_tag?post=5258"}],"curies":[{"name":"wp","href":"https:\/\/api.w.org\/{rel}","templated":true}]}}