{"id":5231,"date":"2023-06-08T08:50:59","date_gmt":"2023-06-08T08:50:59","guid":{"rendered":"https:\/\/etnoart.eu\/toode\/riiulikandur-25x25cm\/"},"modified":"2025-02-01T20:54:35","modified_gmt":"2025-02-01T20:54:35","slug":"hyllynkannattimet-25x25cm","status":"publish","type":"product","link":"https:\/\/etnoart.eu\/fi\/toode\/hyllynkannattimet-25x25cm\/","title":{"rendered":"Hyllynkannattimet 25x25cm"},"content":{"rendered":"<p>Hyllynkannattimet 25x25cm on valmistettu Virossa. K\u00e4ytetty materiaali on 20\u00d74 ter\u00e4sliuska. Hyllynkannattimen molemmat tukipinnat ovat 25+ cm, tarjoten vapauden valita, kuinka tuote kiinnitet\u00e4\u00e4n sein\u00e4lle. Ruuvirei\u2019it ovat 6 mm halkaisijaltaan, ja kummallakin pinnalla on 2 kappaletta rei\u2019it\u00e4. Liuskan pinta on taottu kuvioidulla kuosiolla.<\/p>\n<p>Hyllynkannattimet 25x25cm on puhdistettu ter\u00e4sharjalla ja viimeistelty lakalla. Ter\u00e4sharja tuo esiin metallin puhtaudessaan ja raakana, kun taas lakka viimeistelyn\u00e4 tukee t\u00e4t\u00e4 raakaa luonnetta. Lakka tarjoaa riitt\u00e4v\u00e4n suojan sis\u00e4k\u00e4ytt\u00f6\u00f6n, mutta se ei ole riitt\u00e4v\u00e4 suojaus ulkok\u00e4ytt\u00f6\u00f6n.<\/p>\n<p>Tarjoamme samaa tuotetta my\u00f6s kooissa 20\u00d720cm ja <a href=\"https:\/\/etnoart.eu\/fi\/toode\/hyllynkannattimet-15x15cm\/\" target=\"_blank\">15\u00d715cm<\/a>.<\/p>\n","protected":false},"excerpt":{"rendered":"<p>Hyllynkannattimet 25x25cm on viimeistelty lakalla.<\/p>\n","protected":false},"featured_media":5276,"template":"","meta":[],"product_brand":[],"product_cat":[426],"product_tag":[],"class_list":{"0":"post-5231","1":"product","2":"type-product","3":"status-publish","4":"has-post-thumbnail","6":"product_cat-hyllyt-hyllynkannattimet","7":"has-post-title","8":"has-post-date","9":"has-post-category","10":"has-post-tag","11":"has-post-comment","12":"has-post-author","13":"","15":"first","16":"instock","17":"taxable","18":"shipping-taxable","19":"purchasable","20":"product-type-simple"},"yoast_head":"<!-- This site is optimized with the Yoast SEO plugin v27.4 - https:\/\/yoast.com\/product\/yoast-seo-wordpress\/ -->\n<title>Hyllynkannattimet 25x25cm |EtnoArt| Hyllyt, Hyllynkannattimet<\/title>\n<meta name=\"description\" content=\"Hyllytuki 25x25cm suunniteltu leve\u00e4lle hyllylle. Tukipintojen v\u00e4linen tuki varmistaa telineen vakauden my\u00f6s raskaassa kuormituksessa. Tuote on lakattu.\" \/>\n<meta name=\"robots\" content=\"index, follow, max-snippet:-1, max-image-preview:large, max-video-preview:-1\" \/>\n<link rel=\"canonical\" href=\"https:\/\/etnoart.eu\/fi\/toode\/hyllynkannattimet-25x25cm\/\" \/>\n<meta property=\"og:locale\" content=\"fi_FI\" \/>\n<meta property=\"og:type\" content=\"article\" \/>\n<meta property=\"og:title\" content=\"Hyllynkannattimet 25x25cm |EtnoArt| Hyllyt, Hyllynkannattimet\" \/>\n<meta property=\"og:description\" content=\"Hyllytuki 25x25cm suunniteltu leve\u00e4lle hyllylle. Tukipintojen v\u00e4linen tuki varmistaa telineen vakauden my\u00f6s raskaassa kuormituksessa. Tuote on lakattu.\" \/>\n<meta property=\"og:url\" content=\"https:\/\/etnoart.eu\/fi\/toode\/hyllynkannattimet-25x25cm\/\" \/>\n<meta property=\"og:site_name\" content=\"Etnoart\" \/>\n<meta property=\"article:publisher\" content=\"https:\/\/www.facebook.com\/etnoart.handicraft.shop\" \/>\n<meta property=\"article:modified_time\" content=\"2025-02-01T20:54:35+00:00\" \/>\n<meta property=\"og:image\" content=\"https:\/\/etnoart.eu\/wp-content\/uploads\/2023\/06\/Riiulikandur-25x25-Shelf-Bracket-hyllynkannattimet-Regalhalter.jpg\" \/>\n\t<meta property=\"og:image:width\" content=\"683\" \/>\n\t<meta property=\"og:image:height\" content=\"713\" \/>\n\t<meta property=\"og:image:type\" content=\"image\/jpeg\" \/>\n<meta name=\"twitter:card\" content=\"summary_large_image\" \/>\n<meta name=\"twitter:label1\" content=\"Arvioitu lukuaika\" \/>\n\t<meta name=\"twitter:data1\" content=\"1 minuutti\" \/>\n<script type=\"application\/ld+json\" class=\"yoast-schema-graph\">{\"@context\":\"https:\\\/\\\/schema.org\",\"@graph\":[{\"@type\":\"WebPage\",\"@id\":\"https:\\\/\\\/etnoart.eu\\\/fi\\\/toode\\\/hyllynkannattimet-25x25cm\\\/\",\"url\":\"https:\\\/\\\/etnoart.eu\\\/fi\\\/toode\\\/hyllynkannattimet-25x25cm\\\/\",\"name\":\"Hyllynkannattimet 25x25cm |EtnoArt| Hyllyt, Hyllynkannattimet\",\"isPartOf\":{\"@id\":\"https:\\\/\\\/etnoart.eu\\\/#website\"},\"primaryImageOfPage\":{\"@id\":\"https:\\\/\\\/etnoart.eu\\\/fi\\\/toode\\\/hyllynkannattimet-25x25cm\\\/#primaryimage\"},\"image\":{\"@id\":\"https:\\\/\\\/etnoart.eu\\\/fi\\\/toode\\\/hyllynkannattimet-25x25cm\\\/#primaryimage\"},\"thumbnailUrl\":\"https:\\\/\\\/etnoart.eu\\\/wp-content\\\/uploads\\\/2023\\\/06\\\/Riiulikandur-25x25-Shelf-Bracket-hyllynkannattimet-Regalhalter.png\",\"datePublished\":\"2023-06-08T08:50:59+00:00\",\"dateModified\":\"2025-02-01T20:54:35+00:00\",\"description\":\"Hyllytuki 25x25cm suunniteltu leve\u00e4lle hyllylle. Tukipintojen v\u00e4linen tuki varmistaa telineen vakauden my\u00f6s raskaassa kuormituksessa. Tuote on lakattu.\",\"breadcrumb\":{\"@id\":\"https:\\\/\\\/etnoart.eu\\\/fi\\\/toode\\\/hyllynkannattimet-25x25cm\\\/#breadcrumb\"},\"inLanguage\":\"fi\",\"potentialAction\":[{\"@type\":\"ReadAction\",\"target\":[\"https:\\\/\\\/etnoart.eu\\\/fi\\\/toode\\\/hyllynkannattimet-25x25cm\\\/\"]}]},{\"@type\":\"ImageObject\",\"inLanguage\":\"fi\",\"@id\":\"https:\\\/\\\/etnoart.eu\\\/fi\\\/toode\\\/hyllynkannattimet-25x25cm\\\/#primaryimage\",\"url\":\"https:\\\/\\\/etnoart.eu\\\/wp-content\\\/uploads\\\/2023\\\/06\\\/Riiulikandur-25x25-Shelf-Bracket-hyllynkannattimet-Regalhalter.png\",\"contentUrl\":\"https:\\\/\\\/etnoart.eu\\\/wp-content\\\/uploads\\\/2023\\\/06\\\/Riiulikandur-25x25-Shelf-Bracket-hyllynkannattimet-Regalhalter.png\",\"width\":804,\"height\":804,\"caption\":\"Riiulikandur 25x25, Shelf Bracket, hyllynkannattimet, Regalhalter\"},{\"@type\":\"BreadcrumbList\",\"@id\":\"https:\\\/\\\/etnoart.eu\\\/fi\\\/toode\\\/hyllynkannattimet-25x25cm\\\/#breadcrumb\",\"itemListElement\":[{\"@type\":\"ListItem\",\"position\":1,\"name\":\"Home\",\"item\":\"https:\\\/\\\/etnoart.eu\\\/fi\\\/\"},{\"@type\":\"ListItem\",\"position\":2,\"name\":\"Shop\",\"item\":\"https:\\\/\\\/etnoart.eu\\\/pood\\\/\"},{\"@type\":\"ListItem\",\"position\":3,\"name\":\"Hyllynkannattimet 25x25cm\"}]},{\"@type\":\"WebSite\",\"@id\":\"https:\\\/\\\/etnoart.eu\\\/#website\",\"url\":\"https:\\\/\\\/etnoart.eu\\\/\",\"name\":\"Etnoart\",\"description\":\"K&auml;sit&ouml;&ouml;pood\",\"publisher\":{\"@id\":\"https:\\\/\\\/etnoart.eu\\\/#organization\"},\"potentialAction\":[{\"@type\":\"SearchAction\",\"target\":{\"@type\":\"EntryPoint\",\"urlTemplate\":\"https:\\\/\\\/etnoart.eu\\\/?s={search_term_string}\"},\"query-input\":{\"@type\":\"PropertyValueSpecification\",\"valueRequired\":true,\"valueName\":\"search_term_string\"}}],\"inLanguage\":\"fi\"},{\"@type\":\"Organization\",\"@id\":\"https:\\\/\\\/etnoart.eu\\\/#organization\",\"name\":\"Etnoart O\u00dc\",\"url\":\"https:\\\/\\\/etnoart.eu\\\/\",\"logo\":{\"@type\":\"ImageObject\",\"inLanguage\":\"fi\",\"@id\":\"https:\\\/\\\/etnoart.eu\\\/#\\\/schema\\\/logo\\\/image\\\/\",\"url\":\"https:\\\/\\\/etnoart.eu\\\/wp-content\\\/uploads\\\/2023\\\/06\\\/etnoart-logo.png\",\"contentUrl\":\"https:\\\/\\\/etnoart.eu\\\/wp-content\\\/uploads\\\/2023\\\/06\\\/etnoart-logo.png\",\"width\":491,\"height\":184,\"caption\":\"Etnoart O\u00dc\"},\"image\":{\"@id\":\"https:\\\/\\\/etnoart.eu\\\/#\\\/schema\\\/logo\\\/image\\\/\"},\"sameAs\":[\"https:\\\/\\\/www.facebook.com\\\/etnoart.handicraft.shop\"]}]}<\/script>\n<!-- \/ Yoast SEO plugin. -->","yoast_head_json":{"title":"Hyllynkannattimet 25x25cm |EtnoArt| Hyllyt, Hyllynkannattimet","description":"Hyllytuki 25x25cm suunniteltu leve\u00e4lle hyllylle. Tukipintojen v\u00e4linen tuki varmistaa telineen vakauden my\u00f6s raskaassa kuormituksessa. Tuote on lakattu.","robots":{"index":"index","follow":"follow","max-snippet":"max-snippet:-1","max-image-preview":"max-image-preview:large","max-video-preview":"max-video-preview:-1"},"canonical":"https:\/\/etnoart.eu\/fi\/toode\/hyllynkannattimet-25x25cm\/","og_locale":"fi_FI","og_type":"article","og_title":"Hyllynkannattimet 25x25cm |EtnoArt| Hyllyt, Hyllynkannattimet","og_description":"Hyllytuki 25x25cm suunniteltu leve\u00e4lle hyllylle. Tukipintojen v\u00e4linen tuki varmistaa telineen vakauden my\u00f6s raskaassa kuormituksessa. Tuote on lakattu.","og_url":"https:\/\/etnoart.eu\/fi\/toode\/hyllynkannattimet-25x25cm\/","og_site_name":"Etnoart","article_publisher":"https:\/\/www.facebook.com\/etnoart.handicraft.shop","article_modified_time":"2025-02-01T20:54:35+00:00","og_image":[{"width":683,"height":713,"url":"https:\/\/etnoart.eu\/wp-content\/uploads\/2023\/06\/Riiulikandur-25x25-Shelf-Bracket-hyllynkannattimet-Regalhalter.jpg","type":"image\/jpeg"}],"twitter_card":"summary_large_image","twitter_misc":{"Arvioitu lukuaika":"1 minuutti"},"schema":{"@context":"https:\/\/schema.org","@graph":[{"@type":"WebPage","@id":"https:\/\/etnoart.eu\/fi\/toode\/hyllynkannattimet-25x25cm\/","url":"https:\/\/etnoart.eu\/fi\/toode\/hyllynkannattimet-25x25cm\/","name":"Hyllynkannattimet 25x25cm |EtnoArt| Hyllyt, Hyllynkannattimet","isPartOf":{"@id":"https:\/\/etnoart.eu\/#website"},"primaryImageOfPage":{"@id":"https:\/\/etnoart.eu\/fi\/toode\/hyllynkannattimet-25x25cm\/#primaryimage"},"image":{"@id":"https:\/\/etnoart.eu\/fi\/toode\/hyllynkannattimet-25x25cm\/#primaryimage"},"thumbnailUrl":"https:\/\/etnoart.eu\/wp-content\/uploads\/2023\/06\/Riiulikandur-25x25-Shelf-Bracket-hyllynkannattimet-Regalhalter.png","datePublished":"2023-06-08T08:50:59+00:00","dateModified":"2025-02-01T20:54:35+00:00","description":"Hyllytuki 25x25cm suunniteltu leve\u00e4lle hyllylle. Tukipintojen v\u00e4linen tuki varmistaa telineen vakauden my\u00f6s raskaassa kuormituksessa. Tuote on lakattu.","breadcrumb":{"@id":"https:\/\/etnoart.eu\/fi\/toode\/hyllynkannattimet-25x25cm\/#breadcrumb"},"inLanguage":"fi","potentialAction":[{"@type":"ReadAction","target":["https:\/\/etnoart.eu\/fi\/toode\/hyllynkannattimet-25x25cm\/"]}]},{"@type":"ImageObject","inLanguage":"fi","@id":"https:\/\/etnoart.eu\/fi\/toode\/hyllynkannattimet-25x25cm\/#primaryimage","url":"https:\/\/etnoart.eu\/wp-content\/uploads\/2023\/06\/Riiulikandur-25x25-Shelf-Bracket-hyllynkannattimet-Regalhalter.png","contentUrl":"https:\/\/etnoart.eu\/wp-content\/uploads\/2023\/06\/Riiulikandur-25x25-Shelf-Bracket-hyllynkannattimet-Regalhalter.png","width":804,"height":804,"caption":"Riiulikandur 25x25, Shelf Bracket, hyllynkannattimet, Regalhalter"},{"@type":"BreadcrumbList","@id":"https:\/\/etnoart.eu\/fi\/toode\/hyllynkannattimet-25x25cm\/#breadcrumb","itemListElement":[{"@type":"ListItem","position":1,"name":"Home","item":"https:\/\/etnoart.eu\/fi\/"},{"@type":"ListItem","position":2,"name":"Shop","item":"https:\/\/etnoart.eu\/pood\/"},{"@type":"ListItem","position":3,"name":"Hyllynkannattimet 25x25cm"}]},{"@type":"WebSite","@id":"https:\/\/etnoart.eu\/#website","url":"https:\/\/etnoart.eu\/","name":"Etnoart","description":"K&auml;sit&ouml;&ouml;pood","publisher":{"@id":"https:\/\/etnoart.eu\/#organization"},"potentialAction":[{"@type":"SearchAction","target":{"@type":"EntryPoint","urlTemplate":"https:\/\/etnoart.eu\/?s={search_term_string}"},"query-input":{"@type":"PropertyValueSpecification","valueRequired":true,"valueName":"search_term_string"}}],"inLanguage":"fi"},{"@type":"Organization","@id":"https:\/\/etnoart.eu\/#organization","name":"Etnoart O\u00dc","url":"https:\/\/etnoart.eu\/","logo":{"@type":"ImageObject","inLanguage":"fi","@id":"https:\/\/etnoart.eu\/#\/schema\/logo\/image\/","url":"https:\/\/etnoart.eu\/wp-content\/uploads\/2023\/06\/etnoart-logo.png","contentUrl":"https:\/\/etnoart.eu\/wp-content\/uploads\/2023\/06\/etnoart-logo.png","width":491,"height":184,"caption":"Etnoart O\u00dc"},"image":{"@id":"https:\/\/etnoart.eu\/#\/schema\/logo\/image\/"},"sameAs":["https:\/\/www.facebook.com\/etnoart.handicraft.shop"]}]}},"builder_content":"","_links":{"self":[{"href":"https:\/\/etnoart.eu\/fi\/wp-json\/wp\/v2\/product\/5231","targetHints":{"allow":["GET"]}}],"collection":[{"href":"https:\/\/etnoart.eu\/fi\/wp-json\/wp\/v2\/product"}],"about":[{"href":"https:\/\/etnoart.eu\/fi\/wp-json\/wp\/v2\/types\/product"}],"wp:featuredmedia":[{"embeddable":true,"href":"https:\/\/etnoart.eu\/fi\/wp-json\/wp\/v2\/media\/5276"}],"wp:attachment":[{"href":"https:\/\/etnoart.eu\/fi\/wp-json\/wp\/v2\/media?parent=5231"}],"wp:term":[{"taxonomy":"product_brand","embeddable":true,"href":"https:\/\/etnoart.eu\/fi\/wp-json\/wp\/v2\/product_brand?post=5231"},{"taxonomy":"product_cat","embeddable":true,"href":"https:\/\/etnoart.eu\/fi\/wp-json\/wp\/v2\/product_cat?post=5231"},{"taxonomy":"product_tag","embeddable":true,"href":"https:\/\/etnoart.eu\/fi\/wp-json\/wp\/v2\/product_tag?post=5231"}],"curies":[{"name":"wp","href":"https:\/\/api.w.org\/{rel}","templated":true}]}}