{"id":5200,"date":"2023-06-08T08:50:58","date_gmt":"2023-06-08T08:50:58","guid":{"rendered":"https:\/\/etnoart.eu\/toode\/riiulikandur-15x15cm\/"},"modified":"2025-02-01T18:53:36","modified_gmt":"2025-02-01T18:53:36","slug":"hyllynkannattimet-15x15cm","status":"publish","type":"product","link":"https:\/\/etnoart.eu\/fi\/toode\/hyllynkannattimet-15x15cm\/","title":{"rendered":"Hyllynkannattimet 15x15cm"},"content":{"rendered":"<p>Hyllynkannattimet 15x15cm  on valmistettu Virossa. K\u00e4ytetty materiaali on 20\u00d74 ter\u00e4sliuska. Hyllynkannattimen molemmat tukipinnat ovat 15+ cm, tarjoten vapauden valita, kuinka tuote kiinnitet\u00e4\u00e4n sein\u00e4lle. Ruuvirei&#8217;it ovat 6 mm halkaisijaltaan, ja kummallakin pinnalla on 2 kappaletta rei&#8217;it\u00e4. Liuskan pinta on taottu kuvioidulla kuosiolla.<\/p>\n<p>Hyllynkannattimet 15x15cm  on puhdistettu ter\u00e4sharjalla ja viimeistelty lakalla. Ter\u00e4sharja tuo esiin metallin puhtaudessaan ja raakana, kun taas lakka viimeistelyn\u00e4 tukee t\u00e4t\u00e4 raakaa luonnetta. Lakka tarjoaa riitt\u00e4v\u00e4n suojan sis\u00e4k\u00e4ytt\u00f6\u00f6n, mutta se ei ole riitt\u00e4v\u00e4 suojaus ulkok\u00e4ytt\u00f6\u00f6n.<\/p>\n<p>Tarjoamme samaa tuotetta my\u00f6s kooissa 20&#215;20 cm ja 25&#215;25 cm.<\/p>\n","protected":false},"excerpt":{"rendered":"<p>Hyllynkannattimet 15x15cm on viimeistelty lakalla.<\/p>\n","protected":false},"featured_media":5288,"template":"","meta":[],"product_brand":[],"product_cat":[426],"product_tag":[558,559,560,561],"class_list":{"0":"post-5200","1":"product","2":"type-product","3":"status-publish","4":"has-post-thumbnail","6":"product_cat-hyllyt-hyllynkannattimet","7":"product_tag-konsool-riiulile-fi","8":"product_tag-riiuli-konsool-fi","9":"product_tag-riiulid-fi","10":"product_tag-riiulikandur-fi","11":"has-post-title","12":"has-post-date","13":"has-post-category","14":"has-post-tag","15":"has-post-comment","16":"has-post-author","17":"","19":"first","20":"instock","21":"taxable","22":"shipping-taxable","23":"purchasable","24":"product-type-simple"},"yoast_head":"<!-- This site is optimized with the Yoast SEO plugin v27.4 - https:\/\/yoast.com\/product\/yoast-seo-wordpress\/ -->\n<title>Hyllynkannattimet 15x15cm |EtnoArt| Hyllyt, Hyllynkannattimet<\/title>\n<meta name=\"description\" content=\"Hyllynkannattimet 15x15cm soveltuu k\u00e4ytett\u00e4v\u00e4ksi sis\u00e4tiloissa. Teline on viimeistelty lakalla, joka korostaa puhtaan taotun metallikuvion.\" \/>\n<meta name=\"robots\" content=\"index, follow, max-snippet:-1, max-image-preview:large, max-video-preview:-1\" \/>\n<link rel=\"canonical\" href=\"https:\/\/etnoart.eu\/fi\/toode\/hyllynkannattimet-15x15cm\/\" \/>\n<meta property=\"og:locale\" content=\"fi_FI\" \/>\n<meta property=\"og:type\" content=\"article\" \/>\n<meta property=\"og:title\" content=\"Hyllynkannattimet 15x15cm |EtnoArt| Hyllyt, Hyllynkannattimet\" \/>\n<meta property=\"og:description\" content=\"Hyllynkannattimet 15x15cm soveltuu k\u00e4ytett\u00e4v\u00e4ksi sis\u00e4tiloissa. Teline on viimeistelty lakalla, joka korostaa puhtaan taotun metallikuvion.\" \/>\n<meta property=\"og:url\" content=\"https:\/\/etnoart.eu\/fi\/toode\/hyllynkannattimet-15x15cm\/\" \/>\n<meta property=\"og:site_name\" content=\"Etnoart\" \/>\n<meta property=\"article:publisher\" content=\"https:\/\/www.facebook.com\/etnoart.handicraft.shop\" \/>\n<meta property=\"article:modified_time\" content=\"2025-02-01T18:53:36+00:00\" \/>\n<meta property=\"og:image\" content=\"https:\/\/etnoart.eu\/wp-content\/uploads\/2023\/06\/Riiulikandur-15x15-Shelf-Bracket-hyllynkannattimet-Regalhalter.jpg\" \/>\n\t<meta property=\"og:image:width\" content=\"683\" \/>\n\t<meta property=\"og:image:height\" content=\"713\" \/>\n\t<meta property=\"og:image:type\" content=\"image\/jpeg\" \/>\n<meta name=\"twitter:card\" content=\"summary_large_image\" \/>\n<meta name=\"twitter:label1\" content=\"Arvioitu lukuaika\" \/>\n\t<meta name=\"twitter:data1\" content=\"1 minuutti\" \/>\n<script type=\"application\/ld+json\" class=\"yoast-schema-graph\">{\"@context\":\"https:\\\/\\\/schema.org\",\"@graph\":[{\"@type\":\"WebPage\",\"@id\":\"https:\\\/\\\/etnoart.eu\\\/fi\\\/toode\\\/hyllynkannattimet-15x15cm\\\/\",\"url\":\"https:\\\/\\\/etnoart.eu\\\/fi\\\/toode\\\/hyllynkannattimet-15x15cm\\\/\",\"name\":\"Hyllynkannattimet 15x15cm |EtnoArt| Hyllyt, Hyllynkannattimet\",\"isPartOf\":{\"@id\":\"https:\\\/\\\/etnoart.eu\\\/#website\"},\"primaryImageOfPage\":{\"@id\":\"https:\\\/\\\/etnoart.eu\\\/fi\\\/toode\\\/hyllynkannattimet-15x15cm\\\/#primaryimage\"},\"image\":{\"@id\":\"https:\\\/\\\/etnoart.eu\\\/fi\\\/toode\\\/hyllynkannattimet-15x15cm\\\/#primaryimage\"},\"thumbnailUrl\":\"https:\\\/\\\/etnoart.eu\\\/wp-content\\\/uploads\\\/2023\\\/06\\\/Riiulikandur-15x15-Shelf-Bracket-hyllynkannattimet-Regalhalter.png\",\"datePublished\":\"2023-06-08T08:50:58+00:00\",\"dateModified\":\"2025-02-01T18:53:36+00:00\",\"description\":\"Hyllynkannattimet 15x15cm soveltuu k\u00e4ytett\u00e4v\u00e4ksi sis\u00e4tiloissa. Teline on viimeistelty lakalla, joka korostaa puhtaan taotun metallikuvion.\",\"breadcrumb\":{\"@id\":\"https:\\\/\\\/etnoart.eu\\\/fi\\\/toode\\\/hyllynkannattimet-15x15cm\\\/#breadcrumb\"},\"inLanguage\":\"fi\",\"potentialAction\":[{\"@type\":\"ReadAction\",\"target\":[\"https:\\\/\\\/etnoart.eu\\\/fi\\\/toode\\\/hyllynkannattimet-15x15cm\\\/\"]}]},{\"@type\":\"ImageObject\",\"inLanguage\":\"fi\",\"@id\":\"https:\\\/\\\/etnoart.eu\\\/fi\\\/toode\\\/hyllynkannattimet-15x15cm\\\/#primaryimage\",\"url\":\"https:\\\/\\\/etnoart.eu\\\/wp-content\\\/uploads\\\/2023\\\/06\\\/Riiulikandur-15x15-Shelf-Bracket-hyllynkannattimet-Regalhalter.png\",\"contentUrl\":\"https:\\\/\\\/etnoart.eu\\\/wp-content\\\/uploads\\\/2023\\\/06\\\/Riiulikandur-15x15-Shelf-Bracket-hyllynkannattimet-Regalhalter.png\",\"width\":900,\"height\":900,\"caption\":\"Riiulikandur 15x15, Shelf Bracket, hyllynkannattimet, Regalhalter\"},{\"@type\":\"BreadcrumbList\",\"@id\":\"https:\\\/\\\/etnoart.eu\\\/fi\\\/toode\\\/hyllynkannattimet-15x15cm\\\/#breadcrumb\",\"itemListElement\":[{\"@type\":\"ListItem\",\"position\":1,\"name\":\"Home\",\"item\":\"https:\\\/\\\/etnoart.eu\\\/fi\\\/\"},{\"@type\":\"ListItem\",\"position\":2,\"name\":\"Shop\",\"item\":\"https:\\\/\\\/etnoart.eu\\\/pood\\\/\"},{\"@type\":\"ListItem\",\"position\":3,\"name\":\"Hyllynkannattimet 15x15cm\"}]},{\"@type\":\"WebSite\",\"@id\":\"https:\\\/\\\/etnoart.eu\\\/#website\",\"url\":\"https:\\\/\\\/etnoart.eu\\\/\",\"name\":\"Etnoart\",\"description\":\"K&auml;sit&ouml;&ouml;pood\",\"publisher\":{\"@id\":\"https:\\\/\\\/etnoart.eu\\\/#organization\"},\"potentialAction\":[{\"@type\":\"SearchAction\",\"target\":{\"@type\":\"EntryPoint\",\"urlTemplate\":\"https:\\\/\\\/etnoart.eu\\\/?s={search_term_string}\"},\"query-input\":{\"@type\":\"PropertyValueSpecification\",\"valueRequired\":true,\"valueName\":\"search_term_string\"}}],\"inLanguage\":\"fi\"},{\"@type\":\"Organization\",\"@id\":\"https:\\\/\\\/etnoart.eu\\\/#organization\",\"name\":\"Etnoart O\u00dc\",\"url\":\"https:\\\/\\\/etnoart.eu\\\/\",\"logo\":{\"@type\":\"ImageObject\",\"inLanguage\":\"fi\",\"@id\":\"https:\\\/\\\/etnoart.eu\\\/#\\\/schema\\\/logo\\\/image\\\/\",\"url\":\"https:\\\/\\\/etnoart.eu\\\/wp-content\\\/uploads\\\/2023\\\/06\\\/etnoart-logo.png\",\"contentUrl\":\"https:\\\/\\\/etnoart.eu\\\/wp-content\\\/uploads\\\/2023\\\/06\\\/etnoart-logo.png\",\"width\":491,\"height\":184,\"caption\":\"Etnoart O\u00dc\"},\"image\":{\"@id\":\"https:\\\/\\\/etnoart.eu\\\/#\\\/schema\\\/logo\\\/image\\\/\"},\"sameAs\":[\"https:\\\/\\\/www.facebook.com\\\/etnoart.handicraft.shop\"]}]}<\/script>\n<!-- \/ Yoast SEO plugin. -->","yoast_head_json":{"title":"Hyllynkannattimet 15x15cm |EtnoArt| Hyllyt, Hyllynkannattimet","description":"Hyllynkannattimet 15x15cm soveltuu k\u00e4ytett\u00e4v\u00e4ksi sis\u00e4tiloissa. Teline on viimeistelty lakalla, joka korostaa puhtaan taotun metallikuvion.","robots":{"index":"index","follow":"follow","max-snippet":"max-snippet:-1","max-image-preview":"max-image-preview:large","max-video-preview":"max-video-preview:-1"},"canonical":"https:\/\/etnoart.eu\/fi\/toode\/hyllynkannattimet-15x15cm\/","og_locale":"fi_FI","og_type":"article","og_title":"Hyllynkannattimet 15x15cm |EtnoArt| Hyllyt, Hyllynkannattimet","og_description":"Hyllynkannattimet 15x15cm soveltuu k\u00e4ytett\u00e4v\u00e4ksi sis\u00e4tiloissa. Teline on viimeistelty lakalla, joka korostaa puhtaan taotun metallikuvion.","og_url":"https:\/\/etnoart.eu\/fi\/toode\/hyllynkannattimet-15x15cm\/","og_site_name":"Etnoart","article_publisher":"https:\/\/www.facebook.com\/etnoart.handicraft.shop","article_modified_time":"2025-02-01T18:53:36+00:00","og_image":[{"width":683,"height":713,"url":"https:\/\/etnoart.eu\/wp-content\/uploads\/2023\/06\/Riiulikandur-15x15-Shelf-Bracket-hyllynkannattimet-Regalhalter.jpg","type":"image\/jpeg"}],"twitter_card":"summary_large_image","twitter_misc":{"Arvioitu lukuaika":"1 minuutti"},"schema":{"@context":"https:\/\/schema.org","@graph":[{"@type":"WebPage","@id":"https:\/\/etnoart.eu\/fi\/toode\/hyllynkannattimet-15x15cm\/","url":"https:\/\/etnoart.eu\/fi\/toode\/hyllynkannattimet-15x15cm\/","name":"Hyllynkannattimet 15x15cm |EtnoArt| Hyllyt, Hyllynkannattimet","isPartOf":{"@id":"https:\/\/etnoart.eu\/#website"},"primaryImageOfPage":{"@id":"https:\/\/etnoart.eu\/fi\/toode\/hyllynkannattimet-15x15cm\/#primaryimage"},"image":{"@id":"https:\/\/etnoart.eu\/fi\/toode\/hyllynkannattimet-15x15cm\/#primaryimage"},"thumbnailUrl":"https:\/\/etnoart.eu\/wp-content\/uploads\/2023\/06\/Riiulikandur-15x15-Shelf-Bracket-hyllynkannattimet-Regalhalter.png","datePublished":"2023-06-08T08:50:58+00:00","dateModified":"2025-02-01T18:53:36+00:00","description":"Hyllynkannattimet 15x15cm soveltuu k\u00e4ytett\u00e4v\u00e4ksi sis\u00e4tiloissa. Teline on viimeistelty lakalla, joka korostaa puhtaan taotun metallikuvion.","breadcrumb":{"@id":"https:\/\/etnoart.eu\/fi\/toode\/hyllynkannattimet-15x15cm\/#breadcrumb"},"inLanguage":"fi","potentialAction":[{"@type":"ReadAction","target":["https:\/\/etnoart.eu\/fi\/toode\/hyllynkannattimet-15x15cm\/"]}]},{"@type":"ImageObject","inLanguage":"fi","@id":"https:\/\/etnoart.eu\/fi\/toode\/hyllynkannattimet-15x15cm\/#primaryimage","url":"https:\/\/etnoart.eu\/wp-content\/uploads\/2023\/06\/Riiulikandur-15x15-Shelf-Bracket-hyllynkannattimet-Regalhalter.png","contentUrl":"https:\/\/etnoart.eu\/wp-content\/uploads\/2023\/06\/Riiulikandur-15x15-Shelf-Bracket-hyllynkannattimet-Regalhalter.png","width":900,"height":900,"caption":"Riiulikandur 15x15, Shelf Bracket, hyllynkannattimet, Regalhalter"},{"@type":"BreadcrumbList","@id":"https:\/\/etnoart.eu\/fi\/toode\/hyllynkannattimet-15x15cm\/#breadcrumb","itemListElement":[{"@type":"ListItem","position":1,"name":"Home","item":"https:\/\/etnoart.eu\/fi\/"},{"@type":"ListItem","position":2,"name":"Shop","item":"https:\/\/etnoart.eu\/pood\/"},{"@type":"ListItem","position":3,"name":"Hyllynkannattimet 15x15cm"}]},{"@type":"WebSite","@id":"https:\/\/etnoart.eu\/#website","url":"https:\/\/etnoart.eu\/","name":"Etnoart","description":"K&auml;sit&ouml;&ouml;pood","publisher":{"@id":"https:\/\/etnoart.eu\/#organization"},"potentialAction":[{"@type":"SearchAction","target":{"@type":"EntryPoint","urlTemplate":"https:\/\/etnoart.eu\/?s={search_term_string}"},"query-input":{"@type":"PropertyValueSpecification","valueRequired":true,"valueName":"search_term_string"}}],"inLanguage":"fi"},{"@type":"Organization","@id":"https:\/\/etnoart.eu\/#organization","name":"Etnoart O\u00dc","url":"https:\/\/etnoart.eu\/","logo":{"@type":"ImageObject","inLanguage":"fi","@id":"https:\/\/etnoart.eu\/#\/schema\/logo\/image\/","url":"https:\/\/etnoart.eu\/wp-content\/uploads\/2023\/06\/etnoart-logo.png","contentUrl":"https:\/\/etnoart.eu\/wp-content\/uploads\/2023\/06\/etnoart-logo.png","width":491,"height":184,"caption":"Etnoart O\u00dc"},"image":{"@id":"https:\/\/etnoart.eu\/#\/schema\/logo\/image\/"},"sameAs":["https:\/\/www.facebook.com\/etnoart.handicraft.shop"]}]}},"builder_content":"","_links":{"self":[{"href":"https:\/\/etnoart.eu\/fi\/wp-json\/wp\/v2\/product\/5200","targetHints":{"allow":["GET"]}}],"collection":[{"href":"https:\/\/etnoart.eu\/fi\/wp-json\/wp\/v2\/product"}],"about":[{"href":"https:\/\/etnoart.eu\/fi\/wp-json\/wp\/v2\/types\/product"}],"wp:featuredmedia":[{"embeddable":true,"href":"https:\/\/etnoart.eu\/fi\/wp-json\/wp\/v2\/media\/5288"}],"wp:attachment":[{"href":"https:\/\/etnoart.eu\/fi\/wp-json\/wp\/v2\/media?parent=5200"}],"wp:term":[{"taxonomy":"product_brand","embeddable":true,"href":"https:\/\/etnoart.eu\/fi\/wp-json\/wp\/v2\/product_brand?post=5200"},{"taxonomy":"product_cat","embeddable":true,"href":"https:\/\/etnoart.eu\/fi\/wp-json\/wp\/v2\/product_cat?post=5200"},{"taxonomy":"product_tag","embeddable":true,"href":"https:\/\/etnoart.eu\/fi\/wp-json\/wp\/v2\/product_tag?post=5200"}],"curies":[{"name":"wp","href":"https:\/\/api.w.org\/{rel}","templated":true}]}}