{"id":4978,"date":"2023-06-08T08:56:06","date_gmt":"2023-06-08T08:56:06","guid":{"rendered":"https:\/\/etnoart.eu\/toode\/hobuseraud-pruugitud\/"},"modified":"2026-03-13T21:01:47","modified_gmt":"2026-03-13T21:01:47","slug":"hobuseraud-pruugitud","status":"publish","type":"product","link":"https:\/\/etnoart.eu\/fi\/toode\/hobuseraud-pruugitud\/","title":{"rendered":"Hobuseraud (pruugitud)"},"content":{"rendered":"<p>Kasutatud hobuseraud on ajatu s\u00fcmbol, mis on l\u00e4bi aegade toonud kaasa \u00f5nne ja kaitset. Selle iidne t\u00e4hendus on s\u00fcgavalt juurdunud erinevates kultuurides ja traditsioonides. Hobuseraudu on riputatud hoonete sissep\u00e4\u00e4sude kohale, kantud kaasas ja kasutatud mitmel viisil, et hoida eemal halbu j\u00f5ude ning tuua endaga kaasa positiivsust.<\/p>\n<p>Kasutades seda ajaloolist s\u00fcmbolit, toob Hobuserauda s\u00fcgavam m\u00f5\u00f5de teie kodusse v\u00f5i ruumi. See ei ole lihtsalt dekoratiivne ese, vaid ka t\u00fckike kultuurilist p\u00e4randit ja uskumusi. Legendi j\u00e4rgi toob hobuseraud endaga kaasa \u00f5nne ning selle kasutamisel on kaitsvad omadused. See on nagu v\u00f5ti uksele, mis hoiab kurja ja negatiivsuse eemal ning laseb sisse vaid positiivsed energiad.<\/p>\n<p>K\u00fcsimus, kuidas t\u00e4pselt hobuseraud ukse kohal paigutada &#8211; kas avatud pool \u00fcleval v\u00f5i all &#8211; on kaasaegsele inimesele ehk huvitav m\u00f5istatus, kuid see on ka osa selle s\u00fcmboli p\u00e4randist. Erinevad vaated sellele, kuidas hobuseraud peaks olema paigutatud, on kujundanud arutelusid ja diskussioone l\u00e4bi pikka aja, lisades sellele s\u00fcmbolile veelgi rohkem salap\u00e4ra ja intriigi.<\/p>\n<p>K\u00fc\u00fcnlajalg Lauale &#8221;Hobuseraud&#8221; toob teie koju mitte ainult visuaalset kaunidust, vaid ka ajaloolist t\u00e4hendust. See on meeldetuletus minevikust, uskumustest ja traditsioonidest ning samal ajal ka kaasaegne dekoratsioonielement. Olenemata sellest, kuidas te otsustate seda oma ruumis kasutada, lisab see kindlasti s\u00fcgavust ja isikup\u00e4ra teie kodusse, r\u00e4\u00e4kides lugusid minevikust ja avades uksi \u00f5nnelikule tulevikule.<\/p>\n<p>Need rauad on hobuste all olnud, puhastatud, vahatatud. K\u00f5ik rauad on erinevalt kulunud.<\/p>\n","protected":false},"excerpt":{"rendered":"<p>Need rauad on hobuste all olnud, puhastatud, vahatatud. K\u00f5ik rauad on erinevalt kulunud.<\/p>\n","protected":false},"featured_media":4979,"template":"","meta":[],"product_brand":[],"product_cat":[438],"product_tag":[],"class_list":{"0":"post-4978","1":"product","2":"type-product","3":"status-publish","4":"has-post-thumbnail","6":"product_cat-matkamuistoja-ja-lahjoja","7":"has-post-title","8":"has-post-date","9":"has-post-category","10":"has-post-tag","11":"has-post-comment","12":"has-post-author","13":"","15":"first","16":"instock","17":"taxable","18":"shipping-taxable","19":"purchasable","20":"product-type-simple"},"yoast_head":"<!-- This site is optimized with the Yoast SEO plugin v27.4 - https:\/\/yoast.com\/product\/yoast-seo-wordpress\/ -->\n<title>Hobuseraud (pruugitud) |EtnoArt| Suveniirid ja kingitused<\/title>\n<meta name=\"description\" content=\"Kasutatud hobuseraud on ajatu s\u00fcmbol, mis on l\u00e4bi aegade toonud kaasa \u00f5nne ja kaitset. Need rauad on hobuste all olnud, puhastatud, vahatatud.\" \/>\n<meta name=\"robots\" content=\"index, follow, max-snippet:-1, max-image-preview:large, max-video-preview:-1\" \/>\n<link rel=\"canonical\" href=\"https:\/\/etnoart.eu\/fi\/toode\/hobuseraud-pruugitud\/\" \/>\n<meta property=\"og:locale\" content=\"fi_FI\" \/>\n<meta property=\"og:type\" content=\"article\" \/>\n<meta property=\"og:title\" content=\"Hobuseraud (pruugitud) |EtnoArt| Suveniirid ja kingitused\" \/>\n<meta property=\"og:description\" content=\"Kasutatud hobuseraud on ajatu s\u00fcmbol, mis on l\u00e4bi aegade toonud kaasa \u00f5nne ja kaitset. Need rauad on hobuste all olnud, puhastatud, vahatatud.\" \/>\n<meta property=\"og:url\" content=\"https:\/\/etnoart.eu\/fi\/toode\/hobuseraud-pruugitud\/\" \/>\n<meta property=\"og:site_name\" content=\"Etnoart\" \/>\n<meta property=\"article:publisher\" content=\"https:\/\/www.facebook.com\/etnoart.handicraft.shop\" \/>\n<meta property=\"article:modified_time\" content=\"2026-03-13T21:01:47+00:00\" \/>\n<meta property=\"og:image\" content=\"https:\/\/etnoart.eu\/wp-content\/uploads\/2023\/06\/hobuseraud-dekoratiivne.jpg\" \/>\n\t<meta property=\"og:image:width\" content=\"1201\" \/>\n\t<meta property=\"og:image:height\" content=\"1200\" \/>\n\t<meta property=\"og:image:type\" content=\"image\/jpeg\" \/>\n<meta name=\"twitter:card\" content=\"summary_large_image\" \/>\n<meta name=\"twitter:label1\" content=\"Arvioitu lukuaika\" \/>\n\t<meta name=\"twitter:data1\" content=\"1 minuutti\" \/>\n<script type=\"application\/ld+json\" class=\"yoast-schema-graph\">{\"@context\":\"https:\\\/\\\/schema.org\",\"@graph\":[{\"@type\":\"WebPage\",\"@id\":\"https:\\\/\\\/etnoart.eu\\\/fi\\\/toode\\\/hobuseraud-pruugitud\\\/\",\"url\":\"https:\\\/\\\/etnoart.eu\\\/fi\\\/toode\\\/hobuseraud-pruugitud\\\/\",\"name\":\"Hobuseraud (pruugitud) |EtnoArt| Suveniirid ja kingitused\",\"isPartOf\":{\"@id\":\"https:\\\/\\\/etnoart.eu\\\/#website\"},\"primaryImageOfPage\":{\"@id\":\"https:\\\/\\\/etnoart.eu\\\/fi\\\/toode\\\/hobuseraud-pruugitud\\\/#primaryimage\"},\"image\":{\"@id\":\"https:\\\/\\\/etnoart.eu\\\/fi\\\/toode\\\/hobuseraud-pruugitud\\\/#primaryimage\"},\"thumbnailUrl\":\"https:\\\/\\\/etnoart.eu\\\/wp-content\\\/uploads\\\/2023\\\/06\\\/hobuseraud-dekoratiivne.jpg\",\"datePublished\":\"2023-06-08T08:56:06+00:00\",\"dateModified\":\"2026-03-13T21:01:47+00:00\",\"description\":\"Kasutatud hobuseraud on ajatu s\u00fcmbol, mis on l\u00e4bi aegade toonud kaasa \u00f5nne ja kaitset. Need rauad on hobuste all olnud, puhastatud, vahatatud.\",\"breadcrumb\":{\"@id\":\"https:\\\/\\\/etnoart.eu\\\/fi\\\/toode\\\/hobuseraud-pruugitud\\\/#breadcrumb\"},\"inLanguage\":\"fi\",\"potentialAction\":[{\"@type\":\"ReadAction\",\"target\":[\"https:\\\/\\\/etnoart.eu\\\/fi\\\/toode\\\/hobuseraud-pruugitud\\\/\"]}]},{\"@type\":\"ImageObject\",\"inLanguage\":\"fi\",\"@id\":\"https:\\\/\\\/etnoart.eu\\\/fi\\\/toode\\\/hobuseraud-pruugitud\\\/#primaryimage\",\"url\":\"https:\\\/\\\/etnoart.eu\\\/wp-content\\\/uploads\\\/2023\\\/06\\\/hobuseraud-dekoratiivne.jpg\",\"contentUrl\":\"https:\\\/\\\/etnoart.eu\\\/wp-content\\\/uploads\\\/2023\\\/06\\\/hobuseraud-dekoratiivne.jpg\",\"width\":1201,\"height\":1200,\"caption\":\"hobuseraud dekoratiivne\"},{\"@type\":\"BreadcrumbList\",\"@id\":\"https:\\\/\\\/etnoart.eu\\\/fi\\\/toode\\\/hobuseraud-pruugitud\\\/#breadcrumb\",\"itemListElement\":[{\"@type\":\"ListItem\",\"position\":1,\"name\":\"Home\",\"item\":\"https:\\\/\\\/etnoart.eu\\\/fi\\\/\"},{\"@type\":\"ListItem\",\"position\":2,\"name\":\"Shop\",\"item\":\"https:\\\/\\\/etnoart.eu\\\/pood\\\/\"},{\"@type\":\"ListItem\",\"position\":3,\"name\":\"Hobuseraud (pruugitud)\"}]},{\"@type\":\"WebSite\",\"@id\":\"https:\\\/\\\/etnoart.eu\\\/#website\",\"url\":\"https:\\\/\\\/etnoart.eu\\\/\",\"name\":\"Etnoart\",\"description\":\"K&auml;sit&ouml;&ouml;pood\",\"publisher\":{\"@id\":\"https:\\\/\\\/etnoart.eu\\\/#organization\"},\"potentialAction\":[{\"@type\":\"SearchAction\",\"target\":{\"@type\":\"EntryPoint\",\"urlTemplate\":\"https:\\\/\\\/etnoart.eu\\\/?s={search_term_string}\"},\"query-input\":{\"@type\":\"PropertyValueSpecification\",\"valueRequired\":true,\"valueName\":\"search_term_string\"}}],\"inLanguage\":\"fi\"},{\"@type\":\"Organization\",\"@id\":\"https:\\\/\\\/etnoart.eu\\\/#organization\",\"name\":\"Etnoart O\u00dc\",\"url\":\"https:\\\/\\\/etnoart.eu\\\/\",\"logo\":{\"@type\":\"ImageObject\",\"inLanguage\":\"fi\",\"@id\":\"https:\\\/\\\/etnoart.eu\\\/#\\\/schema\\\/logo\\\/image\\\/\",\"url\":\"https:\\\/\\\/etnoart.eu\\\/wp-content\\\/uploads\\\/2023\\\/06\\\/etnoart-logo.png\",\"contentUrl\":\"https:\\\/\\\/etnoart.eu\\\/wp-content\\\/uploads\\\/2023\\\/06\\\/etnoart-logo.png\",\"width\":491,\"height\":184,\"caption\":\"Etnoart O\u00dc\"},\"image\":{\"@id\":\"https:\\\/\\\/etnoart.eu\\\/#\\\/schema\\\/logo\\\/image\\\/\"},\"sameAs\":[\"https:\\\/\\\/www.facebook.com\\\/etnoart.handicraft.shop\"]}]}<\/script>\n<!-- \/ Yoast SEO plugin. -->","yoast_head_json":{"title":"Hobuseraud (pruugitud) |EtnoArt| Suveniirid ja kingitused","description":"Kasutatud hobuseraud on ajatu s\u00fcmbol, mis on l\u00e4bi aegade toonud kaasa \u00f5nne ja kaitset. Need rauad on hobuste all olnud, puhastatud, vahatatud.","robots":{"index":"index","follow":"follow","max-snippet":"max-snippet:-1","max-image-preview":"max-image-preview:large","max-video-preview":"max-video-preview:-1"},"canonical":"https:\/\/etnoart.eu\/fi\/toode\/hobuseraud-pruugitud\/","og_locale":"fi_FI","og_type":"article","og_title":"Hobuseraud (pruugitud) |EtnoArt| Suveniirid ja kingitused","og_description":"Kasutatud hobuseraud on ajatu s\u00fcmbol, mis on l\u00e4bi aegade toonud kaasa \u00f5nne ja kaitset. Need rauad on hobuste all olnud, puhastatud, vahatatud.","og_url":"https:\/\/etnoart.eu\/fi\/toode\/hobuseraud-pruugitud\/","og_site_name":"Etnoart","article_publisher":"https:\/\/www.facebook.com\/etnoart.handicraft.shop","article_modified_time":"2026-03-13T21:01:47+00:00","og_image":[{"width":1201,"height":1200,"url":"https:\/\/etnoart.eu\/wp-content\/uploads\/2023\/06\/hobuseraud-dekoratiivne.jpg","type":"image\/jpeg"}],"twitter_card":"summary_large_image","twitter_misc":{"Arvioitu lukuaika":"1 minuutti"},"schema":{"@context":"https:\/\/schema.org","@graph":[{"@type":"WebPage","@id":"https:\/\/etnoart.eu\/fi\/toode\/hobuseraud-pruugitud\/","url":"https:\/\/etnoart.eu\/fi\/toode\/hobuseraud-pruugitud\/","name":"Hobuseraud (pruugitud) |EtnoArt| Suveniirid ja kingitused","isPartOf":{"@id":"https:\/\/etnoart.eu\/#website"},"primaryImageOfPage":{"@id":"https:\/\/etnoart.eu\/fi\/toode\/hobuseraud-pruugitud\/#primaryimage"},"image":{"@id":"https:\/\/etnoart.eu\/fi\/toode\/hobuseraud-pruugitud\/#primaryimage"},"thumbnailUrl":"https:\/\/etnoart.eu\/wp-content\/uploads\/2023\/06\/hobuseraud-dekoratiivne.jpg","datePublished":"2023-06-08T08:56:06+00:00","dateModified":"2026-03-13T21:01:47+00:00","description":"Kasutatud hobuseraud on ajatu s\u00fcmbol, mis on l\u00e4bi aegade toonud kaasa \u00f5nne ja kaitset. Need rauad on hobuste all olnud, puhastatud, vahatatud.","breadcrumb":{"@id":"https:\/\/etnoart.eu\/fi\/toode\/hobuseraud-pruugitud\/#breadcrumb"},"inLanguage":"fi","potentialAction":[{"@type":"ReadAction","target":["https:\/\/etnoart.eu\/fi\/toode\/hobuseraud-pruugitud\/"]}]},{"@type":"ImageObject","inLanguage":"fi","@id":"https:\/\/etnoart.eu\/fi\/toode\/hobuseraud-pruugitud\/#primaryimage","url":"https:\/\/etnoart.eu\/wp-content\/uploads\/2023\/06\/hobuseraud-dekoratiivne.jpg","contentUrl":"https:\/\/etnoart.eu\/wp-content\/uploads\/2023\/06\/hobuseraud-dekoratiivne.jpg","width":1201,"height":1200,"caption":"hobuseraud dekoratiivne"},{"@type":"BreadcrumbList","@id":"https:\/\/etnoart.eu\/fi\/toode\/hobuseraud-pruugitud\/#breadcrumb","itemListElement":[{"@type":"ListItem","position":1,"name":"Home","item":"https:\/\/etnoart.eu\/fi\/"},{"@type":"ListItem","position":2,"name":"Shop","item":"https:\/\/etnoart.eu\/pood\/"},{"@type":"ListItem","position":3,"name":"Hobuseraud (pruugitud)"}]},{"@type":"WebSite","@id":"https:\/\/etnoart.eu\/#website","url":"https:\/\/etnoart.eu\/","name":"Etnoart","description":"K&auml;sit&ouml;&ouml;pood","publisher":{"@id":"https:\/\/etnoart.eu\/#organization"},"potentialAction":[{"@type":"SearchAction","target":{"@type":"EntryPoint","urlTemplate":"https:\/\/etnoart.eu\/?s={search_term_string}"},"query-input":{"@type":"PropertyValueSpecification","valueRequired":true,"valueName":"search_term_string"}}],"inLanguage":"fi"},{"@type":"Organization","@id":"https:\/\/etnoart.eu\/#organization","name":"Etnoart O\u00dc","url":"https:\/\/etnoart.eu\/","logo":{"@type":"ImageObject","inLanguage":"fi","@id":"https:\/\/etnoart.eu\/#\/schema\/logo\/image\/","url":"https:\/\/etnoart.eu\/wp-content\/uploads\/2023\/06\/etnoart-logo.png","contentUrl":"https:\/\/etnoart.eu\/wp-content\/uploads\/2023\/06\/etnoart-logo.png","width":491,"height":184,"caption":"Etnoart O\u00dc"},"image":{"@id":"https:\/\/etnoart.eu\/#\/schema\/logo\/image\/"},"sameAs":["https:\/\/www.facebook.com\/etnoart.handicraft.shop"]}]}},"builder_content":"","_links":{"self":[{"href":"https:\/\/etnoart.eu\/fi\/wp-json\/wp\/v2\/product\/4978","targetHints":{"allow":["GET"]}}],"collection":[{"href":"https:\/\/etnoart.eu\/fi\/wp-json\/wp\/v2\/product"}],"about":[{"href":"https:\/\/etnoart.eu\/fi\/wp-json\/wp\/v2\/types\/product"}],"wp:featuredmedia":[{"embeddable":true,"href":"https:\/\/etnoart.eu\/fi\/wp-json\/wp\/v2\/media\/4979"}],"wp:attachment":[{"href":"https:\/\/etnoart.eu\/fi\/wp-json\/wp\/v2\/media?parent=4978"}],"wp:term":[{"taxonomy":"product_brand","embeddable":true,"href":"https:\/\/etnoart.eu\/fi\/wp-json\/wp\/v2\/product_brand?post=4978"},{"taxonomy":"product_cat","embeddable":true,"href":"https:\/\/etnoart.eu\/fi\/wp-json\/wp\/v2\/product_cat?post=4978"},{"taxonomy":"product_tag","embeddable":true,"href":"https:\/\/etnoart.eu\/fi\/wp-json\/wp\/v2\/product_tag?post=4978"}],"curies":[{"name":"wp","href":"https:\/\/api.w.org\/{rel}","templated":true}]}}