{"id":4968,"date":"2023-06-08T08:56:28","date_gmt":"2023-06-08T08:56:28","guid":{"rendered":"https:\/\/etnoart.eu\/toode\/jalatsiriiul\/"},"modified":"2024-05-24T03:54:48","modified_gmt":"2024-05-24T03:54:48","slug":"kenkateline","status":"publish","type":"product","link":"https:\/\/etnoart.eu\/fi\/toode\/kenkateline\/","title":{"rendered":"Kenk\u00e4teline"},"content":{"rendered":"<p>Kenk\u00e4teline on valmistettu laadukkaasta ter\u00e4ksest\u00e4. T\u00e4m\u00e4 kenk\u00e4teline on ihanteellinen ratkaisu, joka auttaa pit\u00e4m\u00e4\u00e4n kenk\u00e4si j\u00e4rjestyksess\u00e4, kun saavut ulkoa. Voit asettaa kenk\u00e4si hyllyn alatasolle ja hylly tarjoaa my\u00f6s mahdollisuuden s\u00e4ilytt\u00e4\u00e4 k\u00e4silaukkuja tai istua ja pukea kenki\u00e4 mukavammin.<\/p>\n<p>Hyllyn yl\u00e4osa on suunniteltu k\u00e4silaukkujen tai kenkien s\u00e4ilytykseen ja samalla se tarjoaa mukavan istumismahdollisuuden, kun haluat pukea kenki\u00e4.<\/p>\n<p>Kenk\u00e4teline on viimeistelty tyylikk\u00e4\u00e4ll\u00e4 mustalla jauhemaalilla, mik\u00e4 takaa sen kest\u00e4vyyden ja lis\u00e4\u00e4 hyllyyn tyylikk\u00e4\u00e4n ilmeen. Musta v\u00e4ri on monipuolinen ja sopii erinomaisesti eri sisustustyyleihin, ollen samalla elegantti ja moderni. Jauhemaali suojaa hylly\u00e4 kulumiselta ja naarmuilta, taaten pitk\u00e4aikaisen k\u00e4yt\u00f6n.<\/p>\n<p>T\u00e4m\u00e4 tuote sopii erinomaisesti yhteen meid\u00e4n <a href=\"https:\/\/etnoart.eu\/fi\/toode\/riidevarn\/\" rel=\"noopener\" target=\"_blank\">vaatenaulakko<\/a> kanssa, luoden harmonisen ja k\u00e4yt\u00e4nn\u00f6llisen ratkaisun. Molempien tuotteiden leveydet ovat hyvin yhteensovitettuja, luoden yhten\u00e4isen ja tasapainoisen ulkon\u00e4\u00f6n. Vaaterekki voidaan kiinnitt\u00e4\u00e4 sein\u00e4\u00e4n, tarjoten pystysuoraa s\u00e4ilytystilaa, kun taas kenk\u00e4teline asetetaan sen alle lattialle, maksimoiden tilank\u00e4yt\u00f6n ja luoden yhten\u00e4isen j\u00e4rjestelyratkaisun.<\/p>\n<p>Yhteenvetona kenk\u00e4telinemme tarjoaa vahvan ja kest\u00e4v\u00e4n ratkaisun kenkien s\u00e4ilytykseen, kun saavut ulkoa. Viimeistelty mustalla jauhemaalilla<\/p>\n<p>Leveys: 79 cm<\/p>\n<p>Korkeus: 31 cm<\/p>\n<p>Syvyys: 28,5 cm<\/p>\n<p>p\u00e4\u00e4llystetty mustalla jauhemaalilla.<\/p>\n","protected":false},"excerpt":{"rendered":"<p>Leveys: 79 cm<\/p>\n<p>Korkeus: 31 cm<\/p>\n<p>Syvyys: 28,5 cm<\/p>\n<p>p\u00e4\u00e4llystetty mustalla jauhemaalilla.<\/p>\n","protected":false},"featured_media":4969,"template":"","meta":[],"product_brand":[],"product_cat":[426],"product_tag":[],"class_list":{"0":"post-4968","1":"product","2":"type-product","3":"status-publish","4":"has-post-thumbnail","6":"product_cat-hyllyt-hyllynkannattimet","7":"has-post-title","8":"has-post-date","9":"has-post-category","10":"has-post-tag","11":"has-post-comment","12":"has-post-author","13":"","15":"first","16":"instock","17":"taxable","18":"shipping-taxable","19":"purchasable","20":"product-type-simple"},"yoast_head":"<!-- This site is optimized with the Yoast SEO plugin v27.4 - https:\/\/yoast.com\/product\/yoast-seo-wordpress\/ -->\n<title>Kenk\u00e4teline |EtnoArt| Hyllyt, Hyllynkannattimet<\/title>\n<meta name=\"description\" content=\"Kenk\u00e4teline. Valmistettu metallista virolaisten seppien toimesta. Tuote on laadukas ja kest\u00e4v\u00e4. Mahdollista vaatenaulakkon kanssa.\" \/>\n<meta name=\"robots\" content=\"index, follow, max-snippet:-1, max-image-preview:large, max-video-preview:-1\" \/>\n<link rel=\"canonical\" href=\"https:\/\/etnoart.eu\/fi\/toode\/kenkateline\/\" \/>\n<meta property=\"og:locale\" content=\"fi_FI\" \/>\n<meta property=\"og:type\" content=\"article\" \/>\n<meta property=\"og:title\" content=\"Kenk\u00e4teline |EtnoArt| Hyllyt, Hyllynkannattimet\" \/>\n<meta property=\"og:description\" content=\"Kenk\u00e4teline. Valmistettu metallista virolaisten seppien toimesta. Tuote on laadukas ja kest\u00e4v\u00e4. Mahdollista vaatenaulakkon kanssa.\" \/>\n<meta property=\"og:url\" content=\"https:\/\/etnoart.eu\/fi\/toode\/kenkateline\/\" \/>\n<meta property=\"og:site_name\" content=\"Etnoart\" \/>\n<meta property=\"article:publisher\" content=\"https:\/\/www.facebook.com\/etnoart.handicraft.shop\" \/>\n<meta property=\"article:modified_time\" content=\"2024-05-24T03:54:48+00:00\" \/>\n<meta property=\"og:image\" content=\"https:\/\/etnoart.eu\/wp-content\/uploads\/2023\/06\/Jalatsiriiul-Riiulid-riiulikandurid-900.png\" \/>\n\t<meta property=\"og:image:width\" content=\"700\" \/>\n\t<meta property=\"og:image:height\" content=\"700\" \/>\n\t<meta property=\"og:image:type\" content=\"image\/png\" \/>\n<meta name=\"twitter:card\" content=\"summary_large_image\" \/>\n<meta name=\"twitter:label1\" content=\"Arvioitu lukuaika\" \/>\n\t<meta name=\"twitter:data1\" content=\"2 minuuttia\" \/>\n<script type=\"application\/ld+json\" class=\"yoast-schema-graph\">{\"@context\":\"https:\\\/\\\/schema.org\",\"@graph\":[{\"@type\":\"WebPage\",\"@id\":\"https:\\\/\\\/etnoart.eu\\\/fi\\\/toode\\\/kenkateline\\\/\",\"url\":\"https:\\\/\\\/etnoart.eu\\\/fi\\\/toode\\\/kenkateline\\\/\",\"name\":\"Kenk\u00e4teline |EtnoArt| Hyllyt, Hyllynkannattimet\",\"isPartOf\":{\"@id\":\"https:\\\/\\\/etnoart.eu\\\/#website\"},\"primaryImageOfPage\":{\"@id\":\"https:\\\/\\\/etnoart.eu\\\/fi\\\/toode\\\/kenkateline\\\/#primaryimage\"},\"image\":{\"@id\":\"https:\\\/\\\/etnoart.eu\\\/fi\\\/toode\\\/kenkateline\\\/#primaryimage\"},\"thumbnailUrl\":\"https:\\\/\\\/etnoart.eu\\\/wp-content\\\/uploads\\\/2023\\\/06\\\/Jalatsiriiul-Riiulid-riiulikandurid-900.png\",\"datePublished\":\"2023-06-08T08:56:28+00:00\",\"dateModified\":\"2024-05-24T03:54:48+00:00\",\"description\":\"Kenk\u00e4teline. Valmistettu metallista virolaisten seppien toimesta. Tuote on laadukas ja kest\u00e4v\u00e4. Mahdollista vaatenaulakkon kanssa.\",\"breadcrumb\":{\"@id\":\"https:\\\/\\\/etnoart.eu\\\/fi\\\/toode\\\/kenkateline\\\/#breadcrumb\"},\"inLanguage\":\"fi\",\"potentialAction\":[{\"@type\":\"ReadAction\",\"target\":[\"https:\\\/\\\/etnoart.eu\\\/fi\\\/toode\\\/kenkateline\\\/\"]}]},{\"@type\":\"ImageObject\",\"inLanguage\":\"fi\",\"@id\":\"https:\\\/\\\/etnoart.eu\\\/fi\\\/toode\\\/kenkateline\\\/#primaryimage\",\"url\":\"https:\\\/\\\/etnoart.eu\\\/wp-content\\\/uploads\\\/2023\\\/06\\\/Jalatsiriiul-Riiulid-riiulikandurid-900.png\",\"contentUrl\":\"https:\\\/\\\/etnoart.eu\\\/wp-content\\\/uploads\\\/2023\\\/06\\\/Jalatsiriiul-Riiulid-riiulikandurid-900.png\",\"width\":700,\"height\":700,\"caption\":\"Jalatsiriiul-Riiulid-riiulikandurid 900\"},{\"@type\":\"BreadcrumbList\",\"@id\":\"https:\\\/\\\/etnoart.eu\\\/fi\\\/toode\\\/kenkateline\\\/#breadcrumb\",\"itemListElement\":[{\"@type\":\"ListItem\",\"position\":1,\"name\":\"Home\",\"item\":\"https:\\\/\\\/etnoart.eu\\\/fi\\\/\"},{\"@type\":\"ListItem\",\"position\":2,\"name\":\"Shop\",\"item\":\"https:\\\/\\\/etnoart.eu\\\/pood\\\/\"},{\"@type\":\"ListItem\",\"position\":3,\"name\":\"Kenk\u00e4teline\"}]},{\"@type\":\"WebSite\",\"@id\":\"https:\\\/\\\/etnoart.eu\\\/#website\",\"url\":\"https:\\\/\\\/etnoart.eu\\\/\",\"name\":\"Etnoart\",\"description\":\"K&auml;sit&ouml;&ouml;pood\",\"publisher\":{\"@id\":\"https:\\\/\\\/etnoart.eu\\\/#organization\"},\"potentialAction\":[{\"@type\":\"SearchAction\",\"target\":{\"@type\":\"EntryPoint\",\"urlTemplate\":\"https:\\\/\\\/etnoart.eu\\\/?s={search_term_string}\"},\"query-input\":{\"@type\":\"PropertyValueSpecification\",\"valueRequired\":true,\"valueName\":\"search_term_string\"}}],\"inLanguage\":\"fi\"},{\"@type\":\"Organization\",\"@id\":\"https:\\\/\\\/etnoart.eu\\\/#organization\",\"name\":\"Etnoart O\u00dc\",\"url\":\"https:\\\/\\\/etnoart.eu\\\/\",\"logo\":{\"@type\":\"ImageObject\",\"inLanguage\":\"fi\",\"@id\":\"https:\\\/\\\/etnoart.eu\\\/#\\\/schema\\\/logo\\\/image\\\/\",\"url\":\"https:\\\/\\\/etnoart.eu\\\/wp-content\\\/uploads\\\/2023\\\/06\\\/etnoart-logo.png\",\"contentUrl\":\"https:\\\/\\\/etnoart.eu\\\/wp-content\\\/uploads\\\/2023\\\/06\\\/etnoart-logo.png\",\"width\":491,\"height\":184,\"caption\":\"Etnoart O\u00dc\"},\"image\":{\"@id\":\"https:\\\/\\\/etnoart.eu\\\/#\\\/schema\\\/logo\\\/image\\\/\"},\"sameAs\":[\"https:\\\/\\\/www.facebook.com\\\/etnoart.handicraft.shop\"]}]}<\/script>\n<!-- \/ Yoast SEO plugin. -->","yoast_head_json":{"title":"Kenk\u00e4teline |EtnoArt| Hyllyt, Hyllynkannattimet","description":"Kenk\u00e4teline. Valmistettu metallista virolaisten seppien toimesta. Tuote on laadukas ja kest\u00e4v\u00e4. Mahdollista vaatenaulakkon kanssa.","robots":{"index":"index","follow":"follow","max-snippet":"max-snippet:-1","max-image-preview":"max-image-preview:large","max-video-preview":"max-video-preview:-1"},"canonical":"https:\/\/etnoart.eu\/fi\/toode\/kenkateline\/","og_locale":"fi_FI","og_type":"article","og_title":"Kenk\u00e4teline |EtnoArt| Hyllyt, Hyllynkannattimet","og_description":"Kenk\u00e4teline. Valmistettu metallista virolaisten seppien toimesta. Tuote on laadukas ja kest\u00e4v\u00e4. Mahdollista vaatenaulakkon kanssa.","og_url":"https:\/\/etnoart.eu\/fi\/toode\/kenkateline\/","og_site_name":"Etnoart","article_publisher":"https:\/\/www.facebook.com\/etnoart.handicraft.shop","article_modified_time":"2024-05-24T03:54:48+00:00","og_image":[{"width":700,"height":700,"url":"https:\/\/etnoart.eu\/wp-content\/uploads\/2023\/06\/Jalatsiriiul-Riiulid-riiulikandurid-900.png","type":"image\/png"}],"twitter_card":"summary_large_image","twitter_misc":{"Arvioitu lukuaika":"2 minuuttia"},"schema":{"@context":"https:\/\/schema.org","@graph":[{"@type":"WebPage","@id":"https:\/\/etnoart.eu\/fi\/toode\/kenkateline\/","url":"https:\/\/etnoart.eu\/fi\/toode\/kenkateline\/","name":"Kenk\u00e4teline |EtnoArt| Hyllyt, Hyllynkannattimet","isPartOf":{"@id":"https:\/\/etnoart.eu\/#website"},"primaryImageOfPage":{"@id":"https:\/\/etnoart.eu\/fi\/toode\/kenkateline\/#primaryimage"},"image":{"@id":"https:\/\/etnoart.eu\/fi\/toode\/kenkateline\/#primaryimage"},"thumbnailUrl":"https:\/\/etnoart.eu\/wp-content\/uploads\/2023\/06\/Jalatsiriiul-Riiulid-riiulikandurid-900.png","datePublished":"2023-06-08T08:56:28+00:00","dateModified":"2024-05-24T03:54:48+00:00","description":"Kenk\u00e4teline. Valmistettu metallista virolaisten seppien toimesta. Tuote on laadukas ja kest\u00e4v\u00e4. Mahdollista vaatenaulakkon kanssa.","breadcrumb":{"@id":"https:\/\/etnoart.eu\/fi\/toode\/kenkateline\/#breadcrumb"},"inLanguage":"fi","potentialAction":[{"@type":"ReadAction","target":["https:\/\/etnoart.eu\/fi\/toode\/kenkateline\/"]}]},{"@type":"ImageObject","inLanguage":"fi","@id":"https:\/\/etnoart.eu\/fi\/toode\/kenkateline\/#primaryimage","url":"https:\/\/etnoart.eu\/wp-content\/uploads\/2023\/06\/Jalatsiriiul-Riiulid-riiulikandurid-900.png","contentUrl":"https:\/\/etnoart.eu\/wp-content\/uploads\/2023\/06\/Jalatsiriiul-Riiulid-riiulikandurid-900.png","width":700,"height":700,"caption":"Jalatsiriiul-Riiulid-riiulikandurid 900"},{"@type":"BreadcrumbList","@id":"https:\/\/etnoart.eu\/fi\/toode\/kenkateline\/#breadcrumb","itemListElement":[{"@type":"ListItem","position":1,"name":"Home","item":"https:\/\/etnoart.eu\/fi\/"},{"@type":"ListItem","position":2,"name":"Shop","item":"https:\/\/etnoart.eu\/pood\/"},{"@type":"ListItem","position":3,"name":"Kenk\u00e4teline"}]},{"@type":"WebSite","@id":"https:\/\/etnoart.eu\/#website","url":"https:\/\/etnoart.eu\/","name":"Etnoart","description":"K&auml;sit&ouml;&ouml;pood","publisher":{"@id":"https:\/\/etnoart.eu\/#organization"},"potentialAction":[{"@type":"SearchAction","target":{"@type":"EntryPoint","urlTemplate":"https:\/\/etnoart.eu\/?s={search_term_string}"},"query-input":{"@type":"PropertyValueSpecification","valueRequired":true,"valueName":"search_term_string"}}],"inLanguage":"fi"},{"@type":"Organization","@id":"https:\/\/etnoart.eu\/#organization","name":"Etnoart O\u00dc","url":"https:\/\/etnoart.eu\/","logo":{"@type":"ImageObject","inLanguage":"fi","@id":"https:\/\/etnoart.eu\/#\/schema\/logo\/image\/","url":"https:\/\/etnoart.eu\/wp-content\/uploads\/2023\/06\/etnoart-logo.png","contentUrl":"https:\/\/etnoart.eu\/wp-content\/uploads\/2023\/06\/etnoart-logo.png","width":491,"height":184,"caption":"Etnoart O\u00dc"},"image":{"@id":"https:\/\/etnoart.eu\/#\/schema\/logo\/image\/"},"sameAs":["https:\/\/www.facebook.com\/etnoart.handicraft.shop"]}]}},"builder_content":"","_links":{"self":[{"href":"https:\/\/etnoart.eu\/fi\/wp-json\/wp\/v2\/product\/4968","targetHints":{"allow":["GET"]}}],"collection":[{"href":"https:\/\/etnoart.eu\/fi\/wp-json\/wp\/v2\/product"}],"about":[{"href":"https:\/\/etnoart.eu\/fi\/wp-json\/wp\/v2\/types\/product"}],"wp:featuredmedia":[{"embeddable":true,"href":"https:\/\/etnoart.eu\/fi\/wp-json\/wp\/v2\/media\/4969"}],"wp:attachment":[{"href":"https:\/\/etnoart.eu\/fi\/wp-json\/wp\/v2\/media?parent=4968"}],"wp:term":[{"taxonomy":"product_brand","embeddable":true,"href":"https:\/\/etnoart.eu\/fi\/wp-json\/wp\/v2\/product_brand?post=4968"},{"taxonomy":"product_cat","embeddable":true,"href":"https:\/\/etnoart.eu\/fi\/wp-json\/wp\/v2\/product_cat?post=4968"},{"taxonomy":"product_tag","embeddable":true,"href":"https:\/\/etnoart.eu\/fi\/wp-json\/wp\/v2\/product_tag?post=4968"}],"curies":[{"name":"wp","href":"https:\/\/api.w.org\/{rel}","templated":true}]}}