{"id":4920,"date":"2023-06-08T08:56:27","date_gmt":"2023-06-08T08:56:27","guid":{"rendered":"https:\/\/etnoart.eu\/toode\/latthinged-30-cm-zn\/"},"modified":"2023-06-08T08:56:27","modified_gmt":"2023-06-08T08:56:27","slug":"latthinged-30-cm-zn","status":"publish","type":"product","link":"https:\/\/etnoart.eu\/fi\/toode\/latthinged-30-cm-zn\/","title":{"rendered":"Latthinged 30 cm (Zn)"},"content":{"rendered":"<p>Latthinged 30 cm (Zn) on tsingitud ja v\u00e4rvitud pulberv\u00e4rviga<\/p>\n<p>Komplekti kuulub latthingede paar sagarate ja kahe sagarapoldiga 8x70mm,<\/p>\n<p>Tsingitud ja pulberv\u00e4rviga v\u00e4rvitud<\/p>\n<p>Soovitame kinnitada 60mm pikkuste sepanaeltega. Vaja l\u00e4heb 8 naela komplekti kohta.<\/p>\n<p><strong>Sepishingede paigaldamine.<\/strong><\/p>\n<p>Latthingede paigaldamiseks peate varuma peale hingede ja kinnitusvahendite ka trelli, puupuurid, haamri, mutriv\u00f5tme, kiviposti (-lengi) korral ka kivipuurid koos vastava trelliga ja segu sagarapoltide kinnitamiseks.<\/p>\n<p>Hingede sagarad on m\u00f5eldud juhuks, kui uks ja leng on \u00fches tasapinnas, erinevate k\u00f5rguste puhul valmistame m\u00f5\u00f5dule vastavad sagarad. Hinged kinnitatakse uksele nii, et poldid-kruvid-naelad l\u00e4bistavad ukse p\u00f5\u00f5na v\u00f5i karkassi. Sellega on meil hingelattide k\u00f5rgus paigas, n\u00fc\u00fcd saame lengile m\u00e4rkida sagarpoltide kohad. Arvestades, et hingelatt hakkab kandma poldi lapiku otsa peal. Puidu sisse tuleb puurida ~3mm poldist peenem auk, kuhu tuleb polt sisse kruvida. Kiviposti puhul tuleb puurida selline auk kuhu polt vabalt sisse l\u00e4heb ja kinnitada polt tugeva m\u00fc\u00fcrisegu v\u00f5i keemilise ankrumassiga, sel juhul ei saa ust enne segu kivistamist ette panna.<\/p>\n<p>Hingelattide kinnitamiseks aukude m\u00e4rkimisel tuleb arvestada, et hingelati ava ja sagara vahele on j\u00e4etud v\u00e4ike l\u00f5tk, et uks vabalt k\u00e4iks. Seega tuleb hingelati poldiauke uksele m\u00e4rkides ukse \u00fclemine ots l\u00f5tku jagu lengile (kus on sagarad) l\u00e4hemale panna ja alumine v\u00e4ljapoole nihutada.<\/p>\n<p>Hingelati sagarapoolse otsa soovitame kindlasti kinnitada poldiga, \u00fclej\u00e4\u00e4nud v\u00f5ivad olla kas sepanaelad v\u00f5i kruvid, m\u00f5lemal juhul puurida ette pisut peenem auk.<\/p>\n<p>Sepanael tuleb v\u00f5imalusel valida sellise pikkusega, et naela ots ulatuks m\u00f5ne cm l\u00e4bi puidu. N\u00fc\u00fcd vajame kahte haamrit: suurema toetame vastu naelapead ja v\u00e4iksemaga tuleb naela ots t\u00e4isnurga all k\u00f5veraks l\u00fc\u00fca ja viimaseks l\u00fc\u00fca kogu naela v\u00e4ljaulatuv osa vastu ust-p\u00f5\u00f5na nii, et esmalt k\u00f5veraks l\u00f6\u00f6dud ots tungib puitu ja kinnitub nagu koba. Seda naela enam v\u00e4ljapoole t\u00f5mmata ei saa ja hing on v\u00e4ga kindlalt kinni.<\/p>\n","protected":false},"excerpt":{"rendered":"<p>Latthinged 30 cm (Zn). Komplekti kuulub latthingede paar sagarate ja kahe sagarapoldiga 8x70mm,<\/p>\n<p>Tsingitud ja pulberv\u00e4rviga v\u00e4rvitud<\/p>\n","protected":false},"featured_media":4921,"template":"","meta":[],"product_brand":[],"product_cat":[397],"product_tag":[],"class_list":{"0":"post-4920","1":"product","2":"type-product","3":"status-publish","4":"has-post-thumbnail","6":"product_cat-ovien-ja-ikkunoiden-saranat","7":"has-post-title","8":"has-post-date","9":"has-post-category","10":"has-post-tag","11":"has-post-comment","12":"has-post-author","13":"","15":"first","16":"instock","17":"taxable","18":"shipping-taxable","19":"purchasable","20":"product-type-simple"},"yoast_head":"<!-- This site is optimized with the Yoast SEO plugin v27.3 - https:\/\/yoast.com\/product\/yoast-seo-wordpress\/ -->\n<title>Latthinged 30 cm (Zn) |EtnoArt| Ukse ja aknahinged<\/title>\n<meta name=\"description\" content=\"Latthinged 30 cm (Zn) Komplekti kuulub latthingede paar sagarate ja kahe sagarapoldiga 8x70mm, Tsingitud ja pulberv\u00e4rviga v\u00e4rvitud\" \/>\n<meta name=\"robots\" content=\"index, follow, max-snippet:-1, max-image-preview:large, max-video-preview:-1\" \/>\n<link rel=\"canonical\" href=\"https:\/\/etnoart.eu\/lt\/toode\/latthinged-30-cm-zn\/\" \/>\n<meta property=\"og:locale\" content=\"fi_FI\" \/>\n<meta property=\"og:type\" content=\"article\" \/>\n<meta property=\"og:title\" content=\"Latthinged 30 cm (Zn) |EtnoArt| Ukse ja aknahinged\" \/>\n<meta property=\"og:description\" content=\"Latthinged 30 cm (Zn) Komplekti kuulub latthingede paar sagarate ja kahe sagarapoldiga 8x70mm, Tsingitud ja pulberv\u00e4rviga v\u00e4rvitud\" \/>\n<meta property=\"og:url\" content=\"https:\/\/etnoart.eu\/lt\/toode\/latthinged-30-cm-zn\/\" \/>\n<meta property=\"og:site_name\" content=\"Etnoart\" \/>\n<meta property=\"article:publisher\" content=\"https:\/\/www.facebook.com\/etnoart.handicraft.shop\" \/>\n<meta property=\"og:image\" content=\"https:\/\/etnoart.eu\/wp-content\/uploads\/2023\/06\/Latthinged-30cm-ZN.png\" \/>\n\t<meta property=\"og:image:width\" content=\"900\" \/>\n\t<meta property=\"og:image:height\" content=\"900\" \/>\n\t<meta property=\"og:image:type\" content=\"image\/png\" \/>\n<meta name=\"twitter:card\" content=\"summary_large_image\" \/>\n<meta name=\"twitter:label1\" content=\"Arvioitu lukuaika\" \/>\n\t<meta name=\"twitter:data1\" content=\"2 minuuttia\" \/>\n<script type=\"application\/ld+json\" class=\"yoast-schema-graph\">{\"@context\":\"https:\\\/\\\/schema.org\",\"@graph\":[{\"@type\":\"WebPage\",\"@id\":\"https:\\\/\\\/etnoart.eu\\\/lt\\\/toode\\\/latthinged-30-cm-zn\\\/\",\"url\":\"https:\\\/\\\/etnoart.eu\\\/lt\\\/toode\\\/latthinged-30-cm-zn\\\/\",\"name\":\"Latthinged 30 cm (Zn) |EtnoArt| Ukse ja aknahinged\",\"isPartOf\":{\"@id\":\"https:\\\/\\\/etnoart.eu\\\/#website\"},\"primaryImageOfPage\":{\"@id\":\"https:\\\/\\\/etnoart.eu\\\/lt\\\/toode\\\/latthinged-30-cm-zn\\\/#primaryimage\"},\"image\":{\"@id\":\"https:\\\/\\\/etnoart.eu\\\/lt\\\/toode\\\/latthinged-30-cm-zn\\\/#primaryimage\"},\"thumbnailUrl\":\"https:\\\/\\\/etnoart.eu\\\/wp-content\\\/uploads\\\/2023\\\/06\\\/Latthinged-30cm-ZN.png\",\"datePublished\":\"2023-06-08T08:56:27+00:00\",\"description\":\"Latthinged 30 cm (Zn) Komplekti kuulub latthingede paar sagarate ja kahe sagarapoldiga 8x70mm, Tsingitud ja pulberv\u00e4rviga v\u00e4rvitud\",\"breadcrumb\":{\"@id\":\"https:\\\/\\\/etnoart.eu\\\/lt\\\/toode\\\/latthinged-30-cm-zn\\\/#breadcrumb\"},\"inLanguage\":\"fi\",\"potentialAction\":[{\"@type\":\"ReadAction\",\"target\":[\"https:\\\/\\\/etnoart.eu\\\/lt\\\/toode\\\/latthinged-30-cm-zn\\\/\"]}]},{\"@type\":\"ImageObject\",\"inLanguage\":\"fi\",\"@id\":\"https:\\\/\\\/etnoart.eu\\\/lt\\\/toode\\\/latthinged-30-cm-zn\\\/#primaryimage\",\"url\":\"https:\\\/\\\/etnoart.eu\\\/wp-content\\\/uploads\\\/2023\\\/06\\\/Latthinged-30cm-ZN.png\",\"contentUrl\":\"https:\\\/\\\/etnoart.eu\\\/wp-content\\\/uploads\\\/2023\\\/06\\\/Latthinged-30cm-ZN.png\",\"width\":900,\"height\":900,\"caption\":\"Latthinged 30cm ZN\"},{\"@type\":\"BreadcrumbList\",\"@id\":\"https:\\\/\\\/etnoart.eu\\\/lt\\\/toode\\\/latthinged-30-cm-zn\\\/#breadcrumb\",\"itemListElement\":[{\"@type\":\"ListItem\",\"position\":1,\"name\":\"Home\",\"item\":\"https:\\\/\\\/etnoart.eu\\\/fi\\\/\"},{\"@type\":\"ListItem\",\"position\":2,\"name\":\"Shop\",\"item\":\"https:\\\/\\\/etnoart.eu\\\/pood\\\/\"},{\"@type\":\"ListItem\",\"position\":3,\"name\":\"Latthinged 30 cm (Zn)\"}]},{\"@type\":\"WebSite\",\"@id\":\"https:\\\/\\\/etnoart.eu\\\/#website\",\"url\":\"https:\\\/\\\/etnoart.eu\\\/\",\"name\":\"Etnoart\",\"description\":\"K&auml;sit&ouml;&ouml;pood\",\"publisher\":{\"@id\":\"https:\\\/\\\/etnoart.eu\\\/#organization\"},\"potentialAction\":[{\"@type\":\"SearchAction\",\"target\":{\"@type\":\"EntryPoint\",\"urlTemplate\":\"https:\\\/\\\/etnoart.eu\\\/?s={search_term_string}\"},\"query-input\":{\"@type\":\"PropertyValueSpecification\",\"valueRequired\":true,\"valueName\":\"search_term_string\"}}],\"inLanguage\":\"fi\"},{\"@type\":\"Organization\",\"@id\":\"https:\\\/\\\/etnoart.eu\\\/#organization\",\"name\":\"Etnoart O\u00dc\",\"url\":\"https:\\\/\\\/etnoart.eu\\\/\",\"logo\":{\"@type\":\"ImageObject\",\"inLanguage\":\"fi\",\"@id\":\"https:\\\/\\\/etnoart.eu\\\/#\\\/schema\\\/logo\\\/image\\\/\",\"url\":\"https:\\\/\\\/etnoart.eu\\\/wp-content\\\/uploads\\\/2023\\\/06\\\/etnoart-logo.png\",\"contentUrl\":\"https:\\\/\\\/etnoart.eu\\\/wp-content\\\/uploads\\\/2023\\\/06\\\/etnoart-logo.png\",\"width\":491,\"height\":184,\"caption\":\"Etnoart O\u00dc\"},\"image\":{\"@id\":\"https:\\\/\\\/etnoart.eu\\\/#\\\/schema\\\/logo\\\/image\\\/\"},\"sameAs\":[\"https:\\\/\\\/www.facebook.com\\\/etnoart.handicraft.shop\"]}]}<\/script>\n<!-- \/ Yoast SEO plugin. -->","yoast_head_json":{"title":"Latthinged 30 cm (Zn) |EtnoArt| Ukse ja aknahinged","description":"Latthinged 30 cm (Zn) Komplekti kuulub latthingede paar sagarate ja kahe sagarapoldiga 8x70mm, Tsingitud ja pulberv\u00e4rviga v\u00e4rvitud","robots":{"index":"index","follow":"follow","max-snippet":"max-snippet:-1","max-image-preview":"max-image-preview:large","max-video-preview":"max-video-preview:-1"},"canonical":"https:\/\/etnoart.eu\/lt\/toode\/latthinged-30-cm-zn\/","og_locale":"fi_FI","og_type":"article","og_title":"Latthinged 30 cm (Zn) |EtnoArt| Ukse ja aknahinged","og_description":"Latthinged 30 cm (Zn) Komplekti kuulub latthingede paar sagarate ja kahe sagarapoldiga 8x70mm, Tsingitud ja pulberv\u00e4rviga v\u00e4rvitud","og_url":"https:\/\/etnoart.eu\/lt\/toode\/latthinged-30-cm-zn\/","og_site_name":"Etnoart","article_publisher":"https:\/\/www.facebook.com\/etnoart.handicraft.shop","og_image":[{"width":900,"height":900,"url":"https:\/\/etnoart.eu\/wp-content\/uploads\/2023\/06\/Latthinged-30cm-ZN.png","type":"image\/png"}],"twitter_card":"summary_large_image","twitter_misc":{"Arvioitu lukuaika":"2 minuuttia"},"schema":{"@context":"https:\/\/schema.org","@graph":[{"@type":"WebPage","@id":"https:\/\/etnoart.eu\/lt\/toode\/latthinged-30-cm-zn\/","url":"https:\/\/etnoart.eu\/lt\/toode\/latthinged-30-cm-zn\/","name":"Latthinged 30 cm (Zn) |EtnoArt| Ukse ja aknahinged","isPartOf":{"@id":"https:\/\/etnoart.eu\/#website"},"primaryImageOfPage":{"@id":"https:\/\/etnoart.eu\/lt\/toode\/latthinged-30-cm-zn\/#primaryimage"},"image":{"@id":"https:\/\/etnoart.eu\/lt\/toode\/latthinged-30-cm-zn\/#primaryimage"},"thumbnailUrl":"https:\/\/etnoart.eu\/wp-content\/uploads\/2023\/06\/Latthinged-30cm-ZN.png","datePublished":"2023-06-08T08:56:27+00:00","description":"Latthinged 30 cm (Zn) Komplekti kuulub latthingede paar sagarate ja kahe sagarapoldiga 8x70mm, Tsingitud ja pulberv\u00e4rviga v\u00e4rvitud","breadcrumb":{"@id":"https:\/\/etnoart.eu\/lt\/toode\/latthinged-30-cm-zn\/#breadcrumb"},"inLanguage":"fi","potentialAction":[{"@type":"ReadAction","target":["https:\/\/etnoart.eu\/lt\/toode\/latthinged-30-cm-zn\/"]}]},{"@type":"ImageObject","inLanguage":"fi","@id":"https:\/\/etnoart.eu\/lt\/toode\/latthinged-30-cm-zn\/#primaryimage","url":"https:\/\/etnoart.eu\/wp-content\/uploads\/2023\/06\/Latthinged-30cm-ZN.png","contentUrl":"https:\/\/etnoart.eu\/wp-content\/uploads\/2023\/06\/Latthinged-30cm-ZN.png","width":900,"height":900,"caption":"Latthinged 30cm ZN"},{"@type":"BreadcrumbList","@id":"https:\/\/etnoart.eu\/lt\/toode\/latthinged-30-cm-zn\/#breadcrumb","itemListElement":[{"@type":"ListItem","position":1,"name":"Home","item":"https:\/\/etnoart.eu\/fi\/"},{"@type":"ListItem","position":2,"name":"Shop","item":"https:\/\/etnoart.eu\/pood\/"},{"@type":"ListItem","position":3,"name":"Latthinged 30 cm (Zn)"}]},{"@type":"WebSite","@id":"https:\/\/etnoart.eu\/#website","url":"https:\/\/etnoart.eu\/","name":"Etnoart","description":"K&auml;sit&ouml;&ouml;pood","publisher":{"@id":"https:\/\/etnoart.eu\/#organization"},"potentialAction":[{"@type":"SearchAction","target":{"@type":"EntryPoint","urlTemplate":"https:\/\/etnoart.eu\/?s={search_term_string}"},"query-input":{"@type":"PropertyValueSpecification","valueRequired":true,"valueName":"search_term_string"}}],"inLanguage":"fi"},{"@type":"Organization","@id":"https:\/\/etnoart.eu\/#organization","name":"Etnoart O\u00dc","url":"https:\/\/etnoart.eu\/","logo":{"@type":"ImageObject","inLanguage":"fi","@id":"https:\/\/etnoart.eu\/#\/schema\/logo\/image\/","url":"https:\/\/etnoart.eu\/wp-content\/uploads\/2023\/06\/etnoart-logo.png","contentUrl":"https:\/\/etnoart.eu\/wp-content\/uploads\/2023\/06\/etnoart-logo.png","width":491,"height":184,"caption":"Etnoart O\u00dc"},"image":{"@id":"https:\/\/etnoart.eu\/#\/schema\/logo\/image\/"},"sameAs":["https:\/\/www.facebook.com\/etnoart.handicraft.shop"]}]}},"builder_content":"","_links":{"self":[{"href":"https:\/\/etnoart.eu\/fi\/wp-json\/wp\/v2\/product\/4920","targetHints":{"allow":["GET"]}}],"collection":[{"href":"https:\/\/etnoart.eu\/fi\/wp-json\/wp\/v2\/product"}],"about":[{"href":"https:\/\/etnoart.eu\/fi\/wp-json\/wp\/v2\/types\/product"}],"wp:featuredmedia":[{"embeddable":true,"href":"https:\/\/etnoart.eu\/fi\/wp-json\/wp\/v2\/media\/4921"}],"wp:attachment":[{"href":"https:\/\/etnoart.eu\/fi\/wp-json\/wp\/v2\/media?parent=4920"}],"wp:term":[{"taxonomy":"product_brand","embeddable":true,"href":"https:\/\/etnoart.eu\/fi\/wp-json\/wp\/v2\/product_brand?post=4920"},{"taxonomy":"product_cat","embeddable":true,"href":"https:\/\/etnoart.eu\/fi\/wp-json\/wp\/v2\/product_cat?post=4920"},{"taxonomy":"product_tag","embeddable":true,"href":"https:\/\/etnoart.eu\/fi\/wp-json\/wp\/v2\/product_tag?post=4920"}],"curies":[{"name":"wp","href":"https:\/\/api.w.org\/{rel}","templated":true}]}}