{"id":4907,"date":"2023-06-08T08:56:04","date_gmt":"2023-06-08T08:56:04","guid":{"rendered":"https:\/\/etnoart.eu\/toode\/kellukese-kandur\/"},"modified":"2025-03-15T19:12:42","modified_gmt":"2025-03-15T19:12:42","slug":"taottu-kelloteline","status":"publish","type":"product","link":"https:\/\/etnoart.eu\/fi\/toode\/taottu-kelloteline\/","title":{"rendered":"Taottu kelloteline"},"content":{"rendered":"<p><strong>Taottu kelloteline<\/strong> \u2013 Kest\u00e4v\u00e4 ja koristeellinen ratkaisu kellojen ripustamiseen<\/p>\n<p>T\u00e4m\u00e4 taottu kelloteline on t\u00e4ydellinen valinta oven-, puutarha- tai koristekellojen kiinnitt\u00e4miseen.<\/p>\n<p>Laadukas taottu rautarakenne takaa pitk\u00e4ik\u00e4isyyden ja s\u00e4\u00e4nkest\u00e4vyyden sis\u00e4-k\u00e4yt\u00f6ss\u00e4.<\/p>\n<p>Kaunis kaareva muotoilu tuo klassista tyyli\u00e4 kotiin, m\u00f6kille tai puutarhaan.<\/p>\n<p>Helppo sein\u00e4kiinnitys esiporattujen reikien ansiosta.<\/p>\n<p>T\u00e4ydenn\u00e4 sis\u00e4\u00e4nk\u00e4yntisi ilmett\u00e4 t\u00e4ll\u00e4 taotulla kellotelineell\u00e4, joka yhdist\u00e4\u00e4 tyylikkyyden ja k\u00e4yt\u00e4nn\u00f6llisyyden.<\/p>\n","protected":false},"excerpt":{"rendered":"<p>Taottu kelloteline sein\u00e4kiinnitykseen \u2013 kest\u00e4v\u00e4 ja koristeellinen ratkaisu oven- ja puutarhakelloille. Sopii sis\u00e4-k\u00e4ytt\u00f6\u00f6n.<\/p>\n<p><strong>Paino<\/strong>:0,22 kg <\/p>\n<p><strong>Tuotteen korkeus:<\/strong> 16cm<\/p>\n<p><strong>Tuotteen viimeistely:<\/strong> Tuote on lakattu.<\/p>\n<p><strong>Sein\u00e4n ulkonema:<\/strong> 12cm<\/p>\n","protected":false},"featured_media":4908,"template":"","meta":[],"product_brand":[],"product_cat":[382],"product_tag":[],"class_list":{"0":"post-4907","1":"product","2":"type-product","3":"status-publish","4":"has-post-thumbnail","6":"product_cat-kasvitelineet-amppelikoukut-kukkatelineet","7":"has-post-title","8":"has-post-date","9":"has-post-category","10":"has-post-tag","11":"has-post-comment","12":"has-post-author","13":"","15":"first","16":"instock","17":"taxable","18":"shipping-taxable","19":"purchasable","20":"product-type-simple"},"yoast_head":"<!-- This site is optimized with the Yoast SEO plugin v27.4 - https:\/\/yoast.com\/product\/yoast-seo-wordpress\/ -->\n<title>Taottu kelloteline |EtnoArt| Kasvitelineet, Amppelikoukut<\/title>\n<meta name=\"description\" content=\"Taottu kelloteline sein\u00e4kiinnitykseen \u2013 kest\u00e4v\u00e4 ja koristeellinen ratkaisu oven- ja puutarhakelloille. Sopii sis\u00e4-k\u00e4ytt\u00f6\u00f6n.\" \/>\n<meta name=\"robots\" content=\"index, follow, max-snippet:-1, max-image-preview:large, max-video-preview:-1\" \/>\n<link rel=\"canonical\" href=\"https:\/\/etnoart.eu\/fi\/toode\/taottu-kelloteline\/\" \/>\n<meta property=\"og:locale\" content=\"fi_FI\" \/>\n<meta property=\"og:type\" content=\"article\" \/>\n<meta property=\"og:title\" content=\"Taottu kelloteline |EtnoArt| Kasvitelineet, Amppelikoukut\" \/>\n<meta property=\"og:description\" content=\"Taottu kelloteline sein\u00e4kiinnitykseen \u2013 kest\u00e4v\u00e4 ja koristeellinen ratkaisu oven- ja puutarhakelloille. Sopii sis\u00e4-k\u00e4ytt\u00f6\u00f6n.\" \/>\n<meta property=\"og:url\" content=\"https:\/\/etnoart.eu\/fi\/toode\/taottu-kelloteline\/\" \/>\n<meta property=\"og:site_name\" content=\"Etnoart\" \/>\n<meta property=\"article:publisher\" content=\"https:\/\/www.facebook.com\/etnoart.handicraft.shop\" \/>\n<meta property=\"article:modified_time\" content=\"2025-03-15T19:12:42+00:00\" \/>\n<meta property=\"og:image\" content=\"https:\/\/etnoart.eu\/wp-content\/uploads\/2023\/06\/kellukese-kandur.jpg\" \/>\n\t<meta property=\"og:image:width\" content=\"1000\" \/>\n\t<meta property=\"og:image:height\" content=\"1000\" \/>\n\t<meta property=\"og:image:type\" content=\"image\/jpeg\" \/>\n<meta name=\"twitter:card\" content=\"summary_large_image\" \/>\n<meta name=\"twitter:label1\" content=\"Arvioitu lukuaika\" \/>\n\t<meta name=\"twitter:data1\" content=\"1 minuutti\" \/>\n<script type=\"application\/ld+json\" class=\"yoast-schema-graph\">{\"@context\":\"https:\\\/\\\/schema.org\",\"@graph\":[{\"@type\":\"WebPage\",\"@id\":\"https:\\\/\\\/etnoart.eu\\\/fi\\\/toode\\\/taottu-kelloteline\\\/\",\"url\":\"https:\\\/\\\/etnoart.eu\\\/fi\\\/toode\\\/taottu-kelloteline\\\/\",\"name\":\"Taottu kelloteline |EtnoArt| Kasvitelineet, Amppelikoukut\",\"isPartOf\":{\"@id\":\"https:\\\/\\\/etnoart.eu\\\/#website\"},\"primaryImageOfPage\":{\"@id\":\"https:\\\/\\\/etnoart.eu\\\/fi\\\/toode\\\/taottu-kelloteline\\\/#primaryimage\"},\"image\":{\"@id\":\"https:\\\/\\\/etnoart.eu\\\/fi\\\/toode\\\/taottu-kelloteline\\\/#primaryimage\"},\"thumbnailUrl\":\"https:\\\/\\\/etnoart.eu\\\/wp-content\\\/uploads\\\/2023\\\/06\\\/kellukese-kandur.jpg\",\"datePublished\":\"2023-06-08T08:56:04+00:00\",\"dateModified\":\"2025-03-15T19:12:42+00:00\",\"description\":\"Taottu kelloteline sein\u00e4kiinnitykseen \u2013 kest\u00e4v\u00e4 ja koristeellinen ratkaisu oven- ja puutarhakelloille. Sopii sis\u00e4-k\u00e4ytt\u00f6\u00f6n.\",\"breadcrumb\":{\"@id\":\"https:\\\/\\\/etnoart.eu\\\/fi\\\/toode\\\/taottu-kelloteline\\\/#breadcrumb\"},\"inLanguage\":\"fi\",\"potentialAction\":[{\"@type\":\"ReadAction\",\"target\":[\"https:\\\/\\\/etnoart.eu\\\/fi\\\/toode\\\/taottu-kelloteline\\\/\"]}]},{\"@type\":\"ImageObject\",\"inLanguage\":\"fi\",\"@id\":\"https:\\\/\\\/etnoart.eu\\\/fi\\\/toode\\\/taottu-kelloteline\\\/#primaryimage\",\"url\":\"https:\\\/\\\/etnoart.eu\\\/wp-content\\\/uploads\\\/2023\\\/06\\\/kellukese-kandur.jpg\",\"contentUrl\":\"https:\\\/\\\/etnoart.eu\\\/wp-content\\\/uploads\\\/2023\\\/06\\\/kellukese-kandur.jpg\",\"width\":1000,\"height\":1000,\"caption\":\"Taottu kelloteline\"},{\"@type\":\"BreadcrumbList\",\"@id\":\"https:\\\/\\\/etnoart.eu\\\/fi\\\/toode\\\/taottu-kelloteline\\\/#breadcrumb\",\"itemListElement\":[{\"@type\":\"ListItem\",\"position\":1,\"name\":\"Home\",\"item\":\"https:\\\/\\\/etnoart.eu\\\/fi\\\/\"},{\"@type\":\"ListItem\",\"position\":2,\"name\":\"Shop\",\"item\":\"https:\\\/\\\/etnoart.eu\\\/pood\\\/\"},{\"@type\":\"ListItem\",\"position\":3,\"name\":\"Taottu kelloteline\"}]},{\"@type\":\"WebSite\",\"@id\":\"https:\\\/\\\/etnoart.eu\\\/#website\",\"url\":\"https:\\\/\\\/etnoart.eu\\\/\",\"name\":\"Etnoart\",\"description\":\"K&auml;sit&ouml;&ouml;pood\",\"publisher\":{\"@id\":\"https:\\\/\\\/etnoart.eu\\\/#organization\"},\"potentialAction\":[{\"@type\":\"SearchAction\",\"target\":{\"@type\":\"EntryPoint\",\"urlTemplate\":\"https:\\\/\\\/etnoart.eu\\\/?s={search_term_string}\"},\"query-input\":{\"@type\":\"PropertyValueSpecification\",\"valueRequired\":true,\"valueName\":\"search_term_string\"}}],\"inLanguage\":\"fi\"},{\"@type\":\"Organization\",\"@id\":\"https:\\\/\\\/etnoart.eu\\\/#organization\",\"name\":\"Etnoart O\u00dc\",\"url\":\"https:\\\/\\\/etnoart.eu\\\/\",\"logo\":{\"@type\":\"ImageObject\",\"inLanguage\":\"fi\",\"@id\":\"https:\\\/\\\/etnoart.eu\\\/#\\\/schema\\\/logo\\\/image\\\/\",\"url\":\"https:\\\/\\\/etnoart.eu\\\/wp-content\\\/uploads\\\/2023\\\/06\\\/etnoart-logo.png\",\"contentUrl\":\"https:\\\/\\\/etnoart.eu\\\/wp-content\\\/uploads\\\/2023\\\/06\\\/etnoart-logo.png\",\"width\":491,\"height\":184,\"caption\":\"Etnoart O\u00dc\"},\"image\":{\"@id\":\"https:\\\/\\\/etnoart.eu\\\/#\\\/schema\\\/logo\\\/image\\\/\"},\"sameAs\":[\"https:\\\/\\\/www.facebook.com\\\/etnoart.handicraft.shop\"]}]}<\/script>\n<!-- \/ Yoast SEO plugin. -->","yoast_head_json":{"title":"Taottu kelloteline |EtnoArt| Kasvitelineet, Amppelikoukut","description":"Taottu kelloteline sein\u00e4kiinnitykseen \u2013 kest\u00e4v\u00e4 ja koristeellinen ratkaisu oven- ja puutarhakelloille. Sopii sis\u00e4-k\u00e4ytt\u00f6\u00f6n.","robots":{"index":"index","follow":"follow","max-snippet":"max-snippet:-1","max-image-preview":"max-image-preview:large","max-video-preview":"max-video-preview:-1"},"canonical":"https:\/\/etnoart.eu\/fi\/toode\/taottu-kelloteline\/","og_locale":"fi_FI","og_type":"article","og_title":"Taottu kelloteline |EtnoArt| Kasvitelineet, Amppelikoukut","og_description":"Taottu kelloteline sein\u00e4kiinnitykseen \u2013 kest\u00e4v\u00e4 ja koristeellinen ratkaisu oven- ja puutarhakelloille. Sopii sis\u00e4-k\u00e4ytt\u00f6\u00f6n.","og_url":"https:\/\/etnoart.eu\/fi\/toode\/taottu-kelloteline\/","og_site_name":"Etnoart","article_publisher":"https:\/\/www.facebook.com\/etnoart.handicraft.shop","article_modified_time":"2025-03-15T19:12:42+00:00","og_image":[{"width":1000,"height":1000,"url":"https:\/\/etnoart.eu\/wp-content\/uploads\/2023\/06\/kellukese-kandur.jpg","type":"image\/jpeg"}],"twitter_card":"summary_large_image","twitter_misc":{"Arvioitu lukuaika":"1 minuutti"},"schema":{"@context":"https:\/\/schema.org","@graph":[{"@type":"WebPage","@id":"https:\/\/etnoart.eu\/fi\/toode\/taottu-kelloteline\/","url":"https:\/\/etnoart.eu\/fi\/toode\/taottu-kelloteline\/","name":"Taottu kelloteline |EtnoArt| Kasvitelineet, Amppelikoukut","isPartOf":{"@id":"https:\/\/etnoart.eu\/#website"},"primaryImageOfPage":{"@id":"https:\/\/etnoart.eu\/fi\/toode\/taottu-kelloteline\/#primaryimage"},"image":{"@id":"https:\/\/etnoart.eu\/fi\/toode\/taottu-kelloteline\/#primaryimage"},"thumbnailUrl":"https:\/\/etnoart.eu\/wp-content\/uploads\/2023\/06\/kellukese-kandur.jpg","datePublished":"2023-06-08T08:56:04+00:00","dateModified":"2025-03-15T19:12:42+00:00","description":"Taottu kelloteline sein\u00e4kiinnitykseen \u2013 kest\u00e4v\u00e4 ja koristeellinen ratkaisu oven- ja puutarhakelloille. Sopii sis\u00e4-k\u00e4ytt\u00f6\u00f6n.","breadcrumb":{"@id":"https:\/\/etnoart.eu\/fi\/toode\/taottu-kelloteline\/#breadcrumb"},"inLanguage":"fi","potentialAction":[{"@type":"ReadAction","target":["https:\/\/etnoart.eu\/fi\/toode\/taottu-kelloteline\/"]}]},{"@type":"ImageObject","inLanguage":"fi","@id":"https:\/\/etnoart.eu\/fi\/toode\/taottu-kelloteline\/#primaryimage","url":"https:\/\/etnoart.eu\/wp-content\/uploads\/2023\/06\/kellukese-kandur.jpg","contentUrl":"https:\/\/etnoart.eu\/wp-content\/uploads\/2023\/06\/kellukese-kandur.jpg","width":1000,"height":1000,"caption":"Taottu kelloteline"},{"@type":"BreadcrumbList","@id":"https:\/\/etnoart.eu\/fi\/toode\/taottu-kelloteline\/#breadcrumb","itemListElement":[{"@type":"ListItem","position":1,"name":"Home","item":"https:\/\/etnoart.eu\/fi\/"},{"@type":"ListItem","position":2,"name":"Shop","item":"https:\/\/etnoart.eu\/pood\/"},{"@type":"ListItem","position":3,"name":"Taottu kelloteline"}]},{"@type":"WebSite","@id":"https:\/\/etnoart.eu\/#website","url":"https:\/\/etnoart.eu\/","name":"Etnoart","description":"K&auml;sit&ouml;&ouml;pood","publisher":{"@id":"https:\/\/etnoart.eu\/#organization"},"potentialAction":[{"@type":"SearchAction","target":{"@type":"EntryPoint","urlTemplate":"https:\/\/etnoart.eu\/?s={search_term_string}"},"query-input":{"@type":"PropertyValueSpecification","valueRequired":true,"valueName":"search_term_string"}}],"inLanguage":"fi"},{"@type":"Organization","@id":"https:\/\/etnoart.eu\/#organization","name":"Etnoart O\u00dc","url":"https:\/\/etnoart.eu\/","logo":{"@type":"ImageObject","inLanguage":"fi","@id":"https:\/\/etnoart.eu\/#\/schema\/logo\/image\/","url":"https:\/\/etnoart.eu\/wp-content\/uploads\/2023\/06\/etnoart-logo.png","contentUrl":"https:\/\/etnoart.eu\/wp-content\/uploads\/2023\/06\/etnoart-logo.png","width":491,"height":184,"caption":"Etnoart O\u00dc"},"image":{"@id":"https:\/\/etnoart.eu\/#\/schema\/logo\/image\/"},"sameAs":["https:\/\/www.facebook.com\/etnoart.handicraft.shop"]}]}},"builder_content":"","_links":{"self":[{"href":"https:\/\/etnoart.eu\/fi\/wp-json\/wp\/v2\/product\/4907","targetHints":{"allow":["GET"]}}],"collection":[{"href":"https:\/\/etnoart.eu\/fi\/wp-json\/wp\/v2\/product"}],"about":[{"href":"https:\/\/etnoart.eu\/fi\/wp-json\/wp\/v2\/types\/product"}],"wp:featuredmedia":[{"embeddable":true,"href":"https:\/\/etnoart.eu\/fi\/wp-json\/wp\/v2\/media\/4908"}],"wp:attachment":[{"href":"https:\/\/etnoart.eu\/fi\/wp-json\/wp\/v2\/media?parent=4907"}],"wp:term":[{"taxonomy":"product_brand","embeddable":true,"href":"https:\/\/etnoart.eu\/fi\/wp-json\/wp\/v2\/product_brand?post=4907"},{"taxonomy":"product_cat","embeddable":true,"href":"https:\/\/etnoart.eu\/fi\/wp-json\/wp\/v2\/product_cat?post=4907"},{"taxonomy":"product_tag","embeddable":true,"href":"https:\/\/etnoart.eu\/fi\/wp-json\/wp\/v2\/product_tag?post=4907"}],"curies":[{"name":"wp","href":"https:\/\/api.w.org\/{rel}","templated":true}]}}