{"id":3036,"date":"2023-06-08T08:56:05","date_gmt":"2023-06-08T08:56:05","guid":{"rendered":"https:\/\/etnoart.amsel.ee\/?post_type=product&#038;p=3036"},"modified":"2024-04-06T12:32:57","modified_gmt":"2024-04-06T12:32:57","slug":"avaja-puitpeaga","status":"publish","type":"product","link":"https:\/\/etnoart.eu\/fi\/toode\/avaja-puitpeaga\/","title":{"rendered":"Avaja puitpeaga"},"content":{"rendered":"<p>Avaja puitpeaga on t\u00f5eliselt ainulaadne k\u00e4sit\u00f6\u00f6na valmistatud ese, mis \u00fchendab traditsioonilise kujunduse, funktsionaalsuse ja loodusliku ilu. See on mitmek\u00fclgne kingitus, mis sobib suurep\u00e4raselt meesterahvastele igas vanuses ja miks mitte ka naistele. Selle unikaalne v\u00e4limus ja praktiline otstarve muudavad selle ideaalseks kingituseks igas elujuhtumis.<\/p>\n<p>K\u00e4epide on valmistatud puidust, tavaliselt kadakast, kuid t\u00e4nu k\u00e4sit\u00f6\u00f6 iseloomule v\u00f5ib k\u00e4epidemele sattuda ka m\u00f5ni huvitav puuliigi jupp, mis lisab tootele veelgi omap\u00e4ra. Puit lisab avajale soojust ja naturaalset ilu, tuues endaga kaasa looduse l\u00e4heduse ja rahuliku tunde. Iga k\u00e4epide on unikaalne oma puul\u00f5igu ja tekstuuri poolest.<\/p>\n<p>Avaja pea on valmistatud vastupidavast terasest, mis tagab selle vastupidavuse ja tugevuse. Selle praktiline disain v\u00f5imaldab avada ka k\u00f5ige jonnakamad pudelikorgid ilma vaevata. Olgu see pudel \u00f5lu, vein v\u00f5i m\u00f5ni muu jook, selle avajaga ei j\u00e4\u00e4 \u00fckski pudel suletuks.<\/p>\n<p>See k\u00e4sit\u00f6\u00f6na valmistatud avaja puitpeaga on rohkem kui lihtsalt t\u00f6\u00f6riist &#8211; see on kaunis t\u00fckk kunsti ja oskustest, mis sobib suurep\u00e4raselt kingituseks s\u00f5pradele, pereliikmetele v\u00f5i kolleegidele. See kannab endas looduse ja meistri k\u00e4e j\u00e4lg ning r\u00f5hutab traditsioonide ja k\u00e4sit\u00f6\u00f6 v\u00e4\u00e4rtust t\u00e4nap\u00e4eval. Olgu see siis kingitus s\u00fcnnip\u00e4evaks, t\u00e4htp\u00e4evaks v\u00f5i lihtsalt \u00fcllatuseks, see avaja on kindlasti meeldej\u00e4\u00e4v ja praktiline kingitus.<\/p>\n","protected":false},"excerpt":{"rendered":"<p>Pikkus 20 cm, p\u00f5letatud kadakast k\u00e4epide, vahatatud.<\/p>\n","protected":false},"featured_media":4134,"template":"","meta":[],"product_brand":[],"product_cat":[75,77],"product_tag":[],"class_list":{"0":"post-3036","1":"product","2":"type-product","3":"status-publish","4":"has-post-thumbnail","6":"product_cat-koogitarvikud","7":"product_cat-suveniirid-ja-kingitused","8":"has-post-title","9":"has-post-date","10":"has-post-category","11":"has-post-tag","12":"has-post-comment","13":"has-post-author","14":"","16":"first","17":"instock","18":"taxable","19":"shipping-taxable","20":"purchasable","21":"product-type-simple"},"yoast_head":"<!-- This site is optimized with the Yoast SEO plugin v27.3 - https:\/\/yoast.com\/product\/yoast-seo-wordpress\/ -->\n<title>Avaja puitpeaga |EtnoArt| Korgitserid, Pudeliavajad<\/title>\n<meta name=\"description\" content=\"Avaja puitpeaga on t\u00f5eliselt ainulaadne k\u00e4sit\u00f6\u00f6na valmistatud ese, mis \u00fchendab traditsioonilise kujunduse, funktsionaalsuse ja loodusliku ilu.\" \/>\n<meta name=\"robots\" content=\"index, follow, max-snippet:-1, max-image-preview:large, max-video-preview:-1\" \/>\n<link rel=\"canonical\" href=\"https:\/\/etnoart.eu\/fi\/toode\/avaja-puitpeaga\/\" \/>\n<meta property=\"og:locale\" content=\"fi_FI\" \/>\n<meta property=\"og:type\" content=\"article\" \/>\n<meta property=\"og:title\" content=\"Avaja puitpeaga |EtnoArt| Korgitserid, Pudeliavajad\" \/>\n<meta property=\"og:description\" content=\"Avaja puitpeaga on t\u00f5eliselt ainulaadne k\u00e4sit\u00f6\u00f6na valmistatud ese, mis \u00fchendab traditsioonilise kujunduse, funktsionaalsuse ja loodusliku ilu.\" \/>\n<meta property=\"og:url\" content=\"https:\/\/etnoart.eu\/fi\/toode\/avaja-puitpeaga\/\" \/>\n<meta property=\"og:site_name\" content=\"Etnoart\" \/>\n<meta property=\"article:publisher\" content=\"https:\/\/www.facebook.com\/etnoart.handicraft.shop\" \/>\n<meta property=\"article:modified_time\" content=\"2024-04-06T12:32:57+00:00\" \/>\n<meta property=\"og:image\" content=\"https:\/\/etnoart.eu\/wp-content\/uploads\/2023\/06\/Avaja-puitpeaga.png\" \/>\n\t<meta property=\"og:image:width\" content=\"851\" \/>\n\t<meta property=\"og:image:height\" content=\"851\" \/>\n\t<meta property=\"og:image:type\" content=\"image\/png\" \/>\n<meta name=\"twitter:card\" content=\"summary_large_image\" \/>\n<meta name=\"twitter:label1\" content=\"Arvioitu lukuaika\" \/>\n\t<meta name=\"twitter:data1\" content=\"2 minuuttia\" \/>\n<script type=\"application\/ld+json\" class=\"yoast-schema-graph\">{\"@context\":\"https:\\\/\\\/schema.org\",\"@graph\":[{\"@type\":\"WebPage\",\"@id\":\"https:\\\/\\\/etnoart.eu\\\/fi\\\/toode\\\/avaja-puitpeaga\\\/\",\"url\":\"https:\\\/\\\/etnoart.eu\\\/fi\\\/toode\\\/avaja-puitpeaga\\\/\",\"name\":\"Avaja puitpeaga |EtnoArt| Korgitserid, Pudeliavajad\",\"isPartOf\":{\"@id\":\"https:\\\/\\\/etnoart.eu\\\/#website\"},\"primaryImageOfPage\":{\"@id\":\"https:\\\/\\\/etnoart.eu\\\/fi\\\/toode\\\/avaja-puitpeaga\\\/#primaryimage\"},\"image\":{\"@id\":\"https:\\\/\\\/etnoart.eu\\\/fi\\\/toode\\\/avaja-puitpeaga\\\/#primaryimage\"},\"thumbnailUrl\":\"https:\\\/\\\/etnoart.eu\\\/wp-content\\\/uploads\\\/2023\\\/06\\\/Avaja-puitpeaga.png\",\"datePublished\":\"2023-06-08T08:56:05+00:00\",\"dateModified\":\"2024-04-06T12:32:57+00:00\",\"description\":\"Avaja puitpeaga on t\u00f5eliselt ainulaadne k\u00e4sit\u00f6\u00f6na valmistatud ese, mis \u00fchendab traditsioonilise kujunduse, funktsionaalsuse ja loodusliku ilu.\",\"breadcrumb\":{\"@id\":\"https:\\\/\\\/etnoart.eu\\\/fi\\\/toode\\\/avaja-puitpeaga\\\/#breadcrumb\"},\"inLanguage\":\"fi\",\"potentialAction\":[{\"@type\":\"ReadAction\",\"target\":[\"https:\\\/\\\/etnoart.eu\\\/fi\\\/toode\\\/avaja-puitpeaga\\\/\"]}]},{\"@type\":\"ImageObject\",\"inLanguage\":\"fi\",\"@id\":\"https:\\\/\\\/etnoart.eu\\\/fi\\\/toode\\\/avaja-puitpeaga\\\/#primaryimage\",\"url\":\"https:\\\/\\\/etnoart.eu\\\/wp-content\\\/uploads\\\/2023\\\/06\\\/Avaja-puitpeaga.png\",\"contentUrl\":\"https:\\\/\\\/etnoart.eu\\\/wp-content\\\/uploads\\\/2023\\\/06\\\/Avaja-puitpeaga.png\",\"width\":851,\"height\":851,\"caption\":\"Avaja puitpeaga\"},{\"@type\":\"BreadcrumbList\",\"@id\":\"https:\\\/\\\/etnoart.eu\\\/fi\\\/toode\\\/avaja-puitpeaga\\\/#breadcrumb\",\"itemListElement\":[{\"@type\":\"ListItem\",\"position\":1,\"name\":\"Home\",\"item\":\"https:\\\/\\\/etnoart.eu\\\/fi\\\/\"},{\"@type\":\"ListItem\",\"position\":2,\"name\":\"Shop\",\"item\":\"https:\\\/\\\/etnoart.eu\\\/pood\\\/\"},{\"@type\":\"ListItem\",\"position\":3,\"name\":\"Avaja puitpeaga\"}]},{\"@type\":\"WebSite\",\"@id\":\"https:\\\/\\\/etnoart.eu\\\/#website\",\"url\":\"https:\\\/\\\/etnoart.eu\\\/\",\"name\":\"Etnoart\",\"description\":\"K&auml;sit&ouml;&ouml;pood\",\"publisher\":{\"@id\":\"https:\\\/\\\/etnoart.eu\\\/#organization\"},\"potentialAction\":[{\"@type\":\"SearchAction\",\"target\":{\"@type\":\"EntryPoint\",\"urlTemplate\":\"https:\\\/\\\/etnoart.eu\\\/?s={search_term_string}\"},\"query-input\":{\"@type\":\"PropertyValueSpecification\",\"valueRequired\":true,\"valueName\":\"search_term_string\"}}],\"inLanguage\":\"fi\"},{\"@type\":\"Organization\",\"@id\":\"https:\\\/\\\/etnoart.eu\\\/#organization\",\"name\":\"Etnoart O\u00dc\",\"url\":\"https:\\\/\\\/etnoart.eu\\\/\",\"logo\":{\"@type\":\"ImageObject\",\"inLanguage\":\"fi\",\"@id\":\"https:\\\/\\\/etnoart.eu\\\/#\\\/schema\\\/logo\\\/image\\\/\",\"url\":\"https:\\\/\\\/etnoart.eu\\\/wp-content\\\/uploads\\\/2023\\\/06\\\/etnoart-logo.png\",\"contentUrl\":\"https:\\\/\\\/etnoart.eu\\\/wp-content\\\/uploads\\\/2023\\\/06\\\/etnoart-logo.png\",\"width\":491,\"height\":184,\"caption\":\"Etnoart O\u00dc\"},\"image\":{\"@id\":\"https:\\\/\\\/etnoart.eu\\\/#\\\/schema\\\/logo\\\/image\\\/\"},\"sameAs\":[\"https:\\\/\\\/www.facebook.com\\\/etnoart.handicraft.shop\"]}]}<\/script>\n<!-- \/ Yoast SEO plugin. -->","yoast_head_json":{"title":"Avaja puitpeaga |EtnoArt| Korgitserid, Pudeliavajad","description":"Avaja puitpeaga on t\u00f5eliselt ainulaadne k\u00e4sit\u00f6\u00f6na valmistatud ese, mis \u00fchendab traditsioonilise kujunduse, funktsionaalsuse ja loodusliku ilu.","robots":{"index":"index","follow":"follow","max-snippet":"max-snippet:-1","max-image-preview":"max-image-preview:large","max-video-preview":"max-video-preview:-1"},"canonical":"https:\/\/etnoart.eu\/fi\/toode\/avaja-puitpeaga\/","og_locale":"fi_FI","og_type":"article","og_title":"Avaja puitpeaga |EtnoArt| Korgitserid, Pudeliavajad","og_description":"Avaja puitpeaga on t\u00f5eliselt ainulaadne k\u00e4sit\u00f6\u00f6na valmistatud ese, mis \u00fchendab traditsioonilise kujunduse, funktsionaalsuse ja loodusliku ilu.","og_url":"https:\/\/etnoart.eu\/fi\/toode\/avaja-puitpeaga\/","og_site_name":"Etnoart","article_publisher":"https:\/\/www.facebook.com\/etnoart.handicraft.shop","article_modified_time":"2024-04-06T12:32:57+00:00","og_image":[{"width":851,"height":851,"url":"https:\/\/etnoart.eu\/wp-content\/uploads\/2023\/06\/Avaja-puitpeaga.png","type":"image\/png"}],"twitter_card":"summary_large_image","twitter_misc":{"Arvioitu lukuaika":"2 minuuttia"},"schema":{"@context":"https:\/\/schema.org","@graph":[{"@type":"WebPage","@id":"https:\/\/etnoart.eu\/fi\/toode\/avaja-puitpeaga\/","url":"https:\/\/etnoart.eu\/fi\/toode\/avaja-puitpeaga\/","name":"Avaja puitpeaga |EtnoArt| Korgitserid, Pudeliavajad","isPartOf":{"@id":"https:\/\/etnoart.eu\/#website"},"primaryImageOfPage":{"@id":"https:\/\/etnoart.eu\/fi\/toode\/avaja-puitpeaga\/#primaryimage"},"image":{"@id":"https:\/\/etnoart.eu\/fi\/toode\/avaja-puitpeaga\/#primaryimage"},"thumbnailUrl":"https:\/\/etnoart.eu\/wp-content\/uploads\/2023\/06\/Avaja-puitpeaga.png","datePublished":"2023-06-08T08:56:05+00:00","dateModified":"2024-04-06T12:32:57+00:00","description":"Avaja puitpeaga on t\u00f5eliselt ainulaadne k\u00e4sit\u00f6\u00f6na valmistatud ese, mis \u00fchendab traditsioonilise kujunduse, funktsionaalsuse ja loodusliku ilu.","breadcrumb":{"@id":"https:\/\/etnoart.eu\/fi\/toode\/avaja-puitpeaga\/#breadcrumb"},"inLanguage":"fi","potentialAction":[{"@type":"ReadAction","target":["https:\/\/etnoart.eu\/fi\/toode\/avaja-puitpeaga\/"]}]},{"@type":"ImageObject","inLanguage":"fi","@id":"https:\/\/etnoart.eu\/fi\/toode\/avaja-puitpeaga\/#primaryimage","url":"https:\/\/etnoart.eu\/wp-content\/uploads\/2023\/06\/Avaja-puitpeaga.png","contentUrl":"https:\/\/etnoart.eu\/wp-content\/uploads\/2023\/06\/Avaja-puitpeaga.png","width":851,"height":851,"caption":"Avaja puitpeaga"},{"@type":"BreadcrumbList","@id":"https:\/\/etnoart.eu\/fi\/toode\/avaja-puitpeaga\/#breadcrumb","itemListElement":[{"@type":"ListItem","position":1,"name":"Home","item":"https:\/\/etnoart.eu\/fi\/"},{"@type":"ListItem","position":2,"name":"Shop","item":"https:\/\/etnoart.eu\/pood\/"},{"@type":"ListItem","position":3,"name":"Avaja puitpeaga"}]},{"@type":"WebSite","@id":"https:\/\/etnoart.eu\/#website","url":"https:\/\/etnoart.eu\/","name":"Etnoart","description":"K&auml;sit&ouml;&ouml;pood","publisher":{"@id":"https:\/\/etnoart.eu\/#organization"},"potentialAction":[{"@type":"SearchAction","target":{"@type":"EntryPoint","urlTemplate":"https:\/\/etnoart.eu\/?s={search_term_string}"},"query-input":{"@type":"PropertyValueSpecification","valueRequired":true,"valueName":"search_term_string"}}],"inLanguage":"fi"},{"@type":"Organization","@id":"https:\/\/etnoart.eu\/#organization","name":"Etnoart O\u00dc","url":"https:\/\/etnoart.eu\/","logo":{"@type":"ImageObject","inLanguage":"fi","@id":"https:\/\/etnoart.eu\/#\/schema\/logo\/image\/","url":"https:\/\/etnoart.eu\/wp-content\/uploads\/2023\/06\/etnoart-logo.png","contentUrl":"https:\/\/etnoart.eu\/wp-content\/uploads\/2023\/06\/etnoart-logo.png","width":491,"height":184,"caption":"Etnoart O\u00dc"},"image":{"@id":"https:\/\/etnoart.eu\/#\/schema\/logo\/image\/"},"sameAs":["https:\/\/www.facebook.com\/etnoart.handicraft.shop"]}]}},"builder_content":"","_links":{"self":[{"href":"https:\/\/etnoart.eu\/fi\/wp-json\/wp\/v2\/product\/3036","targetHints":{"allow":["GET"]}}],"collection":[{"href":"https:\/\/etnoart.eu\/fi\/wp-json\/wp\/v2\/product"}],"about":[{"href":"https:\/\/etnoart.eu\/fi\/wp-json\/wp\/v2\/types\/product"}],"wp:featuredmedia":[{"embeddable":true,"href":"https:\/\/etnoart.eu\/fi\/wp-json\/wp\/v2\/media\/4134"}],"wp:attachment":[{"href":"https:\/\/etnoart.eu\/fi\/wp-json\/wp\/v2\/media?parent=3036"}],"wp:term":[{"taxonomy":"product_brand","embeddable":true,"href":"https:\/\/etnoart.eu\/fi\/wp-json\/wp\/v2\/product_brand?post=3036"},{"taxonomy":"product_cat","embeddable":true,"href":"https:\/\/etnoart.eu\/fi\/wp-json\/wp\/v2\/product_cat?post=3036"},{"taxonomy":"product_tag","embeddable":true,"href":"https:\/\/etnoart.eu\/fi\/wp-json\/wp\/v2\/product_tag?post=3036"}],"curies":[{"name":"wp","href":"https:\/\/api.w.org\/{rel}","templated":true}]}}