{"id":3035,"date":"2023-06-08T08:56:05","date_gmt":"2023-06-08T08:56:05","guid":{"rendered":"https:\/\/etnoart.amsel.ee\/?post_type=product&#038;p=3035"},"modified":"2023-12-29T04:27:38","modified_gmt":"2023-12-29T04:27:38","slug":"mook-1m","status":"publish","type":"product","link":"https:\/\/etnoart.eu\/fi\/toode\/mook-1m\/","title":{"rendered":"M\u00f5\u00f5k 1m"},"content":{"rendered":"<div class=\"flex-1 overflow-hidden\">\n<div class=\"react-scroll-to-bottom--css-hfmai-79elbk h-full dark:bg-gray-800\">\n<div class=\"react-scroll-to-bottom--css-hfmai-1n7m0yu\">\n<div class=\"flex flex-col text-sm dark:bg-gray-800\">\n<div class=\"group w-full text-token-text-primary border-b border-black\/10 dark:border-gray-900\/50 bg-gray-50 dark:bg-[#444654]\" data-testid=\"conversation-turn-17\">\n<div class=\"flex p-4 gap-4 text-base md:gap-6 md:max-w-2xl lg:max-w-[38rem] xl:max-w-3xl md:py-6 lg:px-0 m-auto\">\n<div class=\"relative flex w-[calc(100%-50px)] flex-col gap-1 md:gap-3 lg:w-[calc(100%-115px)]\">\n<div class=\"flex flex-grow flex-col gap-3 max-w-full\">\n<div class=\"min-h-[20px] flex flex-col items-start gap-3 overflow-x-auto whitespace-pre-wrap break-words\">\n<div class=\"markdown prose w-full break-words dark:prose-invert light\">\n<p>See k\u00e4sit\u00f6\u00f6na valmistatud m\u00f5\u00f5k on nagu aken minevikku, kandudes ajaloolisse aega, kus m\u00f5\u00f5k oli mitte ainult relv, vaid ka s\u00fcmbol prestii\u017eist ja v\u00f5imust. Ajatust ja j\u00f5ulisest disainist tulenevalt on m\u00f5\u00f5k l\u00e4bi aegade olnud k\u00f5rgelt hinnatud relv, mis on seostunud sageli \u00fchiskonna eliitklassidega, eriti aadliga. M\u00f5\u00f5kade erilisus ja t\u00e4hendus on toonud kaasa mitmeid kultuurilisi ja ajaloolisi s\u00fcmbolismi.<\/p>\n<p>M\u00f5\u00f5kade t\u00e4htsus ei piirdu vaid f\u00fc\u00fcsilise relvaga, vaid need on saanud ka s\u00f5japidamise ja v\u00f5imu s\u00fcmboliteks. Seda on kajastatud paljudes \u00fchiskondades, kus m\u00f5\u00f5ka kandsid vaid valitud isikud v\u00f5i \u00fchiskonnaklassid. M\u00f5\u00f5kadele antud nimed, nende jumalikud omadused m\u00fctoloogias ning olulised kohad ajaloos r\u00f5hutavad nende erilist t\u00e4hendust ja austust.<\/p>\n<p>See k\u00e4sit\u00f6\u00f6na valmistatud m\u00f5\u00f5k ei ole lihtsalt eseme kogumik, vaid ka s\u00fcgav kummardus ajaloo ja traditsioonide ees. Valmistatud kvaliteetsest terasest, on see kunstiline meistrit\u00f6\u00f6, mis r\u00e4\u00e4gib lugusid minevikust. M\u00f5\u00f5ga disain on traditsiooniline, lisades sellele kordumatule t\u00fckile isikup\u00e4ra ja ilu.<\/p>\n<p>Kuigi see m\u00f5\u00f5k pole teritatud ega m\u00f5eldud aktiivseks kasutamiseks, on see suurep\u00e4rane kingitus ja suveniir m\u00f5\u00f5ga ajaloo v\u00f5i kultuuri huvilistele. See on m\u00e4lestus minevikust, mis toob kaasa austuse ja uudishimu ajaloo vastu. Olgu see kingitus v\u00f5i lihtsalt m\u00e4lestus, see m\u00f5\u00f5k on midagi enamat kui lihtsalt ese \u2013 see on t\u00fckk kunsti ja ajalugu, mis saab igap\u00e4evaseks inspiratsiooniks.<\/p>\n<\/div>\n<\/div>\n<\/div>\n<\/div>\n<\/div>\n<\/div>\n<p>Pikkus 1 m ringis<\/p>\n<\/div>\n<\/div>\n<\/div>\n<\/div>\n<p>metallist k\u00e4epide<\/p>\n<p>vahatatud<\/p>\n<p><strong>M\u00f5\u00f5gad on k\u00f5ik erinevad!<\/strong><\/p>\n","protected":false},"excerpt":{"rendered":"<p>Pikkus 1 m ringis<\/p>\n<p>metallist k\u00e4epide<\/p>\n<p>vahatatud<\/p>\n<p><strong>M\u00f5\u00f5gad on k\u00f5ik erinevad!<\/strong><\/p>\n","protected":false},"featured_media":4130,"template":"","meta":[],"product_brand":[],"product_cat":[77],"product_tag":[],"class_list":{"0":"post-3035","1":"product","2":"type-product","3":"status-publish","4":"has-post-thumbnail","6":"product_cat-suveniirid-ja-kingitused","7":"has-post-title","8":"has-post-date","9":"has-post-category","10":"has-post-tag","11":"has-post-comment","12":"has-post-author","13":"","15":"first","16":"instock","17":"taxable","18":"shipping-taxable","19":"purchasable","20":"product-type-simple"},"yoast_head":"<!-- This site is optimized with the Yoast SEO plugin v27.4 - https:\/\/yoast.com\/product\/yoast-seo-wordpress\/ -->\n<title>M\u00f5\u00f5k 1m |EtnoArt| Suveniirid ja kingitused<\/title>\n<meta name=\"description\" content=\"See k\u00e4sit\u00f6\u00f6na valmistatud m\u00f5\u00f5k on nagu aken minevikku, kandudes ajaloolisse aega, kus m\u00f5\u00f5k oli mitte ainult relv, vaid ka s\u00fcmbol prestii\u017eist ja v\u00f5imust.\" \/>\n<meta name=\"robots\" content=\"index, follow, max-snippet:-1, max-image-preview:large, max-video-preview:-1\" \/>\n<link rel=\"canonical\" href=\"https:\/\/etnoart.eu\/en\/toode\/mook-1m\/\" \/>\n<meta property=\"og:locale\" content=\"fi_FI\" \/>\n<meta property=\"og:type\" content=\"article\" \/>\n<meta property=\"og:title\" content=\"M\u00f5\u00f5k 1m |EtnoArt| Suveniirid ja kingitused\" \/>\n<meta property=\"og:description\" content=\"See k\u00e4sit\u00f6\u00f6na valmistatud m\u00f5\u00f5k on nagu aken minevikku, kandudes ajaloolisse aega, kus m\u00f5\u00f5k oli mitte ainult relv, vaid ka s\u00fcmbol prestii\u017eist ja v\u00f5imust.\" \/>\n<meta property=\"og:url\" content=\"https:\/\/etnoart.eu\/en\/toode\/mook-1m\/\" \/>\n<meta property=\"og:site_name\" content=\"Etnoart\" \/>\n<meta property=\"article:publisher\" content=\"https:\/\/www.facebook.com\/etnoart.handicraft.shop\" \/>\n<meta property=\"article:modified_time\" content=\"2023-12-29T04:27:38+00:00\" \/>\n<meta property=\"og:image\" content=\"https:\/\/etnoart.eu\/wp-content\/uploads\/2023\/06\/Mook.png\" \/>\n\t<meta property=\"og:image:width\" content=\"773\" \/>\n\t<meta property=\"og:image:height\" content=\"773\" \/>\n\t<meta property=\"og:image:type\" content=\"image\/png\" \/>\n<meta name=\"twitter:card\" content=\"summary_large_image\" \/>\n<meta name=\"twitter:label1\" content=\"Arvioitu lukuaika\" \/>\n\t<meta name=\"twitter:data1\" content=\"2 minuuttia\" \/>\n<script type=\"application\/ld+json\" class=\"yoast-schema-graph\">{\"@context\":\"https:\\\/\\\/schema.org\",\"@graph\":[{\"@type\":\"WebPage\",\"@id\":\"https:\\\/\\\/etnoart.eu\\\/en\\\/toode\\\/mook-1m\\\/\",\"url\":\"https:\\\/\\\/etnoart.eu\\\/en\\\/toode\\\/mook-1m\\\/\",\"name\":\"M\u00f5\u00f5k 1m |EtnoArt| Suveniirid ja kingitused\",\"isPartOf\":{\"@id\":\"https:\\\/\\\/etnoart.eu\\\/#website\"},\"primaryImageOfPage\":{\"@id\":\"https:\\\/\\\/etnoart.eu\\\/en\\\/toode\\\/mook-1m\\\/#primaryimage\"},\"image\":{\"@id\":\"https:\\\/\\\/etnoart.eu\\\/en\\\/toode\\\/mook-1m\\\/#primaryimage\"},\"thumbnailUrl\":\"https:\\\/\\\/etnoart.eu\\\/wp-content\\\/uploads\\\/2023\\\/06\\\/Mook.png\",\"datePublished\":\"2023-06-08T08:56:05+00:00\",\"dateModified\":\"2023-12-29T04:27:38+00:00\",\"description\":\"See k\u00e4sit\u00f6\u00f6na valmistatud m\u00f5\u00f5k on nagu aken minevikku, kandudes ajaloolisse aega, kus m\u00f5\u00f5k oli mitte ainult relv, vaid ka s\u00fcmbol prestii\u017eist ja v\u00f5imust.\",\"breadcrumb\":{\"@id\":\"https:\\\/\\\/etnoart.eu\\\/en\\\/toode\\\/mook-1m\\\/#breadcrumb\"},\"inLanguage\":\"fi\",\"potentialAction\":[{\"@type\":\"ReadAction\",\"target\":[\"https:\\\/\\\/etnoart.eu\\\/en\\\/toode\\\/mook-1m\\\/\"]}]},{\"@type\":\"ImageObject\",\"inLanguage\":\"fi\",\"@id\":\"https:\\\/\\\/etnoart.eu\\\/en\\\/toode\\\/mook-1m\\\/#primaryimage\",\"url\":\"https:\\\/\\\/etnoart.eu\\\/wp-content\\\/uploads\\\/2023\\\/06\\\/Mook.png\",\"contentUrl\":\"https:\\\/\\\/etnoart.eu\\\/wp-content\\\/uploads\\\/2023\\\/06\\\/Mook.png\",\"width\":773,\"height\":773,\"caption\":\"M\u00f5\u00f5k\"},{\"@type\":\"BreadcrumbList\",\"@id\":\"https:\\\/\\\/etnoart.eu\\\/en\\\/toode\\\/mook-1m\\\/#breadcrumb\",\"itemListElement\":[{\"@type\":\"ListItem\",\"position\":1,\"name\":\"Home\",\"item\":\"https:\\\/\\\/etnoart.eu\\\/fi\\\/\"},{\"@type\":\"ListItem\",\"position\":2,\"name\":\"Shop\",\"item\":\"https:\\\/\\\/etnoart.eu\\\/pood\\\/\"},{\"@type\":\"ListItem\",\"position\":3,\"name\":\"M\u00f5\u00f5k 1m\"}]},{\"@type\":\"WebSite\",\"@id\":\"https:\\\/\\\/etnoart.eu\\\/#website\",\"url\":\"https:\\\/\\\/etnoart.eu\\\/\",\"name\":\"Etnoart\",\"description\":\"K&auml;sit&ouml;&ouml;pood\",\"publisher\":{\"@id\":\"https:\\\/\\\/etnoart.eu\\\/#organization\"},\"potentialAction\":[{\"@type\":\"SearchAction\",\"target\":{\"@type\":\"EntryPoint\",\"urlTemplate\":\"https:\\\/\\\/etnoart.eu\\\/?s={search_term_string}\"},\"query-input\":{\"@type\":\"PropertyValueSpecification\",\"valueRequired\":true,\"valueName\":\"search_term_string\"}}],\"inLanguage\":\"fi\"},{\"@type\":\"Organization\",\"@id\":\"https:\\\/\\\/etnoart.eu\\\/#organization\",\"name\":\"Etnoart O\u00dc\",\"url\":\"https:\\\/\\\/etnoart.eu\\\/\",\"logo\":{\"@type\":\"ImageObject\",\"inLanguage\":\"fi\",\"@id\":\"https:\\\/\\\/etnoart.eu\\\/#\\\/schema\\\/logo\\\/image\\\/\",\"url\":\"https:\\\/\\\/etnoart.eu\\\/wp-content\\\/uploads\\\/2023\\\/06\\\/etnoart-logo.png\",\"contentUrl\":\"https:\\\/\\\/etnoart.eu\\\/wp-content\\\/uploads\\\/2023\\\/06\\\/etnoart-logo.png\",\"width\":491,\"height\":184,\"caption\":\"Etnoart O\u00dc\"},\"image\":{\"@id\":\"https:\\\/\\\/etnoart.eu\\\/#\\\/schema\\\/logo\\\/image\\\/\"},\"sameAs\":[\"https:\\\/\\\/www.facebook.com\\\/etnoart.handicraft.shop\"]}]}<\/script>\n<!-- \/ Yoast SEO plugin. -->","yoast_head_json":{"title":"M\u00f5\u00f5k 1m |EtnoArt| Suveniirid ja kingitused","description":"See k\u00e4sit\u00f6\u00f6na valmistatud m\u00f5\u00f5k on nagu aken minevikku, kandudes ajaloolisse aega, kus m\u00f5\u00f5k oli mitte ainult relv, vaid ka s\u00fcmbol prestii\u017eist ja v\u00f5imust.","robots":{"index":"index","follow":"follow","max-snippet":"max-snippet:-1","max-image-preview":"max-image-preview:large","max-video-preview":"max-video-preview:-1"},"canonical":"https:\/\/etnoart.eu\/en\/toode\/mook-1m\/","og_locale":"fi_FI","og_type":"article","og_title":"M\u00f5\u00f5k 1m |EtnoArt| Suveniirid ja kingitused","og_description":"See k\u00e4sit\u00f6\u00f6na valmistatud m\u00f5\u00f5k on nagu aken minevikku, kandudes ajaloolisse aega, kus m\u00f5\u00f5k oli mitte ainult relv, vaid ka s\u00fcmbol prestii\u017eist ja v\u00f5imust.","og_url":"https:\/\/etnoart.eu\/en\/toode\/mook-1m\/","og_site_name":"Etnoart","article_publisher":"https:\/\/www.facebook.com\/etnoart.handicraft.shop","article_modified_time":"2023-12-29T04:27:38+00:00","og_image":[{"width":773,"height":773,"url":"https:\/\/etnoart.eu\/wp-content\/uploads\/2023\/06\/Mook.png","type":"image\/png"}],"twitter_card":"summary_large_image","twitter_misc":{"Arvioitu lukuaika":"2 minuuttia"},"schema":{"@context":"https:\/\/schema.org","@graph":[{"@type":"WebPage","@id":"https:\/\/etnoart.eu\/en\/toode\/mook-1m\/","url":"https:\/\/etnoart.eu\/en\/toode\/mook-1m\/","name":"M\u00f5\u00f5k 1m |EtnoArt| Suveniirid ja kingitused","isPartOf":{"@id":"https:\/\/etnoart.eu\/#website"},"primaryImageOfPage":{"@id":"https:\/\/etnoart.eu\/en\/toode\/mook-1m\/#primaryimage"},"image":{"@id":"https:\/\/etnoart.eu\/en\/toode\/mook-1m\/#primaryimage"},"thumbnailUrl":"https:\/\/etnoart.eu\/wp-content\/uploads\/2023\/06\/Mook.png","datePublished":"2023-06-08T08:56:05+00:00","dateModified":"2023-12-29T04:27:38+00:00","description":"See k\u00e4sit\u00f6\u00f6na valmistatud m\u00f5\u00f5k on nagu aken minevikku, kandudes ajaloolisse aega, kus m\u00f5\u00f5k oli mitte ainult relv, vaid ka s\u00fcmbol prestii\u017eist ja v\u00f5imust.","breadcrumb":{"@id":"https:\/\/etnoart.eu\/en\/toode\/mook-1m\/#breadcrumb"},"inLanguage":"fi","potentialAction":[{"@type":"ReadAction","target":["https:\/\/etnoart.eu\/en\/toode\/mook-1m\/"]}]},{"@type":"ImageObject","inLanguage":"fi","@id":"https:\/\/etnoart.eu\/en\/toode\/mook-1m\/#primaryimage","url":"https:\/\/etnoart.eu\/wp-content\/uploads\/2023\/06\/Mook.png","contentUrl":"https:\/\/etnoart.eu\/wp-content\/uploads\/2023\/06\/Mook.png","width":773,"height":773,"caption":"M\u00f5\u00f5k"},{"@type":"BreadcrumbList","@id":"https:\/\/etnoart.eu\/en\/toode\/mook-1m\/#breadcrumb","itemListElement":[{"@type":"ListItem","position":1,"name":"Home","item":"https:\/\/etnoart.eu\/fi\/"},{"@type":"ListItem","position":2,"name":"Shop","item":"https:\/\/etnoart.eu\/pood\/"},{"@type":"ListItem","position":3,"name":"M\u00f5\u00f5k 1m"}]},{"@type":"WebSite","@id":"https:\/\/etnoart.eu\/#website","url":"https:\/\/etnoart.eu\/","name":"Etnoart","description":"K&auml;sit&ouml;&ouml;pood","publisher":{"@id":"https:\/\/etnoart.eu\/#organization"},"potentialAction":[{"@type":"SearchAction","target":{"@type":"EntryPoint","urlTemplate":"https:\/\/etnoart.eu\/?s={search_term_string}"},"query-input":{"@type":"PropertyValueSpecification","valueRequired":true,"valueName":"search_term_string"}}],"inLanguage":"fi"},{"@type":"Organization","@id":"https:\/\/etnoart.eu\/#organization","name":"Etnoart O\u00dc","url":"https:\/\/etnoart.eu\/","logo":{"@type":"ImageObject","inLanguage":"fi","@id":"https:\/\/etnoart.eu\/#\/schema\/logo\/image\/","url":"https:\/\/etnoart.eu\/wp-content\/uploads\/2023\/06\/etnoart-logo.png","contentUrl":"https:\/\/etnoart.eu\/wp-content\/uploads\/2023\/06\/etnoart-logo.png","width":491,"height":184,"caption":"Etnoart O\u00dc"},"image":{"@id":"https:\/\/etnoart.eu\/#\/schema\/logo\/image\/"},"sameAs":["https:\/\/www.facebook.com\/etnoart.handicraft.shop"]}]}},"builder_content":"","_links":{"self":[{"href":"https:\/\/etnoart.eu\/fi\/wp-json\/wp\/v2\/product\/3035","targetHints":{"allow":["GET"]}}],"collection":[{"href":"https:\/\/etnoart.eu\/fi\/wp-json\/wp\/v2\/product"}],"about":[{"href":"https:\/\/etnoart.eu\/fi\/wp-json\/wp\/v2\/types\/product"}],"wp:featuredmedia":[{"embeddable":true,"href":"https:\/\/etnoart.eu\/fi\/wp-json\/wp\/v2\/media\/4130"}],"wp:attachment":[{"href":"https:\/\/etnoart.eu\/fi\/wp-json\/wp\/v2\/media?parent=3035"}],"wp:term":[{"taxonomy":"product_brand","embeddable":true,"href":"https:\/\/etnoart.eu\/fi\/wp-json\/wp\/v2\/product_brand?post=3035"},{"taxonomy":"product_cat","embeddable":true,"href":"https:\/\/etnoart.eu\/fi\/wp-json\/wp\/v2\/product_cat?post=3035"},{"taxonomy":"product_tag","embeddable":true,"href":"https:\/\/etnoart.eu\/fi\/wp-json\/wp\/v2\/product_tag?post=3035"}],"curies":[{"name":"wp","href":"https:\/\/api.w.org\/{rel}","templated":true}]}}