{"id":2920,"date":"2023-06-08T08:55:42","date_gmt":"2023-06-08T08:55:42","guid":{"rendered":"https:\/\/etnoart.amsel.ee\/?post_type=product&#038;p=2920"},"modified":"2023-08-27T18:15:47","modified_gmt":"2023-08-27T18:15:47","slug":"ahjuroop-62cm-puitpeaga","status":"publish","type":"product","link":"https:\/\/etnoart.eu\/fi\/toode\/ahjuroop-62cm-puitpeaga\/","title":{"rendered":"Ahjuroop 62cm puitpeaga"},"content":{"rendered":"<p>Ahjuroop\u00a0 62cm on spetsiaalselt loodud keskmise suurusega tulekollete, n\u00e4iteks v\u00e4iksemate ahjude v\u00f5i kaminatega, hooldamiseks. See ahjuroop sobib suurep\u00e4raselt nendesse k\u00fcttekolletesse, kus on vajalik puude asetamine ja kohendamine. Kuigi see pole ehk nii pikk kui m\u00f5ned teised ahjuroobid, pakub selle 62 cm pikkus siiski suurep\u00e4rast kasutusmugavust.<\/p>\n<p>Keskmiste tulekollete puhul on vaja tihedamalt j\u00e4lgida, kuidas puud p\u00f5levad ning vajadusel neid \u00fcmber s\u00e4ttida. Pikkuselt sobib see ahjuroop suurep\u00e4raselt keskmiste tulekolletega tegelemiseks. Selle abil saab h\u00f5lpsasti hoida kahel k\u00e4el roopist kinni ning paigutada halud koldesse t\u00e4pselt nii, nagu on vaja. Ahjuroopi disain v\u00f5imaldab seda kasutada ka tulekolde tagumistes osades, ilma et peaksid k\u00e4ttpidi koldesse minema. See tagab ohutuse ja mugavuse k\u00fcttekolde hooldamisel.<\/p>\n<p>Lihtsa ja klassikalise disainiga ahjuroop 62cm sobib suurep\u00e4raselt erinevatesse interj\u00f6\u00f6ridesse. Roopil on lisaks terasele ka puidust k\u00e4epide r\u00f5ngaga, mis muudab selle k\u00e4es hoidmise mugavamaks ja ergonoomilisemaks. R\u00f5nga abil saab ahjuroobi ka riputada, et see ei peaks p\u00e4rast kasutamist toetuma p\u00f5randale v\u00f5i mujale, hoides seel\u00e4bi ruumi korras.<\/p>\n<p>Kokkuv\u00f5ttes on see 62 cm pikkune ahjuroop praktiline ja kasulik t\u00f6\u00f6riist, mis muudab keskmise suurusega tulekollete hooldamise lihtsaks ja mugavaks. Selle lihtne ja t\u00f5hus disain tagab sujuva k\u00fcttekolde hoolitsuse ning lisab visuaalset naudingut.<\/p>\n<p>Pikkus 62 cm, m\u00e4nnipuidust p\u00f5letatud Vahatatud k\u00e4epide Riputusr\u00f5ngas \u00d8-3 cm Roop kaetud mati pulberlakiga<\/p>\n","protected":false},"excerpt":{"rendered":"<p>Pikkus 62 cm, m\u00e4nnipuidust p\u00f5letatud<\/p>\n<p>Vahatatud k\u00e4epide<\/p>\n<p>Riputusr\u00f5ngas \u00d8-3 cm<\/p>\n<p>Roop kaetud mati pulberlakiga<\/p>\n","protected":false},"featured_media":4174,"template":"","meta":[],"product_brand":[],"product_cat":[116],"product_tag":[],"class_list":{"0":"post-2920","1":"product","2":"type-product","3":"status-publish","4":"has-post-thumbnail","6":"product_cat-kaminatarbed-ja-puukorvid","7":"has-post-title","8":"has-post-date","9":"has-post-category","10":"has-post-tag","11":"has-post-comment","12":"has-post-author","13":"","15":"first","16":"instock","17":"taxable","18":"shipping-taxable","19":"purchasable","20":"product-type-simple"},"yoast_head":"<!-- This site is optimized with the Yoast SEO plugin v27.3 - https:\/\/yoast.com\/product\/yoast-seo-wordpress\/ -->\n<title>Ahjuroop 62cm puitpeaga |EtnoArt| Kaminatarbed ja puukorvid<\/title>\n<meta name=\"description\" content=\"Ahjuroop 62cm on spetsiaalselt loodud keskmise suurusega tulekollete, n\u00e4iteks v\u00e4iksemate ahjude v\u00f5i kaminatega, hooldamiseks.\" \/>\n<meta name=\"robots\" content=\"index, follow, max-snippet:-1, max-image-preview:large, max-video-preview:-1\" \/>\n<link rel=\"canonical\" href=\"https:\/\/etnoart.eu\/en\/toode\/ahjuroop-62cm-puitpeaga\/\" \/>\n<meta property=\"og:locale\" content=\"fi_FI\" \/>\n<meta property=\"og:type\" content=\"article\" \/>\n<meta property=\"og:title\" content=\"Ahjuroop 62cm puitpeaga |EtnoArt| Kaminatarbed ja puukorvid\" \/>\n<meta property=\"og:description\" content=\"Ahjuroop 62cm on spetsiaalselt loodud keskmise suurusega tulekollete, n\u00e4iteks v\u00e4iksemate ahjude v\u00f5i kaminatega, hooldamiseks.\" \/>\n<meta property=\"og:url\" content=\"https:\/\/etnoart.eu\/en\/toode\/ahjuroop-62cm-puitpeaga\/\" \/>\n<meta property=\"og:site_name\" content=\"Etnoart\" \/>\n<meta property=\"article:publisher\" content=\"https:\/\/www.facebook.com\/etnoart.handicraft.shop\" \/>\n<meta property=\"article:modified_time\" content=\"2023-08-27T18:15:47+00:00\" \/>\n<meta property=\"og:image\" content=\"https:\/\/etnoart.eu\/wp-content\/uploads\/2023\/06\/ahjuroop-62cm.jpg\" \/>\n\t<meta property=\"og:image:width\" content=\"1288\" \/>\n\t<meta property=\"og:image:height\" content=\"1288\" \/>\n\t<meta property=\"og:image:type\" content=\"image\/jpeg\" \/>\n<meta name=\"twitter:card\" content=\"summary_large_image\" \/>\n<meta name=\"twitter:label1\" content=\"Arvioitu lukuaika\" \/>\n\t<meta name=\"twitter:data1\" content=\"2 minuuttia\" \/>\n<script type=\"application\/ld+json\" class=\"yoast-schema-graph\">{\"@context\":\"https:\\\/\\\/schema.org\",\"@graph\":[{\"@type\":\"WebPage\",\"@id\":\"https:\\\/\\\/etnoart.eu\\\/en\\\/toode\\\/ahjuroop-62cm-puitpeaga\\\/\",\"url\":\"https:\\\/\\\/etnoart.eu\\\/en\\\/toode\\\/ahjuroop-62cm-puitpeaga\\\/\",\"name\":\"Ahjuroop 62cm puitpeaga |EtnoArt| Kaminatarbed ja puukorvid\",\"isPartOf\":{\"@id\":\"https:\\\/\\\/etnoart.eu\\\/#website\"},\"primaryImageOfPage\":{\"@id\":\"https:\\\/\\\/etnoart.eu\\\/en\\\/toode\\\/ahjuroop-62cm-puitpeaga\\\/#primaryimage\"},\"image\":{\"@id\":\"https:\\\/\\\/etnoart.eu\\\/en\\\/toode\\\/ahjuroop-62cm-puitpeaga\\\/#primaryimage\"},\"thumbnailUrl\":\"https:\\\/\\\/etnoart.eu\\\/wp-content\\\/uploads\\\/2023\\\/06\\\/ahjuroop-62cm.jpg\",\"datePublished\":\"2023-06-08T08:55:42+00:00\",\"dateModified\":\"2023-08-27T18:15:47+00:00\",\"description\":\"Ahjuroop 62cm on spetsiaalselt loodud keskmise suurusega tulekollete, n\u00e4iteks v\u00e4iksemate ahjude v\u00f5i kaminatega, hooldamiseks.\",\"breadcrumb\":{\"@id\":\"https:\\\/\\\/etnoart.eu\\\/en\\\/toode\\\/ahjuroop-62cm-puitpeaga\\\/#breadcrumb\"},\"inLanguage\":\"fi\",\"potentialAction\":[{\"@type\":\"ReadAction\",\"target\":[\"https:\\\/\\\/etnoart.eu\\\/en\\\/toode\\\/ahjuroop-62cm-puitpeaga\\\/\"]}]},{\"@type\":\"ImageObject\",\"inLanguage\":\"fi\",\"@id\":\"https:\\\/\\\/etnoart.eu\\\/en\\\/toode\\\/ahjuroop-62cm-puitpeaga\\\/#primaryimage\",\"url\":\"https:\\\/\\\/etnoart.eu\\\/wp-content\\\/uploads\\\/2023\\\/06\\\/ahjuroop-62cm.jpg\",\"contentUrl\":\"https:\\\/\\\/etnoart.eu\\\/wp-content\\\/uploads\\\/2023\\\/06\\\/ahjuroop-62cm.jpg\",\"width\":1288,\"height\":1288,\"caption\":\"ahjuroop 62cm\"},{\"@type\":\"BreadcrumbList\",\"@id\":\"https:\\\/\\\/etnoart.eu\\\/en\\\/toode\\\/ahjuroop-62cm-puitpeaga\\\/#breadcrumb\",\"itemListElement\":[{\"@type\":\"ListItem\",\"position\":1,\"name\":\"Home\",\"item\":\"https:\\\/\\\/etnoart.eu\\\/fi\\\/\"},{\"@type\":\"ListItem\",\"position\":2,\"name\":\"Shop\",\"item\":\"https:\\\/\\\/etnoart.eu\\\/pood\\\/\"},{\"@type\":\"ListItem\",\"position\":3,\"name\":\"Ahjuroop 62cm puitpeaga\"}]},{\"@type\":\"WebSite\",\"@id\":\"https:\\\/\\\/etnoart.eu\\\/#website\",\"url\":\"https:\\\/\\\/etnoart.eu\\\/\",\"name\":\"Etnoart\",\"description\":\"K&auml;sit&ouml;&ouml;pood\",\"publisher\":{\"@id\":\"https:\\\/\\\/etnoart.eu\\\/#organization\"},\"potentialAction\":[{\"@type\":\"SearchAction\",\"target\":{\"@type\":\"EntryPoint\",\"urlTemplate\":\"https:\\\/\\\/etnoart.eu\\\/?s={search_term_string}\"},\"query-input\":{\"@type\":\"PropertyValueSpecification\",\"valueRequired\":true,\"valueName\":\"search_term_string\"}}],\"inLanguage\":\"fi\"},{\"@type\":\"Organization\",\"@id\":\"https:\\\/\\\/etnoart.eu\\\/#organization\",\"name\":\"Etnoart O\u00dc\",\"url\":\"https:\\\/\\\/etnoart.eu\\\/\",\"logo\":{\"@type\":\"ImageObject\",\"inLanguage\":\"fi\",\"@id\":\"https:\\\/\\\/etnoart.eu\\\/#\\\/schema\\\/logo\\\/image\\\/\",\"url\":\"https:\\\/\\\/etnoart.eu\\\/wp-content\\\/uploads\\\/2023\\\/06\\\/etnoart-logo.png\",\"contentUrl\":\"https:\\\/\\\/etnoart.eu\\\/wp-content\\\/uploads\\\/2023\\\/06\\\/etnoart-logo.png\",\"width\":491,\"height\":184,\"caption\":\"Etnoart O\u00dc\"},\"image\":{\"@id\":\"https:\\\/\\\/etnoart.eu\\\/#\\\/schema\\\/logo\\\/image\\\/\"},\"sameAs\":[\"https:\\\/\\\/www.facebook.com\\\/etnoart.handicraft.shop\"]}]}<\/script>\n<!-- \/ Yoast SEO plugin. -->","yoast_head_json":{"title":"Ahjuroop 62cm puitpeaga |EtnoArt| Kaminatarbed ja puukorvid","description":"Ahjuroop 62cm on spetsiaalselt loodud keskmise suurusega tulekollete, n\u00e4iteks v\u00e4iksemate ahjude v\u00f5i kaminatega, hooldamiseks.","robots":{"index":"index","follow":"follow","max-snippet":"max-snippet:-1","max-image-preview":"max-image-preview:large","max-video-preview":"max-video-preview:-1"},"canonical":"https:\/\/etnoart.eu\/en\/toode\/ahjuroop-62cm-puitpeaga\/","og_locale":"fi_FI","og_type":"article","og_title":"Ahjuroop 62cm puitpeaga |EtnoArt| Kaminatarbed ja puukorvid","og_description":"Ahjuroop 62cm on spetsiaalselt loodud keskmise suurusega tulekollete, n\u00e4iteks v\u00e4iksemate ahjude v\u00f5i kaminatega, hooldamiseks.","og_url":"https:\/\/etnoart.eu\/en\/toode\/ahjuroop-62cm-puitpeaga\/","og_site_name":"Etnoart","article_publisher":"https:\/\/www.facebook.com\/etnoart.handicraft.shop","article_modified_time":"2023-08-27T18:15:47+00:00","og_image":[{"width":1288,"height":1288,"url":"https:\/\/etnoart.eu\/wp-content\/uploads\/2023\/06\/ahjuroop-62cm.jpg","type":"image\/jpeg"}],"twitter_card":"summary_large_image","twitter_misc":{"Arvioitu lukuaika":"2 minuuttia"},"schema":{"@context":"https:\/\/schema.org","@graph":[{"@type":"WebPage","@id":"https:\/\/etnoart.eu\/en\/toode\/ahjuroop-62cm-puitpeaga\/","url":"https:\/\/etnoart.eu\/en\/toode\/ahjuroop-62cm-puitpeaga\/","name":"Ahjuroop 62cm puitpeaga |EtnoArt| Kaminatarbed ja puukorvid","isPartOf":{"@id":"https:\/\/etnoart.eu\/#website"},"primaryImageOfPage":{"@id":"https:\/\/etnoart.eu\/en\/toode\/ahjuroop-62cm-puitpeaga\/#primaryimage"},"image":{"@id":"https:\/\/etnoart.eu\/en\/toode\/ahjuroop-62cm-puitpeaga\/#primaryimage"},"thumbnailUrl":"https:\/\/etnoart.eu\/wp-content\/uploads\/2023\/06\/ahjuroop-62cm.jpg","datePublished":"2023-06-08T08:55:42+00:00","dateModified":"2023-08-27T18:15:47+00:00","description":"Ahjuroop 62cm on spetsiaalselt loodud keskmise suurusega tulekollete, n\u00e4iteks v\u00e4iksemate ahjude v\u00f5i kaminatega, hooldamiseks.","breadcrumb":{"@id":"https:\/\/etnoart.eu\/en\/toode\/ahjuroop-62cm-puitpeaga\/#breadcrumb"},"inLanguage":"fi","potentialAction":[{"@type":"ReadAction","target":["https:\/\/etnoart.eu\/en\/toode\/ahjuroop-62cm-puitpeaga\/"]}]},{"@type":"ImageObject","inLanguage":"fi","@id":"https:\/\/etnoart.eu\/en\/toode\/ahjuroop-62cm-puitpeaga\/#primaryimage","url":"https:\/\/etnoart.eu\/wp-content\/uploads\/2023\/06\/ahjuroop-62cm.jpg","contentUrl":"https:\/\/etnoart.eu\/wp-content\/uploads\/2023\/06\/ahjuroop-62cm.jpg","width":1288,"height":1288,"caption":"ahjuroop 62cm"},{"@type":"BreadcrumbList","@id":"https:\/\/etnoart.eu\/en\/toode\/ahjuroop-62cm-puitpeaga\/#breadcrumb","itemListElement":[{"@type":"ListItem","position":1,"name":"Home","item":"https:\/\/etnoart.eu\/fi\/"},{"@type":"ListItem","position":2,"name":"Shop","item":"https:\/\/etnoart.eu\/pood\/"},{"@type":"ListItem","position":3,"name":"Ahjuroop 62cm puitpeaga"}]},{"@type":"WebSite","@id":"https:\/\/etnoart.eu\/#website","url":"https:\/\/etnoart.eu\/","name":"Etnoart","description":"K&auml;sit&ouml;&ouml;pood","publisher":{"@id":"https:\/\/etnoart.eu\/#organization"},"potentialAction":[{"@type":"SearchAction","target":{"@type":"EntryPoint","urlTemplate":"https:\/\/etnoart.eu\/?s={search_term_string}"},"query-input":{"@type":"PropertyValueSpecification","valueRequired":true,"valueName":"search_term_string"}}],"inLanguage":"fi"},{"@type":"Organization","@id":"https:\/\/etnoart.eu\/#organization","name":"Etnoart O\u00dc","url":"https:\/\/etnoart.eu\/","logo":{"@type":"ImageObject","inLanguage":"fi","@id":"https:\/\/etnoart.eu\/#\/schema\/logo\/image\/","url":"https:\/\/etnoart.eu\/wp-content\/uploads\/2023\/06\/etnoart-logo.png","contentUrl":"https:\/\/etnoart.eu\/wp-content\/uploads\/2023\/06\/etnoart-logo.png","width":491,"height":184,"caption":"Etnoart O\u00dc"},"image":{"@id":"https:\/\/etnoart.eu\/#\/schema\/logo\/image\/"},"sameAs":["https:\/\/www.facebook.com\/etnoart.handicraft.shop"]}]}},"builder_content":"","_links":{"self":[{"href":"https:\/\/etnoart.eu\/fi\/wp-json\/wp\/v2\/product\/2920","targetHints":{"allow":["GET"]}}],"collection":[{"href":"https:\/\/etnoart.eu\/fi\/wp-json\/wp\/v2\/product"}],"about":[{"href":"https:\/\/etnoart.eu\/fi\/wp-json\/wp\/v2\/types\/product"}],"wp:featuredmedia":[{"embeddable":true,"href":"https:\/\/etnoart.eu\/fi\/wp-json\/wp\/v2\/media\/4174"}],"wp:attachment":[{"href":"https:\/\/etnoart.eu\/fi\/wp-json\/wp\/v2\/media?parent=2920"}],"wp:term":[{"taxonomy":"product_brand","embeddable":true,"href":"https:\/\/etnoart.eu\/fi\/wp-json\/wp\/v2\/product_brand?post=2920"},{"taxonomy":"product_cat","embeddable":true,"href":"https:\/\/etnoart.eu\/fi\/wp-json\/wp\/v2\/product_cat?post=2920"},{"taxonomy":"product_tag","embeddable":true,"href":"https:\/\/etnoart.eu\/fi\/wp-json\/wp\/v2\/product_tag?post=2920"}],"curies":[{"name":"wp","href":"https:\/\/api.w.org\/{rel}","templated":true}]}}