{"id":2919,"date":"2023-06-08T08:55:41","date_gmt":"2023-06-08T08:55:41","guid":{"rendered":"https:\/\/etnoart.amsel.ee\/?post_type=product&#038;p=2919"},"modified":"2023-08-27T19:16:20","modified_gmt":"2023-08-27T19:16:20","slug":"ahjuroop-80cm","status":"publish","type":"product","link":"https:\/\/etnoart.eu\/fi\/toode\/ahjuroop-80cm\/","title":{"rendered":"Ahjuroop 80cm"},"content":{"rendered":"<p>Ahjuroop 80cm on spetsiaalselt loodud s\u00fcgavamate tulekollete, nagu keskmised ahjud ja kaminad, hooldamiseks. Selle pikema roobi kasutamine on v\u00e4ga praktiline suuremates k\u00fcttekolletes, kus on vajadus puude asetamise ja tule kohendamise j\u00e4rele tulekolde tagaosas.<\/p>\n<p>Ahjuroop 80cm v\u00f5imaldab hoida tugevalt kahel k\u00e4el roobist kinni ning paigutada halud koldesse t\u00e4pselt nii, nagu see k\u00f5ige paremini sobib. Selle abil saab tulekolde tagumistes osades teha vajalikke t\u00f6id ilma, et peaks minema k\u00e4ttpidi tulekoldesse. See tagab ohutuse ja mugavuse tulekolde hooldamisel ning v\u00e4ldib soojusega seotud riskid.<\/p>\n<p>Lihtne ja klassikaline disain r\u00f5hutab selle ahjuroobi funktsionaalsust ning tagab selle universaalse sobivuse erinevates interj\u00f6\u00f6rides. Selle roobi kasutamine v\u00f5imaldab t\u00f5husalt hoolitseda suuremate tulekollete eest, tagades tuleohutuse ja k\u00fcttekolde efektiivsuse.<\/p>\n<p>80 cm pikkune ahjuroop on oluline t\u00f6\u00f6riist, mis muudab s\u00fcgavamate tulekollete hooldamise lihtsaks ja mugavaks. Selle kasutamine v\u00f5imaldab saavutada optimaalse tulekolde tulekahju ning hoida ruumi soojust ja mugavust. Kui soovid tagada oma tulekolde toimimise parimaid tulemusi, on see ahjuroop kindlasti oluline lisand sinu k\u00fcttes\u00fcsteemi hooldamisse.<\/p>\n<p>Ahjuroop 80cm, lakitud mati pulberlakiga.<\/p>\n","protected":false},"excerpt":{"rendered":"<p>Pikkus 80 cm, lakitud mati pulberlakiga.<\/p>\n","protected":false},"featured_media":4189,"template":"","meta":[],"product_brand":[],"product_cat":[116],"product_tag":[],"class_list":{"0":"post-2919","1":"product","2":"type-product","3":"status-publish","4":"has-post-thumbnail","6":"product_cat-kaminatarbed-ja-puukorvid","7":"has-post-title","8":"has-post-date","9":"has-post-category","10":"has-post-tag","11":"has-post-comment","12":"has-post-author","13":"","15":"first","16":"instock","17":"taxable","18":"shipping-taxable","19":"purchasable","20":"product-type-simple"},"yoast_head":"<!-- This site is optimized with the Yoast SEO plugin v27.4 - https:\/\/yoast.com\/product\/yoast-seo-wordpress\/ -->\n<title>Ahjuroop 80cm |EtnoArt| Kaminatarbed ja puukorvid<\/title>\n<meta name=\"description\" content=\"Ahjuroop 80cm, lakitud mati pulberlakiga. Valmistatud Eestis seppade poolt. V\u00e4ga vastupidav ja praktiline abivahend tule kohendamiseks.\" \/>\n<meta name=\"robots\" content=\"index, follow, max-snippet:-1, max-image-preview:large, max-video-preview:-1\" \/>\n<link rel=\"canonical\" href=\"https:\/\/etnoart.eu\/toode\/ahjuroop-80cm\/\" \/>\n<meta property=\"og:locale\" content=\"fi_FI\" \/>\n<meta property=\"og:type\" content=\"article\" \/>\n<meta property=\"og:title\" content=\"Ahjuroop 80cm |EtnoArt| Kaminatarbed ja puukorvid\" \/>\n<meta property=\"og:description\" content=\"Ahjuroop 80cm, lakitud mati pulberlakiga. Valmistatud Eestis seppade poolt. V\u00e4ga vastupidav ja praktiline abivahend tule kohendamiseks.\" \/>\n<meta property=\"og:url\" content=\"https:\/\/etnoart.eu\/toode\/ahjuroop-80cm\/\" \/>\n<meta property=\"og:site_name\" content=\"Etnoart\" \/>\n<meta property=\"article:publisher\" content=\"https:\/\/www.facebook.com\/etnoart.handicraft.shop\" \/>\n<meta property=\"article:modified_time\" content=\"2023-08-27T19:16:20+00:00\" \/>\n<meta property=\"og:image\" content=\"https:\/\/etnoart.eu\/wp-content\/uploads\/2023\/06\/ahjuroop-80cm.jpg\" \/>\n\t<meta property=\"og:image:width\" content=\"1188\" \/>\n\t<meta property=\"og:image:height\" content=\"1188\" \/>\n\t<meta property=\"og:image:type\" content=\"image\/jpeg\" \/>\n<meta name=\"twitter:card\" content=\"summary_large_image\" \/>\n<meta name=\"twitter:label1\" content=\"Arvioitu lukuaika\" \/>\n\t<meta name=\"twitter:data1\" content=\"1 minuutti\" \/>\n<script type=\"application\/ld+json\" class=\"yoast-schema-graph\">{\"@context\":\"https:\\\/\\\/schema.org\",\"@graph\":[{\"@type\":\"WebPage\",\"@id\":\"https:\\\/\\\/etnoart.eu\\\/toode\\\/ahjuroop-80cm\\\/\",\"url\":\"https:\\\/\\\/etnoart.eu\\\/toode\\\/ahjuroop-80cm\\\/\",\"name\":\"Ahjuroop 80cm |EtnoArt| Kaminatarbed ja puukorvid\",\"isPartOf\":{\"@id\":\"https:\\\/\\\/etnoart.eu\\\/#website\"},\"primaryImageOfPage\":{\"@id\":\"https:\\\/\\\/etnoart.eu\\\/toode\\\/ahjuroop-80cm\\\/#primaryimage\"},\"image\":{\"@id\":\"https:\\\/\\\/etnoart.eu\\\/toode\\\/ahjuroop-80cm\\\/#primaryimage\"},\"thumbnailUrl\":\"https:\\\/\\\/etnoart.eu\\\/wp-content\\\/uploads\\\/2023\\\/06\\\/ahjuroop-80cm.jpg\",\"datePublished\":\"2023-06-08T08:55:41+00:00\",\"dateModified\":\"2023-08-27T19:16:20+00:00\",\"description\":\"Ahjuroop 80cm, lakitud mati pulberlakiga. Valmistatud Eestis seppade poolt. V\u00e4ga vastupidav ja praktiline abivahend tule kohendamiseks.\",\"breadcrumb\":{\"@id\":\"https:\\\/\\\/etnoart.eu\\\/toode\\\/ahjuroop-80cm\\\/#breadcrumb\"},\"inLanguage\":\"fi\",\"potentialAction\":[{\"@type\":\"ReadAction\",\"target\":[\"https:\\\/\\\/etnoart.eu\\\/toode\\\/ahjuroop-80cm\\\/\"]}]},{\"@type\":\"ImageObject\",\"inLanguage\":\"fi\",\"@id\":\"https:\\\/\\\/etnoart.eu\\\/toode\\\/ahjuroop-80cm\\\/#primaryimage\",\"url\":\"https:\\\/\\\/etnoart.eu\\\/wp-content\\\/uploads\\\/2023\\\/06\\\/ahjuroop-80cm.jpg\",\"contentUrl\":\"https:\\\/\\\/etnoart.eu\\\/wp-content\\\/uploads\\\/2023\\\/06\\\/ahjuroop-80cm.jpg\",\"width\":1188,\"height\":1188,\"caption\":\"ahjuroop 80cm\"},{\"@type\":\"BreadcrumbList\",\"@id\":\"https:\\\/\\\/etnoart.eu\\\/toode\\\/ahjuroop-80cm\\\/#breadcrumb\",\"itemListElement\":[{\"@type\":\"ListItem\",\"position\":1,\"name\":\"Home\",\"item\":\"https:\\\/\\\/etnoart.eu\\\/fi\\\/\"},{\"@type\":\"ListItem\",\"position\":2,\"name\":\"Shop\",\"item\":\"https:\\\/\\\/etnoart.eu\\\/pood\\\/\"},{\"@type\":\"ListItem\",\"position\":3,\"name\":\"Ahjuroop 80cm\"}]},{\"@type\":\"WebSite\",\"@id\":\"https:\\\/\\\/etnoart.eu\\\/#website\",\"url\":\"https:\\\/\\\/etnoart.eu\\\/\",\"name\":\"Etnoart\",\"description\":\"K&auml;sit&ouml;&ouml;pood\",\"publisher\":{\"@id\":\"https:\\\/\\\/etnoart.eu\\\/#organization\"},\"potentialAction\":[{\"@type\":\"SearchAction\",\"target\":{\"@type\":\"EntryPoint\",\"urlTemplate\":\"https:\\\/\\\/etnoart.eu\\\/?s={search_term_string}\"},\"query-input\":{\"@type\":\"PropertyValueSpecification\",\"valueRequired\":true,\"valueName\":\"search_term_string\"}}],\"inLanguage\":\"fi\"},{\"@type\":\"Organization\",\"@id\":\"https:\\\/\\\/etnoart.eu\\\/#organization\",\"name\":\"Etnoart O\u00dc\",\"url\":\"https:\\\/\\\/etnoart.eu\\\/\",\"logo\":{\"@type\":\"ImageObject\",\"inLanguage\":\"fi\",\"@id\":\"https:\\\/\\\/etnoart.eu\\\/#\\\/schema\\\/logo\\\/image\\\/\",\"url\":\"https:\\\/\\\/etnoart.eu\\\/wp-content\\\/uploads\\\/2023\\\/06\\\/etnoart-logo.png\",\"contentUrl\":\"https:\\\/\\\/etnoart.eu\\\/wp-content\\\/uploads\\\/2023\\\/06\\\/etnoart-logo.png\",\"width\":491,\"height\":184,\"caption\":\"Etnoart O\u00dc\"},\"image\":{\"@id\":\"https:\\\/\\\/etnoart.eu\\\/#\\\/schema\\\/logo\\\/image\\\/\"},\"sameAs\":[\"https:\\\/\\\/www.facebook.com\\\/etnoart.handicraft.shop\"]}]}<\/script>\n<!-- \/ Yoast SEO plugin. -->","yoast_head_json":{"title":"Ahjuroop 80cm |EtnoArt| Kaminatarbed ja puukorvid","description":"Ahjuroop 80cm, lakitud mati pulberlakiga. Valmistatud Eestis seppade poolt. V\u00e4ga vastupidav ja praktiline abivahend tule kohendamiseks.","robots":{"index":"index","follow":"follow","max-snippet":"max-snippet:-1","max-image-preview":"max-image-preview:large","max-video-preview":"max-video-preview:-1"},"canonical":"https:\/\/etnoart.eu\/toode\/ahjuroop-80cm\/","og_locale":"fi_FI","og_type":"article","og_title":"Ahjuroop 80cm |EtnoArt| Kaminatarbed ja puukorvid","og_description":"Ahjuroop 80cm, lakitud mati pulberlakiga. Valmistatud Eestis seppade poolt. V\u00e4ga vastupidav ja praktiline abivahend tule kohendamiseks.","og_url":"https:\/\/etnoart.eu\/toode\/ahjuroop-80cm\/","og_site_name":"Etnoart","article_publisher":"https:\/\/www.facebook.com\/etnoart.handicraft.shop","article_modified_time":"2023-08-27T19:16:20+00:00","og_image":[{"width":1188,"height":1188,"url":"https:\/\/etnoart.eu\/wp-content\/uploads\/2023\/06\/ahjuroop-80cm.jpg","type":"image\/jpeg"}],"twitter_card":"summary_large_image","twitter_misc":{"Arvioitu lukuaika":"1 minuutti"},"schema":{"@context":"https:\/\/schema.org","@graph":[{"@type":"WebPage","@id":"https:\/\/etnoart.eu\/toode\/ahjuroop-80cm\/","url":"https:\/\/etnoart.eu\/toode\/ahjuroop-80cm\/","name":"Ahjuroop 80cm |EtnoArt| Kaminatarbed ja puukorvid","isPartOf":{"@id":"https:\/\/etnoart.eu\/#website"},"primaryImageOfPage":{"@id":"https:\/\/etnoart.eu\/toode\/ahjuroop-80cm\/#primaryimage"},"image":{"@id":"https:\/\/etnoart.eu\/toode\/ahjuroop-80cm\/#primaryimage"},"thumbnailUrl":"https:\/\/etnoart.eu\/wp-content\/uploads\/2023\/06\/ahjuroop-80cm.jpg","datePublished":"2023-06-08T08:55:41+00:00","dateModified":"2023-08-27T19:16:20+00:00","description":"Ahjuroop 80cm, lakitud mati pulberlakiga. Valmistatud Eestis seppade poolt. V\u00e4ga vastupidav ja praktiline abivahend tule kohendamiseks.","breadcrumb":{"@id":"https:\/\/etnoart.eu\/toode\/ahjuroop-80cm\/#breadcrumb"},"inLanguage":"fi","potentialAction":[{"@type":"ReadAction","target":["https:\/\/etnoart.eu\/toode\/ahjuroop-80cm\/"]}]},{"@type":"ImageObject","inLanguage":"fi","@id":"https:\/\/etnoart.eu\/toode\/ahjuroop-80cm\/#primaryimage","url":"https:\/\/etnoart.eu\/wp-content\/uploads\/2023\/06\/ahjuroop-80cm.jpg","contentUrl":"https:\/\/etnoart.eu\/wp-content\/uploads\/2023\/06\/ahjuroop-80cm.jpg","width":1188,"height":1188,"caption":"ahjuroop 80cm"},{"@type":"BreadcrumbList","@id":"https:\/\/etnoart.eu\/toode\/ahjuroop-80cm\/#breadcrumb","itemListElement":[{"@type":"ListItem","position":1,"name":"Home","item":"https:\/\/etnoart.eu\/fi\/"},{"@type":"ListItem","position":2,"name":"Shop","item":"https:\/\/etnoart.eu\/pood\/"},{"@type":"ListItem","position":3,"name":"Ahjuroop 80cm"}]},{"@type":"WebSite","@id":"https:\/\/etnoart.eu\/#website","url":"https:\/\/etnoart.eu\/","name":"Etnoart","description":"K&auml;sit&ouml;&ouml;pood","publisher":{"@id":"https:\/\/etnoart.eu\/#organization"},"potentialAction":[{"@type":"SearchAction","target":{"@type":"EntryPoint","urlTemplate":"https:\/\/etnoart.eu\/?s={search_term_string}"},"query-input":{"@type":"PropertyValueSpecification","valueRequired":true,"valueName":"search_term_string"}}],"inLanguage":"fi"},{"@type":"Organization","@id":"https:\/\/etnoart.eu\/#organization","name":"Etnoart O\u00dc","url":"https:\/\/etnoart.eu\/","logo":{"@type":"ImageObject","inLanguage":"fi","@id":"https:\/\/etnoart.eu\/#\/schema\/logo\/image\/","url":"https:\/\/etnoart.eu\/wp-content\/uploads\/2023\/06\/etnoart-logo.png","contentUrl":"https:\/\/etnoart.eu\/wp-content\/uploads\/2023\/06\/etnoart-logo.png","width":491,"height":184,"caption":"Etnoart O\u00dc"},"image":{"@id":"https:\/\/etnoart.eu\/#\/schema\/logo\/image\/"},"sameAs":["https:\/\/www.facebook.com\/etnoart.handicraft.shop"]}]}},"builder_content":"","_links":{"self":[{"href":"https:\/\/etnoart.eu\/fi\/wp-json\/wp\/v2\/product\/2919","targetHints":{"allow":["GET"]}}],"collection":[{"href":"https:\/\/etnoart.eu\/fi\/wp-json\/wp\/v2\/product"}],"about":[{"href":"https:\/\/etnoart.eu\/fi\/wp-json\/wp\/v2\/types\/product"}],"wp:featuredmedia":[{"embeddable":true,"href":"https:\/\/etnoart.eu\/fi\/wp-json\/wp\/v2\/media\/4189"}],"wp:attachment":[{"href":"https:\/\/etnoart.eu\/fi\/wp-json\/wp\/v2\/media?parent=2919"}],"wp:term":[{"taxonomy":"product_brand","embeddable":true,"href":"https:\/\/etnoart.eu\/fi\/wp-json\/wp\/v2\/product_brand?post=2919"},{"taxonomy":"product_cat","embeddable":true,"href":"https:\/\/etnoart.eu\/fi\/wp-json\/wp\/v2\/product_cat?post=2919"},{"taxonomy":"product_tag","embeddable":true,"href":"https:\/\/etnoart.eu\/fi\/wp-json\/wp\/v2\/product_tag?post=2919"}],"curies":[{"name":"wp","href":"https:\/\/api.w.org\/{rel}","templated":true}]}}