{"id":2601,"date":"2023-06-08T08:54:31","date_gmt":"2023-06-08T08:54:31","guid":{"rendered":"https:\/\/etnoart.amsel.ee\/?post_type=product&#038;p=2601"},"modified":"2025-02-17T12:25:29","modified_gmt":"2025-02-17T12:25:29","slug":"latthing-50-cm","status":"publish","type":"product","link":"https:\/\/etnoart.eu\/fi\/toode\/latthing-50-cm\/","title":{"rendered":"LATTHING 50 CM"},"content":{"rendered":"<p>&#8221;Latthing 50 cm&#8221; on tugev ja vastupidav ribaterasest valmistatud toode, mille eesm\u00e4rk on toimida ukse v\u00f5i v\u00e4rava hingena.<\/p>\n<p>Latthinge komplekti paigaldamine on lihtne ja n\u00f5uab minimaalseid oskusi. Esmalt tuleb hingetapi jaoks l\u00e4bi lengi puurida auk. Seej\u00e4rel kinnitatakse hingetapp keermelati abil l\u00e4bi ukselengi. See tagab, et hing on kindlalt paigaldatud ja ei vaju \u00e4ra ka raskema uksega.<\/p>\n<p>Latthing ise kinnitatakse ukselehele, kasutades polte v\u00f5i kruvisid vastavalt teie vajadustele ja eelistustele. Tugev ribaterasest konstruktsioon tagab, et uks j\u00e4\u00e4b stabiilselt paika ning avaneb ja sulgub ilma probleemideta.<\/p>\n<p>V\u00e4\u00e4rib m\u00e4rkimist, et &#8221;Latthing 50 cm&#8221; komplektis ei ole kaasas keermelatil mutreid ega seibe, mist\u00f5ttu tuleks need eraldi hankida vastavalt vajadusele. Komplekti pole tarvikuid lisatud, kuna on keeruline ette n\u00e4ha vaja minevate poltide pikkuseid. Poltide pikkus s\u00f5ltub ukse paksusest, millele soovite hingesid paigaldada. Kui ukse paksus on 50mm, siis poldid peaksid olema 70mm. Lisandub hingelati\u00a0 ja mutri paksus. <a href=\"https:\/\/etnoart.eu\/tootekategooria\/ehitus\/sepistatud-naelad-poldid-kruvid\/\" target=\"_blank\" rel=\"noopener\">Polte, mutreid ja seibe saate osta ka meie poest<\/a> eraldi.<\/p>\n<p>Komplekt sisaldab kahte hinge, mis v\u00f5imaldab teil paigaldada \u00fche ukse v\u00f5i v\u00e4rava. See teeb &#8221;Latthing 50 cm&#8221; suurep\u00e4raseks lahenduseks kodu- ja aiaprojektides, kus on vaja tugevaid ja stiilseid hingesid, mis peavad vastu erinevatele ilmastikutingimustele.<\/p>\n<p>Komplekt on ka pulberv\u00e4rvitud, mis lisab sellele mitte ainult korrosioonikindluse, vaid annab ka tootele puhta ja stiilse viimistluse. See v\u00f5imaldab sul mitte ainult kasutada neid hingesid funktsionaalselt, vaid ka lisada neid dekoratiivse elemendina oma sisekujundusse.<\/p>\n<p>&nbsp;<\/p>\n","protected":false},"excerpt":{"rendered":"<p>LATTHING 50 CM. Valmistatud ribaterasest. Hingelati osale on l\u00f6\u00f6dud sepistamist imiteerivad j\u00e4ljed. Hingetapp kinnitatakse keermelatiga l\u00e4bi ukselengi. Keermelatil mutreid-seibe kaasas ei ole. Komplektis on 2 hinge<\/p>\n","protected":false},"featured_media":2694,"template":"","meta":[],"product_brand":[],"product_cat":[48],"product_tag":[],"class_list":{"0":"post-2601","1":"product","2":"type-product","3":"status-publish","4":"has-post-thumbnail","6":"product_cat-ukse-ja-aknahinged","7":"has-post-title","8":"has-post-date","9":"has-post-category","10":"has-post-tag","11":"has-post-comment","12":"has-post-author","13":"","15":"first","16":"instock","17":"taxable","18":"shipping-taxable","19":"purchasable","20":"product-type-simple"},"yoast_head":"<!-- This site is optimized with the Yoast SEO plugin v27.3 - https:\/\/yoast.com\/product\/yoast-seo-wordpress\/ -->\n<title>LATTHING 50 CM |EtnoArt| Ukse ja aknahinged<\/title>\n<meta name=\"description\" content=\"LATTHING 50 CM. Valmistatud kvaliteetsest ribaterasest, pulberv\u00e4rvitud. Hingelati osale on l\u00f6\u00f6dud sepistamist imiteerivad j\u00e4ljed. Valmistatud Eestis.\" \/>\n<meta name=\"robots\" content=\"index, follow, max-snippet:-1, max-image-preview:large, max-video-preview:-1\" \/>\n<link rel=\"canonical\" href=\"https:\/\/etnoart.eu\/en\/toode\/latthing-50-cm\/\" \/>\n<meta property=\"og:locale\" content=\"fi_FI\" \/>\n<meta property=\"og:type\" content=\"article\" \/>\n<meta property=\"og:title\" content=\"LATTHING 50 CM |EtnoArt| Ukse ja aknahinged\" \/>\n<meta property=\"og:description\" content=\"LATTHING 50 CM. Valmistatud kvaliteetsest ribaterasest, pulberv\u00e4rvitud. Hingelati osale on l\u00f6\u00f6dud sepistamist imiteerivad j\u00e4ljed. Valmistatud Eestis.\" \/>\n<meta property=\"og:url\" content=\"https:\/\/etnoart.eu\/en\/toode\/latthing-50-cm\/\" \/>\n<meta property=\"og:site_name\" content=\"Etnoart\" \/>\n<meta property=\"article:publisher\" content=\"https:\/\/www.facebook.com\/etnoart.handicraft.shop\" \/>\n<meta property=\"article:modified_time\" content=\"2025-02-17T12:25:29+00:00\" \/>\n<meta property=\"og:image\" content=\"https:\/\/etnoart.eu\/wp-content\/uploads\/2023\/06\/962-LATTHING-50-CM-Ukse-ja-aknahinged.jpg\" \/>\n\t<meta property=\"og:image:width\" content=\"750\" \/>\n\t<meta property=\"og:image:height\" content=\"750\" \/>\n\t<meta property=\"og:image:type\" content=\"image\/jpeg\" \/>\n<meta name=\"twitter:card\" content=\"summary_large_image\" \/>\n<meta name=\"twitter:label1\" content=\"Arvioitu lukuaika\" \/>\n\t<meta name=\"twitter:data1\" content=\"2 minuuttia\" \/>\n<script type=\"application\/ld+json\" class=\"yoast-schema-graph\">{\"@context\":\"https:\\\/\\\/schema.org\",\"@graph\":[{\"@type\":\"WebPage\",\"@id\":\"https:\\\/\\\/etnoart.eu\\\/en\\\/toode\\\/latthing-50-cm\\\/\",\"url\":\"https:\\\/\\\/etnoart.eu\\\/en\\\/toode\\\/latthing-50-cm\\\/\",\"name\":\"LATTHING 50 CM |EtnoArt| Ukse ja aknahinged\",\"isPartOf\":{\"@id\":\"https:\\\/\\\/etnoart.eu\\\/#website\"},\"primaryImageOfPage\":{\"@id\":\"https:\\\/\\\/etnoart.eu\\\/en\\\/toode\\\/latthing-50-cm\\\/#primaryimage\"},\"image\":{\"@id\":\"https:\\\/\\\/etnoart.eu\\\/en\\\/toode\\\/latthing-50-cm\\\/#primaryimage\"},\"thumbnailUrl\":\"https:\\\/\\\/etnoart.eu\\\/wp-content\\\/uploads\\\/2023\\\/06\\\/962-LATTHING-50-CM-Ukse-ja-aknahinged.jpg\",\"datePublished\":\"2023-06-08T08:54:31+00:00\",\"dateModified\":\"2025-02-17T12:25:29+00:00\",\"description\":\"LATTHING 50 CM. Valmistatud kvaliteetsest ribaterasest, pulberv\u00e4rvitud. Hingelati osale on l\u00f6\u00f6dud sepistamist imiteerivad j\u00e4ljed. Valmistatud Eestis.\",\"breadcrumb\":{\"@id\":\"https:\\\/\\\/etnoart.eu\\\/en\\\/toode\\\/latthing-50-cm\\\/#breadcrumb\"},\"inLanguage\":\"fi\",\"potentialAction\":[{\"@type\":\"ReadAction\",\"target\":[\"https:\\\/\\\/etnoart.eu\\\/en\\\/toode\\\/latthing-50-cm\\\/\"]}]},{\"@type\":\"ImageObject\",\"inLanguage\":\"fi\",\"@id\":\"https:\\\/\\\/etnoart.eu\\\/en\\\/toode\\\/latthing-50-cm\\\/#primaryimage\",\"url\":\"https:\\\/\\\/etnoart.eu\\\/wp-content\\\/uploads\\\/2023\\\/06\\\/962-LATTHING-50-CM-Ukse-ja-aknahinged.jpg\",\"contentUrl\":\"https:\\\/\\\/etnoart.eu\\\/wp-content\\\/uploads\\\/2023\\\/06\\\/962-LATTHING-50-CM-Ukse-ja-aknahinged.jpg\",\"width\":750,\"height\":750,\"caption\":\"Latthing 50 cm\"},{\"@type\":\"BreadcrumbList\",\"@id\":\"https:\\\/\\\/etnoart.eu\\\/en\\\/toode\\\/latthing-50-cm\\\/#breadcrumb\",\"itemListElement\":[{\"@type\":\"ListItem\",\"position\":1,\"name\":\"Home\",\"item\":\"https:\\\/\\\/etnoart.eu\\\/fi\\\/\"},{\"@type\":\"ListItem\",\"position\":2,\"name\":\"Shop\",\"item\":\"https:\\\/\\\/etnoart.eu\\\/pood\\\/\"},{\"@type\":\"ListItem\",\"position\":3,\"name\":\"LATTHING 50 CM\"}]},{\"@type\":\"WebSite\",\"@id\":\"https:\\\/\\\/etnoart.eu\\\/#website\",\"url\":\"https:\\\/\\\/etnoart.eu\\\/\",\"name\":\"Etnoart\",\"description\":\"K&auml;sit&ouml;&ouml;pood\",\"publisher\":{\"@id\":\"https:\\\/\\\/etnoart.eu\\\/#organization\"},\"potentialAction\":[{\"@type\":\"SearchAction\",\"target\":{\"@type\":\"EntryPoint\",\"urlTemplate\":\"https:\\\/\\\/etnoart.eu\\\/?s={search_term_string}\"},\"query-input\":{\"@type\":\"PropertyValueSpecification\",\"valueRequired\":true,\"valueName\":\"search_term_string\"}}],\"inLanguage\":\"fi\"},{\"@type\":\"Organization\",\"@id\":\"https:\\\/\\\/etnoart.eu\\\/#organization\",\"name\":\"Etnoart O\u00dc\",\"url\":\"https:\\\/\\\/etnoart.eu\\\/\",\"logo\":{\"@type\":\"ImageObject\",\"inLanguage\":\"fi\",\"@id\":\"https:\\\/\\\/etnoart.eu\\\/#\\\/schema\\\/logo\\\/image\\\/\",\"url\":\"https:\\\/\\\/etnoart.eu\\\/wp-content\\\/uploads\\\/2023\\\/06\\\/etnoart-logo.png\",\"contentUrl\":\"https:\\\/\\\/etnoart.eu\\\/wp-content\\\/uploads\\\/2023\\\/06\\\/etnoart-logo.png\",\"width\":491,\"height\":184,\"caption\":\"Etnoart O\u00dc\"},\"image\":{\"@id\":\"https:\\\/\\\/etnoart.eu\\\/#\\\/schema\\\/logo\\\/image\\\/\"},\"sameAs\":[\"https:\\\/\\\/www.facebook.com\\\/etnoart.handicraft.shop\"]}]}<\/script>\n<!-- \/ Yoast SEO plugin. -->","yoast_head_json":{"title":"LATTHING 50 CM |EtnoArt| Ukse ja aknahinged","description":"LATTHING 50 CM. Valmistatud kvaliteetsest ribaterasest, pulberv\u00e4rvitud. Hingelati osale on l\u00f6\u00f6dud sepistamist imiteerivad j\u00e4ljed. Valmistatud Eestis.","robots":{"index":"index","follow":"follow","max-snippet":"max-snippet:-1","max-image-preview":"max-image-preview:large","max-video-preview":"max-video-preview:-1"},"canonical":"https:\/\/etnoart.eu\/en\/toode\/latthing-50-cm\/","og_locale":"fi_FI","og_type":"article","og_title":"LATTHING 50 CM |EtnoArt| Ukse ja aknahinged","og_description":"LATTHING 50 CM. Valmistatud kvaliteetsest ribaterasest, pulberv\u00e4rvitud. Hingelati osale on l\u00f6\u00f6dud sepistamist imiteerivad j\u00e4ljed. Valmistatud Eestis.","og_url":"https:\/\/etnoart.eu\/en\/toode\/latthing-50-cm\/","og_site_name":"Etnoart","article_publisher":"https:\/\/www.facebook.com\/etnoart.handicraft.shop","article_modified_time":"2025-02-17T12:25:29+00:00","og_image":[{"width":750,"height":750,"url":"https:\/\/etnoart.eu\/wp-content\/uploads\/2023\/06\/962-LATTHING-50-CM-Ukse-ja-aknahinged.jpg","type":"image\/jpeg"}],"twitter_card":"summary_large_image","twitter_misc":{"Arvioitu lukuaika":"2 minuuttia"},"schema":{"@context":"https:\/\/schema.org","@graph":[{"@type":"WebPage","@id":"https:\/\/etnoart.eu\/en\/toode\/latthing-50-cm\/","url":"https:\/\/etnoart.eu\/en\/toode\/latthing-50-cm\/","name":"LATTHING 50 CM |EtnoArt| Ukse ja aknahinged","isPartOf":{"@id":"https:\/\/etnoart.eu\/#website"},"primaryImageOfPage":{"@id":"https:\/\/etnoart.eu\/en\/toode\/latthing-50-cm\/#primaryimage"},"image":{"@id":"https:\/\/etnoart.eu\/en\/toode\/latthing-50-cm\/#primaryimage"},"thumbnailUrl":"https:\/\/etnoart.eu\/wp-content\/uploads\/2023\/06\/962-LATTHING-50-CM-Ukse-ja-aknahinged.jpg","datePublished":"2023-06-08T08:54:31+00:00","dateModified":"2025-02-17T12:25:29+00:00","description":"LATTHING 50 CM. Valmistatud kvaliteetsest ribaterasest, pulberv\u00e4rvitud. Hingelati osale on l\u00f6\u00f6dud sepistamist imiteerivad j\u00e4ljed. Valmistatud Eestis.","breadcrumb":{"@id":"https:\/\/etnoart.eu\/en\/toode\/latthing-50-cm\/#breadcrumb"},"inLanguage":"fi","potentialAction":[{"@type":"ReadAction","target":["https:\/\/etnoart.eu\/en\/toode\/latthing-50-cm\/"]}]},{"@type":"ImageObject","inLanguage":"fi","@id":"https:\/\/etnoart.eu\/en\/toode\/latthing-50-cm\/#primaryimage","url":"https:\/\/etnoart.eu\/wp-content\/uploads\/2023\/06\/962-LATTHING-50-CM-Ukse-ja-aknahinged.jpg","contentUrl":"https:\/\/etnoart.eu\/wp-content\/uploads\/2023\/06\/962-LATTHING-50-CM-Ukse-ja-aknahinged.jpg","width":750,"height":750,"caption":"Latthing 50 cm"},{"@type":"BreadcrumbList","@id":"https:\/\/etnoart.eu\/en\/toode\/latthing-50-cm\/#breadcrumb","itemListElement":[{"@type":"ListItem","position":1,"name":"Home","item":"https:\/\/etnoart.eu\/fi\/"},{"@type":"ListItem","position":2,"name":"Shop","item":"https:\/\/etnoart.eu\/pood\/"},{"@type":"ListItem","position":3,"name":"LATTHING 50 CM"}]},{"@type":"WebSite","@id":"https:\/\/etnoart.eu\/#website","url":"https:\/\/etnoart.eu\/","name":"Etnoart","description":"K&auml;sit&ouml;&ouml;pood","publisher":{"@id":"https:\/\/etnoart.eu\/#organization"},"potentialAction":[{"@type":"SearchAction","target":{"@type":"EntryPoint","urlTemplate":"https:\/\/etnoart.eu\/?s={search_term_string}"},"query-input":{"@type":"PropertyValueSpecification","valueRequired":true,"valueName":"search_term_string"}}],"inLanguage":"fi"},{"@type":"Organization","@id":"https:\/\/etnoart.eu\/#organization","name":"Etnoart O\u00dc","url":"https:\/\/etnoart.eu\/","logo":{"@type":"ImageObject","inLanguage":"fi","@id":"https:\/\/etnoart.eu\/#\/schema\/logo\/image\/","url":"https:\/\/etnoart.eu\/wp-content\/uploads\/2023\/06\/etnoart-logo.png","contentUrl":"https:\/\/etnoart.eu\/wp-content\/uploads\/2023\/06\/etnoart-logo.png","width":491,"height":184,"caption":"Etnoart O\u00dc"},"image":{"@id":"https:\/\/etnoart.eu\/#\/schema\/logo\/image\/"},"sameAs":["https:\/\/www.facebook.com\/etnoart.handicraft.shop"]}]}},"builder_content":"","_links":{"self":[{"href":"https:\/\/etnoart.eu\/fi\/wp-json\/wp\/v2\/product\/2601","targetHints":{"allow":["GET"]}}],"collection":[{"href":"https:\/\/etnoart.eu\/fi\/wp-json\/wp\/v2\/product"}],"about":[{"href":"https:\/\/etnoart.eu\/fi\/wp-json\/wp\/v2\/types\/product"}],"wp:featuredmedia":[{"embeddable":true,"href":"https:\/\/etnoart.eu\/fi\/wp-json\/wp\/v2\/media\/2694"}],"wp:attachment":[{"href":"https:\/\/etnoart.eu\/fi\/wp-json\/wp\/v2\/media?parent=2601"}],"wp:term":[{"taxonomy":"product_brand","embeddable":true,"href":"https:\/\/etnoart.eu\/fi\/wp-json\/wp\/v2\/product_brand?post=2601"},{"taxonomy":"product_cat","embeddable":true,"href":"https:\/\/etnoart.eu\/fi\/wp-json\/wp\/v2\/product_cat?post=2601"},{"taxonomy":"product_tag","embeddable":true,"href":"https:\/\/etnoart.eu\/fi\/wp-json\/wp\/v2\/product_tag?post=2601"}],"curies":[{"name":"wp","href":"https:\/\/api.w.org\/{rel}","templated":true}]}}