{"id":199,"date":"2023-06-07T10:52:28","date_gmt":"2023-06-07T10:52:28","guid":{"rendered":"https:\/\/etnoart.amsel.ee\/sepistatud-toodete-viimistlused\/"},"modified":"2023-06-07T10:58:13","modified_gmt":"2023-06-07T10:58:13","slug":"sepistatud-toodete-viimistlused","status":"publish","type":"page","link":"https:\/\/etnoart.eu\/fi\/sepistatud-toodete-viimistlused\/","title":{"rendered":"Takomotuotteiden viimeistelyt"},"content":{"rendered":"<!--themify_builder_content-->\n<div id=\"themify_builder_content-199\" data-postid=\"199\" class=\"themify_builder_content themify_builder_content-199 themify_builder tf_clear\">\n                    <div  data-lazy=\"1\" class=\"module_row themify_builder_row tb_xv70991 tb_first tf_w\">\n                        <div class=\"row_inner col_align_top tb_col_count_1 tf_box tf_rel\">\n                        <div  data-lazy=\"1\" class=\"module_column tb-column col-full tb_zyae992 first\">\n                            <div  data-lazy=\"1\" class=\"module_subrow themify_builder_sub_row tf_w col_align_top tb_col_count_1 tb_0rl3942\">\n                <div  data-lazy=\"1\" class=\"module_column sub_column col-full tb_9ajv942 first\">\n                    <!-- module text -->\n<div  class=\"module module-text tb_w45o215   \" data-lazy=\"1\">\n        <div  class=\"tb_text_wrap\">\n        <h1>Takomotuotteiden viimeistelyt<\/h1>\n<p><strong>1. Vahalla viimeistely<\/strong><\/p>\n<p>Teknisesti t\u00e4m\u00e4 tapahtuu siten, ett\u00e4 valmis tuote puhdistetaan ter\u00e4sharjalla ja l\u00e4mmitet\u00e4\u00e4n sen j\u00e4lkeen tiettyyn l\u00e4mp\u00f6tilaan, joka antaa tuotteelle tumman v\u00e4rin. Kuuma kappale upotetaan vahaan tai \u00f6ljyyn. Eri sep\u00e4t k\u00e4ytt\u00e4v\u00e4t usein eri aineita t\u00e4llaiseen viimeistelyyn. Siihen voidaan k\u00e4ytt\u00e4\u00e4 erilaisia \u00f6ljyj\u00e4, m\u00e4nnyn tervaa, parafiini\u00e4 jne. Thormanin pajassa k\u00e4ytet\u00e4\u00e4n t\u00e4h\u00e4n tarkoitukseen mehil\u00e4isvahaa. T\u00e4ll\u00e4 tavoin kuumaan \u00f6ljyyn tai vahaan upottamista ovat sep\u00e4t k\u00e4ytt\u00e4neet viimeistelyn\u00e4 jo muinaisina aikoina. Viimeistelytuotteet voivat hieman tahria niit\u00e4 eritt\u00e4in l\u00e4mpimiss\u00e4 olosuhteissa k\u00e4ytett\u00e4ess\u00e4.<\/p>\n<p>Vahalla viimeistellyt tuotteet eiv\u00e4t ole erityisen s\u00e4\u00e4nkest\u00e4vi\u00e4. Jatkuva altistuminen vedelle voi ruostuttaa ne nopeasti. Huolto on helppoa. Hieman ruostunutta kohtaa hierotaan kevyesti \u00f6ljyisell\u00e4 liinalla. Siihen voidaan k\u00e4ytt\u00e4\u00e4 my\u00f6s ruoka\u00f6ljy\u00e4 tai jotain muuta helposti saatavilla olevaa \u00f6ljy\u00e4. Vahvemmin ruostunut kohta puhdistetaan ter\u00e4sharjalla ja \u00f6ljyt\u00e4\u00e4n sen j\u00e4lkeen.<\/p>\n<p>Sis\u00e4tiloissa \u00f6ljyll\u00e4 tai vahalla viimeistely takaa ruostesuojan vuosiksi. Antaa aidon historiallisen ulkon\u00e4\u00f6n.<\/p>\n<p><strong>2. Lakkaus<\/strong><\/p>\n<p>T\u00e4ss\u00e4 kaupassa tarjottavat tuotteet on viimeistelty enimm\u00e4kseen universaalilla nitrolakalla. Se antaa hieman paremman suojan s\u00e4\u00e4olosuhteilta kuin vaha. Huoltaminen on monimutkaisempaa. Ruosteen rikkoma lakka on poistettava ter\u00e4sharjalla ja tuote on lakattava uudelleen. Tuotteet ovat metallinharmaita eiv\u00e4tk\u00e4 tahraa.<\/p>\n<p><strong>3. Maalaus<\/strong><\/p>\n<p>Maalaaminen takaa s\u00e4\u00e4nkest\u00e4vyyden. Miinuksena on se, ett\u00e4 k\u00e4sity\u00f6taonnalle ominaiset sulavat linjat j\u00e4\u00e4v\u00e4t maalikerroksen peittoon. T\u00e4t\u00e4 viimeistely\u00e4 suositellaan tuotteille, jotka on tarkoitettu pihalle eiv\u00e4tk\u00e4 saa ruostua.<\/p>    <\/div>\n<\/div>\n<!-- \/module text -->        <\/div>\n                    <\/div>\n                <\/div>\n                        <\/div>\n        <\/div>\n        <\/div>\n<!--\/themify_builder_content-->","protected":false},"excerpt":{"rendered":"<p>Takomotuotteiden viimeistelyt 1. Vahalla viimeistely Teknisesti t\u00e4m\u00e4 tapahtuu siten, ett\u00e4 valmis tuote puhdistetaan ter\u00e4sharjalla ja l\u00e4mmitet\u00e4\u00e4n sen j\u00e4lkeen tiettyyn l\u00e4mp\u00f6tilaan, joka antaa tuotteelle tumman v\u00e4rin. Kuuma kappale upotetaan vahaan tai \u00f6ljyyn. Eri sep\u00e4t k\u00e4ytt\u00e4v\u00e4t usein eri aineita t\u00e4llaiseen viimeistelyyn. Siihen voidaan k\u00e4ytt\u00e4\u00e4 erilaisia \u00f6ljyj\u00e4, m\u00e4nnyn tervaa, parafiini\u00e4 jne. Thormanin pajassa k\u00e4ytet\u00e4\u00e4n t\u00e4h\u00e4n tarkoitukseen mehil\u00e4isvahaa. T\u00e4ll\u00e4 [&hellip;]<\/p>\n","protected":false},"author":1,"featured_media":0,"parent":0,"menu_order":0,"comment_status":"closed","ping_status":"closed","template":"","meta":{"footnotes":""},"class_list":["post-199","page","type-page","status-publish","hentry","has-post-title","has-post-date","has-post-category","has-post-tag","has-post-comment","has-post-author",""],"yoast_head":"<!-- This site is optimized with the Yoast SEO plugin v27.4 - https:\/\/yoast.com\/product\/yoast-seo-wordpress\/ -->\n<title>Takomotuotteiden viimeistelyt - Etnoart<\/title>\n<meta name=\"robots\" content=\"index, follow, max-snippet:-1, max-image-preview:large, max-video-preview:-1\" \/>\n<link rel=\"canonical\" href=\"https:\/\/etnoart.eu\/sepistatud-toodete-viimistlused\/\" \/>\n<meta property=\"og:locale\" content=\"fi_FI\" \/>\n<meta property=\"og:type\" content=\"article\" \/>\n<meta property=\"og:title\" content=\"Takomotuotteiden viimeistelyt - Etnoart\" \/>\n<meta property=\"og:description\" content=\"Takomotuotteiden viimeistelyt 1. Vahalla viimeistely Teknisesti t\u00e4m\u00e4 tapahtuu siten, ett\u00e4 valmis tuote puhdistetaan ter\u00e4sharjalla ja l\u00e4mmitet\u00e4\u00e4n sen j\u00e4lkeen tiettyyn l\u00e4mp\u00f6tilaan, joka antaa tuotteelle tumman v\u00e4rin. Kuuma kappale upotetaan vahaan tai \u00f6ljyyn. Eri sep\u00e4t k\u00e4ytt\u00e4v\u00e4t usein eri aineita t\u00e4llaiseen viimeistelyyn. Siihen voidaan k\u00e4ytt\u00e4\u00e4 erilaisia \u00f6ljyj\u00e4, m\u00e4nnyn tervaa, parafiini\u00e4 jne. Thormanin pajassa k\u00e4ytet\u00e4\u00e4n t\u00e4h\u00e4n tarkoitukseen mehil\u00e4isvahaa. T\u00e4ll\u00e4 [&hellip;]\" \/>\n<meta property=\"og:url\" content=\"https:\/\/etnoart.eu\/sepistatud-toodete-viimistlused\/\" \/>\n<meta property=\"og:site_name\" content=\"Etnoart\" \/>\n<meta property=\"article:publisher\" content=\"https:\/\/www.facebook.com\/etnoart.handicraft.shop\" \/>\n<meta property=\"article:modified_time\" content=\"2023-06-07T10:58:13+00:00\" \/>\n<meta name=\"twitter:card\" content=\"summary_large_image\" \/>\n<script type=\"application\/ld+json\" class=\"yoast-schema-graph\">{\"@context\":\"https:\\\/\\\/schema.org\",\"@graph\":[{\"@type\":\"WebPage\",\"@id\":\"https:\\\/\\\/etnoart.eu\\\/sepistatud-toodete-viimistlused\\\/\",\"url\":\"https:\\\/\\\/etnoart.eu\\\/sepistatud-toodete-viimistlused\\\/\",\"name\":\"Takomotuotteiden viimeistelyt - Etnoart\",\"isPartOf\":{\"@id\":\"https:\\\/\\\/etnoart.eu\\\/#website\"},\"datePublished\":\"2023-06-07T10:52:28+00:00\",\"dateModified\":\"2023-06-07T10:58:13+00:00\",\"breadcrumb\":{\"@id\":\"https:\\\/\\\/etnoart.eu\\\/sepistatud-toodete-viimistlused\\\/#breadcrumb\"},\"inLanguage\":\"fi\",\"potentialAction\":[{\"@type\":\"ReadAction\",\"target\":[\"https:\\\/\\\/etnoart.eu\\\/sepistatud-toodete-viimistlused\\\/\"]}]},{\"@type\":\"BreadcrumbList\",\"@id\":\"https:\\\/\\\/etnoart.eu\\\/sepistatud-toodete-viimistlused\\\/#breadcrumb\",\"itemListElement\":[{\"@type\":\"ListItem\",\"position\":1,\"name\":\"Home\",\"item\":\"https:\\\/\\\/etnoart.eu\\\/fi\\\/\"},{\"@type\":\"ListItem\",\"position\":2,\"name\":\"Takomotuotteiden viimeistelyt\"}]},{\"@type\":\"WebSite\",\"@id\":\"https:\\\/\\\/etnoart.eu\\\/#website\",\"url\":\"https:\\\/\\\/etnoart.eu\\\/\",\"name\":\"Etnoart\",\"description\":\"K&auml;sit&ouml;&ouml;pood\",\"publisher\":{\"@id\":\"https:\\\/\\\/etnoart.eu\\\/#organization\"},\"potentialAction\":[{\"@type\":\"SearchAction\",\"target\":{\"@type\":\"EntryPoint\",\"urlTemplate\":\"https:\\\/\\\/etnoart.eu\\\/?s={search_term_string}\"},\"query-input\":{\"@type\":\"PropertyValueSpecification\",\"valueRequired\":true,\"valueName\":\"search_term_string\"}}],\"inLanguage\":\"fi\"},{\"@type\":\"Organization\",\"@id\":\"https:\\\/\\\/etnoart.eu\\\/#organization\",\"name\":\"Etnoart O\u00dc\",\"url\":\"https:\\\/\\\/etnoart.eu\\\/\",\"logo\":{\"@type\":\"ImageObject\",\"inLanguage\":\"fi\",\"@id\":\"https:\\\/\\\/etnoart.eu\\\/#\\\/schema\\\/logo\\\/image\\\/\",\"url\":\"https:\\\/\\\/etnoart.eu\\\/wp-content\\\/uploads\\\/2023\\\/06\\\/etnoart-logo.png\",\"contentUrl\":\"https:\\\/\\\/etnoart.eu\\\/wp-content\\\/uploads\\\/2023\\\/06\\\/etnoart-logo.png\",\"width\":491,\"height\":184,\"caption\":\"Etnoart O\u00dc\"},\"image\":{\"@id\":\"https:\\\/\\\/etnoart.eu\\\/#\\\/schema\\\/logo\\\/image\\\/\"},\"sameAs\":[\"https:\\\/\\\/www.facebook.com\\\/etnoart.handicraft.shop\"]}]}<\/script>\n<!-- \/ Yoast SEO plugin. -->","yoast_head_json":{"title":"Takomotuotteiden viimeistelyt - Etnoart","robots":{"index":"index","follow":"follow","max-snippet":"max-snippet:-1","max-image-preview":"max-image-preview:large","max-video-preview":"max-video-preview:-1"},"canonical":"https:\/\/etnoart.eu\/sepistatud-toodete-viimistlused\/","og_locale":"fi_FI","og_type":"article","og_title":"Takomotuotteiden viimeistelyt - Etnoart","og_description":"Takomotuotteiden viimeistelyt 1. Vahalla viimeistely Teknisesti t\u00e4m\u00e4 tapahtuu siten, ett\u00e4 valmis tuote puhdistetaan ter\u00e4sharjalla ja l\u00e4mmitet\u00e4\u00e4n sen j\u00e4lkeen tiettyyn l\u00e4mp\u00f6tilaan, joka antaa tuotteelle tumman v\u00e4rin. Kuuma kappale upotetaan vahaan tai \u00f6ljyyn. Eri sep\u00e4t k\u00e4ytt\u00e4v\u00e4t usein eri aineita t\u00e4llaiseen viimeistelyyn. Siihen voidaan k\u00e4ytt\u00e4\u00e4 erilaisia \u00f6ljyj\u00e4, m\u00e4nnyn tervaa, parafiini\u00e4 jne. Thormanin pajassa k\u00e4ytet\u00e4\u00e4n t\u00e4h\u00e4n tarkoitukseen mehil\u00e4isvahaa. T\u00e4ll\u00e4 [&hellip;]","og_url":"https:\/\/etnoart.eu\/sepistatud-toodete-viimistlused\/","og_site_name":"Etnoart","article_publisher":"https:\/\/www.facebook.com\/etnoart.handicraft.shop","article_modified_time":"2023-06-07T10:58:13+00:00","twitter_card":"summary_large_image","schema":{"@context":"https:\/\/schema.org","@graph":[{"@type":"WebPage","@id":"https:\/\/etnoart.eu\/sepistatud-toodete-viimistlused\/","url":"https:\/\/etnoart.eu\/sepistatud-toodete-viimistlused\/","name":"Takomotuotteiden viimeistelyt - Etnoart","isPartOf":{"@id":"https:\/\/etnoart.eu\/#website"},"datePublished":"2023-06-07T10:52:28+00:00","dateModified":"2023-06-07T10:58:13+00:00","breadcrumb":{"@id":"https:\/\/etnoart.eu\/sepistatud-toodete-viimistlused\/#breadcrumb"},"inLanguage":"fi","potentialAction":[{"@type":"ReadAction","target":["https:\/\/etnoart.eu\/sepistatud-toodete-viimistlused\/"]}]},{"@type":"BreadcrumbList","@id":"https:\/\/etnoart.eu\/sepistatud-toodete-viimistlused\/#breadcrumb","itemListElement":[{"@type":"ListItem","position":1,"name":"Home","item":"https:\/\/etnoart.eu\/fi\/"},{"@type":"ListItem","position":2,"name":"Takomotuotteiden viimeistelyt"}]},{"@type":"WebSite","@id":"https:\/\/etnoart.eu\/#website","url":"https:\/\/etnoart.eu\/","name":"Etnoart","description":"K&auml;sit&ouml;&ouml;pood","publisher":{"@id":"https:\/\/etnoart.eu\/#organization"},"potentialAction":[{"@type":"SearchAction","target":{"@type":"EntryPoint","urlTemplate":"https:\/\/etnoart.eu\/?s={search_term_string}"},"query-input":{"@type":"PropertyValueSpecification","valueRequired":true,"valueName":"search_term_string"}}],"inLanguage":"fi"},{"@type":"Organization","@id":"https:\/\/etnoart.eu\/#organization","name":"Etnoart O\u00dc","url":"https:\/\/etnoart.eu\/","logo":{"@type":"ImageObject","inLanguage":"fi","@id":"https:\/\/etnoart.eu\/#\/schema\/logo\/image\/","url":"https:\/\/etnoart.eu\/wp-content\/uploads\/2023\/06\/etnoart-logo.png","contentUrl":"https:\/\/etnoart.eu\/wp-content\/uploads\/2023\/06\/etnoart-logo.png","width":491,"height":184,"caption":"Etnoart O\u00dc"},"image":{"@id":"https:\/\/etnoart.eu\/#\/schema\/logo\/image\/"},"sameAs":["https:\/\/www.facebook.com\/etnoart.handicraft.shop"]}]}},"builder_content":"<h1>Takomotuotteiden viimeistelyt<\/h1> <p><strong>1. Vahalla viimeistely<\/strong><\/p> <p>Teknisesti t\u00e4m\u00e4 tapahtuu siten, ett\u00e4 valmis tuote puhdistetaan ter\u00e4sharjalla ja l\u00e4mmitet\u00e4\u00e4n sen j\u00e4lkeen tiettyyn l\u00e4mp\u00f6tilaan, joka antaa tuotteelle tumman v\u00e4rin. Kuuma kappale upotetaan vahaan tai \u00f6ljyyn. Eri sep\u00e4t k\u00e4ytt\u00e4v\u00e4t usein eri aineita t\u00e4llaiseen viimeistelyyn. Siihen voidaan k\u00e4ytt\u00e4\u00e4 erilaisia \u00f6ljyj\u00e4, m\u00e4nnyn tervaa, parafiini\u00e4 jne. Thormanin pajassa k\u00e4ytet\u00e4\u00e4n t\u00e4h\u00e4n tarkoitukseen mehil\u00e4isvahaa. T\u00e4ll\u00e4 tavoin kuumaan \u00f6ljyyn tai vahaan upottamista ovat sep\u00e4t k\u00e4ytt\u00e4neet viimeistelyn\u00e4 jo muinaisina aikoina. Viimeistelytuotteet voivat hieman tahria niit\u00e4 eritt\u00e4in l\u00e4mpimiss\u00e4 olosuhteissa k\u00e4ytett\u00e4ess\u00e4.<\/p> <p>Vahalla viimeistellyt tuotteet eiv\u00e4t ole erityisen s\u00e4\u00e4nkest\u00e4vi\u00e4. Jatkuva altistuminen vedelle voi ruostuttaa ne nopeasti. Huolto on helppoa. Hieman ruostunutta kohtaa hierotaan kevyesti \u00f6ljyisell\u00e4 liinalla. Siihen voidaan k\u00e4ytt\u00e4\u00e4 my\u00f6s ruoka\u00f6ljy\u00e4 tai jotain muuta helposti saatavilla olevaa \u00f6ljy\u00e4. Vahvemmin ruostunut kohta puhdistetaan ter\u00e4sharjalla ja \u00f6ljyt\u00e4\u00e4n sen j\u00e4lkeen.<\/p> <p>Sis\u00e4tiloissa \u00f6ljyll\u00e4 tai vahalla viimeistely takaa ruostesuojan vuosiksi. Antaa aidon historiallisen ulkon\u00e4\u00f6n.<\/p> <p><strong>2. Lakkaus<\/strong><\/p> <p>T\u00e4ss\u00e4 kaupassa tarjottavat tuotteet on viimeistelty enimm\u00e4kseen universaalilla nitrolakalla. Se antaa hieman paremman suojan s\u00e4\u00e4olosuhteilta kuin vaha. Huoltaminen on monimutkaisempaa. Ruosteen rikkoma lakka on poistettava ter\u00e4sharjalla ja tuote on lakattava uudelleen. Tuotteet ovat metallinharmaita eiv\u00e4tk\u00e4 tahraa.<\/p> <p><strong>3. Maalaus<\/strong><\/p> <p>Maalaaminen takaa s\u00e4\u00e4nkest\u00e4vyyden. Miinuksena on se, ett\u00e4 k\u00e4sity\u00f6taonnalle ominaiset sulavat linjat j\u00e4\u00e4v\u00e4t maalikerroksen peittoon. T\u00e4t\u00e4 viimeistely\u00e4 suositellaan tuotteille, jotka on tarkoitettu pihalle eiv\u00e4tk\u00e4 saa ruostua.<\/p>","_links":{"self":[{"href":"https:\/\/etnoart.eu\/fi\/wp-json\/wp\/v2\/pages\/199","targetHints":{"allow":["GET"]}}],"collection":[{"href":"https:\/\/etnoart.eu\/fi\/wp-json\/wp\/v2\/pages"}],"about":[{"href":"https:\/\/etnoart.eu\/fi\/wp-json\/wp\/v2\/types\/page"}],"author":[{"embeddable":true,"href":"https:\/\/etnoart.eu\/fi\/wp-json\/wp\/v2\/users\/1"}],"replies":[{"embeddable":true,"href":"https:\/\/etnoart.eu\/fi\/wp-json\/wp\/v2\/comments?post=199"}],"version-history":[{"count":3,"href":"https:\/\/etnoart.eu\/fi\/wp-json\/wp\/v2\/pages\/199\/revisions"}],"predecessor-version":[{"id":209,"href":"https:\/\/etnoart.eu\/fi\/wp-json\/wp\/v2\/pages\/199\/revisions\/209"}],"wp:attachment":[{"href":"https:\/\/etnoart.eu\/fi\/wp-json\/wp\/v2\/media?parent=199"}],"curies":[{"name":"wp","href":"https:\/\/api.w.org\/{rel}","templated":true}]}}