{"id":100,"date":"2023-06-07T06:41:33","date_gmt":"2023-06-07T06:41:33","guid":{"rendered":"https:\/\/etnoart.amsel.ee\/kasutustingimused\/"},"modified":"2023-06-07T07:22:43","modified_gmt":"2023-06-07T07:22:43","slug":"kasutustingimused","status":"publish","type":"page","link":"https:\/\/etnoart.eu\/fi\/kasutustingimused\/","title":{"rendered":"Ohjeet"},"content":{"rendered":"<!--themify_builder_content-->\n<div id=\"themify_builder_content-100\" data-postid=\"100\" class=\"themify_builder_content themify_builder_content-100 themify_builder tf_clear\">\n                    <div  data-lazy=\"1\" class=\"module_row themify_builder_row tb_xv70991 tb_first tf_w\">\n                        <div class=\"row_inner col_align_top tb_col_count_1 tf_box tf_rel\">\n                        <div  data-lazy=\"1\" class=\"module_column tb-column col-full tb_zyae992 first\">\n                            <div  data-lazy=\"1\" class=\"module_subrow themify_builder_sub_row tf_w col_align_top tb_col_count_1 tb_0rl3942\">\n                <div  data-lazy=\"1\" class=\"module_column sub_column col-full tb_9ajv942 first\">\n                    <!-- module text -->\n<div  class=\"module module-text tb_w45o215   \" data-lazy=\"1\">\n        <div  class=\"tb_text_wrap\">\n        <h1>Ohjeet<\/h1>\n<h2>Ostosten tekeminen verkkokaupassa<\/h2>\n<p>Ostu tegemiseks toimige j\u00e4rgnevalt:<\/p>\n<p>1. Valitse sopiva tuote ja haluamasi kappalem\u00e4\u00e4r\u00e4 ja lis\u00e4\u00e4 tuote ostoskoriin.<\/p>\n<p>2. Voit lis\u00e4t\u00e4 muita tuotteita ostoskoriin napsauttamalla painiketta JATKA OSTOSTEN TEKEMIST\u00c4. Valittuasi haluamasi tuotteet siirry oikeassa yl\u00e4reunassa n\u00e4kyv\u00e4\u00e4n ostoskoriin ja napsauta painiketta TILAA.<\/p>\n<p>3. Ostoskorissa voi muuttaa tuotem\u00e4\u00e4ri\u00e4 ja poistaa tuotteita. Mahdollisten korjausten tekemisen j\u00e4lkeen napsautetaan painiketta TILAA.<\/p>\n<p>4. Voit my\u00f6s luoda oman k\u00e4ytt\u00e4j\u00e4tilin napsauttamalla painiketta LUO TILI. Omaa tili\u00e4 ei tarvitse laatia, mutta my\u00f6hemmin oman tilin avulla on helpompi tehd\u00e4 ostoksia.<\/p>\n<p>5. Jos et halua rekister\u00f6ity\u00e4 k\u00e4ytt\u00e4j\u00e4ksi, t\u00e4yt\u00e4 pakolliset tiedot kohdassa KASSALLE. Muista t\u00e4ytt\u00e4\u00e4 kohta TOIMITUSOSOITE.<\/p>\n<p>6. Kaikkien tarvittavien tietojen lis\u00e4\u00e4misen j\u00e4lkeen n\u00e4yt\u00f6lle avautuu sivu, jossa omat tiedot voi tarkistaa ja jossa niit\u00e4 voi tarvittaessa t\u00e4ydent\u00e4\u00e4. Tietoja voi muuttaa napsauttamalla painiketta PALAA, muussa tapauksessa painetaan painiketta TILAA.<\/p>\n<p>7. Valitse sopiva toimitustapa. T\u00e4ss\u00e4 vaiheessa on my\u00f6s hyv\u00e4ksytt\u00e4v\u00e4 k\u00e4ytt\u00f6- ja toimitusehdot napsauttamalla painiketta HYV\u00c4KSYN K\u00c4YTT\u00d6- JA TOIMITUSEHDOT.<\/p>\n<p>8. Valitse sopiva maksutapa. Jos valitset PANKKISIIRROLLA, sitten seuraavaksi varmasti VAHVISTAN TILAUKSENI<\/p>\n<p>Jos valitset maksutavaksi PANKKISIIRROLLA, l\u00e4het\u00e4mme laskun sek\u00e4 laskun maksamiseen tarvittavat tiedot ilmoittamaasi s\u00e4hk\u00f6postiosoitteeseen. K\u00e4sittelemme tilauksen laskun maksamisen j\u00e4lkeen. Tilisiirtoon on merkitt\u00e4v\u00e4 my\u00f6s laskun numero. Mik\u00e4li laskua ei ole maksettu viiden p\u00e4iv\u00e4n kuluessa tilauksen tekemisest\u00e4, perumme tilauksen.<\/p>\n<p>Kauppa katsotaan tehdyksi maksun saapumisen j\u00e4lkeen, ja tilausvahvistus toimitustietoineen l\u00e4hetet\u00e4\u00e4n ilmoittamaasi s\u00e4hk\u00f6postiosoitteeseen.<\/p>\n<p>K\u00e4sittelemme verkkokaupassamme vierailun ja ostosten tekemisen yhteydess\u00e4 tieto<\/p>\n<h2>Kaupan purkaminen<\/h2>\n<p>Viron velvoiteoikeuslain pyk\u00e4l\u00e4n 56 mukaan kuluttajalla on oikeus purkaa internetiss\u00e4 tehty kauppa 14 p\u00e4iv\u00e4n kuluessa. Aika lasketaan siit\u00e4 p\u00e4iv\u00e4st\u00e4, jolloin tavarat toimitetaan asiakkaalle. Purkamisoikeus ei koske sellaisia tavaroita, jotka on valmistettu tavarat tilanneelle asiakkaalle h\u00e4nen henkil\u00f6kohtaiset tarpeensa huomioon ottaen, tai jotka on valmistettu kuluttajan esitt\u00e4mien vaatimusten mukaisesti, eli erikseen sinulle.<\/p>\n<p>Purkamisoikeuden k\u00e4ytt\u00f6 verkkokaupasta ostettaessa:<\/p>\n<p>1. Kerro meille, ett\u00e4 haluat purkaa kaupan s\u00e4hk\u00f6postitse osoitteeseen info@etnoart.eu 14 p\u00e4iv\u00e4n kuluessa tavaroiden vastaanottamisesta. Viestiin on ehdottomasti merkitt\u00e4v\u00e4 seuraavat tiedot: palautettava tuote, laskun numero sek\u00e4 oma nimesi ja tilinumerosi, jolle maksettu summa palautetaan.<\/p>\n<p>2. Palauta k\u00e4ytt\u00e4m\u00e4t\u00f6n, lapuilla varustettu, virheet\u00f6n ja mahdollisuuksien mukaan my\u00f6s alkuper\u00e4iseen pakkaukseen pakattu tuote.<\/p>\n<p>3. Tavarat palautetaan asiakkaan kustannuksella, eik\u00e4 tavaroiden tilaamisen yhteydess\u00e4 maksettua toimitusmaksua palauteta (lukuun ottamatta sellaisten tuotteiden palauttamista, joissa on ilmennyt vikoja tai puutteita, eli on toimitettu v\u00e4\u00e4r\u00e4 tuote tai tuote ei toiminut ilmoitetulla tavalla).<\/p>\n<p>4. Tarkastamme tavarat ennen maksetun summan palauttamista ilmoittamallesi pankkitilille viimeist\u00e4\u00e4n 30 p\u00e4iv\u00e4n kuluessa siit\u00e4, kun saamme palautetut tavarat.<\/p>\n<h2>Tuotetakuu<\/h2>\n<p>Kaikilla tuotteilla on yhden vuoden takuu, mik\u00e4li tuotekuvauksessa ei mainita pidemm\u00e4st\u00e4 takuusta. S\u00e4hk\u00f6postitse l\u00e4hetetty lasku toimii takuutodistuksena.<\/p>\n<p>Takuu on voimassa vain silloin, kun tuotetta on k\u00e4ytetty k\u00e4ytt\u00f6tarkoituksen mukaisesti, eik\u00e4 takuu kata tuotteen tavanomaista kulumista ja ruostumista.<\/p>\n<p>Takuu mit\u00e4t\u00f6ityy:<\/p>\n<p>1. Jos ostaja tai kolmas osapuoli ovat korjanneet tuotetta takuuaikana<\/p>\n<p>2. Jos tuotteeseen on lis\u00e4tty osia, joita valmistaja ei ole hyv\u00e4ksynyt<\/p>\n<p>3. Jos tuote on vaurioitunut ostajan huolimattomuuden tai v\u00e4\u00e4r\u00e4n huollon vuoksi tai kuljetuksen aikana (silloin, kun tuotteen on kuljettanut ostaja tai kolmas osapuoli).<\/p>\n<p>Takuuk\u00e4sittely:<\/p>\n<p>1. Ilmoita asiasta s\u00e4hk\u00f6postitse osoitteeseen info@etnoart.eu. Kerrothan viestiss\u00e4 mahdollisimman tarkkaan ilmenneest\u00e4 viasta ja liit\u00e4 viestiin mahdollisuuksien mukaan my\u00f6s valokuvat.<\/p>\n<p>2. Otamme yhteytt\u00e4 14 p\u00e4iv\u00e4n kuluessa viestisi vastaanottamisesta ja sovimme takuuk\u00e4sittelyn toimenpiteist\u00e4.<\/p>\n<h2>Reklamaatiot<\/h2>\n<p>Viron velvoiteoikeuslain pyk\u00e4l\u00e4n 218 mukaan myyj\u00e4 on vastuussa sellaisista puutteista ja vioista, jotka ilmenev\u00e4t kahden vuoden kuluessa tavaran luovuttamisesta ostajalle. T\u00e4st\u00e4 huolimatta edellytet\u00e4\u00e4n, ett\u00e4 kuuden kuukauden kuluessa tavaran ostajalle luovuttamisesta ilmenneen vian t\u00e4ytyi olla olemassa jo tavaraa luovutettaessa, mik\u00e4li vikaan tai tuotteeseen voidaan soveltaa t\u00e4llaista vaatimusta.<\/p>\n<p>Mik\u00e4li puute on tekninen, asiakas voi vaatia tuotteen korjaamista tai tuotteen vaihtamista, mik\u00e4li korjaaminen ei ole mahdollista tai j\u00e4rkev\u00e4\u00e4. Mik\u00e4li tuote voidaan korjata, tuotteen vaihtamista ei voida vaatia, koska vaihtamisesta aiheutuisi kohtuuttomia kustannuksia myyj\u00e4lle. Maksetun summan palauttamista voidaan vaatia ainoastaan silloin, kun tuotetta ei ole kohtuullisen ajan kuluessa pystytty vaihtamaan sopivan tuotteen puuttumisen vuoksi.<\/p>\n<p>Emme vastaa asiakkaan aiheuttamista tai asiakkaan huolimattomuudesta johtuvista tuotteen vaurioista, puutteista tai vioista, jotka ovat aiheutuneet tuotteen k\u00e4ytt\u00f6tarkoituksen vastaisesta k\u00e4yt\u00f6st\u00e4, emmek\u00e4 tuotteen tavanomaisesta kulumisesta ja ruostumisesta tavanomaisessa k\u00e4yt\u00f6ss\u00e4.<\/p>\n<p>Puutteen tai vian ilmetess\u00e4:<\/p>\n<p>1. Ilmoita asiasta s\u00e4hk\u00f6postitse osoitteeseen info@etnoart.eu. Pyyd\u00e4mme kuvailemaan puutetta tai vikaa mahdollisimman yksityiskohtaisesti sek\u00e4 liitt\u00e4m\u00e4\u00e4n mukaan my\u00f6s mahdolliset valokuvat.<\/p>\n<p>2. Otamme yhteytt\u00e4 14 p\u00e4iv\u00e4n kuluessa ilmoituksen saatuamme, ja sovimme takuuk\u00e4sittelyn toimenpiteist\u00e4.<\/p>    <\/div>\n<\/div>\n<!-- \/module text -->        <\/div>\n                    <\/div>\n                <\/div>\n                        <\/div>\n        <\/div>\n        <\/div>\n<!--\/themify_builder_content-->","protected":false},"excerpt":{"rendered":"<p>Ohjeet Ostosten tekeminen verkkokaupassa Ostu tegemiseks toimige j\u00e4rgnevalt: 1. Valitse sopiva tuote ja haluamasi kappalem\u00e4\u00e4r\u00e4 ja lis\u00e4\u00e4 tuote ostoskoriin. 2. Voit lis\u00e4t\u00e4 muita tuotteita ostoskoriin napsauttamalla painiketta JATKA OSTOSTEN TEKEMIST\u00c4. Valittuasi haluamasi tuotteet siirry oikeassa yl\u00e4reunassa n\u00e4kyv\u00e4\u00e4n ostoskoriin ja napsauta painiketta TILAA. 3. Ostoskorissa voi muuttaa tuotem\u00e4\u00e4ri\u00e4 ja poistaa tuotteita. Mahdollisten korjausten tekemisen j\u00e4lkeen napsautetaan [&hellip;]<\/p>\n","protected":false},"author":1,"featured_media":0,"parent":0,"menu_order":0,"comment_status":"closed","ping_status":"closed","template":"","meta":{"footnotes":""},"class_list":["post-100","page","type-page","status-publish","hentry","has-post-title","has-post-date","has-post-category","has-post-tag","has-post-comment","has-post-author",""],"yoast_head":"<!-- This site is optimized with the Yoast SEO plugin v27.3 - https:\/\/yoast.com\/product\/yoast-seo-wordpress\/ -->\n<title>Ohjeet - Etnoart<\/title>\n<meta name=\"robots\" content=\"index, follow, max-snippet:-1, max-image-preview:large, max-video-preview:-1\" \/>\n<link rel=\"canonical\" href=\"https:\/\/etnoart.eu\/kasutustingimused\/\" \/>\n<meta property=\"og:locale\" content=\"fi_FI\" \/>\n<meta property=\"og:type\" content=\"article\" \/>\n<meta property=\"og:title\" content=\"Ohjeet - Etnoart\" \/>\n<meta property=\"og:description\" content=\"Ohjeet Ostosten tekeminen verkkokaupassa Ostu tegemiseks toimige j\u00e4rgnevalt: 1. Valitse sopiva tuote ja haluamasi kappalem\u00e4\u00e4r\u00e4 ja lis\u00e4\u00e4 tuote ostoskoriin. 2. Voit lis\u00e4t\u00e4 muita tuotteita ostoskoriin napsauttamalla painiketta JATKA OSTOSTEN TEKEMIST\u00c4. Valittuasi haluamasi tuotteet siirry oikeassa yl\u00e4reunassa n\u00e4kyv\u00e4\u00e4n ostoskoriin ja napsauta painiketta TILAA. 3. Ostoskorissa voi muuttaa tuotem\u00e4\u00e4ri\u00e4 ja poistaa tuotteita. Mahdollisten korjausten tekemisen j\u00e4lkeen napsautetaan [&hellip;]\" \/>\n<meta property=\"og:url\" content=\"https:\/\/etnoart.eu\/kasutustingimused\/\" \/>\n<meta property=\"og:site_name\" content=\"Etnoart\" \/>\n<meta property=\"article:publisher\" content=\"https:\/\/www.facebook.com\/etnoart.handicraft.shop\" \/>\n<meta property=\"article:modified_time\" content=\"2023-06-07T07:22:43+00:00\" \/>\n<meta name=\"twitter:card\" content=\"summary_large_image\" \/>\n<script type=\"application\/ld+json\" class=\"yoast-schema-graph\">{\"@context\":\"https:\\\/\\\/schema.org\",\"@graph\":[{\"@type\":\"WebPage\",\"@id\":\"https:\\\/\\\/etnoart.eu\\\/kasutustingimused\\\/\",\"url\":\"https:\\\/\\\/etnoart.eu\\\/kasutustingimused\\\/\",\"name\":\"Ohjeet - Etnoart\",\"isPartOf\":{\"@id\":\"https:\\\/\\\/etnoart.eu\\\/#website\"},\"datePublished\":\"2023-06-07T06:41:33+00:00\",\"dateModified\":\"2023-06-07T07:22:43+00:00\",\"breadcrumb\":{\"@id\":\"https:\\\/\\\/etnoart.eu\\\/kasutustingimused\\\/#breadcrumb\"},\"inLanguage\":\"fi\",\"potentialAction\":[{\"@type\":\"ReadAction\",\"target\":[\"https:\\\/\\\/etnoart.eu\\\/kasutustingimused\\\/\"]}]},{\"@type\":\"BreadcrumbList\",\"@id\":\"https:\\\/\\\/etnoart.eu\\\/kasutustingimused\\\/#breadcrumb\",\"itemListElement\":[{\"@type\":\"ListItem\",\"position\":1,\"name\":\"Home\",\"item\":\"https:\\\/\\\/etnoart.eu\\\/fi\\\/\"},{\"@type\":\"ListItem\",\"position\":2,\"name\":\"Ohjeet\"}]},{\"@type\":\"WebSite\",\"@id\":\"https:\\\/\\\/etnoart.eu\\\/#website\",\"url\":\"https:\\\/\\\/etnoart.eu\\\/\",\"name\":\"Etnoart\",\"description\":\"K&auml;sit&ouml;&ouml;pood\",\"publisher\":{\"@id\":\"https:\\\/\\\/etnoart.eu\\\/#organization\"},\"potentialAction\":[{\"@type\":\"SearchAction\",\"target\":{\"@type\":\"EntryPoint\",\"urlTemplate\":\"https:\\\/\\\/etnoart.eu\\\/?s={search_term_string}\"},\"query-input\":{\"@type\":\"PropertyValueSpecification\",\"valueRequired\":true,\"valueName\":\"search_term_string\"}}],\"inLanguage\":\"fi\"},{\"@type\":\"Organization\",\"@id\":\"https:\\\/\\\/etnoart.eu\\\/#organization\",\"name\":\"Etnoart O\u00dc\",\"url\":\"https:\\\/\\\/etnoart.eu\\\/\",\"logo\":{\"@type\":\"ImageObject\",\"inLanguage\":\"fi\",\"@id\":\"https:\\\/\\\/etnoart.eu\\\/#\\\/schema\\\/logo\\\/image\\\/\",\"url\":\"https:\\\/\\\/etnoart.eu\\\/wp-content\\\/uploads\\\/2023\\\/06\\\/etnoart-logo.png\",\"contentUrl\":\"https:\\\/\\\/etnoart.eu\\\/wp-content\\\/uploads\\\/2023\\\/06\\\/etnoart-logo.png\",\"width\":491,\"height\":184,\"caption\":\"Etnoart O\u00dc\"},\"image\":{\"@id\":\"https:\\\/\\\/etnoart.eu\\\/#\\\/schema\\\/logo\\\/image\\\/\"},\"sameAs\":[\"https:\\\/\\\/www.facebook.com\\\/etnoart.handicraft.shop\"]}]}<\/script>\n<!-- \/ Yoast SEO plugin. -->","yoast_head_json":{"title":"Ohjeet - Etnoart","robots":{"index":"index","follow":"follow","max-snippet":"max-snippet:-1","max-image-preview":"max-image-preview:large","max-video-preview":"max-video-preview:-1"},"canonical":"https:\/\/etnoart.eu\/kasutustingimused\/","og_locale":"fi_FI","og_type":"article","og_title":"Ohjeet - Etnoart","og_description":"Ohjeet Ostosten tekeminen verkkokaupassa Ostu tegemiseks toimige j\u00e4rgnevalt: 1. Valitse sopiva tuote ja haluamasi kappalem\u00e4\u00e4r\u00e4 ja lis\u00e4\u00e4 tuote ostoskoriin. 2. Voit lis\u00e4t\u00e4 muita tuotteita ostoskoriin napsauttamalla painiketta JATKA OSTOSTEN TEKEMIST\u00c4. Valittuasi haluamasi tuotteet siirry oikeassa yl\u00e4reunassa n\u00e4kyv\u00e4\u00e4n ostoskoriin ja napsauta painiketta TILAA. 3. Ostoskorissa voi muuttaa tuotem\u00e4\u00e4ri\u00e4 ja poistaa tuotteita. Mahdollisten korjausten tekemisen j\u00e4lkeen napsautetaan [&hellip;]","og_url":"https:\/\/etnoart.eu\/kasutustingimused\/","og_site_name":"Etnoart","article_publisher":"https:\/\/www.facebook.com\/etnoart.handicraft.shop","article_modified_time":"2023-06-07T07:22:43+00:00","twitter_card":"summary_large_image","schema":{"@context":"https:\/\/schema.org","@graph":[{"@type":"WebPage","@id":"https:\/\/etnoart.eu\/kasutustingimused\/","url":"https:\/\/etnoart.eu\/kasutustingimused\/","name":"Ohjeet - Etnoart","isPartOf":{"@id":"https:\/\/etnoart.eu\/#website"},"datePublished":"2023-06-07T06:41:33+00:00","dateModified":"2023-06-07T07:22:43+00:00","breadcrumb":{"@id":"https:\/\/etnoart.eu\/kasutustingimused\/#breadcrumb"},"inLanguage":"fi","potentialAction":[{"@type":"ReadAction","target":["https:\/\/etnoart.eu\/kasutustingimused\/"]}]},{"@type":"BreadcrumbList","@id":"https:\/\/etnoart.eu\/kasutustingimused\/#breadcrumb","itemListElement":[{"@type":"ListItem","position":1,"name":"Home","item":"https:\/\/etnoart.eu\/fi\/"},{"@type":"ListItem","position":2,"name":"Ohjeet"}]},{"@type":"WebSite","@id":"https:\/\/etnoart.eu\/#website","url":"https:\/\/etnoart.eu\/","name":"Etnoart","description":"K&auml;sit&ouml;&ouml;pood","publisher":{"@id":"https:\/\/etnoart.eu\/#organization"},"potentialAction":[{"@type":"SearchAction","target":{"@type":"EntryPoint","urlTemplate":"https:\/\/etnoart.eu\/?s={search_term_string}"},"query-input":{"@type":"PropertyValueSpecification","valueRequired":true,"valueName":"search_term_string"}}],"inLanguage":"fi"},{"@type":"Organization","@id":"https:\/\/etnoart.eu\/#organization","name":"Etnoart O\u00dc","url":"https:\/\/etnoart.eu\/","logo":{"@type":"ImageObject","inLanguage":"fi","@id":"https:\/\/etnoart.eu\/#\/schema\/logo\/image\/","url":"https:\/\/etnoart.eu\/wp-content\/uploads\/2023\/06\/etnoart-logo.png","contentUrl":"https:\/\/etnoart.eu\/wp-content\/uploads\/2023\/06\/etnoart-logo.png","width":491,"height":184,"caption":"Etnoart O\u00dc"},"image":{"@id":"https:\/\/etnoart.eu\/#\/schema\/logo\/image\/"},"sameAs":["https:\/\/www.facebook.com\/etnoart.handicraft.shop"]}]}},"builder_content":"<h1>Ohjeet<\/h1> <h2>Ostosten tekeminen verkkokaupassa<\/h2> <p>Ostu tegemiseks toimige j\u00e4rgnevalt:<\/p> <p>1. Valitse sopiva tuote ja haluamasi kappalem\u00e4\u00e4r\u00e4 ja lis\u00e4\u00e4 tuote ostoskoriin.<\/p> <p>2. Voit lis\u00e4t\u00e4 muita tuotteita ostoskoriin napsauttamalla painiketta JATKA OSTOSTEN TEKEMIST\u00c4. Valittuasi haluamasi tuotteet siirry oikeassa yl\u00e4reunassa n\u00e4kyv\u00e4\u00e4n ostoskoriin ja napsauta painiketta TILAA.<\/p> <p>3. Ostoskorissa voi muuttaa tuotem\u00e4\u00e4ri\u00e4 ja poistaa tuotteita. Mahdollisten korjausten tekemisen j\u00e4lkeen napsautetaan painiketta TILAA.<\/p> <p>4. Voit my\u00f6s luoda oman k\u00e4ytt\u00e4j\u00e4tilin napsauttamalla painiketta LUO TILI. Omaa tili\u00e4 ei tarvitse laatia, mutta my\u00f6hemmin oman tilin avulla on helpompi tehd\u00e4 ostoksia.<\/p> <p>5. Jos et halua rekister\u00f6ity\u00e4 k\u00e4ytt\u00e4j\u00e4ksi, t\u00e4yt\u00e4 pakolliset tiedot kohdassa KASSALLE. Muista t\u00e4ytt\u00e4\u00e4 kohta TOIMITUSOSOITE.<\/p> <p>6. Kaikkien tarvittavien tietojen lis\u00e4\u00e4misen j\u00e4lkeen n\u00e4yt\u00f6lle avautuu sivu, jossa omat tiedot voi tarkistaa ja jossa niit\u00e4 voi tarvittaessa t\u00e4ydent\u00e4\u00e4. Tietoja voi muuttaa napsauttamalla painiketta PALAA, muussa tapauksessa painetaan painiketta TILAA.<\/p> <p>7. Valitse sopiva toimitustapa. T\u00e4ss\u00e4 vaiheessa on my\u00f6s hyv\u00e4ksytt\u00e4v\u00e4 k\u00e4ytt\u00f6- ja toimitusehdot napsauttamalla painiketta HYV\u00c4KSYN K\u00c4YTT\u00d6- JA TOIMITUSEHDOT.<\/p> <p>8. Valitse sopiva maksutapa. Jos valitset PANKKISIIRROLLA, sitten seuraavaksi varmasti VAHVISTAN TILAUKSENI<\/p> <p>Jos valitset maksutavaksi PANKKISIIRROLLA, l\u00e4het\u00e4mme laskun sek\u00e4 laskun maksamiseen tarvittavat tiedot ilmoittamaasi s\u00e4hk\u00f6postiosoitteeseen. K\u00e4sittelemme tilauksen laskun maksamisen j\u00e4lkeen. Tilisiirtoon on merkitt\u00e4v\u00e4 my\u00f6s laskun numero. Mik\u00e4li laskua ei ole maksettu viiden p\u00e4iv\u00e4n kuluessa tilauksen tekemisest\u00e4, perumme tilauksen.<\/p> <p>Kauppa katsotaan tehdyksi maksun saapumisen j\u00e4lkeen, ja tilausvahvistus toimitustietoineen l\u00e4hetet\u00e4\u00e4n ilmoittamaasi s\u00e4hk\u00f6postiosoitteeseen.<\/p> <p>K\u00e4sittelemme verkkokaupassamme vierailun ja ostosten tekemisen yhteydess\u00e4 tieto<\/p> <h2>Kaupan purkaminen<\/h2> <p>Viron velvoiteoikeuslain pyk\u00e4l\u00e4n 56 mukaan kuluttajalla on oikeus purkaa internetiss\u00e4 tehty kauppa 14 p\u00e4iv\u00e4n kuluessa. Aika lasketaan siit\u00e4 p\u00e4iv\u00e4st\u00e4, jolloin tavarat toimitetaan asiakkaalle. Purkamisoikeus ei koske sellaisia tavaroita, jotka on valmistettu tavarat tilanneelle asiakkaalle h\u00e4nen henkil\u00f6kohtaiset tarpeensa huomioon ottaen, tai jotka on valmistettu kuluttajan esitt\u00e4mien vaatimusten mukaisesti, eli erikseen sinulle.<\/p> <p>Purkamisoikeuden k\u00e4ytt\u00f6 verkkokaupasta ostettaessa:<\/p> <p>1. Kerro meille, ett\u00e4 haluat purkaa kaupan s\u00e4hk\u00f6postitse osoitteeseen info@etnoart.eu 14 p\u00e4iv\u00e4n kuluessa tavaroiden vastaanottamisesta. Viestiin on ehdottomasti merkitt\u00e4v\u00e4 seuraavat tiedot: palautettava tuote, laskun numero sek\u00e4 oma nimesi ja tilinumerosi, jolle maksettu summa palautetaan.<\/p> <p>2. Palauta k\u00e4ytt\u00e4m\u00e4t\u00f6n, lapuilla varustettu, virheet\u00f6n ja mahdollisuuksien mukaan my\u00f6s alkuper\u00e4iseen pakkaukseen pakattu tuote.<\/p> <p>3. Tavarat palautetaan asiakkaan kustannuksella, eik\u00e4 tavaroiden tilaamisen yhteydess\u00e4 maksettua toimitusmaksua palauteta (lukuun ottamatta sellaisten tuotteiden palauttamista, joissa on ilmennyt vikoja tai puutteita, eli on toimitettu v\u00e4\u00e4r\u00e4 tuote tai tuote ei toiminut ilmoitetulla tavalla).<\/p> <p>4. Tarkastamme tavarat ennen maksetun summan palauttamista ilmoittamallesi pankkitilille viimeist\u00e4\u00e4n 30 p\u00e4iv\u00e4n kuluessa siit\u00e4, kun saamme palautetut tavarat.<\/p> <h2>Tuotetakuu<\/h2> <p>Kaikilla tuotteilla on yhden vuoden takuu, mik\u00e4li tuotekuvauksessa ei mainita pidemm\u00e4st\u00e4 takuusta. S\u00e4hk\u00f6postitse l\u00e4hetetty lasku toimii takuutodistuksena.<\/p> <p>Takuu on voimassa vain silloin, kun tuotetta on k\u00e4ytetty k\u00e4ytt\u00f6tarkoituksen mukaisesti, eik\u00e4 takuu kata tuotteen tavanomaista kulumista ja ruostumista.<\/p> <p>Takuu mit\u00e4t\u00f6ityy:<\/p> <p>1. Jos ostaja tai kolmas osapuoli ovat korjanneet tuotetta takuuaikana<\/p> <p>2. Jos tuotteeseen on lis\u00e4tty osia, joita valmistaja ei ole hyv\u00e4ksynyt<\/p> <p>3. Jos tuote on vaurioitunut ostajan huolimattomuuden tai v\u00e4\u00e4r\u00e4n huollon vuoksi tai kuljetuksen aikana (silloin, kun tuotteen on kuljettanut ostaja tai kolmas osapuoli).<\/p> <p>Takuuk\u00e4sittely:<\/p> <p>1. Ilmoita asiasta s\u00e4hk\u00f6postitse osoitteeseen info@etnoart.eu. Kerrothan viestiss\u00e4 mahdollisimman tarkkaan ilmenneest\u00e4 viasta ja liit\u00e4 viestiin mahdollisuuksien mukaan my\u00f6s valokuvat.<\/p> <p>2. Otamme yhteytt\u00e4 14 p\u00e4iv\u00e4n kuluessa viestisi vastaanottamisesta ja sovimme takuuk\u00e4sittelyn toimenpiteist\u00e4.<\/p> <h2>Reklamaatiot<\/h2> <p>Viron velvoiteoikeuslain pyk\u00e4l\u00e4n 218 mukaan myyj\u00e4 on vastuussa sellaisista puutteista ja vioista, jotka ilmenev\u00e4t kahden vuoden kuluessa tavaran luovuttamisesta ostajalle. T\u00e4st\u00e4 huolimatta edellytet\u00e4\u00e4n, ett\u00e4 kuuden kuukauden kuluessa tavaran ostajalle luovuttamisesta ilmenneen vian t\u00e4ytyi olla olemassa jo tavaraa luovutettaessa, mik\u00e4li vikaan tai tuotteeseen voidaan soveltaa t\u00e4llaista vaatimusta.<\/p> <p>Mik\u00e4li puute on tekninen, asiakas voi vaatia tuotteen korjaamista tai tuotteen vaihtamista, mik\u00e4li korjaaminen ei ole mahdollista tai j\u00e4rkev\u00e4\u00e4. Mik\u00e4li tuote voidaan korjata, tuotteen vaihtamista ei voida vaatia, koska vaihtamisesta aiheutuisi kohtuuttomia kustannuksia myyj\u00e4lle. Maksetun summan palauttamista voidaan vaatia ainoastaan silloin, kun tuotetta ei ole kohtuullisen ajan kuluessa pystytty vaihtamaan sopivan tuotteen puuttumisen vuoksi.<\/p> <p>Emme vastaa asiakkaan aiheuttamista tai asiakkaan huolimattomuudesta johtuvista tuotteen vaurioista, puutteista tai vioista, jotka ovat aiheutuneet tuotteen k\u00e4ytt\u00f6tarkoituksen vastaisesta k\u00e4yt\u00f6st\u00e4, emmek\u00e4 tuotteen tavanomaisesta kulumisesta ja ruostumisesta tavanomaisessa k\u00e4yt\u00f6ss\u00e4.<\/p> <p>Puutteen tai vian ilmetess\u00e4:<\/p> <p>1. Ilmoita asiasta s\u00e4hk\u00f6postitse osoitteeseen info@etnoart.eu. Pyyd\u00e4mme kuvailemaan puutetta tai vikaa mahdollisimman yksityiskohtaisesti sek\u00e4 liitt\u00e4m\u00e4\u00e4n mukaan my\u00f6s mahdolliset valokuvat.<\/p> <p>2. Otamme yhteytt\u00e4 14 p\u00e4iv\u00e4n kuluessa ilmoituksen saatuamme, ja sovimme takuuk\u00e4sittelyn toimenpiteist\u00e4.<\/p>","_links":{"self":[{"href":"https:\/\/etnoart.eu\/fi\/wp-json\/wp\/v2\/pages\/100","targetHints":{"allow":["GET"]}}],"collection":[{"href":"https:\/\/etnoart.eu\/fi\/wp-json\/wp\/v2\/pages"}],"about":[{"href":"https:\/\/etnoart.eu\/fi\/wp-json\/wp\/v2\/types\/page"}],"author":[{"embeddable":true,"href":"https:\/\/etnoart.eu\/fi\/wp-json\/wp\/v2\/users\/1"}],"replies":[{"embeddable":true,"href":"https:\/\/etnoart.eu\/fi\/wp-json\/wp\/v2\/comments?post=100"}],"version-history":[{"count":3,"href":"https:\/\/etnoart.eu\/fi\/wp-json\/wp\/v2\/pages\/100\/revisions"}],"predecessor-version":[{"id":105,"href":"https:\/\/etnoart.eu\/fi\/wp-json\/wp\/v2\/pages\/100\/revisions\/105"}],"wp:attachment":[{"href":"https:\/\/etnoart.eu\/fi\/wp-json\/wp\/v2\/media?parent=100"}],"curies":[{"name":"wp","href":"https:\/\/api.w.org\/{rel}","templated":true}]}}