{"id":5754,"date":"2023-06-08T08:50:59","date_gmt":"2023-06-08T08:50:59","guid":{"rendered":"https:\/\/etnoart.eu\/toode\/kapi-kaepide\/"},"modified":"2025-03-28T05:34:17","modified_gmt":"2025-03-28T05:34:17","slug":"hand-forged-cabinet-handle","status":"publish","type":"product","link":"https:\/\/etnoart.eu\/en\/toode\/hand-forged-cabinet-handle\/","title":{"rendered":"Hand Forged Cabinet Handle"},"content":{"rendered":"<p>This hand-forged cabinet handle is a unique, high-quality piece crafted by skilled blacksmiths. Made from solid square metal, it features a twisted profile that has been shaped while hot, then forged into a sturdy and stylish handle. The surface is finished with a protective clear lacquer that enhances the metal\u2019s texture and deep tone.<\/p>\n<p>Dimensions:<\/p>\n<p>Length: 18 cm (approx. 7.1 inches)<\/p>\n<p>Height: 4 cm (approx. 1.6 inches)<\/p>\n<p>Installation:<br \/>\nThe handle is attached using two screws (not included). The hand-forged screw holes add extra character to the design.<\/p>\n<p>Use cases:<br \/>\nPerfect for cabinets, drawers, or small doors. Ideal for rustic interiors, handmade furniture, or restoration projects.<\/p>\n<p>Why choose this product?<\/p>\n<p>Durable and solid construction<\/p>\n<p>Each handle is handmade and therefore unique<\/p>\n<p>Adds charm and authenticity to any furniture piece<\/p>\n<p>A true piece of craftsmanship<\/p>\n<p>Ideal for:<br \/>\nHomeowners, furniture makers, and restorers looking for unique, artisan-crafted hardware. Fits beautifully in cottages, farmhouses, or any space with a handcrafted aesthetic.<\/p>\n<p>Advantages over similar products:<\/p>\n<p>Distinctive twisted design<\/p>\n<p>Forged screw holes for a raw, authentic look<\/p>\n<p>Handmade \u2013 not mass-produced<\/p>\n<p>Simple yet bold appearance<\/p>\n<p>Additional details:<br \/>\nCurrently available only in clear lacquer finish. Screws not included.<\/p>\n","protected":false},"excerpt":{"rendered":"<p>Rustic hand-forged cabinet handle made from solid iron \u2013 a durable and unique pull perfect for drawers, cupboards, and handmade furniture.<br \/>\n<strong>Weight:<\/strong> 0,13 kg<br \/>\n<strong>Product height:<\/strong> 4cm<br \/>\n<strong>Product Width:<\/strong> 18cm<br \/>\n<strong>Finishing of the product:<\/strong>The product is varnished.<\/p>\n","protected":false},"featured_media":1084,"template":"","meta":[],"product_brand":[],"product_cat":[387],"product_tag":[],"class_list":{"0":"post-5754","1":"product","2":"type-product","3":"status-publish","4":"has-post-thumbnail","6":"product_cat-door-handles-and-door-knockers","7":"has-post-title","8":"has-post-date","9":"has-post-category","10":"has-post-tag","11":"has-post-comment","12":"has-post-author","13":"","15":"first","16":"instock","17":"taxable","18":"shipping-taxable","19":"purchasable","20":"product-type-simple"},"yoast_head":"<!-- This site is optimized with the Yoast SEO plugin v27.3 - https:\/\/yoast.com\/product\/yoast-seo-wordpress\/ -->\n<title>Hand Forged Cabinet Handle |EtnoArt| Door handles, knockers<\/title>\n<meta name=\"description\" content=\"Sepistatud k\u00e4sit\u00f6\u00f6na valmistatud kapi k\u00e4epide \u2013 tugev ja stiilne lisand igale m\u00f6\u00f6bliesemele. Ideaalne neile, kes hindavad k\u00e4sit\u00f6\u00f6d.\" \/>\n<meta name=\"robots\" content=\"index, follow, max-snippet:-1, max-image-preview:large, max-video-preview:-1\" \/>\n<link rel=\"canonical\" href=\"https:\/\/etnoart.eu\/en\/toode\/hand-forged-cabinet-handle\/\" \/>\n<meta property=\"og:locale\" content=\"en_US\" \/>\n<meta property=\"og:type\" content=\"article\" \/>\n<meta property=\"og:title\" content=\"Hand Forged Cabinet Handle |EtnoArt| Door handles, knockers\" \/>\n<meta property=\"og:description\" content=\"Sepistatud k\u00e4sit\u00f6\u00f6na valmistatud kapi k\u00e4epide \u2013 tugev ja stiilne lisand igale m\u00f6\u00f6bliesemele. Ideaalne neile, kes hindavad k\u00e4sit\u00f6\u00f6d.\" \/>\n<meta property=\"og:url\" content=\"https:\/\/etnoart.eu\/en\/toode\/hand-forged-cabinet-handle\/\" \/>\n<meta property=\"og:site_name\" content=\"Etnoart\" \/>\n<meta property=\"article:publisher\" content=\"https:\/\/www.facebook.com\/etnoart.handicraft.shop\" \/>\n<meta property=\"article:modified_time\" content=\"2025-03-28T05:34:17+00:00\" \/>\n<meta property=\"og:image\" content=\"https:\/\/etnoart.eu\/wp-content\/uploads\/2023\/06\/138-Kaepide-kapile-Kaepidemed-ja-uksekoputid.jpg\" \/>\n\t<meta property=\"og:image:width\" content=\"600\" \/>\n\t<meta property=\"og:image:height\" content=\"600\" \/>\n\t<meta property=\"og:image:type\" content=\"image\/jpeg\" \/>\n<meta name=\"twitter:card\" content=\"summary_large_image\" \/>\n<meta name=\"twitter:label1\" content=\"Est. reading time\" \/>\n\t<meta name=\"twitter:data1\" content=\"2 minutes\" \/>\n<script type=\"application\/ld+json\" class=\"yoast-schema-graph\">{\"@context\":\"https:\\\/\\\/schema.org\",\"@graph\":[{\"@type\":\"WebPage\",\"@id\":\"https:\\\/\\\/etnoart.eu\\\/en\\\/toode\\\/hand-forged-cabinet-handle\\\/\",\"url\":\"https:\\\/\\\/etnoart.eu\\\/en\\\/toode\\\/hand-forged-cabinet-handle\\\/\",\"name\":\"Hand Forged Cabinet Handle |EtnoArt| Door handles, knockers\",\"isPartOf\":{\"@id\":\"https:\\\/\\\/etnoart.eu\\\/#website\"},\"primaryImageOfPage\":{\"@id\":\"https:\\\/\\\/etnoart.eu\\\/en\\\/toode\\\/hand-forged-cabinet-handle\\\/#primaryimage\"},\"image\":{\"@id\":\"https:\\\/\\\/etnoart.eu\\\/en\\\/toode\\\/hand-forged-cabinet-handle\\\/#primaryimage\"},\"thumbnailUrl\":\"https:\\\/\\\/etnoart.eu\\\/wp-content\\\/uploads\\\/2023\\\/06\\\/138-Kaepide-kapile-Kaepidemed-ja-uksekoputid.jpg\",\"datePublished\":\"2023-06-08T08:50:59+00:00\",\"dateModified\":\"2025-03-28T05:34:17+00:00\",\"description\":\"Sepistatud k\u00e4sit\u00f6\u00f6na valmistatud kapi k\u00e4epide \u2013 tugev ja stiilne lisand igale m\u00f6\u00f6bliesemele. Ideaalne neile, kes hindavad k\u00e4sit\u00f6\u00f6d.\",\"breadcrumb\":{\"@id\":\"https:\\\/\\\/etnoart.eu\\\/en\\\/toode\\\/hand-forged-cabinet-handle\\\/#breadcrumb\"},\"inLanguage\":\"en-US\",\"potentialAction\":[{\"@type\":\"ReadAction\",\"target\":[\"https:\\\/\\\/etnoart.eu\\\/en\\\/toode\\\/hand-forged-cabinet-handle\\\/\"]}]},{\"@type\":\"ImageObject\",\"inLanguage\":\"en-US\",\"@id\":\"https:\\\/\\\/etnoart.eu\\\/en\\\/toode\\\/hand-forged-cabinet-handle\\\/#primaryimage\",\"url\":\"https:\\\/\\\/etnoart.eu\\\/wp-content\\\/uploads\\\/2023\\\/06\\\/138-Kaepide-kapile-Kaepidemed-ja-uksekoputid.jpg\",\"contentUrl\":\"https:\\\/\\\/etnoart.eu\\\/wp-content\\\/uploads\\\/2023\\\/06\\\/138-Kaepide-kapile-Kaepidemed-ja-uksekoputid.jpg\",\"width\":600,\"height\":600,\"caption\":\"Hand Forged Cabinet Handle\"},{\"@type\":\"BreadcrumbList\",\"@id\":\"https:\\\/\\\/etnoart.eu\\\/en\\\/toode\\\/hand-forged-cabinet-handle\\\/#breadcrumb\",\"itemListElement\":[{\"@type\":\"ListItem\",\"position\":1,\"name\":\"Home\",\"item\":\"https:\\\/\\\/etnoart.eu\\\/en\\\/\"},{\"@type\":\"ListItem\",\"position\":2,\"name\":\"Shop\",\"item\":\"https:\\\/\\\/etnoart.eu\\\/en\\\/shop\\\/\"},{\"@type\":\"ListItem\",\"position\":3,\"name\":\"Hand Forged Cabinet Handle\"}]},{\"@type\":\"WebSite\",\"@id\":\"https:\\\/\\\/etnoart.eu\\\/#website\",\"url\":\"https:\\\/\\\/etnoart.eu\\\/\",\"name\":\"Etnoart\",\"description\":\"K&auml;sit&ouml;&ouml;pood\",\"publisher\":{\"@id\":\"https:\\\/\\\/etnoart.eu\\\/#organization\"},\"potentialAction\":[{\"@type\":\"SearchAction\",\"target\":{\"@type\":\"EntryPoint\",\"urlTemplate\":\"https:\\\/\\\/etnoart.eu\\\/?s={search_term_string}\"},\"query-input\":{\"@type\":\"PropertyValueSpecification\",\"valueRequired\":true,\"valueName\":\"search_term_string\"}}],\"inLanguage\":\"en-US\"},{\"@type\":\"Organization\",\"@id\":\"https:\\\/\\\/etnoart.eu\\\/#organization\",\"name\":\"Etnoart O\u00dc\",\"url\":\"https:\\\/\\\/etnoart.eu\\\/\",\"logo\":{\"@type\":\"ImageObject\",\"inLanguage\":\"en-US\",\"@id\":\"https:\\\/\\\/etnoart.eu\\\/#\\\/schema\\\/logo\\\/image\\\/\",\"url\":\"https:\\\/\\\/etnoart.eu\\\/wp-content\\\/uploads\\\/2023\\\/06\\\/etnoart-logo.png\",\"contentUrl\":\"https:\\\/\\\/etnoart.eu\\\/wp-content\\\/uploads\\\/2023\\\/06\\\/etnoart-logo.png\",\"width\":491,\"height\":184,\"caption\":\"Etnoart O\u00dc\"},\"image\":{\"@id\":\"https:\\\/\\\/etnoart.eu\\\/#\\\/schema\\\/logo\\\/image\\\/\"},\"sameAs\":[\"https:\\\/\\\/www.facebook.com\\\/etnoart.handicraft.shop\"]}]}<\/script>\n<!-- \/ Yoast SEO plugin. -->","yoast_head_json":{"title":"Hand Forged Cabinet Handle |EtnoArt| Door handles, knockers","description":"Sepistatud k\u00e4sit\u00f6\u00f6na valmistatud kapi k\u00e4epide \u2013 tugev ja stiilne lisand igale m\u00f6\u00f6bliesemele. Ideaalne neile, kes hindavad k\u00e4sit\u00f6\u00f6d.","robots":{"index":"index","follow":"follow","max-snippet":"max-snippet:-1","max-image-preview":"max-image-preview:large","max-video-preview":"max-video-preview:-1"},"canonical":"https:\/\/etnoart.eu\/en\/toode\/hand-forged-cabinet-handle\/","og_locale":"en_US","og_type":"article","og_title":"Hand Forged Cabinet Handle |EtnoArt| Door handles, knockers","og_description":"Sepistatud k\u00e4sit\u00f6\u00f6na valmistatud kapi k\u00e4epide \u2013 tugev ja stiilne lisand igale m\u00f6\u00f6bliesemele. Ideaalne neile, kes hindavad k\u00e4sit\u00f6\u00f6d.","og_url":"https:\/\/etnoart.eu\/en\/toode\/hand-forged-cabinet-handle\/","og_site_name":"Etnoart","article_publisher":"https:\/\/www.facebook.com\/etnoart.handicraft.shop","article_modified_time":"2025-03-28T05:34:17+00:00","og_image":[{"width":600,"height":600,"url":"https:\/\/etnoart.eu\/wp-content\/uploads\/2023\/06\/138-Kaepide-kapile-Kaepidemed-ja-uksekoputid.jpg","type":"image\/jpeg"}],"twitter_card":"summary_large_image","twitter_misc":{"Est. reading time":"2 minutes"},"schema":{"@context":"https:\/\/schema.org","@graph":[{"@type":"WebPage","@id":"https:\/\/etnoart.eu\/en\/toode\/hand-forged-cabinet-handle\/","url":"https:\/\/etnoart.eu\/en\/toode\/hand-forged-cabinet-handle\/","name":"Hand Forged Cabinet Handle |EtnoArt| Door handles, knockers","isPartOf":{"@id":"https:\/\/etnoart.eu\/#website"},"primaryImageOfPage":{"@id":"https:\/\/etnoart.eu\/en\/toode\/hand-forged-cabinet-handle\/#primaryimage"},"image":{"@id":"https:\/\/etnoart.eu\/en\/toode\/hand-forged-cabinet-handle\/#primaryimage"},"thumbnailUrl":"https:\/\/etnoart.eu\/wp-content\/uploads\/2023\/06\/138-Kaepide-kapile-Kaepidemed-ja-uksekoputid.jpg","datePublished":"2023-06-08T08:50:59+00:00","dateModified":"2025-03-28T05:34:17+00:00","description":"Sepistatud k\u00e4sit\u00f6\u00f6na valmistatud kapi k\u00e4epide \u2013 tugev ja stiilne lisand igale m\u00f6\u00f6bliesemele. Ideaalne neile, kes hindavad k\u00e4sit\u00f6\u00f6d.","breadcrumb":{"@id":"https:\/\/etnoart.eu\/en\/toode\/hand-forged-cabinet-handle\/#breadcrumb"},"inLanguage":"en-US","potentialAction":[{"@type":"ReadAction","target":["https:\/\/etnoart.eu\/en\/toode\/hand-forged-cabinet-handle\/"]}]},{"@type":"ImageObject","inLanguage":"en-US","@id":"https:\/\/etnoart.eu\/en\/toode\/hand-forged-cabinet-handle\/#primaryimage","url":"https:\/\/etnoart.eu\/wp-content\/uploads\/2023\/06\/138-Kaepide-kapile-Kaepidemed-ja-uksekoputid.jpg","contentUrl":"https:\/\/etnoart.eu\/wp-content\/uploads\/2023\/06\/138-Kaepide-kapile-Kaepidemed-ja-uksekoputid.jpg","width":600,"height":600,"caption":"Hand Forged Cabinet Handle"},{"@type":"BreadcrumbList","@id":"https:\/\/etnoart.eu\/en\/toode\/hand-forged-cabinet-handle\/#breadcrumb","itemListElement":[{"@type":"ListItem","position":1,"name":"Home","item":"https:\/\/etnoart.eu\/en\/"},{"@type":"ListItem","position":2,"name":"Shop","item":"https:\/\/etnoart.eu\/en\/shop\/"},{"@type":"ListItem","position":3,"name":"Hand Forged Cabinet Handle"}]},{"@type":"WebSite","@id":"https:\/\/etnoart.eu\/#website","url":"https:\/\/etnoart.eu\/","name":"Etnoart","description":"K&auml;sit&ouml;&ouml;pood","publisher":{"@id":"https:\/\/etnoart.eu\/#organization"},"potentialAction":[{"@type":"SearchAction","target":{"@type":"EntryPoint","urlTemplate":"https:\/\/etnoart.eu\/?s={search_term_string}"},"query-input":{"@type":"PropertyValueSpecification","valueRequired":true,"valueName":"search_term_string"}}],"inLanguage":"en-US"},{"@type":"Organization","@id":"https:\/\/etnoart.eu\/#organization","name":"Etnoart O\u00dc","url":"https:\/\/etnoart.eu\/","logo":{"@type":"ImageObject","inLanguage":"en-US","@id":"https:\/\/etnoart.eu\/#\/schema\/logo\/image\/","url":"https:\/\/etnoart.eu\/wp-content\/uploads\/2023\/06\/etnoart-logo.png","contentUrl":"https:\/\/etnoart.eu\/wp-content\/uploads\/2023\/06\/etnoart-logo.png","width":491,"height":184,"caption":"Etnoart O\u00dc"},"image":{"@id":"https:\/\/etnoart.eu\/#\/schema\/logo\/image\/"},"sameAs":["https:\/\/www.facebook.com\/etnoart.handicraft.shop"]}]}},"builder_content":"","_links":{"self":[{"href":"https:\/\/etnoart.eu\/en\/wp-json\/wp\/v2\/product\/5754","targetHints":{"allow":["GET"]}}],"collection":[{"href":"https:\/\/etnoart.eu\/en\/wp-json\/wp\/v2\/product"}],"about":[{"href":"https:\/\/etnoart.eu\/en\/wp-json\/wp\/v2\/types\/product"}],"wp:featuredmedia":[{"embeddable":true,"href":"https:\/\/etnoart.eu\/en\/wp-json\/wp\/v2\/media\/1084"}],"wp:attachment":[{"href":"https:\/\/etnoart.eu\/en\/wp-json\/wp\/v2\/media?parent=5754"}],"wp:term":[{"taxonomy":"product_brand","embeddable":true,"href":"https:\/\/etnoart.eu\/en\/wp-json\/wp\/v2\/product_brand?post=5754"},{"taxonomy":"product_cat","embeddable":true,"href":"https:\/\/etnoart.eu\/en\/wp-json\/wp\/v2\/product_cat?post=5754"},{"taxonomy":"product_tag","embeddable":true,"href":"https:\/\/etnoart.eu\/en\/wp-json\/wp\/v2\/product_tag?post=5754"}],"curies":[{"name":"wp","href":"https:\/\/api.w.org\/{rel}","templated":true}]}}