{"id":4943,"date":"2023-06-08T08:54:56","date_gmt":"2023-06-08T08:54:56","guid":{"rendered":"https:\/\/etnoart.eu\/toode\/kuunlajalg-moisa\/"},"modified":"2026-03-13T14:57:36","modified_gmt":"2026-03-13T14:57:36","slug":"kuunlajalg-moisa","status":"publish","type":"product","link":"https:\/\/etnoart.eu\/en\/toode\/kuunlajalg-moisa\/","title":{"rendered":"K\u00fc\u00fcnlajalg \u201cM\u00f5isa\u201d"},"content":{"rendered":"<p>K\u00fc\u00fcnlajalg &#8220;M\u00f5isa&#8221; on ainulaadne k\u00e4sit\u00f6\u00f6na valmistatud toode, mille on loonud Eesti sepad. Selle k\u00fc\u00fcnlajala klassikaline disain r\u00f5hutab elegantsi ja ajatust, olles samal ajal funktsionaalne ning kaunis detail igas interj\u00f6\u00f6ris.<\/p>\n<p>K\u00fc\u00fcnlajalal on traditsiooniline kolme jala kuju, mis lisab stabiilsust ja visuaalset tasakaalu. See v\u00f5imaldab k\u00fc\u00fcnlal uhkelt ja kindlalt seista, luues hubase atmosf\u00e4\u00e4ri igas ruumis. K\u00fc\u00fcnlajalg on m\u00f5eldud \u00fchele k\u00fc\u00fcnlale ning k\u00fc\u00fcnal kinnitub k\u00fc\u00fcnlaalusele naela abil. See omadus v\u00f5imaldab kasutada suuremaid k\u00fc\u00fcnlaid, andes teile v\u00f5imaluse luua pilkup\u00fc\u00fcdev valgusallikas.<\/p>\n<p>K\u00fc\u00fcnlajala suurus on ideaalne nii p\u00f5randale kui ka m\u00f6\u00f6blile paigutamiseks. Oma 52 cm pikkusega sobib see suurep\u00e4raselt kamina k\u00f5rvale p\u00f5randale v\u00f5i n\u00e4iteks lauale v\u00f5i kummutile. K\u00fc\u00fcnlajalg &#8220;M\u00f5isa&#8221; lisab ruumile koheselt elegantsi ja soojust, luues intiimse valgustatud atmosf\u00e4\u00e4ri.<\/p>\n<p>K\u00fc\u00fcnlajalg sobib \u00fcmarate v\u00f5i madalamate silindrikujuliste k\u00fc\u00fcnaldega. Selle disain r\u00f5hutab nende k\u00fc\u00fcnalde ilu ja v\u00f5imaldab neil r\u00f5hutada k\u00fc\u00fcnlajala ainulaadset kuju.<\/p>\n<p>Kokkuv\u00f5ttes on &#8220;M\u00f5isa&#8221; k\u00fc\u00fcnlajalg mitmek\u00fclgne ja ajatu disainiga ese, mis lisab teie interj\u00f6\u00f6rile stiili ja hubasust. Selle k\u00e4sit\u00f6\u00f6na valmistatud unikaalne v\u00e4limus ning praktiline funktsionaalsus muudavad selle suurep\u00e4raseks valikuks nii igap\u00e4evaseks kasutamiseks kui ka erilisteks s\u00fcndmusteks.<\/p>\n<p>K\u00f5rgus 52 cm, taldrik d \u2013 9cm, laius 19 cm. Pulberlakitud.<\/p>\n","protected":false},"excerpt":{"rendered":"<p>K\u00f5rgus 52 cm, taldrik d \u2013 9cm, laius 19 cm. Pulberlakitud.<\/p>\n","protected":false},"featured_media":4224,"template":"","meta":[],"product_brand":[],"product_cat":[408],"product_tag":[],"class_list":{"0":"post-4943","1":"product","2":"type-product","3":"status-publish","4":"has-post-thumbnail","6":"product_cat-candlestick","7":"has-post-title","8":"has-post-date","9":"has-post-category","10":"has-post-tag","11":"has-post-comment","12":"has-post-author","13":"","15":"first","16":"instock","17":"taxable","18":"shipping-taxable","19":"purchasable","20":"product-type-simple"},"yoast_head":"<!-- This site is optimized with the Yoast SEO plugin v27.4 - https:\/\/yoast.com\/product\/yoast-seo-wordpress\/ -->\n<title>K\u00fc\u00fcnlajalg \u201cM\u00f5isa\u201d |EtnoArt| K\u00fc\u00fcnlajalad P\u00f5randale<\/title>\n<meta name=\"description\" content=\"K\u00fc\u00fcnlajalg &quot;M\u00f5isa&quot; on ainulaadne k\u00e4sit\u00f6\u00f6na valmistatud toode, mille on loonud Eesti sepad. Selle k\u00fc\u00fcnlajala klassikaline disain r\u00f5hutab elegantsi ja ajatust\" \/>\n<meta name=\"robots\" content=\"index, follow, max-snippet:-1, max-image-preview:large, max-video-preview:-1\" \/>\n<link rel=\"canonical\" href=\"https:\/\/etnoart.eu\/en\/toode\/kuunlajalg-moisa\/\" \/>\n<meta property=\"og:locale\" content=\"en_US\" \/>\n<meta property=\"og:type\" content=\"article\" \/>\n<meta property=\"og:title\" content=\"K\u00fc\u00fcnlajalg \u201cM\u00f5isa\u201d |EtnoArt| K\u00fc\u00fcnlajalad P\u00f5randale\" \/>\n<meta property=\"og:description\" content=\"K\u00fc\u00fcnlajalg &quot;M\u00f5isa&quot; on ainulaadne k\u00e4sit\u00f6\u00f6na valmistatud toode, mille on loonud Eesti sepad. Selle k\u00fc\u00fcnlajala klassikaline disain r\u00f5hutab elegantsi ja ajatust\" \/>\n<meta property=\"og:url\" content=\"https:\/\/etnoart.eu\/en\/toode\/kuunlajalg-moisa\/\" \/>\n<meta property=\"og:site_name\" content=\"Etnoart\" \/>\n<meta property=\"article:publisher\" content=\"https:\/\/www.facebook.com\/etnoart.handicraft.shop\" \/>\n<meta property=\"article:modified_time\" content=\"2026-03-13T14:57:36+00:00\" \/>\n<meta property=\"og:image\" content=\"https:\/\/etnoart.eu\/wp-content\/uploads\/2023\/06\/Kuunlajalg-Moisa.png\" \/>\n\t<meta property=\"og:image:width\" content=\"748\" \/>\n\t<meta property=\"og:image:height\" content=\"748\" \/>\n\t<meta property=\"og:image:type\" content=\"image\/png\" \/>\n<meta name=\"twitter:card\" content=\"summary_large_image\" \/>\n<meta name=\"twitter:label1\" content=\"Est. reading time\" \/>\n\t<meta name=\"twitter:data1\" content=\"1 minute\" \/>\n<script type=\"application\/ld+json\" class=\"yoast-schema-graph\">{\"@context\":\"https:\\\/\\\/schema.org\",\"@graph\":[{\"@type\":\"WebPage\",\"@id\":\"https:\\\/\\\/etnoart.eu\\\/en\\\/toode\\\/kuunlajalg-moisa\\\/\",\"url\":\"https:\\\/\\\/etnoart.eu\\\/en\\\/toode\\\/kuunlajalg-moisa\\\/\",\"name\":\"K\u00fc\u00fcnlajalg \u201cM\u00f5isa\u201d |EtnoArt| K\u00fc\u00fcnlajalad P\u00f5randale\",\"isPartOf\":{\"@id\":\"https:\\\/\\\/etnoart.eu\\\/#website\"},\"primaryImageOfPage\":{\"@id\":\"https:\\\/\\\/etnoart.eu\\\/en\\\/toode\\\/kuunlajalg-moisa\\\/#primaryimage\"},\"image\":{\"@id\":\"https:\\\/\\\/etnoart.eu\\\/en\\\/toode\\\/kuunlajalg-moisa\\\/#primaryimage\"},\"thumbnailUrl\":\"https:\\\/\\\/etnoart.eu\\\/wp-content\\\/uploads\\\/2023\\\/06\\\/Kuunlajalg-Moisa.png\",\"datePublished\":\"2023-06-08T08:54:56+00:00\",\"dateModified\":\"2026-03-13T14:57:36+00:00\",\"description\":\"K\u00fc\u00fcnlajalg \\\"M\u00f5isa\\\" on ainulaadne k\u00e4sit\u00f6\u00f6na valmistatud toode, mille on loonud Eesti sepad. Selle k\u00fc\u00fcnlajala klassikaline disain r\u00f5hutab elegantsi ja ajatust\",\"breadcrumb\":{\"@id\":\"https:\\\/\\\/etnoart.eu\\\/en\\\/toode\\\/kuunlajalg-moisa\\\/#breadcrumb\"},\"inLanguage\":\"en-US\",\"potentialAction\":[{\"@type\":\"ReadAction\",\"target\":[\"https:\\\/\\\/etnoart.eu\\\/en\\\/toode\\\/kuunlajalg-moisa\\\/\"]}]},{\"@type\":\"ImageObject\",\"inLanguage\":\"en-US\",\"@id\":\"https:\\\/\\\/etnoart.eu\\\/en\\\/toode\\\/kuunlajalg-moisa\\\/#primaryimage\",\"url\":\"https:\\\/\\\/etnoart.eu\\\/wp-content\\\/uploads\\\/2023\\\/06\\\/Kuunlajalg-Moisa.png\",\"contentUrl\":\"https:\\\/\\\/etnoart.eu\\\/wp-content\\\/uploads\\\/2023\\\/06\\\/Kuunlajalg-Moisa.png\",\"width\":748,\"height\":748,\"caption\":\"K\u00fc\u00fcnlajalg \u201cM\u00f5isa\u201d\"},{\"@type\":\"BreadcrumbList\",\"@id\":\"https:\\\/\\\/etnoart.eu\\\/en\\\/toode\\\/kuunlajalg-moisa\\\/#breadcrumb\",\"itemListElement\":[{\"@type\":\"ListItem\",\"position\":1,\"name\":\"Home\",\"item\":\"https:\\\/\\\/etnoart.eu\\\/en\\\/\"},{\"@type\":\"ListItem\",\"position\":2,\"name\":\"Shop\",\"item\":\"https:\\\/\\\/etnoart.eu\\\/en\\\/shop\\\/\"},{\"@type\":\"ListItem\",\"position\":3,\"name\":\"K\u00fc\u00fcnlajalg \u201cM\u00f5isa\u201d\"}]},{\"@type\":\"WebSite\",\"@id\":\"https:\\\/\\\/etnoart.eu\\\/#website\",\"url\":\"https:\\\/\\\/etnoart.eu\\\/\",\"name\":\"Etnoart\",\"description\":\"K&auml;sit&ouml;&ouml;pood\",\"publisher\":{\"@id\":\"https:\\\/\\\/etnoart.eu\\\/#organization\"},\"potentialAction\":[{\"@type\":\"SearchAction\",\"target\":{\"@type\":\"EntryPoint\",\"urlTemplate\":\"https:\\\/\\\/etnoart.eu\\\/?s={search_term_string}\"},\"query-input\":{\"@type\":\"PropertyValueSpecification\",\"valueRequired\":true,\"valueName\":\"search_term_string\"}}],\"inLanguage\":\"en-US\"},{\"@type\":\"Organization\",\"@id\":\"https:\\\/\\\/etnoart.eu\\\/#organization\",\"name\":\"Etnoart O\u00dc\",\"url\":\"https:\\\/\\\/etnoart.eu\\\/\",\"logo\":{\"@type\":\"ImageObject\",\"inLanguage\":\"en-US\",\"@id\":\"https:\\\/\\\/etnoart.eu\\\/#\\\/schema\\\/logo\\\/image\\\/\",\"url\":\"https:\\\/\\\/etnoart.eu\\\/wp-content\\\/uploads\\\/2023\\\/06\\\/etnoart-logo.png\",\"contentUrl\":\"https:\\\/\\\/etnoart.eu\\\/wp-content\\\/uploads\\\/2023\\\/06\\\/etnoart-logo.png\",\"width\":491,\"height\":184,\"caption\":\"Etnoart O\u00dc\"},\"image\":{\"@id\":\"https:\\\/\\\/etnoart.eu\\\/#\\\/schema\\\/logo\\\/image\\\/\"},\"sameAs\":[\"https:\\\/\\\/www.facebook.com\\\/etnoart.handicraft.shop\"]}]}<\/script>\n<!-- \/ Yoast SEO plugin. -->","yoast_head_json":{"title":"K\u00fc\u00fcnlajalg \u201cM\u00f5isa\u201d |EtnoArt| K\u00fc\u00fcnlajalad P\u00f5randale","description":"K\u00fc\u00fcnlajalg \"M\u00f5isa\" on ainulaadne k\u00e4sit\u00f6\u00f6na valmistatud toode, mille on loonud Eesti sepad. Selle k\u00fc\u00fcnlajala klassikaline disain r\u00f5hutab elegantsi ja ajatust","robots":{"index":"index","follow":"follow","max-snippet":"max-snippet:-1","max-image-preview":"max-image-preview:large","max-video-preview":"max-video-preview:-1"},"canonical":"https:\/\/etnoart.eu\/en\/toode\/kuunlajalg-moisa\/","og_locale":"en_US","og_type":"article","og_title":"K\u00fc\u00fcnlajalg \u201cM\u00f5isa\u201d |EtnoArt| K\u00fc\u00fcnlajalad P\u00f5randale","og_description":"K\u00fc\u00fcnlajalg \"M\u00f5isa\" on ainulaadne k\u00e4sit\u00f6\u00f6na valmistatud toode, mille on loonud Eesti sepad. Selle k\u00fc\u00fcnlajala klassikaline disain r\u00f5hutab elegantsi ja ajatust","og_url":"https:\/\/etnoart.eu\/en\/toode\/kuunlajalg-moisa\/","og_site_name":"Etnoart","article_publisher":"https:\/\/www.facebook.com\/etnoart.handicraft.shop","article_modified_time":"2026-03-13T14:57:36+00:00","og_image":[{"width":748,"height":748,"url":"https:\/\/etnoart.eu\/wp-content\/uploads\/2023\/06\/Kuunlajalg-Moisa.png","type":"image\/png"}],"twitter_card":"summary_large_image","twitter_misc":{"Est. reading time":"1 minute"},"schema":{"@context":"https:\/\/schema.org","@graph":[{"@type":"WebPage","@id":"https:\/\/etnoart.eu\/en\/toode\/kuunlajalg-moisa\/","url":"https:\/\/etnoart.eu\/en\/toode\/kuunlajalg-moisa\/","name":"K\u00fc\u00fcnlajalg \u201cM\u00f5isa\u201d |EtnoArt| K\u00fc\u00fcnlajalad P\u00f5randale","isPartOf":{"@id":"https:\/\/etnoart.eu\/#website"},"primaryImageOfPage":{"@id":"https:\/\/etnoart.eu\/en\/toode\/kuunlajalg-moisa\/#primaryimage"},"image":{"@id":"https:\/\/etnoart.eu\/en\/toode\/kuunlajalg-moisa\/#primaryimage"},"thumbnailUrl":"https:\/\/etnoart.eu\/wp-content\/uploads\/2023\/06\/Kuunlajalg-Moisa.png","datePublished":"2023-06-08T08:54:56+00:00","dateModified":"2026-03-13T14:57:36+00:00","description":"K\u00fc\u00fcnlajalg \"M\u00f5isa\" on ainulaadne k\u00e4sit\u00f6\u00f6na valmistatud toode, mille on loonud Eesti sepad. Selle k\u00fc\u00fcnlajala klassikaline disain r\u00f5hutab elegantsi ja ajatust","breadcrumb":{"@id":"https:\/\/etnoart.eu\/en\/toode\/kuunlajalg-moisa\/#breadcrumb"},"inLanguage":"en-US","potentialAction":[{"@type":"ReadAction","target":["https:\/\/etnoart.eu\/en\/toode\/kuunlajalg-moisa\/"]}]},{"@type":"ImageObject","inLanguage":"en-US","@id":"https:\/\/etnoart.eu\/en\/toode\/kuunlajalg-moisa\/#primaryimage","url":"https:\/\/etnoart.eu\/wp-content\/uploads\/2023\/06\/Kuunlajalg-Moisa.png","contentUrl":"https:\/\/etnoart.eu\/wp-content\/uploads\/2023\/06\/Kuunlajalg-Moisa.png","width":748,"height":748,"caption":"K\u00fc\u00fcnlajalg \u201cM\u00f5isa\u201d"},{"@type":"BreadcrumbList","@id":"https:\/\/etnoart.eu\/en\/toode\/kuunlajalg-moisa\/#breadcrumb","itemListElement":[{"@type":"ListItem","position":1,"name":"Home","item":"https:\/\/etnoart.eu\/en\/"},{"@type":"ListItem","position":2,"name":"Shop","item":"https:\/\/etnoart.eu\/en\/shop\/"},{"@type":"ListItem","position":3,"name":"K\u00fc\u00fcnlajalg \u201cM\u00f5isa\u201d"}]},{"@type":"WebSite","@id":"https:\/\/etnoart.eu\/#website","url":"https:\/\/etnoart.eu\/","name":"Etnoart","description":"K&auml;sit&ouml;&ouml;pood","publisher":{"@id":"https:\/\/etnoart.eu\/#organization"},"potentialAction":[{"@type":"SearchAction","target":{"@type":"EntryPoint","urlTemplate":"https:\/\/etnoart.eu\/?s={search_term_string}"},"query-input":{"@type":"PropertyValueSpecification","valueRequired":true,"valueName":"search_term_string"}}],"inLanguage":"en-US"},{"@type":"Organization","@id":"https:\/\/etnoart.eu\/#organization","name":"Etnoart O\u00dc","url":"https:\/\/etnoart.eu\/","logo":{"@type":"ImageObject","inLanguage":"en-US","@id":"https:\/\/etnoart.eu\/#\/schema\/logo\/image\/","url":"https:\/\/etnoart.eu\/wp-content\/uploads\/2023\/06\/etnoart-logo.png","contentUrl":"https:\/\/etnoart.eu\/wp-content\/uploads\/2023\/06\/etnoart-logo.png","width":491,"height":184,"caption":"Etnoart O\u00dc"},"image":{"@id":"https:\/\/etnoart.eu\/#\/schema\/logo\/image\/"},"sameAs":["https:\/\/www.facebook.com\/etnoart.handicraft.shop"]}]}},"builder_content":"","_links":{"self":[{"href":"https:\/\/etnoart.eu\/en\/wp-json\/wp\/v2\/product\/4943","targetHints":{"allow":["GET"]}}],"collection":[{"href":"https:\/\/etnoart.eu\/en\/wp-json\/wp\/v2\/product"}],"about":[{"href":"https:\/\/etnoart.eu\/en\/wp-json\/wp\/v2\/types\/product"}],"wp:featuredmedia":[{"embeddable":true,"href":"https:\/\/etnoart.eu\/en\/wp-json\/wp\/v2\/media\/4224"}],"wp:attachment":[{"href":"https:\/\/etnoart.eu\/en\/wp-json\/wp\/v2\/media?parent=4943"}],"wp:term":[{"taxonomy":"product_brand","embeddable":true,"href":"https:\/\/etnoart.eu\/en\/wp-json\/wp\/v2\/product_brand?post=4943"},{"taxonomy":"product_cat","embeddable":true,"href":"https:\/\/etnoart.eu\/en\/wp-json\/wp\/v2\/product_cat?post=4943"},{"taxonomy":"product_tag","embeddable":true,"href":"https:\/\/etnoart.eu\/en\/wp-json\/wp\/v2\/product_tag?post=4943"}],"curies":[{"name":"wp","href":"https:\/\/api.w.org\/{rel}","templated":true}]}}