{"id":3039,"date":"2023-06-08T08:56:05","date_gmt":"2023-06-08T08:56:05","guid":{"rendered":"https:\/\/etnoart.amsel.ee\/?post_type=product&#038;p=3039"},"modified":"2024-09-04T10:10:18","modified_gmt":"2024-09-04T10:10:18","slug":"kuumaalus-2","status":"publish","type":"product","link":"https:\/\/etnoart.eu\/en\/toode\/kuumaalus-2\/","title":{"rendered":"Kuumaalus"},"content":{"rendered":"<p>Kuumaalus, mille on valmistanud oskuslikud Eesti sepad, on ese, mis lisab teie k\u00f6\u00f6gile nii praktilist v\u00e4\u00e4rtust kui ka visuaalset ilu. Valmistatud kvaliteetsest terasest ja viimistletud k\u00e4sit\u00f6\u00f6ga, on see toode m\u00f5eldud lisama teie igap\u00e4evaelule nii mugavust kui ka stiili.<\/p>\n<p>Lihtne ja praktiline disain teeb Kuumaalusest suurep\u00e4rase abimehe k\u00f6\u00f6gis. Selle terasest pind on kaetud sepiku k\u00e4ekirjaga, mille meister on k\u00e4sitsi loonud haamriga. See lisab tootele isikup\u00e4ra ja annab m\u00e4rku selle valmistamise k\u00e4sit\u00f6\u00f6listest juurtest.<\/p>\n<p>Kuumaaluse mitmek\u00fclgsus on selle suur eelis. Saate seda kasutada mitmel erineval viisil. See sobib suurep\u00e4raselt kuuma poti v\u00f5i panniga otse laua- v\u00f5i k\u00f6\u00f6gitasapinnale asetamiseks, kaitstes samal ajal pinda kuumuse eest. Samuti v\u00f5ib seda kasutada toidun\u00f5ude t\u00f5stmiseks pliidilt v\u00f5i ahjust, et v\u00e4ltida otsest kokkupuudet kuumusega.<\/p>\n<p>Terasest valmistatud Kuumaalus on vastupidav. See on loodud vastu pidama k\u00f5rgetele temperatuuridele, olgu tegemist siis avatulega v\u00f5i ahjuga. See toode on mitte ainult praktiline, vaid ka vastupidav, mis teeb sellest usaldusv\u00e4\u00e4rse abilise teie k\u00f6\u00f6gis aastateks.<\/p>\n<p>Kuumaalus on t\u00f5estus sellest, kuidas lihtne disain ja k\u00e4sit\u00f6\u00f6 v\u00f5ivad luua igap\u00e4evastele esemetele erilise t\u00e4henduse. Lisades teie k\u00f6\u00f6gile praktilisust ja iseloomu, on see k\u00e4sit\u00f6\u00f6na valminud ese kindlasti suurep\u00e4raseks lisandiks teie k\u00f6\u00f6giarsenali.<\/p>\n","protected":false},"excerpt":{"rendered":"<p>Kuumaalus<\/p>\n","protected":false},"featured_media":4117,"template":"","meta":[],"product_brand":[],"product_cat":[75],"product_tag":[],"class_list":{"0":"post-3039","1":"product","2":"type-product","3":"status-publish","4":"has-post-thumbnail","6":"product_cat-koogitarvikud","7":"has-post-title","8":"has-post-date","9":"has-post-category","10":"has-post-tag","11":"has-post-comment","12":"has-post-author","13":"","15":"first","16":"instock","17":"taxable","18":"shipping-taxable","19":"purchasable","20":"product-type-simple"},"yoast_head":"<!-- This site is optimized with the Yoast SEO plugin v27.4 - https:\/\/yoast.com\/product\/yoast-seo-wordpress\/ -->\n<title>Kuumaalus |EtnoArt| Kuumaalused, Pannialused<\/title>\n<meta name=\"description\" content=\"Kuumaalus, mille on valmistanud oskuslikud Eesti sepad, on ese, mis lisab teie k\u00f6\u00f6gile nii praktilist v\u00e4\u00e4rtust kui ka visuaalset ilu. Valmistatud terasest\" \/>\n<meta name=\"robots\" content=\"index, follow, max-snippet:-1, max-image-preview:large, max-video-preview:-1\" \/>\n<link rel=\"canonical\" href=\"https:\/\/etnoart.eu\/toode\/kuumaalus-2\/\" \/>\n<meta property=\"og:locale\" content=\"en_US\" \/>\n<meta property=\"og:type\" content=\"article\" \/>\n<meta property=\"og:title\" content=\"Kuumaalus |EtnoArt| Kuumaalused, Pannialused\" \/>\n<meta property=\"og:description\" content=\"Kuumaalus, mille on valmistanud oskuslikud Eesti sepad, on ese, mis lisab teie k\u00f6\u00f6gile nii praktilist v\u00e4\u00e4rtust kui ka visuaalset ilu. Valmistatud terasest\" \/>\n<meta property=\"og:url\" content=\"https:\/\/etnoart.eu\/toode\/kuumaalus-2\/\" \/>\n<meta property=\"og:site_name\" content=\"Etnoart\" \/>\n<meta property=\"article:publisher\" content=\"https:\/\/www.facebook.com\/etnoart.handicraft.shop\" \/>\n<meta property=\"article:modified_time\" content=\"2024-09-04T10:10:18+00:00\" \/>\n<meta property=\"og:image\" content=\"https:\/\/etnoart.eu\/wp-content\/uploads\/2023\/06\/Kuumaalus.png\" \/>\n\t<meta property=\"og:image:width\" content=\"2560\" \/>\n\t<meta property=\"og:image:height\" content=\"2707\" \/>\n\t<meta property=\"og:image:type\" content=\"image\/png\" \/>\n<meta name=\"twitter:card\" content=\"summary_large_image\" \/>\n<meta name=\"twitter:label1\" content=\"Est. reading time\" \/>\n\t<meta name=\"twitter:data1\" content=\"2 minutes\" \/>\n<script type=\"application\/ld+json\" class=\"yoast-schema-graph\">{\"@context\":\"https:\\\/\\\/schema.org\",\"@graph\":[{\"@type\":\"WebPage\",\"@id\":\"https:\\\/\\\/etnoart.eu\\\/toode\\\/kuumaalus-2\\\/\",\"url\":\"https:\\\/\\\/etnoart.eu\\\/toode\\\/kuumaalus-2\\\/\",\"name\":\"Kuumaalus |EtnoArt| Kuumaalused, Pannialused\",\"isPartOf\":{\"@id\":\"https:\\\/\\\/etnoart.eu\\\/#website\"},\"primaryImageOfPage\":{\"@id\":\"https:\\\/\\\/etnoart.eu\\\/toode\\\/kuumaalus-2\\\/#primaryimage\"},\"image\":{\"@id\":\"https:\\\/\\\/etnoart.eu\\\/toode\\\/kuumaalus-2\\\/#primaryimage\"},\"thumbnailUrl\":\"https:\\\/\\\/etnoart.eu\\\/wp-content\\\/uploads\\\/2023\\\/06\\\/Kuumaalus.png\",\"datePublished\":\"2023-06-08T08:56:05+00:00\",\"dateModified\":\"2024-09-04T10:10:18+00:00\",\"description\":\"Kuumaalus, mille on valmistanud oskuslikud Eesti sepad, on ese, mis lisab teie k\u00f6\u00f6gile nii praktilist v\u00e4\u00e4rtust kui ka visuaalset ilu. Valmistatud terasest\",\"breadcrumb\":{\"@id\":\"https:\\\/\\\/etnoart.eu\\\/toode\\\/kuumaalus-2\\\/#breadcrumb\"},\"inLanguage\":\"en-US\",\"potentialAction\":[{\"@type\":\"ReadAction\",\"target\":[\"https:\\\/\\\/etnoart.eu\\\/toode\\\/kuumaalus-2\\\/\"]}]},{\"@type\":\"ImageObject\",\"inLanguage\":\"en-US\",\"@id\":\"https:\\\/\\\/etnoart.eu\\\/toode\\\/kuumaalus-2\\\/#primaryimage\",\"url\":\"https:\\\/\\\/etnoart.eu\\\/wp-content\\\/uploads\\\/2023\\\/06\\\/Kuumaalus.png\",\"contentUrl\":\"https:\\\/\\\/etnoart.eu\\\/wp-content\\\/uploads\\\/2023\\\/06\\\/Kuumaalus.png\",\"width\":2560,\"height\":2707,\"caption\":\"Kuumaalus\"},{\"@type\":\"BreadcrumbList\",\"@id\":\"https:\\\/\\\/etnoart.eu\\\/toode\\\/kuumaalus-2\\\/#breadcrumb\",\"itemListElement\":[{\"@type\":\"ListItem\",\"position\":1,\"name\":\"Home\",\"item\":\"https:\\\/\\\/etnoart.eu\\\/en\\\/\"},{\"@type\":\"ListItem\",\"position\":2,\"name\":\"Shop\",\"item\":\"https:\\\/\\\/etnoart.eu\\\/en\\\/shop\\\/\"},{\"@type\":\"ListItem\",\"position\":3,\"name\":\"Kuumaalus\"}]},{\"@type\":\"WebSite\",\"@id\":\"https:\\\/\\\/etnoart.eu\\\/#website\",\"url\":\"https:\\\/\\\/etnoart.eu\\\/\",\"name\":\"Etnoart\",\"description\":\"K&auml;sit&ouml;&ouml;pood\",\"publisher\":{\"@id\":\"https:\\\/\\\/etnoart.eu\\\/#organization\"},\"potentialAction\":[{\"@type\":\"SearchAction\",\"target\":{\"@type\":\"EntryPoint\",\"urlTemplate\":\"https:\\\/\\\/etnoart.eu\\\/?s={search_term_string}\"},\"query-input\":{\"@type\":\"PropertyValueSpecification\",\"valueRequired\":true,\"valueName\":\"search_term_string\"}}],\"inLanguage\":\"en-US\"},{\"@type\":\"Organization\",\"@id\":\"https:\\\/\\\/etnoart.eu\\\/#organization\",\"name\":\"Etnoart O\u00dc\",\"url\":\"https:\\\/\\\/etnoart.eu\\\/\",\"logo\":{\"@type\":\"ImageObject\",\"inLanguage\":\"en-US\",\"@id\":\"https:\\\/\\\/etnoart.eu\\\/#\\\/schema\\\/logo\\\/image\\\/\",\"url\":\"https:\\\/\\\/etnoart.eu\\\/wp-content\\\/uploads\\\/2023\\\/06\\\/etnoart-logo.png\",\"contentUrl\":\"https:\\\/\\\/etnoart.eu\\\/wp-content\\\/uploads\\\/2023\\\/06\\\/etnoart-logo.png\",\"width\":491,\"height\":184,\"caption\":\"Etnoart O\u00dc\"},\"image\":{\"@id\":\"https:\\\/\\\/etnoart.eu\\\/#\\\/schema\\\/logo\\\/image\\\/\"},\"sameAs\":[\"https:\\\/\\\/www.facebook.com\\\/etnoart.handicraft.shop\"]}]}<\/script>\n<!-- \/ Yoast SEO plugin. -->","yoast_head_json":{"title":"Kuumaalus |EtnoArt| Kuumaalused, Pannialused","description":"Kuumaalus, mille on valmistanud oskuslikud Eesti sepad, on ese, mis lisab teie k\u00f6\u00f6gile nii praktilist v\u00e4\u00e4rtust kui ka visuaalset ilu. Valmistatud terasest","robots":{"index":"index","follow":"follow","max-snippet":"max-snippet:-1","max-image-preview":"max-image-preview:large","max-video-preview":"max-video-preview:-1"},"canonical":"https:\/\/etnoart.eu\/toode\/kuumaalus-2\/","og_locale":"en_US","og_type":"article","og_title":"Kuumaalus |EtnoArt| Kuumaalused, Pannialused","og_description":"Kuumaalus, mille on valmistanud oskuslikud Eesti sepad, on ese, mis lisab teie k\u00f6\u00f6gile nii praktilist v\u00e4\u00e4rtust kui ka visuaalset ilu. Valmistatud terasest","og_url":"https:\/\/etnoart.eu\/toode\/kuumaalus-2\/","og_site_name":"Etnoart","article_publisher":"https:\/\/www.facebook.com\/etnoart.handicraft.shop","article_modified_time":"2024-09-04T10:10:18+00:00","og_image":[{"width":2560,"height":2707,"url":"https:\/\/etnoart.eu\/wp-content\/uploads\/2023\/06\/Kuumaalus.png","type":"image\/png"}],"twitter_card":"summary_large_image","twitter_misc":{"Est. reading time":"2 minutes"},"schema":{"@context":"https:\/\/schema.org","@graph":[{"@type":"WebPage","@id":"https:\/\/etnoart.eu\/toode\/kuumaalus-2\/","url":"https:\/\/etnoart.eu\/toode\/kuumaalus-2\/","name":"Kuumaalus |EtnoArt| Kuumaalused, Pannialused","isPartOf":{"@id":"https:\/\/etnoart.eu\/#website"},"primaryImageOfPage":{"@id":"https:\/\/etnoart.eu\/toode\/kuumaalus-2\/#primaryimage"},"image":{"@id":"https:\/\/etnoart.eu\/toode\/kuumaalus-2\/#primaryimage"},"thumbnailUrl":"https:\/\/etnoart.eu\/wp-content\/uploads\/2023\/06\/Kuumaalus.png","datePublished":"2023-06-08T08:56:05+00:00","dateModified":"2024-09-04T10:10:18+00:00","description":"Kuumaalus, mille on valmistanud oskuslikud Eesti sepad, on ese, mis lisab teie k\u00f6\u00f6gile nii praktilist v\u00e4\u00e4rtust kui ka visuaalset ilu. Valmistatud terasest","breadcrumb":{"@id":"https:\/\/etnoart.eu\/toode\/kuumaalus-2\/#breadcrumb"},"inLanguage":"en-US","potentialAction":[{"@type":"ReadAction","target":["https:\/\/etnoart.eu\/toode\/kuumaalus-2\/"]}]},{"@type":"ImageObject","inLanguage":"en-US","@id":"https:\/\/etnoart.eu\/toode\/kuumaalus-2\/#primaryimage","url":"https:\/\/etnoart.eu\/wp-content\/uploads\/2023\/06\/Kuumaalus.png","contentUrl":"https:\/\/etnoart.eu\/wp-content\/uploads\/2023\/06\/Kuumaalus.png","width":2560,"height":2707,"caption":"Kuumaalus"},{"@type":"BreadcrumbList","@id":"https:\/\/etnoart.eu\/toode\/kuumaalus-2\/#breadcrumb","itemListElement":[{"@type":"ListItem","position":1,"name":"Home","item":"https:\/\/etnoart.eu\/en\/"},{"@type":"ListItem","position":2,"name":"Shop","item":"https:\/\/etnoart.eu\/en\/shop\/"},{"@type":"ListItem","position":3,"name":"Kuumaalus"}]},{"@type":"WebSite","@id":"https:\/\/etnoart.eu\/#website","url":"https:\/\/etnoart.eu\/","name":"Etnoart","description":"K&auml;sit&ouml;&ouml;pood","publisher":{"@id":"https:\/\/etnoart.eu\/#organization"},"potentialAction":[{"@type":"SearchAction","target":{"@type":"EntryPoint","urlTemplate":"https:\/\/etnoart.eu\/?s={search_term_string}"},"query-input":{"@type":"PropertyValueSpecification","valueRequired":true,"valueName":"search_term_string"}}],"inLanguage":"en-US"},{"@type":"Organization","@id":"https:\/\/etnoart.eu\/#organization","name":"Etnoart O\u00dc","url":"https:\/\/etnoart.eu\/","logo":{"@type":"ImageObject","inLanguage":"en-US","@id":"https:\/\/etnoart.eu\/#\/schema\/logo\/image\/","url":"https:\/\/etnoart.eu\/wp-content\/uploads\/2023\/06\/etnoart-logo.png","contentUrl":"https:\/\/etnoart.eu\/wp-content\/uploads\/2023\/06\/etnoart-logo.png","width":491,"height":184,"caption":"Etnoart O\u00dc"},"image":{"@id":"https:\/\/etnoart.eu\/#\/schema\/logo\/image\/"},"sameAs":["https:\/\/www.facebook.com\/etnoart.handicraft.shop"]}]}},"builder_content":"","_links":{"self":[{"href":"https:\/\/etnoart.eu\/en\/wp-json\/wp\/v2\/product\/3039","targetHints":{"allow":["GET"]}}],"collection":[{"href":"https:\/\/etnoart.eu\/en\/wp-json\/wp\/v2\/product"}],"about":[{"href":"https:\/\/etnoart.eu\/en\/wp-json\/wp\/v2\/types\/product"}],"wp:featuredmedia":[{"embeddable":true,"href":"https:\/\/etnoart.eu\/en\/wp-json\/wp\/v2\/media\/4117"}],"wp:attachment":[{"href":"https:\/\/etnoart.eu\/en\/wp-json\/wp\/v2\/media?parent=3039"}],"wp:term":[{"taxonomy":"product_brand","embeddable":true,"href":"https:\/\/etnoart.eu\/en\/wp-json\/wp\/v2\/product_brand?post=3039"},{"taxonomy":"product_cat","embeddable":true,"href":"https:\/\/etnoart.eu\/en\/wp-json\/wp\/v2\/product_cat?post=3039"},{"taxonomy":"product_tag","embeddable":true,"href":"https:\/\/etnoart.eu\/en\/wp-json\/wp\/v2\/product_tag?post=3039"}],"curies":[{"name":"wp","href":"https:\/\/api.w.org\/{rel}","templated":true}]}}