{"id":3034,"date":"2023-06-08T08:56:05","date_gmt":"2023-06-08T08:56:05","guid":{"rendered":"https:\/\/etnoart.amsel.ee\/?post_type=product&#038;p=3034"},"modified":"2023-08-27T10:27:33","modified_gmt":"2023-08-27T10:27:33","slug":"kelluke-kaepidemega","status":"publish","type":"product","link":"https:\/\/etnoart.eu\/en\/toode\/kelluke-kaepidemega\/","title":{"rendered":"Kelluke k\u00e4epidemega"},"content":{"rendered":"<div class=\"flex-1 overflow-hidden\">\n<div class=\"react-scroll-to-bottom--css-hfmai-79elbk h-full dark:bg-gray-800\">\n<div class=\"react-scroll-to-bottom--css-hfmai-1n7m0yu\">\n<div class=\"flex flex-col text-sm dark:bg-gray-800\">\n<div class=\"group w-full text-token-text-primary border-b border-black\/10 dark:border-gray-900\/50 bg-gray-50 dark:bg-[#444654]\" data-testid=\"conversation-turn-15\">\n<div class=\"flex p-4 gap-4 text-base md:gap-6 md:max-w-2xl lg:max-w-[38rem] xl:max-w-3xl md:py-6 lg:px-0 m-auto\">\n<div class=\"relative flex w-[calc(100%-50px)] flex-col gap-1 md:gap-3 lg:w-[calc(100%-115px)]\">\n<div class=\"flex flex-grow flex-col gap-3 max-w-full\">\n<div class=\"min-h-[20px] flex flex-col items-start gap-3 overflow-x-auto whitespace-pre-wrap break-words\">\n<div class=\"markdown prose w-full break-words dark:prose-invert light\">\n<p>Kelluke k\u00e4epidemega, valmistatud Eesti seppade meisterliku k\u00e4e all, toob endaga kaasa mitte ainult ajatuid disainielemente, vaid ka killukese nostalgilist \u00f5hkkonda. See k\u00e4sit\u00f6\u00f6na valminud ese k\u00e4tkeb endas t\u00e4hendusrikkust ja traditsioone, mis on seotud kooli- ja igap\u00e4evaeluga.<\/p>\n<p>Kellukese k\u00f5lina saatel meenutatakse vanu aegu, kui \u00f5petaja helistas sellega algust ja l\u00f5ppu koolitundidele. See traditsioon r\u00f5hutab \u00f5ppimise t\u00e4htsust ning aitab hoida \u00f5pilasi keskendunud ja motiveerituna. Sellel\u00a0 kellukesel on v\u00f5ime tuua tagasi need emotsioonid ja tunded, mis seostuvad koolip\u00e4evadega.<\/p>\n<p>Seda kellukest v\u00f5ib n\u00e4ha mitte ainult klassiruumis, vaid ka igap\u00e4evaelus. Selle funktsionaalsus ei piirdu \u00fcksnes kooliga. N\u00e4iteks grilli\u00f5htutel v\u00f5ib see olla suurep\u00e4rane abiline, et meelitada k\u00fclaliste t\u00e4helepanu, andes m\u00e4rku sellest, et j\u00e4rgmine maitsev grillit\u00e4is on valmis nautimiseks.<\/p>\n<p>Kelluke k\u00e4epidemega on ka erakordne kingiidee. Olgu see siis kooli olgus v\u00f5i kooliaasta l\u00f5pp, see k\u00e4sit\u00f6\u00f6na valminud ese v\u00f5ib olla suurep\u00e4rane kingitus \u00f5petajatele, kes on p\u00fchendunud hariduse edendamisele. Selle unikaalne disain ja t\u00e4henduslikkus teevad sellest meeldej\u00e4\u00e4va kingituse, mis n\u00e4itab t\u00e4nulikkust ja austust.<\/p>\n<p>Lisaks nostalgiale ja traditsioonidele on see k\u00e4epidemega kelluke ka praktiline ja mitmek\u00fclgne ese. See \u00fchendab mineviku ja oleviku, luues erilise atmosf\u00e4\u00e4ri ja tuues naeratuse n\u00e4ole nii koolis kui ka igap\u00e4evaelus.<\/p>\n<p>\u00dcldpikkus 15 cm<\/p>\n<\/div>\n<\/div>\n<\/div>\n<\/div>\n<\/div>\n<\/div>\n<\/div>\n<\/div>\n<\/div>\n<\/div>\n<p>rauast k\u00e4epide pikkusega 8 cm<\/p>\n<p>kellukese d-7 cm<\/p>\n<p>kaetud mati pulberlakiga<\/p>\n","protected":false},"excerpt":{"rendered":"<p>\u00dcldpikkus 15 cm<\/p>\n<p>rauast k\u00e4epide pikkusega 8 cm<\/p>\n<p>kellukese d-7 cm<\/p>\n<p>kaetud mati pulberlakiga<\/p>\n","protected":false},"featured_media":4127,"template":"","meta":[],"product_brand":[],"product_cat":[77],"product_tag":[],"class_list":{"0":"post-3034","1":"product","2":"type-product","3":"status-publish","4":"has-post-thumbnail","6":"product_cat-suveniirid-ja-kingitused","7":"has-post-title","8":"has-post-date","9":"has-post-category","10":"has-post-tag","11":"has-post-comment","12":"has-post-author","13":"","15":"first","16":"instock","17":"taxable","18":"shipping-taxable","19":"purchasable","20":"product-type-simple"},"yoast_head":"<!-- This site is optimized with the Yoast SEO plugin v27.4 - https:\/\/yoast.com\/product\/yoast-seo-wordpress\/ -->\n<title>Kelluke k\u00e4epidemega |EtnoArt| Suveniirid ja kingitused<\/title>\n<meta name=\"description\" content=\"Kelluke k\u00e4epidemega, valmistatud Eesti seppade poolt, toob endaga kaasa mitte ainult ajatuid disainielemente, vaid ka killukese nostalgilist \u00f5hkkonda.\" \/>\n<meta name=\"robots\" content=\"index, follow, max-snippet:-1, max-image-preview:large, max-video-preview:-1\" \/>\n<link rel=\"canonical\" href=\"https:\/\/etnoart.eu\/de\/toode\/kelluke-kaepidemega\/\" \/>\n<meta property=\"og:locale\" content=\"en_US\" \/>\n<meta property=\"og:type\" content=\"article\" \/>\n<meta property=\"og:title\" content=\"Kelluke k\u00e4epidemega |EtnoArt| Suveniirid ja kingitused\" \/>\n<meta property=\"og:description\" content=\"Kelluke k\u00e4epidemega, valmistatud Eesti seppade poolt, toob endaga kaasa mitte ainult ajatuid disainielemente, vaid ka killukese nostalgilist \u00f5hkkonda.\" \/>\n<meta property=\"og:url\" content=\"https:\/\/etnoart.eu\/de\/toode\/kelluke-kaepidemega\/\" \/>\n<meta property=\"og:site_name\" content=\"Etnoart\" \/>\n<meta property=\"article:publisher\" content=\"https:\/\/www.facebook.com\/etnoart.handicraft.shop\" \/>\n<meta property=\"article:modified_time\" content=\"2023-08-27T10:27:33+00:00\" \/>\n<meta property=\"og:image\" content=\"https:\/\/etnoart.eu\/wp-content\/uploads\/2023\/06\/Kelluke-koolitunni-alguseks.jpg\" \/>\n\t<meta property=\"og:image:width\" content=\"1000\" \/>\n\t<meta property=\"og:image:height\" content=\"1015\" \/>\n\t<meta property=\"og:image:type\" content=\"image\/jpeg\" \/>\n<meta name=\"twitter:card\" content=\"summary_large_image\" \/>\n<meta name=\"twitter:label1\" content=\"Est. reading time\" \/>\n\t<meta name=\"twitter:data1\" content=\"2 minutes\" \/>\n<script type=\"application\/ld+json\" class=\"yoast-schema-graph\">{\"@context\":\"https:\\\/\\\/schema.org\",\"@graph\":[{\"@type\":\"WebPage\",\"@id\":\"https:\\\/\\\/etnoart.eu\\\/de\\\/toode\\\/kelluke-kaepidemega\\\/\",\"url\":\"https:\\\/\\\/etnoart.eu\\\/de\\\/toode\\\/kelluke-kaepidemega\\\/\",\"name\":\"Kelluke k\u00e4epidemega |EtnoArt| Suveniirid ja kingitused\",\"isPartOf\":{\"@id\":\"https:\\\/\\\/etnoart.eu\\\/#website\"},\"primaryImageOfPage\":{\"@id\":\"https:\\\/\\\/etnoart.eu\\\/de\\\/toode\\\/kelluke-kaepidemega\\\/#primaryimage\"},\"image\":{\"@id\":\"https:\\\/\\\/etnoart.eu\\\/de\\\/toode\\\/kelluke-kaepidemega\\\/#primaryimage\"},\"thumbnailUrl\":\"https:\\\/\\\/etnoart.eu\\\/wp-content\\\/uploads\\\/2023\\\/06\\\/Kelluke-koolitunni-alguseks.jpg\",\"datePublished\":\"2023-06-08T08:56:05+00:00\",\"dateModified\":\"2023-08-27T10:27:33+00:00\",\"description\":\"Kelluke k\u00e4epidemega, valmistatud Eesti seppade poolt, toob endaga kaasa mitte ainult ajatuid disainielemente, vaid ka killukese nostalgilist \u00f5hkkonda.\",\"breadcrumb\":{\"@id\":\"https:\\\/\\\/etnoart.eu\\\/de\\\/toode\\\/kelluke-kaepidemega\\\/#breadcrumb\"},\"inLanguage\":\"en-US\",\"potentialAction\":[{\"@type\":\"ReadAction\",\"target\":[\"https:\\\/\\\/etnoart.eu\\\/de\\\/toode\\\/kelluke-kaepidemega\\\/\"]}]},{\"@type\":\"ImageObject\",\"inLanguage\":\"en-US\",\"@id\":\"https:\\\/\\\/etnoart.eu\\\/de\\\/toode\\\/kelluke-kaepidemega\\\/#primaryimage\",\"url\":\"https:\\\/\\\/etnoart.eu\\\/wp-content\\\/uploads\\\/2023\\\/06\\\/Kelluke-koolitunni-alguseks.jpg\",\"contentUrl\":\"https:\\\/\\\/etnoart.eu\\\/wp-content\\\/uploads\\\/2023\\\/06\\\/Kelluke-koolitunni-alguseks.jpg\",\"width\":1000,\"height\":1015,\"caption\":\"Kelluke koolitunni alguseks\"},{\"@type\":\"BreadcrumbList\",\"@id\":\"https:\\\/\\\/etnoart.eu\\\/de\\\/toode\\\/kelluke-kaepidemega\\\/#breadcrumb\",\"itemListElement\":[{\"@type\":\"ListItem\",\"position\":1,\"name\":\"Home\",\"item\":\"https:\\\/\\\/etnoart.eu\\\/en\\\/\"},{\"@type\":\"ListItem\",\"position\":2,\"name\":\"Shop\",\"item\":\"https:\\\/\\\/etnoart.eu\\\/en\\\/shop\\\/\"},{\"@type\":\"ListItem\",\"position\":3,\"name\":\"Kelluke k\u00e4epidemega\"}]},{\"@type\":\"WebSite\",\"@id\":\"https:\\\/\\\/etnoart.eu\\\/#website\",\"url\":\"https:\\\/\\\/etnoart.eu\\\/\",\"name\":\"Etnoart\",\"description\":\"K&auml;sit&ouml;&ouml;pood\",\"publisher\":{\"@id\":\"https:\\\/\\\/etnoart.eu\\\/#organization\"},\"potentialAction\":[{\"@type\":\"SearchAction\",\"target\":{\"@type\":\"EntryPoint\",\"urlTemplate\":\"https:\\\/\\\/etnoart.eu\\\/?s={search_term_string}\"},\"query-input\":{\"@type\":\"PropertyValueSpecification\",\"valueRequired\":true,\"valueName\":\"search_term_string\"}}],\"inLanguage\":\"en-US\"},{\"@type\":\"Organization\",\"@id\":\"https:\\\/\\\/etnoart.eu\\\/#organization\",\"name\":\"Etnoart O\u00dc\",\"url\":\"https:\\\/\\\/etnoart.eu\\\/\",\"logo\":{\"@type\":\"ImageObject\",\"inLanguage\":\"en-US\",\"@id\":\"https:\\\/\\\/etnoart.eu\\\/#\\\/schema\\\/logo\\\/image\\\/\",\"url\":\"https:\\\/\\\/etnoart.eu\\\/wp-content\\\/uploads\\\/2023\\\/06\\\/etnoart-logo.png\",\"contentUrl\":\"https:\\\/\\\/etnoart.eu\\\/wp-content\\\/uploads\\\/2023\\\/06\\\/etnoart-logo.png\",\"width\":491,\"height\":184,\"caption\":\"Etnoart O\u00dc\"},\"image\":{\"@id\":\"https:\\\/\\\/etnoart.eu\\\/#\\\/schema\\\/logo\\\/image\\\/\"},\"sameAs\":[\"https:\\\/\\\/www.facebook.com\\\/etnoart.handicraft.shop\"]}]}<\/script>\n<!-- \/ Yoast SEO plugin. -->","yoast_head_json":{"title":"Kelluke k\u00e4epidemega |EtnoArt| Suveniirid ja kingitused","description":"Kelluke k\u00e4epidemega, valmistatud Eesti seppade poolt, toob endaga kaasa mitte ainult ajatuid disainielemente, vaid ka killukese nostalgilist \u00f5hkkonda.","robots":{"index":"index","follow":"follow","max-snippet":"max-snippet:-1","max-image-preview":"max-image-preview:large","max-video-preview":"max-video-preview:-1"},"canonical":"https:\/\/etnoart.eu\/de\/toode\/kelluke-kaepidemega\/","og_locale":"en_US","og_type":"article","og_title":"Kelluke k\u00e4epidemega |EtnoArt| Suveniirid ja kingitused","og_description":"Kelluke k\u00e4epidemega, valmistatud Eesti seppade poolt, toob endaga kaasa mitte ainult ajatuid disainielemente, vaid ka killukese nostalgilist \u00f5hkkonda.","og_url":"https:\/\/etnoart.eu\/de\/toode\/kelluke-kaepidemega\/","og_site_name":"Etnoart","article_publisher":"https:\/\/www.facebook.com\/etnoart.handicraft.shop","article_modified_time":"2023-08-27T10:27:33+00:00","og_image":[{"width":1000,"height":1015,"url":"https:\/\/etnoart.eu\/wp-content\/uploads\/2023\/06\/Kelluke-koolitunni-alguseks.jpg","type":"image\/jpeg"}],"twitter_card":"summary_large_image","twitter_misc":{"Est. reading time":"2 minutes"},"schema":{"@context":"https:\/\/schema.org","@graph":[{"@type":"WebPage","@id":"https:\/\/etnoart.eu\/de\/toode\/kelluke-kaepidemega\/","url":"https:\/\/etnoart.eu\/de\/toode\/kelluke-kaepidemega\/","name":"Kelluke k\u00e4epidemega |EtnoArt| Suveniirid ja kingitused","isPartOf":{"@id":"https:\/\/etnoart.eu\/#website"},"primaryImageOfPage":{"@id":"https:\/\/etnoart.eu\/de\/toode\/kelluke-kaepidemega\/#primaryimage"},"image":{"@id":"https:\/\/etnoart.eu\/de\/toode\/kelluke-kaepidemega\/#primaryimage"},"thumbnailUrl":"https:\/\/etnoart.eu\/wp-content\/uploads\/2023\/06\/Kelluke-koolitunni-alguseks.jpg","datePublished":"2023-06-08T08:56:05+00:00","dateModified":"2023-08-27T10:27:33+00:00","description":"Kelluke k\u00e4epidemega, valmistatud Eesti seppade poolt, toob endaga kaasa mitte ainult ajatuid disainielemente, vaid ka killukese nostalgilist \u00f5hkkonda.","breadcrumb":{"@id":"https:\/\/etnoart.eu\/de\/toode\/kelluke-kaepidemega\/#breadcrumb"},"inLanguage":"en-US","potentialAction":[{"@type":"ReadAction","target":["https:\/\/etnoart.eu\/de\/toode\/kelluke-kaepidemega\/"]}]},{"@type":"ImageObject","inLanguage":"en-US","@id":"https:\/\/etnoart.eu\/de\/toode\/kelluke-kaepidemega\/#primaryimage","url":"https:\/\/etnoart.eu\/wp-content\/uploads\/2023\/06\/Kelluke-koolitunni-alguseks.jpg","contentUrl":"https:\/\/etnoart.eu\/wp-content\/uploads\/2023\/06\/Kelluke-koolitunni-alguseks.jpg","width":1000,"height":1015,"caption":"Kelluke koolitunni alguseks"},{"@type":"BreadcrumbList","@id":"https:\/\/etnoart.eu\/de\/toode\/kelluke-kaepidemega\/#breadcrumb","itemListElement":[{"@type":"ListItem","position":1,"name":"Home","item":"https:\/\/etnoart.eu\/en\/"},{"@type":"ListItem","position":2,"name":"Shop","item":"https:\/\/etnoart.eu\/en\/shop\/"},{"@type":"ListItem","position":3,"name":"Kelluke k\u00e4epidemega"}]},{"@type":"WebSite","@id":"https:\/\/etnoart.eu\/#website","url":"https:\/\/etnoart.eu\/","name":"Etnoart","description":"K&auml;sit&ouml;&ouml;pood","publisher":{"@id":"https:\/\/etnoart.eu\/#organization"},"potentialAction":[{"@type":"SearchAction","target":{"@type":"EntryPoint","urlTemplate":"https:\/\/etnoart.eu\/?s={search_term_string}"},"query-input":{"@type":"PropertyValueSpecification","valueRequired":true,"valueName":"search_term_string"}}],"inLanguage":"en-US"},{"@type":"Organization","@id":"https:\/\/etnoart.eu\/#organization","name":"Etnoart O\u00dc","url":"https:\/\/etnoart.eu\/","logo":{"@type":"ImageObject","inLanguage":"en-US","@id":"https:\/\/etnoart.eu\/#\/schema\/logo\/image\/","url":"https:\/\/etnoart.eu\/wp-content\/uploads\/2023\/06\/etnoart-logo.png","contentUrl":"https:\/\/etnoart.eu\/wp-content\/uploads\/2023\/06\/etnoart-logo.png","width":491,"height":184,"caption":"Etnoart O\u00dc"},"image":{"@id":"https:\/\/etnoart.eu\/#\/schema\/logo\/image\/"},"sameAs":["https:\/\/www.facebook.com\/etnoart.handicraft.shop"]}]}},"builder_content":"","_links":{"self":[{"href":"https:\/\/etnoart.eu\/en\/wp-json\/wp\/v2\/product\/3034","targetHints":{"allow":["GET"]}}],"collection":[{"href":"https:\/\/etnoart.eu\/en\/wp-json\/wp\/v2\/product"}],"about":[{"href":"https:\/\/etnoart.eu\/en\/wp-json\/wp\/v2\/types\/product"}],"wp:featuredmedia":[{"embeddable":true,"href":"https:\/\/etnoart.eu\/en\/wp-json\/wp\/v2\/media\/4127"}],"wp:attachment":[{"href":"https:\/\/etnoart.eu\/en\/wp-json\/wp\/v2\/media?parent=3034"}],"wp:term":[{"taxonomy":"product_brand","embeddable":true,"href":"https:\/\/etnoart.eu\/en\/wp-json\/wp\/v2\/product_brand?post=3034"},{"taxonomy":"product_cat","embeddable":true,"href":"https:\/\/etnoart.eu\/en\/wp-json\/wp\/v2\/product_cat?post=3034"},{"taxonomy":"product_tag","embeddable":true,"href":"https:\/\/etnoart.eu\/en\/wp-json\/wp\/v2\/product_tag?post=3034"}],"curies":[{"name":"wp","href":"https:\/\/api.w.org\/{rel}","templated":true}]}}