{"id":3029,"date":"2023-06-08T08:56:04","date_gmt":"2023-06-08T08:56:04","guid":{"rendered":"https:\/\/etnoart.amsel.ee\/?post_type=product&#038;p=3029"},"modified":"2024-10-11T05:34:25","modified_gmt":"2024-10-11T05:34:25","slug":"tuhakuhvel","status":"publish","type":"product","link":"https:\/\/etnoart.eu\/en\/toode\/tuhakuhvel\/","title":{"rendered":"Tuhak\u00fchvel"},"content":{"rendered":"<p>Tuhak\u00fchvel on tulekolde juures h\u00e4davajalik abivahend. See toode \u00fchendab endas minimalistlikku disaini ja praktilist funktsionaalsust. Selle k\u00fchvli unikaalne v\u00e4limus sobib suurep\u00e4raselt erinevatesse interj\u00f6\u00f6ridesse, olgu selleks siis traditsiooniline kamin v\u00f5i kaasaegne pliit. K\u00fchvli k\u00e4epide ja vars on osavalt painutatud metallvardast, tagades tugevuse ja vastupidavuse. Samal ajal on k\u00fchvli osa valtsitud vastupidavast plekist, mis v\u00f5imaldab h\u00f5lpsasti koguda tuhka, tolmu ja pr\u00fcgi.<\/p>\n<p>Tuhak\u00fchvli minimalistlik disain r\u00f5hutab selle lihtsat elegantsi, mis sulandub sujuvalt erinevatesse sisekujundustesse. Selle lihtne, kuid samas kaasaegne v\u00e4limus annab tulekolde \u00fcmbrusele puhta ja korraliku ilme ning muudab kaminahoolduse lihtsaks ja nauditavaks.<\/p>\n<p>Kui soovite t\u00e4ielikku komplekti, saate meie poest lisaks soetada ka sama disainiga <a href=\"https:\/\/etnoart.eu\/toode\/kaminahari-56cm\/\" target=\"_blank\" rel=\"noopener\">harja<\/a> ja <a href=\"https:\/\/etnoart.eu\/toode\/ahjuroop-46cm\/\" target=\"_blank\" rel=\"noopener\">roopi<\/a>. Hari aitab h\u00f5lpsasti eemaldada tuhka ja pr\u00fcgi enne k\u00fchvliga koristamist ning roop v\u00f5imaldab mugavalt koguda koristatud materjali. Roopade erinevad pikkused v\u00f5imaldavad teil valida sobiva t\u00f6\u00f6vahendi vastavalt konkreetsele koristus\u00fclesandele, olgu see siis kitsas nurk v\u00f5i suurem ala.<\/p>\n<p>Kokkuv\u00f5ttes on tuhak\u00fchvel mitmek\u00fclgne ja kvaliteetne abivahend, mis muudab tulekolde hooldamise lihtsaks ja efektiivseks. Selle minimalistlik disain, vastupidav konstruktsioon ja v\u00f5imalus t\u00e4iendava harja ning roobi j\u00e4rele annavad teile vajalikud vahendid, et hoida tuleaseme \u00fcmbrus puhas ja kutsuv.<\/p>\n<p>Tuhak\u00fchvel on valmistatud Eestis kohalike seppade poolt.<\/p>\n<p>Pikkus 63 cm, k\u00fchvel 13 x 17,5 cm, kaetud mati pulberlakiga.<\/p>\n","protected":false},"excerpt":{"rendered":"<p>Pikkus 63 cm, k\u00fchvel 13 x 17,5 cm, kaetud mati pulberlakiga.<\/p>\n","protected":false},"featured_media":4160,"template":"","meta":[],"product_brand":[],"product_cat":[116],"product_tag":[],"class_list":{"0":"post-3029","1":"product","2":"type-product","3":"status-publish","4":"has-post-thumbnail","6":"product_cat-kaminatarbed-ja-puukorvid","7":"has-post-title","8":"has-post-date","9":"has-post-category","10":"has-post-tag","11":"has-post-comment","12":"has-post-author","13":"","15":"first","16":"instock","17":"taxable","18":"shipping-taxable","19":"purchasable","20":"product-type-simple"},"yoast_head":"<!-- This site is optimized with the Yoast SEO plugin v27.4 - https:\/\/yoast.com\/product\/yoast-seo-wordpress\/ -->\n<title>Tuhak\u00fchvel |EtnoArt| Kaminatarbed ja puukorvid<\/title>\n<meta name=\"description\" content=\"Tuhak\u00fchvel on tulekolde juures h\u00e4davajalik abivahend. See toode \u00fchendab endas minimalistlikku disaini ja praktilist funktsionaalsust.\" \/>\n<meta name=\"robots\" content=\"index, follow, max-snippet:-1, max-image-preview:large, max-video-preview:-1\" \/>\n<link rel=\"canonical\" href=\"https:\/\/etnoart.eu\/en\/toode\/tuhakuhvel\/\" \/>\n<meta property=\"og:locale\" content=\"en_US\" \/>\n<meta property=\"og:type\" content=\"article\" \/>\n<meta property=\"og:title\" content=\"Tuhak\u00fchvel |EtnoArt| Kaminatarbed ja puukorvid\" \/>\n<meta property=\"og:description\" content=\"Tuhak\u00fchvel on tulekolde juures h\u00e4davajalik abivahend. See toode \u00fchendab endas minimalistlikku disaini ja praktilist funktsionaalsust.\" \/>\n<meta property=\"og:url\" content=\"https:\/\/etnoart.eu\/en\/toode\/tuhakuhvel\/\" \/>\n<meta property=\"og:site_name\" content=\"Etnoart\" \/>\n<meta property=\"article:publisher\" content=\"https:\/\/www.facebook.com\/etnoart.handicraft.shop\" \/>\n<meta property=\"article:modified_time\" content=\"2024-10-11T05:34:25+00:00\" \/>\n<meta property=\"og:image\" content=\"https:\/\/etnoart.eu\/wp-content\/uploads\/2023\/06\/tuhakuhvel-metallist-varrega.jpg\" \/>\n\t<meta property=\"og:image:width\" content=\"1000\" \/>\n\t<meta property=\"og:image:height\" content=\"1000\" \/>\n\t<meta property=\"og:image:type\" content=\"image\/jpeg\" \/>\n<meta name=\"twitter:card\" content=\"summary_large_image\" \/>\n<meta name=\"twitter:label1\" content=\"Est. reading time\" \/>\n\t<meta name=\"twitter:data1\" content=\"2 minutes\" \/>\n<script type=\"application\/ld+json\" class=\"yoast-schema-graph\">{\"@context\":\"https:\\\/\\\/schema.org\",\"@graph\":[{\"@type\":\"WebPage\",\"@id\":\"https:\\\/\\\/etnoart.eu\\\/en\\\/toode\\\/tuhakuhvel\\\/\",\"url\":\"https:\\\/\\\/etnoart.eu\\\/en\\\/toode\\\/tuhakuhvel\\\/\",\"name\":\"Tuhak\u00fchvel |EtnoArt| Kaminatarbed ja puukorvid\",\"isPartOf\":{\"@id\":\"https:\\\/\\\/etnoart.eu\\\/#website\"},\"primaryImageOfPage\":{\"@id\":\"https:\\\/\\\/etnoart.eu\\\/en\\\/toode\\\/tuhakuhvel\\\/#primaryimage\"},\"image\":{\"@id\":\"https:\\\/\\\/etnoart.eu\\\/en\\\/toode\\\/tuhakuhvel\\\/#primaryimage\"},\"thumbnailUrl\":\"https:\\\/\\\/etnoart.eu\\\/wp-content\\\/uploads\\\/2023\\\/06\\\/tuhakuhvel-metallist-varrega.jpg\",\"datePublished\":\"2023-06-08T08:56:04+00:00\",\"dateModified\":\"2024-10-11T05:34:25+00:00\",\"description\":\"Tuhak\u00fchvel on tulekolde juures h\u00e4davajalik abivahend. See toode \u00fchendab endas minimalistlikku disaini ja praktilist funktsionaalsust.\",\"breadcrumb\":{\"@id\":\"https:\\\/\\\/etnoart.eu\\\/en\\\/toode\\\/tuhakuhvel\\\/#breadcrumb\"},\"inLanguage\":\"en-US\",\"potentialAction\":[{\"@type\":\"ReadAction\",\"target\":[\"https:\\\/\\\/etnoart.eu\\\/en\\\/toode\\\/tuhakuhvel\\\/\"]}]},{\"@type\":\"ImageObject\",\"inLanguage\":\"en-US\",\"@id\":\"https:\\\/\\\/etnoart.eu\\\/en\\\/toode\\\/tuhakuhvel\\\/#primaryimage\",\"url\":\"https:\\\/\\\/etnoart.eu\\\/wp-content\\\/uploads\\\/2023\\\/06\\\/tuhakuhvel-metallist-varrega.jpg\",\"contentUrl\":\"https:\\\/\\\/etnoart.eu\\\/wp-content\\\/uploads\\\/2023\\\/06\\\/tuhakuhvel-metallist-varrega.jpg\",\"width\":1000,\"height\":1000,\"caption\":\"tuhak\u00fchvel metallist varrega\"},{\"@type\":\"BreadcrumbList\",\"@id\":\"https:\\\/\\\/etnoart.eu\\\/en\\\/toode\\\/tuhakuhvel\\\/#breadcrumb\",\"itemListElement\":[{\"@type\":\"ListItem\",\"position\":1,\"name\":\"Home\",\"item\":\"https:\\\/\\\/etnoart.eu\\\/en\\\/\"},{\"@type\":\"ListItem\",\"position\":2,\"name\":\"Shop\",\"item\":\"https:\\\/\\\/etnoart.eu\\\/en\\\/shop\\\/\"},{\"@type\":\"ListItem\",\"position\":3,\"name\":\"Tuhak\u00fchvel\"}]},{\"@type\":\"WebSite\",\"@id\":\"https:\\\/\\\/etnoart.eu\\\/#website\",\"url\":\"https:\\\/\\\/etnoart.eu\\\/\",\"name\":\"Etnoart\",\"description\":\"K&auml;sit&ouml;&ouml;pood\",\"publisher\":{\"@id\":\"https:\\\/\\\/etnoart.eu\\\/#organization\"},\"potentialAction\":[{\"@type\":\"SearchAction\",\"target\":{\"@type\":\"EntryPoint\",\"urlTemplate\":\"https:\\\/\\\/etnoart.eu\\\/?s={search_term_string}\"},\"query-input\":{\"@type\":\"PropertyValueSpecification\",\"valueRequired\":true,\"valueName\":\"search_term_string\"}}],\"inLanguage\":\"en-US\"},{\"@type\":\"Organization\",\"@id\":\"https:\\\/\\\/etnoart.eu\\\/#organization\",\"name\":\"Etnoart O\u00dc\",\"url\":\"https:\\\/\\\/etnoart.eu\\\/\",\"logo\":{\"@type\":\"ImageObject\",\"inLanguage\":\"en-US\",\"@id\":\"https:\\\/\\\/etnoart.eu\\\/#\\\/schema\\\/logo\\\/image\\\/\",\"url\":\"https:\\\/\\\/etnoart.eu\\\/wp-content\\\/uploads\\\/2023\\\/06\\\/etnoart-logo.png\",\"contentUrl\":\"https:\\\/\\\/etnoart.eu\\\/wp-content\\\/uploads\\\/2023\\\/06\\\/etnoart-logo.png\",\"width\":491,\"height\":184,\"caption\":\"Etnoart O\u00dc\"},\"image\":{\"@id\":\"https:\\\/\\\/etnoart.eu\\\/#\\\/schema\\\/logo\\\/image\\\/\"},\"sameAs\":[\"https:\\\/\\\/www.facebook.com\\\/etnoart.handicraft.shop\"]}]}<\/script>\n<!-- \/ Yoast SEO plugin. -->","yoast_head_json":{"title":"Tuhak\u00fchvel |EtnoArt| Kaminatarbed ja puukorvid","description":"Tuhak\u00fchvel on tulekolde juures h\u00e4davajalik abivahend. See toode \u00fchendab endas minimalistlikku disaini ja praktilist funktsionaalsust.","robots":{"index":"index","follow":"follow","max-snippet":"max-snippet:-1","max-image-preview":"max-image-preview:large","max-video-preview":"max-video-preview:-1"},"canonical":"https:\/\/etnoart.eu\/en\/toode\/tuhakuhvel\/","og_locale":"en_US","og_type":"article","og_title":"Tuhak\u00fchvel |EtnoArt| Kaminatarbed ja puukorvid","og_description":"Tuhak\u00fchvel on tulekolde juures h\u00e4davajalik abivahend. See toode \u00fchendab endas minimalistlikku disaini ja praktilist funktsionaalsust.","og_url":"https:\/\/etnoart.eu\/en\/toode\/tuhakuhvel\/","og_site_name":"Etnoart","article_publisher":"https:\/\/www.facebook.com\/etnoart.handicraft.shop","article_modified_time":"2024-10-11T05:34:25+00:00","og_image":[{"width":1000,"height":1000,"url":"https:\/\/etnoart.eu\/wp-content\/uploads\/2023\/06\/tuhakuhvel-metallist-varrega.jpg","type":"image\/jpeg"}],"twitter_card":"summary_large_image","twitter_misc":{"Est. reading time":"2 minutes"},"schema":{"@context":"https:\/\/schema.org","@graph":[{"@type":"WebPage","@id":"https:\/\/etnoart.eu\/en\/toode\/tuhakuhvel\/","url":"https:\/\/etnoart.eu\/en\/toode\/tuhakuhvel\/","name":"Tuhak\u00fchvel |EtnoArt| Kaminatarbed ja puukorvid","isPartOf":{"@id":"https:\/\/etnoart.eu\/#website"},"primaryImageOfPage":{"@id":"https:\/\/etnoart.eu\/en\/toode\/tuhakuhvel\/#primaryimage"},"image":{"@id":"https:\/\/etnoart.eu\/en\/toode\/tuhakuhvel\/#primaryimage"},"thumbnailUrl":"https:\/\/etnoart.eu\/wp-content\/uploads\/2023\/06\/tuhakuhvel-metallist-varrega.jpg","datePublished":"2023-06-08T08:56:04+00:00","dateModified":"2024-10-11T05:34:25+00:00","description":"Tuhak\u00fchvel on tulekolde juures h\u00e4davajalik abivahend. See toode \u00fchendab endas minimalistlikku disaini ja praktilist funktsionaalsust.","breadcrumb":{"@id":"https:\/\/etnoart.eu\/en\/toode\/tuhakuhvel\/#breadcrumb"},"inLanguage":"en-US","potentialAction":[{"@type":"ReadAction","target":["https:\/\/etnoart.eu\/en\/toode\/tuhakuhvel\/"]}]},{"@type":"ImageObject","inLanguage":"en-US","@id":"https:\/\/etnoart.eu\/en\/toode\/tuhakuhvel\/#primaryimage","url":"https:\/\/etnoart.eu\/wp-content\/uploads\/2023\/06\/tuhakuhvel-metallist-varrega.jpg","contentUrl":"https:\/\/etnoart.eu\/wp-content\/uploads\/2023\/06\/tuhakuhvel-metallist-varrega.jpg","width":1000,"height":1000,"caption":"tuhak\u00fchvel metallist varrega"},{"@type":"BreadcrumbList","@id":"https:\/\/etnoart.eu\/en\/toode\/tuhakuhvel\/#breadcrumb","itemListElement":[{"@type":"ListItem","position":1,"name":"Home","item":"https:\/\/etnoart.eu\/en\/"},{"@type":"ListItem","position":2,"name":"Shop","item":"https:\/\/etnoart.eu\/en\/shop\/"},{"@type":"ListItem","position":3,"name":"Tuhak\u00fchvel"}]},{"@type":"WebSite","@id":"https:\/\/etnoart.eu\/#website","url":"https:\/\/etnoart.eu\/","name":"Etnoart","description":"K&auml;sit&ouml;&ouml;pood","publisher":{"@id":"https:\/\/etnoart.eu\/#organization"},"potentialAction":[{"@type":"SearchAction","target":{"@type":"EntryPoint","urlTemplate":"https:\/\/etnoart.eu\/?s={search_term_string}"},"query-input":{"@type":"PropertyValueSpecification","valueRequired":true,"valueName":"search_term_string"}}],"inLanguage":"en-US"},{"@type":"Organization","@id":"https:\/\/etnoart.eu\/#organization","name":"Etnoart O\u00dc","url":"https:\/\/etnoart.eu\/","logo":{"@type":"ImageObject","inLanguage":"en-US","@id":"https:\/\/etnoart.eu\/#\/schema\/logo\/image\/","url":"https:\/\/etnoart.eu\/wp-content\/uploads\/2023\/06\/etnoart-logo.png","contentUrl":"https:\/\/etnoart.eu\/wp-content\/uploads\/2023\/06\/etnoart-logo.png","width":491,"height":184,"caption":"Etnoart O\u00dc"},"image":{"@id":"https:\/\/etnoart.eu\/#\/schema\/logo\/image\/"},"sameAs":["https:\/\/www.facebook.com\/etnoart.handicraft.shop"]}]}},"builder_content":"","_links":{"self":[{"href":"https:\/\/etnoart.eu\/en\/wp-json\/wp\/v2\/product\/3029","targetHints":{"allow":["GET"]}}],"collection":[{"href":"https:\/\/etnoart.eu\/en\/wp-json\/wp\/v2\/product"}],"about":[{"href":"https:\/\/etnoart.eu\/en\/wp-json\/wp\/v2\/types\/product"}],"wp:featuredmedia":[{"embeddable":true,"href":"https:\/\/etnoart.eu\/en\/wp-json\/wp\/v2\/media\/4160"}],"wp:attachment":[{"href":"https:\/\/etnoart.eu\/en\/wp-json\/wp\/v2\/media?parent=3029"}],"wp:term":[{"taxonomy":"product_brand","embeddable":true,"href":"https:\/\/etnoart.eu\/en\/wp-json\/wp\/v2\/product_brand?post=3029"},{"taxonomy":"product_cat","embeddable":true,"href":"https:\/\/etnoart.eu\/en\/wp-json\/wp\/v2\/product_cat?post=3029"},{"taxonomy":"product_tag","embeddable":true,"href":"https:\/\/etnoart.eu\/en\/wp-json\/wp\/v2\/product_tag?post=3029"}],"curies":[{"name":"wp","href":"https:\/\/api.w.org\/{rel}","templated":true}]}}