{"id":3026,"date":"2023-06-08T08:56:03","date_gmt":"2023-06-08T08:56:03","guid":{"rendered":"https:\/\/etnoart.amsel.ee\/?post_type=product&#038;p=3026"},"modified":"2023-08-27T17:14:26","modified_gmt":"2023-08-27T17:14:26","slug":"tuletangid-53cm","status":"publish","type":"product","link":"https:\/\/etnoart.eu\/en\/toode\/tuletangid-53cm\/","title":{"rendered":"Tuletangid 53cm"},"content":{"rendered":"<p>Tuletangid on vastupidavast terasest valmistatud olulised t\u00f6\u00f6riistad, mis kuuluvad tulekolde hooldamise arsenalisse. Kuigi tuletangid ei pruugi saavutada sama ulatuslikku kasutust kui roop v\u00f5i k\u00fchvel, on neil siiski oluline roll aeg-ajalt esile kerkivate olukordade lahendamisel. Nende kerguse ja praktilisuse kombinatsioon muudab need h\u00f5lpsalt kasutatavateks ja efektiivseteks abilisteks.<\/p>\n<p>Tuletange kasutatakse peamiselt suuremate p\u00f5lemata puut\u00fckkide ohutuks eemaldamiseks tulekoldest. N\u00e4iteks v\u00f5ib olla vajadus viia poolikult p\u00f5lenud puut\u00fckid teise koldesse, et tagada ahju v\u00f5i pliidi optimaalne k\u00fctmine. Oluline on v\u00e4ltida pooleldi p\u00f5letatud materjali koldes hoidmist, kuna suletud siibri korral v\u00f5ib see tekitada suitsu ja ohustada tervist.<\/p>\n<p>Tuletangide abil saab \u00fcksikud t\u00fckid ohutult ja kontrollitult \u00fchest koldesest teise liigutada, tagades, et need p\u00f5letatakse l\u00f5puni. Kui siiber on suletud, v\u00f5ib soojam\u00fc\u00fcri salvestatud soojus j\u00e4tkuvalt tuppa soojust kiirgada, pakkudes hubast \u00f5hkkonda veel pikka aega.<\/p>\n<p>Kokkuv\u00f5ttes on tuletangid olulised t\u00f6\u00f6riistad, mis kuuluvad tulekolde hoolduse lahutamatuks osaks. Need mitte ainult ei v\u00f5imalda efektiivset puude liigutamist, vaid aitavad ka tagada tuleohutuse ning optimeerida ahju v\u00f5i pliidi k\u00fcttekvaliteeti. Tuletangid v\u00f5ivad tunduda vahest v\u00e4hem t\u00e4htsad kui teised tulekolde abivahendid, kuid nende \u00f5igeaegne kasutamine v\u00f5ib m\u00e4rkimisv\u00e4\u00e4rselt parandada k\u00fcttes\u00fcsteemi efektiivsust ja turvalisust.<\/p>\n<p>Pikkus 53 cm, kaetud mati pulberlakiga.<\/p>\n","protected":false},"excerpt":{"rendered":"<p>Pikkus 53 cm, kaetud mati pulberlakiga.<\/p>\n","protected":false},"featured_media":4163,"template":"","meta":[],"product_brand":[],"product_cat":[116],"product_tag":[],"class_list":{"0":"post-3026","1":"product","2":"type-product","3":"status-publish","4":"has-post-thumbnail","6":"product_cat-kaminatarbed-ja-puukorvid","7":"has-post-title","8":"has-post-date","9":"has-post-category","10":"has-post-tag","11":"has-post-comment","12":"has-post-author","13":"","15":"first","16":"instock","17":"taxable","18":"shipping-taxable","19":"purchasable","20":"product-type-simple"},"yoast_head":"<!-- This site is optimized with the Yoast SEO plugin v27.4 - https:\/\/yoast.com\/product\/yoast-seo-wordpress\/ -->\n<title>Tuletangid 53cm |EtnoArt| Kaminatarbed ja puukorvid<\/title>\n<meta name=\"description\" content=\"Tuletangid on vastupidavast terasest valmistatud olulised t\u00f6\u00f6riistad, mis kuuluvad tulekolde hooldamise arsenalisse. Pikkus 53 cm, kaetud mati pulberlakiga.\" \/>\n<meta name=\"robots\" content=\"index, follow, max-snippet:-1, max-image-preview:large, max-video-preview:-1\" \/>\n<link rel=\"canonical\" href=\"https:\/\/etnoart.eu\/toode\/tuletangid-53cm\/\" \/>\n<meta property=\"og:locale\" content=\"en_US\" \/>\n<meta property=\"og:type\" content=\"article\" \/>\n<meta property=\"og:title\" content=\"Tuletangid 53cm |EtnoArt| Kaminatarbed ja puukorvid\" \/>\n<meta property=\"og:description\" content=\"Tuletangid on vastupidavast terasest valmistatud olulised t\u00f6\u00f6riistad, mis kuuluvad tulekolde hooldamise arsenalisse. Pikkus 53 cm, kaetud mati pulberlakiga.\" \/>\n<meta property=\"og:url\" content=\"https:\/\/etnoart.eu\/toode\/tuletangid-53cm\/\" \/>\n<meta property=\"og:site_name\" content=\"Etnoart\" \/>\n<meta property=\"article:publisher\" content=\"https:\/\/www.facebook.com\/etnoart.handicraft.shop\" \/>\n<meta property=\"article:modified_time\" content=\"2023-08-27T17:14:26+00:00\" \/>\n<meta property=\"og:image\" content=\"https:\/\/etnoart.eu\/wp-content\/uploads\/2023\/06\/Tuletangid.jpg\" \/>\n\t<meta property=\"og:image:width\" content=\"550\" \/>\n\t<meta property=\"og:image:height\" content=\"550\" \/>\n\t<meta property=\"og:image:type\" content=\"image\/jpeg\" \/>\n<meta name=\"twitter:card\" content=\"summary_large_image\" \/>\n<meta name=\"twitter:label1\" content=\"Est. reading time\" \/>\n\t<meta name=\"twitter:data1\" content=\"1 minute\" \/>\n<script type=\"application\/ld+json\" class=\"yoast-schema-graph\">{\"@context\":\"https:\\\/\\\/schema.org\",\"@graph\":[{\"@type\":\"WebPage\",\"@id\":\"https:\\\/\\\/etnoart.eu\\\/toode\\\/tuletangid-53cm\\\/\",\"url\":\"https:\\\/\\\/etnoart.eu\\\/toode\\\/tuletangid-53cm\\\/\",\"name\":\"Tuletangid 53cm |EtnoArt| Kaminatarbed ja puukorvid\",\"isPartOf\":{\"@id\":\"https:\\\/\\\/etnoart.eu\\\/#website\"},\"primaryImageOfPage\":{\"@id\":\"https:\\\/\\\/etnoart.eu\\\/toode\\\/tuletangid-53cm\\\/#primaryimage\"},\"image\":{\"@id\":\"https:\\\/\\\/etnoart.eu\\\/toode\\\/tuletangid-53cm\\\/#primaryimage\"},\"thumbnailUrl\":\"https:\\\/\\\/etnoart.eu\\\/wp-content\\\/uploads\\\/2023\\\/06\\\/Tuletangid.jpg\",\"datePublished\":\"2023-06-08T08:56:03+00:00\",\"dateModified\":\"2023-08-27T17:14:26+00:00\",\"description\":\"Tuletangid on vastupidavast terasest valmistatud olulised t\u00f6\u00f6riistad, mis kuuluvad tulekolde hooldamise arsenalisse. Pikkus 53 cm, kaetud mati pulberlakiga.\",\"breadcrumb\":{\"@id\":\"https:\\\/\\\/etnoart.eu\\\/toode\\\/tuletangid-53cm\\\/#breadcrumb\"},\"inLanguage\":\"en-US\",\"potentialAction\":[{\"@type\":\"ReadAction\",\"target\":[\"https:\\\/\\\/etnoart.eu\\\/toode\\\/tuletangid-53cm\\\/\"]}]},{\"@type\":\"ImageObject\",\"inLanguage\":\"en-US\",\"@id\":\"https:\\\/\\\/etnoart.eu\\\/toode\\\/tuletangid-53cm\\\/#primaryimage\",\"url\":\"https:\\\/\\\/etnoart.eu\\\/wp-content\\\/uploads\\\/2023\\\/06\\\/Tuletangid.jpg\",\"contentUrl\":\"https:\\\/\\\/etnoart.eu\\\/wp-content\\\/uploads\\\/2023\\\/06\\\/Tuletangid.jpg\",\"width\":550,\"height\":550,\"caption\":\"Tuletangid\"},{\"@type\":\"BreadcrumbList\",\"@id\":\"https:\\\/\\\/etnoart.eu\\\/toode\\\/tuletangid-53cm\\\/#breadcrumb\",\"itemListElement\":[{\"@type\":\"ListItem\",\"position\":1,\"name\":\"Home\",\"item\":\"https:\\\/\\\/etnoart.eu\\\/en\\\/\"},{\"@type\":\"ListItem\",\"position\":2,\"name\":\"Shop\",\"item\":\"https:\\\/\\\/etnoart.eu\\\/en\\\/shop\\\/\"},{\"@type\":\"ListItem\",\"position\":3,\"name\":\"Tuletangid 53cm\"}]},{\"@type\":\"WebSite\",\"@id\":\"https:\\\/\\\/etnoart.eu\\\/#website\",\"url\":\"https:\\\/\\\/etnoart.eu\\\/\",\"name\":\"Etnoart\",\"description\":\"K&auml;sit&ouml;&ouml;pood\",\"publisher\":{\"@id\":\"https:\\\/\\\/etnoart.eu\\\/#organization\"},\"potentialAction\":[{\"@type\":\"SearchAction\",\"target\":{\"@type\":\"EntryPoint\",\"urlTemplate\":\"https:\\\/\\\/etnoart.eu\\\/?s={search_term_string}\"},\"query-input\":{\"@type\":\"PropertyValueSpecification\",\"valueRequired\":true,\"valueName\":\"search_term_string\"}}],\"inLanguage\":\"en-US\"},{\"@type\":\"Organization\",\"@id\":\"https:\\\/\\\/etnoart.eu\\\/#organization\",\"name\":\"Etnoart O\u00dc\",\"url\":\"https:\\\/\\\/etnoart.eu\\\/\",\"logo\":{\"@type\":\"ImageObject\",\"inLanguage\":\"en-US\",\"@id\":\"https:\\\/\\\/etnoart.eu\\\/#\\\/schema\\\/logo\\\/image\\\/\",\"url\":\"https:\\\/\\\/etnoart.eu\\\/wp-content\\\/uploads\\\/2023\\\/06\\\/etnoart-logo.png\",\"contentUrl\":\"https:\\\/\\\/etnoart.eu\\\/wp-content\\\/uploads\\\/2023\\\/06\\\/etnoart-logo.png\",\"width\":491,\"height\":184,\"caption\":\"Etnoart O\u00dc\"},\"image\":{\"@id\":\"https:\\\/\\\/etnoart.eu\\\/#\\\/schema\\\/logo\\\/image\\\/\"},\"sameAs\":[\"https:\\\/\\\/www.facebook.com\\\/etnoart.handicraft.shop\"]}]}<\/script>\n<!-- \/ Yoast SEO plugin. -->","yoast_head_json":{"title":"Tuletangid 53cm |EtnoArt| Kaminatarbed ja puukorvid","description":"Tuletangid on vastupidavast terasest valmistatud olulised t\u00f6\u00f6riistad, mis kuuluvad tulekolde hooldamise arsenalisse. Pikkus 53 cm, kaetud mati pulberlakiga.","robots":{"index":"index","follow":"follow","max-snippet":"max-snippet:-1","max-image-preview":"max-image-preview:large","max-video-preview":"max-video-preview:-1"},"canonical":"https:\/\/etnoart.eu\/toode\/tuletangid-53cm\/","og_locale":"en_US","og_type":"article","og_title":"Tuletangid 53cm |EtnoArt| Kaminatarbed ja puukorvid","og_description":"Tuletangid on vastupidavast terasest valmistatud olulised t\u00f6\u00f6riistad, mis kuuluvad tulekolde hooldamise arsenalisse. Pikkus 53 cm, kaetud mati pulberlakiga.","og_url":"https:\/\/etnoart.eu\/toode\/tuletangid-53cm\/","og_site_name":"Etnoart","article_publisher":"https:\/\/www.facebook.com\/etnoart.handicraft.shop","article_modified_time":"2023-08-27T17:14:26+00:00","og_image":[{"width":550,"height":550,"url":"https:\/\/etnoart.eu\/wp-content\/uploads\/2023\/06\/Tuletangid.jpg","type":"image\/jpeg"}],"twitter_card":"summary_large_image","twitter_misc":{"Est. reading time":"1 minute"},"schema":{"@context":"https:\/\/schema.org","@graph":[{"@type":"WebPage","@id":"https:\/\/etnoart.eu\/toode\/tuletangid-53cm\/","url":"https:\/\/etnoart.eu\/toode\/tuletangid-53cm\/","name":"Tuletangid 53cm |EtnoArt| Kaminatarbed ja puukorvid","isPartOf":{"@id":"https:\/\/etnoart.eu\/#website"},"primaryImageOfPage":{"@id":"https:\/\/etnoart.eu\/toode\/tuletangid-53cm\/#primaryimage"},"image":{"@id":"https:\/\/etnoart.eu\/toode\/tuletangid-53cm\/#primaryimage"},"thumbnailUrl":"https:\/\/etnoart.eu\/wp-content\/uploads\/2023\/06\/Tuletangid.jpg","datePublished":"2023-06-08T08:56:03+00:00","dateModified":"2023-08-27T17:14:26+00:00","description":"Tuletangid on vastupidavast terasest valmistatud olulised t\u00f6\u00f6riistad, mis kuuluvad tulekolde hooldamise arsenalisse. Pikkus 53 cm, kaetud mati pulberlakiga.","breadcrumb":{"@id":"https:\/\/etnoart.eu\/toode\/tuletangid-53cm\/#breadcrumb"},"inLanguage":"en-US","potentialAction":[{"@type":"ReadAction","target":["https:\/\/etnoart.eu\/toode\/tuletangid-53cm\/"]}]},{"@type":"ImageObject","inLanguage":"en-US","@id":"https:\/\/etnoart.eu\/toode\/tuletangid-53cm\/#primaryimage","url":"https:\/\/etnoart.eu\/wp-content\/uploads\/2023\/06\/Tuletangid.jpg","contentUrl":"https:\/\/etnoart.eu\/wp-content\/uploads\/2023\/06\/Tuletangid.jpg","width":550,"height":550,"caption":"Tuletangid"},{"@type":"BreadcrumbList","@id":"https:\/\/etnoart.eu\/toode\/tuletangid-53cm\/#breadcrumb","itemListElement":[{"@type":"ListItem","position":1,"name":"Home","item":"https:\/\/etnoart.eu\/en\/"},{"@type":"ListItem","position":2,"name":"Shop","item":"https:\/\/etnoart.eu\/en\/shop\/"},{"@type":"ListItem","position":3,"name":"Tuletangid 53cm"}]},{"@type":"WebSite","@id":"https:\/\/etnoart.eu\/#website","url":"https:\/\/etnoart.eu\/","name":"Etnoart","description":"K&auml;sit&ouml;&ouml;pood","publisher":{"@id":"https:\/\/etnoart.eu\/#organization"},"potentialAction":[{"@type":"SearchAction","target":{"@type":"EntryPoint","urlTemplate":"https:\/\/etnoart.eu\/?s={search_term_string}"},"query-input":{"@type":"PropertyValueSpecification","valueRequired":true,"valueName":"search_term_string"}}],"inLanguage":"en-US"},{"@type":"Organization","@id":"https:\/\/etnoart.eu\/#organization","name":"Etnoart O\u00dc","url":"https:\/\/etnoart.eu\/","logo":{"@type":"ImageObject","inLanguage":"en-US","@id":"https:\/\/etnoart.eu\/#\/schema\/logo\/image\/","url":"https:\/\/etnoart.eu\/wp-content\/uploads\/2023\/06\/etnoart-logo.png","contentUrl":"https:\/\/etnoart.eu\/wp-content\/uploads\/2023\/06\/etnoart-logo.png","width":491,"height":184,"caption":"Etnoart O\u00dc"},"image":{"@id":"https:\/\/etnoart.eu\/#\/schema\/logo\/image\/"},"sameAs":["https:\/\/www.facebook.com\/etnoart.handicraft.shop"]}]}},"builder_content":"","_links":{"self":[{"href":"https:\/\/etnoart.eu\/en\/wp-json\/wp\/v2\/product\/3026","targetHints":{"allow":["GET"]}}],"collection":[{"href":"https:\/\/etnoart.eu\/en\/wp-json\/wp\/v2\/product"}],"about":[{"href":"https:\/\/etnoart.eu\/en\/wp-json\/wp\/v2\/types\/product"}],"wp:featuredmedia":[{"embeddable":true,"href":"https:\/\/etnoart.eu\/en\/wp-json\/wp\/v2\/media\/4163"}],"wp:attachment":[{"href":"https:\/\/etnoart.eu\/en\/wp-json\/wp\/v2\/media?parent=3026"}],"wp:term":[{"taxonomy":"product_brand","embeddable":true,"href":"https:\/\/etnoart.eu\/en\/wp-json\/wp\/v2\/product_brand?post=3026"},{"taxonomy":"product_cat","embeddable":true,"href":"https:\/\/etnoart.eu\/en\/wp-json\/wp\/v2\/product_cat?post=3026"},{"taxonomy":"product_tag","embeddable":true,"href":"https:\/\/etnoart.eu\/en\/wp-json\/wp\/v2\/product_tag?post=3026"}],"curies":[{"name":"wp","href":"https:\/\/api.w.org\/{rel}","templated":true}]}}