{"id":2923,"date":"2023-06-08T08:55:42","date_gmt":"2023-06-08T08:55:42","guid":{"rendered":"https:\/\/etnoart.amsel.ee\/?post_type=product&#038;p=2923"},"modified":"2023-08-27T18:30:30","modified_gmt":"2023-08-27T18:30:30","slug":"ahjuroop-46cm","status":"publish","type":"product","link":"https:\/\/etnoart.eu\/en\/toode\/ahjuroop-46cm\/","title":{"rendered":"Ahjuroop 46cm"},"content":{"rendered":"<p>Ahjuroop\u00a0 46cm on loodud v\u00e4iksemate tulekollete, nagu pliidid v\u00f5i kaminad, hooldamiseks. Selle praktiline disain on optimeeritud just nende t\u00fc\u00fcpide k\u00fcttes\u00fcsteemidele.<\/p>\n<p>See lihtsa disainiga ahjuroop 46cm on valmistatud metallvardast, mis on osavalt painutatud. Selle minimalistlik v\u00e4limus r\u00f5hutab selle funktsionaalsust ja kasutusmugavust. Ahjuroobi pikkus 46 cm v\u00f5imaldab seda h\u00f5lpsasti kasutada v\u00e4iksemate tulekollete hooldamisel.<\/p>\n<p>Eriline t\u00e4helepanu on p\u00f6\u00f6ratud selle ahjuroobi mugavusele pliidi all tule kohendamiseks. V\u00e4iksemad tulekolled, nagu pliidid ja kaminad, n\u00f5uavad \u00f5ige p\u00f5lemise ja soojustaseme tagamiseks pidevat hoolt. Selle ahjuroobi abil saab lihtsalt ja turvaliselt liigutada puid, kohendada tuld ning tagada k\u00fcttes\u00fcsteemi efektiivne toimimine.<\/p>\n<p>46 cm pikkus on ideaalne v\u00e4iksemate tulekollete jaoks, kus pole vaja pikka roopi, vaid pigem kompaktset ja praktilist t\u00f6\u00f6riista. Selle ahjuroobi lihtne disain ja kergus muudavad selle kasutamise nauditavaks ning selle saab h\u00f5lpsasti hoida k\u00e4eulatuses.<\/p>\n<p>Kokkuv\u00f5ttes on see 46 cm pikkune ahjuroop oluline abivahend, mis on spetsiaalselt loodud v\u00e4iksemate tulekollete hooldamiseks. Selle lihtne disain ja praktiline kasutusmugavus muudavad selle t\u00f6\u00f6riista h\u00e4davajalikuks lisandiks igasse kodusesse k\u00fcttes\u00fcsteemi hooldamisse.<\/p>\n<p>Pikkus 46 cm, lakitud mati pulberlakiga.<\/p>\n","protected":false},"excerpt":{"rendered":"<p>Pikkus 46 cm, lakitud mati pulberlakiga.<\/p>\n","protected":false},"featured_media":4177,"template":"","meta":[],"product_brand":[],"product_cat":[116],"product_tag":[],"class_list":{"0":"post-2923","1":"product","2":"type-product","3":"status-publish","4":"has-post-thumbnail","6":"product_cat-kaminatarbed-ja-puukorvid","7":"has-post-title","8":"has-post-date","9":"has-post-category","10":"has-post-tag","11":"has-post-comment","12":"has-post-author","13":"","15":"first","16":"instock","17":"taxable","18":"shipping-taxable","19":"purchasable","20":"product-type-simple"},"yoast_head":"<!-- This site is optimized with the Yoast SEO plugin v27.4 - https:\/\/yoast.com\/product\/yoast-seo-wordpress\/ -->\n<title>Ahjuroop 46cm |EtnoArt| Kaminatarbed ja puukorvid<\/title>\n<meta name=\"description\" content=\"Ahjuroop\u00a0 46cm on loodud v\u00e4iksemate tulekollete, nagu pliidid v\u00f5i kaminad, hooldamiseks. Lihtne ja praktiline abivahend tule kohendamiseks\" \/>\n<meta name=\"robots\" content=\"index, follow, max-snippet:-1, max-image-preview:large, max-video-preview:-1\" \/>\n<link rel=\"canonical\" href=\"https:\/\/etnoart.eu\/de\/toode\/ahjuroop-46cm\/\" \/>\n<meta property=\"og:locale\" content=\"en_US\" \/>\n<meta property=\"og:type\" content=\"article\" \/>\n<meta property=\"og:title\" content=\"Ahjuroop 46cm |EtnoArt| Kaminatarbed ja puukorvid\" \/>\n<meta property=\"og:description\" content=\"Ahjuroop\u00a0 46cm on loodud v\u00e4iksemate tulekollete, nagu pliidid v\u00f5i kaminad, hooldamiseks. Lihtne ja praktiline abivahend tule kohendamiseks\" \/>\n<meta property=\"og:url\" content=\"https:\/\/etnoart.eu\/de\/toode\/ahjuroop-46cm\/\" \/>\n<meta property=\"og:site_name\" content=\"Etnoart\" \/>\n<meta property=\"article:publisher\" content=\"https:\/\/www.facebook.com\/etnoart.handicraft.shop\" \/>\n<meta property=\"article:modified_time\" content=\"2023-08-27T18:30:30+00:00\" \/>\n<meta property=\"og:image\" content=\"https:\/\/etnoart.eu\/wp-content\/uploads\/2023\/06\/ahjuroop-46cm.jpg\" \/>\n\t<meta property=\"og:image:width\" content=\"1167\" \/>\n\t<meta property=\"og:image:height\" content=\"1167\" \/>\n\t<meta property=\"og:image:type\" content=\"image\/jpeg\" \/>\n<meta name=\"twitter:card\" content=\"summary_large_image\" \/>\n<meta name=\"twitter:label1\" content=\"Est. reading time\" \/>\n\t<meta name=\"twitter:data1\" content=\"1 minute\" \/>\n<script type=\"application\/ld+json\" class=\"yoast-schema-graph\">{\"@context\":\"https:\\\/\\\/schema.org\",\"@graph\":[{\"@type\":\"WebPage\",\"@id\":\"https:\\\/\\\/etnoart.eu\\\/de\\\/toode\\\/ahjuroop-46cm\\\/\",\"url\":\"https:\\\/\\\/etnoart.eu\\\/de\\\/toode\\\/ahjuroop-46cm\\\/\",\"name\":\"Ahjuroop 46cm |EtnoArt| Kaminatarbed ja puukorvid\",\"isPartOf\":{\"@id\":\"https:\\\/\\\/etnoart.eu\\\/#website\"},\"primaryImageOfPage\":{\"@id\":\"https:\\\/\\\/etnoart.eu\\\/de\\\/toode\\\/ahjuroop-46cm\\\/#primaryimage\"},\"image\":{\"@id\":\"https:\\\/\\\/etnoart.eu\\\/de\\\/toode\\\/ahjuroop-46cm\\\/#primaryimage\"},\"thumbnailUrl\":\"https:\\\/\\\/etnoart.eu\\\/wp-content\\\/uploads\\\/2023\\\/06\\\/ahjuroop-46cm.jpg\",\"datePublished\":\"2023-06-08T08:55:42+00:00\",\"dateModified\":\"2023-08-27T18:30:30+00:00\",\"description\":\"Ahjuroop\u00a0 46cm on loodud v\u00e4iksemate tulekollete, nagu pliidid v\u00f5i kaminad, hooldamiseks. Lihtne ja praktiline abivahend tule kohendamiseks\",\"breadcrumb\":{\"@id\":\"https:\\\/\\\/etnoart.eu\\\/de\\\/toode\\\/ahjuroop-46cm\\\/#breadcrumb\"},\"inLanguage\":\"en-US\",\"potentialAction\":[{\"@type\":\"ReadAction\",\"target\":[\"https:\\\/\\\/etnoart.eu\\\/de\\\/toode\\\/ahjuroop-46cm\\\/\"]}]},{\"@type\":\"ImageObject\",\"inLanguage\":\"en-US\",\"@id\":\"https:\\\/\\\/etnoart.eu\\\/de\\\/toode\\\/ahjuroop-46cm\\\/#primaryimage\",\"url\":\"https:\\\/\\\/etnoart.eu\\\/wp-content\\\/uploads\\\/2023\\\/06\\\/ahjuroop-46cm.jpg\",\"contentUrl\":\"https:\\\/\\\/etnoart.eu\\\/wp-content\\\/uploads\\\/2023\\\/06\\\/ahjuroop-46cm.jpg\",\"width\":1167,\"height\":1167,\"caption\":\"ahjuroop 46cm\"},{\"@type\":\"BreadcrumbList\",\"@id\":\"https:\\\/\\\/etnoart.eu\\\/de\\\/toode\\\/ahjuroop-46cm\\\/#breadcrumb\",\"itemListElement\":[{\"@type\":\"ListItem\",\"position\":1,\"name\":\"Home\",\"item\":\"https:\\\/\\\/etnoart.eu\\\/en\\\/\"},{\"@type\":\"ListItem\",\"position\":2,\"name\":\"Shop\",\"item\":\"https:\\\/\\\/etnoart.eu\\\/en\\\/shop\\\/\"},{\"@type\":\"ListItem\",\"position\":3,\"name\":\"Ahjuroop 46cm\"}]},{\"@type\":\"WebSite\",\"@id\":\"https:\\\/\\\/etnoart.eu\\\/#website\",\"url\":\"https:\\\/\\\/etnoart.eu\\\/\",\"name\":\"Etnoart\",\"description\":\"K&auml;sit&ouml;&ouml;pood\",\"publisher\":{\"@id\":\"https:\\\/\\\/etnoart.eu\\\/#organization\"},\"potentialAction\":[{\"@type\":\"SearchAction\",\"target\":{\"@type\":\"EntryPoint\",\"urlTemplate\":\"https:\\\/\\\/etnoart.eu\\\/?s={search_term_string}\"},\"query-input\":{\"@type\":\"PropertyValueSpecification\",\"valueRequired\":true,\"valueName\":\"search_term_string\"}}],\"inLanguage\":\"en-US\"},{\"@type\":\"Organization\",\"@id\":\"https:\\\/\\\/etnoart.eu\\\/#organization\",\"name\":\"Etnoart O\u00dc\",\"url\":\"https:\\\/\\\/etnoart.eu\\\/\",\"logo\":{\"@type\":\"ImageObject\",\"inLanguage\":\"en-US\",\"@id\":\"https:\\\/\\\/etnoart.eu\\\/#\\\/schema\\\/logo\\\/image\\\/\",\"url\":\"https:\\\/\\\/etnoart.eu\\\/wp-content\\\/uploads\\\/2023\\\/06\\\/etnoart-logo.png\",\"contentUrl\":\"https:\\\/\\\/etnoart.eu\\\/wp-content\\\/uploads\\\/2023\\\/06\\\/etnoart-logo.png\",\"width\":491,\"height\":184,\"caption\":\"Etnoart O\u00dc\"},\"image\":{\"@id\":\"https:\\\/\\\/etnoart.eu\\\/#\\\/schema\\\/logo\\\/image\\\/\"},\"sameAs\":[\"https:\\\/\\\/www.facebook.com\\\/etnoart.handicraft.shop\"]}]}<\/script>\n<!-- \/ Yoast SEO plugin. -->","yoast_head_json":{"title":"Ahjuroop 46cm |EtnoArt| Kaminatarbed ja puukorvid","description":"Ahjuroop\u00a0 46cm on loodud v\u00e4iksemate tulekollete, nagu pliidid v\u00f5i kaminad, hooldamiseks. Lihtne ja praktiline abivahend tule kohendamiseks","robots":{"index":"index","follow":"follow","max-snippet":"max-snippet:-1","max-image-preview":"max-image-preview:large","max-video-preview":"max-video-preview:-1"},"canonical":"https:\/\/etnoart.eu\/de\/toode\/ahjuroop-46cm\/","og_locale":"en_US","og_type":"article","og_title":"Ahjuroop 46cm |EtnoArt| Kaminatarbed ja puukorvid","og_description":"Ahjuroop\u00a0 46cm on loodud v\u00e4iksemate tulekollete, nagu pliidid v\u00f5i kaminad, hooldamiseks. Lihtne ja praktiline abivahend tule kohendamiseks","og_url":"https:\/\/etnoart.eu\/de\/toode\/ahjuroop-46cm\/","og_site_name":"Etnoart","article_publisher":"https:\/\/www.facebook.com\/etnoart.handicraft.shop","article_modified_time":"2023-08-27T18:30:30+00:00","og_image":[{"width":1167,"height":1167,"url":"https:\/\/etnoart.eu\/wp-content\/uploads\/2023\/06\/ahjuroop-46cm.jpg","type":"image\/jpeg"}],"twitter_card":"summary_large_image","twitter_misc":{"Est. reading time":"1 minute"},"schema":{"@context":"https:\/\/schema.org","@graph":[{"@type":"WebPage","@id":"https:\/\/etnoart.eu\/de\/toode\/ahjuroop-46cm\/","url":"https:\/\/etnoart.eu\/de\/toode\/ahjuroop-46cm\/","name":"Ahjuroop 46cm |EtnoArt| Kaminatarbed ja puukorvid","isPartOf":{"@id":"https:\/\/etnoart.eu\/#website"},"primaryImageOfPage":{"@id":"https:\/\/etnoart.eu\/de\/toode\/ahjuroop-46cm\/#primaryimage"},"image":{"@id":"https:\/\/etnoart.eu\/de\/toode\/ahjuroop-46cm\/#primaryimage"},"thumbnailUrl":"https:\/\/etnoart.eu\/wp-content\/uploads\/2023\/06\/ahjuroop-46cm.jpg","datePublished":"2023-06-08T08:55:42+00:00","dateModified":"2023-08-27T18:30:30+00:00","description":"Ahjuroop\u00a0 46cm on loodud v\u00e4iksemate tulekollete, nagu pliidid v\u00f5i kaminad, hooldamiseks. Lihtne ja praktiline abivahend tule kohendamiseks","breadcrumb":{"@id":"https:\/\/etnoart.eu\/de\/toode\/ahjuroop-46cm\/#breadcrumb"},"inLanguage":"en-US","potentialAction":[{"@type":"ReadAction","target":["https:\/\/etnoart.eu\/de\/toode\/ahjuroop-46cm\/"]}]},{"@type":"ImageObject","inLanguage":"en-US","@id":"https:\/\/etnoart.eu\/de\/toode\/ahjuroop-46cm\/#primaryimage","url":"https:\/\/etnoart.eu\/wp-content\/uploads\/2023\/06\/ahjuroop-46cm.jpg","contentUrl":"https:\/\/etnoart.eu\/wp-content\/uploads\/2023\/06\/ahjuroop-46cm.jpg","width":1167,"height":1167,"caption":"ahjuroop 46cm"},{"@type":"BreadcrumbList","@id":"https:\/\/etnoart.eu\/de\/toode\/ahjuroop-46cm\/#breadcrumb","itemListElement":[{"@type":"ListItem","position":1,"name":"Home","item":"https:\/\/etnoart.eu\/en\/"},{"@type":"ListItem","position":2,"name":"Shop","item":"https:\/\/etnoart.eu\/en\/shop\/"},{"@type":"ListItem","position":3,"name":"Ahjuroop 46cm"}]},{"@type":"WebSite","@id":"https:\/\/etnoart.eu\/#website","url":"https:\/\/etnoart.eu\/","name":"Etnoart","description":"K&auml;sit&ouml;&ouml;pood","publisher":{"@id":"https:\/\/etnoart.eu\/#organization"},"potentialAction":[{"@type":"SearchAction","target":{"@type":"EntryPoint","urlTemplate":"https:\/\/etnoart.eu\/?s={search_term_string}"},"query-input":{"@type":"PropertyValueSpecification","valueRequired":true,"valueName":"search_term_string"}}],"inLanguage":"en-US"},{"@type":"Organization","@id":"https:\/\/etnoart.eu\/#organization","name":"Etnoart O\u00dc","url":"https:\/\/etnoart.eu\/","logo":{"@type":"ImageObject","inLanguage":"en-US","@id":"https:\/\/etnoart.eu\/#\/schema\/logo\/image\/","url":"https:\/\/etnoart.eu\/wp-content\/uploads\/2023\/06\/etnoart-logo.png","contentUrl":"https:\/\/etnoart.eu\/wp-content\/uploads\/2023\/06\/etnoart-logo.png","width":491,"height":184,"caption":"Etnoart O\u00dc"},"image":{"@id":"https:\/\/etnoart.eu\/#\/schema\/logo\/image\/"},"sameAs":["https:\/\/www.facebook.com\/etnoart.handicraft.shop"]}]}},"builder_content":"","_links":{"self":[{"href":"https:\/\/etnoart.eu\/en\/wp-json\/wp\/v2\/product\/2923","targetHints":{"allow":["GET"]}}],"collection":[{"href":"https:\/\/etnoart.eu\/en\/wp-json\/wp\/v2\/product"}],"about":[{"href":"https:\/\/etnoart.eu\/en\/wp-json\/wp\/v2\/types\/product"}],"wp:featuredmedia":[{"embeddable":true,"href":"https:\/\/etnoart.eu\/en\/wp-json\/wp\/v2\/media\/4177"}],"wp:attachment":[{"href":"https:\/\/etnoart.eu\/en\/wp-json\/wp\/v2\/media?parent=2923"}],"wp:term":[{"taxonomy":"product_brand","embeddable":true,"href":"https:\/\/etnoart.eu\/en\/wp-json\/wp\/v2\/product_brand?post=2923"},{"taxonomy":"product_cat","embeddable":true,"href":"https:\/\/etnoart.eu\/en\/wp-json\/wp\/v2\/product_cat?post=2923"},{"taxonomy":"product_tag","embeddable":true,"href":"https:\/\/etnoart.eu\/en\/wp-json\/wp\/v2\/product_tag?post=2923"}],"curies":[{"name":"wp","href":"https:\/\/api.w.org\/{rel}","templated":true}]}}