{"id":2851,"date":"2023-06-08T08:55:20","date_gmt":"2023-06-08T08:55:20","guid":{"rendered":"https:\/\/etnoart.amsel.ee\/?post_type=product&#038;p=2851"},"modified":"2023-08-27T20:26:59","modified_gmt":"2023-08-27T20:26:59","slug":"puudealus-tarvikutega-4","status":"publish","type":"product","link":"https:\/\/etnoart.eu\/en\/toode\/puudealus-tarvikutega-4\/","title":{"rendered":"Puudealus tarvikutega"},"content":{"rendered":"<p>Puudealus tarvikutega on praktiline ja v\u00e4\u00e4rtuslik lisand iga k\u00fcttekolde juures, eriti kaminakasutajatele. See mitmek\u00fclgne toode pakub mugavust ja funktsionaalsust, hoides samas kamina \u00fcmbruse korras ja organiseeritud.<\/p>\n<p>Puudealus ise on\u00a0 v\u00e4iksema suurusega, et v\u00f5tta v\u00f5imalikult v\u00e4he ruumi kamina \u00fcmbruses. See kompaktsus tagab, et see sobib suurep\u00e4raselt ka piiratud ruumi tingimustes. Kvaliteetsest terasest valmistatud puudealus on tugev ja vastupidav ning selle lihtne disain lisab kamina \u00fcmbrusele visuaalset atraktiivsust.<\/p>\n<p>Sellel puudealusel on tarvikute kinnitus, mis muudab selle t\u00f5eliselt funktsionaalseks. Komplektis on kaasas roop, k\u00fchvel ja hari &#8211; k\u00f5ik vajalikud t\u00f6\u00f6riistad, mida on vaja k\u00fcttekolde hooldamiseks. Need tarvikud on valmistatud metallist, tagades vastupidavuse ja t\u00f5hususe. K\u00e4epidemed on valmistatud puidust, mis lisab soojust ja naturaalset tunnet.<\/p>\n<p>K\u00f5ik need tarvikud ja puudealus ise on k\u00e4sit\u00f6\u00f6na valmistatud Eesti seppade poolt. Iga detail on hoolikalt kujundatud ja vormitud, et tagada nii funktsionaalsus kui ka esteetiline nauding. Puudealuse tarvikutega komplekt on seega mitte ainult praktiline vahend, vaid ka t\u00f5eline kunstiteos.<\/p>\n<p>Kokkuv\u00f5ttes on puudealus tarvikutega ideaalne lahendus kaminakasutajatele, kes otsivad korralikku, praktilist ja kaunist lisandit oma k\u00fcttes\u00fcsteemi juurde. See aitab hoida k\u00f5ik vajalikud t\u00f6\u00f6riistad k\u00e4ep\u00e4rast, tagades tulekolde hooldamise sujuvuse ja tuleohutuse.<\/p>\n<p>Puudealuse k\u00f5rgus on ~71 cm<\/p>\n<p>laius ~52 cm<\/p>\n<p>s\u00fcgavus ~28 cm<\/p>\n<p>p\u00f5letatud kadakast k\u00e4epidemetega tarvikute pikkus 55 cm<\/p>\n<p>Viimistletud vahaga<\/p>\n","protected":false},"excerpt":{"rendered":"<p>Puudealuse k\u00f5rgus on ~71 cm<\/p>\n<p>laius ~52 cm<\/p>\n<p>s\u00fcgavus ~28 cm<\/p>\n<p>p\u00f5letatud kadakast k\u00e4epidemetega tarvikute pikkus 55 cm<\/p>\n<p>vahatatud.<\/p>\n","protected":false},"featured_media":4191,"template":"","meta":[],"product_brand":[],"product_cat":[116],"product_tag":[],"class_list":{"0":"post-2851","1":"product","2":"type-product","3":"status-publish","4":"has-post-thumbnail","6":"product_cat-kaminatarbed-ja-puukorvid","7":"has-post-title","8":"has-post-date","9":"has-post-category","10":"has-post-tag","11":"has-post-comment","12":"has-post-author","13":"","15":"first","16":"instock","17":"taxable","18":"shipping-taxable","19":"purchasable","20":"product-type-simple"},"yoast_head":"<!-- This site is optimized with the Yoast SEO plugin v27.3 - https:\/\/yoast.com\/product\/yoast-seo-wordpress\/ -->\n<title>Puudealus tarvikutega |EtnoArt| Kaminatarbed ja puukorvid<\/title>\n<meta name=\"description\" content=\"Puudealus tarvikutega on praktiline ja v\u00e4\u00e4rtuslik lisand iga k\u00fcttekolde juures, eriti kaminakasutajatele. See mitmek\u00fclgne toode\" \/>\n<meta name=\"robots\" content=\"index, follow, max-snippet:-1, max-image-preview:large, max-video-preview:-1\" \/>\n<link rel=\"canonical\" href=\"https:\/\/etnoart.eu\/toode\/puudealus-tarvikutega-4\/\" \/>\n<meta property=\"og:locale\" content=\"en_US\" \/>\n<meta property=\"og:type\" content=\"article\" \/>\n<meta property=\"og:title\" content=\"Puudealus tarvikutega |EtnoArt| Kaminatarbed ja puukorvid\" \/>\n<meta property=\"og:description\" content=\"Puudealus tarvikutega on praktiline ja v\u00e4\u00e4rtuslik lisand iga k\u00fcttekolde juures, eriti kaminakasutajatele. See mitmek\u00fclgne toode\" \/>\n<meta property=\"og:url\" content=\"https:\/\/etnoart.eu\/toode\/puudealus-tarvikutega-4\/\" \/>\n<meta property=\"og:site_name\" content=\"Etnoart\" \/>\n<meta property=\"article:publisher\" content=\"https:\/\/www.facebook.com\/etnoart.handicraft.shop\" \/>\n<meta property=\"article:modified_time\" content=\"2023-08-27T20:26:59+00:00\" \/>\n<meta property=\"og:image\" content=\"https:\/\/etnoart.eu\/wp-content\/uploads\/2023\/06\/puudealus-tarvikutega.jpg\" \/>\n\t<meta property=\"og:image:width\" content=\"1458\" \/>\n\t<meta property=\"og:image:height\" content=\"1458\" \/>\n\t<meta property=\"og:image:type\" content=\"image\/jpeg\" \/>\n<meta name=\"twitter:card\" content=\"summary_large_image\" \/>\n<meta name=\"twitter:label1\" content=\"Est. reading time\" \/>\n\t<meta name=\"twitter:data1\" content=\"2 minutes\" \/>\n<script type=\"application\/ld+json\" class=\"yoast-schema-graph\">{\"@context\":\"https:\\\/\\\/schema.org\",\"@graph\":[{\"@type\":\"WebPage\",\"@id\":\"https:\\\/\\\/etnoart.eu\\\/toode\\\/puudealus-tarvikutega-4\\\/\",\"url\":\"https:\\\/\\\/etnoart.eu\\\/toode\\\/puudealus-tarvikutega-4\\\/\",\"name\":\"Puudealus tarvikutega |EtnoArt| Kaminatarbed ja puukorvid\",\"isPartOf\":{\"@id\":\"https:\\\/\\\/etnoart.eu\\\/#website\"},\"primaryImageOfPage\":{\"@id\":\"https:\\\/\\\/etnoart.eu\\\/toode\\\/puudealus-tarvikutega-4\\\/#primaryimage\"},\"image\":{\"@id\":\"https:\\\/\\\/etnoart.eu\\\/toode\\\/puudealus-tarvikutega-4\\\/#primaryimage\"},\"thumbnailUrl\":\"https:\\\/\\\/etnoart.eu\\\/wp-content\\\/uploads\\\/2023\\\/06\\\/puudealus-tarvikutega.jpg\",\"datePublished\":\"2023-06-08T08:55:20+00:00\",\"dateModified\":\"2023-08-27T20:26:59+00:00\",\"description\":\"Puudealus tarvikutega on praktiline ja v\u00e4\u00e4rtuslik lisand iga k\u00fcttekolde juures, eriti kaminakasutajatele. See mitmek\u00fclgne toode\",\"breadcrumb\":{\"@id\":\"https:\\\/\\\/etnoart.eu\\\/toode\\\/puudealus-tarvikutega-4\\\/#breadcrumb\"},\"inLanguage\":\"en-US\",\"potentialAction\":[{\"@type\":\"ReadAction\",\"target\":[\"https:\\\/\\\/etnoart.eu\\\/toode\\\/puudealus-tarvikutega-4\\\/\"]}]},{\"@type\":\"ImageObject\",\"inLanguage\":\"en-US\",\"@id\":\"https:\\\/\\\/etnoart.eu\\\/toode\\\/puudealus-tarvikutega-4\\\/#primaryimage\",\"url\":\"https:\\\/\\\/etnoart.eu\\\/wp-content\\\/uploads\\\/2023\\\/06\\\/puudealus-tarvikutega.jpg\",\"contentUrl\":\"https:\\\/\\\/etnoart.eu\\\/wp-content\\\/uploads\\\/2023\\\/06\\\/puudealus-tarvikutega.jpg\",\"width\":1458,\"height\":1458,\"caption\":\"puudealus tarvikutega\"},{\"@type\":\"BreadcrumbList\",\"@id\":\"https:\\\/\\\/etnoart.eu\\\/toode\\\/puudealus-tarvikutega-4\\\/#breadcrumb\",\"itemListElement\":[{\"@type\":\"ListItem\",\"position\":1,\"name\":\"Home\",\"item\":\"https:\\\/\\\/etnoart.eu\\\/en\\\/\"},{\"@type\":\"ListItem\",\"position\":2,\"name\":\"Shop\",\"item\":\"https:\\\/\\\/etnoart.eu\\\/en\\\/shop\\\/\"},{\"@type\":\"ListItem\",\"position\":3,\"name\":\"Puudealus tarvikutega\"}]},{\"@type\":\"WebSite\",\"@id\":\"https:\\\/\\\/etnoart.eu\\\/#website\",\"url\":\"https:\\\/\\\/etnoart.eu\\\/\",\"name\":\"Etnoart\",\"description\":\"K&auml;sit&ouml;&ouml;pood\",\"publisher\":{\"@id\":\"https:\\\/\\\/etnoart.eu\\\/#organization\"},\"potentialAction\":[{\"@type\":\"SearchAction\",\"target\":{\"@type\":\"EntryPoint\",\"urlTemplate\":\"https:\\\/\\\/etnoart.eu\\\/?s={search_term_string}\"},\"query-input\":{\"@type\":\"PropertyValueSpecification\",\"valueRequired\":true,\"valueName\":\"search_term_string\"}}],\"inLanguage\":\"en-US\"},{\"@type\":\"Organization\",\"@id\":\"https:\\\/\\\/etnoart.eu\\\/#organization\",\"name\":\"Etnoart O\u00dc\",\"url\":\"https:\\\/\\\/etnoart.eu\\\/\",\"logo\":{\"@type\":\"ImageObject\",\"inLanguage\":\"en-US\",\"@id\":\"https:\\\/\\\/etnoart.eu\\\/#\\\/schema\\\/logo\\\/image\\\/\",\"url\":\"https:\\\/\\\/etnoart.eu\\\/wp-content\\\/uploads\\\/2023\\\/06\\\/etnoart-logo.png\",\"contentUrl\":\"https:\\\/\\\/etnoart.eu\\\/wp-content\\\/uploads\\\/2023\\\/06\\\/etnoart-logo.png\",\"width\":491,\"height\":184,\"caption\":\"Etnoart O\u00dc\"},\"image\":{\"@id\":\"https:\\\/\\\/etnoart.eu\\\/#\\\/schema\\\/logo\\\/image\\\/\"},\"sameAs\":[\"https:\\\/\\\/www.facebook.com\\\/etnoart.handicraft.shop\"]}]}<\/script>\n<!-- \/ Yoast SEO plugin. -->","yoast_head_json":{"title":"Puudealus tarvikutega |EtnoArt| Kaminatarbed ja puukorvid","description":"Puudealus tarvikutega on praktiline ja v\u00e4\u00e4rtuslik lisand iga k\u00fcttekolde juures, eriti kaminakasutajatele. See mitmek\u00fclgne toode","robots":{"index":"index","follow":"follow","max-snippet":"max-snippet:-1","max-image-preview":"max-image-preview:large","max-video-preview":"max-video-preview:-1"},"canonical":"https:\/\/etnoart.eu\/toode\/puudealus-tarvikutega-4\/","og_locale":"en_US","og_type":"article","og_title":"Puudealus tarvikutega |EtnoArt| Kaminatarbed ja puukorvid","og_description":"Puudealus tarvikutega on praktiline ja v\u00e4\u00e4rtuslik lisand iga k\u00fcttekolde juures, eriti kaminakasutajatele. See mitmek\u00fclgne toode","og_url":"https:\/\/etnoart.eu\/toode\/puudealus-tarvikutega-4\/","og_site_name":"Etnoart","article_publisher":"https:\/\/www.facebook.com\/etnoart.handicraft.shop","article_modified_time":"2023-08-27T20:26:59+00:00","og_image":[{"width":1458,"height":1458,"url":"https:\/\/etnoart.eu\/wp-content\/uploads\/2023\/06\/puudealus-tarvikutega.jpg","type":"image\/jpeg"}],"twitter_card":"summary_large_image","twitter_misc":{"Est. reading time":"2 minutes"},"schema":{"@context":"https:\/\/schema.org","@graph":[{"@type":"WebPage","@id":"https:\/\/etnoart.eu\/toode\/puudealus-tarvikutega-4\/","url":"https:\/\/etnoart.eu\/toode\/puudealus-tarvikutega-4\/","name":"Puudealus tarvikutega |EtnoArt| Kaminatarbed ja puukorvid","isPartOf":{"@id":"https:\/\/etnoart.eu\/#website"},"primaryImageOfPage":{"@id":"https:\/\/etnoart.eu\/toode\/puudealus-tarvikutega-4\/#primaryimage"},"image":{"@id":"https:\/\/etnoart.eu\/toode\/puudealus-tarvikutega-4\/#primaryimage"},"thumbnailUrl":"https:\/\/etnoart.eu\/wp-content\/uploads\/2023\/06\/puudealus-tarvikutega.jpg","datePublished":"2023-06-08T08:55:20+00:00","dateModified":"2023-08-27T20:26:59+00:00","description":"Puudealus tarvikutega on praktiline ja v\u00e4\u00e4rtuslik lisand iga k\u00fcttekolde juures, eriti kaminakasutajatele. See mitmek\u00fclgne toode","breadcrumb":{"@id":"https:\/\/etnoart.eu\/toode\/puudealus-tarvikutega-4\/#breadcrumb"},"inLanguage":"en-US","potentialAction":[{"@type":"ReadAction","target":["https:\/\/etnoart.eu\/toode\/puudealus-tarvikutega-4\/"]}]},{"@type":"ImageObject","inLanguage":"en-US","@id":"https:\/\/etnoart.eu\/toode\/puudealus-tarvikutega-4\/#primaryimage","url":"https:\/\/etnoart.eu\/wp-content\/uploads\/2023\/06\/puudealus-tarvikutega.jpg","contentUrl":"https:\/\/etnoart.eu\/wp-content\/uploads\/2023\/06\/puudealus-tarvikutega.jpg","width":1458,"height":1458,"caption":"puudealus tarvikutega"},{"@type":"BreadcrumbList","@id":"https:\/\/etnoart.eu\/toode\/puudealus-tarvikutega-4\/#breadcrumb","itemListElement":[{"@type":"ListItem","position":1,"name":"Home","item":"https:\/\/etnoart.eu\/en\/"},{"@type":"ListItem","position":2,"name":"Shop","item":"https:\/\/etnoart.eu\/en\/shop\/"},{"@type":"ListItem","position":3,"name":"Puudealus tarvikutega"}]},{"@type":"WebSite","@id":"https:\/\/etnoart.eu\/#website","url":"https:\/\/etnoart.eu\/","name":"Etnoart","description":"K&auml;sit&ouml;&ouml;pood","publisher":{"@id":"https:\/\/etnoart.eu\/#organization"},"potentialAction":[{"@type":"SearchAction","target":{"@type":"EntryPoint","urlTemplate":"https:\/\/etnoart.eu\/?s={search_term_string}"},"query-input":{"@type":"PropertyValueSpecification","valueRequired":true,"valueName":"search_term_string"}}],"inLanguage":"en-US"},{"@type":"Organization","@id":"https:\/\/etnoart.eu\/#organization","name":"Etnoart O\u00dc","url":"https:\/\/etnoart.eu\/","logo":{"@type":"ImageObject","inLanguage":"en-US","@id":"https:\/\/etnoart.eu\/#\/schema\/logo\/image\/","url":"https:\/\/etnoart.eu\/wp-content\/uploads\/2023\/06\/etnoart-logo.png","contentUrl":"https:\/\/etnoart.eu\/wp-content\/uploads\/2023\/06\/etnoart-logo.png","width":491,"height":184,"caption":"Etnoart O\u00dc"},"image":{"@id":"https:\/\/etnoart.eu\/#\/schema\/logo\/image\/"},"sameAs":["https:\/\/www.facebook.com\/etnoart.handicraft.shop"]}]}},"builder_content":"","_links":{"self":[{"href":"https:\/\/etnoart.eu\/en\/wp-json\/wp\/v2\/product\/2851","targetHints":{"allow":["GET"]}}],"collection":[{"href":"https:\/\/etnoart.eu\/en\/wp-json\/wp\/v2\/product"}],"about":[{"href":"https:\/\/etnoart.eu\/en\/wp-json\/wp\/v2\/types\/product"}],"wp:featuredmedia":[{"embeddable":true,"href":"https:\/\/etnoart.eu\/en\/wp-json\/wp\/v2\/media\/4191"}],"wp:attachment":[{"href":"https:\/\/etnoart.eu\/en\/wp-json\/wp\/v2\/media?parent=2851"}],"wp:term":[{"taxonomy":"product_brand","embeddable":true,"href":"https:\/\/etnoart.eu\/en\/wp-json\/wp\/v2\/product_brand?post=2851"},{"taxonomy":"product_cat","embeddable":true,"href":"https:\/\/etnoart.eu\/en\/wp-json\/wp\/v2\/product_cat?post=2851"},{"taxonomy":"product_tag","embeddable":true,"href":"https:\/\/etnoart.eu\/en\/wp-json\/wp\/v2\/product_tag?post=2851"}],"curies":[{"name":"wp","href":"https:\/\/api.w.org\/{rel}","templated":true}]}}