{"id":1462,"date":"2023-06-08T08:52:09","date_gmt":"2023-06-08T08:52:09","guid":{"rendered":"https:\/\/etnoart.amsel.ee\/?post_type=product&#038;p=1462"},"modified":"2025-01-01T14:47:22","modified_gmt":"2025-01-01T14:47:22","slug":"paberratiku-hoidja-solm","status":"publish","type":"product","link":"https:\/\/etnoart.eu\/en\/toode\/paberratiku-hoidja-solm\/","title":{"rendered":"Paberr\u00e4tiku hoidja \u201eS\u00f5lm\u201c"},"content":{"rendered":"<p>Paberr\u00e4tiku hoidja on valminud k\u00e4sit\u00f6\u00f6na Eesti seppade loominguna.<\/p>\n<p>Paberr\u00e4tiku hoidja on asendamatu abimees Sinu kodus paberirulli hoidmisel.<\/p>\n<p>See paberr\u00e4tiku hoidja on seinakinnitusega.<\/p>\n<p>Samast sarjast on Sul v\u00f5imalus juurde tellida\u00a0<a href=\"https:\/\/etnoart.eu\/et\/rullpaberi-hoidjad\/224-tualettpaberi-hoidja.html\">WC paberihoidja.<\/a><\/p>\n<p>V\u00f5id olla kindel, et Eestis valminud sepised on vastupidavad ja kestavad kaua.<\/p>\n<p>Pakume oma poes ainult parima kvaliteediga tooteid.<\/p>\n<\/p>\n<p><strong>Hooldamine: <\/strong>Puhasta aegajalt niiske tolmulapiga.<\/p>\n","protected":false},"excerpt":{"rendered":"<p>Paberr\u00e4tiku hoidja on valminud k\u00e4sit\u00f6\u00f6na Eesti seppade loominguna.<\/p>\n<p>Paberr\u00e4tiku hoidja on asendamatu abimees Sinu kodus paberirulli hoidmisel.<\/p>\n<p>See paberr\u00e4tiku hoidja on seinakinnitusega.<\/p>\n<p>Samast sarjast on Sul v\u00f5imalus juurde tellida <a href=\"https:\/\/etnoart.eu\/et\/rullpaberi-hoidjad\/224-tualettpaberi-hoidja.html\">WC paberihoidja<\/a>.<\/p>\n<p>V\u00f5id olla kindel, et Eestis valminud sepised on vastupidavad ja kestavad kaua.<\/p>\n<p>Pakume oma poes ainult parima kvaliteediga tooteid.<\/p>\n<\/p>\n<p><strong>Hooldamine:<\/strong> Puhasta aegajalt niiske tolmulapiga.<\/p>\n","protected":false},"featured_media":1536,"template":"","meta":[],"product_brand":[],"product_cat":[75,98],"product_tag":[],"class_list":{"0":"post-1462","1":"product","2":"type-product","3":"status-publish","4":"has-post-thumbnail","6":"product_cat-koogitarvikud","7":"product_cat-sisustus","8":"has-post-title","9":"has-post-date","10":"has-post-category","11":"has-post-tag","12":"has-post-comment","13":"has-post-author","14":"","16":"first","17":"instock","18":"taxable","19":"shipping-taxable","20":"purchasable","21":"product-type-simple"},"yoast_head":"<!-- This site is optimized with the Yoast SEO plugin v27.3 - https:\/\/yoast.com\/product\/yoast-seo-wordpress\/ -->\n<title>Paberr\u00e4tiku hoidja \u201eS\u00f5lm\u201c |EtnoArt| Rullpaberi hoidjad<\/title>\n<meta name=\"description\" content=\"Paberr\u00e4tiku hoidja on valminud k\u00e4sit\u00f6\u00f6na Eesti seppade loominguna. Paberr\u00e4tiku hoidja on asendamatu abimees Sinu kodus paberirulli hoidmisel. See paberr\u00e4tiku...\" \/>\n<meta name=\"robots\" content=\"index, follow, max-snippet:-1, max-image-preview:large, max-video-preview:-1\" \/>\n<link rel=\"canonical\" href=\"https:\/\/etnoart.eu\/toode\/paberratiku-hoidja-solm\/\" \/>\n<meta property=\"og:locale\" content=\"en_US\" \/>\n<meta property=\"og:type\" content=\"article\" \/>\n<meta property=\"og:title\" content=\"Paberr\u00e4tiku hoidja \u201eS\u00f5lm\u201c |EtnoArt| Rullpaberi hoidjad\" \/>\n<meta property=\"og:description\" content=\"Paberr\u00e4tiku hoidja on valminud k\u00e4sit\u00f6\u00f6na Eesti seppade loominguna. Paberr\u00e4tiku hoidja on asendamatu abimees Sinu kodus paberirulli hoidmisel. See paberr\u00e4tiku...\" \/>\n<meta property=\"og:url\" content=\"https:\/\/etnoart.eu\/toode\/paberratiku-hoidja-solm\/\" \/>\n<meta property=\"og:site_name\" content=\"Etnoart\" \/>\n<meta property=\"article:publisher\" content=\"https:\/\/www.facebook.com\/etnoart.handicraft.shop\" \/>\n<meta property=\"article:modified_time\" content=\"2025-01-01T14:47:22+00:00\" \/>\n<meta property=\"og:image\" content=\"https:\/\/etnoart.eu\/wp-content\/uploads\/2023\/06\/212-Paberratiku-hoidja-Solm-Rullpaberi-hoidjad.jpg\" \/>\n\t<meta property=\"og:image:width\" content=\"1024\" \/>\n\t<meta property=\"og:image:height\" content=\"683\" \/>\n\t<meta property=\"og:image:type\" content=\"image\/jpeg\" \/>\n<meta name=\"twitter:card\" content=\"summary_large_image\" \/>\n<meta name=\"twitter:label1\" content=\"Est. reading time\" \/>\n\t<meta name=\"twitter:data1\" content=\"1 minute\" \/>\n<script type=\"application\/ld+json\" class=\"yoast-schema-graph\">{\"@context\":\"https:\\\/\\\/schema.org\",\"@graph\":[{\"@type\":\"WebPage\",\"@id\":\"https:\\\/\\\/etnoart.eu\\\/toode\\\/paberratiku-hoidja-solm\\\/\",\"url\":\"https:\\\/\\\/etnoart.eu\\\/toode\\\/paberratiku-hoidja-solm\\\/\",\"name\":\"Paberr\u00e4tiku hoidja \u201eS\u00f5lm\u201c |EtnoArt| Rullpaberi hoidjad\",\"isPartOf\":{\"@id\":\"https:\\\/\\\/etnoart.eu\\\/#website\"},\"primaryImageOfPage\":{\"@id\":\"https:\\\/\\\/etnoart.eu\\\/toode\\\/paberratiku-hoidja-solm\\\/#primaryimage\"},\"image\":{\"@id\":\"https:\\\/\\\/etnoart.eu\\\/toode\\\/paberratiku-hoidja-solm\\\/#primaryimage\"},\"thumbnailUrl\":\"https:\\\/\\\/etnoart.eu\\\/wp-content\\\/uploads\\\/2023\\\/06\\\/212-Paberratiku-hoidja-Solm-Rullpaberi-hoidjad.jpg\",\"datePublished\":\"2023-06-08T08:52:09+00:00\",\"dateModified\":\"2025-01-01T14:47:22+00:00\",\"description\":\"Paberr\u00e4tiku hoidja on valminud k\u00e4sit\u00f6\u00f6na Eesti seppade loominguna. Paberr\u00e4tiku hoidja on asendamatu abimees Sinu kodus paberirulli hoidmisel. See paberr\u00e4tiku...\",\"breadcrumb\":{\"@id\":\"https:\\\/\\\/etnoart.eu\\\/toode\\\/paberratiku-hoidja-solm\\\/#breadcrumb\"},\"inLanguage\":\"en-US\",\"potentialAction\":[{\"@type\":\"ReadAction\",\"target\":[\"https:\\\/\\\/etnoart.eu\\\/toode\\\/paberratiku-hoidja-solm\\\/\"]}]},{\"@type\":\"ImageObject\",\"inLanguage\":\"en-US\",\"@id\":\"https:\\\/\\\/etnoart.eu\\\/toode\\\/paberratiku-hoidja-solm\\\/#primaryimage\",\"url\":\"https:\\\/\\\/etnoart.eu\\\/wp-content\\\/uploads\\\/2023\\\/06\\\/212-Paberratiku-hoidja-Solm-Rullpaberi-hoidjad.jpg\",\"contentUrl\":\"https:\\\/\\\/etnoart.eu\\\/wp-content\\\/uploads\\\/2023\\\/06\\\/212-Paberratiku-hoidja-Solm-Rullpaberi-hoidjad.jpg\",\"width\":1024,\"height\":683},{\"@type\":\"BreadcrumbList\",\"@id\":\"https:\\\/\\\/etnoart.eu\\\/toode\\\/paberratiku-hoidja-solm\\\/#breadcrumb\",\"itemListElement\":[{\"@type\":\"ListItem\",\"position\":1,\"name\":\"Home\",\"item\":\"https:\\\/\\\/etnoart.eu\\\/en\\\/\"},{\"@type\":\"ListItem\",\"position\":2,\"name\":\"Shop\",\"item\":\"https:\\\/\\\/etnoart.eu\\\/en\\\/shop\\\/\"},{\"@type\":\"ListItem\",\"position\":3,\"name\":\"Paberr\u00e4tiku hoidja \u201eS\u00f5lm\u201c\"}]},{\"@type\":\"WebSite\",\"@id\":\"https:\\\/\\\/etnoart.eu\\\/#website\",\"url\":\"https:\\\/\\\/etnoart.eu\\\/\",\"name\":\"Etnoart\",\"description\":\"K&auml;sit&ouml;&ouml;pood\",\"publisher\":{\"@id\":\"https:\\\/\\\/etnoart.eu\\\/#organization\"},\"potentialAction\":[{\"@type\":\"SearchAction\",\"target\":{\"@type\":\"EntryPoint\",\"urlTemplate\":\"https:\\\/\\\/etnoart.eu\\\/?s={search_term_string}\"},\"query-input\":{\"@type\":\"PropertyValueSpecification\",\"valueRequired\":true,\"valueName\":\"search_term_string\"}}],\"inLanguage\":\"en-US\"},{\"@type\":\"Organization\",\"@id\":\"https:\\\/\\\/etnoart.eu\\\/#organization\",\"name\":\"Etnoart O\u00dc\",\"url\":\"https:\\\/\\\/etnoart.eu\\\/\",\"logo\":{\"@type\":\"ImageObject\",\"inLanguage\":\"en-US\",\"@id\":\"https:\\\/\\\/etnoart.eu\\\/#\\\/schema\\\/logo\\\/image\\\/\",\"url\":\"https:\\\/\\\/etnoart.eu\\\/wp-content\\\/uploads\\\/2023\\\/06\\\/etnoart-logo.png\",\"contentUrl\":\"https:\\\/\\\/etnoart.eu\\\/wp-content\\\/uploads\\\/2023\\\/06\\\/etnoart-logo.png\",\"width\":491,\"height\":184,\"caption\":\"Etnoart O\u00dc\"},\"image\":{\"@id\":\"https:\\\/\\\/etnoart.eu\\\/#\\\/schema\\\/logo\\\/image\\\/\"},\"sameAs\":[\"https:\\\/\\\/www.facebook.com\\\/etnoart.handicraft.shop\"]}]}<\/script>\n<!-- \/ Yoast SEO plugin. -->","yoast_head_json":{"title":"Paberr\u00e4tiku hoidja \u201eS\u00f5lm\u201c |EtnoArt| Rullpaberi hoidjad","description":"Paberr\u00e4tiku hoidja on valminud k\u00e4sit\u00f6\u00f6na Eesti seppade loominguna. Paberr\u00e4tiku hoidja on asendamatu abimees Sinu kodus paberirulli hoidmisel. See paberr\u00e4tiku...","robots":{"index":"index","follow":"follow","max-snippet":"max-snippet:-1","max-image-preview":"max-image-preview:large","max-video-preview":"max-video-preview:-1"},"canonical":"https:\/\/etnoart.eu\/toode\/paberratiku-hoidja-solm\/","og_locale":"en_US","og_type":"article","og_title":"Paberr\u00e4tiku hoidja \u201eS\u00f5lm\u201c |EtnoArt| Rullpaberi hoidjad","og_description":"Paberr\u00e4tiku hoidja on valminud k\u00e4sit\u00f6\u00f6na Eesti seppade loominguna. Paberr\u00e4tiku hoidja on asendamatu abimees Sinu kodus paberirulli hoidmisel. See paberr\u00e4tiku...","og_url":"https:\/\/etnoart.eu\/toode\/paberratiku-hoidja-solm\/","og_site_name":"Etnoart","article_publisher":"https:\/\/www.facebook.com\/etnoart.handicraft.shop","article_modified_time":"2025-01-01T14:47:22+00:00","og_image":[{"width":1024,"height":683,"url":"https:\/\/etnoart.eu\/wp-content\/uploads\/2023\/06\/212-Paberratiku-hoidja-Solm-Rullpaberi-hoidjad.jpg","type":"image\/jpeg"}],"twitter_card":"summary_large_image","twitter_misc":{"Est. reading time":"1 minute"},"schema":{"@context":"https:\/\/schema.org","@graph":[{"@type":"WebPage","@id":"https:\/\/etnoart.eu\/toode\/paberratiku-hoidja-solm\/","url":"https:\/\/etnoart.eu\/toode\/paberratiku-hoidja-solm\/","name":"Paberr\u00e4tiku hoidja \u201eS\u00f5lm\u201c |EtnoArt| Rullpaberi hoidjad","isPartOf":{"@id":"https:\/\/etnoart.eu\/#website"},"primaryImageOfPage":{"@id":"https:\/\/etnoart.eu\/toode\/paberratiku-hoidja-solm\/#primaryimage"},"image":{"@id":"https:\/\/etnoart.eu\/toode\/paberratiku-hoidja-solm\/#primaryimage"},"thumbnailUrl":"https:\/\/etnoart.eu\/wp-content\/uploads\/2023\/06\/212-Paberratiku-hoidja-Solm-Rullpaberi-hoidjad.jpg","datePublished":"2023-06-08T08:52:09+00:00","dateModified":"2025-01-01T14:47:22+00:00","description":"Paberr\u00e4tiku hoidja on valminud k\u00e4sit\u00f6\u00f6na Eesti seppade loominguna. Paberr\u00e4tiku hoidja on asendamatu abimees Sinu kodus paberirulli hoidmisel. See paberr\u00e4tiku...","breadcrumb":{"@id":"https:\/\/etnoart.eu\/toode\/paberratiku-hoidja-solm\/#breadcrumb"},"inLanguage":"en-US","potentialAction":[{"@type":"ReadAction","target":["https:\/\/etnoart.eu\/toode\/paberratiku-hoidja-solm\/"]}]},{"@type":"ImageObject","inLanguage":"en-US","@id":"https:\/\/etnoart.eu\/toode\/paberratiku-hoidja-solm\/#primaryimage","url":"https:\/\/etnoart.eu\/wp-content\/uploads\/2023\/06\/212-Paberratiku-hoidja-Solm-Rullpaberi-hoidjad.jpg","contentUrl":"https:\/\/etnoart.eu\/wp-content\/uploads\/2023\/06\/212-Paberratiku-hoidja-Solm-Rullpaberi-hoidjad.jpg","width":1024,"height":683},{"@type":"BreadcrumbList","@id":"https:\/\/etnoart.eu\/toode\/paberratiku-hoidja-solm\/#breadcrumb","itemListElement":[{"@type":"ListItem","position":1,"name":"Home","item":"https:\/\/etnoart.eu\/en\/"},{"@type":"ListItem","position":2,"name":"Shop","item":"https:\/\/etnoart.eu\/en\/shop\/"},{"@type":"ListItem","position":3,"name":"Paberr\u00e4tiku hoidja \u201eS\u00f5lm\u201c"}]},{"@type":"WebSite","@id":"https:\/\/etnoart.eu\/#website","url":"https:\/\/etnoart.eu\/","name":"Etnoart","description":"K&auml;sit&ouml;&ouml;pood","publisher":{"@id":"https:\/\/etnoart.eu\/#organization"},"potentialAction":[{"@type":"SearchAction","target":{"@type":"EntryPoint","urlTemplate":"https:\/\/etnoart.eu\/?s={search_term_string}"},"query-input":{"@type":"PropertyValueSpecification","valueRequired":true,"valueName":"search_term_string"}}],"inLanguage":"en-US"},{"@type":"Organization","@id":"https:\/\/etnoart.eu\/#organization","name":"Etnoart O\u00dc","url":"https:\/\/etnoart.eu\/","logo":{"@type":"ImageObject","inLanguage":"en-US","@id":"https:\/\/etnoart.eu\/#\/schema\/logo\/image\/","url":"https:\/\/etnoart.eu\/wp-content\/uploads\/2023\/06\/etnoart-logo.png","contentUrl":"https:\/\/etnoart.eu\/wp-content\/uploads\/2023\/06\/etnoart-logo.png","width":491,"height":184,"caption":"Etnoart O\u00dc"},"image":{"@id":"https:\/\/etnoart.eu\/#\/schema\/logo\/image\/"},"sameAs":["https:\/\/www.facebook.com\/etnoart.handicraft.shop"]}]}},"builder_content":"","_links":{"self":[{"href":"https:\/\/etnoart.eu\/en\/wp-json\/wp\/v2\/product\/1462","targetHints":{"allow":["GET"]}}],"collection":[{"href":"https:\/\/etnoart.eu\/en\/wp-json\/wp\/v2\/product"}],"about":[{"href":"https:\/\/etnoart.eu\/en\/wp-json\/wp\/v2\/types\/product"}],"wp:featuredmedia":[{"embeddable":true,"href":"https:\/\/etnoart.eu\/en\/wp-json\/wp\/v2\/media\/1536"}],"wp:attachment":[{"href":"https:\/\/etnoart.eu\/en\/wp-json\/wp\/v2\/media?parent=1462"}],"wp:term":[{"taxonomy":"product_brand","embeddable":true,"href":"https:\/\/etnoart.eu\/en\/wp-json\/wp\/v2\/product_brand?post=1462"},{"taxonomy":"product_cat","embeddable":true,"href":"https:\/\/etnoart.eu\/en\/wp-json\/wp\/v2\/product_cat?post=1462"},{"taxonomy":"product_tag","embeddable":true,"href":"https:\/\/etnoart.eu\/en\/wp-json\/wp\/v2\/product_tag?post=1462"}],"curies":[{"name":"wp","href":"https:\/\/api.w.org\/{rel}","templated":true}]}}