{"id":1165,"date":"2023-06-08T08:51:21","date_gmt":"2023-06-08T08:51:21","guid":{"rendered":"https:\/\/etnoart.amsel.ee\/?post_type=product&#038;p=1165"},"modified":"2023-06-08T08:51:36","modified_gmt":"2023-06-08T08:51:36","slug":"taht-majale-c","status":"publish","type":"product","link":"https:\/\/etnoart.eu\/en\/toode\/taht-majale-c\/","title":{"rendered":"T\u00e4ht majale c"},"content":{"rendered":"<p>Numbri m\u00f5\u00f5dud: 16,5 x12 cm, number on tsingitud ja v\u00e4rvitud musta struktuurse pulberv\u00e4rviga. Komplektis on kinnituskruvid, nende katted ja ~2cm pikkused torud, mille abil saab numbri kinnitada seinast eemale.<\/p>\n","protected":false},"excerpt":{"rendered":"<p>Numbri m\u00f5\u00f5dud: 16,5 x12 cm, number on tsingitud ja v\u00e4rvitud musta struktuurse pulberv\u00e4rviga. Komplektis on kinnituskruvid, nende katted ja ~2cm pikkused torud, mille abil saab numbri kinnitada seinast eemale.<\/p>\n","protected":false},"featured_media":1276,"template":"","meta":[],"product_brand":[],"product_cat":[151],"product_tag":[],"class_list":{"0":"post-1165","1":"product","2":"type-product","3":"status-publish","4":"has-post-thumbnail","6":"product_cat-majanumbrid-ja-lipuhoidjad","7":"has-post-title","8":"has-post-date","9":"has-post-category","10":"has-post-tag","11":"has-post-comment","12":"has-post-author","13":"","15":"first","16":"instock","17":"taxable","18":"shipping-taxable","19":"purchasable","20":"product-type-simple"},"yoast_head":"<!-- This site is optimized with the Yoast SEO plugin v27.3 - https:\/\/yoast.com\/product\/yoast-seo-wordpress\/ -->\n<title>T\u00e4ht majale c |EtnoArt| Majanumbrid ja lipuhoidjad<\/title>\n<meta name=\"description\" content=\"Numbri m\u00f5\u00f5dud: 16,5 x12 cm, number on tsingitud ja v\u00e4rvitud musta struktuurse pulberv\u00e4rviga. Komplektis on kinnituskruvid, nende katted ja ~2cm pikkused toru...\" \/>\n<meta name=\"robots\" content=\"index, follow, max-snippet:-1, max-image-preview:large, max-video-preview:-1\" \/>\n<link rel=\"canonical\" href=\"https:\/\/etnoart.eu\/de\/toode\/taht-majale-c\/\" \/>\n<meta property=\"og:locale\" content=\"en_US\" \/>\n<meta property=\"og:type\" content=\"article\" \/>\n<meta property=\"og:title\" content=\"T\u00e4ht majale c |EtnoArt| Majanumbrid ja lipuhoidjad\" \/>\n<meta property=\"og:description\" content=\"Numbri m\u00f5\u00f5dud: 16,5 x12 cm, number on tsingitud ja v\u00e4rvitud musta struktuurse pulberv\u00e4rviga. Komplektis on kinnituskruvid, nende katted ja ~2cm pikkused toru...\" \/>\n<meta property=\"og:url\" content=\"https:\/\/etnoart.eu\/de\/toode\/taht-majale-c\/\" \/>\n<meta property=\"og:site_name\" content=\"Etnoart\" \/>\n<meta property=\"article:publisher\" content=\"https:\/\/www.facebook.com\/etnoart.handicraft.shop\" \/>\n<meta property=\"article:modified_time\" content=\"2023-06-08T08:51:36+00:00\" \/>\n<meta property=\"og:image\" content=\"https:\/\/etnoart.eu\/wp-content\/uploads\/2023\/06\/169-Taht-majale-c-Majanumbrid-ja-lipuhoidjad.jpg\" \/>\n\t<meta property=\"og:image:width\" content=\"683\" \/>\n\t<meta property=\"og:image:height\" content=\"1024\" \/>\n\t<meta property=\"og:image:type\" content=\"image\/jpeg\" \/>\n<meta name=\"twitter:card\" content=\"summary_large_image\" \/>\n<script type=\"application\/ld+json\" class=\"yoast-schema-graph\">{\"@context\":\"https:\\\/\\\/schema.org\",\"@graph\":[{\"@type\":\"WebPage\",\"@id\":\"https:\\\/\\\/etnoart.eu\\\/de\\\/toode\\\/taht-majale-c\\\/\",\"url\":\"https:\\\/\\\/etnoart.eu\\\/de\\\/toode\\\/taht-majale-c\\\/\",\"name\":\"T\u00e4ht majale c |EtnoArt| Majanumbrid ja lipuhoidjad\",\"isPartOf\":{\"@id\":\"https:\\\/\\\/etnoart.eu\\\/#website\"},\"primaryImageOfPage\":{\"@id\":\"https:\\\/\\\/etnoart.eu\\\/de\\\/toode\\\/taht-majale-c\\\/#primaryimage\"},\"image\":{\"@id\":\"https:\\\/\\\/etnoart.eu\\\/de\\\/toode\\\/taht-majale-c\\\/#primaryimage\"},\"thumbnailUrl\":\"https:\\\/\\\/etnoart.eu\\\/wp-content\\\/uploads\\\/2023\\\/06\\\/169-Taht-majale-c-Majanumbrid-ja-lipuhoidjad.jpg\",\"datePublished\":\"2023-06-08T08:51:21+00:00\",\"dateModified\":\"2023-06-08T08:51:36+00:00\",\"description\":\"Numbri m\u00f5\u00f5dud: 16,5 x12 cm, number on tsingitud ja v\u00e4rvitud musta struktuurse pulberv\u00e4rviga. Komplektis on kinnituskruvid, nende katted ja ~2cm pikkused toru...\",\"breadcrumb\":{\"@id\":\"https:\\\/\\\/etnoart.eu\\\/de\\\/toode\\\/taht-majale-c\\\/#breadcrumb\"},\"inLanguage\":\"en-US\",\"potentialAction\":[{\"@type\":\"ReadAction\",\"target\":[\"https:\\\/\\\/etnoart.eu\\\/de\\\/toode\\\/taht-majale-c\\\/\"]}]},{\"@type\":\"ImageObject\",\"inLanguage\":\"en-US\",\"@id\":\"https:\\\/\\\/etnoart.eu\\\/de\\\/toode\\\/taht-majale-c\\\/#primaryimage\",\"url\":\"https:\\\/\\\/etnoart.eu\\\/wp-content\\\/uploads\\\/2023\\\/06\\\/169-Taht-majale-c-Majanumbrid-ja-lipuhoidjad.jpg\",\"contentUrl\":\"https:\\\/\\\/etnoart.eu\\\/wp-content\\\/uploads\\\/2023\\\/06\\\/169-Taht-majale-c-Majanumbrid-ja-lipuhoidjad.jpg\",\"width\":683,\"height\":1024},{\"@type\":\"BreadcrumbList\",\"@id\":\"https:\\\/\\\/etnoart.eu\\\/de\\\/toode\\\/taht-majale-c\\\/#breadcrumb\",\"itemListElement\":[{\"@type\":\"ListItem\",\"position\":1,\"name\":\"Home\",\"item\":\"https:\\\/\\\/etnoart.eu\\\/en\\\/\"},{\"@type\":\"ListItem\",\"position\":2,\"name\":\"Shop\",\"item\":\"https:\\\/\\\/etnoart.eu\\\/en\\\/shop\\\/\"},{\"@type\":\"ListItem\",\"position\":3,\"name\":\"T\u00e4ht majale c\"}]},{\"@type\":\"WebSite\",\"@id\":\"https:\\\/\\\/etnoart.eu\\\/#website\",\"url\":\"https:\\\/\\\/etnoart.eu\\\/\",\"name\":\"Etnoart\",\"description\":\"K&auml;sit&ouml;&ouml;pood\",\"publisher\":{\"@id\":\"https:\\\/\\\/etnoart.eu\\\/#organization\"},\"potentialAction\":[{\"@type\":\"SearchAction\",\"target\":{\"@type\":\"EntryPoint\",\"urlTemplate\":\"https:\\\/\\\/etnoart.eu\\\/?s={search_term_string}\"},\"query-input\":{\"@type\":\"PropertyValueSpecification\",\"valueRequired\":true,\"valueName\":\"search_term_string\"}}],\"inLanguage\":\"en-US\"},{\"@type\":\"Organization\",\"@id\":\"https:\\\/\\\/etnoart.eu\\\/#organization\",\"name\":\"Etnoart O\u00dc\",\"url\":\"https:\\\/\\\/etnoart.eu\\\/\",\"logo\":{\"@type\":\"ImageObject\",\"inLanguage\":\"en-US\",\"@id\":\"https:\\\/\\\/etnoart.eu\\\/#\\\/schema\\\/logo\\\/image\\\/\",\"url\":\"https:\\\/\\\/etnoart.eu\\\/wp-content\\\/uploads\\\/2023\\\/06\\\/etnoart-logo.png\",\"contentUrl\":\"https:\\\/\\\/etnoart.eu\\\/wp-content\\\/uploads\\\/2023\\\/06\\\/etnoart-logo.png\",\"width\":491,\"height\":184,\"caption\":\"Etnoart O\u00dc\"},\"image\":{\"@id\":\"https:\\\/\\\/etnoart.eu\\\/#\\\/schema\\\/logo\\\/image\\\/\"},\"sameAs\":[\"https:\\\/\\\/www.facebook.com\\\/etnoart.handicraft.shop\"]}]}<\/script>\n<!-- \/ Yoast SEO plugin. -->","yoast_head_json":{"title":"T\u00e4ht majale c |EtnoArt| Majanumbrid ja lipuhoidjad","description":"Numbri m\u00f5\u00f5dud: 16,5 x12 cm, number on tsingitud ja v\u00e4rvitud musta struktuurse pulberv\u00e4rviga. Komplektis on kinnituskruvid, nende katted ja ~2cm pikkused toru...","robots":{"index":"index","follow":"follow","max-snippet":"max-snippet:-1","max-image-preview":"max-image-preview:large","max-video-preview":"max-video-preview:-1"},"canonical":"https:\/\/etnoart.eu\/de\/toode\/taht-majale-c\/","og_locale":"en_US","og_type":"article","og_title":"T\u00e4ht majale c |EtnoArt| Majanumbrid ja lipuhoidjad","og_description":"Numbri m\u00f5\u00f5dud: 16,5 x12 cm, number on tsingitud ja v\u00e4rvitud musta struktuurse pulberv\u00e4rviga. Komplektis on kinnituskruvid, nende katted ja ~2cm pikkused toru...","og_url":"https:\/\/etnoart.eu\/de\/toode\/taht-majale-c\/","og_site_name":"Etnoart","article_publisher":"https:\/\/www.facebook.com\/etnoart.handicraft.shop","article_modified_time":"2023-06-08T08:51:36+00:00","og_image":[{"width":683,"height":1024,"url":"https:\/\/etnoart.eu\/wp-content\/uploads\/2023\/06\/169-Taht-majale-c-Majanumbrid-ja-lipuhoidjad.jpg","type":"image\/jpeg"}],"twitter_card":"summary_large_image","schema":{"@context":"https:\/\/schema.org","@graph":[{"@type":"WebPage","@id":"https:\/\/etnoart.eu\/de\/toode\/taht-majale-c\/","url":"https:\/\/etnoart.eu\/de\/toode\/taht-majale-c\/","name":"T\u00e4ht majale c |EtnoArt| Majanumbrid ja lipuhoidjad","isPartOf":{"@id":"https:\/\/etnoart.eu\/#website"},"primaryImageOfPage":{"@id":"https:\/\/etnoart.eu\/de\/toode\/taht-majale-c\/#primaryimage"},"image":{"@id":"https:\/\/etnoart.eu\/de\/toode\/taht-majale-c\/#primaryimage"},"thumbnailUrl":"https:\/\/etnoart.eu\/wp-content\/uploads\/2023\/06\/169-Taht-majale-c-Majanumbrid-ja-lipuhoidjad.jpg","datePublished":"2023-06-08T08:51:21+00:00","dateModified":"2023-06-08T08:51:36+00:00","description":"Numbri m\u00f5\u00f5dud: 16,5 x12 cm, number on tsingitud ja v\u00e4rvitud musta struktuurse pulberv\u00e4rviga. Komplektis on kinnituskruvid, nende katted ja ~2cm pikkused toru...","breadcrumb":{"@id":"https:\/\/etnoart.eu\/de\/toode\/taht-majale-c\/#breadcrumb"},"inLanguage":"en-US","potentialAction":[{"@type":"ReadAction","target":["https:\/\/etnoart.eu\/de\/toode\/taht-majale-c\/"]}]},{"@type":"ImageObject","inLanguage":"en-US","@id":"https:\/\/etnoart.eu\/de\/toode\/taht-majale-c\/#primaryimage","url":"https:\/\/etnoart.eu\/wp-content\/uploads\/2023\/06\/169-Taht-majale-c-Majanumbrid-ja-lipuhoidjad.jpg","contentUrl":"https:\/\/etnoart.eu\/wp-content\/uploads\/2023\/06\/169-Taht-majale-c-Majanumbrid-ja-lipuhoidjad.jpg","width":683,"height":1024},{"@type":"BreadcrumbList","@id":"https:\/\/etnoart.eu\/de\/toode\/taht-majale-c\/#breadcrumb","itemListElement":[{"@type":"ListItem","position":1,"name":"Home","item":"https:\/\/etnoart.eu\/en\/"},{"@type":"ListItem","position":2,"name":"Shop","item":"https:\/\/etnoart.eu\/en\/shop\/"},{"@type":"ListItem","position":3,"name":"T\u00e4ht majale c"}]},{"@type":"WebSite","@id":"https:\/\/etnoart.eu\/#website","url":"https:\/\/etnoart.eu\/","name":"Etnoart","description":"K&auml;sit&ouml;&ouml;pood","publisher":{"@id":"https:\/\/etnoart.eu\/#organization"},"potentialAction":[{"@type":"SearchAction","target":{"@type":"EntryPoint","urlTemplate":"https:\/\/etnoart.eu\/?s={search_term_string}"},"query-input":{"@type":"PropertyValueSpecification","valueRequired":true,"valueName":"search_term_string"}}],"inLanguage":"en-US"},{"@type":"Organization","@id":"https:\/\/etnoart.eu\/#organization","name":"Etnoart O\u00dc","url":"https:\/\/etnoart.eu\/","logo":{"@type":"ImageObject","inLanguage":"en-US","@id":"https:\/\/etnoart.eu\/#\/schema\/logo\/image\/","url":"https:\/\/etnoart.eu\/wp-content\/uploads\/2023\/06\/etnoart-logo.png","contentUrl":"https:\/\/etnoart.eu\/wp-content\/uploads\/2023\/06\/etnoart-logo.png","width":491,"height":184,"caption":"Etnoart O\u00dc"},"image":{"@id":"https:\/\/etnoart.eu\/#\/schema\/logo\/image\/"},"sameAs":["https:\/\/www.facebook.com\/etnoart.handicraft.shop"]}]}},"builder_content":"","_links":{"self":[{"href":"https:\/\/etnoart.eu\/en\/wp-json\/wp\/v2\/product\/1165","targetHints":{"allow":["GET"]}}],"collection":[{"href":"https:\/\/etnoart.eu\/en\/wp-json\/wp\/v2\/product"}],"about":[{"href":"https:\/\/etnoart.eu\/en\/wp-json\/wp\/v2\/types\/product"}],"wp:featuredmedia":[{"embeddable":true,"href":"https:\/\/etnoart.eu\/en\/wp-json\/wp\/v2\/media\/1276"}],"wp:attachment":[{"href":"https:\/\/etnoart.eu\/en\/wp-json\/wp\/v2\/media?parent=1165"}],"wp:term":[{"taxonomy":"product_brand","embeddable":true,"href":"https:\/\/etnoart.eu\/en\/wp-json\/wp\/v2\/product_brand?post=1165"},{"taxonomy":"product_cat","embeddable":true,"href":"https:\/\/etnoart.eu\/en\/wp-json\/wp\/v2\/product_cat?post=1165"},{"taxonomy":"product_tag","embeddable":true,"href":"https:\/\/etnoart.eu\/en\/wp-json\/wp\/v2\/product_tag?post=1165"}],"curies":[{"name":"wp","href":"https:\/\/api.w.org\/{rel}","templated":true}]}}