{"id":154,"date":"2023-06-07T08:43:35","date_gmt":"2023-06-07T08:43:35","guid":{"rendered":"https:\/\/etnoart.amsel.ee\/isikuandmed-ja-nende-kasutamine\/"},"modified":"2026-03-13T09:01:53","modified_gmt":"2026-03-13T09:01:53","slug":"privacy-policy","status":"publish","type":"page","link":"https:\/\/etnoart.eu\/en\/privacy-policy\/","title":{"rendered":"Personal information"},"content":{"rendered":"<!--themify_builder_content-->\n<div id=\"themify_builder_content-154\" data-postid=\"154\" class=\"themify_builder_content themify_builder_content-154 themify_builder tf_clear\">\n                    <div  data-lazy=\"1\" class=\"module_row themify_builder_row tb_xv70991 tb_first tf_w\">\n                        <div class=\"row_inner col_align_top tb_col_count_1 tf_box tf_rel\">\n                        <div  data-lazy=\"1\" class=\"module_column tb-column col-full tb_zyae992 first\">\n                            <div  data-lazy=\"1\" class=\"module_subrow themify_builder_sub_row tf_w col_align_top tb_col_count_1 tb_0rl3942\">\n                <div  data-lazy=\"1\" class=\"module_column sub_column col-full tb_9ajv942 first\">\n                    <!-- module text -->\n<div  class=\"module module-text tb_w45o215   \" data-lazy=\"1\">\n        <div  class=\"tb_text_wrap\">\n        <p data-start=\"265\" data-end=\"296\"><strong data-start=\"265\" data-end=\"296\">PROCESSING OF PERSONAL DATA<\/strong><\/p>\n<p data-start=\"298\" data-end=\"537\">The controller of personal data of the online store sivona.ee is O\u00dc EtnoArt (registry code 11909374) located at Reiu kooli tee, Reiu k\u00fcla, 86508 H\u00e4\u00e4demeeste municipality, P\u00e4rnu county, Estonia,<br data-start=\"491\" data-end=\"494\" \/>tel +3725177789 and e-mail <a class=\"decorated-link cursor-pointer\" rel=\"noopener\" data-start=\"521\" data-end=\"536\">info@etnoart.eu<\/a>.<\/p>\n<p data-start=\"539\" data-end=\"647\">O\u00dc EtnoArt transfers personal data necessary for executing payments to the authorised processor Montonio O\u00dc.<\/p>\n<h3 data-section-id=\"6sij4k\" data-start=\"649\" data-end=\"684\">What personal data is processed<\/h3>\n<p data-start=\"685\" data-end=\"888\">\u2022 name, phone number and e-mail address;<br data-start=\"725\" data-end=\"728\" \/>\u2022 delivery address of the goods;<br data-start=\"760\" data-end=\"763\" \/>\u2022 bank account number;<br data-start=\"785\" data-end=\"788\" \/>\u2022 cost of goods and services and payment-related data (purchase history);<br data-start=\"861\" data-end=\"864\" \/>\u2022 customer support data.<\/p>\n<h3 data-section-id=\"8pvtwy\" data-start=\"890\" data-end=\"929\">Purpose of processing personal data<\/h3>\n<p data-start=\"930\" data-end=\"996\">Personal data is used to manage customer orders and deliver goods.<\/p>\n<p data-start=\"998\" data-end=\"1169\">Purchase history data (purchase date, product, quantity, customer data) is used to compile an overview of purchased goods and services and to analyse customer preferences.<\/p>\n<p data-start=\"1171\" data-end=\"1238\">The bank account number is used to return payments to the customer.<\/p>\n<p data-start=\"1240\" data-end=\"1408\">Personal data such as e-mail, phone number and customer name are processed in order to resolve issues related to the provision of goods and services (customer support).<\/p>\n<p data-start=\"1410\" data-end=\"1597\">The IP address of the online store user or other network identifiers are processed for providing the online store as an information society service and for compiling web usage statistics.<\/p>\n<h3 data-section-id=\"ytof4f\" data-start=\"1599\" data-end=\"1614\">Legal basis<\/h3>\n<p data-start=\"1615\" data-end=\"1704\">Personal data is processed for the performance of a contract concluded with the customer.<\/p>\n<p data-start=\"1706\" data-end=\"1815\">Personal data is processed to fulfil legal obligations (e.g. accounting and resolution of consumer disputes).<\/p>\n<h3 data-section-id=\"1ntd8vj\" data-start=\"1817\" data-end=\"1848\">Recipients of personal data<\/h3>\n<p data-start=\"1849\" data-end=\"1989\">Personal data is transferred to the online store customer support for managing purchases and purchase history and resolving customer issues.<\/p>\n<p data-start=\"1991\" data-end=\"2188\">Name, phone number and e-mail address are forwarded to the transport service provider chosen by the customer. If the goods are delivered by courier, the customer\u2019s address will also be transmitted.<\/p>\n<p data-start=\"2190\" data-end=\"2343\">If the accounting of the online store is carried out by a service provider, personal data is transferred to the service provider for accounting purposes.<\/p>\n<p data-start=\"2345\" data-end=\"2479\">Personal data may also be transferred to IT service providers if necessary to ensure the functionality or hosting of the online store.<\/p>\n<h3 data-section-id=\"o2j67o\" data-start=\"2481\" data-end=\"2512\">Security and access to data<\/h3>\n<p data-start=\"2513\" data-end=\"2888\">Personal data is stored on zone.ee servers located in the territory of a Member State of the European Union or in countries that have joined the European Economic Area. Data may be transferred to countries whose data protection level has been assessed as adequate by the European Commission and to companies in the United States that have joined the Privacy Shield framework.<\/p>\n<p data-start=\"2890\" data-end=\"3078\">Access to personal data is granted to employees of the online store who need it to resolve technical issues related to the use of the online store and to provide customer support services.<\/p>\n<p data-start=\"3080\" data-end=\"3291\">The online store implements appropriate physical, organisational and IT security measures to protect personal data from accidental or unlawful destruction, loss, alteration or unauthorised access and disclosure.<\/p>\n<p data-start=\"3293\" data-end=\"3623\">Transfer of personal data to authorised processors of the online store (e.g. transport service providers and data hosting providers) takes place on the basis of contracts concluded between the online store and authorised processors. Authorised processors are required to ensure appropriate safeguards for personal data processing.<\/p>\n<h3 data-section-id=\"tyovz2\" data-start=\"3625\" data-end=\"3667\">Access and correction of personal data<\/h3>\n<p data-start=\"3668\" data-end=\"3851\">Personal data can be accessed and corrected in the online store user profile. If the purchase has been made without a user account, personal data can be accessed via customer support.<\/p>\n<h3 data-section-id=\"zuktv2\" data-start=\"3853\" data-end=\"3878\">Withdrawal of consent<\/h3>\n<p data-start=\"3879\" data-end=\"4042\">If the processing of personal data is based on the customer\u2019s consent, the customer has the right to withdraw the consent by notifying customer support via e-mail.<\/p>\n<h3 data-section-id=\"w9x5of\" data-start=\"4044\" data-end=\"4055\">Storage<\/h3>\n<p data-start=\"4056\" data-end=\"4228\">When the online store customer account is closed, personal data will be deleted unless the data must be retained for accounting purposes or for resolving consumer disputes.<\/p>\n<p data-start=\"4230\" data-end=\"4334\">If a purchase has been made without a customer account, purchase history will be stored for three years.<\/p>\n<p data-start=\"4336\" data-end=\"4494\">In the event of disputes related to payments or consumer disputes, personal data will be stored until the claim is fulfilled or the limitation period expires.<\/p>\n<p data-start=\"4496\" data-end=\"4575\">Personal data necessary for accounting purposes will be stored for seven years.<\/p>\n<h3 data-section-id=\"339dg2\" data-start=\"4577\" data-end=\"4589\">Deletion<\/h3>\n<p data-start=\"4590\" data-end=\"4778\">To delete personal data, customer support must be contacted via e-mail. The deletion request will be answered no later than within one month and the data deletion period will be specified.<\/p>\n<h3 data-section-id=\"j2j6rx\" data-start=\"4780\" data-end=\"4792\">Transfer<\/h3>\n<p data-start=\"4793\" data-end=\"4890\">Requests for the transfer of personal data submitted by e-mail will be answered within one month.<\/p>\n<p data-start=\"4892\" data-end=\"4999\">Customer support will verify the identity of the person and inform which personal data will be transferred.<\/p>\n<h3 data-section-id=\"se3llj\" data-start=\"5001\" data-end=\"5030\">Direct marketing messages<\/h3>\n<p data-start=\"5031\" data-end=\"5291\">The e-mail address and phone number are used for sending direct marketing messages if the customer has given consent. If the customer does not wish to receive such messages, they must select the respective link in the e-mail footer or contact customer support.<\/p>\n<p data-start=\"5293\" data-end=\"5585\">If personal data is processed for direct marketing purposes (profiling), the customer has the right to object at any time to both the initial and further processing of personal data, including profiling related to direct marketing, by notifying customer support via e-mail at <a class=\"decorated-link cursor-pointer\" rel=\"noopener\" data-start=\"5569\" data-end=\"5584\">info@etnoart.eu<\/a>.<\/p>\n<h3 data-section-id=\"1pz4l8i\" data-start=\"5587\" data-end=\"5609\">Dispute resolution<\/h3>\n<p data-start=\"5610\" data-end=\"5851\">Disputes related to the processing of personal data will be resolved via customer support (O\u00dc EtnoArt, registry code 11909374, Reiu kooli tee, Reiu k\u00fcla, 86508 H\u00e4\u00e4demeeste municipality, P\u00e4rnu county, tel +3725177789, e-mail <a class=\"decorated-link cursor-pointer\" rel=\"noopener\" data-start=\"5834\" data-end=\"5849\">info@etnoart.eu<\/a>).<\/p>\n<p data-start=\"5853\" data-end=\"5938\">The supervisory authority is the Estonian Data Protection Inspectorate (<a class=\"decorated-link cursor-pointer\" rel=\"noopener\" data-start=\"5925\" data-end=\"5936\">info@aki.ee<\/a>).<\/p>    <\/div>\n<\/div>\n<!-- \/module text -->        <\/div>\n                    <\/div>\n                <\/div>\n                        <\/div>\n        <\/div>\n        <\/div>\n<!--\/themify_builder_content-->","protected":false},"excerpt":{"rendered":"<p>PROCESSING OF PERSONAL DATA The controller of personal data of the online store sivona.ee is O\u00dc EtnoArt (registry code 11909374) located at Reiu kooli tee, Reiu k\u00fcla, 86508 H\u00e4\u00e4demeeste municipality, P\u00e4rnu county, Estonia,tel +3725177789 and e-mail info@etnoart.eu. O\u00dc EtnoArt transfers personal data necessary for executing payments to the authorised processor Montonio O\u00dc. What personal data [&hellip;]<\/p>\n","protected":false},"author":1,"featured_media":0,"parent":0,"menu_order":0,"comment_status":"closed","ping_status":"closed","template":"","meta":{"footnotes":""},"class_list":["post-154","page","type-page","status-publish","hentry","has-post-title","has-post-date","has-post-category","has-post-tag","has-post-comment","has-post-author",""],"yoast_head":"<!-- This site is optimized with the Yoast SEO plugin v27.4 - https:\/\/yoast.com\/product\/yoast-seo-wordpress\/ -->\n<title>Personal information - Etnoart<\/title>\n<meta name=\"description\" content=\"EtnoArt online store privacy policy explains how customer personal data is processed and protected when placing orders, payments, delivering\" \/>\n<meta name=\"robots\" content=\"index, follow, max-snippet:-1, max-image-preview:large, max-video-preview:-1\" \/>\n<link rel=\"canonical\" href=\"https:\/\/etnoart.eu\/en\/privacy-policy\/\" \/>\n<meta property=\"og:locale\" content=\"en_US\" \/>\n<meta property=\"og:type\" content=\"article\" \/>\n<meta property=\"og:title\" content=\"Personal information - Etnoart\" \/>\n<meta property=\"og:description\" content=\"EtnoArt online store privacy policy explains how customer personal data is processed and protected when placing orders, payments, delivering\" \/>\n<meta property=\"og:url\" content=\"https:\/\/etnoart.eu\/en\/privacy-policy\/\" \/>\n<meta property=\"og:site_name\" content=\"Etnoart\" \/>\n<meta property=\"article:publisher\" content=\"https:\/\/www.facebook.com\/etnoart.handicraft.shop\" \/>\n<meta property=\"article:modified_time\" content=\"2026-03-13T09:01:53+00:00\" \/>\n<meta name=\"twitter:card\" content=\"summary_large_image\" \/>\n<meta name=\"twitter:label1\" content=\"Est. reading time\" \/>\n\t<meta name=\"twitter:data1\" content=\"5 minutes\" \/>\n<script type=\"application\/ld+json\" class=\"yoast-schema-graph\">{\"@context\":\"https:\\\/\\\/schema.org\",\"@graph\":[{\"@type\":\"WebPage\",\"@id\":\"https:\\\/\\\/etnoart.eu\\\/en\\\/privacy-policy\\\/\",\"url\":\"https:\\\/\\\/etnoart.eu\\\/en\\\/privacy-policy\\\/\",\"name\":\"Personal information - Etnoart\",\"isPartOf\":{\"@id\":\"https:\\\/\\\/etnoart.eu\\\/#website\"},\"datePublished\":\"2023-06-07T08:43:35+00:00\",\"dateModified\":\"2026-03-13T09:01:53+00:00\",\"description\":\"EtnoArt online store privacy policy explains how customer personal data is processed and protected when placing orders, payments, delivering\",\"breadcrumb\":{\"@id\":\"https:\\\/\\\/etnoart.eu\\\/en\\\/privacy-policy\\\/#breadcrumb\"},\"inLanguage\":\"en-US\",\"potentialAction\":[{\"@type\":\"ReadAction\",\"target\":[\"https:\\\/\\\/etnoart.eu\\\/en\\\/privacy-policy\\\/\"]}]},{\"@type\":\"BreadcrumbList\",\"@id\":\"https:\\\/\\\/etnoart.eu\\\/en\\\/privacy-policy\\\/#breadcrumb\",\"itemListElement\":[{\"@type\":\"ListItem\",\"position\":1,\"name\":\"Home\",\"item\":\"https:\\\/\\\/etnoart.eu\\\/en\\\/\"},{\"@type\":\"ListItem\",\"position\":2,\"name\":\"Personal information\"}]},{\"@type\":\"WebSite\",\"@id\":\"https:\\\/\\\/etnoart.eu\\\/#website\",\"url\":\"https:\\\/\\\/etnoart.eu\\\/\",\"name\":\"Etnoart\",\"description\":\"K&auml;sit&ouml;&ouml;pood\",\"publisher\":{\"@id\":\"https:\\\/\\\/etnoart.eu\\\/#organization\"},\"potentialAction\":[{\"@type\":\"SearchAction\",\"target\":{\"@type\":\"EntryPoint\",\"urlTemplate\":\"https:\\\/\\\/etnoart.eu\\\/?s={search_term_string}\"},\"query-input\":{\"@type\":\"PropertyValueSpecification\",\"valueRequired\":true,\"valueName\":\"search_term_string\"}}],\"inLanguage\":\"en-US\"},{\"@type\":\"Organization\",\"@id\":\"https:\\\/\\\/etnoart.eu\\\/#organization\",\"name\":\"Etnoart O\u00dc\",\"url\":\"https:\\\/\\\/etnoart.eu\\\/\",\"logo\":{\"@type\":\"ImageObject\",\"inLanguage\":\"en-US\",\"@id\":\"https:\\\/\\\/etnoart.eu\\\/#\\\/schema\\\/logo\\\/image\\\/\",\"url\":\"https:\\\/\\\/etnoart.eu\\\/wp-content\\\/uploads\\\/2023\\\/06\\\/etnoart-logo.png\",\"contentUrl\":\"https:\\\/\\\/etnoart.eu\\\/wp-content\\\/uploads\\\/2023\\\/06\\\/etnoart-logo.png\",\"width\":491,\"height\":184,\"caption\":\"Etnoart O\u00dc\"},\"image\":{\"@id\":\"https:\\\/\\\/etnoart.eu\\\/#\\\/schema\\\/logo\\\/image\\\/\"},\"sameAs\":[\"https:\\\/\\\/www.facebook.com\\\/etnoart.handicraft.shop\"]}]}<\/script>\n<!-- \/ Yoast SEO plugin. -->","yoast_head_json":{"title":"Personal information - Etnoart","description":"EtnoArt online store privacy policy explains how customer personal data is processed and protected when placing orders, payments, delivering","robots":{"index":"index","follow":"follow","max-snippet":"max-snippet:-1","max-image-preview":"max-image-preview:large","max-video-preview":"max-video-preview:-1"},"canonical":"https:\/\/etnoart.eu\/en\/privacy-policy\/","og_locale":"en_US","og_type":"article","og_title":"Personal information - Etnoart","og_description":"EtnoArt online store privacy policy explains how customer personal data is processed and protected when placing orders, payments, delivering","og_url":"https:\/\/etnoart.eu\/en\/privacy-policy\/","og_site_name":"Etnoart","article_publisher":"https:\/\/www.facebook.com\/etnoart.handicraft.shop","article_modified_time":"2026-03-13T09:01:53+00:00","twitter_card":"summary_large_image","twitter_misc":{"Est. reading time":"5 minutes"},"schema":{"@context":"https:\/\/schema.org","@graph":[{"@type":"WebPage","@id":"https:\/\/etnoart.eu\/en\/privacy-policy\/","url":"https:\/\/etnoart.eu\/en\/privacy-policy\/","name":"Personal information - Etnoart","isPartOf":{"@id":"https:\/\/etnoart.eu\/#website"},"datePublished":"2023-06-07T08:43:35+00:00","dateModified":"2026-03-13T09:01:53+00:00","description":"EtnoArt online store privacy policy explains how customer personal data is processed and protected when placing orders, payments, delivering","breadcrumb":{"@id":"https:\/\/etnoart.eu\/en\/privacy-policy\/#breadcrumb"},"inLanguage":"en-US","potentialAction":[{"@type":"ReadAction","target":["https:\/\/etnoart.eu\/en\/privacy-policy\/"]}]},{"@type":"BreadcrumbList","@id":"https:\/\/etnoart.eu\/en\/privacy-policy\/#breadcrumb","itemListElement":[{"@type":"ListItem","position":1,"name":"Home","item":"https:\/\/etnoart.eu\/en\/"},{"@type":"ListItem","position":2,"name":"Personal information"}]},{"@type":"WebSite","@id":"https:\/\/etnoart.eu\/#website","url":"https:\/\/etnoart.eu\/","name":"Etnoart","description":"K&auml;sit&ouml;&ouml;pood","publisher":{"@id":"https:\/\/etnoart.eu\/#organization"},"potentialAction":[{"@type":"SearchAction","target":{"@type":"EntryPoint","urlTemplate":"https:\/\/etnoart.eu\/?s={search_term_string}"},"query-input":{"@type":"PropertyValueSpecification","valueRequired":true,"valueName":"search_term_string"}}],"inLanguage":"en-US"},{"@type":"Organization","@id":"https:\/\/etnoart.eu\/#organization","name":"Etnoart O\u00dc","url":"https:\/\/etnoart.eu\/","logo":{"@type":"ImageObject","inLanguage":"en-US","@id":"https:\/\/etnoart.eu\/#\/schema\/logo\/image\/","url":"https:\/\/etnoart.eu\/wp-content\/uploads\/2023\/06\/etnoart-logo.png","contentUrl":"https:\/\/etnoart.eu\/wp-content\/uploads\/2023\/06\/etnoart-logo.png","width":491,"height":184,"caption":"Etnoart O\u00dc"},"image":{"@id":"https:\/\/etnoart.eu\/#\/schema\/logo\/image\/"},"sameAs":["https:\/\/www.facebook.com\/etnoart.handicraft.shop"]}]}},"builder_content":"<p data-start=\"265\" data-end=\"296\"><strong data-start=\"265\" data-end=\"296\">PROCESSING OF PERSONAL DATA<\/strong><\/p> <p data-start=\"298\" data-end=\"537\">The controller of personal data of the online store sivona.ee is O\u00dc EtnoArt (registry code 11909374) located at Reiu kooli tee, Reiu k\u00fcla, 86508 H\u00e4\u00e4demeeste municipality, P\u00e4rnu county, Estonia,<br data-start=\"491\" data-end=\"494\" \/>tel +3725177789 and e-mail <a rel=\"noopener\" data-start=\"521\" data-end=\"536\">info@etnoart.eu<\/a>.<\/p> <p data-start=\"539\" data-end=\"647\">O\u00dc EtnoArt transfers personal data necessary for executing payments to the authorised processor Montonio O\u00dc.<\/p> <h3 data-section-id=\"6sij4k\" data-start=\"649\" data-end=\"684\">What personal data is processed<\/h3> <p data-start=\"685\" data-end=\"888\">\u2022 name, phone number and e-mail address;<br data-start=\"725\" data-end=\"728\" \/>\u2022 delivery address of the goods;<br data-start=\"760\" data-end=\"763\" \/>\u2022 bank account number;<br data-start=\"785\" data-end=\"788\" \/>\u2022 cost of goods and services and payment-related data (purchase history);<br data-start=\"861\" data-end=\"864\" \/>\u2022 customer support data.<\/p> <h3 data-section-id=\"8pvtwy\" data-start=\"890\" data-end=\"929\">Purpose of processing personal data<\/h3> <p data-start=\"930\" data-end=\"996\">Personal data is used to manage customer orders and deliver goods.<\/p> <p data-start=\"998\" data-end=\"1169\">Purchase history data (purchase date, product, quantity, customer data) is used to compile an overview of purchased goods and services and to analyse customer preferences.<\/p> <p data-start=\"1171\" data-end=\"1238\">The bank account number is used to return payments to the customer.<\/p> <p data-start=\"1240\" data-end=\"1408\">Personal data such as e-mail, phone number and customer name are processed in order to resolve issues related to the provision of goods and services (customer support).<\/p> <p data-start=\"1410\" data-end=\"1597\">The IP address of the online store user or other network identifiers are processed for providing the online store as an information society service and for compiling web usage statistics.<\/p> <h3 data-section-id=\"ytof4f\" data-start=\"1599\" data-end=\"1614\">Legal basis<\/h3> <p data-start=\"1615\" data-end=\"1704\">Personal data is processed for the performance of a contract concluded with the customer.<\/p> <p data-start=\"1706\" data-end=\"1815\">Personal data is processed to fulfil legal obligations (e.g. accounting and resolution of consumer disputes).<\/p> <h3 data-section-id=\"1ntd8vj\" data-start=\"1817\" data-end=\"1848\">Recipients of personal data<\/h3> <p data-start=\"1849\" data-end=\"1989\">Personal data is transferred to the online store customer support for managing purchases and purchase history and resolving customer issues.<\/p> <p data-start=\"1991\" data-end=\"2188\">Name, phone number and e-mail address are forwarded to the transport service provider chosen by the customer. If the goods are delivered by courier, the customer\u2019s address will also be transmitted.<\/p> <p data-start=\"2190\" data-end=\"2343\">If the accounting of the online store is carried out by a service provider, personal data is transferred to the service provider for accounting purposes.<\/p> <p data-start=\"2345\" data-end=\"2479\">Personal data may also be transferred to IT service providers if necessary to ensure the functionality or hosting of the online store.<\/p> <h3 data-section-id=\"o2j67o\" data-start=\"2481\" data-end=\"2512\">Security and access to data<\/h3> <p data-start=\"2513\" data-end=\"2888\">Personal data is stored on zone.ee servers located in the territory of a Member State of the European Union or in countries that have joined the European Economic Area. Data may be transferred to countries whose data protection level has been assessed as adequate by the European Commission and to companies in the United States that have joined the Privacy Shield framework.<\/p> <p data-start=\"2890\" data-end=\"3078\">Access to personal data is granted to employees of the online store who need it to resolve technical issues related to the use of the online store and to provide customer support services.<\/p> <p data-start=\"3080\" data-end=\"3291\">The online store implements appropriate physical, organisational and IT security measures to protect personal data from accidental or unlawful destruction, loss, alteration or unauthorised access and disclosure.<\/p> <p data-start=\"3293\" data-end=\"3623\">Transfer of personal data to authorised processors of the online store (e.g. transport service providers and data hosting providers) takes place on the basis of contracts concluded between the online store and authorised processors. Authorised processors are required to ensure appropriate safeguards for personal data processing.<\/p> <h3 data-section-id=\"tyovz2\" data-start=\"3625\" data-end=\"3667\">Access and correction of personal data<\/h3> <p data-start=\"3668\" data-end=\"3851\">Personal data can be accessed and corrected in the online store user profile. If the purchase has been made without a user account, personal data can be accessed via customer support.<\/p> <h3 data-section-id=\"zuktv2\" data-start=\"3853\" data-end=\"3878\">Withdrawal of consent<\/h3> <p data-start=\"3879\" data-end=\"4042\">If the processing of personal data is based on the customer\u2019s consent, the customer has the right to withdraw the consent by notifying customer support via e-mail.<\/p> <h3 data-section-id=\"w9x5of\" data-start=\"4044\" data-end=\"4055\">Storage<\/h3> <p data-start=\"4056\" data-end=\"4228\">When the online store customer account is closed, personal data will be deleted unless the data must be retained for accounting purposes or for resolving consumer disputes.<\/p> <p data-start=\"4230\" data-end=\"4334\">If a purchase has been made without a customer account, purchase history will be stored for three years.<\/p> <p data-start=\"4336\" data-end=\"4494\">In the event of disputes related to payments or consumer disputes, personal data will be stored until the claim is fulfilled or the limitation period expires.<\/p> <p data-start=\"4496\" data-end=\"4575\">Personal data necessary for accounting purposes will be stored for seven years.<\/p> <h3 data-section-id=\"339dg2\" data-start=\"4577\" data-end=\"4589\">Deletion<\/h3> <p data-start=\"4590\" data-end=\"4778\">To delete personal data, customer support must be contacted via e-mail. The deletion request will be answered no later than within one month and the data deletion period will be specified.<\/p> <h3 data-section-id=\"j2j6rx\" data-start=\"4780\" data-end=\"4792\">Transfer<\/h3> <p data-start=\"4793\" data-end=\"4890\">Requests for the transfer of personal data submitted by e-mail will be answered within one month.<\/p> <p data-start=\"4892\" data-end=\"4999\">Customer support will verify the identity of the person and inform which personal data will be transferred.<\/p> <h3 data-section-id=\"se3llj\" data-start=\"5001\" data-end=\"5030\">Direct marketing messages<\/h3> <p data-start=\"5031\" data-end=\"5291\">The e-mail address and phone number are used for sending direct marketing messages if the customer has given consent. If the customer does not wish to receive such messages, they must select the respective link in the e-mail footer or contact customer support.<\/p> <p data-start=\"5293\" data-end=\"5585\">If personal data is processed for direct marketing purposes (profiling), the customer has the right to object at any time to both the initial and further processing of personal data, including profiling related to direct marketing, by notifying customer support via e-mail at <a rel=\"noopener\" data-start=\"5569\" data-end=\"5584\">info@etnoart.eu<\/a>.<\/p> <h3 data-section-id=\"1pz4l8i\" data-start=\"5587\" data-end=\"5609\">Dispute resolution<\/h3> <p data-start=\"5610\" data-end=\"5851\">Disputes related to the processing of personal data will be resolved via customer support (O\u00dc EtnoArt, registry code 11909374, Reiu kooli tee, Reiu k\u00fcla, 86508 H\u00e4\u00e4demeeste municipality, P\u00e4rnu county, tel +3725177789, e-mail <a rel=\"noopener\" data-start=\"5834\" data-end=\"5849\">info@etnoart.eu<\/a>).<\/p> <p data-start=\"5853\" data-end=\"5938\">The supervisory authority is the Estonian Data Protection Inspectorate (<a rel=\"noopener\" data-start=\"5925\" data-end=\"5936\">info@aki.ee<\/a>).<\/p>","_links":{"self":[{"href":"https:\/\/etnoart.eu\/en\/wp-json\/wp\/v2\/pages\/154","targetHints":{"allow":["GET"]}}],"collection":[{"href":"https:\/\/etnoart.eu\/en\/wp-json\/wp\/v2\/pages"}],"about":[{"href":"https:\/\/etnoart.eu\/en\/wp-json\/wp\/v2\/types\/page"}],"author":[{"embeddable":true,"href":"https:\/\/etnoart.eu\/en\/wp-json\/wp\/v2\/users\/1"}],"replies":[{"embeddable":true,"href":"https:\/\/etnoart.eu\/en\/wp-json\/wp\/v2\/comments?post=154"}],"version-history":[{"count":10,"href":"https:\/\/etnoart.eu\/en\/wp-json\/wp\/v2\/pages\/154\/revisions"}],"predecessor-version":[{"id":8346,"href":"https:\/\/etnoart.eu\/en\/wp-json\/wp\/v2\/pages\/154\/revisions\/8346"}],"wp:attachment":[{"href":"https:\/\/etnoart.eu\/en\/wp-json\/wp\/v2\/media?parent=154"}],"curies":[{"name":"wp","href":"https:\/\/api.w.org\/{rel}","templated":true}]}}