{"id":973,"date":"2023-06-08T08:50:58","date_gmt":"2023-06-08T08:50:58","guid":{"rendered":"https:\/\/etnoart.amsel.ee\/?post_type=product&#038;p=973"},"modified":"2023-12-16T14:22:50","modified_gmt":"2023-12-16T14:22:50","slug":"roop-rolf","status":"publish","type":"product","link":"https:\/\/etnoart.eu\/de\/toode\/roop-rolf\/","title":{"rendered":"Roop Rolf"},"content":{"rendered":"<p>Roop Rolf on praktiline tarvik, mida leidub nii Rolf 3 kui ka<a href=\"https:\/\/etnoart.eu\/toode\/kaminariistad-rolf-4\/\" target=\"_blank\" rel=\"noopener\"> Rolf 4<\/a> komplektides. See standardpikkusega 60 cm roop on valmistatud vastupidavast terasest, pakkudes usaldusv\u00e4\u00e4rset tule kohendamise lahendust igap\u00e4evaste \u00fclesannete jaoks.<\/p>\n<p>Tegemist on lihtsa ja praktilise abivahendiga, mis on m\u00f5eldud tuleaseme hooldamiseks ja korrashoiu tagamiseks. Roop v\u00f5imaldab h\u00f5lpsalt korraldada p\u00f5lemist ja tuha eemaldamist kaminast v\u00f5i ahjust, aidates s\u00e4ilitada tulekolde puhtust ja t\u00f5husust.<\/p>\n<p>Roop on viimistletud lakikihiga, mis r\u00f5hutab selle vastupidavust ja kaitseb seda igap\u00e4evase kasutamise ja keskkonnatingimuste eest. Viimistlus lisab tarvikule vastupidavust ning aitab s\u00e4ilitada selle kvaliteeti aastateks.<\/p>\n<p>Oma lihtsa ja funktsionaalse disainiga sobib roop suurep\u00e4raselt igap\u00e4evaseks kasutamiseks, olles samal ajal vastupidav ja usaldusv\u00e4\u00e4rne abivahend tulekolde hooldamisel. Olles osa Rolf komplektidest, t\u00e4iendab Roop teisi tarvikuid, v\u00f5imaldades terviklikku hoolduslahendust tulekoldele.<\/p>\n<p>&nbsp;<\/p>\n","protected":false},"excerpt":{"rendered":"<p>Roop Rolf on praktiline tarvik, mida leidub nii Rolf 3 kui ka Rolf 4 komplektides. See standardpikkusega 60 cm roop<\/p>\n","protected":false},"featured_media":4311,"template":"","meta":[],"product_brand":[],"product_cat":[116],"product_tag":[],"class_list":{"0":"post-973","1":"product","2":"type-product","3":"status-publish","4":"has-post-thumbnail","6":"product_cat-kaminatarbed-ja-puukorvid","7":"has-post-title","8":"has-post-date","9":"has-post-category","10":"has-post-tag","11":"has-post-comment","12":"has-post-author","13":"","15":"first","16":"instock","17":"taxable","18":"shipping-taxable","19":"purchasable","20":"product-type-simple"},"yoast_head":"<!-- This site is optimized with the Yoast SEO plugin v27.4 - https:\/\/yoast.com\/product\/yoast-seo-wordpress\/ -->\n<title>Roop Rolf |EtnoArt| Kaminatarbed ja puukorvid<\/title>\n<meta name=\"description\" content=\"Roop Rolf on praktiline tarvik, mida leidub nii Rolf 3 kui ka Rolf 4 komplektides. See standardpikkusega 60 cm roop. Viimistletud lakiga.\" \/>\n<meta name=\"robots\" content=\"index, follow, max-snippet:-1, max-image-preview:large, max-video-preview:-1\" \/>\n<link rel=\"canonical\" href=\"https:\/\/etnoart.eu\/toode\/roop-rolf\/\" \/>\n<meta property=\"og:locale\" content=\"de_DE\" \/>\n<meta property=\"og:type\" content=\"article\" \/>\n<meta property=\"og:title\" content=\"Roop Rolf |EtnoArt| Kaminatarbed ja puukorvid\" \/>\n<meta property=\"og:description\" content=\"Roop Rolf on praktiline tarvik, mida leidub nii Rolf 3 kui ka Rolf 4 komplektides. See standardpikkusega 60 cm roop. Viimistletud lakiga.\" \/>\n<meta property=\"og:url\" content=\"https:\/\/etnoart.eu\/toode\/roop-rolf\/\" \/>\n<meta property=\"og:site_name\" content=\"Etnoart\" \/>\n<meta property=\"article:publisher\" content=\"https:\/\/www.facebook.com\/etnoart.handicraft.shop\" \/>\n<meta property=\"article:modified_time\" content=\"2023-12-16T14:22:50+00:00\" \/>\n<meta property=\"og:image\" content=\"https:\/\/etnoart.eu\/wp-content\/uploads\/2023\/06\/Roop-Rolf-60cm.png\" \/>\n\t<meta property=\"og:image:width\" content=\"904\" \/>\n\t<meta property=\"og:image:height\" content=\"904\" \/>\n\t<meta property=\"og:image:type\" content=\"image\/png\" \/>\n<meta name=\"twitter:card\" content=\"summary_large_image\" \/>\n<meta name=\"twitter:label1\" content=\"Gesch\u00e4tzte Lesezeit\" \/>\n\t<meta name=\"twitter:data1\" content=\"1\u00a0Minute\" \/>\n<script type=\"application\/ld+json\" class=\"yoast-schema-graph\">{\"@context\":\"https:\\\/\\\/schema.org\",\"@graph\":[{\"@type\":\"WebPage\",\"@id\":\"https:\\\/\\\/etnoart.eu\\\/toode\\\/roop-rolf\\\/\",\"url\":\"https:\\\/\\\/etnoart.eu\\\/toode\\\/roop-rolf\\\/\",\"name\":\"Roop Rolf |EtnoArt| Kaminatarbed ja puukorvid\",\"isPartOf\":{\"@id\":\"https:\\\/\\\/etnoart.eu\\\/#website\"},\"primaryImageOfPage\":{\"@id\":\"https:\\\/\\\/etnoart.eu\\\/toode\\\/roop-rolf\\\/#primaryimage\"},\"image\":{\"@id\":\"https:\\\/\\\/etnoart.eu\\\/toode\\\/roop-rolf\\\/#primaryimage\"},\"thumbnailUrl\":\"https:\\\/\\\/etnoart.eu\\\/wp-content\\\/uploads\\\/2023\\\/06\\\/Roop-Rolf-60cm.png\",\"datePublished\":\"2023-06-08T08:50:58+00:00\",\"dateModified\":\"2023-12-16T14:22:50+00:00\",\"description\":\"Roop Rolf on praktiline tarvik, mida leidub nii Rolf 3 kui ka Rolf 4 komplektides. See standardpikkusega 60 cm roop. Viimistletud lakiga.\",\"breadcrumb\":{\"@id\":\"https:\\\/\\\/etnoart.eu\\\/toode\\\/roop-rolf\\\/#breadcrumb\"},\"inLanguage\":\"de\",\"potentialAction\":[{\"@type\":\"ReadAction\",\"target\":[\"https:\\\/\\\/etnoart.eu\\\/toode\\\/roop-rolf\\\/\"]}]},{\"@type\":\"ImageObject\",\"inLanguage\":\"de\",\"@id\":\"https:\\\/\\\/etnoart.eu\\\/toode\\\/roop-rolf\\\/#primaryimage\",\"url\":\"https:\\\/\\\/etnoart.eu\\\/wp-content\\\/uploads\\\/2023\\\/06\\\/Roop-Rolf-60cm.png\",\"contentUrl\":\"https:\\\/\\\/etnoart.eu\\\/wp-content\\\/uploads\\\/2023\\\/06\\\/Roop-Rolf-60cm.png\",\"width\":904,\"height\":904,\"caption\":\"Roop Rolf 60cm\"},{\"@type\":\"BreadcrumbList\",\"@id\":\"https:\\\/\\\/etnoart.eu\\\/toode\\\/roop-rolf\\\/#breadcrumb\",\"itemListElement\":[{\"@type\":\"ListItem\",\"position\":1,\"name\":\"Home\",\"item\":\"https:\\\/\\\/etnoart.eu\\\/de\\\/\"},{\"@type\":\"ListItem\",\"position\":2,\"name\":\"Shop\",\"item\":\"https:\\\/\\\/etnoart.eu\\\/pood\\\/\"},{\"@type\":\"ListItem\",\"position\":3,\"name\":\"Roop Rolf\"}]},{\"@type\":\"WebSite\",\"@id\":\"https:\\\/\\\/etnoart.eu\\\/#website\",\"url\":\"https:\\\/\\\/etnoart.eu\\\/\",\"name\":\"Etnoart\",\"description\":\"K&auml;sit&ouml;&ouml;pood\",\"publisher\":{\"@id\":\"https:\\\/\\\/etnoart.eu\\\/#organization\"},\"potentialAction\":[{\"@type\":\"SearchAction\",\"target\":{\"@type\":\"EntryPoint\",\"urlTemplate\":\"https:\\\/\\\/etnoart.eu\\\/?s={search_term_string}\"},\"query-input\":{\"@type\":\"PropertyValueSpecification\",\"valueRequired\":true,\"valueName\":\"search_term_string\"}}],\"inLanguage\":\"de\"},{\"@type\":\"Organization\",\"@id\":\"https:\\\/\\\/etnoart.eu\\\/#organization\",\"name\":\"Etnoart O\u00dc\",\"url\":\"https:\\\/\\\/etnoart.eu\\\/\",\"logo\":{\"@type\":\"ImageObject\",\"inLanguage\":\"de\",\"@id\":\"https:\\\/\\\/etnoart.eu\\\/#\\\/schema\\\/logo\\\/image\\\/\",\"url\":\"https:\\\/\\\/etnoart.eu\\\/wp-content\\\/uploads\\\/2023\\\/06\\\/etnoart-logo.png\",\"contentUrl\":\"https:\\\/\\\/etnoart.eu\\\/wp-content\\\/uploads\\\/2023\\\/06\\\/etnoart-logo.png\",\"width\":491,\"height\":184,\"caption\":\"Etnoart O\u00dc\"},\"image\":{\"@id\":\"https:\\\/\\\/etnoart.eu\\\/#\\\/schema\\\/logo\\\/image\\\/\"},\"sameAs\":[\"https:\\\/\\\/www.facebook.com\\\/etnoart.handicraft.shop\"]}]}<\/script>\n<!-- \/ Yoast SEO plugin. -->","yoast_head_json":{"title":"Roop Rolf |EtnoArt| Kaminatarbed ja puukorvid","description":"Roop Rolf on praktiline tarvik, mida leidub nii Rolf 3 kui ka Rolf 4 komplektides. See standardpikkusega 60 cm roop. Viimistletud lakiga.","robots":{"index":"index","follow":"follow","max-snippet":"max-snippet:-1","max-image-preview":"max-image-preview:large","max-video-preview":"max-video-preview:-1"},"canonical":"https:\/\/etnoart.eu\/toode\/roop-rolf\/","og_locale":"de_DE","og_type":"article","og_title":"Roop Rolf |EtnoArt| Kaminatarbed ja puukorvid","og_description":"Roop Rolf on praktiline tarvik, mida leidub nii Rolf 3 kui ka Rolf 4 komplektides. See standardpikkusega 60 cm roop. Viimistletud lakiga.","og_url":"https:\/\/etnoart.eu\/toode\/roop-rolf\/","og_site_name":"Etnoart","article_publisher":"https:\/\/www.facebook.com\/etnoart.handicraft.shop","article_modified_time":"2023-12-16T14:22:50+00:00","og_image":[{"width":904,"height":904,"url":"https:\/\/etnoart.eu\/wp-content\/uploads\/2023\/06\/Roop-Rolf-60cm.png","type":"image\/png"}],"twitter_card":"summary_large_image","twitter_misc":{"Gesch\u00e4tzte Lesezeit":"1\u00a0Minute"},"schema":{"@context":"https:\/\/schema.org","@graph":[{"@type":"WebPage","@id":"https:\/\/etnoart.eu\/toode\/roop-rolf\/","url":"https:\/\/etnoart.eu\/toode\/roop-rolf\/","name":"Roop Rolf |EtnoArt| Kaminatarbed ja puukorvid","isPartOf":{"@id":"https:\/\/etnoart.eu\/#website"},"primaryImageOfPage":{"@id":"https:\/\/etnoart.eu\/toode\/roop-rolf\/#primaryimage"},"image":{"@id":"https:\/\/etnoart.eu\/toode\/roop-rolf\/#primaryimage"},"thumbnailUrl":"https:\/\/etnoart.eu\/wp-content\/uploads\/2023\/06\/Roop-Rolf-60cm.png","datePublished":"2023-06-08T08:50:58+00:00","dateModified":"2023-12-16T14:22:50+00:00","description":"Roop Rolf on praktiline tarvik, mida leidub nii Rolf 3 kui ka Rolf 4 komplektides. See standardpikkusega 60 cm roop. Viimistletud lakiga.","breadcrumb":{"@id":"https:\/\/etnoart.eu\/toode\/roop-rolf\/#breadcrumb"},"inLanguage":"de","potentialAction":[{"@type":"ReadAction","target":["https:\/\/etnoart.eu\/toode\/roop-rolf\/"]}]},{"@type":"ImageObject","inLanguage":"de","@id":"https:\/\/etnoart.eu\/toode\/roop-rolf\/#primaryimage","url":"https:\/\/etnoart.eu\/wp-content\/uploads\/2023\/06\/Roop-Rolf-60cm.png","contentUrl":"https:\/\/etnoart.eu\/wp-content\/uploads\/2023\/06\/Roop-Rolf-60cm.png","width":904,"height":904,"caption":"Roop Rolf 60cm"},{"@type":"BreadcrumbList","@id":"https:\/\/etnoart.eu\/toode\/roop-rolf\/#breadcrumb","itemListElement":[{"@type":"ListItem","position":1,"name":"Home","item":"https:\/\/etnoart.eu\/de\/"},{"@type":"ListItem","position":2,"name":"Shop","item":"https:\/\/etnoart.eu\/pood\/"},{"@type":"ListItem","position":3,"name":"Roop Rolf"}]},{"@type":"WebSite","@id":"https:\/\/etnoart.eu\/#website","url":"https:\/\/etnoart.eu\/","name":"Etnoart","description":"K&auml;sit&ouml;&ouml;pood","publisher":{"@id":"https:\/\/etnoart.eu\/#organization"},"potentialAction":[{"@type":"SearchAction","target":{"@type":"EntryPoint","urlTemplate":"https:\/\/etnoart.eu\/?s={search_term_string}"},"query-input":{"@type":"PropertyValueSpecification","valueRequired":true,"valueName":"search_term_string"}}],"inLanguage":"de"},{"@type":"Organization","@id":"https:\/\/etnoart.eu\/#organization","name":"Etnoart O\u00dc","url":"https:\/\/etnoart.eu\/","logo":{"@type":"ImageObject","inLanguage":"de","@id":"https:\/\/etnoart.eu\/#\/schema\/logo\/image\/","url":"https:\/\/etnoart.eu\/wp-content\/uploads\/2023\/06\/etnoart-logo.png","contentUrl":"https:\/\/etnoart.eu\/wp-content\/uploads\/2023\/06\/etnoart-logo.png","width":491,"height":184,"caption":"Etnoart O\u00dc"},"image":{"@id":"https:\/\/etnoart.eu\/#\/schema\/logo\/image\/"},"sameAs":["https:\/\/www.facebook.com\/etnoart.handicraft.shop"]}]}},"builder_content":"","_links":{"self":[{"href":"https:\/\/etnoart.eu\/de\/wp-json\/wp\/v2\/product\/973","targetHints":{"allow":["GET"]}}],"collection":[{"href":"https:\/\/etnoart.eu\/de\/wp-json\/wp\/v2\/product"}],"about":[{"href":"https:\/\/etnoart.eu\/de\/wp-json\/wp\/v2\/types\/product"}],"wp:featuredmedia":[{"embeddable":true,"href":"https:\/\/etnoart.eu\/de\/wp-json\/wp\/v2\/media\/4311"}],"wp:attachment":[{"href":"https:\/\/etnoart.eu\/de\/wp-json\/wp\/v2\/media?parent=973"}],"wp:term":[{"taxonomy":"product_brand","embeddable":true,"href":"https:\/\/etnoart.eu\/de\/wp-json\/wp\/v2\/product_brand?post=973"},{"taxonomy":"product_cat","embeddable":true,"href":"https:\/\/etnoart.eu\/de\/wp-json\/wp\/v2\/product_cat?post=973"},{"taxonomy":"product_tag","embeddable":true,"href":"https:\/\/etnoart.eu\/de\/wp-json\/wp\/v2\/product_tag?post=973"}],"curies":[{"name":"wp","href":"https:\/\/api.w.org\/{rel}","templated":true}]}}