{"id":8405,"date":"2026-03-13T17:00:01","date_gmt":"2026-03-13T17:00:01","guid":{"rendered":"https:\/\/etnoart.eu\/toode\/metalltrepp-restastmetega\/"},"modified":"2026-03-13T17:40:27","modified_gmt":"2026-03-13T17:40:27","slug":"metalltreppe-mit-gitterroststufen","status":"publish","type":"product","link":"https:\/\/etnoart.eu\/de\/toode\/metalltreppe-mit-gitterroststufen\/","title":{"rendered":"Metalltreppe mit Gitterroststufen"},"content":{"rendered":"<p data-start=\"2498\" data-end=\"2805\">Die Metalltreppe mit Gitterroststufen ist eine einfache und robuste L\u00f6sung f\u00fcr Bereiche, in denen ein kleiner H\u00f6henunterschied \u00fcberwunden werden muss. Die Konstruktion besteht aus einem stabilen Metallrahmen und Gitterroststufen, die auch bei nassen oder winterlichen Bedingungen einen sicheren Halt bieten.<\/p>\n<p data-start=\"2807\" data-end=\"2961\">Die Gitterroststufen lassen Schnee, Wasser und Schmutz durch, wodurch die Treppe auch dann sicher bleibt, wenn geschlossene Stufen rutschig werden k\u00f6nnen.<\/p>\n<p data-start=\"2963\" data-end=\"3295\">Die Treppe kann sowohl im Innen- als auch im Au\u00dfenbereich verwendet werden. Die Standardoberfl\u00e4che besteht aus Grundierung und Lackierung und eignet sich besonders f\u00fcr trockenere Umgebungen wie Keller oder \u00fcberdachte Bereiche. F\u00fcr den Au\u00dfeneinsatz kann die Treppe auch verzinkt oder verzinkt und zus\u00e4tzlich lackiert bestellt werden.<\/p>\n<p data-start=\"3297\" data-end=\"3505\">Die Treppe wird entweder montiert geliefert (bei Selbstabholung) oder f\u00fcr den Transport zerlegt. Die Montage ist einfach \u2013 es m\u00fcssen lediglich 8 Schrauben befestigt werden, die im Lieferumfang enthalten sind.<\/p>\n<p data-start=\"3507\" data-end=\"3681\">Geeignet f\u00fcr den Einsatz in Haushalten, Industrieumgebungen, Lagern, bei Containern, Anh\u00e4ngern und \u00fcberall dort, wo eine kompakte und zuverl\u00e4ssige Metalltreppe ben\u00f6tigt wird.<\/p>\n<hr data-start=\"3683\" data-end=\"3686\" \/>\n<h2 data-section-id=\"wohfxl\" data-start=\"3688\" data-end=\"3704\">Hauptmerkmale<\/h2>\n<ul data-start=\"3706\" data-end=\"3979\">\n<li data-section-id=\"749oji\" data-start=\"3706\" data-end=\"3731\">\n<p data-start=\"3708\" data-end=\"3731\">stabiler Metallrahmen<\/p>\n<\/li>\n<li data-section-id=\"1ii8f88\" data-start=\"3732\" data-end=\"3767\">\n<p data-start=\"3734\" data-end=\"3767\">rutschhemmende Gitterroststufen<\/p>\n<\/li>\n<li data-section-id=\"csnyy9\" data-start=\"3768\" data-end=\"3809\">\n<p data-start=\"3770\" data-end=\"3809\">geeignet f\u00fcr Innen- und Au\u00dfenbereiche<\/p>\n<\/li>\n<li data-section-id=\"fe7z4t\" data-start=\"3810\" data-end=\"3858\">\n<p data-start=\"3812\" data-end=\"3858\">erh\u00e4ltlich verzinkt oder verzinkt + lackiert<\/p>\n<\/li>\n<li data-section-id=\"1iwufeb\" data-start=\"3859\" data-end=\"3903\">\n<p data-start=\"3861\" data-end=\"3903\">einfache Montage (8 Schrauben enthalten)<\/p>\n<\/li>\n<li data-section-id=\"2z89o5\" data-start=\"3904\" data-end=\"3979\">\n<p data-start=\"3906\" data-end=\"3979\">vielseitig einsetzbar \u2013 Haushalt, Industrie, Lager, Container, Anh\u00e4nger<\/p>\n<\/li>\n<\/ul>\n<hr data-start=\"3981\" data-end=\"3984\" \/>\n<h2 data-section-id=\"1tpcj0f\" data-start=\"3986\" data-end=\"4005\">Technische Daten<\/h2>\n<p data-start=\"4007\" data-end=\"4111\">Produktname: Metalltreppe mit Gitterroststufen<br data-start=\"4053\" data-end=\"4056\" \/>Abmessungen: 500 \u00d7 500 \u00d7 900 mm (H\u00f6he \u00d7 Tiefe \u00d7 Breite)<\/p>\n<p data-start=\"4113\" data-end=\"4160\">H\u00f6he: 500 mm<br data-start=\"4125\" data-end=\"4128\" \/>Breite: 900 mm<br data-start=\"4142\" data-end=\"4145\" \/>Tiefe: 500 mm<\/p>\n<p data-start=\"4162\" data-end=\"4287\">Material: Metallrahmen (8 mm)<br data-start=\"4191\" data-end=\"4194\" \/>Oberfl\u00e4che: Grundierung + Lack<br data-start=\"4224\" data-end=\"4227\" \/>Standardfarbe: Grau<br data-start=\"4246\" data-end=\"4249\" \/>Optional: Farben nach RAL-Farbsystem<\/p>\n<p data-start=\"4289\" data-end=\"4363\">Stufen: Metall-Gitterroststufen<br data-start=\"4320\" data-end=\"4323\" \/>Tragf\u00e4higkeit: bis zu 200 kg pro Stufe<\/p>\n<p data-start=\"4365\" data-end=\"4466\">Verwendung: Innen- und Au\u00dfenbereich<br data-start=\"4400\" data-end=\"4403\" \/>Lieferung: montiert oder zerlegt im Paket (Schrauben enthalten)<\/p>\n","protected":false},"excerpt":{"rendered":"<p data-start=\"4113\" data-end=\"4160\">H\u00f6he: 500 mm<br data-start=\"4125\" data-end=\"4128\" \/>Breite: 900 mm<br data-start=\"4142\" data-end=\"4145\" \/>Tiefe: 500 mm<\/p>\n<p data-start=\"4162\" data-end=\"4287\">Material: Metallrahmen (8 mm)<br data-start=\"4191\" data-end=\"4194\" \/>Oberfl\u00e4che: Grundierung + Lack<br data-start=\"4224\" data-end=\"4227\" \/>Standardfarbe: Grau<br data-start=\"4246\" data-end=\"4249\" \/>Optional: Farben nach RAL-Farbsystem<\/p>\n<p data-start=\"4289\" data-end=\"4363\">Stufen: Metall-Gitterroststufen<br data-start=\"4320\" data-end=\"4323\" \/>Tragf\u00e4higkeit: bis zu 200 kg pro Stufe<\/p>\n","protected":false},"featured_media":8406,"template":"","meta":[],"product_brand":[],"product_cat":[1181],"product_tag":[],"class_list":{"0":"post-8405","1":"product","2":"type-product","3":"status-publish","4":"has-post-thumbnail","6":"product_cat-metallkonstruktionen-und-zubehoer","7":"product_shipping_class-liiga-suur-pakiautomaadile","8":"has-post-title","9":"has-post-date","10":"has-post-category","11":"has-post-tag","12":"has-post-comment","13":"has-post-author","14":"","16":"first","17":"instock","18":"taxable","19":"shipping-taxable","20":"purchasable","21":"product-type-simple"},"yoast_head":"<!-- This site is optimized with the Yoast SEO plugin v27.3 - https:\/\/yoast.com\/product\/yoast-seo-wordpress\/ -->\n<title>Metalltreppe mit Gitterroststufen - Etnoart<\/title>\n<meta name=\"description\" content=\"Robuste Metalltreppe mit rutschhemmenden Gitterroststufen. Geeignet f\u00fcr Innen- und Au\u00dfenbereich. Stabile Stahlkonstruktion und einfache Montage.\" \/>\n<meta name=\"robots\" content=\"index, follow, max-snippet:-1, max-image-preview:large, max-video-preview:-1\" \/>\n<link rel=\"canonical\" href=\"https:\/\/etnoart.eu\/fi\/toode\/metalltrepp-restastmetega\/\" \/>\n<meta property=\"og:locale\" content=\"de_DE\" \/>\n<meta property=\"og:type\" content=\"article\" \/>\n<meta property=\"og:title\" content=\"Metalltreppe mit Gitterroststufen - Etnoart\" \/>\n<meta property=\"og:description\" content=\"Robuste Metalltreppe mit rutschhemmenden Gitterroststufen. Geeignet f\u00fcr Innen- und Au\u00dfenbereich. Stabile Stahlkonstruktion und einfache Montage.\" \/>\n<meta property=\"og:url\" content=\"https:\/\/etnoart.eu\/fi\/toode\/metalltrepp-restastmetega\/\" \/>\n<meta property=\"og:site_name\" content=\"Etnoart\" \/>\n<meta property=\"article:publisher\" content=\"https:\/\/www.facebook.com\/etnoart.handicraft.shop\" \/>\n<meta property=\"article:modified_time\" content=\"2026-03-13T17:40:27+00:00\" \/>\n<meta property=\"og:image\" content=\"https:\/\/etnoart.eu\/wp-content\/uploads\/2026\/03\/vaike-restastmetega-trepp.png\" \/>\n\t<meta property=\"og:image:width\" content=\"1877\" \/>\n\t<meta property=\"og:image:height\" content=\"1591\" \/>\n\t<meta property=\"og:image:type\" content=\"image\/png\" \/>\n<meta name=\"twitter:card\" content=\"summary_large_image\" \/>\n<meta name=\"twitter:label1\" content=\"Gesch\u00e4tzte Lesezeit\" \/>\n\t<meta name=\"twitter:data1\" content=\"2\u00a0Minuten\" \/>\n<script type=\"application\/ld+json\" class=\"yoast-schema-graph\">{\"@context\":\"https:\\\/\\\/schema.org\",\"@graph\":[{\"@type\":\"WebPage\",\"@id\":\"https:\\\/\\\/etnoart.eu\\\/fi\\\/toode\\\/metalltrepp-restastmetega\\\/\",\"url\":\"https:\\\/\\\/etnoart.eu\\\/fi\\\/toode\\\/metalltrepp-restastmetega\\\/\",\"name\":\"Metalltreppe mit Gitterroststufen - Etnoart\",\"isPartOf\":{\"@id\":\"https:\\\/\\\/etnoart.eu\\\/#website\"},\"primaryImageOfPage\":{\"@id\":\"https:\\\/\\\/etnoart.eu\\\/fi\\\/toode\\\/metalltrepp-restastmetega\\\/#primaryimage\"},\"image\":{\"@id\":\"https:\\\/\\\/etnoart.eu\\\/fi\\\/toode\\\/metalltrepp-restastmetega\\\/#primaryimage\"},\"thumbnailUrl\":\"https:\\\/\\\/etnoart.eu\\\/wp-content\\\/uploads\\\/2026\\\/03\\\/vaike-restastmetega-trepp.png\",\"datePublished\":\"2026-03-13T17:00:01+00:00\",\"dateModified\":\"2026-03-13T17:40:27+00:00\",\"description\":\"Robuste Metalltreppe mit rutschhemmenden Gitterroststufen. Geeignet f\u00fcr Innen- und Au\u00dfenbereich. Stabile Stahlkonstruktion und einfache Montage.\",\"breadcrumb\":{\"@id\":\"https:\\\/\\\/etnoart.eu\\\/fi\\\/toode\\\/metalltrepp-restastmetega\\\/#breadcrumb\"},\"inLanguage\":\"de\",\"potentialAction\":[{\"@type\":\"ReadAction\",\"target\":[\"https:\\\/\\\/etnoart.eu\\\/fi\\\/toode\\\/metalltrepp-restastmetega\\\/\"]}]},{\"@type\":\"ImageObject\",\"inLanguage\":\"de\",\"@id\":\"https:\\\/\\\/etnoart.eu\\\/fi\\\/toode\\\/metalltrepp-restastmetega\\\/#primaryimage\",\"url\":\"https:\\\/\\\/etnoart.eu\\\/wp-content\\\/uploads\\\/2026\\\/03\\\/vaike-restastmetega-trepp.png\",\"contentUrl\":\"https:\\\/\\\/etnoart.eu\\\/wp-content\\\/uploads\\\/2026\\\/03\\\/vaike-restastmetega-trepp.png\",\"width\":1877,\"height\":1591,\"caption\":\"v\u00e4ike restastmetega trepp keldrisse v\u00f5i r\u00f5dule\"},{\"@type\":\"BreadcrumbList\",\"@id\":\"https:\\\/\\\/etnoart.eu\\\/fi\\\/toode\\\/metalltrepp-restastmetega\\\/#breadcrumb\",\"itemListElement\":[{\"@type\":\"ListItem\",\"position\":1,\"name\":\"Home\",\"item\":\"https:\\\/\\\/etnoart.eu\\\/de\\\/\"},{\"@type\":\"ListItem\",\"position\":2,\"name\":\"Shop\",\"item\":\"https:\\\/\\\/etnoart.eu\\\/pood\\\/\"},{\"@type\":\"ListItem\",\"position\":3,\"name\":\"Metalltreppe mit Gitterroststufen\"}]},{\"@type\":\"WebSite\",\"@id\":\"https:\\\/\\\/etnoart.eu\\\/#website\",\"url\":\"https:\\\/\\\/etnoart.eu\\\/\",\"name\":\"Etnoart\",\"description\":\"K&auml;sit&ouml;&ouml;pood\",\"publisher\":{\"@id\":\"https:\\\/\\\/etnoart.eu\\\/#organization\"},\"potentialAction\":[{\"@type\":\"SearchAction\",\"target\":{\"@type\":\"EntryPoint\",\"urlTemplate\":\"https:\\\/\\\/etnoart.eu\\\/?s={search_term_string}\"},\"query-input\":{\"@type\":\"PropertyValueSpecification\",\"valueRequired\":true,\"valueName\":\"search_term_string\"}}],\"inLanguage\":\"de\"},{\"@type\":\"Organization\",\"@id\":\"https:\\\/\\\/etnoart.eu\\\/#organization\",\"name\":\"Etnoart O\u00dc\",\"url\":\"https:\\\/\\\/etnoart.eu\\\/\",\"logo\":{\"@type\":\"ImageObject\",\"inLanguage\":\"de\",\"@id\":\"https:\\\/\\\/etnoart.eu\\\/#\\\/schema\\\/logo\\\/image\\\/\",\"url\":\"https:\\\/\\\/etnoart.eu\\\/wp-content\\\/uploads\\\/2023\\\/06\\\/etnoart-logo.png\",\"contentUrl\":\"https:\\\/\\\/etnoart.eu\\\/wp-content\\\/uploads\\\/2023\\\/06\\\/etnoart-logo.png\",\"width\":491,\"height\":184,\"caption\":\"Etnoart O\u00dc\"},\"image\":{\"@id\":\"https:\\\/\\\/etnoart.eu\\\/#\\\/schema\\\/logo\\\/image\\\/\"},\"sameAs\":[\"https:\\\/\\\/www.facebook.com\\\/etnoart.handicraft.shop\"]}]}<\/script>\n<!-- \/ Yoast SEO plugin. -->","yoast_head_json":{"title":"Metalltreppe mit Gitterroststufen - Etnoart","description":"Robuste Metalltreppe mit rutschhemmenden Gitterroststufen. Geeignet f\u00fcr Innen- und Au\u00dfenbereich. Stabile Stahlkonstruktion und einfache Montage.","robots":{"index":"index","follow":"follow","max-snippet":"max-snippet:-1","max-image-preview":"max-image-preview:large","max-video-preview":"max-video-preview:-1"},"canonical":"https:\/\/etnoart.eu\/fi\/toode\/metalltrepp-restastmetega\/","og_locale":"de_DE","og_type":"article","og_title":"Metalltreppe mit Gitterroststufen - Etnoart","og_description":"Robuste Metalltreppe mit rutschhemmenden Gitterroststufen. Geeignet f\u00fcr Innen- und Au\u00dfenbereich. Stabile Stahlkonstruktion und einfache Montage.","og_url":"https:\/\/etnoart.eu\/fi\/toode\/metalltrepp-restastmetega\/","og_site_name":"Etnoart","article_publisher":"https:\/\/www.facebook.com\/etnoart.handicraft.shop","article_modified_time":"2026-03-13T17:40:27+00:00","og_image":[{"width":1877,"height":1591,"url":"https:\/\/etnoart.eu\/wp-content\/uploads\/2026\/03\/vaike-restastmetega-trepp.png","type":"image\/png"}],"twitter_card":"summary_large_image","twitter_misc":{"Gesch\u00e4tzte Lesezeit":"2\u00a0Minuten"},"schema":{"@context":"https:\/\/schema.org","@graph":[{"@type":"WebPage","@id":"https:\/\/etnoart.eu\/fi\/toode\/metalltrepp-restastmetega\/","url":"https:\/\/etnoart.eu\/fi\/toode\/metalltrepp-restastmetega\/","name":"Metalltreppe mit Gitterroststufen - Etnoart","isPartOf":{"@id":"https:\/\/etnoart.eu\/#website"},"primaryImageOfPage":{"@id":"https:\/\/etnoart.eu\/fi\/toode\/metalltrepp-restastmetega\/#primaryimage"},"image":{"@id":"https:\/\/etnoart.eu\/fi\/toode\/metalltrepp-restastmetega\/#primaryimage"},"thumbnailUrl":"https:\/\/etnoart.eu\/wp-content\/uploads\/2026\/03\/vaike-restastmetega-trepp.png","datePublished":"2026-03-13T17:00:01+00:00","dateModified":"2026-03-13T17:40:27+00:00","description":"Robuste Metalltreppe mit rutschhemmenden Gitterroststufen. Geeignet f\u00fcr Innen- und Au\u00dfenbereich. Stabile Stahlkonstruktion und einfache Montage.","breadcrumb":{"@id":"https:\/\/etnoart.eu\/fi\/toode\/metalltrepp-restastmetega\/#breadcrumb"},"inLanguage":"de","potentialAction":[{"@type":"ReadAction","target":["https:\/\/etnoart.eu\/fi\/toode\/metalltrepp-restastmetega\/"]}]},{"@type":"ImageObject","inLanguage":"de","@id":"https:\/\/etnoart.eu\/fi\/toode\/metalltrepp-restastmetega\/#primaryimage","url":"https:\/\/etnoart.eu\/wp-content\/uploads\/2026\/03\/vaike-restastmetega-trepp.png","contentUrl":"https:\/\/etnoart.eu\/wp-content\/uploads\/2026\/03\/vaike-restastmetega-trepp.png","width":1877,"height":1591,"caption":"v\u00e4ike restastmetega trepp keldrisse v\u00f5i r\u00f5dule"},{"@type":"BreadcrumbList","@id":"https:\/\/etnoart.eu\/fi\/toode\/metalltrepp-restastmetega\/#breadcrumb","itemListElement":[{"@type":"ListItem","position":1,"name":"Home","item":"https:\/\/etnoart.eu\/de\/"},{"@type":"ListItem","position":2,"name":"Shop","item":"https:\/\/etnoart.eu\/pood\/"},{"@type":"ListItem","position":3,"name":"Metalltreppe mit Gitterroststufen"}]},{"@type":"WebSite","@id":"https:\/\/etnoart.eu\/#website","url":"https:\/\/etnoart.eu\/","name":"Etnoart","description":"K&auml;sit&ouml;&ouml;pood","publisher":{"@id":"https:\/\/etnoart.eu\/#organization"},"potentialAction":[{"@type":"SearchAction","target":{"@type":"EntryPoint","urlTemplate":"https:\/\/etnoart.eu\/?s={search_term_string}"},"query-input":{"@type":"PropertyValueSpecification","valueRequired":true,"valueName":"search_term_string"}}],"inLanguage":"de"},{"@type":"Organization","@id":"https:\/\/etnoart.eu\/#organization","name":"Etnoart O\u00dc","url":"https:\/\/etnoart.eu\/","logo":{"@type":"ImageObject","inLanguage":"de","@id":"https:\/\/etnoart.eu\/#\/schema\/logo\/image\/","url":"https:\/\/etnoart.eu\/wp-content\/uploads\/2023\/06\/etnoart-logo.png","contentUrl":"https:\/\/etnoart.eu\/wp-content\/uploads\/2023\/06\/etnoart-logo.png","width":491,"height":184,"caption":"Etnoart O\u00dc"},"image":{"@id":"https:\/\/etnoart.eu\/#\/schema\/logo\/image\/"},"sameAs":["https:\/\/www.facebook.com\/etnoart.handicraft.shop"]}]}},"builder_content":"","_links":{"self":[{"href":"https:\/\/etnoart.eu\/de\/wp-json\/wp\/v2\/product\/8405","targetHints":{"allow":["GET"]}}],"collection":[{"href":"https:\/\/etnoart.eu\/de\/wp-json\/wp\/v2\/product"}],"about":[{"href":"https:\/\/etnoart.eu\/de\/wp-json\/wp\/v2\/types\/product"}],"wp:featuredmedia":[{"embeddable":true,"href":"https:\/\/etnoart.eu\/de\/wp-json\/wp\/v2\/media\/8406"}],"wp:attachment":[{"href":"https:\/\/etnoart.eu\/de\/wp-json\/wp\/v2\/media?parent=8405"}],"wp:term":[{"taxonomy":"product_brand","embeddable":true,"href":"https:\/\/etnoart.eu\/de\/wp-json\/wp\/v2\/product_brand?post=8405"},{"taxonomy":"product_cat","embeddable":true,"href":"https:\/\/etnoart.eu\/de\/wp-json\/wp\/v2\/product_cat?post=8405"},{"taxonomy":"product_tag","embeddable":true,"href":"https:\/\/etnoart.eu\/de\/wp-json\/wp\/v2\/product_tag?post=8405"}],"curies":[{"name":"wp","href":"https:\/\/api.w.org\/{rel}","templated":true}]}}