{"id":6019,"date":"2023-06-08T08:52:32","date_gmt":"2023-06-08T08:52:32","guid":{"rendered":"https:\/\/etnoart.eu\/toode\/riiv-aknale\/"},"modified":"2026-03-18T09:11:16","modified_gmt":"2026-03-18T09:11:16","slug":"handgeschmiedete-fensterriegel","status":"publish","type":"product","link":"https:\/\/etnoart.eu\/de\/toode\/handgeschmiedete-fensterriegel\/","title":{"rendered":"Handgeschmiedete Fensterriegel"},"content":{"rendered":"<p>Dieser <strong>handgeschmiedete Fensterriegel<\/strong> ist ein kleines, aber robustes Detail mit gro\u00dfem Charakter. Ideal f\u00fcr traditionelle H\u00e4user, Landh\u00e4user oder Saunen, bei denen es auf authentisches Design ankommt. Gefertigt aus Eisen in echter Schmiedekunst, mit einem in \u00d6l geschw\u00e4rzten Finish, das f\u00fcr den Innenbereich ausreichenden Schutz bietet. Die Oberfl\u00e4che kann bei Bedarf einfach mit einem \u00f6ligen Tuch gepflegt werden.<\/p>\n<p>\ud83d\udccf Technische Daten:<\/p>\n<p>L\u00e4nge: 11 cm<br \/>\nGewicht: ca. 50 g<br \/>\nRiegelausschub: 2,5 cm<br \/>\nQuerschnitt des Riegels: rund, 6 mm<\/p>\n<p>\ud83d\udd27 Montage:<br \/>\nDer Riegel wird mit 6 Schrauben befestigt \u2013 4 am Hauptk\u00f6rper, 2 an der Gegenplatte. Die Schraubl\u00f6cher haben einen Durchmesser von 4 mm. Wenn der Riegel vertikal (nach oben zeigend) montiert wird, ist eine zus\u00e4tzliche Fixierung notwendig, z.\u202fB. mit einem dekorativen Nagel, um ein Herunterfallen des Bolzens zu verhindern.<\/p>\n<p>\ud83c\udfe0 Verwendung:<br \/>\nIdeal f\u00fcr den Innenbereich von Fenstern und Klappl\u00e4den, vor allem in rustikalen Umgebungen. Die stabile Konstruktion h\u00e4lt das Fenster sicher geschlossen, auch ohne Verschlussm\u00f6glichkeit. Besonders geeignet f\u00fcr kleinere Saunafenster, bei denen nur ein waagerechter Riegel verwendet wird.<\/p>\n<p>\ud83c\udfaf Warum dieses Handgeschmiedete Fensterriegel?<\/p>\n<p>Hochwertige Handarbeit mit einzigartigem Charakter<br \/>\nPassend f\u00fcr historische und rustikale Architektur<br \/>\nFunktional und dekorativ zugleich<\/p>\n<p>\u26a0\ufe0f Zusatzinfo:<\/p>\n<p>Nicht abschlie\u00dfbar<br \/>\nSchrauben nicht im Lieferumfang enthalten<br \/>\nZurzeit nur mit geschw\u00e4rztem Finish erh\u00e4ltlich<\/p>\n","protected":false},"excerpt":{"rendered":"<p>Handgeschmiedeter Fensterriegel aus Eisen \u2013 rustikales Design f\u00fcr Fenster oder Klappl\u00e4den. Ideal f\u00fcr Landh\u00e4user, Saunen oder traditionelle Geb\u00e4ude.<br \/>\n<strong>Gewicht:<\/strong> 0,1 kg<br \/>\n<strong>Breite des Produkts:<\/strong> 2,5cm<br \/>\n<strong>Produktl\u00e4nge:<\/strong> 11cm<br \/>\n<strong>Querschnitt des Materials:<\/strong> \u00d8-6 mm<br \/>\n<strong>Beschichtung\/Oberfl\u00e4che:<\/strong> Schwarzbrennen \u2013 Schw\u00e4rzen mit Lein\u00f6l<\/p>\n","protected":false},"featured_media":6015,"template":"","meta":[],"product_brand":[],"product_cat":[395],"product_tag":[],"class_list":{"0":"post-6019","1":"product","2":"type-product","3":"status-publish","4":"has-post-thumbnail","6":"product_cat-riegel-haken-und-schloesser","7":"has-post-title","8":"has-post-date","9":"has-post-category","10":"has-post-tag","11":"has-post-comment","12":"has-post-author","13":"","15":"first","16":"instock","17":"taxable","18":"shipping-taxable","19":"purchasable","20":"product-type-simple"},"yoast_head":"<!-- This site is optimized with the Yoast SEO plugin v27.3 - https:\/\/yoast.com\/product\/yoast-seo-wordpress\/ -->\n<title>Handgeschmiedete Fensterriegel |EtnoArt| Riegel, Haken<\/title>\n<meta name=\"description\" content=\"Handgeschmiedeter Fensterriegel aus Eisen \u2013 rustikales Design f\u00fcr Fenster oder Klappl\u00e4den. Ideal f\u00fcr Landh\u00e4user, Saunen oder traditionelle Geb\u00e4ude.\" \/>\n<meta name=\"robots\" content=\"index, follow, max-snippet:-1, max-image-preview:large, max-video-preview:-1\" \/>\n<link rel=\"canonical\" href=\"https:\/\/etnoart.eu\/de\/toode\/handgeschmiedete-fensterriegel\/\" \/>\n<meta property=\"og:locale\" content=\"de_DE\" \/>\n<meta property=\"og:type\" content=\"article\" \/>\n<meta property=\"og:title\" content=\"Handgeschmiedete Fensterriegel |EtnoArt| Riegel, Haken\" \/>\n<meta property=\"og:description\" content=\"Handgeschmiedeter Fensterriegel aus Eisen \u2013 rustikales Design f\u00fcr Fenster oder Klappl\u00e4den. Ideal f\u00fcr Landh\u00e4user, Saunen oder traditionelle Geb\u00e4ude.\" \/>\n<meta property=\"og:url\" content=\"https:\/\/etnoart.eu\/de\/toode\/handgeschmiedete-fensterriegel\/\" \/>\n<meta property=\"og:site_name\" content=\"Etnoart\" \/>\n<meta property=\"article:publisher\" content=\"https:\/\/www.facebook.com\/etnoart.handicraft.shop\" \/>\n<meta property=\"article:modified_time\" content=\"2026-03-18T09:11:16+00:00\" \/>\n<meta property=\"og:image\" content=\"https:\/\/etnoart.eu\/wp-content\/uploads\/2023\/06\/Aknariiv-vaike-riiv-aknale.png\" \/>\n\t<meta property=\"og:image:width\" content=\"1293\" \/>\n\t<meta property=\"og:image:height\" content=\"1293\" \/>\n\t<meta property=\"og:image:type\" content=\"image\/png\" \/>\n<meta name=\"twitter:card\" content=\"summary_large_image\" \/>\n<meta name=\"twitter:label1\" content=\"Gesch\u00e4tzte Lesezeit\" \/>\n\t<meta name=\"twitter:data1\" content=\"2\u00a0Minuten\" \/>\n<script type=\"application\/ld+json\" class=\"yoast-schema-graph\">{\"@context\":\"https:\\\/\\\/schema.org\",\"@graph\":[{\"@type\":\"WebPage\",\"@id\":\"https:\\\/\\\/etnoart.eu\\\/de\\\/toode\\\/handgeschmiedete-fensterriegel\\\/\",\"url\":\"https:\\\/\\\/etnoart.eu\\\/de\\\/toode\\\/handgeschmiedete-fensterriegel\\\/\",\"name\":\"Handgeschmiedete Fensterriegel |EtnoArt| Riegel, Haken\",\"isPartOf\":{\"@id\":\"https:\\\/\\\/etnoart.eu\\\/#website\"},\"primaryImageOfPage\":{\"@id\":\"https:\\\/\\\/etnoart.eu\\\/de\\\/toode\\\/handgeschmiedete-fensterriegel\\\/#primaryimage\"},\"image\":{\"@id\":\"https:\\\/\\\/etnoart.eu\\\/de\\\/toode\\\/handgeschmiedete-fensterriegel\\\/#primaryimage\"},\"thumbnailUrl\":\"https:\\\/\\\/etnoart.eu\\\/wp-content\\\/uploads\\\/2023\\\/06\\\/Aknariiv-vaike-riiv-aknale.png\",\"datePublished\":\"2023-06-08T08:52:32+00:00\",\"dateModified\":\"2026-03-18T09:11:16+00:00\",\"description\":\"Handgeschmiedeter Fensterriegel aus Eisen \u2013 rustikales Design f\u00fcr Fenster oder Klappl\u00e4den. Ideal f\u00fcr Landh\u00e4user, Saunen oder traditionelle Geb\u00e4ude.\",\"breadcrumb\":{\"@id\":\"https:\\\/\\\/etnoart.eu\\\/de\\\/toode\\\/handgeschmiedete-fensterriegel\\\/#breadcrumb\"},\"inLanguage\":\"de\",\"potentialAction\":[{\"@type\":\"ReadAction\",\"target\":[\"https:\\\/\\\/etnoart.eu\\\/de\\\/toode\\\/handgeschmiedete-fensterriegel\\\/\"]}]},{\"@type\":\"ImageObject\",\"inLanguage\":\"de\",\"@id\":\"https:\\\/\\\/etnoart.eu\\\/de\\\/toode\\\/handgeschmiedete-fensterriegel\\\/#primaryimage\",\"url\":\"https:\\\/\\\/etnoart.eu\\\/wp-content\\\/uploads\\\/2023\\\/06\\\/Aknariiv-vaike-riiv-aknale.png\",\"contentUrl\":\"https:\\\/\\\/etnoart.eu\\\/wp-content\\\/uploads\\\/2023\\\/06\\\/Aknariiv-vaike-riiv-aknale.png\",\"width\":1293,\"height\":1293,\"caption\":\"Handgeschmiedete Fensterriegel\"},{\"@type\":\"BreadcrumbList\",\"@id\":\"https:\\\/\\\/etnoart.eu\\\/de\\\/toode\\\/handgeschmiedete-fensterriegel\\\/#breadcrumb\",\"itemListElement\":[{\"@type\":\"ListItem\",\"position\":1,\"name\":\"Home\",\"item\":\"https:\\\/\\\/etnoart.eu\\\/de\\\/\"},{\"@type\":\"ListItem\",\"position\":2,\"name\":\"Shop\",\"item\":\"https:\\\/\\\/etnoart.eu\\\/pood\\\/\"},{\"@type\":\"ListItem\",\"position\":3,\"name\":\"Handgeschmiedete Fensterriegel\"}]},{\"@type\":\"WebSite\",\"@id\":\"https:\\\/\\\/etnoart.eu\\\/#website\",\"url\":\"https:\\\/\\\/etnoart.eu\\\/\",\"name\":\"Etnoart\",\"description\":\"K&auml;sit&ouml;&ouml;pood\",\"publisher\":{\"@id\":\"https:\\\/\\\/etnoart.eu\\\/#organization\"},\"potentialAction\":[{\"@type\":\"SearchAction\",\"target\":{\"@type\":\"EntryPoint\",\"urlTemplate\":\"https:\\\/\\\/etnoart.eu\\\/?s={search_term_string}\"},\"query-input\":{\"@type\":\"PropertyValueSpecification\",\"valueRequired\":true,\"valueName\":\"search_term_string\"}}],\"inLanguage\":\"de\"},{\"@type\":\"Organization\",\"@id\":\"https:\\\/\\\/etnoart.eu\\\/#organization\",\"name\":\"Etnoart O\u00dc\",\"url\":\"https:\\\/\\\/etnoart.eu\\\/\",\"logo\":{\"@type\":\"ImageObject\",\"inLanguage\":\"de\",\"@id\":\"https:\\\/\\\/etnoart.eu\\\/#\\\/schema\\\/logo\\\/image\\\/\",\"url\":\"https:\\\/\\\/etnoart.eu\\\/wp-content\\\/uploads\\\/2023\\\/06\\\/etnoart-logo.png\",\"contentUrl\":\"https:\\\/\\\/etnoart.eu\\\/wp-content\\\/uploads\\\/2023\\\/06\\\/etnoart-logo.png\",\"width\":491,\"height\":184,\"caption\":\"Etnoart O\u00dc\"},\"image\":{\"@id\":\"https:\\\/\\\/etnoart.eu\\\/#\\\/schema\\\/logo\\\/image\\\/\"},\"sameAs\":[\"https:\\\/\\\/www.facebook.com\\\/etnoart.handicraft.shop\"]}]}<\/script>\n<!-- \/ Yoast SEO plugin. -->","yoast_head_json":{"title":"Handgeschmiedete Fensterriegel |EtnoArt| Riegel, Haken","description":"Handgeschmiedeter Fensterriegel aus Eisen \u2013 rustikales Design f\u00fcr Fenster oder Klappl\u00e4den. Ideal f\u00fcr Landh\u00e4user, Saunen oder traditionelle Geb\u00e4ude.","robots":{"index":"index","follow":"follow","max-snippet":"max-snippet:-1","max-image-preview":"max-image-preview:large","max-video-preview":"max-video-preview:-1"},"canonical":"https:\/\/etnoart.eu\/de\/toode\/handgeschmiedete-fensterriegel\/","og_locale":"de_DE","og_type":"article","og_title":"Handgeschmiedete Fensterriegel |EtnoArt| Riegel, Haken","og_description":"Handgeschmiedeter Fensterriegel aus Eisen \u2013 rustikales Design f\u00fcr Fenster oder Klappl\u00e4den. Ideal f\u00fcr Landh\u00e4user, Saunen oder traditionelle Geb\u00e4ude.","og_url":"https:\/\/etnoart.eu\/de\/toode\/handgeschmiedete-fensterriegel\/","og_site_name":"Etnoart","article_publisher":"https:\/\/www.facebook.com\/etnoart.handicraft.shop","article_modified_time":"2026-03-18T09:11:16+00:00","og_image":[{"width":1293,"height":1293,"url":"https:\/\/etnoart.eu\/wp-content\/uploads\/2023\/06\/Aknariiv-vaike-riiv-aknale.png","type":"image\/png"}],"twitter_card":"summary_large_image","twitter_misc":{"Gesch\u00e4tzte Lesezeit":"2\u00a0Minuten"},"schema":{"@context":"https:\/\/schema.org","@graph":[{"@type":"WebPage","@id":"https:\/\/etnoart.eu\/de\/toode\/handgeschmiedete-fensterriegel\/","url":"https:\/\/etnoart.eu\/de\/toode\/handgeschmiedete-fensterriegel\/","name":"Handgeschmiedete Fensterriegel |EtnoArt| Riegel, Haken","isPartOf":{"@id":"https:\/\/etnoart.eu\/#website"},"primaryImageOfPage":{"@id":"https:\/\/etnoart.eu\/de\/toode\/handgeschmiedete-fensterriegel\/#primaryimage"},"image":{"@id":"https:\/\/etnoart.eu\/de\/toode\/handgeschmiedete-fensterriegel\/#primaryimage"},"thumbnailUrl":"https:\/\/etnoart.eu\/wp-content\/uploads\/2023\/06\/Aknariiv-vaike-riiv-aknale.png","datePublished":"2023-06-08T08:52:32+00:00","dateModified":"2026-03-18T09:11:16+00:00","description":"Handgeschmiedeter Fensterriegel aus Eisen \u2013 rustikales Design f\u00fcr Fenster oder Klappl\u00e4den. Ideal f\u00fcr Landh\u00e4user, Saunen oder traditionelle Geb\u00e4ude.","breadcrumb":{"@id":"https:\/\/etnoart.eu\/de\/toode\/handgeschmiedete-fensterriegel\/#breadcrumb"},"inLanguage":"de","potentialAction":[{"@type":"ReadAction","target":["https:\/\/etnoart.eu\/de\/toode\/handgeschmiedete-fensterriegel\/"]}]},{"@type":"ImageObject","inLanguage":"de","@id":"https:\/\/etnoart.eu\/de\/toode\/handgeschmiedete-fensterriegel\/#primaryimage","url":"https:\/\/etnoart.eu\/wp-content\/uploads\/2023\/06\/Aknariiv-vaike-riiv-aknale.png","contentUrl":"https:\/\/etnoart.eu\/wp-content\/uploads\/2023\/06\/Aknariiv-vaike-riiv-aknale.png","width":1293,"height":1293,"caption":"Handgeschmiedete Fensterriegel"},{"@type":"BreadcrumbList","@id":"https:\/\/etnoart.eu\/de\/toode\/handgeschmiedete-fensterriegel\/#breadcrumb","itemListElement":[{"@type":"ListItem","position":1,"name":"Home","item":"https:\/\/etnoart.eu\/de\/"},{"@type":"ListItem","position":2,"name":"Shop","item":"https:\/\/etnoart.eu\/pood\/"},{"@type":"ListItem","position":3,"name":"Handgeschmiedete Fensterriegel"}]},{"@type":"WebSite","@id":"https:\/\/etnoart.eu\/#website","url":"https:\/\/etnoart.eu\/","name":"Etnoart","description":"K&auml;sit&ouml;&ouml;pood","publisher":{"@id":"https:\/\/etnoart.eu\/#organization"},"potentialAction":[{"@type":"SearchAction","target":{"@type":"EntryPoint","urlTemplate":"https:\/\/etnoart.eu\/?s={search_term_string}"},"query-input":{"@type":"PropertyValueSpecification","valueRequired":true,"valueName":"search_term_string"}}],"inLanguage":"de"},{"@type":"Organization","@id":"https:\/\/etnoart.eu\/#organization","name":"Etnoart O\u00dc","url":"https:\/\/etnoart.eu\/","logo":{"@type":"ImageObject","inLanguage":"de","@id":"https:\/\/etnoart.eu\/#\/schema\/logo\/image\/","url":"https:\/\/etnoart.eu\/wp-content\/uploads\/2023\/06\/etnoart-logo.png","contentUrl":"https:\/\/etnoart.eu\/wp-content\/uploads\/2023\/06\/etnoart-logo.png","width":491,"height":184,"caption":"Etnoart O\u00dc"},"image":{"@id":"https:\/\/etnoart.eu\/#\/schema\/logo\/image\/"},"sameAs":["https:\/\/www.facebook.com\/etnoart.handicraft.shop"]}]}},"builder_content":"","_links":{"self":[{"href":"https:\/\/etnoart.eu\/de\/wp-json\/wp\/v2\/product\/6019","targetHints":{"allow":["GET"]}}],"collection":[{"href":"https:\/\/etnoart.eu\/de\/wp-json\/wp\/v2\/product"}],"about":[{"href":"https:\/\/etnoart.eu\/de\/wp-json\/wp\/v2\/types\/product"}],"wp:featuredmedia":[{"embeddable":true,"href":"https:\/\/etnoart.eu\/de\/wp-json\/wp\/v2\/media\/6015"}],"wp:attachment":[{"href":"https:\/\/etnoart.eu\/de\/wp-json\/wp\/v2\/media?parent=6019"}],"wp:term":[{"taxonomy":"product_brand","embeddable":true,"href":"https:\/\/etnoart.eu\/de\/wp-json\/wp\/v2\/product_brand?post=6019"},{"taxonomy":"product_cat","embeddable":true,"href":"https:\/\/etnoart.eu\/de\/wp-json\/wp\/v2\/product_cat?post=6019"},{"taxonomy":"product_tag","embeddable":true,"href":"https:\/\/etnoart.eu\/de\/wp-json\/wp\/v2\/product_tag?post=6019"}],"curies":[{"name":"wp","href":"https:\/\/api.w.org\/{rel}","templated":true}]}}