{"id":5997,"date":"2023-06-08T08:51:43","date_gmt":"2023-06-08T08:51:43","guid":{"rendered":"https:\/\/etnoart.eu\/toode\/sepistatud-riiv\/"},"modified":"2025-04-06T13:12:13","modified_gmt":"2025-04-06T13:12:13","slug":"handgeschmiedeter-tuerriegel","status":"publish","type":"product","link":"https:\/\/etnoart.eu\/de\/toode\/handgeschmiedeter-tuerriegel\/","title":{"rendered":"Handgeschmiedeter T\u00fcrriegel"},"content":{"rendered":"<p>Dieser <strong>Handgeschmiedeter T\u00fcrriegel<\/strong> ist ein robuster und \u00e4sthetisch ansprechender Verschlussmechanismus, der ideal f\u00fcr historische Geb\u00e4ude, Scheunen und traditionelle Landh\u00e4user geeignet ist. Gefertigt in echter Schmiedearbeit und mit \u00d6l geschw\u00e4rzt, besitzt er eine matte, rustikale Oberfl\u00e4che und eine au\u00dfergew\u00f6hnliche Haltbarkeit.<\/p>\n<p>\ud83d\udccf Technische Daten:<\/p>\n<p>L\u00e4nge: 30 cm<\/p>\n<p>Gewicht: ca. 1 kg<\/p>\n<p>Riegelbewegung: 6 cm<\/p>\n<p>Riegelquerschnitt: 16 \u00d7 16 mm \u2013 sehr solide Ausf\u00fchrung<\/p>\n<p>\ud83d\udd27 Montage: Der Riegel wird mit 8 Schrauben (nicht im Lieferumfang enthalten) befestigt:<\/p>\n<p>6 Schrauben f\u00fcr das Hauptgeh\u00e4use<\/p>\n<p>2 Schrauben f\u00fcr das Gegenst\u00fcck<br \/>\nMontagebohrungen: 6 mm Durchmesser<br \/>\nAlternativ ist auch die Befestigung mit Schraubbolzen durch die T\u00fcr m\u00f6glich.<\/p>\n<p>\u26a0\ufe0f Der Riegel ist nicht abschlie\u00dfbar, aber hervorragend geeignet zur Sicherung von Innent\u00fcren, sodass sie von au\u00dfen nicht ge\u00f6ffnet werden k\u00f6nnen. Die massive Bauweise sorgt f\u00fcr zuverl\u00e4ssige Fixierung der T\u00fcr.<\/p>\n<p>\u2705 Warum dieser Handgeschmiedeter T\u00fcrriegel eine gute Wahl ist:<br \/>\nHandgeschmiedet \u2013 jedes St\u00fcck ist ein Unikat<\/p>\n<p>Extrem stabil \u2013 ideal zur Innenverriegelung<\/p>\n<p>Historisches Design mit rustikalem Finish<\/p>\n<p>Perfekt f\u00fcr denkmalgesch\u00fctzte Geb\u00e4ude, St\u00e4lle und Au\u00dfent\u00fcren<\/p>\n<p>\ud83d\udce6 Schrauben nicht im Lieferumfang enthalten. Nur mit schwarzer \u00d6lbehandlung erh\u00e4ltlich.<\/p>\n","protected":false},"excerpt":{"rendered":"<p>Handgeschmiedeter T\u00fcrriegel \u2013 robuster und rustikaler T\u00fcrverschluss f\u00fcr historische Geb\u00e4ude. Nicht abschlie\u00dfbar, handgefertigt, schwarz ge\u00f6lt.<br \/>\n<strong>Gewicht:<\/strong> 1 kg<br \/>\n<strong>Breite des Produkts:<\/strong> 30cm<br \/>\n<strong>Querschnitt des Materials:<\/strong> 16mm x 16mm<br \/>\n<strong>Beschichtung\/Oberfl\u00e4che:<\/strong> Schwarzbrennen \u2013 Schw\u00e4rzen mit Lein\u00f6l<\/p>\n","protected":false},"featured_media":5993,"template":"","meta":[],"product_brand":[],"product_cat":[395],"product_tag":[],"class_list":{"0":"post-5997","1":"product","2":"type-product","3":"status-publish","4":"has-post-thumbnail","6":"product_cat-riegel-haken-und-schloesser","7":"has-post-title","8":"has-post-date","9":"has-post-category","10":"has-post-tag","11":"has-post-comment","12":"has-post-author","13":"","15":"first","16":"instock","17":"taxable","18":"shipping-taxable","19":"purchasable","20":"product-type-simple"},"yoast_head":"<!-- This site is optimized with the Yoast SEO plugin v27.3 - https:\/\/yoast.com\/product\/yoast-seo-wordpress\/ -->\n<title>Handgeschmiedeter T\u00fcrriegel |EtnoArt| Riegel, Haken<\/title>\n<meta name=\"description\" content=\"Handgeschmiedeter T\u00fcrriegel \u2013 robuster und rustikaler T\u00fcrverschluss f\u00fcr historische Geb\u00e4ude. Nicht abschlie\u00dfbar, handgefertigt, schwarz ge\u00f6lt.\" \/>\n<meta name=\"robots\" content=\"index, follow, max-snippet:-1, max-image-preview:large, max-video-preview:-1\" \/>\n<link rel=\"canonical\" href=\"https:\/\/etnoart.eu\/de\/toode\/handgeschmiedeter-tuerriegel\/\" \/>\n<meta property=\"og:locale\" content=\"de_DE\" \/>\n<meta property=\"og:type\" content=\"article\" \/>\n<meta property=\"og:title\" content=\"Handgeschmiedeter T\u00fcrriegel |EtnoArt| Riegel, Haken\" \/>\n<meta property=\"og:description\" content=\"Handgeschmiedeter T\u00fcrriegel \u2013 robuster und rustikaler T\u00fcrverschluss f\u00fcr historische Geb\u00e4ude. Nicht abschlie\u00dfbar, handgefertigt, schwarz ge\u00f6lt.\" \/>\n<meta property=\"og:url\" content=\"https:\/\/etnoart.eu\/de\/toode\/handgeschmiedeter-tuerriegel\/\" \/>\n<meta property=\"og:site_name\" content=\"Etnoart\" \/>\n<meta property=\"article:publisher\" content=\"https:\/\/www.facebook.com\/etnoart.handicraft.shop\" \/>\n<meta property=\"article:modified_time\" content=\"2025-04-06T13:12:13+00:00\" \/>\n<meta property=\"og:image\" content=\"https:\/\/etnoart.eu\/wp-content\/uploads\/2023\/06\/Sepistatud-Riiv.png\" \/>\n\t<meta property=\"og:image:width\" content=\"1200\" \/>\n\t<meta property=\"og:image:height\" content=\"1200\" \/>\n\t<meta property=\"og:image:type\" content=\"image\/png\" \/>\n<meta name=\"twitter:card\" content=\"summary_large_image\" \/>\n<meta name=\"twitter:label1\" content=\"Gesch\u00e4tzte Lesezeit\" \/>\n\t<meta name=\"twitter:data1\" content=\"2\u00a0Minuten\" \/>\n<script type=\"application\/ld+json\" class=\"yoast-schema-graph\">{\"@context\":\"https:\\\/\\\/schema.org\",\"@graph\":[{\"@type\":\"WebPage\",\"@id\":\"https:\\\/\\\/etnoart.eu\\\/de\\\/toode\\\/handgeschmiedeter-tuerriegel\\\/\",\"url\":\"https:\\\/\\\/etnoart.eu\\\/de\\\/toode\\\/handgeschmiedeter-tuerriegel\\\/\",\"name\":\"Handgeschmiedeter T\u00fcrriegel |EtnoArt| Riegel, Haken\",\"isPartOf\":{\"@id\":\"https:\\\/\\\/etnoart.eu\\\/#website\"},\"primaryImageOfPage\":{\"@id\":\"https:\\\/\\\/etnoart.eu\\\/de\\\/toode\\\/handgeschmiedeter-tuerriegel\\\/#primaryimage\"},\"image\":{\"@id\":\"https:\\\/\\\/etnoart.eu\\\/de\\\/toode\\\/handgeschmiedeter-tuerriegel\\\/#primaryimage\"},\"thumbnailUrl\":\"https:\\\/\\\/etnoart.eu\\\/wp-content\\\/uploads\\\/2023\\\/06\\\/Sepistatud-Riiv.png\",\"datePublished\":\"2023-06-08T08:51:43+00:00\",\"dateModified\":\"2025-04-06T13:12:13+00:00\",\"description\":\"Handgeschmiedeter T\u00fcrriegel \u2013 robuster und rustikaler T\u00fcrverschluss f\u00fcr historische Geb\u00e4ude. Nicht abschlie\u00dfbar, handgefertigt, schwarz ge\u00f6lt.\",\"breadcrumb\":{\"@id\":\"https:\\\/\\\/etnoart.eu\\\/de\\\/toode\\\/handgeschmiedeter-tuerriegel\\\/#breadcrumb\"},\"inLanguage\":\"de\",\"potentialAction\":[{\"@type\":\"ReadAction\",\"target\":[\"https:\\\/\\\/etnoart.eu\\\/de\\\/toode\\\/handgeschmiedeter-tuerriegel\\\/\"]}]},{\"@type\":\"ImageObject\",\"inLanguage\":\"de\",\"@id\":\"https:\\\/\\\/etnoart.eu\\\/de\\\/toode\\\/handgeschmiedeter-tuerriegel\\\/#primaryimage\",\"url\":\"https:\\\/\\\/etnoart.eu\\\/wp-content\\\/uploads\\\/2023\\\/06\\\/Sepistatud-Riiv.png\",\"contentUrl\":\"https:\\\/\\\/etnoart.eu\\\/wp-content\\\/uploads\\\/2023\\\/06\\\/Sepistatud-Riiv.png\",\"width\":1200,\"height\":1200,\"caption\":\"Handgeschmiedeter T\u00fcrriegel\"},{\"@type\":\"BreadcrumbList\",\"@id\":\"https:\\\/\\\/etnoart.eu\\\/de\\\/toode\\\/handgeschmiedeter-tuerriegel\\\/#breadcrumb\",\"itemListElement\":[{\"@type\":\"ListItem\",\"position\":1,\"name\":\"Home\",\"item\":\"https:\\\/\\\/etnoart.eu\\\/de\\\/\"},{\"@type\":\"ListItem\",\"position\":2,\"name\":\"Shop\",\"item\":\"https:\\\/\\\/etnoart.eu\\\/pood\\\/\"},{\"@type\":\"ListItem\",\"position\":3,\"name\":\"Handgeschmiedeter T\u00fcrriegel\"}]},{\"@type\":\"WebSite\",\"@id\":\"https:\\\/\\\/etnoart.eu\\\/#website\",\"url\":\"https:\\\/\\\/etnoart.eu\\\/\",\"name\":\"Etnoart\",\"description\":\"K&auml;sit&ouml;&ouml;pood\",\"publisher\":{\"@id\":\"https:\\\/\\\/etnoart.eu\\\/#organization\"},\"potentialAction\":[{\"@type\":\"SearchAction\",\"target\":{\"@type\":\"EntryPoint\",\"urlTemplate\":\"https:\\\/\\\/etnoart.eu\\\/?s={search_term_string}\"},\"query-input\":{\"@type\":\"PropertyValueSpecification\",\"valueRequired\":true,\"valueName\":\"search_term_string\"}}],\"inLanguage\":\"de\"},{\"@type\":\"Organization\",\"@id\":\"https:\\\/\\\/etnoart.eu\\\/#organization\",\"name\":\"Etnoart O\u00dc\",\"url\":\"https:\\\/\\\/etnoart.eu\\\/\",\"logo\":{\"@type\":\"ImageObject\",\"inLanguage\":\"de\",\"@id\":\"https:\\\/\\\/etnoart.eu\\\/#\\\/schema\\\/logo\\\/image\\\/\",\"url\":\"https:\\\/\\\/etnoart.eu\\\/wp-content\\\/uploads\\\/2023\\\/06\\\/etnoart-logo.png\",\"contentUrl\":\"https:\\\/\\\/etnoart.eu\\\/wp-content\\\/uploads\\\/2023\\\/06\\\/etnoart-logo.png\",\"width\":491,\"height\":184,\"caption\":\"Etnoart O\u00dc\"},\"image\":{\"@id\":\"https:\\\/\\\/etnoart.eu\\\/#\\\/schema\\\/logo\\\/image\\\/\"},\"sameAs\":[\"https:\\\/\\\/www.facebook.com\\\/etnoart.handicraft.shop\"]}]}<\/script>\n<!-- \/ Yoast SEO plugin. -->","yoast_head_json":{"title":"Handgeschmiedeter T\u00fcrriegel |EtnoArt| Riegel, Haken","description":"Handgeschmiedeter T\u00fcrriegel \u2013 robuster und rustikaler T\u00fcrverschluss f\u00fcr historische Geb\u00e4ude. Nicht abschlie\u00dfbar, handgefertigt, schwarz ge\u00f6lt.","robots":{"index":"index","follow":"follow","max-snippet":"max-snippet:-1","max-image-preview":"max-image-preview:large","max-video-preview":"max-video-preview:-1"},"canonical":"https:\/\/etnoart.eu\/de\/toode\/handgeschmiedeter-tuerriegel\/","og_locale":"de_DE","og_type":"article","og_title":"Handgeschmiedeter T\u00fcrriegel |EtnoArt| Riegel, Haken","og_description":"Handgeschmiedeter T\u00fcrriegel \u2013 robuster und rustikaler T\u00fcrverschluss f\u00fcr historische Geb\u00e4ude. Nicht abschlie\u00dfbar, handgefertigt, schwarz ge\u00f6lt.","og_url":"https:\/\/etnoart.eu\/de\/toode\/handgeschmiedeter-tuerriegel\/","og_site_name":"Etnoart","article_publisher":"https:\/\/www.facebook.com\/etnoart.handicraft.shop","article_modified_time":"2025-04-06T13:12:13+00:00","og_image":[{"width":1200,"height":1200,"url":"https:\/\/etnoart.eu\/wp-content\/uploads\/2023\/06\/Sepistatud-Riiv.png","type":"image\/png"}],"twitter_card":"summary_large_image","twitter_misc":{"Gesch\u00e4tzte Lesezeit":"2\u00a0Minuten"},"schema":{"@context":"https:\/\/schema.org","@graph":[{"@type":"WebPage","@id":"https:\/\/etnoart.eu\/de\/toode\/handgeschmiedeter-tuerriegel\/","url":"https:\/\/etnoart.eu\/de\/toode\/handgeschmiedeter-tuerriegel\/","name":"Handgeschmiedeter T\u00fcrriegel |EtnoArt| Riegel, Haken","isPartOf":{"@id":"https:\/\/etnoart.eu\/#website"},"primaryImageOfPage":{"@id":"https:\/\/etnoart.eu\/de\/toode\/handgeschmiedeter-tuerriegel\/#primaryimage"},"image":{"@id":"https:\/\/etnoart.eu\/de\/toode\/handgeschmiedeter-tuerriegel\/#primaryimage"},"thumbnailUrl":"https:\/\/etnoart.eu\/wp-content\/uploads\/2023\/06\/Sepistatud-Riiv.png","datePublished":"2023-06-08T08:51:43+00:00","dateModified":"2025-04-06T13:12:13+00:00","description":"Handgeschmiedeter T\u00fcrriegel \u2013 robuster und rustikaler T\u00fcrverschluss f\u00fcr historische Geb\u00e4ude. Nicht abschlie\u00dfbar, handgefertigt, schwarz ge\u00f6lt.","breadcrumb":{"@id":"https:\/\/etnoart.eu\/de\/toode\/handgeschmiedeter-tuerriegel\/#breadcrumb"},"inLanguage":"de","potentialAction":[{"@type":"ReadAction","target":["https:\/\/etnoart.eu\/de\/toode\/handgeschmiedeter-tuerriegel\/"]}]},{"@type":"ImageObject","inLanguage":"de","@id":"https:\/\/etnoart.eu\/de\/toode\/handgeschmiedeter-tuerriegel\/#primaryimage","url":"https:\/\/etnoart.eu\/wp-content\/uploads\/2023\/06\/Sepistatud-Riiv.png","contentUrl":"https:\/\/etnoart.eu\/wp-content\/uploads\/2023\/06\/Sepistatud-Riiv.png","width":1200,"height":1200,"caption":"Handgeschmiedeter T\u00fcrriegel"},{"@type":"BreadcrumbList","@id":"https:\/\/etnoart.eu\/de\/toode\/handgeschmiedeter-tuerriegel\/#breadcrumb","itemListElement":[{"@type":"ListItem","position":1,"name":"Home","item":"https:\/\/etnoart.eu\/de\/"},{"@type":"ListItem","position":2,"name":"Shop","item":"https:\/\/etnoart.eu\/pood\/"},{"@type":"ListItem","position":3,"name":"Handgeschmiedeter T\u00fcrriegel"}]},{"@type":"WebSite","@id":"https:\/\/etnoart.eu\/#website","url":"https:\/\/etnoart.eu\/","name":"Etnoart","description":"K&auml;sit&ouml;&ouml;pood","publisher":{"@id":"https:\/\/etnoart.eu\/#organization"},"potentialAction":[{"@type":"SearchAction","target":{"@type":"EntryPoint","urlTemplate":"https:\/\/etnoart.eu\/?s={search_term_string}"},"query-input":{"@type":"PropertyValueSpecification","valueRequired":true,"valueName":"search_term_string"}}],"inLanguage":"de"},{"@type":"Organization","@id":"https:\/\/etnoart.eu\/#organization","name":"Etnoart O\u00dc","url":"https:\/\/etnoart.eu\/","logo":{"@type":"ImageObject","inLanguage":"de","@id":"https:\/\/etnoart.eu\/#\/schema\/logo\/image\/","url":"https:\/\/etnoart.eu\/wp-content\/uploads\/2023\/06\/etnoart-logo.png","contentUrl":"https:\/\/etnoart.eu\/wp-content\/uploads\/2023\/06\/etnoart-logo.png","width":491,"height":184,"caption":"Etnoart O\u00dc"},"image":{"@id":"https:\/\/etnoart.eu\/#\/schema\/logo\/image\/"},"sameAs":["https:\/\/www.facebook.com\/etnoart.handicraft.shop"]}]}},"builder_content":"","_links":{"self":[{"href":"https:\/\/etnoart.eu\/de\/wp-json\/wp\/v2\/product\/5997","targetHints":{"allow":["GET"]}}],"collection":[{"href":"https:\/\/etnoart.eu\/de\/wp-json\/wp\/v2\/product"}],"about":[{"href":"https:\/\/etnoart.eu\/de\/wp-json\/wp\/v2\/types\/product"}],"wp:featuredmedia":[{"embeddable":true,"href":"https:\/\/etnoart.eu\/de\/wp-json\/wp\/v2\/media\/5993"}],"wp:attachment":[{"href":"https:\/\/etnoart.eu\/de\/wp-json\/wp\/v2\/media?parent=5997"}],"wp:term":[{"taxonomy":"product_brand","embeddable":true,"href":"https:\/\/etnoart.eu\/de\/wp-json\/wp\/v2\/product_brand?post=5997"},{"taxonomy":"product_cat","embeddable":true,"href":"https:\/\/etnoart.eu\/de\/wp-json\/wp\/v2\/product_cat?post=5997"},{"taxonomy":"product_tag","embeddable":true,"href":"https:\/\/etnoart.eu\/de\/wp-json\/wp\/v2\/product_tag?post=5997"}],"curies":[{"name":"wp","href":"https:\/\/api.w.org\/{rel}","templated":true}]}}