{"id":5952,"date":"2023-06-08T08:54:55","date_gmt":"2023-06-08T08:54:55","guid":{"rendered":"https:\/\/etnoart.eu\/toode\/taluukselink\/"},"modified":"2025-04-05T18:45:20","modified_gmt":"2025-04-05T18:45:20","slug":"bauernhaustuergriff","status":"publish","type":"product","link":"https:\/\/etnoart.eu\/de\/toode\/bauernhaustuergriff\/","title":{"rendered":"Bauernhaust\u00fcrgriff"},"content":{"rendered":"<p>Traditioneller <strong>Bauernhaust\u00fcrgriff<\/strong> \u2013 handgeschmiedet in Estland<\/p>\n<p>Dieser klassische Bauernhaust\u00fcrgriff besteht aus vier handgeschmiedeten Teilen und bietet sowohl Funktionalit\u00e4t als auch historischen Charme. Der Griff mit \u201eL\u00f6ffel\u201c wird auf der Innenseite der T\u00fcr montiert und durch die T\u00fcr mit einem 6,5 cm langen Dorn verbunden. Auf der Au\u00dfenseite fixiert ein 26 cm langer horizontaler Riegel die T\u00fcr. Zus\u00e4tzlich sorgen ein Haken zur Bewegungsbegrenzung und ein Anschlag zur Verriegelung f\u00fcr sicheren Halt.<\/p>\n<p>Technische Details:<\/p>\n<p>Griff-L\u00e4nge: 22 cm<\/p>\n<p>Dornl\u00e4nge: 6,5 cm<\/p>\n<p>Riegell\u00e4nge: 26 cm<\/p>\n<p>Material: Handgeschmiedetes Eisen, geschw\u00e4rzt (nicht rostgesch\u00fctzt)<\/p>\n<p>Befestigung: 6 Schrauben erforderlich (nicht im Lieferumfang enthalten)<\/p>\n<p>Anwendung: Ideal f\u00fcr Bauernh\u00e4user, alte Geb\u00e4ude, historische Rekonstruktionen oder alle, die den rustikalen Stil sch\u00e4tzen. Besonders praktisch im Winter \u2013 auch mit Handschuhen gut greifbar.<\/p>\n<p>Warum dieser Griff?<br \/>\nJedes St\u00fcck ist ein Unikat \u2013 echte Handarbeit. Die robuste Bauweise garantiert Langlebigkeit und Stabilit\u00e4t. Die geschw\u00e4rzte Oberfl\u00e4che verleiht dem Griff ein authentisches Aussehen, erfordert jedoch gelegentliche Pflege im Au\u00dfenbereich.<\/p>\n<p><strong>Montageanleitung f\u00fcr den Bauernhaust\u00fcrgriff<\/strong><\/p>\n<p>Der Griff mit dem Dorn wird immer auf der Innenseite der T\u00fcr montiert. Platzieren Sie den Dorn an der gew\u00fcnschten Stelle und dr\u00fccken Sie ihn leicht gegen die T\u00fcr, um eine Markierung zu hinterlassen. Bohren Sie ein Loch mit einem 14-mm-Bohrer durch die T\u00fcr. Bohren Sie anschlie\u00dfend ein zweites Loch so nah wie m\u00f6glich unterhalb des ersten und beginnen Sie mit der Fr\u00e4sbewegung (auf und ab), bis sich beide L\u00f6cher zu einem vertikalen Schlitz verbinden.<\/p>\n<p>Befestigen Sie nun den Griff entweder mit handgeschmiedeten N\u00e4geln oder Schrauben. Wenn Sie N\u00e4gel verwenden, w\u00e4hlen Sie eine L\u00e4nge, die durch die T\u00fcr hindurch reicht. Nieten Sie die Enden der N\u00e4gel \u2013 verwenden Sie dazu zwei H\u00e4mmer: mit dem gr\u00f6\u00dferen st\u00fctzen Sie den Nagelkopf ab, mit dem kleineren nieten Sie.<\/p>\n<p>Schlie\u00dfen Sie nun die T\u00fcr und montieren Sie den Riegelgriff. Achten Sie darauf, dass der Griff horizontal auf dem Dorn aufliegt. Danach wird der Halteklammer (Krampf) angebracht. Dieser wird ein paar Zentimeter vom T\u00fcrrahmen entfernt montiert, so dass der Griff in unterer Position nur ein paar Millimeter Abstand zur unteren Kante der Klammer hat. Dr\u00fccken Sie die Klammer an die T\u00fcr, markieren Sie die Stellen und bohren Sie 5-mm-L\u00f6cher vor. Dann schlagen Sie die Klammer vorsichtig ein. Achten Sie darauf, dass die Klammer die freie Bewegung des Griffs nicht behindert, aber auch nicht zu viel Spielraum l\u00e4sst.<\/p>\n<p>Jetzt ist es Zeit, den Gegenhalter zu montieren. Platzieren Sie ihn an der richtigen Stelle am T\u00fcrrahmen, so dass der Griff leicht dar\u00fcbergleitet und die T\u00fcr sicher schlie\u00dft. Markieren Sie die Position und bohren Sie 6-mm-L\u00f6cher vor. Schlagen Sie den Gegenhalter vorsichtig ein und pr\u00fcfen Sie, ob sich die T\u00fcr frei schlie\u00dfen l\u00e4sst.<\/p>\n<p>Wir empfehlen, beim Einbau von Schmiedeeisenprodukten immer etwas Spielraum zu lassen. Es ist besser, wenn beim Schlie\u00dfen der T\u00fcr ein angenehmer Metallklang entsteht, als dass etwas zur\u00fcckfedert oder nicht einrastet. Beim Vorbohren gilt: lieber ein etwas kleineres Loch als gleich ein zu gro\u00dfes. Das Schmiedeteil sollte zwar frei sitzen, aber nicht zu locker. Das Vorbohren ist unbedingt zu empfehlen, um ein Aufsplittern des Holzes und damit m\u00f6gliche Sch\u00e4den an der T\u00fcr zu vermeiden.<\/p>\n","protected":false},"excerpt":{"rendered":"<p>Handgeschmiedeter Bauernhaust\u00fcrgriff im traditionellen Design \u2013 perfekt f\u00fcr rustikale T\u00fcren und historische Geb\u00e4ude. Robuste Qualit\u00e4t, vierteiliges Set, ideal f\u00fcr Innen- und Au\u00dfent\u00fcren.<br \/>\n<strong>Gewicht:<\/strong> 0,62 kg<br \/>\n<strong>Produkth\u00f6he:<\/strong> 22cm<br \/>\n<strong>Beschichtung\/Oberfl\u00e4che:<\/strong> Schwarzbrennen \u2013 Schw\u00e4rzen mit Lein\u00f6l<\/p>\n","protected":false},"featured_media":5953,"template":"","meta":[],"product_brand":[],"product_cat":[389],"product_tag":[],"class_list":{"0":"post-5952","1":"product","2":"type-product","3":"status-publish","4":"has-post-thumbnail","6":"product_cat-tuergriffe-und-tuerklopfer","7":"has-post-title","8":"has-post-date","9":"has-post-category","10":"has-post-tag","11":"has-post-comment","12":"has-post-author","13":"","15":"first","16":"instock","17":"taxable","18":"shipping-taxable","19":"purchasable","20":"product-type-simple"},"yoast_head":"<!-- This site is optimized with the Yoast SEO plugin v27.3 - https:\/\/yoast.com\/product\/yoast-seo-wordpress\/ -->\n<title>Bauernhaust\u00fcrgriff |EtnoArt| T\u00fcrgriffe und T\u00fcrklopfer<\/title>\n<meta name=\"description\" content=\"Handgeschmiedeter Bauernhaust\u00fcrgriff im traditionellen Design \u2013 perfekt f\u00fcr rustikale T\u00fcren und historische Geb\u00e4ude. Robuste Qualit\u00e4t, vierteiliges Set,\" \/>\n<meta name=\"robots\" content=\"index, follow, max-snippet:-1, max-image-preview:large, max-video-preview:-1\" \/>\n<link rel=\"canonical\" href=\"https:\/\/etnoart.eu\/de\/toode\/bauernhaustuergriff\/\" \/>\n<meta property=\"og:locale\" content=\"de_DE\" \/>\n<meta property=\"og:type\" content=\"article\" \/>\n<meta property=\"og:title\" content=\"Bauernhaust\u00fcrgriff |EtnoArt| T\u00fcrgriffe und T\u00fcrklopfer\" \/>\n<meta property=\"og:description\" content=\"Handgeschmiedeter Bauernhaust\u00fcrgriff im traditionellen Design \u2013 perfekt f\u00fcr rustikale T\u00fcren und historische Geb\u00e4ude. Robuste Qualit\u00e4t, vierteiliges Set,\" \/>\n<meta property=\"og:url\" content=\"https:\/\/etnoart.eu\/de\/toode\/bauernhaustuergriff\/\" \/>\n<meta property=\"og:site_name\" content=\"Etnoart\" \/>\n<meta property=\"article:publisher\" content=\"https:\/\/www.facebook.com\/etnoart.handicraft.shop\" \/>\n<meta property=\"article:modified_time\" content=\"2025-04-05T18:45:20+00:00\" \/>\n<meta property=\"og:image\" content=\"https:\/\/etnoart.eu\/wp-content\/uploads\/2023\/06\/Taluukselink.png\" \/>\n\t<meta property=\"og:image:width\" content=\"1630\" \/>\n\t<meta property=\"og:image:height\" content=\"1630\" \/>\n\t<meta property=\"og:image:type\" content=\"image\/png\" \/>\n<meta name=\"twitter:card\" content=\"summary_large_image\" \/>\n<meta name=\"twitter:label1\" content=\"Gesch\u00e4tzte Lesezeit\" \/>\n\t<meta name=\"twitter:data1\" content=\"3\u00a0Minuten\" \/>\n<script type=\"application\/ld+json\" class=\"yoast-schema-graph\">{\"@context\":\"https:\\\/\\\/schema.org\",\"@graph\":[{\"@type\":\"WebPage\",\"@id\":\"https:\\\/\\\/etnoart.eu\\\/de\\\/toode\\\/bauernhaustuergriff\\\/\",\"url\":\"https:\\\/\\\/etnoart.eu\\\/de\\\/toode\\\/bauernhaustuergriff\\\/\",\"name\":\"Bauernhaust\u00fcrgriff |EtnoArt| T\u00fcrgriffe und T\u00fcrklopfer\",\"isPartOf\":{\"@id\":\"https:\\\/\\\/etnoart.eu\\\/#website\"},\"primaryImageOfPage\":{\"@id\":\"https:\\\/\\\/etnoart.eu\\\/de\\\/toode\\\/bauernhaustuergriff\\\/#primaryimage\"},\"image\":{\"@id\":\"https:\\\/\\\/etnoart.eu\\\/de\\\/toode\\\/bauernhaustuergriff\\\/#primaryimage\"},\"thumbnailUrl\":\"https:\\\/\\\/etnoart.eu\\\/wp-content\\\/uploads\\\/2023\\\/06\\\/Taluukselink.png\",\"datePublished\":\"2023-06-08T08:54:55+00:00\",\"dateModified\":\"2025-04-05T18:45:20+00:00\",\"description\":\"Handgeschmiedeter Bauernhaust\u00fcrgriff im traditionellen Design \u2013 perfekt f\u00fcr rustikale T\u00fcren und historische Geb\u00e4ude. Robuste Qualit\u00e4t, vierteiliges Set,\",\"breadcrumb\":{\"@id\":\"https:\\\/\\\/etnoart.eu\\\/de\\\/toode\\\/bauernhaustuergriff\\\/#breadcrumb\"},\"inLanguage\":\"de\",\"potentialAction\":[{\"@type\":\"ReadAction\",\"target\":[\"https:\\\/\\\/etnoart.eu\\\/de\\\/toode\\\/bauernhaustuergriff\\\/\"]}]},{\"@type\":\"ImageObject\",\"inLanguage\":\"de\",\"@id\":\"https:\\\/\\\/etnoart.eu\\\/de\\\/toode\\\/bauernhaustuergriff\\\/#primaryimage\",\"url\":\"https:\\\/\\\/etnoart.eu\\\/wp-content\\\/uploads\\\/2023\\\/06\\\/Taluukselink.png\",\"contentUrl\":\"https:\\\/\\\/etnoart.eu\\\/wp-content\\\/uploads\\\/2023\\\/06\\\/Taluukselink.png\",\"width\":1630,\"height\":1630,\"caption\":\"Bauernhaust\u00fcrgriff\"},{\"@type\":\"BreadcrumbList\",\"@id\":\"https:\\\/\\\/etnoart.eu\\\/de\\\/toode\\\/bauernhaustuergriff\\\/#breadcrumb\",\"itemListElement\":[{\"@type\":\"ListItem\",\"position\":1,\"name\":\"Home\",\"item\":\"https:\\\/\\\/etnoart.eu\\\/de\\\/\"},{\"@type\":\"ListItem\",\"position\":2,\"name\":\"Shop\",\"item\":\"https:\\\/\\\/etnoart.eu\\\/pood\\\/\"},{\"@type\":\"ListItem\",\"position\":3,\"name\":\"Bauernhaust\u00fcrgriff\"}]},{\"@type\":\"WebSite\",\"@id\":\"https:\\\/\\\/etnoart.eu\\\/#website\",\"url\":\"https:\\\/\\\/etnoart.eu\\\/\",\"name\":\"Etnoart\",\"description\":\"K&auml;sit&ouml;&ouml;pood\",\"publisher\":{\"@id\":\"https:\\\/\\\/etnoart.eu\\\/#organization\"},\"potentialAction\":[{\"@type\":\"SearchAction\",\"target\":{\"@type\":\"EntryPoint\",\"urlTemplate\":\"https:\\\/\\\/etnoart.eu\\\/?s={search_term_string}\"},\"query-input\":{\"@type\":\"PropertyValueSpecification\",\"valueRequired\":true,\"valueName\":\"search_term_string\"}}],\"inLanguage\":\"de\"},{\"@type\":\"Organization\",\"@id\":\"https:\\\/\\\/etnoart.eu\\\/#organization\",\"name\":\"Etnoart O\u00dc\",\"url\":\"https:\\\/\\\/etnoart.eu\\\/\",\"logo\":{\"@type\":\"ImageObject\",\"inLanguage\":\"de\",\"@id\":\"https:\\\/\\\/etnoart.eu\\\/#\\\/schema\\\/logo\\\/image\\\/\",\"url\":\"https:\\\/\\\/etnoart.eu\\\/wp-content\\\/uploads\\\/2023\\\/06\\\/etnoart-logo.png\",\"contentUrl\":\"https:\\\/\\\/etnoart.eu\\\/wp-content\\\/uploads\\\/2023\\\/06\\\/etnoart-logo.png\",\"width\":491,\"height\":184,\"caption\":\"Etnoart O\u00dc\"},\"image\":{\"@id\":\"https:\\\/\\\/etnoart.eu\\\/#\\\/schema\\\/logo\\\/image\\\/\"},\"sameAs\":[\"https:\\\/\\\/www.facebook.com\\\/etnoart.handicraft.shop\"]}]}<\/script>\n<!-- \/ Yoast SEO plugin. -->","yoast_head_json":{"title":"Bauernhaust\u00fcrgriff |EtnoArt| T\u00fcrgriffe und T\u00fcrklopfer","description":"Handgeschmiedeter Bauernhaust\u00fcrgriff im traditionellen Design \u2013 perfekt f\u00fcr rustikale T\u00fcren und historische Geb\u00e4ude. Robuste Qualit\u00e4t, vierteiliges Set,","robots":{"index":"index","follow":"follow","max-snippet":"max-snippet:-1","max-image-preview":"max-image-preview:large","max-video-preview":"max-video-preview:-1"},"canonical":"https:\/\/etnoart.eu\/de\/toode\/bauernhaustuergriff\/","og_locale":"de_DE","og_type":"article","og_title":"Bauernhaust\u00fcrgriff |EtnoArt| T\u00fcrgriffe und T\u00fcrklopfer","og_description":"Handgeschmiedeter Bauernhaust\u00fcrgriff im traditionellen Design \u2013 perfekt f\u00fcr rustikale T\u00fcren und historische Geb\u00e4ude. Robuste Qualit\u00e4t, vierteiliges Set,","og_url":"https:\/\/etnoart.eu\/de\/toode\/bauernhaustuergriff\/","og_site_name":"Etnoart","article_publisher":"https:\/\/www.facebook.com\/etnoart.handicraft.shop","article_modified_time":"2025-04-05T18:45:20+00:00","og_image":[{"width":1630,"height":1630,"url":"https:\/\/etnoart.eu\/wp-content\/uploads\/2023\/06\/Taluukselink.png","type":"image\/png"}],"twitter_card":"summary_large_image","twitter_misc":{"Gesch\u00e4tzte Lesezeit":"3\u00a0Minuten"},"schema":{"@context":"https:\/\/schema.org","@graph":[{"@type":"WebPage","@id":"https:\/\/etnoart.eu\/de\/toode\/bauernhaustuergriff\/","url":"https:\/\/etnoart.eu\/de\/toode\/bauernhaustuergriff\/","name":"Bauernhaust\u00fcrgriff |EtnoArt| T\u00fcrgriffe und T\u00fcrklopfer","isPartOf":{"@id":"https:\/\/etnoart.eu\/#website"},"primaryImageOfPage":{"@id":"https:\/\/etnoart.eu\/de\/toode\/bauernhaustuergriff\/#primaryimage"},"image":{"@id":"https:\/\/etnoart.eu\/de\/toode\/bauernhaustuergriff\/#primaryimage"},"thumbnailUrl":"https:\/\/etnoart.eu\/wp-content\/uploads\/2023\/06\/Taluukselink.png","datePublished":"2023-06-08T08:54:55+00:00","dateModified":"2025-04-05T18:45:20+00:00","description":"Handgeschmiedeter Bauernhaust\u00fcrgriff im traditionellen Design \u2013 perfekt f\u00fcr rustikale T\u00fcren und historische Geb\u00e4ude. Robuste Qualit\u00e4t, vierteiliges Set,","breadcrumb":{"@id":"https:\/\/etnoart.eu\/de\/toode\/bauernhaustuergriff\/#breadcrumb"},"inLanguage":"de","potentialAction":[{"@type":"ReadAction","target":["https:\/\/etnoart.eu\/de\/toode\/bauernhaustuergriff\/"]}]},{"@type":"ImageObject","inLanguage":"de","@id":"https:\/\/etnoart.eu\/de\/toode\/bauernhaustuergriff\/#primaryimage","url":"https:\/\/etnoart.eu\/wp-content\/uploads\/2023\/06\/Taluukselink.png","contentUrl":"https:\/\/etnoart.eu\/wp-content\/uploads\/2023\/06\/Taluukselink.png","width":1630,"height":1630,"caption":"Bauernhaust\u00fcrgriff"},{"@type":"BreadcrumbList","@id":"https:\/\/etnoart.eu\/de\/toode\/bauernhaustuergriff\/#breadcrumb","itemListElement":[{"@type":"ListItem","position":1,"name":"Home","item":"https:\/\/etnoart.eu\/de\/"},{"@type":"ListItem","position":2,"name":"Shop","item":"https:\/\/etnoart.eu\/pood\/"},{"@type":"ListItem","position":3,"name":"Bauernhaust\u00fcrgriff"}]},{"@type":"WebSite","@id":"https:\/\/etnoart.eu\/#website","url":"https:\/\/etnoart.eu\/","name":"Etnoart","description":"K&auml;sit&ouml;&ouml;pood","publisher":{"@id":"https:\/\/etnoart.eu\/#organization"},"potentialAction":[{"@type":"SearchAction","target":{"@type":"EntryPoint","urlTemplate":"https:\/\/etnoart.eu\/?s={search_term_string}"},"query-input":{"@type":"PropertyValueSpecification","valueRequired":true,"valueName":"search_term_string"}}],"inLanguage":"de"},{"@type":"Organization","@id":"https:\/\/etnoart.eu\/#organization","name":"Etnoart O\u00dc","url":"https:\/\/etnoart.eu\/","logo":{"@type":"ImageObject","inLanguage":"de","@id":"https:\/\/etnoart.eu\/#\/schema\/logo\/image\/","url":"https:\/\/etnoart.eu\/wp-content\/uploads\/2023\/06\/etnoart-logo.png","contentUrl":"https:\/\/etnoart.eu\/wp-content\/uploads\/2023\/06\/etnoart-logo.png","width":491,"height":184,"caption":"Etnoart O\u00dc"},"image":{"@id":"https:\/\/etnoart.eu\/#\/schema\/logo\/image\/"},"sameAs":["https:\/\/www.facebook.com\/etnoart.handicraft.shop"]}]}},"builder_content":"","_links":{"self":[{"href":"https:\/\/etnoart.eu\/de\/wp-json\/wp\/v2\/product\/5952","targetHints":{"allow":["GET"]}}],"collection":[{"href":"https:\/\/etnoart.eu\/de\/wp-json\/wp\/v2\/product"}],"about":[{"href":"https:\/\/etnoart.eu\/de\/wp-json\/wp\/v2\/types\/product"}],"wp:featuredmedia":[{"embeddable":true,"href":"https:\/\/etnoart.eu\/de\/wp-json\/wp\/v2\/media\/5953"}],"wp:attachment":[{"href":"https:\/\/etnoart.eu\/de\/wp-json\/wp\/v2\/media?parent=5952"}],"wp:term":[{"taxonomy":"product_brand","embeddable":true,"href":"https:\/\/etnoart.eu\/de\/wp-json\/wp\/v2\/product_brand?post=5952"},{"taxonomy":"product_cat","embeddable":true,"href":"https:\/\/etnoart.eu\/de\/wp-json\/wp\/v2\/product_cat?post=5952"},{"taxonomy":"product_tag","embeddable":true,"href":"https:\/\/etnoart.eu\/de\/wp-json\/wp\/v2\/product_tag?post=5952"}],"curies":[{"name":"wp","href":"https:\/\/api.w.org\/{rel}","templated":true}]}}