{"id":5943,"date":"2023-06-08T08:54:55","date_gmt":"2023-06-08T08:54:55","guid":{"rendered":"https:\/\/etnoart.eu\/toode\/rongaskaepide-110-mm\/"},"modified":"2025-04-05T17:54:30","modified_gmt":"2025-04-05T17:54:30","slug":"ringgriff-110-mm","status":"publish","type":"product","link":"https:\/\/etnoart.eu\/de\/toode\/ringgriff-110-mm\/","title":{"rendered":"Ringgriff 110 mm"},"content":{"rendered":"<p>Der Ringgriff 110 mm ist eine vielseitige L\u00f6sung, ideal f\u00fcr T\u00fcren, Tore oder Kisten, die gelegentlich ge\u00f6ffnet oder getragen werden m\u00fcssen. Dieses hochwertige, handgeschmiedete Produkt wird in Estland gefertigt und spiegelt eine lange Tradition und das handwerkliche K\u00f6nnen der Schmiedekunst wider.<\/p>\n<p>Der Ring hat einen Durchmesser von 11 cm und eine H\u00f6he von ca. 1,8 cm, was einen komfortablen Griff erm\u00f6glicht. Durch seine Gr\u00f6\u00dfe eignet sich der Griff f\u00fcr viele verschiedene Anwendungen \u2013 ob als T\u00fcrgriff, Tragegriff oder dekoratives Element.<\/p>\n<p>Der Ringgriff ist traditionell geschw\u00e4rzt, was ihm ein klassisches, zeitloses Aussehen verleiht. Bitte beachten Sie, dass diese Schw\u00e4rzung keinen dauerhaften Korrosionsschutz im Au\u00dfenbereich oder in feuchten R\u00e4umen bietet. Wir empfehlen daher eine regelm\u00e4\u00dfige Pflege mit \u00d6l oder Schutzmitteln, um das Erscheinungsbild und die Haltbarkeit zu erhalten.<\/p>\n<p>Dieser Griff ist nicht nur funktional, sondern auch ein stilvolles Detail, das Charakter und Eleganz verleiht \u2013 perfekt f\u00fcr rustikale, l\u00e4ndliche oder historische Umgebungen.<\/p>\n<p>Wenn Sie einen robusten und vielseitigen Ringgriff suchen, der mit echter Handarbeit gefertigt wurde, ist der Ringgriff 110 mm eine ausgezeichnete Wahl.<br \/>\nAuch erh\u00e4ltlich mit kleinerem Ringdurchmesser: Ringgriff 80 mm.<\/p>\n","protected":false},"excerpt":{"rendered":"<p>Handgeschmiedeter Ringgriff 110 mm f\u00fcr T\u00fcren, Tore oder Truhen. Klassisches Design aus Estland \u2013 vielseitig einsetzbar und stilvoll.<br \/>\n<strong>Gewicht:<\/strong> 0,6 kg<br \/>\n<strong>innerer Durchmesser des Kreises:<\/strong> 11cm<br \/>\n<strong>Beschichtung\/Oberfl\u00e4che:<\/strong> Schwarzbrennen \u2013 Schw\u00e4rzen mit Lein\u00f6l<\/p>\n","protected":false},"featured_media":5944,"template":"","meta":[],"product_brand":[],"product_cat":[389],"product_tag":[],"class_list":{"0":"post-5943","1":"product","2":"type-product","3":"status-publish","4":"has-post-thumbnail","6":"product_cat-tuergriffe-und-tuerklopfer","7":"has-post-title","8":"has-post-date","9":"has-post-category","10":"has-post-tag","11":"has-post-comment","12":"has-post-author","13":"","15":"first","16":"instock","17":"taxable","18":"shipping-taxable","19":"purchasable","20":"product-type-simple"},"yoast_head":"<!-- This site is optimized with the Yoast SEO plugin v27.3 - https:\/\/yoast.com\/product\/yoast-seo-wordpress\/ -->\n<title>Ringgriff 110 mm |EtnoArt| T\u00fcrgriffe und T\u00fcrklopfer<\/title>\n<meta name=\"description\" content=\"Handgeschmiedeter Ringgriff 110 mm f\u00fcr T\u00fcren, Tore oder Truhen. Klassisches Design aus Estland \u2013 vielseitig einsetzbar und stilvoll.\" \/>\n<meta name=\"robots\" content=\"index, follow, max-snippet:-1, max-image-preview:large, max-video-preview:-1\" \/>\n<link rel=\"canonical\" href=\"https:\/\/etnoart.eu\/de\/toode\/ringgriff-110-mm\/\" \/>\n<meta property=\"og:locale\" content=\"de_DE\" \/>\n<meta property=\"og:type\" content=\"article\" \/>\n<meta property=\"og:title\" content=\"Ringgriff 110 mm |EtnoArt| T\u00fcrgriffe und T\u00fcrklopfer\" \/>\n<meta property=\"og:description\" content=\"Handgeschmiedeter Ringgriff 110 mm f\u00fcr T\u00fcren, Tore oder Truhen. Klassisches Design aus Estland \u2013 vielseitig einsetzbar und stilvoll.\" \/>\n<meta property=\"og:url\" content=\"https:\/\/etnoart.eu\/de\/toode\/ringgriff-110-mm\/\" \/>\n<meta property=\"og:site_name\" content=\"Etnoart\" \/>\n<meta property=\"article:publisher\" content=\"https:\/\/www.facebook.com\/etnoart.handicraft.shop\" \/>\n<meta property=\"article:modified_time\" content=\"2025-04-05T17:54:30+00:00\" \/>\n<meta property=\"og:image\" content=\"https:\/\/etnoart.eu\/wp-content\/uploads\/2023\/06\/Rongaskaepide-110-mm.png\" \/>\n\t<meta property=\"og:image:width\" content=\"1054\" \/>\n\t<meta property=\"og:image:height\" content=\"1013\" \/>\n\t<meta property=\"og:image:type\" content=\"image\/png\" \/>\n<meta name=\"twitter:card\" content=\"summary_large_image\" \/>\n<meta name=\"twitter:label1\" content=\"Gesch\u00e4tzte Lesezeit\" \/>\n\t<meta name=\"twitter:data1\" content=\"2\u00a0Minuten\" \/>\n<script type=\"application\/ld+json\" class=\"yoast-schema-graph\">{\"@context\":\"https:\\\/\\\/schema.org\",\"@graph\":[{\"@type\":\"WebPage\",\"@id\":\"https:\\\/\\\/etnoart.eu\\\/de\\\/toode\\\/ringgriff-110-mm\\\/\",\"url\":\"https:\\\/\\\/etnoart.eu\\\/de\\\/toode\\\/ringgriff-110-mm\\\/\",\"name\":\"Ringgriff 110 mm |EtnoArt| T\u00fcrgriffe und T\u00fcrklopfer\",\"isPartOf\":{\"@id\":\"https:\\\/\\\/etnoart.eu\\\/#website\"},\"primaryImageOfPage\":{\"@id\":\"https:\\\/\\\/etnoart.eu\\\/de\\\/toode\\\/ringgriff-110-mm\\\/#primaryimage\"},\"image\":{\"@id\":\"https:\\\/\\\/etnoart.eu\\\/de\\\/toode\\\/ringgriff-110-mm\\\/#primaryimage\"},\"thumbnailUrl\":\"https:\\\/\\\/etnoart.eu\\\/wp-content\\\/uploads\\\/2023\\\/06\\\/Rongaskaepide-110-mm.png\",\"datePublished\":\"2023-06-08T08:54:55+00:00\",\"dateModified\":\"2025-04-05T17:54:30+00:00\",\"description\":\"Handgeschmiedeter Ringgriff 110 mm f\u00fcr T\u00fcren, Tore oder Truhen. Klassisches Design aus Estland \u2013 vielseitig einsetzbar und stilvoll.\",\"breadcrumb\":{\"@id\":\"https:\\\/\\\/etnoart.eu\\\/de\\\/toode\\\/ringgriff-110-mm\\\/#breadcrumb\"},\"inLanguage\":\"de\",\"potentialAction\":[{\"@type\":\"ReadAction\",\"target\":[\"https:\\\/\\\/etnoart.eu\\\/de\\\/toode\\\/ringgriff-110-mm\\\/\"]}]},{\"@type\":\"ImageObject\",\"inLanguage\":\"de\",\"@id\":\"https:\\\/\\\/etnoart.eu\\\/de\\\/toode\\\/ringgriff-110-mm\\\/#primaryimage\",\"url\":\"https:\\\/\\\/etnoart.eu\\\/wp-content\\\/uploads\\\/2023\\\/06\\\/Rongaskaepide-110-mm.png\",\"contentUrl\":\"https:\\\/\\\/etnoart.eu\\\/wp-content\\\/uploads\\\/2023\\\/06\\\/Rongaskaepide-110-mm.png\",\"width\":1054,\"height\":1013,\"caption\":\"Ringgriff 110 mm\"},{\"@type\":\"BreadcrumbList\",\"@id\":\"https:\\\/\\\/etnoart.eu\\\/de\\\/toode\\\/ringgriff-110-mm\\\/#breadcrumb\",\"itemListElement\":[{\"@type\":\"ListItem\",\"position\":1,\"name\":\"Home\",\"item\":\"https:\\\/\\\/etnoart.eu\\\/de\\\/\"},{\"@type\":\"ListItem\",\"position\":2,\"name\":\"Shop\",\"item\":\"https:\\\/\\\/etnoart.eu\\\/pood\\\/\"},{\"@type\":\"ListItem\",\"position\":3,\"name\":\"Ringgriff 110 mm\"}]},{\"@type\":\"WebSite\",\"@id\":\"https:\\\/\\\/etnoart.eu\\\/#website\",\"url\":\"https:\\\/\\\/etnoart.eu\\\/\",\"name\":\"Etnoart\",\"description\":\"K&auml;sit&ouml;&ouml;pood\",\"publisher\":{\"@id\":\"https:\\\/\\\/etnoart.eu\\\/#organization\"},\"potentialAction\":[{\"@type\":\"SearchAction\",\"target\":{\"@type\":\"EntryPoint\",\"urlTemplate\":\"https:\\\/\\\/etnoart.eu\\\/?s={search_term_string}\"},\"query-input\":{\"@type\":\"PropertyValueSpecification\",\"valueRequired\":true,\"valueName\":\"search_term_string\"}}],\"inLanguage\":\"de\"},{\"@type\":\"Organization\",\"@id\":\"https:\\\/\\\/etnoart.eu\\\/#organization\",\"name\":\"Etnoart O\u00dc\",\"url\":\"https:\\\/\\\/etnoart.eu\\\/\",\"logo\":{\"@type\":\"ImageObject\",\"inLanguage\":\"de\",\"@id\":\"https:\\\/\\\/etnoart.eu\\\/#\\\/schema\\\/logo\\\/image\\\/\",\"url\":\"https:\\\/\\\/etnoart.eu\\\/wp-content\\\/uploads\\\/2023\\\/06\\\/etnoart-logo.png\",\"contentUrl\":\"https:\\\/\\\/etnoart.eu\\\/wp-content\\\/uploads\\\/2023\\\/06\\\/etnoart-logo.png\",\"width\":491,\"height\":184,\"caption\":\"Etnoart O\u00dc\"},\"image\":{\"@id\":\"https:\\\/\\\/etnoart.eu\\\/#\\\/schema\\\/logo\\\/image\\\/\"},\"sameAs\":[\"https:\\\/\\\/www.facebook.com\\\/etnoart.handicraft.shop\"]}]}<\/script>\n<!-- \/ Yoast SEO plugin. -->","yoast_head_json":{"title":"Ringgriff 110 mm |EtnoArt| T\u00fcrgriffe und T\u00fcrklopfer","description":"Handgeschmiedeter Ringgriff 110 mm f\u00fcr T\u00fcren, Tore oder Truhen. Klassisches Design aus Estland \u2013 vielseitig einsetzbar und stilvoll.","robots":{"index":"index","follow":"follow","max-snippet":"max-snippet:-1","max-image-preview":"max-image-preview:large","max-video-preview":"max-video-preview:-1"},"canonical":"https:\/\/etnoart.eu\/de\/toode\/ringgriff-110-mm\/","og_locale":"de_DE","og_type":"article","og_title":"Ringgriff 110 mm |EtnoArt| T\u00fcrgriffe und T\u00fcrklopfer","og_description":"Handgeschmiedeter Ringgriff 110 mm f\u00fcr T\u00fcren, Tore oder Truhen. Klassisches Design aus Estland \u2013 vielseitig einsetzbar und stilvoll.","og_url":"https:\/\/etnoart.eu\/de\/toode\/ringgriff-110-mm\/","og_site_name":"Etnoart","article_publisher":"https:\/\/www.facebook.com\/etnoart.handicraft.shop","article_modified_time":"2025-04-05T17:54:30+00:00","og_image":[{"width":1054,"height":1013,"url":"https:\/\/etnoart.eu\/wp-content\/uploads\/2023\/06\/Rongaskaepide-110-mm.png","type":"image\/png"}],"twitter_card":"summary_large_image","twitter_misc":{"Gesch\u00e4tzte Lesezeit":"2\u00a0Minuten"},"schema":{"@context":"https:\/\/schema.org","@graph":[{"@type":"WebPage","@id":"https:\/\/etnoart.eu\/de\/toode\/ringgriff-110-mm\/","url":"https:\/\/etnoart.eu\/de\/toode\/ringgriff-110-mm\/","name":"Ringgriff 110 mm |EtnoArt| T\u00fcrgriffe und T\u00fcrklopfer","isPartOf":{"@id":"https:\/\/etnoart.eu\/#website"},"primaryImageOfPage":{"@id":"https:\/\/etnoart.eu\/de\/toode\/ringgriff-110-mm\/#primaryimage"},"image":{"@id":"https:\/\/etnoart.eu\/de\/toode\/ringgriff-110-mm\/#primaryimage"},"thumbnailUrl":"https:\/\/etnoart.eu\/wp-content\/uploads\/2023\/06\/Rongaskaepide-110-mm.png","datePublished":"2023-06-08T08:54:55+00:00","dateModified":"2025-04-05T17:54:30+00:00","description":"Handgeschmiedeter Ringgriff 110 mm f\u00fcr T\u00fcren, Tore oder Truhen. Klassisches Design aus Estland \u2013 vielseitig einsetzbar und stilvoll.","breadcrumb":{"@id":"https:\/\/etnoart.eu\/de\/toode\/ringgriff-110-mm\/#breadcrumb"},"inLanguage":"de","potentialAction":[{"@type":"ReadAction","target":["https:\/\/etnoart.eu\/de\/toode\/ringgriff-110-mm\/"]}]},{"@type":"ImageObject","inLanguage":"de","@id":"https:\/\/etnoart.eu\/de\/toode\/ringgriff-110-mm\/#primaryimage","url":"https:\/\/etnoart.eu\/wp-content\/uploads\/2023\/06\/Rongaskaepide-110-mm.png","contentUrl":"https:\/\/etnoart.eu\/wp-content\/uploads\/2023\/06\/Rongaskaepide-110-mm.png","width":1054,"height":1013,"caption":"Ringgriff 110 mm"},{"@type":"BreadcrumbList","@id":"https:\/\/etnoart.eu\/de\/toode\/ringgriff-110-mm\/#breadcrumb","itemListElement":[{"@type":"ListItem","position":1,"name":"Home","item":"https:\/\/etnoart.eu\/de\/"},{"@type":"ListItem","position":2,"name":"Shop","item":"https:\/\/etnoart.eu\/pood\/"},{"@type":"ListItem","position":3,"name":"Ringgriff 110 mm"}]},{"@type":"WebSite","@id":"https:\/\/etnoart.eu\/#website","url":"https:\/\/etnoart.eu\/","name":"Etnoart","description":"K&auml;sit&ouml;&ouml;pood","publisher":{"@id":"https:\/\/etnoart.eu\/#organization"},"potentialAction":[{"@type":"SearchAction","target":{"@type":"EntryPoint","urlTemplate":"https:\/\/etnoart.eu\/?s={search_term_string}"},"query-input":{"@type":"PropertyValueSpecification","valueRequired":true,"valueName":"search_term_string"}}],"inLanguage":"de"},{"@type":"Organization","@id":"https:\/\/etnoart.eu\/#organization","name":"Etnoart O\u00dc","url":"https:\/\/etnoart.eu\/","logo":{"@type":"ImageObject","inLanguage":"de","@id":"https:\/\/etnoart.eu\/#\/schema\/logo\/image\/","url":"https:\/\/etnoart.eu\/wp-content\/uploads\/2023\/06\/etnoart-logo.png","contentUrl":"https:\/\/etnoart.eu\/wp-content\/uploads\/2023\/06\/etnoart-logo.png","width":491,"height":184,"caption":"Etnoart O\u00dc"},"image":{"@id":"https:\/\/etnoart.eu\/#\/schema\/logo\/image\/"},"sameAs":["https:\/\/www.facebook.com\/etnoart.handicraft.shop"]}]}},"builder_content":"","_links":{"self":[{"href":"https:\/\/etnoart.eu\/de\/wp-json\/wp\/v2\/product\/5943","targetHints":{"allow":["GET"]}}],"collection":[{"href":"https:\/\/etnoart.eu\/de\/wp-json\/wp\/v2\/product"}],"about":[{"href":"https:\/\/etnoart.eu\/de\/wp-json\/wp\/v2\/types\/product"}],"wp:featuredmedia":[{"embeddable":true,"href":"https:\/\/etnoart.eu\/de\/wp-json\/wp\/v2\/media\/5944"}],"wp:attachment":[{"href":"https:\/\/etnoart.eu\/de\/wp-json\/wp\/v2\/media?parent=5943"}],"wp:term":[{"taxonomy":"product_brand","embeddable":true,"href":"https:\/\/etnoart.eu\/de\/wp-json\/wp\/v2\/product_brand?post=5943"},{"taxonomy":"product_cat","embeddable":true,"href":"https:\/\/etnoart.eu\/de\/wp-json\/wp\/v2\/product_cat?post=5943"},{"taxonomy":"product_tag","embeddable":true,"href":"https:\/\/etnoart.eu\/de\/wp-json\/wp\/v2\/product_tag?post=5943"}],"curies":[{"name":"wp","href":"https:\/\/api.w.org\/{rel}","templated":true}]}}