{"id":5935,"date":"2023-06-08T08:54:55","date_gmt":"2023-06-08T08:54:55","guid":{"rendered":"https:\/\/etnoart.eu\/toode\/rongaskaepide-80-mm\/"},"modified":"2025-04-05T17:24:07","modified_gmt":"2025-04-05T17:24:07","slug":"geschmiedeter-ringgriff-80-mm","status":"publish","type":"product","link":"https:\/\/etnoart.eu\/de\/toode\/geschmiedeter-ringgriff-80-mm\/","title":{"rendered":"Geschmiedeter Ringgriff 80 mm"},"content":{"rendered":"<p>Der Geschmiedeter Ringgriff 80 mm ist eine vielseitige L\u00f6sung f\u00fcr T\u00fcren, Tore oder sogar Kisten, die gelegentlich angehoben oder ge\u00f6ffnet werden m\u00fcssen. Dieses Produkt wird in Estland von Hand geschmiedet und vereint traditionelle Handwerkskunst mit robuster Funktionalit\u00e4t.<\/p>\n<p>Der Ringdurchmesser betr\u00e4gt 8 cm und die H\u00f6he 1,8 cm, was eine bequeme Handhabung in verschiedenen Einsatzbereichen erm\u00f6glicht \u2013 ob als T\u00fcrgriff, Torgriff oder als Zuggriff f\u00fcr Truhen.<\/p>\n<p>Der Griff ist klassisch geschw\u00e4rzt, was ihm ein zeitloses, rustikales Erscheinungsbild verleiht. Bitte beachten: Diese traditionelle Schwarzf\u00e4rbung bietet keinen dauerhaften Rostschutz im Au\u00dfenbereich oder bei hoher Feuchtigkeit. Eine regelm\u00e4\u00dfige Pflege und gegebenenfalls eine zus\u00e4tzliche Schutzbehandlung sind empfohlen.<\/p>\n<p>Neben seiner Funktionalit\u00e4t bringt dieser Griff auch \u00e4sthetischen Mehrwert \u2013 sein handgeschmiedetes Design verleiht jedem Objekt Charakter und eine besondere Note. Ideal f\u00fcr rustikale oder historische Umgebungen, aber auch als bewusster Stilbruch in modernen Settings.<\/p>\n<p>Wer einen robusten und optisch ansprechenden Handgriff sucht, wird mit dem Geschmiedeter Ringgriff 80 mm eine langlebige, stilvolle L\u00f6sung finden.<br \/>\n\ud83d\udc49 Auch in gr\u00f6\u00dferer Variante erh\u00e4ltlich: Ringgriff 110 mm<\/p>\n","protected":false},"excerpt":{"rendered":"<p>Geschmiedeter Ringgriff 80 mm \u2013 handgefertigt in Estland. Ideal f\u00fcr T\u00fcren, Tore &#038; Kisten. Klassisches Design mit traditioneller Schmiedekunst.<br \/>\n<strong>Gewicht:<\/strong> 0,2 kg<br \/>\n<strong>Produkth\u00f6he: <\/strong>1,8cm<br \/>\n<strong>innerer Durchmesser des Kreises:<\/strong> 8cm<br \/>\n<strong>Beschichtung\/Oberfl\u00e4che:<\/strong> Schwarzbrennen \u2013 Schw\u00e4rzen mit Lein\u00f6l<\/p>\n","protected":false},"featured_media":5936,"template":"","meta":[],"product_brand":[],"product_cat":[389],"product_tag":[],"class_list":{"0":"post-5935","1":"product","2":"type-product","3":"status-publish","4":"has-post-thumbnail","6":"product_cat-tuergriffe-und-tuerklopfer","7":"has-post-title","8":"has-post-date","9":"has-post-category","10":"has-post-tag","11":"has-post-comment","12":"has-post-author","13":"","15":"first","16":"instock","17":"taxable","18":"shipping-taxable","19":"purchasable","20":"product-type-simple"},"yoast_head":"<!-- This site is optimized with the Yoast SEO plugin v27.4 - https:\/\/yoast.com\/product\/yoast-seo-wordpress\/ -->\n<title>Geschmiedeter Ringgriff 80 mm |EtnoArt| T\u00fcrgriffe und T\u00fcrklopfer<\/title>\n<meta name=\"description\" content=\"Geschmiedeter Ringgriff 80 mm \u2013 handgefertigt in Estland. Ideal f\u00fcr T\u00fcren, Tore &amp; Kisten. Klassisches Design mit traditioneller Schmiedekunst.\" \/>\n<meta name=\"robots\" content=\"index, follow, max-snippet:-1, max-image-preview:large, max-video-preview:-1\" \/>\n<link rel=\"canonical\" href=\"https:\/\/etnoart.eu\/de\/toode\/geschmiedeter-ringgriff-80-mm\/\" \/>\n<meta property=\"og:locale\" content=\"de_DE\" \/>\n<meta property=\"og:type\" content=\"article\" \/>\n<meta property=\"og:title\" content=\"Geschmiedeter Ringgriff 80 mm |EtnoArt| T\u00fcrgriffe und T\u00fcrklopfer\" \/>\n<meta property=\"og:description\" content=\"Geschmiedeter Ringgriff 80 mm \u2013 handgefertigt in Estland. Ideal f\u00fcr T\u00fcren, Tore &amp; Kisten. Klassisches Design mit traditioneller Schmiedekunst.\" \/>\n<meta property=\"og:url\" content=\"https:\/\/etnoart.eu\/de\/toode\/geschmiedeter-ringgriff-80-mm\/\" \/>\n<meta property=\"og:site_name\" content=\"Etnoart\" \/>\n<meta property=\"article:publisher\" content=\"https:\/\/www.facebook.com\/etnoart.handicraft.shop\" \/>\n<meta property=\"article:modified_time\" content=\"2025-04-05T17:24:07+00:00\" \/>\n<meta property=\"og:image\" content=\"https:\/\/etnoart.eu\/wp-content\/uploads\/2023\/06\/Rongaskaepide-80-mm.png\" \/>\n\t<meta property=\"og:image:width\" content=\"1398\" \/>\n\t<meta property=\"og:image:height\" content=\"1288\" \/>\n\t<meta property=\"og:image:type\" content=\"image\/png\" \/>\n<meta name=\"twitter:card\" content=\"summary_large_image\" \/>\n<meta name=\"twitter:label1\" content=\"Gesch\u00e4tzte Lesezeit\" \/>\n\t<meta name=\"twitter:data1\" content=\"2\u00a0Minuten\" \/>\n<script type=\"application\/ld+json\" class=\"yoast-schema-graph\">{\"@context\":\"https:\\\/\\\/schema.org\",\"@graph\":[{\"@type\":\"WebPage\",\"@id\":\"https:\\\/\\\/etnoart.eu\\\/de\\\/toode\\\/geschmiedeter-ringgriff-80-mm\\\/\",\"url\":\"https:\\\/\\\/etnoart.eu\\\/de\\\/toode\\\/geschmiedeter-ringgriff-80-mm\\\/\",\"name\":\"Geschmiedeter Ringgriff 80 mm |EtnoArt| T\u00fcrgriffe und T\u00fcrklopfer\",\"isPartOf\":{\"@id\":\"https:\\\/\\\/etnoart.eu\\\/#website\"},\"primaryImageOfPage\":{\"@id\":\"https:\\\/\\\/etnoart.eu\\\/de\\\/toode\\\/geschmiedeter-ringgriff-80-mm\\\/#primaryimage\"},\"image\":{\"@id\":\"https:\\\/\\\/etnoart.eu\\\/de\\\/toode\\\/geschmiedeter-ringgriff-80-mm\\\/#primaryimage\"},\"thumbnailUrl\":\"https:\\\/\\\/etnoart.eu\\\/wp-content\\\/uploads\\\/2023\\\/06\\\/Rongaskaepide-80-mm.png\",\"datePublished\":\"2023-06-08T08:54:55+00:00\",\"dateModified\":\"2025-04-05T17:24:07+00:00\",\"description\":\"Geschmiedeter Ringgriff 80 mm \u2013 handgefertigt in Estland. Ideal f\u00fcr T\u00fcren, Tore & Kisten. Klassisches Design mit traditioneller Schmiedekunst.\",\"breadcrumb\":{\"@id\":\"https:\\\/\\\/etnoart.eu\\\/de\\\/toode\\\/geschmiedeter-ringgriff-80-mm\\\/#breadcrumb\"},\"inLanguage\":\"de\",\"potentialAction\":[{\"@type\":\"ReadAction\",\"target\":[\"https:\\\/\\\/etnoart.eu\\\/de\\\/toode\\\/geschmiedeter-ringgriff-80-mm\\\/\"]}]},{\"@type\":\"ImageObject\",\"inLanguage\":\"de\",\"@id\":\"https:\\\/\\\/etnoart.eu\\\/de\\\/toode\\\/geschmiedeter-ringgriff-80-mm\\\/#primaryimage\",\"url\":\"https:\\\/\\\/etnoart.eu\\\/wp-content\\\/uploads\\\/2023\\\/06\\\/Rongaskaepide-80-mm.png\",\"contentUrl\":\"https:\\\/\\\/etnoart.eu\\\/wp-content\\\/uploads\\\/2023\\\/06\\\/Rongaskaepide-80-mm.png\",\"width\":1398,\"height\":1288,\"caption\":\"Geschmiedeter Ringgriff 80 mm\"},{\"@type\":\"BreadcrumbList\",\"@id\":\"https:\\\/\\\/etnoart.eu\\\/de\\\/toode\\\/geschmiedeter-ringgriff-80-mm\\\/#breadcrumb\",\"itemListElement\":[{\"@type\":\"ListItem\",\"position\":1,\"name\":\"Home\",\"item\":\"https:\\\/\\\/etnoart.eu\\\/de\\\/\"},{\"@type\":\"ListItem\",\"position\":2,\"name\":\"Shop\",\"item\":\"https:\\\/\\\/etnoart.eu\\\/pood\\\/\"},{\"@type\":\"ListItem\",\"position\":3,\"name\":\"Geschmiedeter Ringgriff 80 mm\"}]},{\"@type\":\"WebSite\",\"@id\":\"https:\\\/\\\/etnoart.eu\\\/#website\",\"url\":\"https:\\\/\\\/etnoart.eu\\\/\",\"name\":\"Etnoart\",\"description\":\"K&auml;sit&ouml;&ouml;pood\",\"publisher\":{\"@id\":\"https:\\\/\\\/etnoart.eu\\\/#organization\"},\"potentialAction\":[{\"@type\":\"SearchAction\",\"target\":{\"@type\":\"EntryPoint\",\"urlTemplate\":\"https:\\\/\\\/etnoart.eu\\\/?s={search_term_string}\"},\"query-input\":{\"@type\":\"PropertyValueSpecification\",\"valueRequired\":true,\"valueName\":\"search_term_string\"}}],\"inLanguage\":\"de\"},{\"@type\":\"Organization\",\"@id\":\"https:\\\/\\\/etnoart.eu\\\/#organization\",\"name\":\"Etnoart O\u00dc\",\"url\":\"https:\\\/\\\/etnoart.eu\\\/\",\"logo\":{\"@type\":\"ImageObject\",\"inLanguage\":\"de\",\"@id\":\"https:\\\/\\\/etnoart.eu\\\/#\\\/schema\\\/logo\\\/image\\\/\",\"url\":\"https:\\\/\\\/etnoart.eu\\\/wp-content\\\/uploads\\\/2023\\\/06\\\/etnoart-logo.png\",\"contentUrl\":\"https:\\\/\\\/etnoart.eu\\\/wp-content\\\/uploads\\\/2023\\\/06\\\/etnoart-logo.png\",\"width\":491,\"height\":184,\"caption\":\"Etnoart O\u00dc\"},\"image\":{\"@id\":\"https:\\\/\\\/etnoart.eu\\\/#\\\/schema\\\/logo\\\/image\\\/\"},\"sameAs\":[\"https:\\\/\\\/www.facebook.com\\\/etnoart.handicraft.shop\"]}]}<\/script>\n<!-- \/ Yoast SEO plugin. -->","yoast_head_json":{"title":"Geschmiedeter Ringgriff 80 mm |EtnoArt| T\u00fcrgriffe und T\u00fcrklopfer","description":"Geschmiedeter Ringgriff 80 mm \u2013 handgefertigt in Estland. Ideal f\u00fcr T\u00fcren, Tore & Kisten. Klassisches Design mit traditioneller Schmiedekunst.","robots":{"index":"index","follow":"follow","max-snippet":"max-snippet:-1","max-image-preview":"max-image-preview:large","max-video-preview":"max-video-preview:-1"},"canonical":"https:\/\/etnoart.eu\/de\/toode\/geschmiedeter-ringgriff-80-mm\/","og_locale":"de_DE","og_type":"article","og_title":"Geschmiedeter Ringgriff 80 mm |EtnoArt| T\u00fcrgriffe und T\u00fcrklopfer","og_description":"Geschmiedeter Ringgriff 80 mm \u2013 handgefertigt in Estland. Ideal f\u00fcr T\u00fcren, Tore & Kisten. Klassisches Design mit traditioneller Schmiedekunst.","og_url":"https:\/\/etnoart.eu\/de\/toode\/geschmiedeter-ringgriff-80-mm\/","og_site_name":"Etnoart","article_publisher":"https:\/\/www.facebook.com\/etnoart.handicraft.shop","article_modified_time":"2025-04-05T17:24:07+00:00","og_image":[{"width":1398,"height":1288,"url":"https:\/\/etnoart.eu\/wp-content\/uploads\/2023\/06\/Rongaskaepide-80-mm.png","type":"image\/png"}],"twitter_card":"summary_large_image","twitter_misc":{"Gesch\u00e4tzte Lesezeit":"2\u00a0Minuten"},"schema":{"@context":"https:\/\/schema.org","@graph":[{"@type":"WebPage","@id":"https:\/\/etnoart.eu\/de\/toode\/geschmiedeter-ringgriff-80-mm\/","url":"https:\/\/etnoart.eu\/de\/toode\/geschmiedeter-ringgriff-80-mm\/","name":"Geschmiedeter Ringgriff 80 mm |EtnoArt| T\u00fcrgriffe und T\u00fcrklopfer","isPartOf":{"@id":"https:\/\/etnoart.eu\/#website"},"primaryImageOfPage":{"@id":"https:\/\/etnoart.eu\/de\/toode\/geschmiedeter-ringgriff-80-mm\/#primaryimage"},"image":{"@id":"https:\/\/etnoart.eu\/de\/toode\/geschmiedeter-ringgriff-80-mm\/#primaryimage"},"thumbnailUrl":"https:\/\/etnoart.eu\/wp-content\/uploads\/2023\/06\/Rongaskaepide-80-mm.png","datePublished":"2023-06-08T08:54:55+00:00","dateModified":"2025-04-05T17:24:07+00:00","description":"Geschmiedeter Ringgriff 80 mm \u2013 handgefertigt in Estland. Ideal f\u00fcr T\u00fcren, Tore & Kisten. Klassisches Design mit traditioneller Schmiedekunst.","breadcrumb":{"@id":"https:\/\/etnoart.eu\/de\/toode\/geschmiedeter-ringgriff-80-mm\/#breadcrumb"},"inLanguage":"de","potentialAction":[{"@type":"ReadAction","target":["https:\/\/etnoart.eu\/de\/toode\/geschmiedeter-ringgriff-80-mm\/"]}]},{"@type":"ImageObject","inLanguage":"de","@id":"https:\/\/etnoart.eu\/de\/toode\/geschmiedeter-ringgriff-80-mm\/#primaryimage","url":"https:\/\/etnoart.eu\/wp-content\/uploads\/2023\/06\/Rongaskaepide-80-mm.png","contentUrl":"https:\/\/etnoart.eu\/wp-content\/uploads\/2023\/06\/Rongaskaepide-80-mm.png","width":1398,"height":1288,"caption":"Geschmiedeter Ringgriff 80 mm"},{"@type":"BreadcrumbList","@id":"https:\/\/etnoart.eu\/de\/toode\/geschmiedeter-ringgriff-80-mm\/#breadcrumb","itemListElement":[{"@type":"ListItem","position":1,"name":"Home","item":"https:\/\/etnoart.eu\/de\/"},{"@type":"ListItem","position":2,"name":"Shop","item":"https:\/\/etnoart.eu\/pood\/"},{"@type":"ListItem","position":3,"name":"Geschmiedeter Ringgriff 80 mm"}]},{"@type":"WebSite","@id":"https:\/\/etnoart.eu\/#website","url":"https:\/\/etnoart.eu\/","name":"Etnoart","description":"K&auml;sit&ouml;&ouml;pood","publisher":{"@id":"https:\/\/etnoart.eu\/#organization"},"potentialAction":[{"@type":"SearchAction","target":{"@type":"EntryPoint","urlTemplate":"https:\/\/etnoart.eu\/?s={search_term_string}"},"query-input":{"@type":"PropertyValueSpecification","valueRequired":true,"valueName":"search_term_string"}}],"inLanguage":"de"},{"@type":"Organization","@id":"https:\/\/etnoart.eu\/#organization","name":"Etnoart O\u00dc","url":"https:\/\/etnoart.eu\/","logo":{"@type":"ImageObject","inLanguage":"de","@id":"https:\/\/etnoart.eu\/#\/schema\/logo\/image\/","url":"https:\/\/etnoart.eu\/wp-content\/uploads\/2023\/06\/etnoart-logo.png","contentUrl":"https:\/\/etnoart.eu\/wp-content\/uploads\/2023\/06\/etnoart-logo.png","width":491,"height":184,"caption":"Etnoart O\u00dc"},"image":{"@id":"https:\/\/etnoart.eu\/#\/schema\/logo\/image\/"},"sameAs":["https:\/\/www.facebook.com\/etnoart.handicraft.shop"]}]}},"builder_content":"","_links":{"self":[{"href":"https:\/\/etnoart.eu\/de\/wp-json\/wp\/v2\/product\/5935","targetHints":{"allow":["GET"]}}],"collection":[{"href":"https:\/\/etnoart.eu\/de\/wp-json\/wp\/v2\/product"}],"about":[{"href":"https:\/\/etnoart.eu\/de\/wp-json\/wp\/v2\/types\/product"}],"wp:featuredmedia":[{"embeddable":true,"href":"https:\/\/etnoart.eu\/de\/wp-json\/wp\/v2\/media\/5936"}],"wp:attachment":[{"href":"https:\/\/etnoart.eu\/de\/wp-json\/wp\/v2\/media?parent=5935"}],"wp:term":[{"taxonomy":"product_brand","embeddable":true,"href":"https:\/\/etnoart.eu\/de\/wp-json\/wp\/v2\/product_brand?post=5935"},{"taxonomy":"product_cat","embeddable":true,"href":"https:\/\/etnoart.eu\/de\/wp-json\/wp\/v2\/product_cat?post=5935"},{"taxonomy":"product_tag","embeddable":true,"href":"https:\/\/etnoart.eu\/de\/wp-json\/wp\/v2\/product_tag?post=5935"}],"curies":[{"name":"wp","href":"https:\/\/api.w.org\/{rel}","templated":true}]}}