{"id":5927,"date":"2023-06-08T08:54:55","date_gmt":"2023-06-08T08:54:55","guid":{"rendered":"https:\/\/etnoart.eu\/toode\/sepistatud-kaepide-25cm\/"},"modified":"2025-04-05T16:58:49","modified_gmt":"2025-04-05T16:58:49","slug":"geschmiedeter-tuergriff-25cm","status":"publish","type":"product","link":"https:\/\/etnoart.eu\/de\/toode\/geschmiedeter-tuergriff-25cm\/","title":{"rendered":"Geschmiedeter T\u00fcrgriff 25cm"},"content":{"rendered":"<p>Der <strong>Geschmiedeter T\u00fcrgriff 25cm<\/strong> vereint klassische Handwerkskunst mit schlichter Eleganz. Inspiriert von traditioneller Schmiedetechnik, bringt dieser Griff zeitlose Sch\u00f6nheit und authentisches Handwerk an jede T\u00fcr oder jedes Tor \u2013 ob modern oder rustikal.<\/p>\n<p>Mit einer L\u00e4nge von 25 cm bietet der Griff einen angenehmen und sicheren Halt, ideal f\u00fcr den t\u00e4glichen Gebrauch. Die Gr\u00f6\u00dfe ist funktional und dabei auff\u00e4llig genug, um als gestalterisches Element zu wirken. Die Montage erfolgt einfach und stabil mit zwei Schrauben (nicht im Lieferumfang enthalten).<\/p>\n<p>Passend zum Design ist der T\u00fcrgriff auch in 16 cm und 20 cm erh\u00e4ltlich \u2013 perfekt f\u00fcr die Abstimmung mit T\u00fcren und Toren verschiedener Gr\u00f6\u00dfen und zur Wahrung eines harmonischen Gesamtbilds.<\/p>\n<p>Hergestellt aus robustem Eisen und mit einer schwarzen Pulverbeschichtung versehen, ist der Griff wetterfest und rostbest\u00e4ndig. Er trotzt Sonne, Regen und Wind \u2013 ideal f\u00fcr den Au\u00dfen- und Innenbereich.<\/p>\n<p>Wenn Sie nach einem langlebigen, stilvollen T\u00fcrgriff suchen, der Tradition und Funktion vereint, ist dieser Geschmiedeter T\u00fcrgriff 25cm die perfekte Wahl.<\/p>\n","protected":false},"excerpt":{"rendered":"<p>Geschmiedeter T\u00fcrgriff 25cm \u2013 schwarzer Eisen-Torgriff, wetterfest &#038; langlebig. Klassisches Design, auch in 16cm und 20cm erh\u00e4ltlich.<br \/>\n<strong>Gewicht:<\/strong> 0,3 kg<br \/>\n<strong>Produkth\u00f6he:<\/strong> 6cm<br \/>\n<strong>Breite des Produkts:<\/strong> 25cm<br \/>\n<strong>Beschichtung\/Oberfl\u00e4che:<\/strong> Lackiert+Zn. Das Produkt ist lackiert und verzinkt.<\/p>\n","protected":false},"featured_media":5928,"template":"","meta":[],"product_brand":[],"product_cat":[389],"product_tag":[],"class_list":{"0":"post-5927","1":"product","2":"type-product","3":"status-publish","4":"has-post-thumbnail","6":"product_cat-tuergriffe-und-tuerklopfer","7":"has-post-title","8":"has-post-date","9":"has-post-category","10":"has-post-tag","11":"has-post-comment","12":"has-post-author","13":"","15":"first","16":"instock","17":"taxable","18":"shipping-taxable","19":"purchasable","20":"product-type-simple"},"yoast_head":"<!-- This site is optimized with the Yoast SEO plugin v27.3 - https:\/\/yoast.com\/product\/yoast-seo-wordpress\/ -->\n<title>Geschmiedeter T\u00fcrgriff 25cm |EtnoArt| T\u00fcrgriffe und T\u00fcrklopfer<\/title>\n<meta name=\"description\" content=\"Geschmiedeter T\u00fcrgriff 25cm \u2013 schwarzer Eisen-Torgriff, wetterfest &amp; langlebig. Klassisches Design, auch in 16cm und 20cm erh\u00e4ltlich.\" \/>\n<meta name=\"robots\" content=\"index, follow, max-snippet:-1, max-image-preview:large, max-video-preview:-1\" \/>\n<link rel=\"canonical\" href=\"https:\/\/etnoart.eu\/de\/toode\/geschmiedeter-tuergriff-25cm\/\" \/>\n<meta property=\"og:locale\" content=\"de_DE\" \/>\n<meta property=\"og:type\" content=\"article\" \/>\n<meta property=\"og:title\" content=\"Geschmiedeter T\u00fcrgriff 25cm |EtnoArt| T\u00fcrgriffe und T\u00fcrklopfer\" \/>\n<meta property=\"og:description\" content=\"Geschmiedeter T\u00fcrgriff 25cm \u2013 schwarzer Eisen-Torgriff, wetterfest &amp; langlebig. Klassisches Design, auch in 16cm und 20cm erh\u00e4ltlich.\" \/>\n<meta property=\"og:url\" content=\"https:\/\/etnoart.eu\/de\/toode\/geschmiedeter-tuergriff-25cm\/\" \/>\n<meta property=\"og:site_name\" content=\"Etnoart\" \/>\n<meta property=\"article:publisher\" content=\"https:\/\/www.facebook.com\/etnoart.handicraft.shop\" \/>\n<meta property=\"article:modified_time\" content=\"2025-04-05T16:58:49+00:00\" \/>\n<meta property=\"og:image\" content=\"https:\/\/etnoart.eu\/wp-content\/uploads\/2023\/06\/Sepistatud-Kaepide-25cm.png\" \/>\n\t<meta property=\"og:image:width\" content=\"1260\" \/>\n\t<meta property=\"og:image:height\" content=\"1260\" \/>\n\t<meta property=\"og:image:type\" content=\"image\/png\" \/>\n<meta name=\"twitter:card\" content=\"summary_large_image\" \/>\n<meta name=\"twitter:label1\" content=\"Gesch\u00e4tzte Lesezeit\" \/>\n\t<meta name=\"twitter:data1\" content=\"2\u00a0Minuten\" \/>\n<script type=\"application\/ld+json\" class=\"yoast-schema-graph\">{\"@context\":\"https:\\\/\\\/schema.org\",\"@graph\":[{\"@type\":\"WebPage\",\"@id\":\"https:\\\/\\\/etnoart.eu\\\/de\\\/toode\\\/geschmiedeter-tuergriff-25cm\\\/\",\"url\":\"https:\\\/\\\/etnoart.eu\\\/de\\\/toode\\\/geschmiedeter-tuergriff-25cm\\\/\",\"name\":\"Geschmiedeter T\u00fcrgriff 25cm |EtnoArt| T\u00fcrgriffe und T\u00fcrklopfer\",\"isPartOf\":{\"@id\":\"https:\\\/\\\/etnoart.eu\\\/#website\"},\"primaryImageOfPage\":{\"@id\":\"https:\\\/\\\/etnoart.eu\\\/de\\\/toode\\\/geschmiedeter-tuergriff-25cm\\\/#primaryimage\"},\"image\":{\"@id\":\"https:\\\/\\\/etnoart.eu\\\/de\\\/toode\\\/geschmiedeter-tuergriff-25cm\\\/#primaryimage\"},\"thumbnailUrl\":\"https:\\\/\\\/etnoart.eu\\\/wp-content\\\/uploads\\\/2023\\\/06\\\/Sepistatud-Kaepide-25cm.png\",\"datePublished\":\"2023-06-08T08:54:55+00:00\",\"dateModified\":\"2025-04-05T16:58:49+00:00\",\"description\":\"Geschmiedeter T\u00fcrgriff 25cm \u2013 schwarzer Eisen-Torgriff, wetterfest & langlebig. Klassisches Design, auch in 16cm und 20cm erh\u00e4ltlich.\",\"breadcrumb\":{\"@id\":\"https:\\\/\\\/etnoart.eu\\\/de\\\/toode\\\/geschmiedeter-tuergriff-25cm\\\/#breadcrumb\"},\"inLanguage\":\"de\",\"potentialAction\":[{\"@type\":\"ReadAction\",\"target\":[\"https:\\\/\\\/etnoart.eu\\\/de\\\/toode\\\/geschmiedeter-tuergriff-25cm\\\/\"]}]},{\"@type\":\"ImageObject\",\"inLanguage\":\"de\",\"@id\":\"https:\\\/\\\/etnoart.eu\\\/de\\\/toode\\\/geschmiedeter-tuergriff-25cm\\\/#primaryimage\",\"url\":\"https:\\\/\\\/etnoart.eu\\\/wp-content\\\/uploads\\\/2023\\\/06\\\/Sepistatud-Kaepide-25cm.png\",\"contentUrl\":\"https:\\\/\\\/etnoart.eu\\\/wp-content\\\/uploads\\\/2023\\\/06\\\/Sepistatud-Kaepide-25cm.png\",\"width\":1260,\"height\":1260,\"caption\":\"Geschmiedeter T\u00fcrgriff 25cm\"},{\"@type\":\"BreadcrumbList\",\"@id\":\"https:\\\/\\\/etnoart.eu\\\/de\\\/toode\\\/geschmiedeter-tuergriff-25cm\\\/#breadcrumb\",\"itemListElement\":[{\"@type\":\"ListItem\",\"position\":1,\"name\":\"Home\",\"item\":\"https:\\\/\\\/etnoart.eu\\\/de\\\/\"},{\"@type\":\"ListItem\",\"position\":2,\"name\":\"Shop\",\"item\":\"https:\\\/\\\/etnoart.eu\\\/pood\\\/\"},{\"@type\":\"ListItem\",\"position\":3,\"name\":\"Geschmiedeter T\u00fcrgriff 25cm\"}]},{\"@type\":\"WebSite\",\"@id\":\"https:\\\/\\\/etnoart.eu\\\/#website\",\"url\":\"https:\\\/\\\/etnoart.eu\\\/\",\"name\":\"Etnoart\",\"description\":\"K&auml;sit&ouml;&ouml;pood\",\"publisher\":{\"@id\":\"https:\\\/\\\/etnoart.eu\\\/#organization\"},\"potentialAction\":[{\"@type\":\"SearchAction\",\"target\":{\"@type\":\"EntryPoint\",\"urlTemplate\":\"https:\\\/\\\/etnoart.eu\\\/?s={search_term_string}\"},\"query-input\":{\"@type\":\"PropertyValueSpecification\",\"valueRequired\":true,\"valueName\":\"search_term_string\"}}],\"inLanguage\":\"de\"},{\"@type\":\"Organization\",\"@id\":\"https:\\\/\\\/etnoart.eu\\\/#organization\",\"name\":\"Etnoart O\u00dc\",\"url\":\"https:\\\/\\\/etnoart.eu\\\/\",\"logo\":{\"@type\":\"ImageObject\",\"inLanguage\":\"de\",\"@id\":\"https:\\\/\\\/etnoart.eu\\\/#\\\/schema\\\/logo\\\/image\\\/\",\"url\":\"https:\\\/\\\/etnoart.eu\\\/wp-content\\\/uploads\\\/2023\\\/06\\\/etnoart-logo.png\",\"contentUrl\":\"https:\\\/\\\/etnoart.eu\\\/wp-content\\\/uploads\\\/2023\\\/06\\\/etnoart-logo.png\",\"width\":491,\"height\":184,\"caption\":\"Etnoart O\u00dc\"},\"image\":{\"@id\":\"https:\\\/\\\/etnoart.eu\\\/#\\\/schema\\\/logo\\\/image\\\/\"},\"sameAs\":[\"https:\\\/\\\/www.facebook.com\\\/etnoart.handicraft.shop\"]}]}<\/script>\n<!-- \/ Yoast SEO plugin. -->","yoast_head_json":{"title":"Geschmiedeter T\u00fcrgriff 25cm |EtnoArt| T\u00fcrgriffe und T\u00fcrklopfer","description":"Geschmiedeter T\u00fcrgriff 25cm \u2013 schwarzer Eisen-Torgriff, wetterfest & langlebig. Klassisches Design, auch in 16cm und 20cm erh\u00e4ltlich.","robots":{"index":"index","follow":"follow","max-snippet":"max-snippet:-1","max-image-preview":"max-image-preview:large","max-video-preview":"max-video-preview:-1"},"canonical":"https:\/\/etnoart.eu\/de\/toode\/geschmiedeter-tuergriff-25cm\/","og_locale":"de_DE","og_type":"article","og_title":"Geschmiedeter T\u00fcrgriff 25cm |EtnoArt| T\u00fcrgriffe und T\u00fcrklopfer","og_description":"Geschmiedeter T\u00fcrgriff 25cm \u2013 schwarzer Eisen-Torgriff, wetterfest & langlebig. Klassisches Design, auch in 16cm und 20cm erh\u00e4ltlich.","og_url":"https:\/\/etnoart.eu\/de\/toode\/geschmiedeter-tuergriff-25cm\/","og_site_name":"Etnoart","article_publisher":"https:\/\/www.facebook.com\/etnoart.handicraft.shop","article_modified_time":"2025-04-05T16:58:49+00:00","og_image":[{"width":1260,"height":1260,"url":"https:\/\/etnoart.eu\/wp-content\/uploads\/2023\/06\/Sepistatud-Kaepide-25cm.png","type":"image\/png"}],"twitter_card":"summary_large_image","twitter_misc":{"Gesch\u00e4tzte Lesezeit":"2\u00a0Minuten"},"schema":{"@context":"https:\/\/schema.org","@graph":[{"@type":"WebPage","@id":"https:\/\/etnoart.eu\/de\/toode\/geschmiedeter-tuergriff-25cm\/","url":"https:\/\/etnoart.eu\/de\/toode\/geschmiedeter-tuergriff-25cm\/","name":"Geschmiedeter T\u00fcrgriff 25cm |EtnoArt| T\u00fcrgriffe und T\u00fcrklopfer","isPartOf":{"@id":"https:\/\/etnoart.eu\/#website"},"primaryImageOfPage":{"@id":"https:\/\/etnoart.eu\/de\/toode\/geschmiedeter-tuergriff-25cm\/#primaryimage"},"image":{"@id":"https:\/\/etnoart.eu\/de\/toode\/geschmiedeter-tuergriff-25cm\/#primaryimage"},"thumbnailUrl":"https:\/\/etnoart.eu\/wp-content\/uploads\/2023\/06\/Sepistatud-Kaepide-25cm.png","datePublished":"2023-06-08T08:54:55+00:00","dateModified":"2025-04-05T16:58:49+00:00","description":"Geschmiedeter T\u00fcrgriff 25cm \u2013 schwarzer Eisen-Torgriff, wetterfest & langlebig. Klassisches Design, auch in 16cm und 20cm erh\u00e4ltlich.","breadcrumb":{"@id":"https:\/\/etnoart.eu\/de\/toode\/geschmiedeter-tuergriff-25cm\/#breadcrumb"},"inLanguage":"de","potentialAction":[{"@type":"ReadAction","target":["https:\/\/etnoart.eu\/de\/toode\/geschmiedeter-tuergriff-25cm\/"]}]},{"@type":"ImageObject","inLanguage":"de","@id":"https:\/\/etnoart.eu\/de\/toode\/geschmiedeter-tuergriff-25cm\/#primaryimage","url":"https:\/\/etnoart.eu\/wp-content\/uploads\/2023\/06\/Sepistatud-Kaepide-25cm.png","contentUrl":"https:\/\/etnoart.eu\/wp-content\/uploads\/2023\/06\/Sepistatud-Kaepide-25cm.png","width":1260,"height":1260,"caption":"Geschmiedeter T\u00fcrgriff 25cm"},{"@type":"BreadcrumbList","@id":"https:\/\/etnoart.eu\/de\/toode\/geschmiedeter-tuergriff-25cm\/#breadcrumb","itemListElement":[{"@type":"ListItem","position":1,"name":"Home","item":"https:\/\/etnoart.eu\/de\/"},{"@type":"ListItem","position":2,"name":"Shop","item":"https:\/\/etnoart.eu\/pood\/"},{"@type":"ListItem","position":3,"name":"Geschmiedeter T\u00fcrgriff 25cm"}]},{"@type":"WebSite","@id":"https:\/\/etnoart.eu\/#website","url":"https:\/\/etnoart.eu\/","name":"Etnoart","description":"K&auml;sit&ouml;&ouml;pood","publisher":{"@id":"https:\/\/etnoart.eu\/#organization"},"potentialAction":[{"@type":"SearchAction","target":{"@type":"EntryPoint","urlTemplate":"https:\/\/etnoart.eu\/?s={search_term_string}"},"query-input":{"@type":"PropertyValueSpecification","valueRequired":true,"valueName":"search_term_string"}}],"inLanguage":"de"},{"@type":"Organization","@id":"https:\/\/etnoart.eu\/#organization","name":"Etnoart O\u00dc","url":"https:\/\/etnoart.eu\/","logo":{"@type":"ImageObject","inLanguage":"de","@id":"https:\/\/etnoart.eu\/#\/schema\/logo\/image\/","url":"https:\/\/etnoart.eu\/wp-content\/uploads\/2023\/06\/etnoart-logo.png","contentUrl":"https:\/\/etnoart.eu\/wp-content\/uploads\/2023\/06\/etnoart-logo.png","width":491,"height":184,"caption":"Etnoart O\u00dc"},"image":{"@id":"https:\/\/etnoart.eu\/#\/schema\/logo\/image\/"},"sameAs":["https:\/\/www.facebook.com\/etnoart.handicraft.shop"]}]}},"builder_content":"","_links":{"self":[{"href":"https:\/\/etnoart.eu\/de\/wp-json\/wp\/v2\/product\/5927","targetHints":{"allow":["GET"]}}],"collection":[{"href":"https:\/\/etnoart.eu\/de\/wp-json\/wp\/v2\/product"}],"about":[{"href":"https:\/\/etnoart.eu\/de\/wp-json\/wp\/v2\/types\/product"}],"wp:featuredmedia":[{"embeddable":true,"href":"https:\/\/etnoart.eu\/de\/wp-json\/wp\/v2\/media\/5928"}],"wp:attachment":[{"href":"https:\/\/etnoart.eu\/de\/wp-json\/wp\/v2\/media?parent=5927"}],"wp:term":[{"taxonomy":"product_brand","embeddable":true,"href":"https:\/\/etnoart.eu\/de\/wp-json\/wp\/v2\/product_brand?post=5927"},{"taxonomy":"product_cat","embeddable":true,"href":"https:\/\/etnoart.eu\/de\/wp-json\/wp\/v2\/product_cat?post=5927"},{"taxonomy":"product_tag","embeddable":true,"href":"https:\/\/etnoart.eu\/de\/wp-json\/wp\/v2\/product_tag?post=5927"}],"curies":[{"name":"wp","href":"https:\/\/api.w.org\/{rel}","templated":true}]}}